{"id":221781,"date":"2017-08-22T15:06:29","date_gmt":"2017-08-22T13:06:29","guid":{"rendered":"https:\/\/feetuphostels.com\/politica-de-privacidade\/"},"modified":"2024-11-07T20:56:26","modified_gmt":"2024-11-07T19:56:26","slug":"politica-de-privacidade","status":"publish","type":"page","link":"https:\/\/feetuphostels.com\/pt-pt\/politica-de-privacidade\/","title":{"rendered":"Pol\u00edtica de privacidade"},"content":{"rendered":"\n<h1 class=\"wp-block-heading has-text-align-center\" id=\"h-privacy-policy\">Pol\u00edtica de privacidade<\/h1>\n\n<h2 class=\"wp-block-heading\" id=\"h-1-who-is-responsible-for-processing-your-data\">1. Quem \u00e9 respons\u00e1vel pelo tratamento dos seus dados?<\/h2>\n\n<ul class=\"wp-block-list\">\n<li>A sua denomina\u00e7\u00e3o social \u00e9: BOOKING HOSTELS S.L.<\/li>\n\n\n\n<li>CIF\/NIF\/NIE \u00e9: B98157274<\/li>\n\n\n\n<li>A sua sede social situa-se em: C\/ RODRIGUEZ DE CEPEDA N\u00ba 35 &#8211; 46021 VALENCIA.<\/li>\n\n\n\n<li>Telefone: +34 963 28 55 15<\/li>\n\n\n\n<li>Email:\u00a0<a href=\"mailto:info@feetuphostels.com\">info@feetuphostels.com<\/a><\/li>\n<\/ul>\n\n<h2 class=\"wp-block-heading\" id=\"h-2-what-kind-of-data-do-we-have-about-you-and-how-did-we-obtain-it\">2. Que tipo de dados temos sobre si e como os obtivemos?<\/h2>\n\n<p>As categorias de dados pessoais que processamos sobre clientes e fornecedores s\u00e3o:<\/p>\n\n<ul class=\"wp-block-list\">\n<li>I. Dados de identifica\u00e7\u00e3o<\/li>\n\n\n\n<li>II. Endere\u00e7os postais ou electr\u00f3nicos<\/li>\n\n\n\n<li>III. Informa\u00e7\u00f5es comerciais<\/li>\n\n\n\n<li>IV. Dados econ\u00f3micos e de transac\u00e7\u00f5es<\/li>\n\n\n\n<li>V. Dados de navega\u00e7\u00e3o<\/li>\n\n\n\n<li>VI. Dados especialmente protegidos: sa\u00fade, no caso dos trabalhadores<\/li>\n\n\n\n<li>VII. Imagem\/voz<\/li>\n\n\n\n<li>VIII. Dados de geolocaliza\u00e7\u00e3o<\/li>\n\n\n\n<li>IX. Dados biom\u00e9tricos<\/li>\n<\/ul>\n\n<p>Obtivemos todos os dados acima mencionados diretamente de si, atrav\u00e9s da apresenta\u00e7\u00e3o de uma oferta comercial, proposta contratual, etc., ou atrav\u00e9s da sua empresa, fornecendo-nos os dados de identifica\u00e7\u00e3o e outras informa\u00e7\u00f5es necess\u00e1rias para realizar o objeto da rela\u00e7\u00e3o contratual entre as partes. Ser\u00e1 uma obriga\u00e7\u00e3o sua ou da sua empresa fornecer-nos os dados actualizados em caso de modifica\u00e7\u00e3o.<\/p>\n\n<h2 class=\"wp-block-heading\" id=\"h-3-for-what-purpose-do-we-process-your-data\">3. Com que finalidade tratamos os seus dados?<\/h2>\n\n<p>Tratamos os dados fornecidos pelas pessoas interessadas com o objetivo de gerir diferentes actividades derivadas de procedimentos espec\u00edficos realizados em termos de vendas, servi\u00e7o p\u00f3s-venda, gest\u00e3o de fornecedores, qualidade dos servi\u00e7os, etc. Desta forma, utilizaremos os seus dados para realizar qualquer uma das seguintes ac\u00e7\u00f5es:<\/p>\n\n<ul class=\"wp-block-list\">\n<li>I. Presta\u00e7\u00e3o dos servi\u00e7os solicitados ou entrega do produto adquirido.<\/li>\n\n\n\n<li>II. Envio das informa\u00e7\u00f5es solicitadas atrav\u00e9s do <a href=\"https:\/\/feetuphostels.com\/customer\/contact\/\">formul\u00e1rio de contacto<\/a> do nosso site ou de qualquer outro meio de contacto com a nossa empresa<\/li>\n\n\n\n<li>III. Proporcionar aos potenciais clientes e aos nossos clientes ofertas de produtos e servi\u00e7os de interesse<\/li>\n\n\n\n<li>IV. Efetuar a gest\u00e3o administrativa, fiscal e contabil\u00edstica dos nossos clientes e\/ou fornecedores<\/li>\n\n\n\n<li>V. Realizar inqu\u00e9ritos de satisfa\u00e7\u00e3o, estudos de mercado, etc., a fim de lhe poder oferecer as ofertas mais adequadas e uma qualidade de servi\u00e7o optimizada, etc.<\/li>\n\n\n\n<li>VI. Gest\u00e3o do trabalho dos trabalhadores.<\/li>\n<\/ul>\n\n<h2 class=\"wp-block-heading\" id=\"h-4-how-long-will-we-keep-your-data\">4. Durante quanto tempo conservaremos os seus dados?<\/h2>\n\n<p>Os dados pessoais relativos a pessoas singulares ligadas a potenciais clientes, clientes e fornecedores que recolhemos atrav\u00e9s dos diferentes formul\u00e1rios de contacto e\/ou recolha de informa\u00e7\u00f5es (incluindo os dados recolhidos atrav\u00e9s de cookies, se aplic\u00e1vel) ser\u00e3o conservados enquanto as suas informa\u00e7\u00f5es n\u00e3o forem solicitadas.<\/p>\n\n<h3 class=\"wp-block-heading\">Supress\u00e3o pela parte interessada.<\/h3>\n\n<p>Os dados fornecidos pelos nossos clientes e fornecedores ser\u00e3o conservados enquanto se mantiver a rela\u00e7\u00e3o comercial entre as partes, respeitando, em qualquer caso, os prazos m\u00ednimos legais de conserva\u00e7\u00e3o em fun\u00e7\u00e3o da mat\u00e9ria.<\/p>\n\n<p>Os dados dos trabalhadores ser\u00e3o conservados enquanto se mantiver a rela\u00e7\u00e3o de trabalho e, em qualquer caso, de acordo com o que a legisla\u00e7\u00e3o laboral prescreve para o efeito.<\/p>\n\n<p>No caso das imagens obtidas pelo sistema de videovigil\u00e2ncia, o prazo de conserva\u00e7\u00e3o das mesmas ser\u00e1 de 1 m\u00eas, de acordo com o disposto no artigo 22.3 da LOPDGDD, exceto se tiverem de ser conservadas para entrega \u00e0s autoridades competentes. <\/p>\n\n<p>Em qualquer caso, conservaremos os seus dados pessoais durante o per\u00edodo de tempo que for razoavelmente necess\u00e1rio, tendo em conta as nossas necessidades para responder a quest\u00f5es que surjam ou resolver problemas, efetuar melhorias, ativar novos servi\u00e7os e cumprir os requisitos exigidos pela legisla\u00e7\u00e3o aplic\u00e1vel.<\/p>\n\n<p>Isto significa que podemos conservar os seus dados pessoais durante um per\u00edodo de tempo razo\u00e1vel, mesmo depois de ter deixado de utilizar os nossos produtos ou de ter deixado de utilizar este s\u00edtio Web. Ap\u00f3s este per\u00edodo, os seus dados pessoais ser\u00e3o eliminados de todos os nossos sistemas.<\/p>\n\n<h2 class=\"wp-block-heading\" id=\"h-5-what-is-the-legal-basis-for-the-processing-of-your-data\">5. Qual \u00e9 a base jur\u00eddica para o tratamento dos seus dados?<\/h2>\n\n<p>Consoante o tipo de tratamento de dados, a base de legitima\u00e7\u00e3o \u00e9 a seguinte:<\/p>\n\n<figure class=\"wp-block-table\"><table><tbody><tr><td><strong>TRATAMENTO<\/strong><\/td><td><strong>BASE DE LEGITIMA\u00c7\u00c3O<\/strong><\/td><\/tr><tr><td><strong>Gest\u00e3o contabil\u00edstica: <\/strong>gest\u00e3o da fatura\u00e7\u00e3o com clientes e\/ou fornecedores<\/td><td>Manuten\u00e7\u00e3o, desenvolvimento e controlo da rela\u00e7\u00e3o contratual entre as partes<\/td><\/tr><tr><td><strong>Gest\u00e3o fiscal: <\/strong>aplica\u00e7\u00e3o de reten\u00e7\u00f5es, b\u00f3nus, etc.<\/td><td>Manuten\u00e7\u00e3o, desenvolvimento e controlo da rela\u00e7\u00e3o contratual entre as partes; Cumprimento das obriga\u00e7\u00f5es legais<\/td><\/tr><tr><td><strong>Gest\u00e3o administrativa: <\/strong>gest\u00e3o log\u00edstica, armaz\u00e9m, entregas aos clientes, rece\u00e7\u00e3o de mercadorias, etc.<\/td><td>Manuten\u00e7\u00e3o, desenvolvimento e controlo da rela\u00e7\u00e3o contratual entre as partes<\/td><\/tr><tr><td><strong>Marketing:<\/strong>Ac\u00e7\u00f5es comerciais sobre os nossos produtos ou servi\u00e7os dirigidas aos nossos clientes ou \u00e0s pessoas que tenham solicitado informa\u00e7\u00f5es sobre os nossos produtos e servi\u00e7os no passado, incluindo a realiza\u00e7\u00e3o de inqu\u00e9ritos de satisfa\u00e7\u00e3o aos nossos clientes.<\/td><td>Com o consentimento livre e inequ\u00edvoco do interessado (potenciais clientes), declaramos que a retirada deste consentimento em nenhum caso pode condicionar a execu\u00e7\u00e3o do contrato entre as partes; o interesse leg\u00edtimo da empresa na promo\u00e7\u00e3o e comercializa\u00e7\u00e3o de produtos ou servi\u00e7os semelhantes aos obtidos ou solicitados por pessoas interessadas no passado.<\/td><\/tr><tr><td>Se \u00e9 trabalhador por conta de outrem, para a Gest\u00e3o do Trabalho: gest\u00e3o administrativa, contabil\u00edstica e fiscal dos trabalhadores. Gest\u00e3o do registo dos dias de trabalho: hora de in\u00edcio e de fim do dia, bem como das horas extraordin\u00e1rias.<\/td><td>Execu\u00e7\u00e3o de um contrato de trabalho. Conformidade legal<\/td><\/tr><tr><td><strong>Videovigil\u00e2ncia:<\/strong> Controlo do trabalho.<\/td><td>Execu\u00e7\u00e3o de um contrato. Artigo 89\u00ba da LOPDGDD e 20.3 do Estatuto dos Trabalhadores.<\/td><\/tr><tr><td><strong>Imagens\/vozes<\/strong> dos trabalhadores: publica\u00e7\u00e3o de imagens\/vozes no s\u00edtio Web da empresa, nos livros da empresa e na <strong>RRSS, a fim de dar a conhecer o pessoal<\/strong>.<\/td><td>Consentimento expresso da parte interessada.<\/td><\/tr><tr><td><strong>Geolocaliza\u00e7\u00e3o:<\/strong> Controlo laboral e espacial dos ve\u00edculos e telem\u00f3veis da empresa.<\/td><td>Execu\u00e7\u00e3o do contrato de trabalho. Artigo 20.3 do Estatuto dos Trabalhadores e 90 da LOPDGDD. O interesse leg\u00edtimo do respons\u00e1vel.<\/td><\/tr><\/tbody><\/table><\/figure>\n\n<p>Caso n\u00e3o forne\u00e7a os seus dados pessoais, n\u00e3o poder\u00e1 executar o seu contrato e cumprir as obriga\u00e7\u00f5es legais ou as derivadas das autoridades p\u00fablicas.<\/p>\n\n<h2 class=\"wp-block-heading\" id=\"h-6-to-which-recipients-will-your-data-be-communicated\">6. A que destinat\u00e1rios ser\u00e3o comunicados os seus dados?<\/h2>\n\n<p>N\u00e3o transferiremos os seus dados pessoais a nenhuma empresa terceira que pretenda utiliz\u00e1-los nas suas ac\u00e7\u00f5es de marketing direto, exceto no caso de nos ter autorizado expressamente a faz\u00ea-lo.<\/p>\n\n<p>Informamo-lo de que podemos fornecer os seus dados pessoais aos organismos da Administra\u00e7\u00e3o P\u00fablica e \u00e0s Autoridades competentes nos casos em que somos legalmente obrigados ou nos casos em que, agindo de boa f\u00e9, consideramos que tal a\u00e7\u00e3o \u00e9 razoavelmente necess\u00e1ria para cumprir um processo judicial; para responder a qualquer reclama\u00e7\u00e3o ou pedido legal ou para proteger os direitos da empresa ou dos seus clientes e do p\u00fablico em geral.<\/p>\n\n<p>Informamo-lo de que os seus dados n\u00e3o ser\u00e3o transferidos ou comunicados a terceiros, sendo a empresa a \u00fanica respons\u00e1vel pelo seu tratamento e cust\u00f3dia.<\/p>\n\n<p>Sim, facultaremos os seus dados pessoais a terceiros (por exemplo, fornecedores de servi\u00e7os de Internet que nos ajudam a administrar o nosso s\u00edtio Web ou a realizar os servi\u00e7os contratados, empresas de apoio e manuten\u00e7\u00e3o inform\u00e1tica, empresas de log\u00edstica, ag\u00eancias e consultoria fiscal e contabil\u00edstica, etc.).<\/p>\n\n<p>Em todo o caso, estes terceiros devem manter, a todo o momento, os mesmos n\u00edveis de seguran\u00e7a que n\u00f3s em rela\u00e7\u00e3o aos seus dados pessoais e, quando necess\u00e1rio, ficar\u00e3o vinculados a compromissos legais para manter os seus dados pessoais privados e seguros. Al\u00e9m disso, os seus dados pessoais ser\u00e3o utilizados apenas de acordo com as instru\u00e7\u00f5es espec\u00edficas da empresa.<\/p>\n\n<h2 class=\"wp-block-heading\" id=\"h-7-data-transfers-to-third-countries\">7. Transfer\u00eancias de dados para pa\u00edses terceiros?<\/h2>\n\n<p>N\u00e3o est\u00e3o previstas transfer\u00eancias de dados para pa\u00edses terceiros.<\/p>\n\n<h2 class=\"wp-block-heading\" id=\"h-8-what-are-your-rights-as-an-interested-party\">8. Quais s\u00e3o os seus direitos enquanto parte interessada?<\/h2>\n\n<p>Qualquer pessoa tem o direito de obter confirma\u00e7\u00e3o sobre se estamos ou n\u00e3o a processar dados pessoais que lhe dizem respeito.<\/p>\n\n<p>Especificamente, as pessoas interessadas podem solicitar o direito de acesso aos seus dados pessoais, bem como receb\u00ea-los num formato comum e em leitura mec\u00e2nica se o tratamento for efectuado por meios electr\u00f3nicos (direito de portabilidade).<\/p>\n\n<p>Do mesmo modo, as pessoas interessadas podem solicitar o direito de retificar os dados inexactos ou, se for caso disso, solicitar a sua supress\u00e3o quando, entre outros motivos, os dados j\u00e1 n\u00e3o forem necess\u00e1rios para os fins para que foram recolhidos.<\/p>\n\n<p>Al\u00e9m disso, em determinadas circunst\u00e2ncias, os interessados podem solicitar a limita\u00e7\u00e3o do tratamento dos seus dados ou, em determinadas circunst\u00e2ncias e por motivos relacionados com a sua situa\u00e7\u00e3o particular, podem exercer o seu direito de oposi\u00e7\u00e3o ao tratamento dos seus dados.<\/p>\n\n<p>Deixaremos de tratar os dados, exceto por motivos leg\u00edtimos imperiosos, para o exerc\u00edcio ou defesa de eventuais reclama\u00e7\u00f5es, ou nas excep\u00e7\u00f5es previstas na regulamenta\u00e7\u00e3o aplic\u00e1vel.<\/p>\n\n<p>Do mesmo modo, informamos que tem o direito de retirar o seu consentimento concedido em qualquer altura, sem afetar a legalidade do tratamento baseado no consentimento anterior \u00e0 sua retirada.<\/p>\n\n<p>Da mesma forma, o Utilizador \u00e9 informado de que, a qualquer momento, pode exercer os direitos acima mencionados, escrevendo-nos utilizando os dados de contacto que aparecem no ponto 1 e anexando uma c\u00f3pia do seu documento de identifica\u00e7\u00e3o.<\/p>\n\n<p>Tamb\u00e9m ter\u00e1s o direito de apresentar uma reclama\u00e7\u00e3o \u00e0 Ag\u00eancia Espanhola de Prote\u00e7\u00e3o de Dados, especialmente quando n\u00e3o tenhas obtido satisfa\u00e7\u00e3o no exerc\u00edcio dos teus direitos. <a href=\"https:\/\/www.agpd.es\/portalwebAGPD\/index-ides-idphp.php\" target=\"_blank\" rel=\"noopener\">Ag\u00eancia de Prote\u00e7\u00e3o de Dados<\/a><\/p>\n\n<p>Por outro lado, em conformidade com o disposto na Lei 34\/2002, de 11 de julho, de Servi\u00e7os da Sociedade da Informa\u00e7\u00e3o e do Com\u00e9rcio Eletr\u00f3nico, comprometemo-nos a n\u00e3o enviar informa\u00e7\u00e3o comercial se assim nos tiver informado.<\/p>\n\n<figure class=\"wp-block-image aligncenter size-full\"><img fetchpriority=\"high\" decoding=\"async\" width=\"1024\" height=\"680\" src=\"https:\/\/feetuphostels.com\/wp-content\/uploads\/2023\/05\/privacy-policy-feetup-hostels.jpg\" alt=\"Pol&#xED;tica de privacidade Feet Up Hostels\" class=\"wp-image-216415\" srcset=\"https:\/\/feetuphostels.com\/wp-content\/uploads\/2023\/05\/privacy-policy-feetup-hostels.jpg 1024w, https:\/\/feetuphostels.com\/wp-content\/uploads\/2023\/05\/privacy-policy-feetup-hostels-300x199.jpg 300w, https:\/\/feetuphostels.com\/wp-content\/uploads\/2023\/05\/privacy-policy-feetup-hostels-768x510.jpg 768w\" sizes=\"(max-width: 1024px) 100vw, 1024px\" \/><figcaption class=\"wp-element-caption\">Pol\u00edtica de privacidade Feet Up Hostels<\/figcaption><\/figure>\n","protected":false},"excerpt":{"rendered":"<p>Pol\u00edtica de privacidade e pol\u00edtica de prote\u00e7\u00e3o de dados. Em conformidade com o Regulamento (UE) 2016\/679 em vigor, informamos que os dados pessoais dos utilizadores do s\u00edtio Web ser\u00e3o tratados para a realiza\u00e7\u00e3o de opera\u00e7\u00f5es administrativas, contabil\u00edsticas e fiscais, bem como para lhe enviar comunica\u00e7\u00f5es comerciais sobre os nossos produtos e\/ou servi\u00e7os. O referido tratamento dos seus dados ser\u00e1 objeto do seu pr\u00f3prio consentimento. Ao clicar no bot\u00e3o &#8220;ENVIAR&#8221;, o Utilizador consente o tratamento dos seus dados pela empresa.<br \/>\nAl\u00e9m disso, informamos que, salvo obriga\u00e7\u00e3o legal ou consentimento expresso da sua parte, n\u00e3o transmitiremos os seus dados a terceiros.<\/p>\n","protected":false},"author":13,"featured_media":216422,"parent":0,"menu_order":0,"comment_status":"closed","ping_status":"closed","template":"","meta":{"footnotes":""},"class_list":["post-221781","page","type-page","status-publish","has-post-thumbnail","hentry"],"yoast_head":"<!-- This site is optimized with the Yoast SEO plugin v27.5 - https:\/\/yoast.com\/product\/yoast-seo-wordpress\/ -->\n<title>Pol\u00edtica de privacidade Feet Up Hostels Website https:\/\/feetuphostels.com<\/title>\n<meta name=\"description\" content=\"Pol\u00edtica de privacidade Feet Up Hostels Website https:\/\/feetuphostels.com | Quem \u00e9 respons\u00e1vel pelo processamento dos seus dados? por Feet Up Hostels Group\" \/>\n<meta name=\"robots\" content=\"index, follow, max-snippet:-1, max-image-preview:large, max-video-preview:-1\" \/>\n<link rel=\"canonical\" href=\"https:\/\/feetuphostels.com\/pt-pt\/politica-de-privacidade\/\" \/>\n<meta property=\"og:locale\" content=\"pt_PT\" \/>\n<meta property=\"og:type\" content=\"article\" \/>\n<meta property=\"og:title\" content=\"Pol\u00edtica de privacidade Feet Up Hostels Website https:\/\/feetuphostels.com\" \/>\n<meta property=\"og:description\" content=\"Pol\u00edtica de privacidade Feet Up Hostels Website https:\/\/feetuphostels.com | Quem \u00e9 respons\u00e1vel pelo processamento dos seus dados? por Feet Up Hostels Group\" \/>\n<meta property=\"og:url\" content=\"https:\/\/feetuphostels.com\/pt-pt\/politica-de-privacidade\/\" \/>\n<meta property=\"og:site_name\" content=\"Feet Up Hostels\" \/>\n<meta property=\"article:publisher\" content=\"https:\/\/facebook.com\/feetuphostelsgroup\" \/>\n<meta property=\"article:modified_time\" content=\"2024-11-07T19:56:26+00:00\" \/>\n<meta property=\"og:image\" content=\"https:\/\/feetuphostels.com\/wp-content\/uploads\/2023\/05\/privacy-policy-feetup-hostels.jpg\" \/>\n\t<meta property=\"og:image:width\" content=\"1024\" \/>\n\t<meta property=\"og:image:height\" content=\"680\" \/>\n\t<meta property=\"og:image:type\" content=\"image\/jpeg\" \/>\n<meta name=\"twitter:card\" content=\"summary_large_image\" \/>\n<meta name=\"twitter:site\" content=\"@feetuphostels\" \/>\n<meta name=\"twitter:label1\" content=\"Tempo estimado de leitura\" \/>\n\t<meta name=\"twitter:data1\" content=\"8 minutos\" \/>\n<script type=\"application\/ld+json\" class=\"yoast-schema-graph\">{\"@context\":\"https:\\\/\\\/schema.org\",\"@graph\":[{\"@type\":\"WebPage\",\"@id\":\"https:\\\/\\\/feetuphostels.com\\\/pt-pt\\\/politica-de-privacidade\\\/\",\"url\":\"https:\\\/\\\/feetuphostels.com\\\/pt-pt\\\/politica-de-privacidade\\\/\",\"name\":\"Pol\u00edtica de privacidade Feet Up Hostels Website https:\\\/\\\/feetuphostels.com\",\"isPartOf\":{\"@id\":\"https:\\\/\\\/feetuphostels.com\\\/pt-pt\\\/#website\"},\"primaryImageOfPage\":{\"@id\":\"https:\\\/\\\/feetuphostels.com\\\/pt-pt\\\/politica-de-privacidade\\\/#primaryimage\"},\"image\":{\"@id\":\"https:\\\/\\\/feetuphostels.com\\\/pt-pt\\\/politica-de-privacidade\\\/#primaryimage\"},\"thumbnailUrl\":\"https:\\\/\\\/feetuphostels.com\\\/wp-content\\\/uploads\\\/2023\\\/05\\\/privacy-policy-feetup-hostels.jpg\",\"datePublished\":\"2017-08-22T13:06:29+00:00\",\"dateModified\":\"2024-11-07T19:56:26+00:00\",\"description\":\"Pol\u00edtica de privacidade Feet Up Hostels Website https:\\\/\\\/feetuphostels.com | Quem \u00e9 respons\u00e1vel pelo processamento dos seus dados? por Feet Up Hostels Group\",\"breadcrumb\":{\"@id\":\"https:\\\/\\\/feetuphostels.com\\\/pt-pt\\\/politica-de-privacidade\\\/#breadcrumb\"},\"inLanguage\":\"pt-PT\",\"potentialAction\":[{\"@type\":\"ReadAction\",\"target\":[\"https:\\\/\\\/feetuphostels.com\\\/pt-pt\\\/politica-de-privacidade\\\/\"]}]},{\"@type\":\"ImageObject\",\"inLanguage\":\"pt-PT\",\"@id\":\"https:\\\/\\\/feetuphostels.com\\\/pt-pt\\\/politica-de-privacidade\\\/#primaryimage\",\"url\":\"https:\\\/\\\/feetuphostels.com\\\/wp-content\\\/uploads\\\/2023\\\/05\\\/privacy-policy-feetup-hostels.jpg\",\"contentUrl\":\"https:\\\/\\\/feetuphostels.com\\\/wp-content\\\/uploads\\\/2023\\\/05\\\/privacy-policy-feetup-hostels.jpg\",\"width\":1024,\"height\":680,\"caption\":\"Pol\u00edtica de privacidade Feet Up Hostels\"},{\"@type\":\"BreadcrumbList\",\"@id\":\"https:\\\/\\\/feetuphostels.com\\\/pt-pt\\\/politica-de-privacidade\\\/#breadcrumb\",\"itemListElement\":[{\"@type\":\"ListItem\",\"position\":1,\"name\":\"Home\",\"item\":\"https:\\\/\\\/feetuphostels.com\\\/pt-pt\\\/\"},{\"@type\":\"ListItem\",\"position\":2,\"name\":\"Pol\u00edtica de privacidade\"}]},{\"@type\":\"WebSite\",\"@id\":\"https:\\\/\\\/feetuphostels.com\\\/pt-pt\\\/#website\",\"url\":\"https:\\\/\\\/feetuphostels.com\\\/pt-pt\\\/\",\"name\":\"Feet Up Hostels\",\"description\":\"Youth Hostels e alojamento em Valencia, Espanha. Somos Friendliness Specialists\",\"publisher\":{\"@id\":\"https:\\\/\\\/feetuphostels.com\\\/pt-pt\\\/#organization\"},\"alternateName\":\"Feet Up Hostels\",\"potentialAction\":[{\"@type\":\"SearchAction\",\"target\":{\"@type\":\"EntryPoint\",\"urlTemplate\":\"https:\\\/\\\/feetuphostels.com\\\/pt-pt\\\/?s={search_term_string}\"},\"query-input\":{\"@type\":\"PropertyValueSpecification\",\"valueRequired\":true,\"valueName\":\"search_term_string\"}}],\"inLanguage\":\"pt-PT\"},{\"@type\":\"Organization\",\"@id\":\"https:\\\/\\\/feetuphostels.com\\\/pt-pt\\\/#organization\",\"name\":\"Feet Up Hostels\",\"alternateName\":\"Feet Up Hostels\",\"url\":\"https:\\\/\\\/feetuphostels.com\\\/pt-pt\\\/\",\"logo\":{\"@type\":\"ImageObject\",\"inLanguage\":\"pt-PT\",\"@id\":\"https:\\\/\\\/feetuphostels.com\\\/pt-pt\\\/#\\\/schema\\\/logo\\\/image\\\/\",\"url\":\"https:\\\/\\\/feetuphostels.com\\\/wp-content\\\/uploads\\\/2019\\\/01\\\/logo-web-amp-feetuphostels.svg\",\"contentUrl\":\"https:\\\/\\\/feetuphostels.com\\\/wp-content\\\/uploads\\\/2019\\\/01\\\/logo-web-amp-feetuphostels.svg\",\"width\":1,\"height\":1,\"caption\":\"Feet Up Hostels\"},\"image\":{\"@id\":\"https:\\\/\\\/feetuphostels.com\\\/pt-pt\\\/#\\\/schema\\\/logo\\\/image\\\/\"},\"sameAs\":[\"https:\\\/\\\/facebook.com\\\/feetuphostelsgroup\",\"https:\\\/\\\/x.com\\\/feetuphostels\",\"https:\\\/\\\/www.instagram.com\\\/feetuphostels\\\/\",\"https:\\\/\\\/www.tiktok.com\\\/@feetuphostels\",\"https:\\\/\\\/www.linkedin.com\\\/company\\\/feetuphostelsgroup\\\/\",\"https:\\\/\\\/www.pinterest.es\\\/FeetupHostels\\\/\",\"https:\\\/\\\/www.youtube.com\\\/feetuphostels\"]}]}<\/script>\n<!-- \/ Yoast SEO plugin. -->","yoast_head_json":{"title":"Pol\u00edtica de privacidade Feet Up Hostels Website https:\/\/feetuphostels.com","description":"Pol\u00edtica de privacidade Feet Up Hostels Website https:\/\/feetuphostels.com | Quem \u00e9 respons\u00e1vel pelo processamento dos seus dados? por Feet Up Hostels Group","robots":{"index":"index","follow":"follow","max-snippet":"max-snippet:-1","max-image-preview":"max-image-preview:large","max-video-preview":"max-video-preview:-1"},"canonical":"https:\/\/feetuphostels.com\/pt-pt\/politica-de-privacidade\/","og_locale":"pt_PT","og_type":"article","og_title":"Pol\u00edtica de privacidade Feet Up Hostels Website https:\/\/feetuphostels.com","og_description":"Pol\u00edtica de privacidade Feet Up Hostels Website https:\/\/feetuphostels.com | Quem \u00e9 respons\u00e1vel pelo processamento dos seus dados? por Feet Up Hostels Group","og_url":"https:\/\/feetuphostels.com\/pt-pt\/politica-de-privacidade\/","og_site_name":"Feet Up Hostels","article_publisher":"https:\/\/facebook.com\/feetuphostelsgroup","article_modified_time":"2024-11-07T19:56:26+00:00","og_image":[{"width":1024,"height":680,"url":"https:\/\/feetuphostels.com\/wp-content\/uploads\/2023\/05\/privacy-policy-feetup-hostels.jpg","type":"image\/jpeg"}],"twitter_card":"summary_large_image","twitter_site":"@feetuphostels","twitter_misc":{"Tempo estimado de leitura":"8 minutos"},"schema":{"@context":"https:\/\/schema.org","@graph":[{"@type":"WebPage","@id":"https:\/\/feetuphostels.com\/pt-pt\/politica-de-privacidade\/","url":"https:\/\/feetuphostels.com\/pt-pt\/politica-de-privacidade\/","name":"Pol\u00edtica de privacidade Feet Up Hostels Website https:\/\/feetuphostels.com","isPartOf":{"@id":"https:\/\/feetuphostels.com\/pt-pt\/#website"},"primaryImageOfPage":{"@id":"https:\/\/feetuphostels.com\/pt-pt\/politica-de-privacidade\/#primaryimage"},"image":{"@id":"https:\/\/feetuphostels.com\/pt-pt\/politica-de-privacidade\/#primaryimage"},"thumbnailUrl":"https:\/\/feetuphostels.com\/wp-content\/uploads\/2023\/05\/privacy-policy-feetup-hostels.jpg","datePublished":"2017-08-22T13:06:29+00:00","dateModified":"2024-11-07T19:56:26+00:00","description":"Pol\u00edtica de privacidade Feet Up Hostels Website https:\/\/feetuphostels.com | Quem \u00e9 respons\u00e1vel pelo processamento dos seus dados? por Feet Up Hostels Group","breadcrumb":{"@id":"https:\/\/feetuphostels.com\/pt-pt\/politica-de-privacidade\/#breadcrumb"},"inLanguage":"pt-PT","potentialAction":[{"@type":"ReadAction","target":["https:\/\/feetuphostels.com\/pt-pt\/politica-de-privacidade\/"]}]},{"@type":"ImageObject","inLanguage":"pt-PT","@id":"https:\/\/feetuphostels.com\/pt-pt\/politica-de-privacidade\/#primaryimage","url":"https:\/\/feetuphostels.com\/wp-content\/uploads\/2023\/05\/privacy-policy-feetup-hostels.jpg","contentUrl":"https:\/\/feetuphostels.com\/wp-content\/uploads\/2023\/05\/privacy-policy-feetup-hostels.jpg","width":1024,"height":680,"caption":"Pol\u00edtica de privacidade Feet Up Hostels"},{"@type":"BreadcrumbList","@id":"https:\/\/feetuphostels.com\/pt-pt\/politica-de-privacidade\/#breadcrumb","itemListElement":[{"@type":"ListItem","position":1,"name":"Home","item":"https:\/\/feetuphostels.com\/pt-pt\/"},{"@type":"ListItem","position":2,"name":"Pol\u00edtica de privacidade"}]},{"@type":"WebSite","@id":"https:\/\/feetuphostels.com\/pt-pt\/#website","url":"https:\/\/feetuphostels.com\/pt-pt\/","name":"Feet Up Hostels","description":"Youth Hostels e alojamento em Valencia, Espanha. Somos Friendliness Specialists","publisher":{"@id":"https:\/\/feetuphostels.com\/pt-pt\/#organization"},"alternateName":"Feet Up Hostels","potentialAction":[{"@type":"SearchAction","target":{"@type":"EntryPoint","urlTemplate":"https:\/\/feetuphostels.com\/pt-pt\/?s={search_term_string}"},"query-input":{"@type":"PropertyValueSpecification","valueRequired":true,"valueName":"search_term_string"}}],"inLanguage":"pt-PT"},{"@type":"Organization","@id":"https:\/\/feetuphostels.com\/pt-pt\/#organization","name":"Feet Up Hostels","alternateName":"Feet Up Hostels","url":"https:\/\/feetuphostels.com\/pt-pt\/","logo":{"@type":"ImageObject","inLanguage":"pt-PT","@id":"https:\/\/feetuphostels.com\/pt-pt\/#\/schema\/logo\/image\/","url":"https:\/\/feetuphostels.com\/wp-content\/uploads\/2019\/01\/logo-web-amp-feetuphostels.svg","contentUrl":"https:\/\/feetuphostels.com\/wp-content\/uploads\/2019\/01\/logo-web-amp-feetuphostels.svg","width":1,"height":1,"caption":"Feet Up Hostels"},"image":{"@id":"https:\/\/feetuphostels.com\/pt-pt\/#\/schema\/logo\/image\/"},"sameAs":["https:\/\/facebook.com\/feetuphostelsgroup","https:\/\/x.com\/feetuphostels","https:\/\/www.instagram.com\/feetuphostels\/","https:\/\/www.tiktok.com\/@feetuphostels","https:\/\/www.linkedin.com\/company\/feetuphostelsgroup\/","https:\/\/www.pinterest.es\/FeetupHostels\/","https:\/\/www.youtube.com\/feetuphostels"]}]}},"_links":{"self":[{"href":"https:\/\/feetuphostels.com\/pt-pt\/wp-json\/wp\/v2\/pages\/221781","targetHints":{"allow":["GET"]}}],"collection":[{"href":"https:\/\/feetuphostels.com\/pt-pt\/wp-json\/wp\/v2\/pages"}],"about":[{"href":"https:\/\/feetuphostels.com\/pt-pt\/wp-json\/wp\/v2\/types\/page"}],"author":[{"embeddable":true,"href":"https:\/\/feetuphostels.com\/pt-pt\/wp-json\/wp\/v2\/users\/13"}],"replies":[{"embeddable":true,"href":"https:\/\/feetuphostels.com\/pt-pt\/wp-json\/wp\/v2\/comments?post=221781"}],"version-history":[{"count":0,"href":"https:\/\/feetuphostels.com\/pt-pt\/wp-json\/wp\/v2\/pages\/221781\/revisions"}],"wp:featuredmedia":[{"embeddable":true,"href":"https:\/\/feetuphostels.com\/pt-pt\/wp-json\/wp\/v2\/media\/216422"}],"wp:attachment":[{"href":"https:\/\/feetuphostels.com\/pt-pt\/wp-json\/wp\/v2\/media?parent=221781"}],"curies":[{"name":"wp","href":"https:\/\/api.w.org\/{rel}","templated":true}]}}