{"id":220307,"date":"2024-03-28T11:24:58","date_gmt":"2024-03-28T10:24:58","guid":{"rendered":"https:\/\/feetuphostels.com\/feet-up-hostels\/"},"modified":"2024-11-01T16:00:43","modified_gmt":"2024-11-01T15:00:43","slug":"feet-up-hostels","status":"publish","type":"page","link":"https:\/\/feetuphostels.com\/pt-pt\/","title":{"rendered":"Feet Up Hostels"},"content":{"rendered":"\n<h1 class=\"wp-block-heading\" id=\"h-feet-up-hostels-spain\">Feet Up Hostels Espanha<\/h1>\n\n<h2 class=\"wp-block-heading\" id=\"h-we-have-hostels-in-the-best-cities-of-spain-book-now-in-barcelona-valencia-and-sevilla\">Temos hostels nas melhores cidades de Espanha&#13;\nReserva agora em Barcelona, Val\u00eancia e Sevilha<\/h2>\n\n<h2 class=\"wp-block-heading\" id=\"h-feet-up-hostels-who-are-we\">Feet Up Hostels, quem somos?<\/h2>\n\n<p>Procuramos ser a empresa l\u00edder na gest\u00e3o e gest\u00e3o de alojamento tur\u00edstico low cost, a n\u00edvel nacional e internacional criando constantemente mais-valias para os nossos clientes, investidores, colaboradores e funcion\u00e1rios, conseguindo melhores retornos financeiros e uma r\u00e1pida remunera\u00e7\u00e3o dos investimentos.<\/p>\n\n<p>O nosso slogan <strong>Especialistas em Simpatia<\/strong> e os nossos mais de 10 anos de crescimento constante apoiam-nos e permitem-nos afirmar que os nossos pilares se baseiam na \u00e9tica, no compromisso e na confian\u00e7a. S\u00e3o estes pilares que nos levam a atingir todos os objectivos que assumimos.<\/p>\n\n<h3 class=\"wp-block-heading\" id=\"h-garden-house-nbsp-hostel-barcelona-by-feet-up-hostels\"><a href=\"https:\/\/feetuphostels.com\/garden-house-hostel-barcelona\/\">Garden House<\/a>\u00a0<a href=\"https:\/\/feetuphostels.com\/hostels-barcelona\/\">Hostel Barcelona<\/a> by Feet Up Hostels<\/h3>\n\n<p>Est\u00e1 situado na zona residencial de Valldaura e muito perto da esta\u00e7\u00e3o de metro com o mesmo nome, da linha 3 do Metro de Barcelona, que vai diretamente para o Passeig de Gracia e paralelos. O nosso Grupo garante a qualidade das instala\u00e7\u00f5es e o bom ambiente que se cria na zona comum do jardim.<\/p>\n\n<ul class=\"wp-block-list\">\n<li>Quartos partilhados e privados.<\/li>\n\n\n\n<li>Com um jardim verdejante para partilhares com os teus amigos.<\/li>\n\n\n\n<li>WIFI gr\u00e1tis em todo o hostel, para que estejas sempre ligado.<\/li>\n\n\n\n<li>Terra\u00e7o no telhado e uma atmosfera imbat\u00edvel.<\/li>\n<\/ul>\n\n<p><\/p>\n\n<h3 class=\"wp-block-heading\" id=\"h-yellow-nest-nbsp-hostel-barcelona-by-feet-up-hostels\"><a href=\"https:\/\/feetuphostels.com\/yellow-nest-hostel-barcelona\/\">Yellow Nest<\/a>\u00a0<a href=\"https:\/\/feetuphostels.com\/hostels-barcelona\/\">Hostel Barcelona<\/a> by Feet Up Hostels<\/h3>\n\n<p>Se gostas de futebol e \u00e9s f\u00e3 do Bar\u00e7a, vais adorar este Hostel, pois o famoso est\u00e1dio de futebol Camp Nou fica apenas a 3 minutos a p\u00e9. Tem diferentes tipos de quartos, podes escolher entre quartos partilhados com decora\u00e7\u00f5es coloridas.<\/p>\n\n<ul class=\"wp-block-list\">\n<li>Terra\u00e7o no telhado.<\/li>\n\n\n\n<li>Rece\u00e7\u00e3o 24 horas.<\/li>\n\n\n\n<li>Quartos grandes (partilhados, mistos ou s\u00f3 para raparigas).<\/li>\n\n\n\n<li>Quartos privados para fam\u00edlias.<\/li>\n<\/ul>\n\n<p><\/p>\n\n<h3 class=\"wp-block-heading\" id=\"h-purple-nest-nbsp-hostel-valencia\"><a href=\"https:\/\/feetuphostels.com\/purple-nest-hostel-valencia\/\">Purple Nest<\/a>\u00a0<a href=\"https:\/\/feetuphostels.com\/hostels-valencia\/\">Hostel Valencia<\/a><\/h3>\n\n<p>Com diferentes tipos de quartos adaptados a todas as tuas necessidades no centro de Val\u00eancia. Quartos partilhados com desenhos simples e coloridos que te proporcionar\u00e3o um ambiente acolhedor durante a tua visita a Val\u00eancia. Feet Up Hostels garante-te a qualidade das instala\u00e7\u00f5es do Purple Nest Hostel em Val\u00eancia.<\/p>\n\n<ul class=\"wp-block-list\">\n<li>Ar condicionado para o ver\u00e3o.<\/li>\n\n\n\n<li>Aquecimento para o inverno.<\/li>\n\n\n\n<li>Cacifos privados e casas de banho partilhadas com secador de cabelo.<\/li>\n\n\n\n<li>Bar. Yes, we have our own Bar in the Hostel\u00a0\ud83d\ude01<\/li>\n<\/ul>\n\n<p><\/p>\n\n<h3 class=\"wp-block-heading\" id=\"h-red-nest-nbsp-hostel-valencia\"><a href=\"\/?page_id=1259\">Red Nest<\/a>\u00a0<a href=\"https:\/\/feetuphostels.com\/hostels-valencia\/\">Hostel Valencia<\/a><\/h3>\n\n<p>The modern and centrally located Red Nest Hostel can be found on the famous Calle La Pau (Calle la Paz) in Valencia, a 5 minute walk from the Col\u00f3n metro station and 7 minutes from the Central train station (North station). It has lockers in the rooms, bedding and WiFi in all facilities.<\/p>\n\n<ul class=\"wp-block-list\">\n<li>Common area, to meet people and make new friends.<\/li>\n\n\n\n<li>Free map so you can move around Valencia.<\/li>\n\n\n\n<li><strong>Always the best price in Valencia.<\/strong><\/li>\n\n\n\n<li>The hyper friendly receptionist (according to the reviews at Booking.com) \ud83d\ude09<\/li>\n<\/ul>\n\n<p><\/p>\n\n<h3 class=\"wp-block-heading\"><a href=\"https:\/\/feetuphostels.com\/home-youth-hostel-valencia\/\">H\u00f4me Youth<\/a>\u00a0<a href=\"https:\/\/feetuphostels.com\/hostels-valencia\/\">Hostel Valencia<\/a><\/h3>\n\n<p>One of the best known and famous hostels in Valencia. Located in the city centre and only 5 minutes walk from the train station (North station). The perfect hostel for young travellers who don\u2019t mind sharing their trip with other travelers. It is part of\u00a0<strong>Feet Up Group<\/strong>.<\/p>\n\n<ul class=\"wp-block-list\">\n<li>Near the bus station in Valencia.<\/li>\n\n\n\n<li>Fully equipped kitchen.<\/li>\n\n\n\n<li>Private rooms for couples and other types of rooms.<\/li>\n\n\n\n<li>Behind the\u00a0<a href=\"\/?p=1963\">famous Lonja de la Seda in Valencia<\/a><\/li>\n<\/ul>\n\n<p><\/p>\n\n<h3 class=\"wp-block-heading\" id=\"h-home-backpackers-nbsp-hostel-valencia\"><a href=\"https:\/\/feetuphostels.com\/home-backpackers-hostel-valencia\/\">H\u00f4me Backpackers<\/a>\u00a0<a href=\"https:\/\/feetuphostels.com\/hostels-valencia\/\">Hostel Valencia<\/a><\/h3>\n\n<p>Hostel that is part of the group\u00a0<a href=\"https:\/\/www.homehostelsvalencia.com\/\" target=\"_blank\" rel=\"noreferrer noopener\">H\u00f4me hostels Valencia<\/a>\u00a0and is located in the mythical and central Barrio el Carmen de Valencia, from where you can walk to almost any tourist place in the city. It has a common area and is distributed on 4 floors with rooms of different characteristics:<\/p>\n\n<ul class=\"wp-block-list\">\n<li>Private rooms with bathroom inside.<\/li>\n\n\n\n<li>Rooms with shared beds.<\/li>\n\n\n\n<li>Rooms exclusively for families.<\/li>\n\n\n\n<li>Rooms designed for groups of\u00a0<a href=\"https:\/\/feetuphostels.com\/groups-booking\/\" target=\"_blank\" rel=\"noreferrer noopener\">different sizes<\/a>.<\/li>\n<\/ul>\n\n<p><\/p>\n\n<h3 class=\"wp-block-heading\" id=\"h-samay-hostel-nbsp-sevilla\"><a href=\"https:\/\/feetuphostels.com\/samay-hostel-seville\/\" target=\"_blank\" rel=\"noreferrer noopener\">Samay Hostel<\/a>\u00a0<a href=\"https:\/\/feetuphostels.com\/hostels-seville\/\" target=\"_blank\" rel=\"noreferrer noopener\">Sevilla<\/a><\/h3>\n\n<p>This hostel is located on the well-known Avenida Menendez Pelayo in Seville, a short walk away from the centre of Seville.<\/p>\n\n<ul class=\"wp-block-list\">\n<li>Private rooms for couples and other types of rooms.<\/li>\n\n\n\n<li>Free Wifi throughout the Hostel.<\/li>\n\n\n\n<li>Rooftop terrace.<\/li>\n\n\n\n<li>Multilingual staff.<\/li>\n<\/ul>\n\n<p>This hostel is not currently part of the Feet Up hostels group, but we still recommend you to stay with them in Seville \ud83d\ude09<\/p>\n\n<p><\/p>\n\n<h3 class=\"wp-block-heading\" id=\"h-hostels-for-groups-group-bookings\"><a href=\"https:\/\/feetuphostels.com\/groups-booking\/\" target=\"_blank\" rel=\"noreferrer noopener\">Hostels for groups \u2013 Group Bookings<\/a><\/h3>\n\n<p>All our hostels have perfectly adapted facilities to manage and accommodate different types of traveller groups:<\/p>\n\n<ul class=\"wp-block-list\">\n<li>Groups of friends visiting\u00a0<a href=\"https:\/\/travelingroup.com\/hostels-for-groups-valencia\/\" target=\"_blank\" rel=\"noreferrer noopener\">Valencia<\/a>.<\/li>\n\n\n\n<li>Sports groups Visiting\u00a0<a href=\"https:\/\/travelingroup.com\/hostels-for-groups-barcelona\/\" target=\"_blank\" rel=\"noreferrer noopener\">Barcelona<\/a>.<\/li>\n\n\n\n<li>School groups visiting Valencia.<\/li>\n\n\n\n<li>Erasmus Valencia groups and Erasmus Barcelona groups.<\/li>\n<\/ul>\n\n<p>If you are looking for a group-only experience, we invite you to visit our partner\u00a0<a href=\"https:\/\/travelingroup.com\/\" target=\"_blank\" rel=\"noreferrer noopener\">Travel in Group<\/a>\u00a0(From there they will help you)<\/p>\n\n<figure data-wp-context=\"{&quot;imageId&quot;:&quot;69de2b1f3d383&quot;}\" data-wp-interactive=\"core\/image\" data-wp-key=\"69de2b1f3d383\" class=\"wp-block-image size-full wp-lightbox-container\"><img fetchpriority=\"high\" decoding=\"async\" width=\"960\" height=\"650\" data-wp-class--hide=\"state.isContentHidden\" data-wp-class--show=\"state.isContentVisible\" data-wp-init=\"callbacks.setButtonStyles\" data-wp-on--click=\"actions.showLightbox\" data-wp-on--load=\"callbacks.setButtonStyles\" data-wp-on-window--resize=\"callbacks.setButtonStyles\" src=\"https:\/\/feetuphostels.com\/wp-content\/uploads\/2017\/01\/about-us01.jpg\" alt=\"Travel in Group by Feet Up Hostels\" class=\"wp-image-1994\" srcset=\"https:\/\/feetuphostels.com\/wp-content\/uploads\/2017\/01\/about-us01.jpg 960w, https:\/\/feetuphostels.com\/wp-content\/uploads\/2017\/01\/about-us01-300x203.jpg 300w, https:\/\/feetuphostels.com\/wp-content\/uploads\/2017\/01\/about-us01-768x520.jpg 768w, https:\/\/feetuphostels.com\/wp-content\/uploads\/2017\/01\/about-us01-216x146.jpg 216w, https:\/\/feetuphostels.com\/wp-content\/uploads\/2017\/01\/about-us01-50x34.jpg 50w, https:\/\/feetuphostels.com\/wp-content\/uploads\/2017\/01\/about-us01-111x75.jpg 111w\" sizes=\"(max-width: 960px) 100vw, 960px\" \/><button\n\t\t\tclass=\"lightbox-trigger\"\n\t\t\ttype=\"button\"\n\t\t\taria-haspopup=\"dialog\"\n\t\t\taria-label=\"Ampliar\"\n\t\t\tdata-wp-init=\"callbacks.initTriggerButton\"\n\t\t\tdata-wp-on--click=\"actions.showLightbox\"\n\t\t\tdata-wp-style--right=\"state.imageButtonRight\"\n\t\t\tdata-wp-style--top=\"state.imageButtonTop\"\n\t\t>\n\t\t\t<svg xmlns=\"http:\/\/www.w3.org\/2000\/svg\" width=\"12\" height=\"12\" fill=\"none\" viewBox=\"0 0 12 12\">\n\t\t\t\t<path fill=\"#fff\" d=\"M2 0a2 2 0 0 0-2 2v2h1.5V2a.5.5 0 0 1 .5-.5h2V0H2Zm2 10.5H2a.5.5 0 0 1-.5-.5V8H0v2a2 2 0 0 0 2 2h2v-1.5ZM8 12v-1.5h2a.5.5 0 0 0 .5-.5V8H12v2a2 2 0 0 1-2 2H8Zm2-12a2 2 0 0 1 2 2v2h-1.5V2a.5.5 0 0 0-.5-.5H8V0h2Z\" \/>\n\t\t\t<\/svg>\n\t\t<\/button><figcaption class=\"wp-element-caption\">Travel in Group by Feet Up Hostels<\/figcaption><\/figure>\n","protected":false},"excerpt":{"rendered":"<p>Feet Up Hostels e alojamento em Barcelona, Val\u00eancia. Camas a partir de 10 euros. As Pousadas de Juventude mais baratas para viajantes em Espanha. Especialistas em simpatia. Reserva direta e poupa at\u00e9 20% no pre\u00e7o final da tua cama em Barcelona, Val\u00eancia e Sevilha. Sem custos ocultos. Alojamento barato para viajantes em Espanha. Os melhores hostels de Barcelona e Val\u00eancia que fazem parte do grupo Feet Up hostels Espa\u00f1a, Nest hostel Valencia e Home hostels Valencia.<\/p>\n","protected":false},"author":13,"featured_media":0,"parent":0,"menu_order":0,"comment_status":"closed","ping_status":"closed","template":"","meta":{"footnotes":""},"class_list":["post-220307","page","type-page","status-publish","hentry"],"yoast_head":"<!-- This site is optimized with the Yoast SEO plugin v27.4 - https:\/\/yoast.com\/product\/yoast-seo-wordpress\/ -->\n<title>Feet Up Hostels \ud83d\udecc Alojamento para viajantes em Espanha<\/title>\n<meta name=\"description\" content=\"Feet Up Hostels e alojamento em Barcelona, Val\u00eancia. Camas a partir de 10 euros. Os albergues da juventude mais baratos para os viajantes. Especialistas em simpatia\" \/>\n<meta name=\"robots\" content=\"index, follow, max-snippet:-1, max-image-preview:large, max-video-preview:-1\" \/>\n<link rel=\"canonical\" href=\"https:\/\/feetuphostels.com\/pt-pt\/\" \/>\n<meta property=\"og:locale\" content=\"pt_PT\" \/>\n<meta property=\"og:type\" content=\"article\" \/>\n<meta property=\"og:title\" content=\"Feet Up Hostels \ud83d\udecc Alojamento para viajantes em Espanha\" \/>\n<meta property=\"og:description\" content=\"Feet Up Hostels e alojamento em Barcelona, Val\u00eancia. Camas a partir de 10 euros. Os albergues da juventude mais baratos para os viajantes. Especialistas em simpatia\" \/>\n<meta property=\"og:url\" content=\"https:\/\/feetuphostels.com\/pt-pt\/\" \/>\n<meta property=\"og:site_name\" content=\"Feet Up Hostels\" \/>\n<meta property=\"article:publisher\" content=\"https:\/\/facebook.com\/feetuphostelsgroup\" \/>\n<meta property=\"article:modified_time\" content=\"2024-11-01T15:00:43+00:00\" \/>\n<meta property=\"og:image\" content=\"https:\/\/feetuphostels.com\/wp-content\/uploads\/2017\/01\/about-us01.jpg\" \/>\n\t<meta property=\"og:image:width\" content=\"960\" \/>\n\t<meta property=\"og:image:height\" content=\"650\" \/>\n\t<meta property=\"og:image:type\" content=\"image\/jpeg\" \/>\n<meta name=\"twitter:card\" content=\"summary_large_image\" \/>\n<meta name=\"twitter:site\" content=\"@feetuphostels\" \/>\n<meta name=\"twitter:label1\" content=\"Tempo estimado de leitura\" \/>\n\t<meta name=\"twitter:data1\" content=\"4 minutos\" \/>\n<script type=\"application\/ld+json\" class=\"yoast-schema-graph\">{\"@context\":\"https:\\\/\\\/schema.org\",\"@graph\":[{\"@type\":\"WebPage\",\"@id\":\"https:\\\/\\\/feetuphostels.com\\\/pt-pt\\\/\",\"url\":\"https:\\\/\\\/feetuphostels.com\\\/pt-pt\\\/\",\"name\":\"Feet Up Hostels \ud83d\udecc Alojamento para viajantes em Espanha\",\"isPartOf\":{\"@id\":\"https:\\\/\\\/feetuphostels.com\\\/pt-pt\\\/#website\"},\"primaryImageOfPage\":{\"@id\":\"https:\\\/\\\/feetuphostels.com\\\/pt-pt\\\/#primaryimage\"},\"image\":{\"@id\":\"https:\\\/\\\/feetuphostels.com\\\/pt-pt\\\/#primaryimage\"},\"thumbnailUrl\":\"https:\\\/\\\/feetuphostels.com\\\/wp-content\\\/uploads\\\/2017\\\/01\\\/about-us01.jpg\",\"datePublished\":\"2024-03-28T10:24:58+00:00\",\"dateModified\":\"2024-11-01T15:00:43+00:00\",\"description\":\"Feet Up Hostels e alojamento em Barcelona, Val\u00eancia. Camas a partir de 10 euros. Os albergues da juventude mais baratos para os viajantes. Especialistas em simpatia\",\"breadcrumb\":{\"@id\":\"https:\\\/\\\/feetuphostels.com\\\/pt-pt\\\/#breadcrumb\"},\"inLanguage\":\"pt-PT\",\"potentialAction\":[{\"@type\":\"ReadAction\",\"target\":[\"https:\\\/\\\/feetuphostels.com\\\/pt-pt\\\/\"]}]},{\"@type\":\"ImageObject\",\"inLanguage\":\"pt-PT\",\"@id\":\"https:\\\/\\\/feetuphostels.com\\\/pt-pt\\\/#primaryimage\",\"url\":\"https:\\\/\\\/feetuphostels.com\\\/wp-content\\\/uploads\\\/2017\\\/01\\\/about-us01.jpg\",\"contentUrl\":\"https:\\\/\\\/feetuphostels.com\\\/wp-content\\\/uploads\\\/2017\\\/01\\\/about-us01.jpg\"},{\"@type\":\"BreadcrumbList\",\"@id\":\"https:\\\/\\\/feetuphostels.com\\\/pt-pt\\\/#breadcrumb\",\"itemListElement\":[{\"@type\":\"ListItem\",\"position\":1,\"name\":\"Home\",\"item\":\"https:\\\/\\\/feetuphostels.com\\\/pt-pt\\\/\"},{\"@type\":\"ListItem\",\"position\":2,\"name\":\"Feet Up Hostels\"}]},{\"@type\":\"WebSite\",\"@id\":\"https:\\\/\\\/feetuphostels.com\\\/pt-pt\\\/#website\",\"url\":\"https:\\\/\\\/feetuphostels.com\\\/pt-pt\\\/\",\"name\":\"Feet Up Hostels\",\"description\":\"Youth Hostels e alojamento em Valencia, Espanha. Somos Friendliness Specialists\",\"publisher\":{\"@id\":\"https:\\\/\\\/feetuphostels.com\\\/pt-pt\\\/#organization\"},\"alternateName\":\"Feet Up Hostels\",\"potentialAction\":[{\"@type\":\"SearchAction\",\"target\":{\"@type\":\"EntryPoint\",\"urlTemplate\":\"https:\\\/\\\/feetuphostels.com\\\/pt-pt\\\/?s={search_term_string}\"},\"query-input\":{\"@type\":\"PropertyValueSpecification\",\"valueRequired\":true,\"valueName\":\"search_term_string\"}}],\"inLanguage\":\"pt-PT\"},{\"@type\":\"Organization\",\"@id\":\"https:\\\/\\\/feetuphostels.com\\\/pt-pt\\\/#organization\",\"name\":\"Feet Up Hostels\",\"alternateName\":\"Feet Up Hostels\",\"url\":\"https:\\\/\\\/feetuphostels.com\\\/pt-pt\\\/\",\"logo\":{\"@type\":\"ImageObject\",\"inLanguage\":\"pt-PT\",\"@id\":\"https:\\\/\\\/feetuphostels.com\\\/pt-pt\\\/#\\\/schema\\\/logo\\\/image\\\/\",\"url\":\"https:\\\/\\\/feetuphostels.com\\\/wp-content\\\/uploads\\\/2019\\\/01\\\/logo-web-amp-feetuphostels.svg\",\"contentUrl\":\"https:\\\/\\\/feetuphostels.com\\\/wp-content\\\/uploads\\\/2019\\\/01\\\/logo-web-amp-feetuphostels.svg\",\"width\":1,\"height\":1,\"caption\":\"Feet Up Hostels\"},\"image\":{\"@id\":\"https:\\\/\\\/feetuphostels.com\\\/pt-pt\\\/#\\\/schema\\\/logo\\\/image\\\/\"},\"sameAs\":[\"https:\\\/\\\/facebook.com\\\/feetuphostelsgroup\",\"https:\\\/\\\/x.com\\\/feetuphostels\",\"https:\\\/\\\/www.instagram.com\\\/feetuphostels\\\/\",\"https:\\\/\\\/www.tiktok.com\\\/@feetuphostels\",\"https:\\\/\\\/www.linkedin.com\\\/company\\\/feetuphostelsgroup\\\/\",\"https:\\\/\\\/www.pinterest.es\\\/FeetupHostels\\\/\",\"https:\\\/\\\/www.youtube.com\\\/feetuphostels\"]}]}<\/script>\n<!-- \/ Yoast SEO plugin. -->","yoast_head_json":{"title":"Feet Up Hostels \ud83d\udecc Alojamento para viajantes em Espanha","description":"Feet Up Hostels e alojamento em Barcelona, Val\u00eancia. Camas a partir de 10 euros. Os albergues da juventude mais baratos para os viajantes. Especialistas em simpatia","robots":{"index":"index","follow":"follow","max-snippet":"max-snippet:-1","max-image-preview":"max-image-preview:large","max-video-preview":"max-video-preview:-1"},"canonical":"https:\/\/feetuphostels.com\/pt-pt\/","og_locale":"pt_PT","og_type":"article","og_title":"Feet Up Hostels \ud83d\udecc Alojamento para viajantes em Espanha","og_description":"Feet Up Hostels e alojamento em Barcelona, Val\u00eancia. Camas a partir de 10 euros. Os albergues da juventude mais baratos para os viajantes. Especialistas em simpatia","og_url":"https:\/\/feetuphostels.com\/pt-pt\/","og_site_name":"Feet Up Hostels","article_publisher":"https:\/\/facebook.com\/feetuphostelsgroup","article_modified_time":"2024-11-01T15:00:43+00:00","og_image":[{"width":960,"height":650,"url":"https:\/\/feetuphostels.com\/wp-content\/uploads\/2017\/01\/about-us01.jpg","type":"image\/jpeg"}],"twitter_card":"summary_large_image","twitter_site":"@feetuphostels","twitter_misc":{"Tempo estimado de leitura":"4 minutos"},"schema":{"@context":"https:\/\/schema.org","@graph":[{"@type":"WebPage","@id":"https:\/\/feetuphostels.com\/pt-pt\/","url":"https:\/\/feetuphostels.com\/pt-pt\/","name":"Feet Up Hostels \ud83d\udecc Alojamento para viajantes em Espanha","isPartOf":{"@id":"https:\/\/feetuphostels.com\/pt-pt\/#website"},"primaryImageOfPage":{"@id":"https:\/\/feetuphostels.com\/pt-pt\/#primaryimage"},"image":{"@id":"https:\/\/feetuphostels.com\/pt-pt\/#primaryimage"},"thumbnailUrl":"https:\/\/feetuphostels.com\/wp-content\/uploads\/2017\/01\/about-us01.jpg","datePublished":"2024-03-28T10:24:58+00:00","dateModified":"2024-11-01T15:00:43+00:00","description":"Feet Up Hostels e alojamento em Barcelona, Val\u00eancia. Camas a partir de 10 euros. Os albergues da juventude mais baratos para os viajantes. Especialistas em simpatia","breadcrumb":{"@id":"https:\/\/feetuphostels.com\/pt-pt\/#breadcrumb"},"inLanguage":"pt-PT","potentialAction":[{"@type":"ReadAction","target":["https:\/\/feetuphostels.com\/pt-pt\/"]}]},{"@type":"ImageObject","inLanguage":"pt-PT","@id":"https:\/\/feetuphostels.com\/pt-pt\/#primaryimage","url":"https:\/\/feetuphostels.com\/wp-content\/uploads\/2017\/01\/about-us01.jpg","contentUrl":"https:\/\/feetuphostels.com\/wp-content\/uploads\/2017\/01\/about-us01.jpg"},{"@type":"BreadcrumbList","@id":"https:\/\/feetuphostels.com\/pt-pt\/#breadcrumb","itemListElement":[{"@type":"ListItem","position":1,"name":"Home","item":"https:\/\/feetuphostels.com\/pt-pt\/"},{"@type":"ListItem","position":2,"name":"Feet Up Hostels"}]},{"@type":"WebSite","@id":"https:\/\/feetuphostels.com\/pt-pt\/#website","url":"https:\/\/feetuphostels.com\/pt-pt\/","name":"Feet Up Hostels","description":"Youth Hostels e alojamento em Valencia, Espanha. Somos Friendliness Specialists","publisher":{"@id":"https:\/\/feetuphostels.com\/pt-pt\/#organization"},"alternateName":"Feet Up Hostels","potentialAction":[{"@type":"SearchAction","target":{"@type":"EntryPoint","urlTemplate":"https:\/\/feetuphostels.com\/pt-pt\/?s={search_term_string}"},"query-input":{"@type":"PropertyValueSpecification","valueRequired":true,"valueName":"search_term_string"}}],"inLanguage":"pt-PT"},{"@type":"Organization","@id":"https:\/\/feetuphostels.com\/pt-pt\/#organization","name":"Feet Up Hostels","alternateName":"Feet Up Hostels","url":"https:\/\/feetuphostels.com\/pt-pt\/","logo":{"@type":"ImageObject","inLanguage":"pt-PT","@id":"https:\/\/feetuphostels.com\/pt-pt\/#\/schema\/logo\/image\/","url":"https:\/\/feetuphostels.com\/wp-content\/uploads\/2019\/01\/logo-web-amp-feetuphostels.svg","contentUrl":"https:\/\/feetuphostels.com\/wp-content\/uploads\/2019\/01\/logo-web-amp-feetuphostels.svg","width":1,"height":1,"caption":"Feet Up Hostels"},"image":{"@id":"https:\/\/feetuphostels.com\/pt-pt\/#\/schema\/logo\/image\/"},"sameAs":["https:\/\/facebook.com\/feetuphostelsgroup","https:\/\/x.com\/feetuphostels","https:\/\/www.instagram.com\/feetuphostels\/","https:\/\/www.tiktok.com\/@feetuphostels","https:\/\/www.linkedin.com\/company\/feetuphostelsgroup\/","https:\/\/www.pinterest.es\/FeetupHostels\/","https:\/\/www.youtube.com\/feetuphostels"]}]}},"_links":{"self":[{"href":"https:\/\/feetuphostels.com\/pt-pt\/wp-json\/wp\/v2\/pages\/220307","targetHints":{"allow":["GET"]}}],"collection":[{"href":"https:\/\/feetuphostels.com\/pt-pt\/wp-json\/wp\/v2\/pages"}],"about":[{"href":"https:\/\/feetuphostels.com\/pt-pt\/wp-json\/wp\/v2\/types\/page"}],"author":[{"embeddable":true,"href":"https:\/\/feetuphostels.com\/pt-pt\/wp-json\/wp\/v2\/users\/13"}],"replies":[{"embeddable":true,"href":"https:\/\/feetuphostels.com\/pt-pt\/wp-json\/wp\/v2\/comments?post=220307"}],"version-history":[{"count":0,"href":"https:\/\/feetuphostels.com\/pt-pt\/wp-json\/wp\/v2\/pages\/220307\/revisions"}],"wp:attachment":[{"href":"https:\/\/feetuphostels.com\/pt-pt\/wp-json\/wp\/v2\/media?parent=220307"}],"curies":[{"name":"wp","href":"https:\/\/api.w.org\/{rel}","templated":true}]}}