{"id":219885,"date":"2018-12-04T11:14:36","date_gmt":"2018-12-04T10:14:36","guid":{"rendered":"https:\/\/feetuphostels.com\/pousadas-de-juventude-espanha\/"},"modified":"2024-11-09T14:02:26","modified_gmt":"2024-11-09T13:02:26","slug":"pousadas-de-juventude-espanha","status":"publish","type":"page","link":"https:\/\/feetuphostels.com\/pt-pt\/pousadas-de-juventude-espanha\/","title":{"rendered":"Pousadas de Juventude Espanha"},"content":{"rendered":"\n<h1 class=\"wp-block-heading has-text-align-center\" id=\"h-youth-hostels-spain\">Albergues da Juventude Espanha<\/h1>\n\n<h2 class=\"wp-block-heading has-text-align-center\" id=\"h-the-cheapest-accommodations\">Os alojamentos mais baratos<\/h2>\n\n<h3 class=\"wp-block-heading\" id=\"h-we-are-a-group-of-the-best-youth-hostels-spain\">Somos um grupo das melhores pousadas de juventude de Espanha<\/h3>\n\n<p>Os viajantes com or\u00e7amento limitado sabem que n\u00e3o h\u00e1 melhor maneira de aproveitar ao m\u00e1ximo a sua viagem do que ficar numa das pousadas da juventude em Espanha: Poupa dinheiro para explorar durante o dia e troca hist\u00f3rias com outros mochileiros na cozinha partilhada. Os dormit\u00f3rios com casa de banho partilhada s\u00e3o a tarifa normal da pousada, mas tamb\u00e9m h\u00e1 quartos privados para quem quiser pagar um pouco mais<\/p>\n\n<figure class=\"wp-block-image size-full\"><img fetchpriority=\"high\" decoding=\"async\" width=\"1554\" height=\"1080\" src=\"https:\/\/feetuphostels.com\/wp-content\/uploads\/2019\/02\/09red-nest-hostel-valencia-by-feetuphostels.jpg\" alt=\"Aproveita o teu tempo com os amigos\" class=\"wp-image-18656\" srcset=\"https:\/\/feetuphostels.com\/wp-content\/uploads\/2019\/02\/09red-nest-hostel-valencia-by-feetuphostels.jpg 1554w, https:\/\/feetuphostels.com\/wp-content\/uploads\/2019\/02\/09red-nest-hostel-valencia-by-feetuphostels-300x208.jpg 300w, https:\/\/feetuphostels.com\/wp-content\/uploads\/2019\/02\/09red-nest-hostel-valencia-by-feetuphostels-768x534.jpg 768w, https:\/\/feetuphostels.com\/wp-content\/uploads\/2019\/02\/09red-nest-hostel-valencia-by-feetuphostels-1024x712.jpg 1024w, https:\/\/feetuphostels.com\/wp-content\/uploads\/2019\/02\/09red-nest-hostel-valencia-by-feetuphostels-210x146.jpg 210w, https:\/\/feetuphostels.com\/wp-content\/uploads\/2019\/02\/09red-nest-hostel-valencia-by-feetuphostels-50x35.jpg 50w, https:\/\/feetuphostels.com\/wp-content\/uploads\/2019\/02\/09red-nest-hostel-valencia-by-feetuphostels-108x75.jpg 108w\" sizes=\"(max-width: 1554px) 100vw, 1554px\" \/><figcaption class=\"wp-element-caption\">Aproveita o teu tempo com os amigos<\/figcaption><\/figure>\n\n<h3 class=\"wp-block-heading\" id=\"h-looking-for-a-hostel-in-barcelona\">Est\u00e1s \u00e0 procura de um hostel em Barcelona?<\/h3>\n\n<p>Yellow Nest Hostel Barcelona \u00e9 o melhor lugar para ficar se est\u00e1s \u00e0 procura de alojamento barato, limpo, seguro e onde conhecer novos viajantes e mochileiros, em Barcelona.<\/p>\n\n<h3 class=\"wp-block-heading\" id=\"h-only-3-streets-away-from-the-barcelona-camp-nou-football-stadium\">Apenas a 3 ruas do est\u00e1dio de futebol Camp Nou de Barcelona<\/h3>\n\n<p>Dispomos de diferentes tipos de quartos adaptados a todas as tuas necessidades. Podes escolher entre quartos partilhados com um design simples e colorido.<\/p>\n\n<p>Garden House Hostel Barcelona. Temos ofertas especiais de alguns locais dessa zona e podemos dar-te alguns conselhos para aproveitares o melhor de Barcelona. Reserva a tua cama connosco em Barcelona, n\u00f3s falamos a tua l\u00edngua.<\/p>\n\n<h3 class=\"wp-block-heading\" id=\"h-we-are-4-streets-from-the-metro-stop-valldaura\">Estamos a 4 ruas da paragem de metro Valldaura<\/h3>\n\n<p>Estamos localizados na \u00e1rea residencial perto da esta\u00e7\u00e3o de metro Valldaura, linha verde, que vai diretamente para Passeig de Gracia e Parallel (\u00e9 f\u00e1cil e confort\u00e1vel para chegar).<\/p>\n\n<h3 class=\"wp-block-heading\" id=\"h-looking-for-a-hostel-in-valencia\">Est\u00e1s \u00e0 procura de um hostel em Val\u00eancia?<\/h3>\n\n<p>Purple Nest Hostel Valencia<\/p>\n\n<p>Red Nest Hostel Valencia<\/p>\n\n<p>H\u00f4me Youth Hostel Valencia<\/p>\n\n<p>H\u00f4me Backpackers Hostel Valencia<\/p>\n","protected":false},"excerpt":{"rendered":"<p>Pousadas de juventude em Espanha. Alojamento em Barcelona, Val\u00eancia e Sevilha. Albergues mais baratos nas melhores cidades de Espanha. Reserva a tua cama connosco. Boow agora em Feet Up Hostels. Albergues Valencia. Alojamento de alta qualidade e barato localizado no cora\u00e7\u00e3o e centro da cidade. Quartos privados. N\u00e3o paga comiss\u00e3o por reserva. Pre\u00e7o oficial para hoje em Valencia para Home Youth Hostel Valencia, Home Backpackers Hostel Valencia, Red Nest Hostel Valencia, Purple Nest Hostel Valencia. Albergues mais baratos<\/p>\n","protected":false},"author":13,"featured_media":209532,"parent":0,"menu_order":0,"comment_status":"closed","ping_status":"open","template":"","meta":{"footnotes":""},"class_list":["post-219885","page","type-page","status-publish","has-post-thumbnail","hentry"],"yoast_head":"<!-- This site is optimized with the Yoast SEO plugin v27.4 - https:\/\/yoast.com\/product\/yoast-seo-wordpress\/ -->\n<title>Pousadas de juventude em Espanha. Barcelona, Val\u00eancia e Sevilha<\/title>\n<meta name=\"description\" content=\"Pousadas de juventude em Espanha. Alojamento em Barcelona, Val\u00eancia e Sevilha. Albergues mais baratos nas melhores cidades de Espanha. Reserva a tua cama connosco\" \/>\n<meta name=\"robots\" content=\"index, follow, max-snippet:-1, max-image-preview:large, max-video-preview:-1\" \/>\n<link rel=\"canonical\" href=\"https:\/\/feetuphostels.com\/pt-pt\/pousadas-de-juventude-espanha\/\" \/>\n<meta property=\"og:locale\" content=\"pt_PT\" \/>\n<meta property=\"og:type\" content=\"article\" \/>\n<meta property=\"og:title\" content=\"Pousadas de juventude em Espanha. Barcelona, Val\u00eancia e Sevilha\" \/>\n<meta property=\"og:description\" content=\"Pousadas de juventude em Espanha. Alojamento em Barcelona, Val\u00eancia e Sevilha. Albergues mais baratos nas melhores cidades de Espanha. Reserva a tua cama connosco\" \/>\n<meta property=\"og:url\" content=\"https:\/\/feetuphostels.com\/pt-pt\/pousadas-de-juventude-espanha\/\" \/>\n<meta property=\"og:site_name\" content=\"Feet Up Hostels\" \/>\n<meta property=\"article:publisher\" content=\"https:\/\/facebook.com\/feetuphostelsgroup\" \/>\n<meta property=\"article:modified_time\" content=\"2024-11-09T13:02:26+00:00\" \/>\n<meta property=\"og:image\" content=\"https:\/\/feetuphostels.com\/wp-content\/uploads\/2019\/02\/09red-nest-hostel-valencia-by-feetuphostels.jpg\" \/>\n\t<meta property=\"og:image:width\" content=\"1554\" \/>\n\t<meta property=\"og:image:height\" content=\"1080\" \/>\n\t<meta property=\"og:image:type\" content=\"image\/jpeg\" \/>\n<meta name=\"twitter:card\" content=\"summary_large_image\" \/>\n<meta name=\"twitter:site\" content=\"@feetuphostels\" \/>\n<meta name=\"twitter:label1\" content=\"Tempo estimado de leitura\" \/>\n\t<meta name=\"twitter:data1\" content=\"1 minuto\" \/>\n<script type=\"application\/ld+json\" class=\"yoast-schema-graph\">{\"@context\":\"https:\\\/\\\/schema.org\",\"@graph\":[{\"@type\":\"WebPage\",\"@id\":\"https:\\\/\\\/feetuphostels.com\\\/pt-pt\\\/pousadas-de-juventude-espanha\\\/\",\"url\":\"https:\\\/\\\/feetuphostels.com\\\/pt-pt\\\/pousadas-de-juventude-espanha\\\/\",\"name\":\"Pousadas de juventude em Espanha. Barcelona, Val\u00eancia e Sevilha\",\"isPartOf\":{\"@id\":\"https:\\\/\\\/feetuphostels.com\\\/pt-pt\\\/#website\"},\"primaryImageOfPage\":{\"@id\":\"https:\\\/\\\/feetuphostels.com\\\/pt-pt\\\/pousadas-de-juventude-espanha\\\/#primaryimage\"},\"image\":{\"@id\":\"https:\\\/\\\/feetuphostels.com\\\/pt-pt\\\/pousadas-de-juventude-espanha\\\/#primaryimage\"},\"thumbnailUrl\":\"https:\\\/\\\/feetuphostels.com\\\/wp-content\\\/uploads\\\/2019\\\/02\\\/09red-nest-hostel-valencia-by-feetuphostels.jpg\",\"datePublished\":\"2018-12-04T10:14:36+00:00\",\"dateModified\":\"2024-11-09T13:02:26+00:00\",\"description\":\"Pousadas de juventude em Espanha. Alojamento em Barcelona, Val\u00eancia e Sevilha. Albergues mais baratos nas melhores cidades de Espanha. Reserva a tua cama connosco\",\"breadcrumb\":{\"@id\":\"https:\\\/\\\/feetuphostels.com\\\/pt-pt\\\/pousadas-de-juventude-espanha\\\/#breadcrumb\"},\"inLanguage\":\"pt-PT\",\"potentialAction\":[{\"@type\":\"ReadAction\",\"target\":[\"https:\\\/\\\/feetuphostels.com\\\/pt-pt\\\/pousadas-de-juventude-espanha\\\/\"]}]},{\"@type\":\"ImageObject\",\"inLanguage\":\"pt-PT\",\"@id\":\"https:\\\/\\\/feetuphostels.com\\\/pt-pt\\\/pousadas-de-juventude-espanha\\\/#primaryimage\",\"url\":\"https:\\\/\\\/feetuphostels.com\\\/wp-content\\\/uploads\\\/2019\\\/02\\\/09red-nest-hostel-valencia-by-feetuphostels.jpg\",\"contentUrl\":\"https:\\\/\\\/feetuphostels.com\\\/wp-content\\\/uploads\\\/2019\\\/02\\\/09red-nest-hostel-valencia-by-feetuphostels.jpg\",\"width\":1554,\"height\":1080,\"caption\":\"Aproveita o teu tempo com os amigos\"},{\"@type\":\"BreadcrumbList\",\"@id\":\"https:\\\/\\\/feetuphostels.com\\\/pt-pt\\\/pousadas-de-juventude-espanha\\\/#breadcrumb\",\"itemListElement\":[{\"@type\":\"ListItem\",\"position\":1,\"name\":\"Home\",\"item\":\"https:\\\/\\\/feetuphostels.com\\\/pt-pt\\\/\"},{\"@type\":\"ListItem\",\"position\":2,\"name\":\"Pousadas de Juventude Espanha\"}]},{\"@type\":\"WebSite\",\"@id\":\"https:\\\/\\\/feetuphostels.com\\\/pt-pt\\\/#website\",\"url\":\"https:\\\/\\\/feetuphostels.com\\\/pt-pt\\\/\",\"name\":\"Feet Up Hostels\",\"description\":\"Youth Hostels e alojamento em Valencia, Espanha. Somos Friendliness Specialists\",\"publisher\":{\"@id\":\"https:\\\/\\\/feetuphostels.com\\\/pt-pt\\\/#organization\"},\"alternateName\":\"Feet Up Hostels\",\"potentialAction\":[{\"@type\":\"SearchAction\",\"target\":{\"@type\":\"EntryPoint\",\"urlTemplate\":\"https:\\\/\\\/feetuphostels.com\\\/pt-pt\\\/?s={search_term_string}\"},\"query-input\":{\"@type\":\"PropertyValueSpecification\",\"valueRequired\":true,\"valueName\":\"search_term_string\"}}],\"inLanguage\":\"pt-PT\"},{\"@type\":\"Organization\",\"@id\":\"https:\\\/\\\/feetuphostels.com\\\/pt-pt\\\/#organization\",\"name\":\"Feet Up Hostels\",\"alternateName\":\"Feet Up Hostels\",\"url\":\"https:\\\/\\\/feetuphostels.com\\\/pt-pt\\\/\",\"logo\":{\"@type\":\"ImageObject\",\"inLanguage\":\"pt-PT\",\"@id\":\"https:\\\/\\\/feetuphostels.com\\\/pt-pt\\\/#\\\/schema\\\/logo\\\/image\\\/\",\"url\":\"https:\\\/\\\/feetuphostels.com\\\/wp-content\\\/uploads\\\/2019\\\/01\\\/logo-web-amp-feetuphostels.svg\",\"contentUrl\":\"https:\\\/\\\/feetuphostels.com\\\/wp-content\\\/uploads\\\/2019\\\/01\\\/logo-web-amp-feetuphostels.svg\",\"width\":1,\"height\":1,\"caption\":\"Feet Up Hostels\"},\"image\":{\"@id\":\"https:\\\/\\\/feetuphostels.com\\\/pt-pt\\\/#\\\/schema\\\/logo\\\/image\\\/\"},\"sameAs\":[\"https:\\\/\\\/facebook.com\\\/feetuphostelsgroup\",\"https:\\\/\\\/x.com\\\/feetuphostels\",\"https:\\\/\\\/www.instagram.com\\\/feetuphostels\\\/\",\"https:\\\/\\\/www.tiktok.com\\\/@feetuphostels\",\"https:\\\/\\\/www.linkedin.com\\\/company\\\/feetuphostelsgroup\\\/\",\"https:\\\/\\\/www.pinterest.es\\\/FeetupHostels\\\/\",\"https:\\\/\\\/www.youtube.com\\\/feetuphostels\"]}]}<\/script>\n<!-- \/ Yoast SEO plugin. -->","yoast_head_json":{"title":"Pousadas de juventude em Espanha. Barcelona, Val\u00eancia e Sevilha","description":"Pousadas de juventude em Espanha. Alojamento em Barcelona, Val\u00eancia e Sevilha. Albergues mais baratos nas melhores cidades de Espanha. Reserva a tua cama connosco","robots":{"index":"index","follow":"follow","max-snippet":"max-snippet:-1","max-image-preview":"max-image-preview:large","max-video-preview":"max-video-preview:-1"},"canonical":"https:\/\/feetuphostels.com\/pt-pt\/pousadas-de-juventude-espanha\/","og_locale":"pt_PT","og_type":"article","og_title":"Pousadas de juventude em Espanha. Barcelona, Val\u00eancia e Sevilha","og_description":"Pousadas de juventude em Espanha. Alojamento em Barcelona, Val\u00eancia e Sevilha. Albergues mais baratos nas melhores cidades de Espanha. Reserva a tua cama connosco","og_url":"https:\/\/feetuphostels.com\/pt-pt\/pousadas-de-juventude-espanha\/","og_site_name":"Feet Up Hostels","article_publisher":"https:\/\/facebook.com\/feetuphostelsgroup","article_modified_time":"2024-11-09T13:02:26+00:00","og_image":[{"width":1554,"height":1080,"url":"https:\/\/feetuphostels.com\/wp-content\/uploads\/2019\/02\/09red-nest-hostel-valencia-by-feetuphostels.jpg","type":"image\/jpeg"}],"twitter_card":"summary_large_image","twitter_site":"@feetuphostels","twitter_misc":{"Tempo estimado de leitura":"1 minuto"},"schema":{"@context":"https:\/\/schema.org","@graph":[{"@type":"WebPage","@id":"https:\/\/feetuphostels.com\/pt-pt\/pousadas-de-juventude-espanha\/","url":"https:\/\/feetuphostels.com\/pt-pt\/pousadas-de-juventude-espanha\/","name":"Pousadas de juventude em Espanha. Barcelona, Val\u00eancia e Sevilha","isPartOf":{"@id":"https:\/\/feetuphostels.com\/pt-pt\/#website"},"primaryImageOfPage":{"@id":"https:\/\/feetuphostels.com\/pt-pt\/pousadas-de-juventude-espanha\/#primaryimage"},"image":{"@id":"https:\/\/feetuphostels.com\/pt-pt\/pousadas-de-juventude-espanha\/#primaryimage"},"thumbnailUrl":"https:\/\/feetuphostels.com\/wp-content\/uploads\/2019\/02\/09red-nest-hostel-valencia-by-feetuphostels.jpg","datePublished":"2018-12-04T10:14:36+00:00","dateModified":"2024-11-09T13:02:26+00:00","description":"Pousadas de juventude em Espanha. Alojamento em Barcelona, Val\u00eancia e Sevilha. Albergues mais baratos nas melhores cidades de Espanha. Reserva a tua cama connosco","breadcrumb":{"@id":"https:\/\/feetuphostels.com\/pt-pt\/pousadas-de-juventude-espanha\/#breadcrumb"},"inLanguage":"pt-PT","potentialAction":[{"@type":"ReadAction","target":["https:\/\/feetuphostels.com\/pt-pt\/pousadas-de-juventude-espanha\/"]}]},{"@type":"ImageObject","inLanguage":"pt-PT","@id":"https:\/\/feetuphostels.com\/pt-pt\/pousadas-de-juventude-espanha\/#primaryimage","url":"https:\/\/feetuphostels.com\/wp-content\/uploads\/2019\/02\/09red-nest-hostel-valencia-by-feetuphostels.jpg","contentUrl":"https:\/\/feetuphostels.com\/wp-content\/uploads\/2019\/02\/09red-nest-hostel-valencia-by-feetuphostels.jpg","width":1554,"height":1080,"caption":"Aproveita o teu tempo com os amigos"},{"@type":"BreadcrumbList","@id":"https:\/\/feetuphostels.com\/pt-pt\/pousadas-de-juventude-espanha\/#breadcrumb","itemListElement":[{"@type":"ListItem","position":1,"name":"Home","item":"https:\/\/feetuphostels.com\/pt-pt\/"},{"@type":"ListItem","position":2,"name":"Pousadas de Juventude Espanha"}]},{"@type":"WebSite","@id":"https:\/\/feetuphostels.com\/pt-pt\/#website","url":"https:\/\/feetuphostels.com\/pt-pt\/","name":"Feet Up Hostels","description":"Youth Hostels e alojamento em Valencia, Espanha. Somos Friendliness Specialists","publisher":{"@id":"https:\/\/feetuphostels.com\/pt-pt\/#organization"},"alternateName":"Feet Up Hostels","potentialAction":[{"@type":"SearchAction","target":{"@type":"EntryPoint","urlTemplate":"https:\/\/feetuphostels.com\/pt-pt\/?s={search_term_string}"},"query-input":{"@type":"PropertyValueSpecification","valueRequired":true,"valueName":"search_term_string"}}],"inLanguage":"pt-PT"},{"@type":"Organization","@id":"https:\/\/feetuphostels.com\/pt-pt\/#organization","name":"Feet Up Hostels","alternateName":"Feet Up Hostels","url":"https:\/\/feetuphostels.com\/pt-pt\/","logo":{"@type":"ImageObject","inLanguage":"pt-PT","@id":"https:\/\/feetuphostels.com\/pt-pt\/#\/schema\/logo\/image\/","url":"https:\/\/feetuphostels.com\/wp-content\/uploads\/2019\/01\/logo-web-amp-feetuphostels.svg","contentUrl":"https:\/\/feetuphostels.com\/wp-content\/uploads\/2019\/01\/logo-web-amp-feetuphostels.svg","width":1,"height":1,"caption":"Feet Up Hostels"},"image":{"@id":"https:\/\/feetuphostels.com\/pt-pt\/#\/schema\/logo\/image\/"},"sameAs":["https:\/\/facebook.com\/feetuphostelsgroup","https:\/\/x.com\/feetuphostels","https:\/\/www.instagram.com\/feetuphostels\/","https:\/\/www.tiktok.com\/@feetuphostels","https:\/\/www.linkedin.com\/company\/feetuphostelsgroup\/","https:\/\/www.pinterest.es\/FeetupHostels\/","https:\/\/www.youtube.com\/feetuphostels"]}]}},"_links":{"self":[{"href":"https:\/\/feetuphostels.com\/pt-pt\/wp-json\/wp\/v2\/pages\/219885","targetHints":{"allow":["GET"]}}],"collection":[{"href":"https:\/\/feetuphostels.com\/pt-pt\/wp-json\/wp\/v2\/pages"}],"about":[{"href":"https:\/\/feetuphostels.com\/pt-pt\/wp-json\/wp\/v2\/types\/page"}],"author":[{"embeddable":true,"href":"https:\/\/feetuphostels.com\/pt-pt\/wp-json\/wp\/v2\/users\/13"}],"replies":[{"embeddable":true,"href":"https:\/\/feetuphostels.com\/pt-pt\/wp-json\/wp\/v2\/comments?post=219885"}],"version-history":[{"count":0,"href":"https:\/\/feetuphostels.com\/pt-pt\/wp-json\/wp\/v2\/pages\/219885\/revisions"}],"wp:featuredmedia":[{"embeddable":true,"href":"https:\/\/feetuphostels.com\/pt-pt\/wp-json\/wp\/v2\/media\/209532"}],"wp:attachment":[{"href":"https:\/\/feetuphostels.com\/pt-pt\/wp-json\/wp\/v2\/media?parent=219885"}],"curies":[{"name":"wp","href":"https:\/\/api.w.org\/{rel}","templated":true}]}}