{"id":217098,"date":"2017-01-23T13:06:44","date_gmt":"2017-01-23T12:06:44","guid":{"rendered":"https:\/\/feetuphostels.com\/reserva-feet-up-hostels\/"},"modified":"2024-11-02T16:47:27","modified_gmt":"2024-11-02T15:47:27","slug":"reserva-feet-up-hostels","status":"publish","type":"page","link":"https:\/\/feetuphostels.com\/pt-pt\/reserva-feet-up-hostels\/","title":{"rendered":"Reserva Feet Up Hostels"},"content":{"rendered":"\n<h1 class=\"wp-block-heading has-text-align-center\" id=\"h-book-now-in-feet-up-hostels\">Reserva agora em Feet Up Hostels<\/h1>\n\n<hr class=\"wp-block-separator has-alpha-channel-opacity is-style-dots\"\/>\n\n<div style=\"height:40px\" aria-hidden=\"true\" class=\"wp-block-spacer\"><\/div>\n\n<div class=\"wp-block-columns is-layout-flex wp-container-core-columns-is-layout-28f84493 wp-block-columns-is-layout-flex\">\n<div class=\"wp-block-column is-layout-flow wp-block-column-is-layout-flow\">\n<div class=\"wp-block-buttons is-content-justification-center is-layout-flex wp-container-core-buttons-is-layout-a89b3969 wp-block-buttons-is-layout-flex\">\n<div class=\"wp-block-button has-custom-width wp-block-button__width-100 is-style-outline is-style-outline--1\"><a class=\"wp-block-button__link wp-element-button\" href=\"https:\/\/feetup-purple-nest-hostel-dot-feetup-hotels.appspot.com\/booking1\/?adultsRoom1=2\" style=\"border-radius:5px\" target=\"_blank\" rel=\"noreferrer noopener\">PURPLE NEST HOSTEL VALENCIA<\/a><\/div>\n<\/div>\n<\/div>\n\n\n\n<div class=\"wp-block-column is-layout-flow wp-block-column-is-layout-flow\">\n<div class=\"wp-block-buttons is-content-justification-center is-layout-flex wp-container-core-buttons-is-layout-a89b3969 wp-block-buttons-is-layout-flex\">\n<div class=\"wp-block-button has-custom-width wp-block-button__width-100 is-style-outline is-style-outline--2\"><a class=\"wp-block-button__link wp-element-button\" href=\"https:\/\/feetup-youth-hostel-dot-feetup-hotels.appspot.com\/booking1\/?adultsRoom1=2\" style=\"border-radius:5px\" target=\"_blank\" rel=\"noreferrer noopener\">H\u00d4ME YOUTH HOSTEL VALENCIA<\/a><\/div>\n<\/div>\n<\/div>\n<\/div>\n\n<div class=\"wp-block-columns is-layout-flex wp-container-core-columns-is-layout-28f84493 wp-block-columns-is-layout-flex\">\n<div class=\"wp-block-column is-layout-flow wp-block-column-is-layout-flow\">\n<div class=\"wp-block-buttons is-content-justification-center is-layout-flex wp-container-core-buttons-is-layout-a89b3969 wp-block-buttons-is-layout-flex\">\n<div class=\"wp-block-button has-custom-width wp-block-button__width-100 is-style-outline is-style-outline--3\"><a class=\"wp-block-button__link wp-element-button\" href=\"https:\/\/feetup-red-nest-hostel-dot-feetup-hotels.appspot.com\/booking1\/?adultsRoom1=2\" style=\"border-radius:5px\" target=\"_blank\" rel=\"noreferrer noopener\">RED NEST HOSTEL VALENCIA<\/a><\/div>\n<\/div>\n<\/div>\n\n\n\n<div class=\"wp-block-column is-layout-flow wp-block-column-is-layout-flow\">\n<div class=\"wp-block-buttons is-content-justification-center is-layout-flex wp-container-core-buttons-is-layout-a89b3969 wp-block-buttons-is-layout-flex\">\n<div class=\"wp-block-button has-custom-width wp-block-button__width-100 is-style-outline is-style-outline--4\"><a class=\"wp-block-button__link wp-element-button\" href=\"https:\/\/feetup-nest-style-dot-feetup-hotels.appspot.com\/booking1\/?adultsRoom1=2\" style=\"border-radius:5px\" target=\"_blank\" rel=\"noreferrer noopener\">NEST STYLE VALENCIA HOTEL<\/a><\/div>\n<\/div>\n<\/div>\n<\/div>\n\n<div style=\"height:40px\" aria-hidden=\"true\" class=\"wp-block-spacer\"><\/div>\n\n<hr class=\"wp-block-separator has-alpha-channel-opacity is-style-dots\"\/>\n\n<h2 class=\"wp-block-heading\" id=\"h-book-directly-with-us-and-enjoy-unique-benefits\">Reserva directamente connosco e desfruta de benef\u00edcios exclusivos<\/h2>\n\n<p>Sabemos que \u00e9s um viajante experiente, que procura a melhor experi\u00eancia ao melhor pre\u00e7o. \u00c9 por isso que queremos falar-te das vantagens de reservar directamente connosco, em vez de o fazeres atrav\u00e9s de intermedi\u00e1rios como o HostelWorld ou o TripAdvisor.<\/p>\n\n<p><em>Est\u00e1s pronto para conhecer todas as vantagens e poupan\u00e7as que te esperam? Toca a come\u00e7ar!<\/em><\/p>\n\n<h2 class=\"wp-block-heading\">Esquece as comiss\u00f5es dos canais de reserva<\/h2>\n\n<p>Quando fazes uma reserva atrav\u00e9s de intermedi\u00e1rios, est\u00e1s a pagar uma percentagem extra pelo seu servi\u00e7o. <\/p>\n\n<p>Se reservares directamente atrav\u00e9s de n\u00f3s, esse custo adicional desaparece. Sim, \u00e9 assim t\u00e3o simples! Esta poupan\u00e7a permitir-te-\u00e1 gastar mais em experi\u00eancias inesquec\u00edveis durante a tua viagem.<\/p>\n\n<h2 class=\"wp-block-heading\">Melhor pre\u00e7o garantido<\/h2>\n\n<p>Se encontrares uma oferta melhor, n\u00e3o s\u00f3 a igualamos como a superamos. Our priority is to give you the maximum value for your money.<\/p>\n\n<h2 class=\"wp-block-heading\">Flexibilidade na tua reserva<\/h2>\n\n<p>Sabemos que os planos podem mudar. \u00c9 por isso que, quando fazes a reserva directamente connosco, oferecemos uma pol\u00edtica mais flex\u00edvel para altera\u00e7\u00f5es e cancelamentos. Podes gerir a tua reserva sem complica\u00e7\u00f5es, ajustando-a \u00e0s tuas necessidades.<\/p>\n\n<h2 class=\"wp-block-heading\"><a href=\"https:\/\/feetuphostels.com\/pt-pt\/ofertas\/\" target=\"_blank\" rel=\"noreferrer noopener\">Ofertas e promo\u00e7\u00f5es<\/a> exclusivas<\/h2>\n\n<p>Ter\u00e1s acesso a ofertas e promo\u00e7\u00f5es que n\u00e3o encontrar\u00e1s em nenhuma outra plataforma. Desde pacotes de actividades e experi\u00eancias locais a descontos em comida e bebidas no nosso restaurante, queremos que a tua estadia seja excepcional.<\/p>\n\n<h2 class=\"wp-block-heading\">Aten\u00e7\u00e3o personalizada<\/h2>\n\n<p>A nossa equipa est\u00e1 sempre pronta a ajudar-te. Ao reservar directamente, podes comunicar connosco a qualquer momento, antes, durante e depois da tua estadia. Qualquer pedido de informa\u00e7\u00e3o ou pedido especial, estamos aqui para o fazer acontecer.<\/p>\n\n<div class=\"wp-block-essential-blocks-advanced-image\"><div class=\"eb-parent-wrapper eb-parent-eb-advanced-image-wuiuckq \"><figure class=\"eb-advanced-image-wrapper eb-advanced-image-wuiuckq img-style-rounded caption-style-1 caption-horizontal-center caption-vertical-bottom bottom zoom-in\" data-id=\"eb-advanced-image-wuiuckq\"><div class=\"image-wrapper\"><img decoding=\"async\" src=\"https:\/\/feetuphostels.com\/wp-content\/uploads\/2018\/11\/work-uk-feetuphostels.jpg\" alt=\"Reserva Feet Up Hostels\"><figcaption>Reserva Feet Up Hostels<\/figcaption><\/div><\/figure><\/div><\/div>\n\n<h2 class=\"wp-block-heading\">Reserva directa: A melhor op\u00e7\u00e3o para o viajante inteligente<\/h2>\n\n<p>Como podes ver, reservar directamente connosco \u00e9 uma escolha inteligente que te permite poupar dinheiro, ganhar flexibilidade e desfrutar de uma experi\u00eancia personalizada. Est\u00e1s pronto para desfrutar de todas estas vantagens na tua pr\u00f3xima viagem?<\/p>\n\n<p>Faz a tua reserva agora!<\/p>\n\n<p><\/p>\n\n<p><\/p>\n","protected":false},"excerpt":{"rendered":"<p>Reserva Feet Up Hostels online a partir de 12 euros por noite em Barcelona, Val\u00eancia. Reserva Barcelona, Reserva Val\u00eancia. Reserva a tua cama ao melhor pre\u00e7o. Camas a partir de 12 euros perto do Est\u00e1dio Camp Nou de Barcelona, com quartos seguros, limpos, confort\u00e1veis e econ\u00f3micos, numa localiza\u00e7\u00e3o muito pr\u00f3xima para os adeptos do Clube de Futebol Barcelona. Alojamento com \u00e1rea comum, bilhar e um equipamento multidiomas para os viajantes que visitam Barcelona. Reserva no Garden House Hostel Barcelona. Reserva agora em Yellow Nest Hostel Barcelona. Reserva no Purple Nest Hostel Valencia. Book now at Red Nest Hostel Valencia. Reserva no H\u00f4me Youth Hostel Valencia. Ver pre\u00e7o em H\u00f4me Backpackers Hostel Valencia<\/p>\n","protected":false},"author":13,"featured_media":209507,"parent":0,"menu_order":0,"comment_status":"closed","ping_status":"open","template":"","meta":{"footnotes":""},"class_list":["post-217098","page","type-page","status-publish","has-post-thumbnail","hentry"],"yoast_head":"<!-- This site is optimized with the Yoast SEO plugin v27.3 - https:\/\/yoast.com\/product\/yoast-seo-wordpress\/ -->\n<title>Reserva Feet Up Hostels \u2764\ufe0f Benef\u00edcios exclusivos com os nossos Hostels<\/title>\n<meta name=\"description\" content=\"Booking Feet Up Hostels a partir de \u20ac12 \u2764\ufe0f Aproveita ao m\u00e1ximo a tua estadia reservando directamente connosco. Descobre as vantagens e as economias que te esperam!\" \/>\n<meta name=\"robots\" content=\"index, follow, max-snippet:-1, max-image-preview:large, max-video-preview:-1\" \/>\n<link rel=\"canonical\" href=\"https:\/\/feetuphostels.com\/pt-pt\/reserva-feet-up-hostels\/\" \/>\n<meta property=\"og:locale\" content=\"pt_PT\" \/>\n<meta property=\"og:type\" content=\"article\" \/>\n<meta property=\"og:title\" content=\"Reserva Feet Up Hostels \u00ae Friendliness Specialist\" \/>\n<meta property=\"og:description\" content=\"Booking Feet Up Hostels a partir de \u20ac12 \u2764\ufe0f Aproveita ao m\u00e1ximo a tua estadia reservando directamente connosco. Descobre as vantagens e as economias que te esperam!\" \/>\n<meta property=\"og:url\" content=\"https:\/\/feetuphostels.com\/pt-pt\/reserva-feet-up-hostels\/\" \/>\n<meta property=\"og:site_name\" content=\"Feet Up Hostels\" \/>\n<meta property=\"article:publisher\" content=\"https:\/\/facebook.com\/feetuphostelsgroup\" \/>\n<meta property=\"article:modified_time\" content=\"2024-11-02T15:47:27+00:00\" \/>\n<meta property=\"og:image\" content=\"https:\/\/feetuphostels.com\/wp-content\/uploads\/2017\/09\/01workwithus.jpg\" \/>\n<meta name=\"twitter:card\" content=\"summary_large_image\" \/>\n<meta name=\"twitter:site\" content=\"@feetuphostels\" \/>\n<meta name=\"twitter:label1\" content=\"Tempo estimado de leitura\" \/>\n\t<meta name=\"twitter:data1\" content=\"2 minutos\" \/>\n<script type=\"application\/ld+json\" class=\"yoast-schema-graph\">{\"@context\":\"https:\\\/\\\/schema.org\",\"@graph\":[{\"@type\":\"WebPage\",\"@id\":\"https:\\\/\\\/feetuphostels.com\\\/pt-pt\\\/reserva-feet-up-hostels\\\/\",\"url\":\"https:\\\/\\\/feetuphostels.com\\\/pt-pt\\\/reserva-feet-up-hostels\\\/\",\"name\":\"Reserva Feet Up Hostels \u2764\ufe0f Benef\u00edcios exclusivos com os nossos Hostels\",\"isPartOf\":{\"@id\":\"https:\\\/\\\/feetuphostels.com\\\/pt-pt\\\/#website\"},\"primaryImageOfPage\":{\"@id\":\"https:\\\/\\\/feetuphostels.com\\\/pt-pt\\\/reserva-feet-up-hostels\\\/#primaryimage\"},\"image\":{\"@id\":\"https:\\\/\\\/feetuphostels.com\\\/pt-pt\\\/reserva-feet-up-hostels\\\/#primaryimage\"},\"thumbnailUrl\":\"https:\\\/\\\/feetuphostels.com\\\/wp-content\\\/uploads\\\/2018\\\/11\\\/work-uk-feetuphostels.jpg\",\"datePublished\":\"2017-01-23T12:06:44+00:00\",\"dateModified\":\"2024-11-02T15:47:27+00:00\",\"description\":\"Booking Feet Up Hostels a partir de \u20ac12 \u2764\ufe0f Aproveita ao m\u00e1ximo a tua estadia reservando directamente connosco. Descobre as vantagens e as economias que te esperam!\",\"breadcrumb\":{\"@id\":\"https:\\\/\\\/feetuphostels.com\\\/pt-pt\\\/reserva-feet-up-hostels\\\/#breadcrumb\"},\"inLanguage\":\"pt-PT\",\"potentialAction\":[{\"@type\":\"ReadAction\",\"target\":[\"https:\\\/\\\/feetuphostels.com\\\/pt-pt\\\/reserva-feet-up-hostels\\\/\"]}]},{\"@type\":\"ImageObject\",\"inLanguage\":\"pt-PT\",\"@id\":\"https:\\\/\\\/feetuphostels.com\\\/pt-pt\\\/reserva-feet-up-hostels\\\/#primaryimage\",\"url\":\"https:\\\/\\\/feetuphostels.com\\\/wp-content\\\/uploads\\\/2018\\\/11\\\/work-uk-feetuphostels.jpg\",\"contentUrl\":\"https:\\\/\\\/feetuphostels.com\\\/wp-content\\\/uploads\\\/2018\\\/11\\\/work-uk-feetuphostels.jpg\",\"width\":1200,\"height\":900,\"caption\":\"Reserva Feet Up Hostels\"},{\"@type\":\"BreadcrumbList\",\"@id\":\"https:\\\/\\\/feetuphostels.com\\\/pt-pt\\\/reserva-feet-up-hostels\\\/#breadcrumb\",\"itemListElement\":[{\"@type\":\"ListItem\",\"position\":1,\"name\":\"Home\",\"item\":\"https:\\\/\\\/feetuphostels.com\\\/pt-pt\\\/\"},{\"@type\":\"ListItem\",\"position\":2,\"name\":\"Bookin Feetup Hostels\"}]},{\"@type\":\"WebSite\",\"@id\":\"https:\\\/\\\/feetuphostels.com\\\/pt-pt\\\/#website\",\"url\":\"https:\\\/\\\/feetuphostels.com\\\/pt-pt\\\/\",\"name\":\"Feet Up Hostels\",\"description\":\"Youth Hostels e alojamento em Valencia, Espanha. Somos Friendliness Specialists\",\"publisher\":{\"@id\":\"https:\\\/\\\/feetuphostels.com\\\/pt-pt\\\/#organization\"},\"alternateName\":\"Feet Up Hostels\",\"potentialAction\":[{\"@type\":\"SearchAction\",\"target\":{\"@type\":\"EntryPoint\",\"urlTemplate\":\"https:\\\/\\\/feetuphostels.com\\\/pt-pt\\\/?s={search_term_string}\"},\"query-input\":{\"@type\":\"PropertyValueSpecification\",\"valueRequired\":true,\"valueName\":\"search_term_string\"}}],\"inLanguage\":\"pt-PT\"},{\"@type\":\"Organization\",\"@id\":\"https:\\\/\\\/feetuphostels.com\\\/pt-pt\\\/#organization\",\"name\":\"Feet Up Hostels\",\"alternateName\":\"Feet Up Hostels\",\"url\":\"https:\\\/\\\/feetuphostels.com\\\/pt-pt\\\/\",\"logo\":{\"@type\":\"ImageObject\",\"inLanguage\":\"pt-PT\",\"@id\":\"https:\\\/\\\/feetuphostels.com\\\/pt-pt\\\/#\\\/schema\\\/logo\\\/image\\\/\",\"url\":\"https:\\\/\\\/feetuphostels.com\\\/wp-content\\\/uploads\\\/2019\\\/01\\\/logo-web-amp-feetuphostels.svg\",\"contentUrl\":\"https:\\\/\\\/feetuphostels.com\\\/wp-content\\\/uploads\\\/2019\\\/01\\\/logo-web-amp-feetuphostels.svg\",\"width\":1,\"height\":1,\"caption\":\"Feet Up Hostels\"},\"image\":{\"@id\":\"https:\\\/\\\/feetuphostels.com\\\/pt-pt\\\/#\\\/schema\\\/logo\\\/image\\\/\"},\"sameAs\":[\"https:\\\/\\\/facebook.com\\\/feetuphostelsgroup\",\"https:\\\/\\\/x.com\\\/feetuphostels\",\"https:\\\/\\\/www.instagram.com\\\/feetuphostels\\\/\",\"https:\\\/\\\/www.tiktok.com\\\/@feetuphostels\",\"https:\\\/\\\/www.linkedin.com\\\/company\\\/feetuphostelsgroup\\\/\",\"https:\\\/\\\/www.pinterest.es\\\/FeetupHostels\\\/\",\"https:\\\/\\\/www.youtube.com\\\/feetuphostels\"]}]}<\/script>\n<!-- \/ Yoast SEO plugin. -->","yoast_head_json":{"title":"Reserva Feet Up Hostels \u2764\ufe0f Benef\u00edcios exclusivos com os nossos Hostels","description":"Booking Feet Up Hostels a partir de \u20ac12 \u2764\ufe0f Aproveita ao m\u00e1ximo a tua estadia reservando directamente connosco. Descobre as vantagens e as economias que te esperam!","robots":{"index":"index","follow":"follow","max-snippet":"max-snippet:-1","max-image-preview":"max-image-preview:large","max-video-preview":"max-video-preview:-1"},"canonical":"https:\/\/feetuphostels.com\/pt-pt\/reserva-feet-up-hostels\/","og_locale":"pt_PT","og_type":"article","og_title":"Reserva Feet Up Hostels \u00ae Friendliness Specialist","og_description":"Booking Feet Up Hostels a partir de \u20ac12 \u2764\ufe0f Aproveita ao m\u00e1ximo a tua estadia reservando directamente connosco. Descobre as vantagens e as economias que te esperam!","og_url":"https:\/\/feetuphostels.com\/pt-pt\/reserva-feet-up-hostels\/","og_site_name":"Feet Up Hostels","article_publisher":"https:\/\/facebook.com\/feetuphostelsgroup","article_modified_time":"2024-11-02T15:47:27+00:00","og_image":[{"url":"https:\/\/feetuphostels.com\/wp-content\/uploads\/2017\/09\/01workwithus.jpg","type":"","width":"","height":""}],"twitter_card":"summary_large_image","twitter_site":"@feetuphostels","twitter_misc":{"Tempo estimado de leitura":"2 minutos"},"schema":{"@context":"https:\/\/schema.org","@graph":[{"@type":"WebPage","@id":"https:\/\/feetuphostels.com\/pt-pt\/reserva-feet-up-hostels\/","url":"https:\/\/feetuphostels.com\/pt-pt\/reserva-feet-up-hostels\/","name":"Reserva Feet Up Hostels \u2764\ufe0f Benef\u00edcios exclusivos com os nossos Hostels","isPartOf":{"@id":"https:\/\/feetuphostels.com\/pt-pt\/#website"},"primaryImageOfPage":{"@id":"https:\/\/feetuphostels.com\/pt-pt\/reserva-feet-up-hostels\/#primaryimage"},"image":{"@id":"https:\/\/feetuphostels.com\/pt-pt\/reserva-feet-up-hostels\/#primaryimage"},"thumbnailUrl":"https:\/\/feetuphostels.com\/wp-content\/uploads\/2018\/11\/work-uk-feetuphostels.jpg","datePublished":"2017-01-23T12:06:44+00:00","dateModified":"2024-11-02T15:47:27+00:00","description":"Booking Feet Up Hostels a partir de \u20ac12 \u2764\ufe0f Aproveita ao m\u00e1ximo a tua estadia reservando directamente connosco. Descobre as vantagens e as economias que te esperam!","breadcrumb":{"@id":"https:\/\/feetuphostels.com\/pt-pt\/reserva-feet-up-hostels\/#breadcrumb"},"inLanguage":"pt-PT","potentialAction":[{"@type":"ReadAction","target":["https:\/\/feetuphostels.com\/pt-pt\/reserva-feet-up-hostels\/"]}]},{"@type":"ImageObject","inLanguage":"pt-PT","@id":"https:\/\/feetuphostels.com\/pt-pt\/reserva-feet-up-hostels\/#primaryimage","url":"https:\/\/feetuphostels.com\/wp-content\/uploads\/2018\/11\/work-uk-feetuphostels.jpg","contentUrl":"https:\/\/feetuphostels.com\/wp-content\/uploads\/2018\/11\/work-uk-feetuphostels.jpg","width":1200,"height":900,"caption":"Reserva Feet Up Hostels"},{"@type":"BreadcrumbList","@id":"https:\/\/feetuphostels.com\/pt-pt\/reserva-feet-up-hostels\/#breadcrumb","itemListElement":[{"@type":"ListItem","position":1,"name":"Home","item":"https:\/\/feetuphostels.com\/pt-pt\/"},{"@type":"ListItem","position":2,"name":"Bookin Feetup Hostels"}]},{"@type":"WebSite","@id":"https:\/\/feetuphostels.com\/pt-pt\/#website","url":"https:\/\/feetuphostels.com\/pt-pt\/","name":"Feet Up Hostels","description":"Youth Hostels e alojamento em Valencia, Espanha. Somos Friendliness Specialists","publisher":{"@id":"https:\/\/feetuphostels.com\/pt-pt\/#organization"},"alternateName":"Feet Up Hostels","potentialAction":[{"@type":"SearchAction","target":{"@type":"EntryPoint","urlTemplate":"https:\/\/feetuphostels.com\/pt-pt\/?s={search_term_string}"},"query-input":{"@type":"PropertyValueSpecification","valueRequired":true,"valueName":"search_term_string"}}],"inLanguage":"pt-PT"},{"@type":"Organization","@id":"https:\/\/feetuphostels.com\/pt-pt\/#organization","name":"Feet Up Hostels","alternateName":"Feet Up Hostels","url":"https:\/\/feetuphostels.com\/pt-pt\/","logo":{"@type":"ImageObject","inLanguage":"pt-PT","@id":"https:\/\/feetuphostels.com\/pt-pt\/#\/schema\/logo\/image\/","url":"https:\/\/feetuphostels.com\/wp-content\/uploads\/2019\/01\/logo-web-amp-feetuphostels.svg","contentUrl":"https:\/\/feetuphostels.com\/wp-content\/uploads\/2019\/01\/logo-web-amp-feetuphostels.svg","width":1,"height":1,"caption":"Feet Up Hostels"},"image":{"@id":"https:\/\/feetuphostels.com\/pt-pt\/#\/schema\/logo\/image\/"},"sameAs":["https:\/\/facebook.com\/feetuphostelsgroup","https:\/\/x.com\/feetuphostels","https:\/\/www.instagram.com\/feetuphostels\/","https:\/\/www.tiktok.com\/@feetuphostels","https:\/\/www.linkedin.com\/company\/feetuphostelsgroup\/","https:\/\/www.pinterest.es\/FeetupHostels\/","https:\/\/www.youtube.com\/feetuphostels"]}]}},"_links":{"self":[{"href":"https:\/\/feetuphostels.com\/pt-pt\/wp-json\/wp\/v2\/pages\/217098","targetHints":{"allow":["GET"]}}],"collection":[{"href":"https:\/\/feetuphostels.com\/pt-pt\/wp-json\/wp\/v2\/pages"}],"about":[{"href":"https:\/\/feetuphostels.com\/pt-pt\/wp-json\/wp\/v2\/types\/page"}],"author":[{"embeddable":true,"href":"https:\/\/feetuphostels.com\/pt-pt\/wp-json\/wp\/v2\/users\/13"}],"replies":[{"embeddable":true,"href":"https:\/\/feetuphostels.com\/pt-pt\/wp-json\/wp\/v2\/comments?post=217098"}],"version-history":[{"count":0,"href":"https:\/\/feetuphostels.com\/pt-pt\/wp-json\/wp\/v2\/pages\/217098\/revisions"}],"wp:featuredmedia":[{"embeddable":true,"href":"https:\/\/feetuphostels.com\/pt-pt\/wp-json\/wp\/v2\/media\/209507"}],"wp:attachment":[{"href":"https:\/\/feetuphostels.com\/pt-pt\/wp-json\/wp\/v2\/media?parent=217098"}],"curies":[{"name":"wp","href":"https:\/\/api.w.org\/{rel}","templated":true}]}}