{"id":216541,"date":"2019-11-04T13:39:59","date_gmt":"2019-11-04T12:39:59","guid":{"rendered":"https:\/\/feetuphostels.com\/reserva-red-nest-hostel-valencia\/"},"modified":"2024-11-03T12:58:18","modified_gmt":"2024-11-03T11:58:18","slug":"reserva-red-nest-hostel-valencia","status":"publish","type":"page","link":"https:\/\/feetuphostels.com\/pt-pt\/reserva-red-nest-hostel-valencia\/","title":{"rendered":"Reserva Red Nest Hostel Valencia"},"content":{"rendered":"\n<h1 class=\"wp-block-heading has-text-align-center\" id=\"h-booking-red-nest-hostel\">Reserva o Red Nest Hostel<\/h1>\n\n<iframe src=\"https:\/\/feetup-red-nest-hostel-dot-feetup-hotels.appspot.com\/booking1\/?adultsRoom1=1&#038;language=english\" width=\"100%\" height=\"1800px\" style=\"border:0;\"><\/iframe>\r\n\n<h2 class=\"wp-block-heading\">Bem-vindo \u00e0 reserva da nossa Pousada de Juventude Red Nest!&#13;\nReserva a tua cama em Val\u00eancia<\/h2>\n\n<h3 class=\"wp-block-heading\">Se est\u00e1s \u00e0 procura de uma experi\u00eancia aut\u00eantica e divertida, vieste ao s\u00edtio certo.<\/h3>\n\n<p>Aqui, vamos destacar todas as vantagens de reservar directamente no nosso site em vez de usar plataformas OTA populares como Booking ou HostelWorld.<\/p>\n\n<p>Continua a ler para descobrires porque \u00e9 que \u00e9 a melhor escolha!<\/p>\n\n<ol class=\"wp-block-list\">\n<li><strong>Garante o melhor pre\u00e7o:<\/strong> Quando reservas directamente no nosso s\u00edtio Web, garantimos que obt\u00e9ns o melhor pre\u00e7o dispon\u00edvel. Sem intermedi\u00e1rios nem taxas adicionais, poupar\u00e1s dinheiro que poder\u00e1s utilizar para aproveitar ao m\u00e1ximo a tua viagem.<\/li>\n\n\n\n<li><a href=\"https:\/\/feetuphostels.com\/customer\/contact\/\">Aten\u00e7\u00e3o personalizada:<\/a> Ao reservar diretamente connosco, receber\u00e1s um atendimento personalizado e simp\u00e1tico a partir do momento em que fizeres a tua reserva. A nossa equipa estar\u00e1 dispon\u00edvel para responder a todas as tuas perguntas e ajudar-te de todas as formas poss\u00edveis para garantir uma estadia perfeita.<\/li>\n\n\n\n<li><strong>Flexibilidade na reserva:<\/strong> O nosso s\u00edtio Web oferece uma maior flexibilidade quando se trata de modificar a tua reserva. Podes ajustar as datas, adicionar servi\u00e7os extra e adaptar a tua reserva \u00e0s tuas necessidades espec\u00edficas. Queremos proporcionar-te uma experi\u00eancia personalizada.<\/li>\n\n\n\n<li><strong>Ofertas exclusivas:<\/strong> Reservar directamente connosco d\u00e1-te acesso a ofertas e promo\u00e7\u00f5es exclusivas que n\u00e3o encontrar\u00e1s noutras plataformas. Podes usufruir de descontos especiais, pacotes adicionais e benef\u00edcios extra durante a tua estadia.<\/li>\n\n\n\n<li><strong>Apoio local:<\/strong> Ao reservar directamente, est\u00e1s a apoiar directamente a nossa Pousada de Juventude e a comunidade local. Valorizamos a economia local e trabalhamos com fornecedores locais para te proporcionar uma experi\u00eancia aut\u00eantica e sustent\u00e1vel.<\/li>\n\n\n\n<li><strong>Informa\u00e7\u00e3o privilegiada:<\/strong> Ao reservar directamente, receber\u00e1s informa\u00e7\u00f5es privilegiadas sobre eventos, actividades locais e locais de interesse. Forneceremos recomenda\u00e7\u00f5es personalizadas para te ajudar a tirar o m\u00e1ximo partido da tua estadia e a descobrir os segredos mais bem guardados da zona.<\/li>\n\n\n\n<li><strong>Estabelece uma liga\u00e7\u00e3o directa connosco:<\/strong> Reservar directamente no nosso site permite-te estabelecer uma liga\u00e7\u00e3o directa com a nossa equipa. Podes contactar-nos para obter informa\u00e7\u00f5es adicionais, fazer perguntas espec\u00edficas e receber assist\u00eancia personalizada antes, durante e depois da tua estadia.<\/li>\n<\/ol>\n\n<h2 class=\"wp-block-heading\">Resumindo.<\/h2>\n\n<p>Reservar diretamente no nosso site oferece in\u00fameras vantagens, desde a garantia do melhor pre\u00e7o at\u00e9 \u00e0 aten\u00e7\u00e3o personalizada e ofertas exclusivas. Al\u00e9m disso, ao faz\u00ea-lo, est\u00e1s a apoiar diretamente o nosso Red Nest Hostel Valencia e a <a href=\"https:\/\/feetuphostels.com\/hostels-valencia\/\">comunidade local<\/a>.&#13;\n<div id=\"gtx-trans\" style=\"position: absolute; left: -12px; top: 110px;\">&#13;\n<div class=\"gtx-trans-icon\"><\/div>&#13;\n<\/div><\/p>\n\n<p>Por isso, n\u00e3o esperes mais, faz a tua reserva directamente no nosso site e prepara-te para uma experi\u00eancia \u00fanica e cheia de aventura na nossa Pousada de Juventude!<\/p>\n","protected":false},"excerpt":{"rendered":"<p>Booking Red Nest Hostel Valencia \u00ae Compara em outros canais e reserva connosco \ud83d\ude4b\ud83d\ude4b\u200d\u2642\ufe0f temos sempre o melhor pre\u00e7o online em Valencia \u2714\ufe0f Reserva e Poupa no teu Hostel Hoje! Promete o melhor pre\u00e7o. Sem taxa de reserva. Sem taxas de reserva. Atendimento ao cliente 24\/7. L\u00ea os coment\u00e1rios reais dos h\u00f3spedes. Obt\u00e9m confirma\u00e7\u00e3o instant\u00e2nea. Reserva segura. Reserva Red Nest Hostel Valencia<\/p>\n","protected":false},"author":13,"featured_media":209532,"parent":0,"menu_order":0,"comment_status":"closed","ping_status":"closed","template":"","meta":{"footnotes":""},"class_list":["post-216541","page","type-page","status-publish","has-post-thumbnail","hentry"],"yoast_head":"<!-- This site is optimized with the Yoast SEO plugin v27.3 - https:\/\/yoast.com\/product\/yoast-seo-wordpress\/ -->\n<title>Booking Red Nest Hostel Valencia \u00ae Compara e reserva connosco<\/title>\n<meta name=\"description\" content=\"Reserva Red Nest Hostel Valencia \u00ae Compara em outros canais e reserva connosco \ud83d\ude4b\ud83d\ude4b\u200d\u2642\ufe0f temos sempre o melhor pre\u00e7o online em Valencia\u2714\ufe0f\" \/>\n<meta name=\"robots\" content=\"index, follow, max-snippet:-1, max-image-preview:large, max-video-preview:-1\" \/>\n<link rel=\"canonical\" href=\"https:\/\/feetuphostels.com\/pt-pt\/reserva-red-nest-hostel-valencia\/\" \/>\n<meta property=\"og:locale\" content=\"pt_PT\" \/>\n<meta property=\"og:type\" content=\"article\" \/>\n<meta property=\"og:title\" content=\"Booking Red Nest Hostel Valencia \u00ae Compara e reserva connosco\" \/>\n<meta property=\"og:description\" content=\"Reserva Red Nest Hostel Valencia \u00ae Compara em outros canais e reserva connosco \ud83d\ude4b\ud83d\ude4b\u200d\u2642\ufe0f temos sempre o melhor pre\u00e7o online em Valencia\u2714\ufe0f\" \/>\n<meta property=\"og:url\" content=\"https:\/\/feetuphostels.com\/pt-pt\/reserva-red-nest-hostel-valencia\/\" \/>\n<meta property=\"og:site_name\" content=\"Feet Up Hostels\" \/>\n<meta property=\"article:publisher\" content=\"https:\/\/facebook.com\/feetuphostelsgroup\" \/>\n<meta property=\"article:modified_time\" content=\"2024-11-03T11:58:18+00:00\" \/>\n<meta property=\"og:image\" content=\"https:\/\/feetuphostels.com\/wp-content\/uploads\/2019\/02\/09red-nest-hostel-valencia-by-feetuphostels.jpg\" \/>\n\t<meta property=\"og:image:width\" content=\"1554\" \/>\n\t<meta property=\"og:image:height\" content=\"1080\" \/>\n\t<meta property=\"og:image:type\" content=\"image\/jpeg\" \/>\n<meta name=\"twitter:card\" content=\"summary_large_image\" \/>\n<meta name=\"twitter:site\" content=\"@feetuphostels\" \/>\n<meta name=\"twitter:label1\" content=\"Tempo estimado de leitura\" \/>\n\t<meta name=\"twitter:data1\" content=\"2 minutos\" \/>\n<script type=\"application\/ld+json\" class=\"yoast-schema-graph\">{\"@context\":\"https:\\\/\\\/schema.org\",\"@graph\":[{\"@type\":\"WebPage\",\"@id\":\"https:\\\/\\\/feetuphostels.com\\\/pt-pt\\\/reserva-red-nest-hostel-valencia\\\/\",\"url\":\"https:\\\/\\\/feetuphostels.com\\\/pt-pt\\\/reserva-red-nest-hostel-valencia\\\/\",\"name\":\"Booking Red Nest Hostel Valencia \u00ae Compara e reserva connosco\",\"isPartOf\":{\"@id\":\"https:\\\/\\\/feetuphostels.com\\\/pt-pt\\\/#website\"},\"primaryImageOfPage\":{\"@id\":\"https:\\\/\\\/feetuphostels.com\\\/pt-pt\\\/reserva-red-nest-hostel-valencia\\\/#primaryimage\"},\"image\":{\"@id\":\"https:\\\/\\\/feetuphostels.com\\\/pt-pt\\\/reserva-red-nest-hostel-valencia\\\/#primaryimage\"},\"thumbnailUrl\":\"https:\\\/\\\/feetuphostels.com\\\/wp-content\\\/uploads\\\/2019\\\/02\\\/09red-nest-hostel-valencia-by-feetuphostels.jpg\",\"datePublished\":\"2019-11-04T12:39:59+00:00\",\"dateModified\":\"2024-11-03T11:58:18+00:00\",\"description\":\"Reserva Red Nest Hostel Valencia \u00ae Compara em outros canais e reserva connosco \ud83d\ude4b\ud83d\ude4b\u200d\u2642\ufe0f temos sempre o melhor pre\u00e7o online em Valencia\u2714\ufe0f\",\"breadcrumb\":{\"@id\":\"https:\\\/\\\/feetuphostels.com\\\/pt-pt\\\/reserva-red-nest-hostel-valencia\\\/#breadcrumb\"},\"inLanguage\":\"pt-PT\",\"potentialAction\":[{\"@type\":\"ReadAction\",\"target\":[\"https:\\\/\\\/feetuphostels.com\\\/pt-pt\\\/reserva-red-nest-hostel-valencia\\\/\"]}]},{\"@type\":\"ImageObject\",\"inLanguage\":\"pt-PT\",\"@id\":\"https:\\\/\\\/feetuphostels.com\\\/pt-pt\\\/reserva-red-nest-hostel-valencia\\\/#primaryimage\",\"url\":\"https:\\\/\\\/feetuphostels.com\\\/wp-content\\\/uploads\\\/2019\\\/02\\\/09red-nest-hostel-valencia-by-feetuphostels.jpg\",\"contentUrl\":\"https:\\\/\\\/feetuphostels.com\\\/wp-content\\\/uploads\\\/2019\\\/02\\\/09red-nest-hostel-valencia-by-feetuphostels.jpg\",\"width\":1554,\"height\":1080,\"caption\":\"Aproveita o teu tempo com os amigos\"},{\"@type\":\"BreadcrumbList\",\"@id\":\"https:\\\/\\\/feetuphostels.com\\\/pt-pt\\\/reserva-red-nest-hostel-valencia\\\/#breadcrumb\",\"itemListElement\":[{\"@type\":\"ListItem\",\"position\":1,\"name\":\"Home\",\"item\":\"https:\\\/\\\/feetuphostels.com\\\/pt-pt\\\/\"},{\"@type\":\"ListItem\",\"position\":2,\"name\":\"Reserva Red Nest Hostel Valencia\"}]},{\"@type\":\"WebSite\",\"@id\":\"https:\\\/\\\/feetuphostels.com\\\/pt-pt\\\/#website\",\"url\":\"https:\\\/\\\/feetuphostels.com\\\/pt-pt\\\/\",\"name\":\"Feet Up Hostels\",\"description\":\"Youth Hostels e alojamento em Valencia, Espanha. Somos Friendliness Specialists\",\"publisher\":{\"@id\":\"https:\\\/\\\/feetuphostels.com\\\/pt-pt\\\/#organization\"},\"alternateName\":\"Feet Up Hostels\",\"potentialAction\":[{\"@type\":\"SearchAction\",\"target\":{\"@type\":\"EntryPoint\",\"urlTemplate\":\"https:\\\/\\\/feetuphostels.com\\\/pt-pt\\\/?s={search_term_string}\"},\"query-input\":{\"@type\":\"PropertyValueSpecification\",\"valueRequired\":true,\"valueName\":\"search_term_string\"}}],\"inLanguage\":\"pt-PT\"},{\"@type\":\"Organization\",\"@id\":\"https:\\\/\\\/feetuphostels.com\\\/pt-pt\\\/#organization\",\"name\":\"Feet Up Hostels\",\"alternateName\":\"Feet Up Hostels\",\"url\":\"https:\\\/\\\/feetuphostels.com\\\/pt-pt\\\/\",\"logo\":{\"@type\":\"ImageObject\",\"inLanguage\":\"pt-PT\",\"@id\":\"https:\\\/\\\/feetuphostels.com\\\/pt-pt\\\/#\\\/schema\\\/logo\\\/image\\\/\",\"url\":\"https:\\\/\\\/feetuphostels.com\\\/wp-content\\\/uploads\\\/2019\\\/01\\\/logo-web-amp-feetuphostels.svg\",\"contentUrl\":\"https:\\\/\\\/feetuphostels.com\\\/wp-content\\\/uploads\\\/2019\\\/01\\\/logo-web-amp-feetuphostels.svg\",\"width\":1,\"height\":1,\"caption\":\"Feet Up Hostels\"},\"image\":{\"@id\":\"https:\\\/\\\/feetuphostels.com\\\/pt-pt\\\/#\\\/schema\\\/logo\\\/image\\\/\"},\"sameAs\":[\"https:\\\/\\\/facebook.com\\\/feetuphostelsgroup\",\"https:\\\/\\\/x.com\\\/feetuphostels\",\"https:\\\/\\\/www.instagram.com\\\/feetuphostels\\\/\",\"https:\\\/\\\/www.tiktok.com\\\/@feetuphostels\",\"https:\\\/\\\/www.linkedin.com\\\/company\\\/feetuphostelsgroup\\\/\",\"https:\\\/\\\/www.pinterest.es\\\/FeetupHostels\\\/\",\"https:\\\/\\\/www.youtube.com\\\/feetuphostels\"]}]}<\/script>\n<!-- \/ Yoast SEO plugin. -->","yoast_head_json":{"title":"Booking Red Nest Hostel Valencia \u00ae Compara e reserva connosco","description":"Reserva Red Nest Hostel Valencia \u00ae Compara em outros canais e reserva connosco \ud83d\ude4b\ud83d\ude4b\u200d\u2642\ufe0f temos sempre o melhor pre\u00e7o online em Valencia\u2714\ufe0f","robots":{"index":"index","follow":"follow","max-snippet":"max-snippet:-1","max-image-preview":"max-image-preview:large","max-video-preview":"max-video-preview:-1"},"canonical":"https:\/\/feetuphostels.com\/pt-pt\/reserva-red-nest-hostel-valencia\/","og_locale":"pt_PT","og_type":"article","og_title":"Booking Red Nest Hostel Valencia \u00ae Compara e reserva connosco","og_description":"Reserva Red Nest Hostel Valencia \u00ae Compara em outros canais e reserva connosco \ud83d\ude4b\ud83d\ude4b\u200d\u2642\ufe0f temos sempre o melhor pre\u00e7o online em Valencia\u2714\ufe0f","og_url":"https:\/\/feetuphostels.com\/pt-pt\/reserva-red-nest-hostel-valencia\/","og_site_name":"Feet Up Hostels","article_publisher":"https:\/\/facebook.com\/feetuphostelsgroup","article_modified_time":"2024-11-03T11:58:18+00:00","og_image":[{"width":1554,"height":1080,"url":"https:\/\/feetuphostels.com\/wp-content\/uploads\/2019\/02\/09red-nest-hostel-valencia-by-feetuphostels.jpg","type":"image\/jpeg"}],"twitter_card":"summary_large_image","twitter_site":"@feetuphostels","twitter_misc":{"Tempo estimado de leitura":"2 minutos"},"schema":{"@context":"https:\/\/schema.org","@graph":[{"@type":"WebPage","@id":"https:\/\/feetuphostels.com\/pt-pt\/reserva-red-nest-hostel-valencia\/","url":"https:\/\/feetuphostels.com\/pt-pt\/reserva-red-nest-hostel-valencia\/","name":"Booking Red Nest Hostel Valencia \u00ae Compara e reserva connosco","isPartOf":{"@id":"https:\/\/feetuphostels.com\/pt-pt\/#website"},"primaryImageOfPage":{"@id":"https:\/\/feetuphostels.com\/pt-pt\/reserva-red-nest-hostel-valencia\/#primaryimage"},"image":{"@id":"https:\/\/feetuphostels.com\/pt-pt\/reserva-red-nest-hostel-valencia\/#primaryimage"},"thumbnailUrl":"https:\/\/feetuphostels.com\/wp-content\/uploads\/2019\/02\/09red-nest-hostel-valencia-by-feetuphostels.jpg","datePublished":"2019-11-04T12:39:59+00:00","dateModified":"2024-11-03T11:58:18+00:00","description":"Reserva Red Nest Hostel Valencia \u00ae Compara em outros canais e reserva connosco \ud83d\ude4b\ud83d\ude4b\u200d\u2642\ufe0f temos sempre o melhor pre\u00e7o online em Valencia\u2714\ufe0f","breadcrumb":{"@id":"https:\/\/feetuphostels.com\/pt-pt\/reserva-red-nest-hostel-valencia\/#breadcrumb"},"inLanguage":"pt-PT","potentialAction":[{"@type":"ReadAction","target":["https:\/\/feetuphostels.com\/pt-pt\/reserva-red-nest-hostel-valencia\/"]}]},{"@type":"ImageObject","inLanguage":"pt-PT","@id":"https:\/\/feetuphostels.com\/pt-pt\/reserva-red-nest-hostel-valencia\/#primaryimage","url":"https:\/\/feetuphostels.com\/wp-content\/uploads\/2019\/02\/09red-nest-hostel-valencia-by-feetuphostels.jpg","contentUrl":"https:\/\/feetuphostels.com\/wp-content\/uploads\/2019\/02\/09red-nest-hostel-valencia-by-feetuphostels.jpg","width":1554,"height":1080,"caption":"Aproveita o teu tempo com os amigos"},{"@type":"BreadcrumbList","@id":"https:\/\/feetuphostels.com\/pt-pt\/reserva-red-nest-hostel-valencia\/#breadcrumb","itemListElement":[{"@type":"ListItem","position":1,"name":"Home","item":"https:\/\/feetuphostels.com\/pt-pt\/"},{"@type":"ListItem","position":2,"name":"Reserva Red Nest Hostel Valencia"}]},{"@type":"WebSite","@id":"https:\/\/feetuphostels.com\/pt-pt\/#website","url":"https:\/\/feetuphostels.com\/pt-pt\/","name":"Feet Up Hostels","description":"Youth Hostels e alojamento em Valencia, Espanha. Somos Friendliness Specialists","publisher":{"@id":"https:\/\/feetuphostels.com\/pt-pt\/#organization"},"alternateName":"Feet Up Hostels","potentialAction":[{"@type":"SearchAction","target":{"@type":"EntryPoint","urlTemplate":"https:\/\/feetuphostels.com\/pt-pt\/?s={search_term_string}"},"query-input":{"@type":"PropertyValueSpecification","valueRequired":true,"valueName":"search_term_string"}}],"inLanguage":"pt-PT"},{"@type":"Organization","@id":"https:\/\/feetuphostels.com\/pt-pt\/#organization","name":"Feet Up Hostels","alternateName":"Feet Up Hostels","url":"https:\/\/feetuphostels.com\/pt-pt\/","logo":{"@type":"ImageObject","inLanguage":"pt-PT","@id":"https:\/\/feetuphostels.com\/pt-pt\/#\/schema\/logo\/image\/","url":"https:\/\/feetuphostels.com\/wp-content\/uploads\/2019\/01\/logo-web-amp-feetuphostels.svg","contentUrl":"https:\/\/feetuphostels.com\/wp-content\/uploads\/2019\/01\/logo-web-amp-feetuphostels.svg","width":1,"height":1,"caption":"Feet Up Hostels"},"image":{"@id":"https:\/\/feetuphostels.com\/pt-pt\/#\/schema\/logo\/image\/"},"sameAs":["https:\/\/facebook.com\/feetuphostelsgroup","https:\/\/x.com\/feetuphostels","https:\/\/www.instagram.com\/feetuphostels\/","https:\/\/www.tiktok.com\/@feetuphostels","https:\/\/www.linkedin.com\/company\/feetuphostelsgroup\/","https:\/\/www.pinterest.es\/FeetupHostels\/","https:\/\/www.youtube.com\/feetuphostels"]}]}},"_links":{"self":[{"href":"https:\/\/feetuphostels.com\/pt-pt\/wp-json\/wp\/v2\/pages\/216541","targetHints":{"allow":["GET"]}}],"collection":[{"href":"https:\/\/feetuphostels.com\/pt-pt\/wp-json\/wp\/v2\/pages"}],"about":[{"href":"https:\/\/feetuphostels.com\/pt-pt\/wp-json\/wp\/v2\/types\/page"}],"author":[{"embeddable":true,"href":"https:\/\/feetuphostels.com\/pt-pt\/wp-json\/wp\/v2\/users\/13"}],"replies":[{"embeddable":true,"href":"https:\/\/feetuphostels.com\/pt-pt\/wp-json\/wp\/v2\/comments?post=216541"}],"version-history":[{"count":0,"href":"https:\/\/feetuphostels.com\/pt-pt\/wp-json\/wp\/v2\/pages\/216541\/revisions"}],"wp:featuredmedia":[{"embeddable":true,"href":"https:\/\/feetuphostels.com\/pt-pt\/wp-json\/wp\/v2\/media\/209532"}],"wp:attachment":[{"href":"https:\/\/feetuphostels.com\/pt-pt\/wp-json\/wp\/v2\/media?parent=216541"}],"curies":[{"name":"wp","href":"https:\/\/api.w.org\/{rel}","templated":true}]}}