{"id":216507,"date":"2019-11-11T11:15:23","date_gmt":"2019-11-11T10:15:23","guid":{"rendered":"https:\/\/feetuphostels.com\/reserva-home-youth-hostel-valencia\/"},"modified":"2024-11-02T18:33:58","modified_gmt":"2024-11-02T17:33:58","slug":"reserva-home-youth-hostel-valencia","status":"publish","type":"page","link":"https:\/\/feetuphostels.com\/pt-pt\/reserva-home-youth-hostel-valencia\/","title":{"rendered":"Reserva H\u00f4me Youth Hostel Valencia"},"content":{"rendered":"\n<h1 class=\"wp-block-heading has-text-align-center\" id=\"h-booking-home-youth-hostel\">Reserva a H\u00f4me Youth Hostel<\/h1>\n\n<iframe src=\"https:\/\/feetup-youth-hostel-dot-feetup-hotels.appspot.com\/booking1\/?adultsRoom1=1\" width=\"100%\" height=\"1800px\" style=\"border:0;\"><\/iframe>\r\n\n<h2 class=\"wp-block-heading\">Reserva uma cama sem beliches na nossa H\u00f4me Youth Hostel<\/h2>\n\n<h2 class=\"wp-block-heading\">Ol\u00e1, companheiro de viagem!&#13;\nEst\u00e1s pronto para a pr\u00f3xima aventura?<\/h2>\n\n<p>Bem-vindo \u00e0 nossa H\u00f4me Youth Hostel, onde a divers\u00e3o, o conforto e a hospitalidade se encontram. Se procuras uma experi\u00eancia inesquec\u00edvel, podes ter a certeza de que est\u00e1s no s\u00edtio certo.<\/p>\n\n<p>Aqui, valorizamos a autenticidade e o contacto directo contigo, o nosso h\u00f3spede. Estamos convencidos de que se reservares directamente connosco, ter\u00e1s uma experi\u00eancia de alojamento personalizada e gratificante, e acima de tudo, cheia de boas vibra\u00e7\u00f5es!<\/p>\n\n<p>Porque \u00e9 que dizemos isto? Deixa-nos explicar:<\/p>\n\n<ul class=\"wp-block-list\">\n<li><strong>Garante o melhor pre\u00e7o:<\/strong> Quando reservas directamente connosco, obt\u00e9ns sempre o melhor pre\u00e7o. N\u00e3o h\u00e1 intermedi\u00e1rios que adicionem comiss\u00f5es extra, por isso ter\u00e1s mais para gastar nas tuas aventuras.<\/li>\n\n\n\n<li><a href=\"https:\/\/feetuphostels.com\/customer\/contact\/\">Comunica\u00e7\u00e3o direta:<\/a> Ao reservar diretamente, usufrui de uma comunica\u00e7\u00e3o fluida e direta com a nossa equipa. Podemos atender \u00e0s tuas necessidades, responder a todas as tuas perguntas e dar-te as melhores dicas locais de uma forma eficiente.&#13;\n<div id=\"gtx-trans\" style=\"position: absolute; left: -132px; top: -10px;\">&#13;\n<div class=\"gtx-trans-icon\"><\/div>&#13;\n<\/div><\/li>\n\n\n\n<li><strong>Personaliza\u00e7\u00e3o:<\/strong> Tens necessidades diet\u00e9ticas espec\u00edficas? Preferes uma cama num canto sossegado do dormit\u00f3rio? Quando reservas directamente, podemos adaptar-nos aos teus gostos e necessidades para garantir que a tua estadia \u00e9 super confort\u00e1vel e agrad\u00e1vel.<\/li>\n\n\n\n<li><strong>Promo\u00e7\u00f5es exclusivas:<\/strong> Muitas vezes temos ofertas e descontos que s\u00f3 est\u00e3o dispon\u00edveis para aqueles que reservam directamente connosco. Isto pode ir desde descontos em actividades locais at\u00e9 uma bebida gr\u00e1tis \u00e0 tua chegada.<\/li>\n\n\n\n<li><strong>Fidelidade recompensada:<\/strong> Se reservares directamente, ser\u00e1s o primeiro a saber dos nossos eventos e ofertas especiais. Al\u00e9m disso, adoramos ver caras conhecidas, por isso, muitas vezes, temos pr\u00e9mios especiais para aqueles que regressam.<\/li>\n<\/ul>\n\n<h2 class=\"wp-block-heading\">Resumindo.<\/h2>\n\n<p>Reservar directamente connosco significa que usufruir\u00e1s dos melhores pre\u00e7os, de um servi\u00e7o mais personalizado, de promo\u00e7\u00f5es exclusivas e de recompensas pela fidelidade. Mas o mais importante \u00e9 que te tornar\u00e1s parte da nossa comunidade de viajantes e aventureiros, partilhando experi\u00eancias e criando mem\u00f3rias que durar\u00e3o para toda a vida.<\/p>\n\n<p>Por isso, da pr\u00f3xima vez que estiveres a planear a tua grande aventura, pensa em reservar directamente connosco.<\/p>\n\n<p>Garantimos que ser\u00e1 a melhor decis\u00e3o para a tua viagem.<\/p>\n\n<p>Estamos ansiosos por te receber de bra\u00e7os abertos na nossa Pousada de Juventude!<\/p>\n","protected":false},"excerpt":{"rendered":"<p>Booking H\u00f4me Youth Hostel Valencia \u00ae Reserva uma cama agora ao melhor pre\u00e7o em Val\u00eancia, sem taxas de reserva, confirma\u00e7\u00e3o imediata, cancelamento gratuito. Este edif\u00edcio recentemente restaurado no centro de Val\u00eancia tem acesso Wi-Fi gratuito e \u00e9 o \u00fanico hostel em Val\u00eancia a oferecer camas individuais, em vez de beliches<\/p>\n","protected":false},"author":13,"featured_media":209569,"parent":0,"menu_order":0,"comment_status":"closed","ping_status":"closed","template":"","meta":{"footnotes":""},"class_list":["post-216507","page","type-page","status-publish","has-post-thumbnail","hentry"],"yoast_head":"<!-- This site is optimized with the Yoast SEO plugin v27.3 - https:\/\/yoast.com\/product\/yoast-seo-wordpress\/ -->\n<title>Reserva H\u00f4me Youth Hostel Valencia\u00ae Reserva uma cama ao melhor pre\u00e7o<\/title>\n<meta name=\"description\" content=\"Reserva H\u00f4me Youth Hostel Valencia \u00ae Reserva j\u00e1 uma cama ao melhor pre\u00e7o em Val\u00eancia, sem taxas de reserva, confirma\u00e7\u00e3o imediata, cancelamento gratuito\" \/>\n<meta name=\"robots\" content=\"index, follow, max-snippet:-1, max-image-preview:large, max-video-preview:-1\" \/>\n<link rel=\"canonical\" href=\"https:\/\/feetuphostels.com\/pt-pt\/reserva-home-youth-hostel-valencia\/\" \/>\n<meta property=\"og:locale\" content=\"pt_PT\" \/>\n<meta property=\"og:type\" content=\"article\" \/>\n<meta property=\"og:title\" content=\"Reserva H\u00f4me Youth Hostel Valencia\u00ae Reserva uma cama ao melhor pre\u00e7o\" \/>\n<meta property=\"og:description\" content=\"Reserva H\u00f4me Youth Hostel Valencia \u00ae Reserva j\u00e1 uma cama ao melhor pre\u00e7o em Val\u00eancia, sem taxas de reserva, confirma\u00e7\u00e3o imediata, cancelamento gratuito\" \/>\n<meta property=\"og:url\" content=\"https:\/\/feetuphostels.com\/pt-pt\/reserva-home-youth-hostel-valencia\/\" \/>\n<meta property=\"og:site_name\" content=\"Feet Up Hostels\" \/>\n<meta property=\"article:publisher\" content=\"https:\/\/facebook.com\/feetuphostelsgroup\" \/>\n<meta property=\"article:modified_time\" content=\"2024-11-02T17:33:58+00:00\" \/>\n<meta property=\"og:image\" content=\"https:\/\/feetuphostels.com\/wp-content\/uploads\/2019\/07\/16home-youth-hostel-valencia-by-feetuphostels.jpg\" \/>\n\t<meta property=\"og:image:width\" content=\"1620\" \/>\n\t<meta property=\"og:image:height\" content=\"1080\" \/>\n\t<meta property=\"og:image:type\" content=\"image\/jpeg\" \/>\n<meta name=\"twitter:card\" content=\"summary_large_image\" \/>\n<meta name=\"twitter:site\" content=\"@feetuphostels\" \/>\n<meta name=\"twitter:label1\" content=\"Tempo estimado de leitura\" \/>\n\t<meta name=\"twitter:data1\" content=\"2 minutos\" \/>\n<script type=\"application\/ld+json\" class=\"yoast-schema-graph\">{\"@context\":\"https:\\\/\\\/schema.org\",\"@graph\":[{\"@type\":\"WebPage\",\"@id\":\"https:\\\/\\\/feetuphostels.com\\\/pt-pt\\\/reserva-home-youth-hostel-valencia\\\/\",\"url\":\"https:\\\/\\\/feetuphostels.com\\\/pt-pt\\\/reserva-home-youth-hostel-valencia\\\/\",\"name\":\"Reserva H\u00f4me Youth Hostel Valencia\u00ae Reserva uma cama ao melhor pre\u00e7o\",\"isPartOf\":{\"@id\":\"https:\\\/\\\/feetuphostels.com\\\/pt-pt\\\/#website\"},\"primaryImageOfPage\":{\"@id\":\"https:\\\/\\\/feetuphostels.com\\\/pt-pt\\\/reserva-home-youth-hostel-valencia\\\/#primaryimage\"},\"image\":{\"@id\":\"https:\\\/\\\/feetuphostels.com\\\/pt-pt\\\/reserva-home-youth-hostel-valencia\\\/#primaryimage\"},\"thumbnailUrl\":\"https:\\\/\\\/feetuphostels.com\\\/wp-content\\\/uploads\\\/2019\\\/07\\\/16home-youth-hostel-valencia-by-feetuphostels.jpg\",\"datePublished\":\"2019-11-11T10:15:23+00:00\",\"dateModified\":\"2024-11-02T17:33:58+00:00\",\"description\":\"Reserva H\u00f4me Youth Hostel Valencia \u00ae Reserva j\u00e1 uma cama ao melhor pre\u00e7o em Val\u00eancia, sem taxas de reserva, confirma\u00e7\u00e3o imediata, cancelamento gratuito\",\"breadcrumb\":{\"@id\":\"https:\\\/\\\/feetuphostels.com\\\/pt-pt\\\/reserva-home-youth-hostel-valencia\\\/#breadcrumb\"},\"inLanguage\":\"pt-PT\",\"potentialAction\":[{\"@type\":\"ReadAction\",\"target\":[\"https:\\\/\\\/feetuphostels.com\\\/pt-pt\\\/reserva-home-youth-hostel-valencia\\\/\"]}]},{\"@type\":\"ImageObject\",\"inLanguage\":\"pt-PT\",\"@id\":\"https:\\\/\\\/feetuphostels.com\\\/pt-pt\\\/reserva-home-youth-hostel-valencia\\\/#primaryimage\",\"url\":\"https:\\\/\\\/feetuphostels.com\\\/wp-content\\\/uploads\\\/2019\\\/07\\\/16home-youth-hostel-valencia-by-feetuphostels.jpg\",\"contentUrl\":\"https:\\\/\\\/feetuphostels.com\\\/wp-content\\\/uploads\\\/2019\\\/07\\\/16home-youth-hostel-valencia-by-feetuphostels.jpg\",\"width\":1620,\"height\":1080,\"caption\":\"A recep\u00e7\u00e3o d\u00e1-te um acolhimento caloroso\"},{\"@type\":\"BreadcrumbList\",\"@id\":\"https:\\\/\\\/feetuphostels.com\\\/pt-pt\\\/reserva-home-youth-hostel-valencia\\\/#breadcrumb\",\"itemListElement\":[{\"@type\":\"ListItem\",\"position\":1,\"name\":\"Home\",\"item\":\"https:\\\/\\\/feetuphostels.com\\\/pt-pt\\\/\"},{\"@type\":\"ListItem\",\"position\":2,\"name\":\"Reserva H\u00f4me Youth Hostel Valencia\"}]},{\"@type\":\"WebSite\",\"@id\":\"https:\\\/\\\/feetuphostels.com\\\/pt-pt\\\/#website\",\"url\":\"https:\\\/\\\/feetuphostels.com\\\/pt-pt\\\/\",\"name\":\"Feet Up Hostels\",\"description\":\"Youth Hostels e alojamento em Valencia, Espanha. Somos Friendliness Specialists\",\"publisher\":{\"@id\":\"https:\\\/\\\/feetuphostels.com\\\/pt-pt\\\/#organization\"},\"alternateName\":\"Feet Up Hostels\",\"potentialAction\":[{\"@type\":\"SearchAction\",\"target\":{\"@type\":\"EntryPoint\",\"urlTemplate\":\"https:\\\/\\\/feetuphostels.com\\\/pt-pt\\\/?s={search_term_string}\"},\"query-input\":{\"@type\":\"PropertyValueSpecification\",\"valueRequired\":true,\"valueName\":\"search_term_string\"}}],\"inLanguage\":\"pt-PT\"},{\"@type\":\"Organization\",\"@id\":\"https:\\\/\\\/feetuphostels.com\\\/pt-pt\\\/#organization\",\"name\":\"Feet Up Hostels\",\"alternateName\":\"Feet Up Hostels\",\"url\":\"https:\\\/\\\/feetuphostels.com\\\/pt-pt\\\/\",\"logo\":{\"@type\":\"ImageObject\",\"inLanguage\":\"pt-PT\",\"@id\":\"https:\\\/\\\/feetuphostels.com\\\/pt-pt\\\/#\\\/schema\\\/logo\\\/image\\\/\",\"url\":\"https:\\\/\\\/feetuphostels.com\\\/wp-content\\\/uploads\\\/2019\\\/01\\\/logo-web-amp-feetuphostels.svg\",\"contentUrl\":\"https:\\\/\\\/feetuphostels.com\\\/wp-content\\\/uploads\\\/2019\\\/01\\\/logo-web-amp-feetuphostels.svg\",\"width\":1,\"height\":1,\"caption\":\"Feet Up Hostels\"},\"image\":{\"@id\":\"https:\\\/\\\/feetuphostels.com\\\/pt-pt\\\/#\\\/schema\\\/logo\\\/image\\\/\"},\"sameAs\":[\"https:\\\/\\\/facebook.com\\\/feetuphostelsgroup\",\"https:\\\/\\\/x.com\\\/feetuphostels\",\"https:\\\/\\\/www.instagram.com\\\/feetuphostels\\\/\",\"https:\\\/\\\/www.tiktok.com\\\/@feetuphostels\",\"https:\\\/\\\/www.linkedin.com\\\/company\\\/feetuphostelsgroup\\\/\",\"https:\\\/\\\/www.pinterest.es\\\/FeetupHostels\\\/\",\"https:\\\/\\\/www.youtube.com\\\/feetuphostels\"]}]}<\/script>\n<!-- \/ Yoast SEO plugin. -->","yoast_head_json":{"title":"Reserva H\u00f4me Youth Hostel Valencia\u00ae Reserva uma cama ao melhor pre\u00e7o","description":"Reserva H\u00f4me Youth Hostel Valencia \u00ae Reserva j\u00e1 uma cama ao melhor pre\u00e7o em Val\u00eancia, sem taxas de reserva, confirma\u00e7\u00e3o imediata, cancelamento gratuito","robots":{"index":"index","follow":"follow","max-snippet":"max-snippet:-1","max-image-preview":"max-image-preview:large","max-video-preview":"max-video-preview:-1"},"canonical":"https:\/\/feetuphostels.com\/pt-pt\/reserva-home-youth-hostel-valencia\/","og_locale":"pt_PT","og_type":"article","og_title":"Reserva H\u00f4me Youth Hostel Valencia\u00ae Reserva uma cama ao melhor pre\u00e7o","og_description":"Reserva H\u00f4me Youth Hostel Valencia \u00ae Reserva j\u00e1 uma cama ao melhor pre\u00e7o em Val\u00eancia, sem taxas de reserva, confirma\u00e7\u00e3o imediata, cancelamento gratuito","og_url":"https:\/\/feetuphostels.com\/pt-pt\/reserva-home-youth-hostel-valencia\/","og_site_name":"Feet Up Hostels","article_publisher":"https:\/\/facebook.com\/feetuphostelsgroup","article_modified_time":"2024-11-02T17:33:58+00:00","og_image":[{"width":1620,"height":1080,"url":"https:\/\/feetuphostels.com\/wp-content\/uploads\/2019\/07\/16home-youth-hostel-valencia-by-feetuphostels.jpg","type":"image\/jpeg"}],"twitter_card":"summary_large_image","twitter_site":"@feetuphostels","twitter_misc":{"Tempo estimado de leitura":"2 minutos"},"schema":{"@context":"https:\/\/schema.org","@graph":[{"@type":"WebPage","@id":"https:\/\/feetuphostels.com\/pt-pt\/reserva-home-youth-hostel-valencia\/","url":"https:\/\/feetuphostels.com\/pt-pt\/reserva-home-youth-hostel-valencia\/","name":"Reserva H\u00f4me Youth Hostel Valencia\u00ae Reserva uma cama ao melhor pre\u00e7o","isPartOf":{"@id":"https:\/\/feetuphostels.com\/pt-pt\/#website"},"primaryImageOfPage":{"@id":"https:\/\/feetuphostels.com\/pt-pt\/reserva-home-youth-hostel-valencia\/#primaryimage"},"image":{"@id":"https:\/\/feetuphostels.com\/pt-pt\/reserva-home-youth-hostel-valencia\/#primaryimage"},"thumbnailUrl":"https:\/\/feetuphostels.com\/wp-content\/uploads\/2019\/07\/16home-youth-hostel-valencia-by-feetuphostels.jpg","datePublished":"2019-11-11T10:15:23+00:00","dateModified":"2024-11-02T17:33:58+00:00","description":"Reserva H\u00f4me Youth Hostel Valencia \u00ae Reserva j\u00e1 uma cama ao melhor pre\u00e7o em Val\u00eancia, sem taxas de reserva, confirma\u00e7\u00e3o imediata, cancelamento gratuito","breadcrumb":{"@id":"https:\/\/feetuphostels.com\/pt-pt\/reserva-home-youth-hostel-valencia\/#breadcrumb"},"inLanguage":"pt-PT","potentialAction":[{"@type":"ReadAction","target":["https:\/\/feetuphostels.com\/pt-pt\/reserva-home-youth-hostel-valencia\/"]}]},{"@type":"ImageObject","inLanguage":"pt-PT","@id":"https:\/\/feetuphostels.com\/pt-pt\/reserva-home-youth-hostel-valencia\/#primaryimage","url":"https:\/\/feetuphostels.com\/wp-content\/uploads\/2019\/07\/16home-youth-hostel-valencia-by-feetuphostels.jpg","contentUrl":"https:\/\/feetuphostels.com\/wp-content\/uploads\/2019\/07\/16home-youth-hostel-valencia-by-feetuphostels.jpg","width":1620,"height":1080,"caption":"A recep\u00e7\u00e3o d\u00e1-te um acolhimento caloroso"},{"@type":"BreadcrumbList","@id":"https:\/\/feetuphostels.com\/pt-pt\/reserva-home-youth-hostel-valencia\/#breadcrumb","itemListElement":[{"@type":"ListItem","position":1,"name":"Home","item":"https:\/\/feetuphostels.com\/pt-pt\/"},{"@type":"ListItem","position":2,"name":"Reserva H\u00f4me Youth Hostel Valencia"}]},{"@type":"WebSite","@id":"https:\/\/feetuphostels.com\/pt-pt\/#website","url":"https:\/\/feetuphostels.com\/pt-pt\/","name":"Feet Up Hostels","description":"Youth Hostels e alojamento em Valencia, Espanha. Somos Friendliness Specialists","publisher":{"@id":"https:\/\/feetuphostels.com\/pt-pt\/#organization"},"alternateName":"Feet Up Hostels","potentialAction":[{"@type":"SearchAction","target":{"@type":"EntryPoint","urlTemplate":"https:\/\/feetuphostels.com\/pt-pt\/?s={search_term_string}"},"query-input":{"@type":"PropertyValueSpecification","valueRequired":true,"valueName":"search_term_string"}}],"inLanguage":"pt-PT"},{"@type":"Organization","@id":"https:\/\/feetuphostels.com\/pt-pt\/#organization","name":"Feet Up Hostels","alternateName":"Feet Up Hostels","url":"https:\/\/feetuphostels.com\/pt-pt\/","logo":{"@type":"ImageObject","inLanguage":"pt-PT","@id":"https:\/\/feetuphostels.com\/pt-pt\/#\/schema\/logo\/image\/","url":"https:\/\/feetuphostels.com\/wp-content\/uploads\/2019\/01\/logo-web-amp-feetuphostels.svg","contentUrl":"https:\/\/feetuphostels.com\/wp-content\/uploads\/2019\/01\/logo-web-amp-feetuphostels.svg","width":1,"height":1,"caption":"Feet Up Hostels"},"image":{"@id":"https:\/\/feetuphostels.com\/pt-pt\/#\/schema\/logo\/image\/"},"sameAs":["https:\/\/facebook.com\/feetuphostelsgroup","https:\/\/x.com\/feetuphostels","https:\/\/www.instagram.com\/feetuphostels\/","https:\/\/www.tiktok.com\/@feetuphostels","https:\/\/www.linkedin.com\/company\/feetuphostelsgroup\/","https:\/\/www.pinterest.es\/FeetupHostels\/","https:\/\/www.youtube.com\/feetuphostels"]}]}},"_links":{"self":[{"href":"https:\/\/feetuphostels.com\/pt-pt\/wp-json\/wp\/v2\/pages\/216507","targetHints":{"allow":["GET"]}}],"collection":[{"href":"https:\/\/feetuphostels.com\/pt-pt\/wp-json\/wp\/v2\/pages"}],"about":[{"href":"https:\/\/feetuphostels.com\/pt-pt\/wp-json\/wp\/v2\/types\/page"}],"author":[{"embeddable":true,"href":"https:\/\/feetuphostels.com\/pt-pt\/wp-json\/wp\/v2\/users\/13"}],"replies":[{"embeddable":true,"href":"https:\/\/feetuphostels.com\/pt-pt\/wp-json\/wp\/v2\/comments?post=216507"}],"version-history":[{"count":0,"href":"https:\/\/feetuphostels.com\/pt-pt\/wp-json\/wp\/v2\/pages\/216507\/revisions"}],"wp:featuredmedia":[{"embeddable":true,"href":"https:\/\/feetuphostels.com\/pt-pt\/wp-json\/wp\/v2\/media\/209569"}],"wp:attachment":[{"href":"https:\/\/feetuphostels.com\/pt-pt\/wp-json\/wp\/v2\/media?parent=216507"}],"curies":[{"name":"wp","href":"https:\/\/api.w.org\/{rel}","templated":true}]}}