{"id":216480,"date":"2019-10-30T09:59:27","date_gmt":"2019-10-30T08:59:27","guid":{"rendered":"https:\/\/feetuphostels.com\/reserva-purple-nest-hostel-valencia\/"},"modified":"2024-11-03T12:26:03","modified_gmt":"2024-11-03T11:26:03","slug":"reserva-purple-nest-hostel-valencia","status":"publish","type":"page","link":"https:\/\/feetuphostels.com\/pt-pt\/reserva-purple-nest-hostel-valencia\/","title":{"rendered":"Reserva Purple Nest Hostel Valencia"},"content":{"rendered":"\n<h1 class=\"wp-block-heading has-text-align-center\" id=\"h-booking-purple-nest-hostel\">Reserva Purple Nest Hostel<\/h1>\n\n<iframe src=\"https:\/\/feetup-purple-nest-hostel-dot-feetup-hotels.appspot.com\/booking1\/?adultsRoom1=1&#038;language=english\" width=\"100%\" height=\"1800px\" style=\"border:0;\"><\/iframe>\r\n\n<h2 class=\"wp-block-heading\">Ol\u00e1, aventureiros e exploradores!&#13;\nReserva a tua cama em Val\u00eancia<\/h2>\n\n<h2 class=\"wp-block-heading\">Bem-vindo ao nosso Purple Nest <a href=\"https:\/\/nesthostelsvalencia.com\/\" target=\"_blank\" rel=\"noreferrer noopener\">Hostel Valencia<\/a><\/h2>\n\n<p>Um lugar onde a divers\u00e3o se encontra com o conforto e a hospitalidade.<\/p>\n\n<p>Se est\u00e1s \u00e0 procura de uma experi\u00eancia de viagem inesquec\u00edvel, este \u00e9 o lugar para ti.<\/p>\n\n<p>Aqui no nosso <a href=\"https:\/\/feetuphostels.com\/purple-nest-hostel-valencia\/\">Purple Nest<\/a>, valorizamos a autenticidade e a intera\u00e7\u00e3o direta com os nossos h\u00f3spedes. Acreditamos que reservar diretamente connosco \u00e9 a melhor forma de garantir uma experi\u00eancia de alojamento \u00fanica, personalizada e, acima de tudo, gratificante.<\/p>\n\n<p>Porqu\u00ea, perguntas tu? Deixa-nos explicar:<\/p>\n\n<ol class=\"wp-block-list\">\n<li><a href=\"https:\/\/feetuphostels.com\/safe-booking\/\">Garante o melhor pre\u00e7o<\/a>: Ao reservar diretamente connosco, obt\u00e9m sempre o melhor pre\u00e7o. N\u00e3o h\u00e1 intermedi\u00e1rios a acrescentar comiss\u00f5es extra, por isso podes poupar mais para as tuas aventuras.<\/li>\n\n\n\n<li><strong>Comunica\u00e7\u00e3o directa:<\/strong> Ao reservar directamente, beneficia de uma linha de comunica\u00e7\u00e3o mais fluida e directa com o nosso pessoal. Podemos atender \u00e0s tuas necessidades pessoais, responder \u00e0s tuas perguntas e fornecer dicas locais \u00fateis de forma eficiente.<\/li>\n\n\n\n<li><strong>Personaliza\u00e7\u00e3o:<\/strong> Tens necessidades diet\u00e9ticas espec\u00edficas? Preferes uma cama num canto sossegado do dormit\u00f3rio? Quando fazes a reserva directamente, podemos adaptar-nos \u00e0s tuas prefer\u00eancias e necessidades individuais para garantir que a tua estadia seja o mais confort\u00e1vel e agrad\u00e1vel poss\u00edvel.<\/li>\n\n\n\n<li><strong>Promo\u00e7\u00f5es exclusivas:<\/strong> Temos frequentemente ofertas e descontos exclusivos dispon\u00edveis apenas para os h\u00f3spedes que reservam diretamente. Isto pode incluir tudo, desde descontos em actividades locais at\u00e9 uma bebida gr\u00e1tis \u00e0 chegada.&#13;\n<div id=\"gtx-trans\" style=\"position: absolute; left: 156px; top: -10px;\">&#13;\n<div class=\"gtx-trans-icon\"><\/div>&#13;\n<\/div><\/li>\n\n\n\n<li><strong>Fidelidade recompensada:<\/strong> Os h\u00f3spedes que reservam directamente s\u00e3o frequentemente os primeiros a saber dos nossos eventos e ofertas especiais. Al\u00e9m disso, gostamos de ver caras conhecidas, por isso temos muitas vezes pr\u00e9mios especiais para os h\u00f3spedes que regressam.<\/li>\n<\/ol>\n\n<p><\/p>\n\n<h2 class=\"wp-block-heading\">Resumindo.<\/h2>\n\n<p>Reservar directamente connosco significa que beneficiar\u00e1s dos melhores pre\u00e7os, de um servi\u00e7o mais personalizado, de promo\u00e7\u00f5es exclusivas e de pr\u00e9mios de fidelidade. Mas, acima de tudo, significa que far\u00e1s parte da nossa comunidade de viajantes e aventureiros, partilhando experi\u00eancias e criando mem\u00f3rias que durar\u00e3o para toda a vida.<\/p>\n\n<p>Por isso, da pr\u00f3xima vez que estiveres a planear a tua grande aventura, considera reservar directamente connosco. Garantimos que ser\u00e1 a melhor decis\u00e3o para a tua viagem.<\/p>\n\n<p>Estamos ansiosos por te receber de bra\u00e7os abertos na nossa Pousada de Juventude!<\/p>\n","protected":false},"excerpt":{"rendered":"<p>Booking Purple Nest Hostel Valencia \u00ae Compara em outros canais e reserva connosco \ud83d\ude4b\ud83d\ude4b\u200d\u2642\ufe0f temos sempre o melhor pre\u00e7o online em Valencia \u2714\ufe0f Reserva e Poupa no teu Hostel Hoje! Promete o melhor pre\u00e7o. Sem taxa de reserva. Sem taxas de reserva. Atendimento ao cliente 24\/7. L\u00ea os coment\u00e1rios reais dos h\u00f3spedes. Obt\u00e9m confirma\u00e7\u00e3o instant\u00e2nea. Reserva segura. Reserva Purple Nest Hostel Valencia<\/p>\n","protected":false},"author":13,"featured_media":209524,"parent":0,"menu_order":0,"comment_status":"closed","ping_status":"closed","template":"","meta":{"footnotes":""},"class_list":["post-216480","page","type-page","status-publish","has-post-thumbnail","hentry"],"yoast_head":"<!-- This site is optimized with the Yoast SEO plugin v27.4 - https:\/\/yoast.com\/product\/yoast-seo-wordpress\/ -->\n<title>Booking Purple Nest Hostel Valencia \u00ae Compara e reserva<\/title>\n<meta name=\"description\" content=\"Booking Purple Nest Hostel Valencia \u00ae Compara noutros canais e reserva connosco \ud83d\ude4b\ud83d\ude4b\u200d\u2642\ufe0f temos sempre o melhor pre\u00e7o online em Valencia\u2714\ufe0f\" \/>\n<meta name=\"robots\" content=\"index, follow, max-snippet:-1, max-image-preview:large, max-video-preview:-1\" \/>\n<link rel=\"canonical\" href=\"https:\/\/feetuphostels.com\/pt-pt\/reserva-purple-nest-hostel-valencia\/\" \/>\n<meta property=\"og:locale\" content=\"pt_PT\" \/>\n<meta property=\"og:type\" content=\"article\" \/>\n<meta property=\"og:title\" content=\"Booking Purple Nest Hostel Valencia \u00ae Compara e reserva\" \/>\n<meta property=\"og:description\" content=\"Booking Purple Nest Hostel Valencia \u00ae Compara noutros canais e reserva connosco \ud83d\ude4b\ud83d\ude4b\u200d\u2642\ufe0f temos sempre o melhor pre\u00e7o online em Valencia\u2714\ufe0f\" \/>\n<meta property=\"og:url\" content=\"https:\/\/feetuphostels.com\/pt-pt\/reserva-purple-nest-hostel-valencia\/\" \/>\n<meta property=\"og:site_name\" content=\"Feet Up Hostels\" \/>\n<meta property=\"article:publisher\" content=\"https:\/\/facebook.com\/feetuphostelsgroup\" \/>\n<meta property=\"article:modified_time\" content=\"2024-11-03T11:26:03+00:00\" \/>\n<meta property=\"og:image\" content=\"https:\/\/feetuphostels.com\/wp-content\/uploads\/2019\/01\/35purple-nest-hostel-valencia-by-feetuphostels.jpg\" \/>\n\t<meta property=\"og:image:width\" content=\"1620\" \/>\n\t<meta property=\"og:image:height\" content=\"1080\" \/>\n\t<meta property=\"og:image:type\" content=\"image\/jpeg\" \/>\n<meta name=\"twitter:card\" content=\"summary_large_image\" \/>\n<meta name=\"twitter:site\" content=\"@feetuphostels\" \/>\n<meta name=\"twitter:label1\" content=\"Tempo estimado de leitura\" \/>\n\t<meta name=\"twitter:data1\" content=\"2 minutos\" \/>\n<script type=\"application\/ld+json\" class=\"yoast-schema-graph\">{\"@context\":\"https:\\\/\\\/schema.org\",\"@graph\":[{\"@type\":\"WebPage\",\"@id\":\"https:\\\/\\\/feetuphostels.com\\\/pt-pt\\\/reserva-purple-nest-hostel-valencia\\\/\",\"url\":\"https:\\\/\\\/feetuphostels.com\\\/pt-pt\\\/reserva-purple-nest-hostel-valencia\\\/\",\"name\":\"Booking Purple Nest Hostel Valencia \u00ae Compara e reserva\",\"isPartOf\":{\"@id\":\"https:\\\/\\\/feetuphostels.com\\\/pt-pt\\\/#website\"},\"primaryImageOfPage\":{\"@id\":\"https:\\\/\\\/feetuphostels.com\\\/pt-pt\\\/reserva-purple-nest-hostel-valencia\\\/#primaryimage\"},\"image\":{\"@id\":\"https:\\\/\\\/feetuphostels.com\\\/pt-pt\\\/reserva-purple-nest-hostel-valencia\\\/#primaryimage\"},\"thumbnailUrl\":\"https:\\\/\\\/feetuphostels.com\\\/wp-content\\\/uploads\\\/2019\\\/01\\\/35purple-nest-hostel-valencia-by-feetuphostels.jpg\",\"datePublished\":\"2019-10-30T08:59:27+00:00\",\"dateModified\":\"2024-11-03T11:26:03+00:00\",\"description\":\"Booking Purple Nest Hostel Valencia \u00ae Compara noutros canais e reserva connosco \ud83d\ude4b\ud83d\ude4b\u200d\u2642\ufe0f temos sempre o melhor pre\u00e7o online em Valencia\u2714\ufe0f\",\"breadcrumb\":{\"@id\":\"https:\\\/\\\/feetuphostels.com\\\/pt-pt\\\/reserva-purple-nest-hostel-valencia\\\/#breadcrumb\"},\"inLanguage\":\"pt-PT\",\"potentialAction\":[{\"@type\":\"ReadAction\",\"target\":[\"https:\\\/\\\/feetuphostels.com\\\/pt-pt\\\/reserva-purple-nest-hostel-valencia\\\/\"]}]},{\"@type\":\"ImageObject\",\"inLanguage\":\"pt-PT\",\"@id\":\"https:\\\/\\\/feetuphostels.com\\\/pt-pt\\\/reserva-purple-nest-hostel-valencia\\\/#primaryimage\",\"url\":\"https:\\\/\\\/feetuphostels.com\\\/wp-content\\\/uploads\\\/2019\\\/01\\\/35purple-nest-hostel-valencia-by-feetuphostels.jpg\",\"contentUrl\":\"https:\\\/\\\/feetuphostels.com\\\/wp-content\\\/uploads\\\/2019\\\/01\\\/35purple-nest-hostel-valencia-by-feetuphostels.jpg\",\"width\":1620,\"height\":1080,\"caption\":\"A recep\u00e7\u00e3o d\u00e1-te as boas-vindas\"},{\"@type\":\"BreadcrumbList\",\"@id\":\"https:\\\/\\\/feetuphostels.com\\\/pt-pt\\\/reserva-purple-nest-hostel-valencia\\\/#breadcrumb\",\"itemListElement\":[{\"@type\":\"ListItem\",\"position\":1,\"name\":\"Home\",\"item\":\"https:\\\/\\\/feetuphostels.com\\\/pt-pt\\\/\"},{\"@type\":\"ListItem\",\"position\":2,\"name\":\"Reserva Purple Nest Hostel Valencia\"}]},{\"@type\":\"WebSite\",\"@id\":\"https:\\\/\\\/feetuphostels.com\\\/pt-pt\\\/#website\",\"url\":\"https:\\\/\\\/feetuphostels.com\\\/pt-pt\\\/\",\"name\":\"Feet Up Hostels\",\"description\":\"Youth Hostels e alojamento em Valencia, Espanha. Somos Friendliness Specialists\",\"publisher\":{\"@id\":\"https:\\\/\\\/feetuphostels.com\\\/pt-pt\\\/#organization\"},\"alternateName\":\"Feet Up Hostels\",\"potentialAction\":[{\"@type\":\"SearchAction\",\"target\":{\"@type\":\"EntryPoint\",\"urlTemplate\":\"https:\\\/\\\/feetuphostels.com\\\/pt-pt\\\/?s={search_term_string}\"},\"query-input\":{\"@type\":\"PropertyValueSpecification\",\"valueRequired\":true,\"valueName\":\"search_term_string\"}}],\"inLanguage\":\"pt-PT\"},{\"@type\":\"Organization\",\"@id\":\"https:\\\/\\\/feetuphostels.com\\\/pt-pt\\\/#organization\",\"name\":\"Feet Up Hostels\",\"alternateName\":\"Feet Up Hostels\",\"url\":\"https:\\\/\\\/feetuphostels.com\\\/pt-pt\\\/\",\"logo\":{\"@type\":\"ImageObject\",\"inLanguage\":\"pt-PT\",\"@id\":\"https:\\\/\\\/feetuphostels.com\\\/pt-pt\\\/#\\\/schema\\\/logo\\\/image\\\/\",\"url\":\"https:\\\/\\\/feetuphostels.com\\\/wp-content\\\/uploads\\\/2019\\\/01\\\/logo-web-amp-feetuphostels.svg\",\"contentUrl\":\"https:\\\/\\\/feetuphostels.com\\\/wp-content\\\/uploads\\\/2019\\\/01\\\/logo-web-amp-feetuphostels.svg\",\"width\":1,\"height\":1,\"caption\":\"Feet Up Hostels\"},\"image\":{\"@id\":\"https:\\\/\\\/feetuphostels.com\\\/pt-pt\\\/#\\\/schema\\\/logo\\\/image\\\/\"},\"sameAs\":[\"https:\\\/\\\/facebook.com\\\/feetuphostelsgroup\",\"https:\\\/\\\/x.com\\\/feetuphostels\",\"https:\\\/\\\/www.instagram.com\\\/feetuphostels\\\/\",\"https:\\\/\\\/www.tiktok.com\\\/@feetuphostels\",\"https:\\\/\\\/www.linkedin.com\\\/company\\\/feetuphostelsgroup\\\/\",\"https:\\\/\\\/www.pinterest.es\\\/FeetupHostels\\\/\",\"https:\\\/\\\/www.youtube.com\\\/feetuphostels\"]}]}<\/script>\n<!-- \/ Yoast SEO plugin. -->","yoast_head_json":{"title":"Booking Purple Nest Hostel Valencia \u00ae Compara e reserva","description":"Booking Purple Nest Hostel Valencia \u00ae Compara noutros canais e reserva connosco \ud83d\ude4b\ud83d\ude4b\u200d\u2642\ufe0f temos sempre o melhor pre\u00e7o online em Valencia\u2714\ufe0f","robots":{"index":"index","follow":"follow","max-snippet":"max-snippet:-1","max-image-preview":"max-image-preview:large","max-video-preview":"max-video-preview:-1"},"canonical":"https:\/\/feetuphostels.com\/pt-pt\/reserva-purple-nest-hostel-valencia\/","og_locale":"pt_PT","og_type":"article","og_title":"Booking Purple Nest Hostel Valencia \u00ae Compara e reserva","og_description":"Booking Purple Nest Hostel Valencia \u00ae Compara noutros canais e reserva connosco \ud83d\ude4b\ud83d\ude4b\u200d\u2642\ufe0f temos sempre o melhor pre\u00e7o online em Valencia\u2714\ufe0f","og_url":"https:\/\/feetuphostels.com\/pt-pt\/reserva-purple-nest-hostel-valencia\/","og_site_name":"Feet Up Hostels","article_publisher":"https:\/\/facebook.com\/feetuphostelsgroup","article_modified_time":"2024-11-03T11:26:03+00:00","og_image":[{"width":1620,"height":1080,"url":"https:\/\/feetuphostels.com\/wp-content\/uploads\/2019\/01\/35purple-nest-hostel-valencia-by-feetuphostels.jpg","type":"image\/jpeg"}],"twitter_card":"summary_large_image","twitter_site":"@feetuphostels","twitter_misc":{"Tempo estimado de leitura":"2 minutos"},"schema":{"@context":"https:\/\/schema.org","@graph":[{"@type":"WebPage","@id":"https:\/\/feetuphostels.com\/pt-pt\/reserva-purple-nest-hostel-valencia\/","url":"https:\/\/feetuphostels.com\/pt-pt\/reserva-purple-nest-hostel-valencia\/","name":"Booking Purple Nest Hostel Valencia \u00ae Compara e reserva","isPartOf":{"@id":"https:\/\/feetuphostels.com\/pt-pt\/#website"},"primaryImageOfPage":{"@id":"https:\/\/feetuphostels.com\/pt-pt\/reserva-purple-nest-hostel-valencia\/#primaryimage"},"image":{"@id":"https:\/\/feetuphostels.com\/pt-pt\/reserva-purple-nest-hostel-valencia\/#primaryimage"},"thumbnailUrl":"https:\/\/feetuphostels.com\/wp-content\/uploads\/2019\/01\/35purple-nest-hostel-valencia-by-feetuphostels.jpg","datePublished":"2019-10-30T08:59:27+00:00","dateModified":"2024-11-03T11:26:03+00:00","description":"Booking Purple Nest Hostel Valencia \u00ae Compara noutros canais e reserva connosco \ud83d\ude4b\ud83d\ude4b\u200d\u2642\ufe0f temos sempre o melhor pre\u00e7o online em Valencia\u2714\ufe0f","breadcrumb":{"@id":"https:\/\/feetuphostels.com\/pt-pt\/reserva-purple-nest-hostel-valencia\/#breadcrumb"},"inLanguage":"pt-PT","potentialAction":[{"@type":"ReadAction","target":["https:\/\/feetuphostels.com\/pt-pt\/reserva-purple-nest-hostel-valencia\/"]}]},{"@type":"ImageObject","inLanguage":"pt-PT","@id":"https:\/\/feetuphostels.com\/pt-pt\/reserva-purple-nest-hostel-valencia\/#primaryimage","url":"https:\/\/feetuphostels.com\/wp-content\/uploads\/2019\/01\/35purple-nest-hostel-valencia-by-feetuphostels.jpg","contentUrl":"https:\/\/feetuphostels.com\/wp-content\/uploads\/2019\/01\/35purple-nest-hostel-valencia-by-feetuphostels.jpg","width":1620,"height":1080,"caption":"A recep\u00e7\u00e3o d\u00e1-te as boas-vindas"},{"@type":"BreadcrumbList","@id":"https:\/\/feetuphostels.com\/pt-pt\/reserva-purple-nest-hostel-valencia\/#breadcrumb","itemListElement":[{"@type":"ListItem","position":1,"name":"Home","item":"https:\/\/feetuphostels.com\/pt-pt\/"},{"@type":"ListItem","position":2,"name":"Reserva Purple Nest Hostel Valencia"}]},{"@type":"WebSite","@id":"https:\/\/feetuphostels.com\/pt-pt\/#website","url":"https:\/\/feetuphostels.com\/pt-pt\/","name":"Feet Up Hostels","description":"Youth Hostels e alojamento em Valencia, Espanha. Somos Friendliness Specialists","publisher":{"@id":"https:\/\/feetuphostels.com\/pt-pt\/#organization"},"alternateName":"Feet Up Hostels","potentialAction":[{"@type":"SearchAction","target":{"@type":"EntryPoint","urlTemplate":"https:\/\/feetuphostels.com\/pt-pt\/?s={search_term_string}"},"query-input":{"@type":"PropertyValueSpecification","valueRequired":true,"valueName":"search_term_string"}}],"inLanguage":"pt-PT"},{"@type":"Organization","@id":"https:\/\/feetuphostels.com\/pt-pt\/#organization","name":"Feet Up Hostels","alternateName":"Feet Up Hostels","url":"https:\/\/feetuphostels.com\/pt-pt\/","logo":{"@type":"ImageObject","inLanguage":"pt-PT","@id":"https:\/\/feetuphostels.com\/pt-pt\/#\/schema\/logo\/image\/","url":"https:\/\/feetuphostels.com\/wp-content\/uploads\/2019\/01\/logo-web-amp-feetuphostels.svg","contentUrl":"https:\/\/feetuphostels.com\/wp-content\/uploads\/2019\/01\/logo-web-amp-feetuphostels.svg","width":1,"height":1,"caption":"Feet Up Hostels"},"image":{"@id":"https:\/\/feetuphostels.com\/pt-pt\/#\/schema\/logo\/image\/"},"sameAs":["https:\/\/facebook.com\/feetuphostelsgroup","https:\/\/x.com\/feetuphostels","https:\/\/www.instagram.com\/feetuphostels\/","https:\/\/www.tiktok.com\/@feetuphostels","https:\/\/www.linkedin.com\/company\/feetuphostelsgroup\/","https:\/\/www.pinterest.es\/FeetupHostels\/","https:\/\/www.youtube.com\/feetuphostels"]}]}},"_links":{"self":[{"href":"https:\/\/feetuphostels.com\/pt-pt\/wp-json\/wp\/v2\/pages\/216480","targetHints":{"allow":["GET"]}}],"collection":[{"href":"https:\/\/feetuphostels.com\/pt-pt\/wp-json\/wp\/v2\/pages"}],"about":[{"href":"https:\/\/feetuphostels.com\/pt-pt\/wp-json\/wp\/v2\/types\/page"}],"author":[{"embeddable":true,"href":"https:\/\/feetuphostels.com\/pt-pt\/wp-json\/wp\/v2\/users\/13"}],"replies":[{"embeddable":true,"href":"https:\/\/feetuphostels.com\/pt-pt\/wp-json\/wp\/v2\/comments?post=216480"}],"version-history":[{"count":0,"href":"https:\/\/feetuphostels.com\/pt-pt\/wp-json\/wp\/v2\/pages\/216480\/revisions"}],"wp:featuredmedia":[{"embeddable":true,"href":"https:\/\/feetuphostels.com\/pt-pt\/wp-json\/wp\/v2\/media\/209524"}],"wp:attachment":[{"href":"https:\/\/feetuphostels.com\/pt-pt\/wp-json\/wp\/v2\/media?parent=216480"}],"curies":[{"name":"wp","href":"https:\/\/api.w.org\/{rel}","templated":true}]}}