{"id":216226,"date":"2023-05-17T17:09:54","date_gmt":"2023-05-17T15:09:54","guid":{"rendered":"https:\/\/feetuphostels.com\/declaracao-ecologica-%e2%99%bb%ef%b8%8f\/"},"modified":"2024-11-04T17:53:26","modified_gmt":"2024-11-04T16:53:26","slug":"declaracao-ecologica-%e2%99%bb%ef%b8%8f","status":"publish","type":"page","link":"https:\/\/feetuphostels.com\/pt-pt\/declaracao-ecologica-%e2%99%bb%ef%b8%8f\/","title":{"rendered":"Declara\u00e7\u00e3o ecol\u00f3gica \u267b\ufe0f"},"content":{"rendered":"\n<h1 class=\"wp-block-heading has-text-align-center\" id=\"h-eco-friendly-statement\">Declara\u00e7\u00e3o ecol\u00f3gica \u267b\ufe0f<\/h1>\n\n<h2 class=\"wp-block-heading has-text-align-center\">S\u00f3 temos um planeta<\/h2>\n\n<h3 class=\"wp-block-heading has-text-align-center\">A mudan\u00e7a come\u00e7a com pequenos gestos.<\/h3>\n\n<h4 class=\"wp-block-heading has-text-align-center\">Se o clima est\u00e1 a mudar, ser\u00e1 que n\u00f3s tamb\u00e9m o podemos fazer e cuidar dele?<\/h4>\n\n<div style=\"height:50px\" aria-hidden=\"true\" class=\"wp-block-spacer\"><\/div>\n\n<div class=\"wp-block-columns is-layout-flex wp-container-core-columns-is-layout-28f84493 wp-block-columns-is-layout-flex\">\n<div class=\"wp-block-column is-layout-flow wp-block-column-is-layout-flow\">\n<div class=\"wp-block-group is-content-justification-center is-nowrap is-layout-flex wp-container-core-group-is-layout-23441af8 wp-block-group-is-layout-flex\">\n<span class=\"material-symbols-sharp md-48\" style=\"font-size:80px;\">tips_and_updates<\/span>\r\n<\/div>\n\n\n\n<h2 class=\"wp-block-heading has-text-align-center\">Recicla<\/h2>\n\n\n\n<p class=\"has-text-align-center\">Todas as pilhas e l\u00e2mpadas<\/p>\n<\/div>\n\n\n\n<div class=\"wp-block-column is-layout-flow wp-block-column-is-layout-flow\">\n<div class=\"wp-block-group is-content-justification-center is-layout-flex wp-container-core-group-is-layout-b02886af wp-block-group-is-layout-flex\">\n<span class=\"material-symbols-sharp md-48\" style=\"font-size:80px;\">water_bottle<\/span>\r\n<\/div>\n\n\n\n<h2 class=\"wp-block-heading has-text-align-center\">Recicla<\/h2>\n\n\n\n<p class=\"has-text-align-center\">Grande parte do pl\u00e1stico e das embalagens<\/p>\n<\/div>\n\n\n\n<div class=\"wp-block-column is-layout-flow wp-block-column-is-layout-flow\">\n<div class=\"wp-block-group is-content-justification-center is-nowrap is-layout-flex wp-container-core-group-is-layout-23441af8 wp-block-group-is-layout-flex\">\n<span class=\"material-symbols-sharp md-48\" style=\"font-size:80px;\">laundry<\/span>\r\n<\/div>\n\n\n\n<h2 class=\"wp-block-heading has-text-align-center\">Damos-te<\/h2>\n\n\n\n<p class=\"has-text-align-center\">Outra vida para a roupa de cama velha<\/p>\n<\/div>\n<\/div>\n\n<div class=\"wp-block-columns is-layout-flex wp-container-core-columns-is-layout-28f84493 wp-block-columns-is-layout-flex\">\n<div class=\"wp-block-column is-layout-flow wp-block-column-is-layout-flow\">\n<div class=\"wp-block-group is-content-justification-center is-nowrap is-layout-flex wp-container-core-group-is-layout-23441af8 wp-block-group-is-layout-flex\">\n<span class=\"material-symbols-sharp md-48\" style=\"font-size:80px;\">tips_and_updates<\/span>\r\n<\/div>\n\n\n\n<h2 class=\"wp-block-heading has-text-align-center\">Clima<\/h2>\n\n\n\n<p class=\"has-text-align-center\">Os nossos aparelhos de ar condicionado s\u00e3o energeticamente eficientes<\/p>\n<\/div>\n\n\n\n<div class=\"wp-block-column is-layout-flow wp-block-column-is-layout-flow\">\n<div class=\"wp-block-group is-content-justification-center is-nowrap is-layout-flex wp-container-core-group-is-layout-23441af8 wp-block-group-is-layout-flex\">\n<span class=\"material-symbols-sharp md-48\" style=\"font-size:80px;\">water_bottle<\/span>\r\n<\/div>\n\n\n\n<h2 class=\"wp-block-heading has-text-align-center\">Reutiliza\u00e7\u00e3o<\/h2>\n\n\n\n<p class=\"has-text-align-center\">Folhas de papel para impress\u00e3o<\/p>\n<\/div>\n\n\n\n<div class=\"wp-block-column is-layout-flow wp-block-column-is-layout-flow\">\n<div class=\"wp-block-group is-content-justification-center is-nowrap is-layout-flex wp-container-core-group-is-layout-23441af8 wp-block-group-is-layout-flex\">\n<span class=\"material-symbols-sharp md-48\" style=\"font-size:80px;\">charger<\/span>\r\n<\/div>\n\n\n\n<h2 class=\"wp-block-heading has-text-align-center\">Temos<\/h2>\n\n\n\n<p class=\"has-text-align-center\">Aparelhos da classe A++<\/p>\n<\/div>\n<\/div>\n\n<div style=\"height:50px\" aria-hidden=\"true\" class=\"wp-block-spacer\"><\/div>\n\n<h3 class=\"wp-block-heading\">Nas nossas Pousadas de Juventude.<\/h3>\n\n<ul class=\"wp-block-list\">\n<li>Reciclamos pilhas e l\u00e2mpadas<\/li>\n\n\n\n<li>Reciclamos o vidro.<\/li>\n\n\n\n<li>Reciclamos o papel<\/li>\n\n\n\n<li>Reciclamos o pl\u00e1stico e os recipientes.<\/li>\n\n\n\n<li>N\u00e3o utilizamos palhinhas de pl\u00e1stico.<\/li>\n\n\n\n<li>Reduzimos grande parte do pl\u00e1stico descart\u00e1vel.<\/li>\n\n\n\n<li>N\u00e3o desperdi\u00e7amos alimentos.<\/li>\n\n\n\n<li>Usamos papel higi\u00e9nico reciclado.<\/li>\n\n\n\n<li>Reutilizamos papel de impressora.<\/li>\n\n\n\n<li>Damos outra vida \u00e0 roupa de cama velha.<\/li>\n<\/ul>\n\n<h3 class=\"wp-block-heading\">As nossas instala\u00e7\u00f5es s\u00e3o amigas do ambiente<\/h3>\n\n<ul class=\"wp-block-list\">\n<li>Utilizamos aparelhos de classe A+++.<\/li>\n\n\n\n<li>Os nossos aparelhos de ar condicionado s\u00e3o energeticamente eficientes.<\/li>\n\n\n\n<li>Utilizamos l\u00e2mpadas LED para reduzir o consumo de energia.<\/li>\n\n\n\n<li>Os nossos autoclismos consomem pouca \u00e1gua.<\/li>\n<\/ul>\n\n<p><\/p>\n\n<p><\/p>\n","protected":false},"excerpt":{"rendered":"<p>Declara\u00e7\u00e3o de respeito pelo ambiente. Nas nossas pousadas de juventude, reciclamos pilhas e l\u00e2mpadas, reciclamos vidro, reciclamos papel, reciclamos pl\u00e1stico e embalagens, n\u00e3o utilizamos palhinhas de pl\u00e1stico, reduzimos grande parte do pl\u00e1stico descart\u00e1vel, aproveitamos os alimentos para que n\u00e3o sejam deitados fora, utilizamos papel higi\u00e9nico reciclado, reutilizamos f\u00f3lios para imprimir, damos outra vida a roupa de cama velha. As nossas instala\u00e7\u00f5es s\u00e3o amigas do ambiente, temos electrodom\u00e9sticos de classe A++, os aparelhos de ar condicionado s\u00e3o energeticamente eficientes, utilizamos l\u00e2mpadas LED para reduzir o consumo de energia, os nossos dep\u00f3sitos consomem pouca \u00e1gua.<\/p>\n","protected":false},"author":13,"featured_media":209638,"parent":0,"menu_order":0,"comment_status":"closed","ping_status":"closed","template":"","meta":{"footnotes":""},"class_list":["post-216226","page","type-page","status-publish","has-post-thumbnail","hentry"],"yoast_head":"<!-- This site is optimized with the Yoast SEO plugin v27.4 - https:\/\/yoast.com\/product\/yoast-seo-wordpress\/ -->\n<title>Declara\u00e7\u00e3o de respeito pelo ambiente. Nas nossas pousadas de juventude reciclamos tudo<\/title>\n<meta name=\"description\" content=\"Declara\u00e7\u00e3o de respeito pelo ambiente. Nas nossas pousadas de juventude reciclamos pilhas e l\u00e2mpadas, reciclamos vidro, reciclamos papel, pl\u00e1stico\" \/>\n<meta name=\"robots\" content=\"index, follow, max-snippet:-1, max-image-preview:large, max-video-preview:-1\" \/>\n<link rel=\"canonical\" href=\"https:\/\/feetuphostels.com\/pt-pt\/declaracao-ecologica-%e2%99%bb%ef%b8%8f\/\" \/>\n<meta property=\"og:locale\" content=\"pt_PT\" \/>\n<meta property=\"og:type\" content=\"article\" \/>\n<meta property=\"og:title\" content=\"Declara\u00e7\u00e3o de respeito pelo ambiente. Nas nossas pousadas de juventude reciclamos tudo\" \/>\n<meta property=\"og:description\" content=\"Declara\u00e7\u00e3o de respeito pelo ambiente. Nas nossas pousadas de juventude reciclamos pilhas e l\u00e2mpadas, reciclamos vidro, reciclamos papel, pl\u00e1stico\" \/>\n<meta property=\"og:url\" content=\"https:\/\/feetuphostels.com\/pt-pt\/declaracao-ecologica-%e2%99%bb%ef%b8%8f\/\" \/>\n<meta property=\"og:site_name\" content=\"Feet Up Hostels\" \/>\n<meta property=\"article:publisher\" content=\"https:\/\/facebook.com\/feetuphostelsgroup\" \/>\n<meta property=\"article:modified_time\" content=\"2024-11-04T16:53:26+00:00\" \/>\n<meta property=\"og:image\" content=\"https:\/\/feetuphostels.com\/wp-content\/uploads\/2020\/01\/eco-friendly-feetup-hostels2.jpg\" \/>\n\t<meta property=\"og:image:width\" content=\"900\" \/>\n\t<meta property=\"og:image:height\" content=\"626\" \/>\n\t<meta property=\"og:image:type\" content=\"image\/jpeg\" \/>\n<meta name=\"twitter:card\" content=\"summary_large_image\" \/>\n<meta name=\"twitter:site\" content=\"@feetuphostels\" \/>\n<meta name=\"twitter:label1\" content=\"Tempo estimado de leitura\" \/>\n\t<meta name=\"twitter:data1\" content=\"1 minuto\" \/>\n<script type=\"application\/ld+json\" class=\"yoast-schema-graph\">{\"@context\":\"https:\\\/\\\/schema.org\",\"@graph\":[{\"@type\":\"WebPage\",\"@id\":\"https:\\\/\\\/feetuphostels.com\\\/pt-pt\\\/declaracao-ecologica-%e2%99%bb%ef%b8%8f\\\/\",\"url\":\"https:\\\/\\\/feetuphostels.com\\\/pt-pt\\\/declaracao-ecologica-%e2%99%bb%ef%b8%8f\\\/\",\"name\":\"Declara\u00e7\u00e3o de respeito pelo ambiente. Nas nossas pousadas de juventude reciclamos tudo\",\"isPartOf\":{\"@id\":\"https:\\\/\\\/feetuphostels.com\\\/pt-pt\\\/#website\"},\"primaryImageOfPage\":{\"@id\":\"https:\\\/\\\/feetuphostels.com\\\/pt-pt\\\/declaracao-ecologica-%e2%99%bb%ef%b8%8f\\\/#primaryimage\"},\"image\":{\"@id\":\"https:\\\/\\\/feetuphostels.com\\\/pt-pt\\\/declaracao-ecologica-%e2%99%bb%ef%b8%8f\\\/#primaryimage\"},\"thumbnailUrl\":\"https:\\\/\\\/feetuphostels.com\\\/wp-content\\\/uploads\\\/2020\\\/01\\\/eco-friendly-feetup-hostels2.jpg\",\"datePublished\":\"2023-05-17T15:09:54+00:00\",\"dateModified\":\"2024-11-04T16:53:26+00:00\",\"description\":\"Declara\u00e7\u00e3o de respeito pelo ambiente. Nas nossas pousadas de juventude reciclamos pilhas e l\u00e2mpadas, reciclamos vidro, reciclamos papel, pl\u00e1stico\",\"breadcrumb\":{\"@id\":\"https:\\\/\\\/feetuphostels.com\\\/pt-pt\\\/declaracao-ecologica-%e2%99%bb%ef%b8%8f\\\/#breadcrumb\"},\"inLanguage\":\"pt-PT\",\"potentialAction\":[{\"@type\":\"ReadAction\",\"target\":[\"https:\\\/\\\/feetuphostels.com\\\/pt-pt\\\/declaracao-ecologica-%e2%99%bb%ef%b8%8f\\\/\"]}]},{\"@type\":\"ImageObject\",\"inLanguage\":\"pt-PT\",\"@id\":\"https:\\\/\\\/feetuphostels.com\\\/pt-pt\\\/declaracao-ecologica-%e2%99%bb%ef%b8%8f\\\/#primaryimage\",\"url\":\"https:\\\/\\\/feetuphostels.com\\\/wp-content\\\/uploads\\\/2020\\\/01\\\/eco-friendly-feetup-hostels2.jpg\",\"contentUrl\":\"https:\\\/\\\/feetuphostels.com\\\/wp-content\\\/uploads\\\/2020\\\/01\\\/eco-friendly-feetup-hostels2.jpg\",\"width\":900,\"height\":626,\"caption\":\"Declara\u00e7\u00e3o ecol\u00f3gica de Feet Up Hostels\"},{\"@type\":\"BreadcrumbList\",\"@id\":\"https:\\\/\\\/feetuphostels.com\\\/pt-pt\\\/declaracao-ecologica-%e2%99%bb%ef%b8%8f\\\/#breadcrumb\",\"itemListElement\":[{\"@type\":\"ListItem\",\"position\":1,\"name\":\"Home\",\"item\":\"https:\\\/\\\/feetuphostels.com\\\/pt-pt\\\/\"},{\"@type\":\"ListItem\",\"position\":2,\"name\":\"Declara\u00e7\u00e3o ecol\u00f3gica \u267b\ufe0f\"}]},{\"@type\":\"WebSite\",\"@id\":\"https:\\\/\\\/feetuphostels.com\\\/pt-pt\\\/#website\",\"url\":\"https:\\\/\\\/feetuphostels.com\\\/pt-pt\\\/\",\"name\":\"Feet Up Hostels\",\"description\":\"Youth Hostels e alojamento em Valencia, Espanha. Somos Friendliness Specialists\",\"publisher\":{\"@id\":\"https:\\\/\\\/feetuphostels.com\\\/pt-pt\\\/#organization\"},\"alternateName\":\"Feet Up Hostels\",\"potentialAction\":[{\"@type\":\"SearchAction\",\"target\":{\"@type\":\"EntryPoint\",\"urlTemplate\":\"https:\\\/\\\/feetuphostels.com\\\/pt-pt\\\/?s={search_term_string}\"},\"query-input\":{\"@type\":\"PropertyValueSpecification\",\"valueRequired\":true,\"valueName\":\"search_term_string\"}}],\"inLanguage\":\"pt-PT\"},{\"@type\":\"Organization\",\"@id\":\"https:\\\/\\\/feetuphostels.com\\\/pt-pt\\\/#organization\",\"name\":\"Feet Up Hostels\",\"alternateName\":\"Feet Up Hostels\",\"url\":\"https:\\\/\\\/feetuphostels.com\\\/pt-pt\\\/\",\"logo\":{\"@type\":\"ImageObject\",\"inLanguage\":\"pt-PT\",\"@id\":\"https:\\\/\\\/feetuphostels.com\\\/pt-pt\\\/#\\\/schema\\\/logo\\\/image\\\/\",\"url\":\"https:\\\/\\\/feetuphostels.com\\\/wp-content\\\/uploads\\\/2019\\\/01\\\/logo-web-amp-feetuphostels.svg\",\"contentUrl\":\"https:\\\/\\\/feetuphostels.com\\\/wp-content\\\/uploads\\\/2019\\\/01\\\/logo-web-amp-feetuphostels.svg\",\"width\":1,\"height\":1,\"caption\":\"Feet Up Hostels\"},\"image\":{\"@id\":\"https:\\\/\\\/feetuphostels.com\\\/pt-pt\\\/#\\\/schema\\\/logo\\\/image\\\/\"},\"sameAs\":[\"https:\\\/\\\/facebook.com\\\/feetuphostelsgroup\",\"https:\\\/\\\/x.com\\\/feetuphostels\",\"https:\\\/\\\/www.instagram.com\\\/feetuphostels\\\/\",\"https:\\\/\\\/www.tiktok.com\\\/@feetuphostels\",\"https:\\\/\\\/www.linkedin.com\\\/company\\\/feetuphostelsgroup\\\/\",\"https:\\\/\\\/www.pinterest.es\\\/FeetupHostels\\\/\",\"https:\\\/\\\/www.youtube.com\\\/feetuphostels\"]}]}<\/script>\n<!-- \/ Yoast SEO plugin. -->","yoast_head_json":{"title":"Declara\u00e7\u00e3o de respeito pelo ambiente. Nas nossas pousadas de juventude reciclamos tudo","description":"Declara\u00e7\u00e3o de respeito pelo ambiente. Nas nossas pousadas de juventude reciclamos pilhas e l\u00e2mpadas, reciclamos vidro, reciclamos papel, pl\u00e1stico","robots":{"index":"index","follow":"follow","max-snippet":"max-snippet:-1","max-image-preview":"max-image-preview:large","max-video-preview":"max-video-preview:-1"},"canonical":"https:\/\/feetuphostels.com\/pt-pt\/declaracao-ecologica-%e2%99%bb%ef%b8%8f\/","og_locale":"pt_PT","og_type":"article","og_title":"Declara\u00e7\u00e3o de respeito pelo ambiente. Nas nossas pousadas de juventude reciclamos tudo","og_description":"Declara\u00e7\u00e3o de respeito pelo ambiente. Nas nossas pousadas de juventude reciclamos pilhas e l\u00e2mpadas, reciclamos vidro, reciclamos papel, pl\u00e1stico","og_url":"https:\/\/feetuphostels.com\/pt-pt\/declaracao-ecologica-%e2%99%bb%ef%b8%8f\/","og_site_name":"Feet Up Hostels","article_publisher":"https:\/\/facebook.com\/feetuphostelsgroup","article_modified_time":"2024-11-04T16:53:26+00:00","og_image":[{"width":900,"height":626,"url":"https:\/\/feetuphostels.com\/wp-content\/uploads\/2020\/01\/eco-friendly-feetup-hostels2.jpg","type":"image\/jpeg"}],"twitter_card":"summary_large_image","twitter_site":"@feetuphostels","twitter_misc":{"Tempo estimado de leitura":"1 minuto"},"schema":{"@context":"https:\/\/schema.org","@graph":[{"@type":"WebPage","@id":"https:\/\/feetuphostels.com\/pt-pt\/declaracao-ecologica-%e2%99%bb%ef%b8%8f\/","url":"https:\/\/feetuphostels.com\/pt-pt\/declaracao-ecologica-%e2%99%bb%ef%b8%8f\/","name":"Declara\u00e7\u00e3o de respeito pelo ambiente. Nas nossas pousadas de juventude reciclamos tudo","isPartOf":{"@id":"https:\/\/feetuphostels.com\/pt-pt\/#website"},"primaryImageOfPage":{"@id":"https:\/\/feetuphostels.com\/pt-pt\/declaracao-ecologica-%e2%99%bb%ef%b8%8f\/#primaryimage"},"image":{"@id":"https:\/\/feetuphostels.com\/pt-pt\/declaracao-ecologica-%e2%99%bb%ef%b8%8f\/#primaryimage"},"thumbnailUrl":"https:\/\/feetuphostels.com\/wp-content\/uploads\/2020\/01\/eco-friendly-feetup-hostels2.jpg","datePublished":"2023-05-17T15:09:54+00:00","dateModified":"2024-11-04T16:53:26+00:00","description":"Declara\u00e7\u00e3o de respeito pelo ambiente. Nas nossas pousadas de juventude reciclamos pilhas e l\u00e2mpadas, reciclamos vidro, reciclamos papel, pl\u00e1stico","breadcrumb":{"@id":"https:\/\/feetuphostels.com\/pt-pt\/declaracao-ecologica-%e2%99%bb%ef%b8%8f\/#breadcrumb"},"inLanguage":"pt-PT","potentialAction":[{"@type":"ReadAction","target":["https:\/\/feetuphostels.com\/pt-pt\/declaracao-ecologica-%e2%99%bb%ef%b8%8f\/"]}]},{"@type":"ImageObject","inLanguage":"pt-PT","@id":"https:\/\/feetuphostels.com\/pt-pt\/declaracao-ecologica-%e2%99%bb%ef%b8%8f\/#primaryimage","url":"https:\/\/feetuphostels.com\/wp-content\/uploads\/2020\/01\/eco-friendly-feetup-hostels2.jpg","contentUrl":"https:\/\/feetuphostels.com\/wp-content\/uploads\/2020\/01\/eco-friendly-feetup-hostels2.jpg","width":900,"height":626,"caption":"Declara\u00e7\u00e3o ecol\u00f3gica de Feet Up Hostels"},{"@type":"BreadcrumbList","@id":"https:\/\/feetuphostels.com\/pt-pt\/declaracao-ecologica-%e2%99%bb%ef%b8%8f\/#breadcrumb","itemListElement":[{"@type":"ListItem","position":1,"name":"Home","item":"https:\/\/feetuphostels.com\/pt-pt\/"},{"@type":"ListItem","position":2,"name":"Declara\u00e7\u00e3o ecol\u00f3gica \u267b\ufe0f"}]},{"@type":"WebSite","@id":"https:\/\/feetuphostels.com\/pt-pt\/#website","url":"https:\/\/feetuphostels.com\/pt-pt\/","name":"Feet Up Hostels","description":"Youth Hostels e alojamento em Valencia, Espanha. Somos Friendliness Specialists","publisher":{"@id":"https:\/\/feetuphostels.com\/pt-pt\/#organization"},"alternateName":"Feet Up Hostels","potentialAction":[{"@type":"SearchAction","target":{"@type":"EntryPoint","urlTemplate":"https:\/\/feetuphostels.com\/pt-pt\/?s={search_term_string}"},"query-input":{"@type":"PropertyValueSpecification","valueRequired":true,"valueName":"search_term_string"}}],"inLanguage":"pt-PT"},{"@type":"Organization","@id":"https:\/\/feetuphostels.com\/pt-pt\/#organization","name":"Feet Up Hostels","alternateName":"Feet Up Hostels","url":"https:\/\/feetuphostels.com\/pt-pt\/","logo":{"@type":"ImageObject","inLanguage":"pt-PT","@id":"https:\/\/feetuphostels.com\/pt-pt\/#\/schema\/logo\/image\/","url":"https:\/\/feetuphostels.com\/wp-content\/uploads\/2019\/01\/logo-web-amp-feetuphostels.svg","contentUrl":"https:\/\/feetuphostels.com\/wp-content\/uploads\/2019\/01\/logo-web-amp-feetuphostels.svg","width":1,"height":1,"caption":"Feet Up Hostels"},"image":{"@id":"https:\/\/feetuphostels.com\/pt-pt\/#\/schema\/logo\/image\/"},"sameAs":["https:\/\/facebook.com\/feetuphostelsgroup","https:\/\/x.com\/feetuphostels","https:\/\/www.instagram.com\/feetuphostels\/","https:\/\/www.tiktok.com\/@feetuphostels","https:\/\/www.linkedin.com\/company\/feetuphostelsgroup\/","https:\/\/www.pinterest.es\/FeetupHostels\/","https:\/\/www.youtube.com\/feetuphostels"]}]}},"_links":{"self":[{"href":"https:\/\/feetuphostels.com\/pt-pt\/wp-json\/wp\/v2\/pages\/216226","targetHints":{"allow":["GET"]}}],"collection":[{"href":"https:\/\/feetuphostels.com\/pt-pt\/wp-json\/wp\/v2\/pages"}],"about":[{"href":"https:\/\/feetuphostels.com\/pt-pt\/wp-json\/wp\/v2\/types\/page"}],"author":[{"embeddable":true,"href":"https:\/\/feetuphostels.com\/pt-pt\/wp-json\/wp\/v2\/users\/13"}],"replies":[{"embeddable":true,"href":"https:\/\/feetuphostels.com\/pt-pt\/wp-json\/wp\/v2\/comments?post=216226"}],"version-history":[{"count":0,"href":"https:\/\/feetuphostels.com\/pt-pt\/wp-json\/wp\/v2\/pages\/216226\/revisions"}],"wp:featuredmedia":[{"embeddable":true,"href":"https:\/\/feetuphostels.com\/pt-pt\/wp-json\/wp\/v2\/media\/209638"}],"wp:attachment":[{"href":"https:\/\/feetuphostels.com\/pt-pt\/wp-json\/wp\/v2\/media?parent=216226"}],"curies":[{"name":"wp","href":"https:\/\/api.w.org\/{rel}","templated":true}]}}