{"id":216543,"date":"2019-11-04T13:39:59","date_gmt":"2019-11-04T12:39:59","guid":{"rendered":"https:\/\/feetuphostels.com\/reserva-red-nest-hostel-valencia\/"},"modified":"2024-11-04T10:39:51","modified_gmt":"2024-11-04T09:39:51","slug":"reserva-red-nest-hostel-valencia","status":"publish","type":"page","link":"https:\/\/feetuphostels.com\/pt-br\/reserva-red-nest-hostel-valencia\/","title":{"rendered":"Reserva Red Nest Hostel Valencia"},"content":{"rendered":"\n<h1 class=\"wp-block-heading has-text-align-center\" id=\"h-booking-red-nest-hostel\">Reservar Red Nest Hostel<\/h1>\n\n<iframe src=\"https:\/\/feetup-red-nest-hostel-dot-feetup-hotels.appspot.com\/booking1\/?adultsRoom1=1\" width=\"100%\" height=\"1800px\" style=\"border:0;\"><\/iframe>\r\n\n<h2 class=\"wp-block-heading\">Bem-vindo \u00e0 reserva do Red Nest em nosso albergue da juventude!&#13;\nReserve sua cama em Val\u00eancia<\/h2>\n\n<h3 class=\"wp-block-heading\">Se voc\u00ea est\u00e1 procurando uma experi\u00eancia aut\u00eantica e cheia de divers\u00e3o, veio ao lugar certo.<\/h3>\n\n<p>Aqui, destacaremos todas as vantagens de reservar diretamente em nosso site em vez de usar plataformas OTA populares como Booking ou HostelWorld. <\/p>\n\n<p>Continue lendo para descobrir por que ele \u00e9 a melhor op\u00e7\u00e3o!<\/p>\n\n<ol class=\"wp-block-list\">\n<li><strong>Garantia do melhor pre\u00e7o:<\/strong> Ao reservar diretamente em nosso site, garantimos que voc\u00ea obter\u00e1 o melhor pre\u00e7o dispon\u00edvel. Sem intermedi\u00e1rios ou taxas adicionais, voc\u00ea economizar\u00e1 dinheiro que poder\u00e1 usar para aproveitar ao m\u00e1ximo sua viagem.<\/li>\n\n\n\n<li><a href=\"https:\/\/feetuphostels.com\/customer\/contact\/\" target=\"_blank\" rel=\"noopener\">Aten\u00e7\u00e3o personalizada:<\/a> Ao reservar diretamente conosco, voc\u00ea receber\u00e1 aten\u00e7\u00e3o personalizada e amig\u00e1vel desde o momento em que fizer sua reserva. Nossa equipe estar\u00e1 dispon\u00edvel para responder a todas as suas perguntas e ajudar voc\u00ea de todas as formas poss\u00edveis para garantir uma estadia perfeita.<\/li>\n\n\n\n<li><strong>Flexibilidade na reserva:<\/strong> Nosso site oferece maior flexibilidade quando se trata de modificar sua reserva. Voc\u00ea pode ajustar datas, adicionar servi\u00e7os extras e adaptar sua reserva para atender \u00e0s suas necessidades espec\u00edficas. Queremos proporcionar a voc\u00ea uma experi\u00eancia personalizada.<\/li>\n\n\n\n<li><strong>Ofertas exclusivas:<\/strong> Reservar diretamente conosco lhe d\u00e1 acesso a ofertas e promo\u00e7\u00f5es exclusivas que voc\u00ea n\u00e3o encontrar\u00e1 em outras plataformas. Voc\u00ea pode desfrutar de descontos especiais, pacotes adicionais e benef\u00edcios extras durante a sua estadia.<\/li>\n\n\n\n<li><strong>Apoio local:<\/strong> Ao reservar diretamente, voc\u00ea est\u00e1 apoiando diretamente o nosso Albergue da Juventude e a comunidade local. Valorizamos a economia local e trabalhamos com fornecedores locais para proporcionar a voc\u00ea uma experi\u00eancia aut\u00eantica e sustent\u00e1vel.<\/li>\n\n\n\n<li><strong>Informa\u00e7\u00f5es privilegiadas:<\/strong> Ao reservar diretamente, voc\u00ea receber\u00e1 informa\u00e7\u00f5es privilegiadas sobre eventos, atividades locais e locais de interesse. Forneceremos recomenda\u00e7\u00f5es personalizadas para ajudar voc\u00ea a aproveitar ao m\u00e1ximo sua estadia e descobrir os segredos mais bem guardados da regi\u00e3o.<\/li>\n\n\n\n<li><strong>Conex\u00e3o direta conosco:<\/strong> Reservar diretamente em nosso site permite que voc\u00ea estabele\u00e7a uma conex\u00e3o direta com nossa equipe. Voc\u00ea pode entrar em contato conosco para obter informa\u00e7\u00f5es adicionais, fazer perguntas espec\u00edficas e receber assist\u00eancia personalizada antes, durante e depois da sua estadia.<\/li>\n<\/ol>\n\n<h2 class=\"wp-block-heading\">Em resumo.<\/h2>\n\n<p>Ao reservar diretamente em nosso site, voc\u00ea tem in\u00fameras vantagens, desde a garantia do melhor pre\u00e7o at\u00e9 o atendimento personalizado e ofertas exclusivas. Al\u00e9m disso, ao fazer isso, voc\u00ea est\u00e1 apoiando diretamente o Red Nest Hostel Valencia e a <a href=\"https:\/\/feetuphostels.com\/hostels-valencia\/\">comunidade local<\/a>.&#13;\n<div id=\"gtx-trans\" style=\"position: absolute; left: 83px; top: 110px;\">&#13;\n<div class=\"gtx-trans-icon\"><\/div>&#13;\n<\/div><\/p>\n\n<p>Portanto, n\u00e3o espere mais, fa\u00e7a sua reserva diretamente em nosso site e prepare-se para uma experi\u00eancia \u00fanica e cheia de aventuras em nosso Albergue da Juventude!<\/p>\n","protected":false},"excerpt":{"rendered":"<p>Reserva Red Nest Hostel Valencia \u00ae Compare em outros canais e reserve conosco \ud83d\ude4b\ud83d\ude4b\u200d\u2642\ufe0f sempre temos o melhor pre\u00e7o online em Valencia \u2714\ufe0f Reserve e economize em seu albergue hoje! Promessa de melhor pre\u00e7o. Sem taxa de reserva. Sem taxas de reserva. Atendimento ao cliente 24 horas por dia, 7 dias por semana. Leia as avalia\u00e7\u00f5es reais dos h\u00f3spedes. Obtenha confirma\u00e7\u00e3o instant\u00e2nea. Reserva segura. Reserva Red Nest Hostel Valencia<\/p>\n","protected":false},"author":13,"featured_media":215087,"parent":0,"menu_order":0,"comment_status":"closed","ping_status":"closed","template":"","meta":{"footnotes":""},"class_list":["post-216543","page","type-page","status-publish","has-post-thumbnail","hentry"],"yoast_head":"<!-- This site is optimized with the Yoast SEO plugin v27.3 - https:\/\/yoast.com\/product\/yoast-seo-wordpress\/ -->\n<title>Reserva Red Nest Hostel Valencia \u00ae Compare e reserve conosco<\/title>\n<meta name=\"description\" content=\"Reservar Red Nest Hostel Valencia \u00ae Compare em outros canais e reserve conosco \ud83d\ude4b\ud83d\ude4b\u200d\u2642\ufe0f sempre temos o melhor pre\u00e7o online em Valencia\u2714\ufe0f\" \/>\n<meta name=\"robots\" content=\"index, follow, max-snippet:-1, max-image-preview:large, max-video-preview:-1\" \/>\n<link rel=\"canonical\" href=\"https:\/\/feetuphostels.com\/pt-br\/reserva-red-nest-hostel-valencia\/\" \/>\n<meta property=\"og:locale\" content=\"pt_BR\" \/>\n<meta property=\"og:type\" content=\"article\" \/>\n<meta property=\"og:title\" content=\"Reserva Red Nest Hostel Valencia \u00ae Compare e reserve conosco\" \/>\n<meta property=\"og:description\" content=\"Reservar Red Nest Hostel Valencia \u00ae Compare em outros canais e reserve conosco \ud83d\ude4b\ud83d\ude4b\u200d\u2642\ufe0f sempre temos o melhor pre\u00e7o online em Valencia\u2714\ufe0f\" \/>\n<meta property=\"og:url\" content=\"https:\/\/feetuphostels.com\/pt-br\/reserva-red-nest-hostel-valencia\/\" \/>\n<meta property=\"og:site_name\" content=\"Feet Up Hostels\" \/>\n<meta property=\"article:publisher\" content=\"https:\/\/facebook.com\/feetuphostelsgroup\" \/>\n<meta property=\"article:modified_time\" content=\"2024-11-04T09:39:51+00:00\" \/>\n<meta property=\"og:image\" content=\"https:\/\/feetuphostels.com\/wp-content\/uploads\/2019\/02\/09red-nest-hostel-valencia-by-feetuphostels.jpg\" \/>\n\t<meta property=\"og:image:width\" content=\"1554\" \/>\n\t<meta property=\"og:image:height\" content=\"1080\" \/>\n\t<meta property=\"og:image:type\" content=\"image\/jpeg\" \/>\n<meta name=\"twitter:card\" content=\"summary_large_image\" \/>\n<meta name=\"twitter:site\" content=\"@feetuphostels\" \/>\n<meta name=\"twitter:label1\" content=\"Est. tempo de leitura\" \/>\n\t<meta name=\"twitter:data1\" content=\"2 minutos\" \/>\n<script type=\"application\/ld+json\" class=\"yoast-schema-graph\">{\"@context\":\"https:\\\/\\\/schema.org\",\"@graph\":[{\"@type\":\"WebPage\",\"@id\":\"https:\\\/\\\/feetuphostels.com\\\/pt-br\\\/reserva-red-nest-hostel-valencia\\\/\",\"url\":\"https:\\\/\\\/feetuphostels.com\\\/pt-br\\\/reserva-red-nest-hostel-valencia\\\/\",\"name\":\"Reserva Red Nest Hostel Valencia \u00ae Compare e reserve conosco\",\"isPartOf\":{\"@id\":\"https:\\\/\\\/feetuphostels.com\\\/pt-br\\\/#website\"},\"primaryImageOfPage\":{\"@id\":\"https:\\\/\\\/feetuphostels.com\\\/pt-br\\\/reserva-red-nest-hostel-valencia\\\/#primaryimage\"},\"image\":{\"@id\":\"https:\\\/\\\/feetuphostels.com\\\/pt-br\\\/reserva-red-nest-hostel-valencia\\\/#primaryimage\"},\"thumbnailUrl\":\"https:\\\/\\\/feetuphostels.com\\\/wp-content\\\/uploads\\\/2019\\\/02\\\/09red-nest-hostel-valencia-by-feetuphostels.jpg\",\"datePublished\":\"2019-11-04T12:39:59+00:00\",\"dateModified\":\"2024-11-04T09:39:51+00:00\",\"description\":\"Reservar Red Nest Hostel Valencia \u00ae Compare em outros canais e reserve conosco \ud83d\ude4b\ud83d\ude4b\u200d\u2642\ufe0f sempre temos o melhor pre\u00e7o online em Valencia\u2714\ufe0f\",\"breadcrumb\":{\"@id\":\"https:\\\/\\\/feetuphostels.com\\\/pt-br\\\/reserva-red-nest-hostel-valencia\\\/#breadcrumb\"},\"inLanguage\":\"pt-BR\",\"potentialAction\":[{\"@type\":\"ReadAction\",\"target\":[\"https:\\\/\\\/feetuphostels.com\\\/pt-br\\\/reserva-red-nest-hostel-valencia\\\/\"]}]},{\"@type\":\"ImageObject\",\"inLanguage\":\"pt-BR\",\"@id\":\"https:\\\/\\\/feetuphostels.com\\\/pt-br\\\/reserva-red-nest-hostel-valencia\\\/#primaryimage\",\"url\":\"https:\\\/\\\/feetuphostels.com\\\/wp-content\\\/uploads\\\/2019\\\/02\\\/09red-nest-hostel-valencia-by-feetuphostels.jpg\",\"contentUrl\":\"https:\\\/\\\/feetuphostels.com\\\/wp-content\\\/uploads\\\/2019\\\/02\\\/09red-nest-hostel-valencia-by-feetuphostels.jpg\",\"width\":1554,\"height\":1080,\"caption\":\"Aproveite seu tempo com os amigos\"},{\"@type\":\"BreadcrumbList\",\"@id\":\"https:\\\/\\\/feetuphostels.com\\\/pt-br\\\/reserva-red-nest-hostel-valencia\\\/#breadcrumb\",\"itemListElement\":[{\"@type\":\"ListItem\",\"position\":1,\"name\":\"Home\",\"item\":\"https:\\\/\\\/feetuphostels.com\\\/pt-br\\\/\"},{\"@type\":\"ListItem\",\"position\":2,\"name\":\"Reserva Red Nest Hostel Valencia\"}]},{\"@type\":\"WebSite\",\"@id\":\"https:\\\/\\\/feetuphostels.com\\\/pt-br\\\/#website\",\"url\":\"https:\\\/\\\/feetuphostels.com\\\/pt-br\\\/\",\"name\":\"Feet Up Hostels\",\"description\":\"Youth Hostels e acomoda\u00e7\u00f5es em Valencia, Espanha. Somos Friendliness Specialists\",\"publisher\":{\"@id\":\"https:\\\/\\\/feetuphostels.com\\\/pt-br\\\/#organization\"},\"alternateName\":\"Feet Up Hostels\",\"potentialAction\":[{\"@type\":\"SearchAction\",\"target\":{\"@type\":\"EntryPoint\",\"urlTemplate\":\"https:\\\/\\\/feetuphostels.com\\\/pt-br\\\/?s={search_term_string}\"},\"query-input\":{\"@type\":\"PropertyValueSpecification\",\"valueRequired\":true,\"valueName\":\"search_term_string\"}}],\"inLanguage\":\"pt-BR\"},{\"@type\":\"Organization\",\"@id\":\"https:\\\/\\\/feetuphostels.com\\\/pt-br\\\/#organization\",\"name\":\"Feet Up Hostels\",\"alternateName\":\"Feet Up Hostels\",\"url\":\"https:\\\/\\\/feetuphostels.com\\\/pt-br\\\/\",\"logo\":{\"@type\":\"ImageObject\",\"inLanguage\":\"pt-BR\",\"@id\":\"https:\\\/\\\/feetuphostels.com\\\/pt-br\\\/#\\\/schema\\\/logo\\\/image\\\/\",\"url\":\"https:\\\/\\\/feetuphostels.com\\\/wp-content\\\/uploads\\\/2019\\\/01\\\/logo-web-amp-feetuphostels.svg\",\"contentUrl\":\"https:\\\/\\\/feetuphostels.com\\\/wp-content\\\/uploads\\\/2019\\\/01\\\/logo-web-amp-feetuphostels.svg\",\"width\":1,\"height\":1,\"caption\":\"Feet Up Hostels\"},\"image\":{\"@id\":\"https:\\\/\\\/feetuphostels.com\\\/pt-br\\\/#\\\/schema\\\/logo\\\/image\\\/\"},\"sameAs\":[\"https:\\\/\\\/facebook.com\\\/feetuphostelsgroup\",\"https:\\\/\\\/x.com\\\/feetuphostels\",\"https:\\\/\\\/www.instagram.com\\\/feetuphostels\\\/\",\"https:\\\/\\\/www.tiktok.com\\\/@feetuphostels\",\"https:\\\/\\\/www.linkedin.com\\\/company\\\/feetuphostelsgroup\\\/\",\"https:\\\/\\\/www.pinterest.es\\\/FeetupHostels\\\/\",\"https:\\\/\\\/www.youtube.com\\\/feetuphostels\"]}]}<\/script>\n<!-- \/ Yoast SEO plugin. -->","yoast_head_json":{"title":"Reserva Red Nest Hostel Valencia \u00ae Compare e reserve conosco","description":"Reservar Red Nest Hostel Valencia \u00ae Compare em outros canais e reserve conosco \ud83d\ude4b\ud83d\ude4b\u200d\u2642\ufe0f sempre temos o melhor pre\u00e7o online em Valencia\u2714\ufe0f","robots":{"index":"index","follow":"follow","max-snippet":"max-snippet:-1","max-image-preview":"max-image-preview:large","max-video-preview":"max-video-preview:-1"},"canonical":"https:\/\/feetuphostels.com\/pt-br\/reserva-red-nest-hostel-valencia\/","og_locale":"pt_BR","og_type":"article","og_title":"Reserva Red Nest Hostel Valencia \u00ae Compare e reserve conosco","og_description":"Reservar Red Nest Hostel Valencia \u00ae Compare em outros canais e reserve conosco \ud83d\ude4b\ud83d\ude4b\u200d\u2642\ufe0f sempre temos o melhor pre\u00e7o online em Valencia\u2714\ufe0f","og_url":"https:\/\/feetuphostels.com\/pt-br\/reserva-red-nest-hostel-valencia\/","og_site_name":"Feet Up Hostels","article_publisher":"https:\/\/facebook.com\/feetuphostelsgroup","article_modified_time":"2024-11-04T09:39:51+00:00","og_image":[{"width":1554,"height":1080,"url":"https:\/\/feetuphostels.com\/wp-content\/uploads\/2019\/02\/09red-nest-hostel-valencia-by-feetuphostels.jpg","type":"image\/jpeg"}],"twitter_card":"summary_large_image","twitter_site":"@feetuphostels","twitter_misc":{"Est. tempo de leitura":"2 minutos"},"schema":{"@context":"https:\/\/schema.org","@graph":[{"@type":"WebPage","@id":"https:\/\/feetuphostels.com\/pt-br\/reserva-red-nest-hostel-valencia\/","url":"https:\/\/feetuphostels.com\/pt-br\/reserva-red-nest-hostel-valencia\/","name":"Reserva Red Nest Hostel Valencia \u00ae Compare e reserve conosco","isPartOf":{"@id":"https:\/\/feetuphostels.com\/pt-br\/#website"},"primaryImageOfPage":{"@id":"https:\/\/feetuphostels.com\/pt-br\/reserva-red-nest-hostel-valencia\/#primaryimage"},"image":{"@id":"https:\/\/feetuphostels.com\/pt-br\/reserva-red-nest-hostel-valencia\/#primaryimage"},"thumbnailUrl":"https:\/\/feetuphostels.com\/wp-content\/uploads\/2019\/02\/09red-nest-hostel-valencia-by-feetuphostels.jpg","datePublished":"2019-11-04T12:39:59+00:00","dateModified":"2024-11-04T09:39:51+00:00","description":"Reservar Red Nest Hostel Valencia \u00ae Compare em outros canais e reserve conosco \ud83d\ude4b\ud83d\ude4b\u200d\u2642\ufe0f sempre temos o melhor pre\u00e7o online em Valencia\u2714\ufe0f","breadcrumb":{"@id":"https:\/\/feetuphostels.com\/pt-br\/reserva-red-nest-hostel-valencia\/#breadcrumb"},"inLanguage":"pt-BR","potentialAction":[{"@type":"ReadAction","target":["https:\/\/feetuphostels.com\/pt-br\/reserva-red-nest-hostel-valencia\/"]}]},{"@type":"ImageObject","inLanguage":"pt-BR","@id":"https:\/\/feetuphostels.com\/pt-br\/reserva-red-nest-hostel-valencia\/#primaryimage","url":"https:\/\/feetuphostels.com\/wp-content\/uploads\/2019\/02\/09red-nest-hostel-valencia-by-feetuphostels.jpg","contentUrl":"https:\/\/feetuphostels.com\/wp-content\/uploads\/2019\/02\/09red-nest-hostel-valencia-by-feetuphostels.jpg","width":1554,"height":1080,"caption":"Aproveite seu tempo com os amigos"},{"@type":"BreadcrumbList","@id":"https:\/\/feetuphostels.com\/pt-br\/reserva-red-nest-hostel-valencia\/#breadcrumb","itemListElement":[{"@type":"ListItem","position":1,"name":"Home","item":"https:\/\/feetuphostels.com\/pt-br\/"},{"@type":"ListItem","position":2,"name":"Reserva Red Nest Hostel Valencia"}]},{"@type":"WebSite","@id":"https:\/\/feetuphostels.com\/pt-br\/#website","url":"https:\/\/feetuphostels.com\/pt-br\/","name":"Feet Up Hostels","description":"Youth Hostels e acomoda\u00e7\u00f5es em Valencia, Espanha. Somos Friendliness Specialists","publisher":{"@id":"https:\/\/feetuphostels.com\/pt-br\/#organization"},"alternateName":"Feet Up Hostels","potentialAction":[{"@type":"SearchAction","target":{"@type":"EntryPoint","urlTemplate":"https:\/\/feetuphostels.com\/pt-br\/?s={search_term_string}"},"query-input":{"@type":"PropertyValueSpecification","valueRequired":true,"valueName":"search_term_string"}}],"inLanguage":"pt-BR"},{"@type":"Organization","@id":"https:\/\/feetuphostels.com\/pt-br\/#organization","name":"Feet Up Hostels","alternateName":"Feet Up Hostels","url":"https:\/\/feetuphostels.com\/pt-br\/","logo":{"@type":"ImageObject","inLanguage":"pt-BR","@id":"https:\/\/feetuphostels.com\/pt-br\/#\/schema\/logo\/image\/","url":"https:\/\/feetuphostels.com\/wp-content\/uploads\/2019\/01\/logo-web-amp-feetuphostels.svg","contentUrl":"https:\/\/feetuphostels.com\/wp-content\/uploads\/2019\/01\/logo-web-amp-feetuphostels.svg","width":1,"height":1,"caption":"Feet Up Hostels"},"image":{"@id":"https:\/\/feetuphostels.com\/pt-br\/#\/schema\/logo\/image\/"},"sameAs":["https:\/\/facebook.com\/feetuphostelsgroup","https:\/\/x.com\/feetuphostels","https:\/\/www.instagram.com\/feetuphostels\/","https:\/\/www.tiktok.com\/@feetuphostels","https:\/\/www.linkedin.com\/company\/feetuphostelsgroup\/","https:\/\/www.pinterest.es\/FeetupHostels\/","https:\/\/www.youtube.com\/feetuphostels"]}]}},"_links":{"self":[{"href":"https:\/\/feetuphostels.com\/pt-br\/wp-json\/wp\/v2\/pages\/216543","targetHints":{"allow":["GET"]}}],"collection":[{"href":"https:\/\/feetuphostels.com\/pt-br\/wp-json\/wp\/v2\/pages"}],"about":[{"href":"https:\/\/feetuphostels.com\/pt-br\/wp-json\/wp\/v2\/types\/page"}],"author":[{"embeddable":true,"href":"https:\/\/feetuphostels.com\/pt-br\/wp-json\/wp\/v2\/users\/13"}],"replies":[{"embeddable":true,"href":"https:\/\/feetuphostels.com\/pt-br\/wp-json\/wp\/v2\/comments?post=216543"}],"version-history":[{"count":0,"href":"https:\/\/feetuphostels.com\/pt-br\/wp-json\/wp\/v2\/pages\/216543\/revisions"}],"wp:featuredmedia":[{"embeddable":true,"href":"https:\/\/feetuphostels.com\/pt-br\/wp-json\/wp\/v2\/media\/215087"}],"wp:attachment":[{"href":"https:\/\/feetuphostels.com\/pt-br\/wp-json\/wp\/v2\/media?parent=216543"}],"curies":[{"name":"wp","href":"https:\/\/api.w.org\/{rel}","templated":true}]}}