{"id":216509,"date":"2019-11-11T11:15:23","date_gmt":"2019-11-11T10:15:23","guid":{"rendered":"https:\/\/feetuphostels.com\/reserva-do-home-youth-hostel-valencia\/"},"modified":"2024-11-02T19:59:00","modified_gmt":"2024-11-02T18:59:00","slug":"reserva-do-home-youth-hostel-valencia","status":"publish","type":"page","link":"https:\/\/feetuphostels.com\/pt-br\/reserva-do-home-youth-hostel-valencia\/","title":{"rendered":"Reserva do H\u00f4me Youth Hostel Valencia"},"content":{"rendered":"\n<h1 class=\"wp-block-heading has-text-align-center\" id=\"h-booking-home-youth-hostel\">Reserva do H\u00f4me Youth Hostel<\/h1>\n\n<iframe src=\"https:\/\/feetup-youth-hostel-dot-feetup-hotels.appspot.com\/booking1\/?adultsRoom1=1\" width=\"100%\" height=\"1800px\" style=\"border:0;\"><\/iframe>\n\n<h2 class=\"wp-block-heading\">Reserve uma cama sem beliches em nosso Albergue da Juventude H\u00f4me<\/h2>\n\n<h2 class=\"wp-block-heading\">Ol\u00e1, companheiro de viagem!&#13;\nVoc\u00ea est\u00e1 pronto para a pr\u00f3xima aventura?<\/h2>\n\n<p>Bem-vindo ao nosso Albergue da Juventude H\u00f4me, onde divers\u00e3o, conforto e hospitalidade se unem. Se voc\u00ea est\u00e1 em busca de uma experi\u00eancia inesquec\u00edvel, pode ter certeza de que est\u00e1 no lugar certo.<\/p>\n\n<p>Aqui, valorizamos a autenticidade e o contato direto com voc\u00ea, nosso h\u00f3spede. Estamos convencidos de que, se voc\u00ea reservar diretamente conosco, ter\u00e1 uma experi\u00eancia de hospedagem personalizada e gratificante e, acima de tudo, cheia de boas vibra\u00e7\u00f5es!<\/p>\n\n<p>Por que dizemos isso? Vamos explicar:<\/p>\n\n<ul class=\"wp-block-list\">\n<li><strong>Melhor pre\u00e7o garantido:<\/strong> Ao reservar diretamente conosco, voc\u00ea sempre obt\u00e9m o melhor pre\u00e7o. Sem intermedi\u00e1rios que adicionam comiss\u00f5es extras, assim voc\u00ea ter\u00e1 mais para gastar em suas aventuras.<\/li>\n\n\n\n<li><a href=\"https:\/\/feetuphostels.com\/customer\/contact\/\">Comunica\u00e7\u00e3o direta:<\/a> Ao reservar diretamente, voc\u00ea desfrutar\u00e1 de uma comunica\u00e7\u00e3o fluida e direta com nossa equipe. Podemos atender \u00e0s suas necessidades, responder a todas as suas d\u00favidas e fornecer a voc\u00ea as melhores dicas locais de maneira eficiente.&#13;\n<div id=\"gtx-trans\" style=\"position: absolute; left: -58px; top: -10px;\">&#13;\n<div class=\"gtx-trans-icon\"><\/div>&#13;\n<\/div><\/li>\n\n\n\n<li><strong>Personaliza\u00e7\u00e3o:<\/strong> Voc\u00ea tem necessidades diet\u00e9ticas espec\u00edficas? Voc\u00ea prefere uma cama em um canto tranquilo do dormit\u00f3rio? Quando voc\u00ea reserva diretamente, podemos nos adaptar aos seus gostos e necessidades para garantir que sua estadia seja superconfort\u00e1vel e agrad\u00e1vel.<\/li>\n\n\n\n<li><strong>Promo\u00e7\u00f5es exclusivas:<\/strong> Frequentemente, temos ofertas e descontos que s\u00f3 est\u00e3o dispon\u00edveis para aqueles que reservam diretamente conosco. Isso pode variar de descontos em atividades locais a uma bebida gratuita na sua chegada.<\/li>\n\n\n\n<li><strong>Fidelidade recompensada:<\/strong> Se voc\u00ea reservar diretamente, ser\u00e1 o primeiro a saber sobre nossos eventos e ofertas especiais. Al\u00e9m disso, adoramos ver rostos conhecidos, por isso, muitas vezes, temos recompensas especiais para aqueles que retornam.<\/li>\n<\/ul>\n\n<h2 class=\"wp-block-heading\">Em resumo.<\/h2>\n\n<p>Reservar diretamente conosco significa que voc\u00ea aproveitar\u00e1 os melhores pre\u00e7os, um servi\u00e7o mais personalizado, promo\u00e7\u00f5es exclusivas e recompensas por fidelidade. Mas o mais importante \u00e9 que voc\u00ea se tornar\u00e1 parte de nossa comunidade de viajantes e aventureiros, compartilhando experi\u00eancias e criando mem\u00f3rias que durar\u00e3o a vida inteira.<\/p>\n\n<p>Portanto, da pr\u00f3xima vez que voc\u00ea estiver planejando sua grande aventura, pense em reservar diretamente conosco.<\/p>\n\n<p>Garantimos que essa ser\u00e1 a melhor decis\u00e3o para sua viagem.<\/p>\n\n<p>Estamos ansiosos para receber voc\u00ea de bra\u00e7os abertos em nosso Albergue da Juventude!<\/p>\n","protected":false},"excerpt":{"rendered":"<p>Booking H\u00f4me Youth Hostel Valencia \u00ae Reserve uma cama agora com o melhor pre\u00e7o em Val\u00eancia, sem taxas de reserva, confirma\u00e7\u00e3o imediata, cancelamento gratuito. Este edif\u00edcio recentemente restaurado no centro de Val\u00eancia tem Wi-Fi gratuito e \u00e9 o \u00fanico albergue em Val\u00eancia a oferecer camas de solteiro, em vez de beliches<\/p>\n","protected":false},"author":13,"featured_media":215180,"parent":0,"menu_order":0,"comment_status":"closed","ping_status":"closed","template":"","meta":{"footnotes":""},"class_list":["post-216509","page","type-page","status-publish","has-post-thumbnail","hentry"],"yoast_head":"<!-- This site is optimized with the Yoast SEO plugin v27.4 - https:\/\/yoast.com\/product\/yoast-seo-wordpress\/ -->\n<title>Reserva do H\u00f4me Youth Hostel Valencia\u00ae Reserve uma cama com o melhor pre\u00e7o<\/title>\n<meta name=\"description\" content=\"Reserva do H\u00f4me Youth Hostel Valencia \u00ae Reserve uma cama agora com o melhor pre\u00e7o em Val\u00eancia, sem taxas de reserva, confirma\u00e7\u00e3o imediata, cancelamento gratuito\" \/>\n<meta name=\"robots\" content=\"index, follow, max-snippet:-1, max-image-preview:large, max-video-preview:-1\" \/>\n<link rel=\"canonical\" href=\"https:\/\/feetuphostels.com\/pt-br\/reserva-do-home-youth-hostel-valencia\/\" \/>\n<meta property=\"og:locale\" content=\"pt_BR\" \/>\n<meta property=\"og:type\" content=\"article\" \/>\n<meta property=\"og:title\" content=\"Reserva do H\u00f4me Youth Hostel Valencia\u00ae Reserve uma cama com o melhor pre\u00e7o\" \/>\n<meta property=\"og:description\" content=\"Reserva do H\u00f4me Youth Hostel Valencia \u00ae Reserve uma cama agora com o melhor pre\u00e7o em Val\u00eancia, sem taxas de reserva, confirma\u00e7\u00e3o imediata, cancelamento gratuito\" \/>\n<meta property=\"og:url\" content=\"https:\/\/feetuphostels.com\/pt-br\/reserva-do-home-youth-hostel-valencia\/\" \/>\n<meta property=\"og:site_name\" content=\"Feet Up Hostels\" \/>\n<meta property=\"article:publisher\" content=\"https:\/\/facebook.com\/feetuphostelsgroup\" \/>\n<meta property=\"article:modified_time\" content=\"2024-11-02T18:59:00+00:00\" \/>\n<meta property=\"og:image\" content=\"https:\/\/feetuphostels.com\/wp-content\/uploads\/2019\/07\/16home-youth-hostel-valencia-by-feetuphostels.jpg\" \/>\n\t<meta property=\"og:image:width\" content=\"1620\" \/>\n\t<meta property=\"og:image:height\" content=\"1080\" \/>\n\t<meta property=\"og:image:type\" content=\"image\/jpeg\" \/>\n<meta name=\"twitter:card\" content=\"summary_large_image\" \/>\n<meta name=\"twitter:site\" content=\"@feetuphostels\" \/>\n<meta name=\"twitter:label1\" content=\"Est. tempo de leitura\" \/>\n\t<meta name=\"twitter:data1\" content=\"2 minutos\" \/>\n<script type=\"application\/ld+json\" class=\"yoast-schema-graph\">{\"@context\":\"https:\\\/\\\/schema.org\",\"@graph\":[{\"@type\":\"WebPage\",\"@id\":\"https:\\\/\\\/feetuphostels.com\\\/pt-br\\\/reserva-do-home-youth-hostel-valencia\\\/\",\"url\":\"https:\\\/\\\/feetuphostels.com\\\/pt-br\\\/reserva-do-home-youth-hostel-valencia\\\/\",\"name\":\"Reserva do H\u00f4me Youth Hostel Valencia\u00ae Reserve uma cama com o melhor pre\u00e7o\",\"isPartOf\":{\"@id\":\"https:\\\/\\\/feetuphostels.com\\\/pt-br\\\/#website\"},\"primaryImageOfPage\":{\"@id\":\"https:\\\/\\\/feetuphostels.com\\\/pt-br\\\/reserva-do-home-youth-hostel-valencia\\\/#primaryimage\"},\"image\":{\"@id\":\"https:\\\/\\\/feetuphostels.com\\\/pt-br\\\/reserva-do-home-youth-hostel-valencia\\\/#primaryimage\"},\"thumbnailUrl\":\"https:\\\/\\\/feetuphostels.com\\\/wp-content\\\/uploads\\\/2019\\\/07\\\/16home-youth-hostel-valencia-by-feetuphostels.jpg\",\"datePublished\":\"2019-11-11T10:15:23+00:00\",\"dateModified\":\"2024-11-02T18:59:00+00:00\",\"description\":\"Reserva do H\u00f4me Youth Hostel Valencia \u00ae Reserve uma cama agora com o melhor pre\u00e7o em Val\u00eancia, sem taxas de reserva, confirma\u00e7\u00e3o imediata, cancelamento gratuito\",\"breadcrumb\":{\"@id\":\"https:\\\/\\\/feetuphostels.com\\\/pt-br\\\/reserva-do-home-youth-hostel-valencia\\\/#breadcrumb\"},\"inLanguage\":\"pt-BR\",\"potentialAction\":[{\"@type\":\"ReadAction\",\"target\":[\"https:\\\/\\\/feetuphostels.com\\\/pt-br\\\/reserva-do-home-youth-hostel-valencia\\\/\"]}]},{\"@type\":\"ImageObject\",\"inLanguage\":\"pt-BR\",\"@id\":\"https:\\\/\\\/feetuphostels.com\\\/pt-br\\\/reserva-do-home-youth-hostel-valencia\\\/#primaryimage\",\"url\":\"https:\\\/\\\/feetuphostels.com\\\/wp-content\\\/uploads\\\/2019\\\/07\\\/16home-youth-hostel-valencia-by-feetuphostels.jpg\",\"contentUrl\":\"https:\\\/\\\/feetuphostels.com\\\/wp-content\\\/uploads\\\/2019\\\/07\\\/16home-youth-hostel-valencia-by-feetuphostels.jpg\",\"width\":1620,\"height\":1080,\"caption\":\"A recepion d\u00e1 a voc\u00ea uma recep\u00e7\u00e3o calorosa\"},{\"@type\":\"BreadcrumbList\",\"@id\":\"https:\\\/\\\/feetuphostels.com\\\/pt-br\\\/reserva-do-home-youth-hostel-valencia\\\/#breadcrumb\",\"itemListElement\":[{\"@type\":\"ListItem\",\"position\":1,\"name\":\"Home\",\"item\":\"https:\\\/\\\/feetuphostels.com\\\/pt-br\\\/\"},{\"@type\":\"ListItem\",\"position\":2,\"name\":\"Reserva do H\u00f4me Youth Hostel Valencia\"}]},{\"@type\":\"WebSite\",\"@id\":\"https:\\\/\\\/feetuphostels.com\\\/pt-br\\\/#website\",\"url\":\"https:\\\/\\\/feetuphostels.com\\\/pt-br\\\/\",\"name\":\"Feet Up Hostels\",\"description\":\"Youth Hostels e acomoda\u00e7\u00f5es em Valencia, Espanha. Somos Friendliness Specialists\",\"publisher\":{\"@id\":\"https:\\\/\\\/feetuphostels.com\\\/pt-br\\\/#organization\"},\"alternateName\":\"Feet Up Hostels\",\"potentialAction\":[{\"@type\":\"SearchAction\",\"target\":{\"@type\":\"EntryPoint\",\"urlTemplate\":\"https:\\\/\\\/feetuphostels.com\\\/pt-br\\\/?s={search_term_string}\"},\"query-input\":{\"@type\":\"PropertyValueSpecification\",\"valueRequired\":true,\"valueName\":\"search_term_string\"}}],\"inLanguage\":\"pt-BR\"},{\"@type\":\"Organization\",\"@id\":\"https:\\\/\\\/feetuphostels.com\\\/pt-br\\\/#organization\",\"name\":\"Feet Up Hostels\",\"alternateName\":\"Feet Up Hostels\",\"url\":\"https:\\\/\\\/feetuphostels.com\\\/pt-br\\\/\",\"logo\":{\"@type\":\"ImageObject\",\"inLanguage\":\"pt-BR\",\"@id\":\"https:\\\/\\\/feetuphostels.com\\\/pt-br\\\/#\\\/schema\\\/logo\\\/image\\\/\",\"url\":\"https:\\\/\\\/feetuphostels.com\\\/wp-content\\\/uploads\\\/2019\\\/01\\\/logo-web-amp-feetuphostels.svg\",\"contentUrl\":\"https:\\\/\\\/feetuphostels.com\\\/wp-content\\\/uploads\\\/2019\\\/01\\\/logo-web-amp-feetuphostels.svg\",\"width\":1,\"height\":1,\"caption\":\"Feet Up Hostels\"},\"image\":{\"@id\":\"https:\\\/\\\/feetuphostels.com\\\/pt-br\\\/#\\\/schema\\\/logo\\\/image\\\/\"},\"sameAs\":[\"https:\\\/\\\/facebook.com\\\/feetuphostelsgroup\",\"https:\\\/\\\/x.com\\\/feetuphostels\",\"https:\\\/\\\/www.instagram.com\\\/feetuphostels\\\/\",\"https:\\\/\\\/www.tiktok.com\\\/@feetuphostels\",\"https:\\\/\\\/www.linkedin.com\\\/company\\\/feetuphostelsgroup\\\/\",\"https:\\\/\\\/www.pinterest.es\\\/FeetupHostels\\\/\",\"https:\\\/\\\/www.youtube.com\\\/feetuphostels\"]}]}<\/script>\n<!-- \/ Yoast SEO plugin. -->","yoast_head_json":{"title":"Reserva do H\u00f4me Youth Hostel Valencia\u00ae Reserve uma cama com o melhor pre\u00e7o","description":"Reserva do H\u00f4me Youth Hostel Valencia \u00ae Reserve uma cama agora com o melhor pre\u00e7o em Val\u00eancia, sem taxas de reserva, confirma\u00e7\u00e3o imediata, cancelamento gratuito","robots":{"index":"index","follow":"follow","max-snippet":"max-snippet:-1","max-image-preview":"max-image-preview:large","max-video-preview":"max-video-preview:-1"},"canonical":"https:\/\/feetuphostels.com\/pt-br\/reserva-do-home-youth-hostel-valencia\/","og_locale":"pt_BR","og_type":"article","og_title":"Reserva do H\u00f4me Youth Hostel Valencia\u00ae Reserve uma cama com o melhor pre\u00e7o","og_description":"Reserva do H\u00f4me Youth Hostel Valencia \u00ae Reserve uma cama agora com o melhor pre\u00e7o em Val\u00eancia, sem taxas de reserva, confirma\u00e7\u00e3o imediata, cancelamento gratuito","og_url":"https:\/\/feetuphostels.com\/pt-br\/reserva-do-home-youth-hostel-valencia\/","og_site_name":"Feet Up Hostels","article_publisher":"https:\/\/facebook.com\/feetuphostelsgroup","article_modified_time":"2024-11-02T18:59:00+00:00","og_image":[{"width":1620,"height":1080,"url":"https:\/\/feetuphostels.com\/wp-content\/uploads\/2019\/07\/16home-youth-hostel-valencia-by-feetuphostels.jpg","type":"image\/jpeg"}],"twitter_card":"summary_large_image","twitter_site":"@feetuphostels","twitter_misc":{"Est. tempo de leitura":"2 minutos"},"schema":{"@context":"https:\/\/schema.org","@graph":[{"@type":"WebPage","@id":"https:\/\/feetuphostels.com\/pt-br\/reserva-do-home-youth-hostel-valencia\/","url":"https:\/\/feetuphostels.com\/pt-br\/reserva-do-home-youth-hostel-valencia\/","name":"Reserva do H\u00f4me Youth Hostel Valencia\u00ae Reserve uma cama com o melhor pre\u00e7o","isPartOf":{"@id":"https:\/\/feetuphostels.com\/pt-br\/#website"},"primaryImageOfPage":{"@id":"https:\/\/feetuphostels.com\/pt-br\/reserva-do-home-youth-hostel-valencia\/#primaryimage"},"image":{"@id":"https:\/\/feetuphostels.com\/pt-br\/reserva-do-home-youth-hostel-valencia\/#primaryimage"},"thumbnailUrl":"https:\/\/feetuphostels.com\/wp-content\/uploads\/2019\/07\/16home-youth-hostel-valencia-by-feetuphostels.jpg","datePublished":"2019-11-11T10:15:23+00:00","dateModified":"2024-11-02T18:59:00+00:00","description":"Reserva do H\u00f4me Youth Hostel Valencia \u00ae Reserve uma cama agora com o melhor pre\u00e7o em Val\u00eancia, sem taxas de reserva, confirma\u00e7\u00e3o imediata, cancelamento gratuito","breadcrumb":{"@id":"https:\/\/feetuphostels.com\/pt-br\/reserva-do-home-youth-hostel-valencia\/#breadcrumb"},"inLanguage":"pt-BR","potentialAction":[{"@type":"ReadAction","target":["https:\/\/feetuphostels.com\/pt-br\/reserva-do-home-youth-hostel-valencia\/"]}]},{"@type":"ImageObject","inLanguage":"pt-BR","@id":"https:\/\/feetuphostels.com\/pt-br\/reserva-do-home-youth-hostel-valencia\/#primaryimage","url":"https:\/\/feetuphostels.com\/wp-content\/uploads\/2019\/07\/16home-youth-hostel-valencia-by-feetuphostels.jpg","contentUrl":"https:\/\/feetuphostels.com\/wp-content\/uploads\/2019\/07\/16home-youth-hostel-valencia-by-feetuphostels.jpg","width":1620,"height":1080,"caption":"A recepion d\u00e1 a voc\u00ea uma recep\u00e7\u00e3o calorosa"},{"@type":"BreadcrumbList","@id":"https:\/\/feetuphostels.com\/pt-br\/reserva-do-home-youth-hostel-valencia\/#breadcrumb","itemListElement":[{"@type":"ListItem","position":1,"name":"Home","item":"https:\/\/feetuphostels.com\/pt-br\/"},{"@type":"ListItem","position":2,"name":"Reserva do H\u00f4me Youth Hostel Valencia"}]},{"@type":"WebSite","@id":"https:\/\/feetuphostels.com\/pt-br\/#website","url":"https:\/\/feetuphostels.com\/pt-br\/","name":"Feet Up Hostels","description":"Youth Hostels e acomoda\u00e7\u00f5es em Valencia, Espanha. Somos Friendliness Specialists","publisher":{"@id":"https:\/\/feetuphostels.com\/pt-br\/#organization"},"alternateName":"Feet Up Hostels","potentialAction":[{"@type":"SearchAction","target":{"@type":"EntryPoint","urlTemplate":"https:\/\/feetuphostels.com\/pt-br\/?s={search_term_string}"},"query-input":{"@type":"PropertyValueSpecification","valueRequired":true,"valueName":"search_term_string"}}],"inLanguage":"pt-BR"},{"@type":"Organization","@id":"https:\/\/feetuphostels.com\/pt-br\/#organization","name":"Feet Up Hostels","alternateName":"Feet Up Hostels","url":"https:\/\/feetuphostels.com\/pt-br\/","logo":{"@type":"ImageObject","inLanguage":"pt-BR","@id":"https:\/\/feetuphostels.com\/pt-br\/#\/schema\/logo\/image\/","url":"https:\/\/feetuphostels.com\/wp-content\/uploads\/2019\/01\/logo-web-amp-feetuphostels.svg","contentUrl":"https:\/\/feetuphostels.com\/wp-content\/uploads\/2019\/01\/logo-web-amp-feetuphostels.svg","width":1,"height":1,"caption":"Feet Up Hostels"},"image":{"@id":"https:\/\/feetuphostels.com\/pt-br\/#\/schema\/logo\/image\/"},"sameAs":["https:\/\/facebook.com\/feetuphostelsgroup","https:\/\/x.com\/feetuphostels","https:\/\/www.instagram.com\/feetuphostels\/","https:\/\/www.tiktok.com\/@feetuphostels","https:\/\/www.linkedin.com\/company\/feetuphostelsgroup\/","https:\/\/www.pinterest.es\/FeetupHostels\/","https:\/\/www.youtube.com\/feetuphostels"]}]}},"_links":{"self":[{"href":"https:\/\/feetuphostels.com\/pt-br\/wp-json\/wp\/v2\/pages\/216509","targetHints":{"allow":["GET"]}}],"collection":[{"href":"https:\/\/feetuphostels.com\/pt-br\/wp-json\/wp\/v2\/pages"}],"about":[{"href":"https:\/\/feetuphostels.com\/pt-br\/wp-json\/wp\/v2\/types\/page"}],"author":[{"embeddable":true,"href":"https:\/\/feetuphostels.com\/pt-br\/wp-json\/wp\/v2\/users\/13"}],"replies":[{"embeddable":true,"href":"https:\/\/feetuphostels.com\/pt-br\/wp-json\/wp\/v2\/comments?post=216509"}],"version-history":[{"count":0,"href":"https:\/\/feetuphostels.com\/pt-br\/wp-json\/wp\/v2\/pages\/216509\/revisions"}],"wp:featuredmedia":[{"embeddable":true,"href":"https:\/\/feetuphostels.com\/pt-br\/wp-json\/wp\/v2\/media\/215180"}],"wp:attachment":[{"href":"https:\/\/feetuphostels.com\/pt-br\/wp-json\/wp\/v2\/media?parent=216509"}],"curies":[{"name":"wp","href":"https:\/\/api.w.org\/{rel}","templated":true}]}}