{"id":216482,"date":"2019-10-30T09:59:27","date_gmt":"2019-10-30T08:59:27","guid":{"rendered":"https:\/\/feetuphostels.com\/reserva-purple-nest-hostel-valencia\/"},"modified":"2024-11-03T12:27:19","modified_gmt":"2024-11-03T11:27:19","slug":"reserva-purple-nest-hostel-valencia","status":"publish","type":"page","link":"https:\/\/feetuphostels.com\/pt-br\/reserva-purple-nest-hostel-valencia\/","title":{"rendered":"Reserva Purple Nest Hostel Valencia"},"content":{"rendered":"\n<h1 class=\"wp-block-heading has-text-align-center\" id=\"h-booking-purple-nest-hostel\">Booking Purple Nest Hostel<\/h1>\n\n<iframe src=\"https:\/\/feetup-purple-nest-hostel-dot-feetup-hotels.appspot.com\/booking1\/?adultsRoom1=1&#038;language=english\" width=\"100%\" height=\"1800px\" style=\"border:0;\"><\/iframe>\r\n\n<h2 class=\"wp-block-heading\">Ol\u00e1, aventureiros e exploradores!&#13;\nReserve sua cama em Val\u00eancia<\/h2>\n\n<h2 class=\"wp-block-heading\">Bem-vindo ao nosso Purple Nest <a href=\"https:\/\/nesthostelsvalencia.com\/\" target=\"_blank\" rel=\"noreferrer noopener\">Hostel Valencia<\/a><\/h2>\n\n<p>Um lugar onde a divers\u00e3o encontra o conforto e a hospitalidade.<\/p>\n\n<p>Se voc\u00ea est\u00e1 procurando uma experi\u00eancia de viagem inesquec\u00edvel, este \u00e9 o lugar certo para voc\u00ea.<\/p>\n\n<p>Aqui em nosso <a href=\"https:\/\/feetuphostels.com\/purple-nest-hostel-valencia\/\">Purple Nest<\/a>, valorizamos a autenticidade e a intera\u00e7\u00e3o direta com nossos h\u00f3spedes. Acreditamos que reservar diretamente conosco \u00e9 a melhor maneira de garantir uma experi\u00eancia de hospedagem \u00fanica, personalizada e, acima de tudo, gratificante.&#13;\n<div id=\"gtx-trans\" style=\"position: absolute; left: 105px; top: 38px;\">&#13;\n<div class=\"gtx-trans-icon\"><\/div>&#13;\n<\/div><\/p>\n\n<p>Por que, voc\u00ea pergunta? Deixe-nos explicar:<\/p>\n\n<ol class=\"wp-block-list\">\n<li><a href=\"https:\/\/feetuphostels.com\/safe-booking\/\">Melhor pre\u00e7o garantido<\/a>: Ao reservar diretamente conosco, voc\u00ea sempre obter\u00e1 o melhor pre\u00e7o. N\u00e3o h\u00e1 intermedi\u00e1rios adicionando comiss\u00f5es extras, portanto voc\u00ea pode economizar mais para suas aventuras.&#13;\n<div id=\"gtx-trans\" style=\"position: absolute; left: -51px; top: -10px;\">&#13;\n<div class=\"gtx-trans-icon\"><\/div>&#13;\n<\/div><\/li>\n\n\n\n<li><strong>Comunica\u00e7\u00e3o direta:<\/strong> Ao reservar diretamente, voc\u00ea se beneficia de uma linha de comunica\u00e7\u00e3o mais fluida e direta com nossa equipe. Podemos atender \u00e0s suas necessidades pessoais, responder \u00e0s suas perguntas e fornecer dicas locais \u00fateis com efici\u00eancia.<\/li>\n\n\n\n<li><strong>Personaliza\u00e7\u00e3o:<\/strong> Voc\u00ea tem necessidades diet\u00e9ticas espec\u00edficas? Voc\u00ea prefere uma cama em um canto tranquilo do dormit\u00f3rio? Quando voc\u00ea faz a reserva diretamente, podemos nos adaptar \u00e0s suas prefer\u00eancias e necessidades individuais para garantir que sua estadia seja a mais confort\u00e1vel e agrad\u00e1vel poss\u00edvel.<\/li>\n\n\n\n<li><strong>Promo\u00e7\u00f5es exclusivas:<\/strong> Frequentemente, temos ofertas e descontos exclusivos dispon\u00edveis apenas para h\u00f3spedes que fazem reservas diretamente. Isso pode incluir tudo, desde descontos em atividades locais at\u00e9 uma bebida gratuita na chegada.&#13;\n<div id=\"gtx-trans\" style=\"position: absolute; left: -165px; top: -10px;\">&#13;\n<div class=\"gtx-trans-icon\"><\/div>&#13;\n<\/div><\/li>\n\n\n\n<li><strong>Recompensa pela fidelidade:<\/strong> os h\u00f3spedes que fazem reservas diretamente geralmente s\u00e3o os primeiros a saber sobre nossos eventos e ofertas especiais. Al\u00e9m disso, adoramos ver rostos conhecidos e, por isso, geralmente temos recompensas especiais para h\u00f3spedes que retornam.<\/li>\n<\/ol>\n\n<p><\/p>\n\n<h2 class=\"wp-block-heading\">Em resumo.<\/h2>\n\n<p>Reservar diretamente conosco significa que voc\u00ea se beneficiar\u00e1 dos melhores pre\u00e7os, servi\u00e7o mais personalizado, promo\u00e7\u00f5es exclusivas e pr\u00eamios de fidelidade. Mas, o mais importante, significa que voc\u00ea far\u00e1 parte de nossa comunidade de viajantes e aventureiros, compartilhando experi\u00eancias e criando mem\u00f3rias que durar\u00e3o a vida inteira.<\/p>\n\n<p>Portanto, da pr\u00f3xima vez que voc\u00ea estiver planejando sua grande aventura, considere reservar diretamente conosco. Garantimos que essa ser\u00e1 a melhor decis\u00e3o para sua viagem.<\/p>\n\n<p>Estamos ansiosos para receb\u00ea-lo de bra\u00e7os abertos em nosso Albergue da Juventude!<\/p>\n","protected":false},"excerpt":{"rendered":"<p>Booking Purple Nest Hostel Valencia \u00ae Compare em outros canais e reserve conosco \ud83d\ude4b\ud83d\ude4b\u200d\u2642\ufe0f sempre temos o melhor pre\u00e7o online em Valencia \u2714\ufe0f Reserve e economize em seu albergue hoje! Promessa de melhor pre\u00e7o. Sem taxa de reserva. Sem taxas de reserva. Atendimento ao cliente 24 horas por dia, 7 dias por semana. Leia as avalia\u00e7\u00f5es reais dos h\u00f3spedes. Obtenha confirma\u00e7\u00e3o instant\u00e2nea. Reserva segura. Reserva Purple Nest Hostel Valencia<\/p>\n","protected":false},"author":13,"featured_media":215072,"parent":0,"menu_order":0,"comment_status":"closed","ping_status":"closed","template":"","meta":{"footnotes":""},"class_list":["post-216482","page","type-page","status-publish","has-post-thumbnail","hentry"],"yoast_head":"<!-- This site is optimized with the Yoast SEO plugin v27.4 - https:\/\/yoast.com\/product\/yoast-seo-wordpress\/ -->\n<title>Booking Purple Nest Hostel Valencia \u00ae Compare e reserve<\/title>\n<meta name=\"description\" content=\"Reservar Purple Nest Hostel Valencia \u00ae Compare em outros canais e reserve conosco \ud83d\ude4b\ud83d\ude4b\u200d\u2642\ufe0f sempre temos o melhor pre\u00e7o on-line em Valencia\u2714\ufe0f\" \/>\n<meta name=\"robots\" content=\"index, follow, max-snippet:-1, max-image-preview:large, max-video-preview:-1\" \/>\n<link rel=\"canonical\" href=\"https:\/\/feetuphostels.com\/pt-br\/reserva-purple-nest-hostel-valencia\/\" \/>\n<meta property=\"og:locale\" content=\"pt_BR\" \/>\n<meta property=\"og:type\" content=\"article\" \/>\n<meta property=\"og:title\" content=\"Booking Purple Nest Hostel Valencia \u00ae Compare e reserve\" \/>\n<meta property=\"og:description\" content=\"Reservar Purple Nest Hostel Valencia \u00ae Compare em outros canais e reserve conosco \ud83d\ude4b\ud83d\ude4b\u200d\u2642\ufe0f sempre temos o melhor pre\u00e7o on-line em Valencia\u2714\ufe0f\" \/>\n<meta property=\"og:url\" content=\"https:\/\/feetuphostels.com\/pt-br\/reserva-purple-nest-hostel-valencia\/\" \/>\n<meta property=\"og:site_name\" content=\"Feet Up Hostels\" \/>\n<meta property=\"article:publisher\" content=\"https:\/\/facebook.com\/feetuphostelsgroup\" \/>\n<meta property=\"article:modified_time\" content=\"2024-11-03T11:27:19+00:00\" \/>\n<meta property=\"og:image\" content=\"https:\/\/feetuphostels.com\/wp-content\/uploads\/2019\/01\/35purple-nest-hostel-valencia-by-feetuphostels.jpg\" \/>\n\t<meta property=\"og:image:width\" content=\"1620\" \/>\n\t<meta property=\"og:image:height\" content=\"1080\" \/>\n\t<meta property=\"og:image:type\" content=\"image\/jpeg\" \/>\n<meta name=\"twitter:card\" content=\"summary_large_image\" \/>\n<meta name=\"twitter:site\" content=\"@feetuphostels\" \/>\n<meta name=\"twitter:label1\" content=\"Est. tempo de leitura\" \/>\n\t<meta name=\"twitter:data1\" content=\"2 minutos\" \/>\n<script type=\"application\/ld+json\" class=\"yoast-schema-graph\">{\"@context\":\"https:\\\/\\\/schema.org\",\"@graph\":[{\"@type\":\"WebPage\",\"@id\":\"https:\\\/\\\/feetuphostels.com\\\/pt-br\\\/reserva-purple-nest-hostel-valencia\\\/\",\"url\":\"https:\\\/\\\/feetuphostels.com\\\/pt-br\\\/reserva-purple-nest-hostel-valencia\\\/\",\"name\":\"Booking Purple Nest Hostel Valencia \u00ae Compare e reserve\",\"isPartOf\":{\"@id\":\"https:\\\/\\\/feetuphostels.com\\\/pt-br\\\/#website\"},\"primaryImageOfPage\":{\"@id\":\"https:\\\/\\\/feetuphostels.com\\\/pt-br\\\/reserva-purple-nest-hostel-valencia\\\/#primaryimage\"},\"image\":{\"@id\":\"https:\\\/\\\/feetuphostels.com\\\/pt-br\\\/reserva-purple-nest-hostel-valencia\\\/#primaryimage\"},\"thumbnailUrl\":\"https:\\\/\\\/feetuphostels.com\\\/wp-content\\\/uploads\\\/2019\\\/01\\\/35purple-nest-hostel-valencia-by-feetuphostels.jpg\",\"datePublished\":\"2019-10-30T08:59:27+00:00\",\"dateModified\":\"2024-11-03T11:27:19+00:00\",\"description\":\"Reservar Purple Nest Hostel Valencia \u00ae Compare em outros canais e reserve conosco \ud83d\ude4b\ud83d\ude4b\u200d\u2642\ufe0f sempre temos o melhor pre\u00e7o on-line em Valencia\u2714\ufe0f\",\"breadcrumb\":{\"@id\":\"https:\\\/\\\/feetuphostels.com\\\/pt-br\\\/reserva-purple-nest-hostel-valencia\\\/#breadcrumb\"},\"inLanguage\":\"pt-BR\",\"potentialAction\":[{\"@type\":\"ReadAction\",\"target\":[\"https:\\\/\\\/feetuphostels.com\\\/pt-br\\\/reserva-purple-nest-hostel-valencia\\\/\"]}]},{\"@type\":\"ImageObject\",\"inLanguage\":\"pt-BR\",\"@id\":\"https:\\\/\\\/feetuphostels.com\\\/pt-br\\\/reserva-purple-nest-hostel-valencia\\\/#primaryimage\",\"url\":\"https:\\\/\\\/feetuphostels.com\\\/wp-content\\\/uploads\\\/2019\\\/01\\\/35purple-nest-hostel-valencia-by-feetuphostels.jpg\",\"contentUrl\":\"https:\\\/\\\/feetuphostels.com\\\/wp-content\\\/uploads\\\/2019\\\/01\\\/35purple-nest-hostel-valencia-by-feetuphostels.jpg\",\"width\":1620,\"height\":1080,\"caption\":\"A recep\u00e7\u00e3o dar\u00e1 a voc\u00ea uma recep\u00e7\u00e3o calorosa\"},{\"@type\":\"BreadcrumbList\",\"@id\":\"https:\\\/\\\/feetuphostels.com\\\/pt-br\\\/reserva-purple-nest-hostel-valencia\\\/#breadcrumb\",\"itemListElement\":[{\"@type\":\"ListItem\",\"position\":1,\"name\":\"Home\",\"item\":\"https:\\\/\\\/feetuphostels.com\\\/pt-br\\\/\"},{\"@type\":\"ListItem\",\"position\":2,\"name\":\"Reserva Purple Nest Hostel Valencia\"}]},{\"@type\":\"WebSite\",\"@id\":\"https:\\\/\\\/feetuphostels.com\\\/pt-br\\\/#website\",\"url\":\"https:\\\/\\\/feetuphostels.com\\\/pt-br\\\/\",\"name\":\"Feet Up Hostels\",\"description\":\"Youth Hostels e acomoda\u00e7\u00f5es em Valencia, Espanha. Somos Friendliness Specialists\",\"publisher\":{\"@id\":\"https:\\\/\\\/feetuphostels.com\\\/pt-br\\\/#organization\"},\"alternateName\":\"Feet Up Hostels\",\"potentialAction\":[{\"@type\":\"SearchAction\",\"target\":{\"@type\":\"EntryPoint\",\"urlTemplate\":\"https:\\\/\\\/feetuphostels.com\\\/pt-br\\\/?s={search_term_string}\"},\"query-input\":{\"@type\":\"PropertyValueSpecification\",\"valueRequired\":true,\"valueName\":\"search_term_string\"}}],\"inLanguage\":\"pt-BR\"},{\"@type\":\"Organization\",\"@id\":\"https:\\\/\\\/feetuphostels.com\\\/pt-br\\\/#organization\",\"name\":\"Feet Up Hostels\",\"alternateName\":\"Feet Up Hostels\",\"url\":\"https:\\\/\\\/feetuphostels.com\\\/pt-br\\\/\",\"logo\":{\"@type\":\"ImageObject\",\"inLanguage\":\"pt-BR\",\"@id\":\"https:\\\/\\\/feetuphostels.com\\\/pt-br\\\/#\\\/schema\\\/logo\\\/image\\\/\",\"url\":\"https:\\\/\\\/feetuphostels.com\\\/wp-content\\\/uploads\\\/2019\\\/01\\\/logo-web-amp-feetuphostels.svg\",\"contentUrl\":\"https:\\\/\\\/feetuphostels.com\\\/wp-content\\\/uploads\\\/2019\\\/01\\\/logo-web-amp-feetuphostels.svg\",\"width\":1,\"height\":1,\"caption\":\"Feet Up Hostels\"},\"image\":{\"@id\":\"https:\\\/\\\/feetuphostels.com\\\/pt-br\\\/#\\\/schema\\\/logo\\\/image\\\/\"},\"sameAs\":[\"https:\\\/\\\/facebook.com\\\/feetuphostelsgroup\",\"https:\\\/\\\/x.com\\\/feetuphostels\",\"https:\\\/\\\/www.instagram.com\\\/feetuphostels\\\/\",\"https:\\\/\\\/www.tiktok.com\\\/@feetuphostels\",\"https:\\\/\\\/www.linkedin.com\\\/company\\\/feetuphostelsgroup\\\/\",\"https:\\\/\\\/www.pinterest.es\\\/FeetupHostels\\\/\",\"https:\\\/\\\/www.youtube.com\\\/feetuphostels\"]}]}<\/script>\n<!-- \/ Yoast SEO plugin. -->","yoast_head_json":{"title":"Booking Purple Nest Hostel Valencia \u00ae Compare e reserve","description":"Reservar Purple Nest Hostel Valencia \u00ae Compare em outros canais e reserve conosco \ud83d\ude4b\ud83d\ude4b\u200d\u2642\ufe0f sempre temos o melhor pre\u00e7o on-line em Valencia\u2714\ufe0f","robots":{"index":"index","follow":"follow","max-snippet":"max-snippet:-1","max-image-preview":"max-image-preview:large","max-video-preview":"max-video-preview:-1"},"canonical":"https:\/\/feetuphostels.com\/pt-br\/reserva-purple-nest-hostel-valencia\/","og_locale":"pt_BR","og_type":"article","og_title":"Booking Purple Nest Hostel Valencia \u00ae Compare e reserve","og_description":"Reservar Purple Nest Hostel Valencia \u00ae Compare em outros canais e reserve conosco \ud83d\ude4b\ud83d\ude4b\u200d\u2642\ufe0f sempre temos o melhor pre\u00e7o on-line em Valencia\u2714\ufe0f","og_url":"https:\/\/feetuphostels.com\/pt-br\/reserva-purple-nest-hostel-valencia\/","og_site_name":"Feet Up Hostels","article_publisher":"https:\/\/facebook.com\/feetuphostelsgroup","article_modified_time":"2024-11-03T11:27:19+00:00","og_image":[{"width":1620,"height":1080,"url":"https:\/\/feetuphostels.com\/wp-content\/uploads\/2019\/01\/35purple-nest-hostel-valencia-by-feetuphostels.jpg","type":"image\/jpeg"}],"twitter_card":"summary_large_image","twitter_site":"@feetuphostels","twitter_misc":{"Est. tempo de leitura":"2 minutos"},"schema":{"@context":"https:\/\/schema.org","@graph":[{"@type":"WebPage","@id":"https:\/\/feetuphostels.com\/pt-br\/reserva-purple-nest-hostel-valencia\/","url":"https:\/\/feetuphostels.com\/pt-br\/reserva-purple-nest-hostel-valencia\/","name":"Booking Purple Nest Hostel Valencia \u00ae Compare e reserve","isPartOf":{"@id":"https:\/\/feetuphostels.com\/pt-br\/#website"},"primaryImageOfPage":{"@id":"https:\/\/feetuphostels.com\/pt-br\/reserva-purple-nest-hostel-valencia\/#primaryimage"},"image":{"@id":"https:\/\/feetuphostels.com\/pt-br\/reserva-purple-nest-hostel-valencia\/#primaryimage"},"thumbnailUrl":"https:\/\/feetuphostels.com\/wp-content\/uploads\/2019\/01\/35purple-nest-hostel-valencia-by-feetuphostels.jpg","datePublished":"2019-10-30T08:59:27+00:00","dateModified":"2024-11-03T11:27:19+00:00","description":"Reservar Purple Nest Hostel Valencia \u00ae Compare em outros canais e reserve conosco \ud83d\ude4b\ud83d\ude4b\u200d\u2642\ufe0f sempre temos o melhor pre\u00e7o on-line em Valencia\u2714\ufe0f","breadcrumb":{"@id":"https:\/\/feetuphostels.com\/pt-br\/reserva-purple-nest-hostel-valencia\/#breadcrumb"},"inLanguage":"pt-BR","potentialAction":[{"@type":"ReadAction","target":["https:\/\/feetuphostels.com\/pt-br\/reserva-purple-nest-hostel-valencia\/"]}]},{"@type":"ImageObject","inLanguage":"pt-BR","@id":"https:\/\/feetuphostels.com\/pt-br\/reserva-purple-nest-hostel-valencia\/#primaryimage","url":"https:\/\/feetuphostels.com\/wp-content\/uploads\/2019\/01\/35purple-nest-hostel-valencia-by-feetuphostels.jpg","contentUrl":"https:\/\/feetuphostels.com\/wp-content\/uploads\/2019\/01\/35purple-nest-hostel-valencia-by-feetuphostels.jpg","width":1620,"height":1080,"caption":"A recep\u00e7\u00e3o dar\u00e1 a voc\u00ea uma recep\u00e7\u00e3o calorosa"},{"@type":"BreadcrumbList","@id":"https:\/\/feetuphostels.com\/pt-br\/reserva-purple-nest-hostel-valencia\/#breadcrumb","itemListElement":[{"@type":"ListItem","position":1,"name":"Home","item":"https:\/\/feetuphostels.com\/pt-br\/"},{"@type":"ListItem","position":2,"name":"Reserva Purple Nest Hostel Valencia"}]},{"@type":"WebSite","@id":"https:\/\/feetuphostels.com\/pt-br\/#website","url":"https:\/\/feetuphostels.com\/pt-br\/","name":"Feet Up Hostels","description":"Youth Hostels e acomoda\u00e7\u00f5es em Valencia, Espanha. Somos Friendliness Specialists","publisher":{"@id":"https:\/\/feetuphostels.com\/pt-br\/#organization"},"alternateName":"Feet Up Hostels","potentialAction":[{"@type":"SearchAction","target":{"@type":"EntryPoint","urlTemplate":"https:\/\/feetuphostels.com\/pt-br\/?s={search_term_string}"},"query-input":{"@type":"PropertyValueSpecification","valueRequired":true,"valueName":"search_term_string"}}],"inLanguage":"pt-BR"},{"@type":"Organization","@id":"https:\/\/feetuphostels.com\/pt-br\/#organization","name":"Feet Up Hostels","alternateName":"Feet Up Hostels","url":"https:\/\/feetuphostels.com\/pt-br\/","logo":{"@type":"ImageObject","inLanguage":"pt-BR","@id":"https:\/\/feetuphostels.com\/pt-br\/#\/schema\/logo\/image\/","url":"https:\/\/feetuphostels.com\/wp-content\/uploads\/2019\/01\/logo-web-amp-feetuphostels.svg","contentUrl":"https:\/\/feetuphostels.com\/wp-content\/uploads\/2019\/01\/logo-web-amp-feetuphostels.svg","width":1,"height":1,"caption":"Feet Up Hostels"},"image":{"@id":"https:\/\/feetuphostels.com\/pt-br\/#\/schema\/logo\/image\/"},"sameAs":["https:\/\/facebook.com\/feetuphostelsgroup","https:\/\/x.com\/feetuphostels","https:\/\/www.instagram.com\/feetuphostels\/","https:\/\/www.tiktok.com\/@feetuphostels","https:\/\/www.linkedin.com\/company\/feetuphostelsgroup\/","https:\/\/www.pinterest.es\/FeetupHostels\/","https:\/\/www.youtube.com\/feetuphostels"]}]}},"_links":{"self":[{"href":"https:\/\/feetuphostels.com\/pt-br\/wp-json\/wp\/v2\/pages\/216482","targetHints":{"allow":["GET"]}}],"collection":[{"href":"https:\/\/feetuphostels.com\/pt-br\/wp-json\/wp\/v2\/pages"}],"about":[{"href":"https:\/\/feetuphostels.com\/pt-br\/wp-json\/wp\/v2\/types\/page"}],"author":[{"embeddable":true,"href":"https:\/\/feetuphostels.com\/pt-br\/wp-json\/wp\/v2\/users\/13"}],"replies":[{"embeddable":true,"href":"https:\/\/feetuphostels.com\/pt-br\/wp-json\/wp\/v2\/comments?post=216482"}],"version-history":[{"count":0,"href":"https:\/\/feetuphostels.com\/pt-br\/wp-json\/wp\/v2\/pages\/216482\/revisions"}],"wp:featuredmedia":[{"embeddable":true,"href":"https:\/\/feetuphostels.com\/pt-br\/wp-json\/wp\/v2\/media\/215072"}],"wp:attachment":[{"href":"https:\/\/feetuphostels.com\/pt-br\/wp-json\/wp\/v2\/media?parent=216482"}],"curies":[{"name":"wp","href":"https:\/\/api.w.org\/{rel}","templated":true}]}}