{"id":95661,"date":"2017-01-20T09:48:34","date_gmt":"2017-01-20T08:48:34","guid":{"rendered":"https:\/\/feetuphostels.com\/customer\/"},"modified":"2026-04-20T15:38:13","modified_gmt":"2026-04-20T13:38:13","slug":"klantenservice","status":"publish","type":"page","link":"https:\/\/feetuphostels.com\/nl\/klantenservice\/","title":{"rendered":"Klantenservice"},"content":{"rendered":"\n<h1 class=\"wp-block-heading has-text-align-center\">Atenci\u00f3n al cliente<\/h1>\n\n<p>Nuestro Grupo Feet Up Hostels\u00a0 representa una red vibrante y aut\u00e9ntica de <a href=\"https:\/\/feetuphostels.com\/es\/hostels-espana\/\">albergues juveniles<\/a>, gestados a partir de una aut\u00e9ntica pasi\u00f3n por el esp\u00edritu mochilero. Creados por y para viajeros incansables, nuestros albergues son el lugar de encuentro perfecto para exploradores modernos, visitantes de todas las latitudes y aquellos que buscan nuevas experiencias y aventuras.<\/p>\n\n<h2 class=\"wp-block-heading\">\u00bfEst\u00e1s de viaje?<\/h2>\n\n<p>Si est\u00e1s planeando tu pr\u00f3xima gran aventura, sabes que la elecci\u00f3n del alojamiento es fundamental para tu experiencia. En nuestra plataforma de reserva para albergues juveniles, no solo facilitamos la elecci\u00f3n del lugar perfecto, sino que tambi\u00e9n nos enorgullece brindar un excepcional servicio de atenci\u00f3n al cliente.<\/p>\n\n<h2 class=\"wp-block-heading\">Nuestro equipo profesional.<\/h2>\n\n<p>Nuestro equipo dedicado de profesionales de atenci\u00f3n al cliente est\u00e1 siempre listo y dispuesto a ayudarte en cada paso de tu viaje, desde la fase de reserva hasta el momento en que te marchas. Comprendemos que cada viajero es \u00fanico y tiene necesidades diferentes, por lo que nos esforzamos por ofrecer un servicio personalizado que satisfaga tus requisitos individuales.<\/p>\n\n<p>Adem\u00e1s de ayudarte a encontrar el albergue juvenil que mejor se adapte a tus preferencias y presupuesto, nuestro equipo puede proporcionarte valiosa informaci\u00f3n sobre las instalaciones del albergue, las actividades locales, consejos de viaje y mucho m\u00e1s. Si tienes alguna pregunta o inquietud, estamos a solo una llamada o un correo electr\u00f3nico de distancia.&#13;\n<\/p>\n\n<h2 class=\"wp-block-heading\">Nuestra promesa.<\/h2>\n\n<p>Nuestra atenci\u00f3n al cliente es m\u00e1s que un servicio, es una promesa de hacer que tu viaje sea lo m\u00e1s placentero y sin estr\u00e9s posible. Creemos que un buen servicio de atenci\u00f3n al cliente puede marcar la diferencia en tus viajes, transformando una buena estancia en una experiencia extraordinaria.<\/p>\n\n<p>Entonces, \u00bfest\u00e1s listo para tu pr\u00f3xima aventura? Navega por nuestro <a href=\"https:\/\/feetuphostels.com\/es\/reserva-feetup-hostels\/\">canal de reservas<\/a> y descubre la amplia gama de albergues juveniles que tenemos para ofrecerte. No importa si eres un mochilero experimentado o un viajero novato, con nuestro excelente servicio de atenci\u00f3n al cliente, tu satisfacci\u00f3n est\u00e1 garantizada.<\/p>\n\n<p>\u00a1Esperamos verte pronto en uno de nuestros albergues juveniles!<\/p>\n\n<h2 class=\"wp-block-heading\" id=\"h-contact-details\">Datos de contacto.<\/h2>\n\n<h3 class=\"wp-block-heading\">Departamento de reservas y ventas.<\/h3>\n\n<ul class=\"wp-block-list\">\n<li><strong>Email:<\/strong>\u00a0<a href=\"mailto:comercial@feetuphostels.com\">comercial@feetuphostels.com<\/a><\/li>\n\n\n\n<li><strong>Central de reservas:<\/strong>\u00a0<a href=\"callto:\/\/+34963285515\">+34 963 285 515<\/a><\/li>\n\n\n\n<li>Comercial:\u00a0Matias<\/li>\n<\/ul>\n\n<h3 class=\"wp-block-heading\">Departamento de Reservas de Grupos<\/h3>\n\n<ul class=\"wp-block-list\">\n<li><strong>Email:<\/strong>\u00a0<a href=\"mailto:groups@feetuphostels.com\">groups@feetuphostels.com<\/a><\/li>\n\n\n\n<li><strong>Central de reservas:<\/strong>\u00a0<a href=\"callto:\/\/+34963285515\">+34 963 285 515<\/a><\/li>\n\n\n\n<li><strong>Comercial:<\/strong>\u00a0Ana Benavent\u00a0<a href=\"mailto:groups@travelingroup.com\">groups@travelingroup.com<\/a><\/li>\n\n\n\n<li><strong>Comercial:<\/strong>\u00a0Mar\u00eda Poveda\u00a0<a href=\"mailto:comercial@travelingroup.com\">comercial@travelingroup.com<\/a><\/li>\n<\/ul>\n\n<h3 class=\"wp-block-heading\">General.<\/h3>\n\n<ul class=\"wp-block-list\">\n<li><strong>Informaci\u00f3nn:<\/strong>\u00a0<a href=\"mailto:info@feetuphostels.com\">info@feetuphostels.com<\/a><\/li>\n<\/ul>\n\n<h3 class=\"wp-block-heading\">Purple Nest Hostel Valencia<\/h3>\n\n<ul class=\"wp-block-list\">\n<li>Recepci\u00f3n: <a href=\"mailto:purplenest@feetuphostels.com\">purplenest@feetuphostels.com<\/a><\/li>\n<\/ul>\n\n<h3 class=\"wp-block-heading\">Red Nest Hostel Valencia<\/h3>\n\n<ul class=\"wp-block-list\">\n<li>Recepci\u00f3n: <a href=\"mailto:rednest@feetuphostels.com\" target=\"_blank\" rel=\"noreferrer noopener\">rednest@feetuphostels.com<\/a><\/li>\n<\/ul>\n\n<h3 class=\"wp-block-heading\">H\u00f4me Youth Hostel Valencia<\/h3>\n\n<ul class=\"wp-block-list\">\n<li>Recepci\u00f3n: <a href=\"mailto:youthhostel@homehostelsvalencia.com\" target=\"_blank\" rel=\"noreferrer noopener\">youthhostel@homehostelsvalencia.com<\/a><\/li>\n<\/ul>\n\n<h3 class=\"wp-block-heading\">Nest Style Valencia Hotel<\/h3>\n\n<ul class=\"wp-block-list\">\n<li>Recepci\u00f3n: <a href=\"mailto:reception@neststylevalencia.com\" target=\"_blank\" rel=\"noreferrer noopener\">reception@neststylevalencia.com<\/a><\/li>\n<\/ul>\n\n<p><\/p>\n","protected":false},"excerpt":{"rendered":"<p>Klantenservice. Klantenservice en ondersteuning, klantinformatie Contact gegevens met onze verschillende afdelingen, neem contact met ons op!<\/p>\n","protected":false},"author":13,"featured_media":216309,"parent":0,"menu_order":0,"comment_status":"closed","ping_status":"closed","template":"","meta":{"footnotes":""},"class_list":["post-95661","page","type-page","status-publish","has-post-thumbnail","hentry"],"yoast_head":"<!-- This site is optimized with the Yoast SEO plugin v27.4 - https:\/\/yoast.com\/product\/yoast-seo-wordpress\/ -->\n<title>Klantenservice. Klantenzorg en -ondersteuning, klant<\/title>\n<meta name=\"description\" content=\"Klantenservice. Klantenservice en ondersteuning, klantinformatie Contact gegevens met onze verschillende afdelingen, neem contact met ons op!\" \/>\n<meta name=\"robots\" content=\"index, follow, max-snippet:-1, max-image-preview:large, max-video-preview:-1\" \/>\n<link rel=\"canonical\" href=\"https:\/\/feetuphostels.com\/nl\/klantenservice\/\" \/>\n<meta property=\"og:locale\" content=\"nl_NL\" \/>\n<meta property=\"og:type\" content=\"article\" \/>\n<meta property=\"og:title\" content=\"Klantenservice. Klantenzorg en -ondersteuning, klant\" \/>\n<meta property=\"og:description\" content=\"Klantenservice. Klantenservice en ondersteuning, klantinformatie Contact gegevens met onze verschillende afdelingen, neem contact met ons op!\" \/>\n<meta property=\"og:url\" content=\"https:\/\/feetuphostels.com\/nl\/klantenservice\/\" \/>\n<meta property=\"og:site_name\" content=\"Feet Up Hostels\" \/>\n<meta property=\"article:publisher\" content=\"https:\/\/facebook.com\/feetuphostelsgroup\" \/>\n<meta property=\"article:modified_time\" content=\"2026-04-20T13:38:13+00:00\" \/>\n<meta property=\"og:image\" content=\"https:\/\/feetuphostels.com\/wp-content\/uploads\/2023\/05\/customer-services-feetup-hostels.jpg\" \/>\n\t<meta property=\"og:image:width\" content=\"1024\" \/>\n\t<meta property=\"og:image:height\" content=\"680\" \/>\n\t<meta property=\"og:image:type\" content=\"image\/jpeg\" \/>\n<meta name=\"twitter:card\" content=\"summary_large_image\" \/>\n<meta name=\"twitter:site\" content=\"@feetuphostels\" \/>\n<meta name=\"twitter:label1\" content=\"Geschatte leestijd\" \/>\n\t<meta name=\"twitter:data1\" content=\"2 minuten\" \/>\n<script type=\"application\/ld+json\" class=\"yoast-schema-graph\">{\"@context\":\"https:\\\/\\\/schema.org\",\"@graph\":[{\"@type\":\"WebPage\",\"@id\":\"https:\\\/\\\/feetuphostels.com\\\/nl\\\/klantenservice\\\/\",\"url\":\"https:\\\/\\\/feetuphostels.com\\\/nl\\\/klantenservice\\\/\",\"name\":\"Klantenservice. Klantenzorg en -ondersteuning, klant\",\"isPartOf\":{\"@id\":\"https:\\\/\\\/feetuphostels.com\\\/nl\\\/#website\"},\"primaryImageOfPage\":{\"@id\":\"https:\\\/\\\/feetuphostels.com\\\/nl\\\/klantenservice\\\/#primaryimage\"},\"image\":{\"@id\":\"https:\\\/\\\/feetuphostels.com\\\/nl\\\/klantenservice\\\/#primaryimage\"},\"thumbnailUrl\":\"https:\\\/\\\/feetuphostels.com\\\/wp-content\\\/uploads\\\/2023\\\/05\\\/customer-services-feetup-hostels.jpg\",\"datePublished\":\"2017-01-20T08:48:34+00:00\",\"dateModified\":\"2026-04-20T13:38:13+00:00\",\"description\":\"Klantenservice. Klantenservice en ondersteuning, klantinformatie Contact gegevens met onze verschillende afdelingen, neem contact met ons op!\",\"breadcrumb\":{\"@id\":\"https:\\\/\\\/feetuphostels.com\\\/nl\\\/klantenservice\\\/#breadcrumb\"},\"inLanguage\":\"nl-NL\",\"potentialAction\":[{\"@type\":\"ReadAction\",\"target\":[\"https:\\\/\\\/feetuphostels.com\\\/nl\\\/klantenservice\\\/\"]}]},{\"@type\":\"ImageObject\",\"inLanguage\":\"nl-NL\",\"@id\":\"https:\\\/\\\/feetuphostels.com\\\/nl\\\/klantenservice\\\/#primaryimage\",\"url\":\"https:\\\/\\\/feetuphostels.com\\\/wp-content\\\/uploads\\\/2023\\\/05\\\/customer-services-feetup-hostels.jpg\",\"contentUrl\":\"https:\\\/\\\/feetuphostels.com\\\/wp-content\\\/uploads\\\/2023\\\/05\\\/customer-services-feetup-hostels.jpg\",\"width\":1024,\"height\":680,\"caption\":\"Klantenservice Feet Up Hostels Groep\"},{\"@type\":\"BreadcrumbList\",\"@id\":\"https:\\\/\\\/feetuphostels.com\\\/nl\\\/klantenservice\\\/#breadcrumb\",\"itemListElement\":[{\"@type\":\"ListItem\",\"position\":1,\"name\":\"Home\",\"item\":\"https:\\\/\\\/feetuphostels.com\\\/nl\\\/\"},{\"@type\":\"ListItem\",\"position\":2,\"name\":\"Klantenservice\"}]},{\"@type\":\"WebSite\",\"@id\":\"https:\\\/\\\/feetuphostels.com\\\/nl\\\/#website\",\"url\":\"https:\\\/\\\/feetuphostels.com\\\/nl\\\/\",\"name\":\"Feet Up Hostels\",\"description\":\"Jeugdherbergen en accommodatie in Valencia, Spanje. Wij zijn specialisten in vriendelijkheid\",\"publisher\":{\"@id\":\"https:\\\/\\\/feetuphostels.com\\\/nl\\\/#organization\"},\"alternateName\":\"Feet Up Hostels\",\"potentialAction\":[{\"@type\":\"SearchAction\",\"target\":{\"@type\":\"EntryPoint\",\"urlTemplate\":\"https:\\\/\\\/feetuphostels.com\\\/nl\\\/?s={search_term_string}\"},\"query-input\":{\"@type\":\"PropertyValueSpecification\",\"valueRequired\":true,\"valueName\":\"search_term_string\"}}],\"inLanguage\":\"nl-NL\"},{\"@type\":\"Organization\",\"@id\":\"https:\\\/\\\/feetuphostels.com\\\/nl\\\/#organization\",\"name\":\"Feet Up Hostels\",\"alternateName\":\"Feet Up Hostels\",\"url\":\"https:\\\/\\\/feetuphostels.com\\\/nl\\\/\",\"logo\":{\"@type\":\"ImageObject\",\"inLanguage\":\"nl-NL\",\"@id\":\"https:\\\/\\\/feetuphostels.com\\\/nl\\\/#\\\/schema\\\/logo\\\/image\\\/\",\"url\":\"https:\\\/\\\/feetuphostels.com\\\/wp-content\\\/uploads\\\/2019\\\/01\\\/logo-web-amp-feetuphostels.svg\",\"contentUrl\":\"https:\\\/\\\/feetuphostels.com\\\/wp-content\\\/uploads\\\/2019\\\/01\\\/logo-web-amp-feetuphostels.svg\",\"width\":1,\"height\":1,\"caption\":\"Feet Up Hostels\"},\"image\":{\"@id\":\"https:\\\/\\\/feetuphostels.com\\\/nl\\\/#\\\/schema\\\/logo\\\/image\\\/\"},\"sameAs\":[\"https:\\\/\\\/facebook.com\\\/feetuphostelsgroup\",\"https:\\\/\\\/x.com\\\/feetuphostels\",\"https:\\\/\\\/www.instagram.com\\\/feetuphostels\\\/\",\"https:\\\/\\\/www.tiktok.com\\\/@feetuphostels\",\"https:\\\/\\\/www.linkedin.com\\\/company\\\/feetuphostelsgroup\\\/\",\"https:\\\/\\\/www.pinterest.es\\\/FeetupHostels\\\/\",\"https:\\\/\\\/www.youtube.com\\\/feetuphostels\"]}]}<\/script>\n<!-- \/ Yoast SEO plugin. -->","yoast_head_json":{"title":"Klantenservice. Klantenzorg en -ondersteuning, klant","description":"Klantenservice. Klantenservice en ondersteuning, klantinformatie Contact gegevens met onze verschillende afdelingen, neem contact met ons op!","robots":{"index":"index","follow":"follow","max-snippet":"max-snippet:-1","max-image-preview":"max-image-preview:large","max-video-preview":"max-video-preview:-1"},"canonical":"https:\/\/feetuphostels.com\/nl\/klantenservice\/","og_locale":"nl_NL","og_type":"article","og_title":"Klantenservice. Klantenzorg en -ondersteuning, klant","og_description":"Klantenservice. Klantenservice en ondersteuning, klantinformatie Contact gegevens met onze verschillende afdelingen, neem contact met ons op!","og_url":"https:\/\/feetuphostels.com\/nl\/klantenservice\/","og_site_name":"Feet Up Hostels","article_publisher":"https:\/\/facebook.com\/feetuphostelsgroup","article_modified_time":"2026-04-20T13:38:13+00:00","og_image":[{"width":1024,"height":680,"url":"https:\/\/feetuphostels.com\/wp-content\/uploads\/2023\/05\/customer-services-feetup-hostels.jpg","type":"image\/jpeg"}],"twitter_card":"summary_large_image","twitter_site":"@feetuphostels","twitter_misc":{"Geschatte leestijd":"2 minuten"},"schema":{"@context":"https:\/\/schema.org","@graph":[{"@type":"WebPage","@id":"https:\/\/feetuphostels.com\/nl\/klantenservice\/","url":"https:\/\/feetuphostels.com\/nl\/klantenservice\/","name":"Klantenservice. Klantenzorg en -ondersteuning, klant","isPartOf":{"@id":"https:\/\/feetuphostels.com\/nl\/#website"},"primaryImageOfPage":{"@id":"https:\/\/feetuphostels.com\/nl\/klantenservice\/#primaryimage"},"image":{"@id":"https:\/\/feetuphostels.com\/nl\/klantenservice\/#primaryimage"},"thumbnailUrl":"https:\/\/feetuphostels.com\/wp-content\/uploads\/2023\/05\/customer-services-feetup-hostels.jpg","datePublished":"2017-01-20T08:48:34+00:00","dateModified":"2026-04-20T13:38:13+00:00","description":"Klantenservice. Klantenservice en ondersteuning, klantinformatie Contact gegevens met onze verschillende afdelingen, neem contact met ons op!","breadcrumb":{"@id":"https:\/\/feetuphostels.com\/nl\/klantenservice\/#breadcrumb"},"inLanguage":"nl-NL","potentialAction":[{"@type":"ReadAction","target":["https:\/\/feetuphostels.com\/nl\/klantenservice\/"]}]},{"@type":"ImageObject","inLanguage":"nl-NL","@id":"https:\/\/feetuphostels.com\/nl\/klantenservice\/#primaryimage","url":"https:\/\/feetuphostels.com\/wp-content\/uploads\/2023\/05\/customer-services-feetup-hostels.jpg","contentUrl":"https:\/\/feetuphostels.com\/wp-content\/uploads\/2023\/05\/customer-services-feetup-hostels.jpg","width":1024,"height":680,"caption":"Klantenservice Feet Up Hostels Groep"},{"@type":"BreadcrumbList","@id":"https:\/\/feetuphostels.com\/nl\/klantenservice\/#breadcrumb","itemListElement":[{"@type":"ListItem","position":1,"name":"Home","item":"https:\/\/feetuphostels.com\/nl\/"},{"@type":"ListItem","position":2,"name":"Klantenservice"}]},{"@type":"WebSite","@id":"https:\/\/feetuphostels.com\/nl\/#website","url":"https:\/\/feetuphostels.com\/nl\/","name":"Feet Up Hostels","description":"Jeugdherbergen en accommodatie in Valencia, Spanje. Wij zijn specialisten in vriendelijkheid","publisher":{"@id":"https:\/\/feetuphostels.com\/nl\/#organization"},"alternateName":"Feet Up Hostels","potentialAction":[{"@type":"SearchAction","target":{"@type":"EntryPoint","urlTemplate":"https:\/\/feetuphostels.com\/nl\/?s={search_term_string}"},"query-input":{"@type":"PropertyValueSpecification","valueRequired":true,"valueName":"search_term_string"}}],"inLanguage":"nl-NL"},{"@type":"Organization","@id":"https:\/\/feetuphostels.com\/nl\/#organization","name":"Feet Up Hostels","alternateName":"Feet Up Hostels","url":"https:\/\/feetuphostels.com\/nl\/","logo":{"@type":"ImageObject","inLanguage":"nl-NL","@id":"https:\/\/feetuphostels.com\/nl\/#\/schema\/logo\/image\/","url":"https:\/\/feetuphostels.com\/wp-content\/uploads\/2019\/01\/logo-web-amp-feetuphostels.svg","contentUrl":"https:\/\/feetuphostels.com\/wp-content\/uploads\/2019\/01\/logo-web-amp-feetuphostels.svg","width":1,"height":1,"caption":"Feet Up Hostels"},"image":{"@id":"https:\/\/feetuphostels.com\/nl\/#\/schema\/logo\/image\/"},"sameAs":["https:\/\/facebook.com\/feetuphostelsgroup","https:\/\/x.com\/feetuphostels","https:\/\/www.instagram.com\/feetuphostels\/","https:\/\/www.tiktok.com\/@feetuphostels","https:\/\/www.linkedin.com\/company\/feetuphostelsgroup\/","https:\/\/www.pinterest.es\/FeetupHostels\/","https:\/\/www.youtube.com\/feetuphostels"]}]}},"_links":{"self":[{"href":"https:\/\/feetuphostels.com\/nl\/wp-json\/wp\/v2\/pages\/95661","targetHints":{"allow":["GET"]}}],"collection":[{"href":"https:\/\/feetuphostels.com\/nl\/wp-json\/wp\/v2\/pages"}],"about":[{"href":"https:\/\/feetuphostels.com\/nl\/wp-json\/wp\/v2\/types\/page"}],"author":[{"embeddable":true,"href":"https:\/\/feetuphostels.com\/nl\/wp-json\/wp\/v2\/users\/13"}],"replies":[{"embeddable":true,"href":"https:\/\/feetuphostels.com\/nl\/wp-json\/wp\/v2\/comments?post=95661"}],"version-history":[{"count":1,"href":"https:\/\/feetuphostels.com\/nl\/wp-json\/wp\/v2\/pages\/95661\/revisions"}],"predecessor-version":[{"id":224483,"href":"https:\/\/feetuphostels.com\/nl\/wp-json\/wp\/v2\/pages\/95661\/revisions\/224483"}],"wp:featuredmedia":[{"embeddable":true,"href":"https:\/\/feetuphostels.com\/nl\/wp-json\/wp\/v2\/media\/216309"}],"wp:attachment":[{"href":"https:\/\/feetuphostels.com\/nl\/wp-json\/wp\/v2\/media?parent=95661"}],"curies":[{"name":"wp","href":"https:\/\/api.w.org\/{rel}","templated":true}]}}