{"id":95524,"date":"2019-11-04T13:39:59","date_gmt":"2019-11-04T12:39:59","guid":{"rendered":"https:\/\/feetuphostels.com\/booking-red-nest-hostel-valencia\/"},"modified":"2024-11-04T11:32:53","modified_gmt":"2024-11-04T10:32:53","slug":"boeken-red-nest-hostel-valencia","status":"publish","type":"page","link":"https:\/\/feetuphostels.com\/nl\/boeken-red-nest-hostel-valencia\/","title":{"rendered":"Boeken Red Nest Hostel Valencia"},"content":{"rendered":"\n<h1 class=\"wp-block-heading has-text-align-center\" id=\"h-booking-red-nest-hostel\">Boeking Red Nest Hostel<\/h1>\n\n<iframe src=\"https:\/\/feetup-red-nest-hostel-dot-feetup-hotels.appspot.com\/booking1\/?adultsRoom1=1&#038;language=english\" width=\"100%\" height=\"1800px\" style=\"border:0;\"><\/iframe>\r\n\n<h2 class=\"wp-block-heading\">Welkom op onze boekingspagina voor ons Youth Hostel!&#13;\nBoek je bed in Valencia<\/h2>\n\n<h3 class=\"wp-block-heading\">Als je op zoek bent naar een authentieke en plezierige ervaring, ben je hier aan het juiste adres. <\/h3>\n\n<p>We zullen alle voordelen bespreken van direct boeken op onze website in plaats van gebruik te maken van populaire boekingsplatforms zoals Booking of HostelWorld.<\/p>\n\n<p>Blijf lezen om te ontdekken waarom dit de beste keuze is!<\/p>\n\n<ol class=\"wp-block-list\">\n<li><strong>Beste prijsgarantie:<\/strong> Wanneer je rechtstreeks op onze website boekt, garanderen we je de beste beschikbare prijs. Zonder tussenpersonen of extra kosten bespaar je geld dat je kunt gebruiken om optimaal van je reis te genieten.<\/li>\n\n\n\n<li><a href=\"https:\/\/feetuphostels.com\/nl\/klantenservice\/contact\/\">Pers\u00f6nliche Betreuung:<\/a> Wenn du direkt bei uns buchst, erh\u00e4ltst du ab dem Zeitpunkt deiner Reservierung eine pers\u00f6nliche und freundliche Betreuung. Unser Team steht dir f\u00fcr alle Fragen zur Verf\u00fcgung und unterst\u00fctzt dich auf jede erdenkliche Weise, um einen perfekten Aufenthalt zu gew\u00e4hrleisten.&#13;\n<div id=\"gtx-trans\" style=\"position: absolute; left: -123px; top: 38px;\">&#13;\n<div class=\"gtx-trans-icon\"><\/div>&#13;\n<\/div><\/li>\n\n\n\n<li><strong>Flexibiliteit bij het boeken:<\/strong> Onze website biedt meer flexibiliteit als het gaat om het aanpassen van je boeking. Je kunt data wijzigen, extra services toevoegen en je boeking aanpassen aan jouw specifieke behoeften. We willen je een gepersonaliseerde ervaring bieden.<\/li>\n\n\n\n<li><strong>Exclusieve aanbiedingen:<\/strong> Door direct bij ons te boeken, krijg je toegang tot exclusieve aanbiedingen en promoties die je niet op andere platforms zult vinden. Je kunt genieten van speciale kortingen, extra pakketten en extra voordelen tijdens je verblijf.<\/li>\n\n\n\n<li><strong>Lokale ondersteuning:<\/strong> Door direct te boeken, ondersteun je ons Youth Hostel en de lokale gemeenschap rechtstreeks. We hechten waarde aan de lokale economie en werken samen met lokale leveranciers om een authentieke en duurzame ervaring te bieden.<\/li>\n\n\n\n<li><strong>Insider-informatie:<\/strong> Als je direct boekt, ontvang je insider-informatie over evenementen, lokale activiteiten en bezienswaardigheden. We geven persoonlijke aanbevelingen om het meeste uit je verblijf te halen en de best bewaarde geheimen van de omgeving te ontdekken.<\/li>\n\n\n\n<li><strong>Directe verbinding met ons:<\/strong> Door direct op onze website te boeken, kun je direct contact leggen met ons team. Je kunt contact met ons opnemen voor aanvullende informatie, specifieke vragen stellen en persoonlijke ondersteuning krijgen voor, tijdens en na je verblijf.<\/li>\n<\/ol>\n\n<h2 class=\"wp-block-heading\">Kortom.<\/h2>\n\n<p>Eine direkte Buchung auf unserer Website bietet zahlreiche Vorteile, von der Bestpreisgarantie bis hin zu pers\u00f6nlicher Betreuung und exklusiven Angeboten. Au\u00dferdem unterst\u00fctzt du damit direkt unser Red Nest Hostel Valencia und die <a href=\"https:\/\/feetuphostels.com\/nl\/jeugdherbergen-valencia\/\">lokale Gemeinschaft<\/a>.&#13;\n<div id=\"gtx-trans\" style=\"position: absolute; left: -216px; top: 110px;\">&#13;\n<div class=\"gtx-trans-icon\"><\/div>&#13;\n<\/div><\/p>\n\n<p>Dus wacht niet langer &#8211; maak je boeking direct op onze website en bereid je voor op een unieke en avontuurlijke ervaring in ons Youth Hostel!<\/p>\n","protected":false},"excerpt":{"rendered":"<p>Boek Red Nest Hostel Valencia \u00ae Vergelijk op andere kanalen en boek bij ons \ud83d\ude4b\ud83d\ude4b\u200d\u2642\ufe0f wij hebben altijd de beste online prijs in Valencia \u2714\ufe0f Boek en bespaar op uw hostel vandaag! Beste Prijs Belofte. Geen reserveringskosten. Geen reserveringskosten. 24\/7 Klantenservice. Lees beoordelingen van echte gasten. Krijg onmiddellijke bevestiging. Veilig boeken. Boeking Red Nest Hostel Valencia<\/p>\n","protected":false},"author":13,"featured_media":18657,"parent":0,"menu_order":0,"comment_status":"closed","ping_status":"closed","template":"","meta":{"footnotes":""},"class_list":["post-95524","page","type-page","status-publish","has-post-thumbnail","hentry"],"yoast_head":"<!-- This site is optimized with the Yoast SEO plugin v27.4 - https:\/\/yoast.com\/product\/yoast-seo-wordpress\/ -->\n<title>Boeken Red Nest Hostel Valencia \u00ae vergelijk en boek bij ons<\/title>\n<meta name=\"description\" content=\"Boek Red Nest Hostel Valencia \u00ae Vergelijk op andere kanalen en boek bij ons \ud83d\ude4b\ud83d\ude4b\u200d\u2642\ufe0f wij hebben altijd de beste online prijs in Valencia\u2714\ufe0f\" \/>\n<meta name=\"robots\" content=\"index, follow, max-snippet:-1, max-image-preview:large, max-video-preview:-1\" \/>\n<link rel=\"canonical\" href=\"https:\/\/feetuphostels.com\/nl\/boeken-red-nest-hostel-valencia\/\" \/>\n<meta property=\"og:locale\" content=\"nl_NL\" \/>\n<meta property=\"og:type\" content=\"article\" \/>\n<meta property=\"og:title\" content=\"Boeken Red Nest Hostel Valencia \u00ae vergelijk en boek bij ons\" \/>\n<meta property=\"og:description\" content=\"Boek Red Nest Hostel Valencia \u00ae Vergelijk op andere kanalen en boek bij ons \ud83d\ude4b\ud83d\ude4b\u200d\u2642\ufe0f wij hebben altijd de beste online prijs in Valencia\u2714\ufe0f\" \/>\n<meta property=\"og:url\" content=\"https:\/\/feetuphostels.com\/nl\/boeken-red-nest-hostel-valencia\/\" \/>\n<meta property=\"og:site_name\" content=\"Feet Up Hostels\" \/>\n<meta property=\"article:publisher\" content=\"https:\/\/facebook.com\/feetuphostelsgroup\" \/>\n<meta property=\"article:modified_time\" content=\"2024-11-04T10:32:53+00:00\" \/>\n<meta property=\"og:image\" content=\"https:\/\/feetuphostels.com\/wp-content\/uploads\/2019\/02\/09red-nest-hostel-valencia-by-feetuphostels.jpg\" \/>\n\t<meta property=\"og:image:width\" content=\"1554\" \/>\n\t<meta property=\"og:image:height\" content=\"1080\" \/>\n\t<meta property=\"og:image:type\" content=\"image\/jpeg\" \/>\n<meta name=\"twitter:card\" content=\"summary_large_image\" \/>\n<meta name=\"twitter:site\" content=\"@feetuphostels\" \/>\n<meta name=\"twitter:label1\" content=\"Geschatte leestijd\" \/>\n\t<meta name=\"twitter:data1\" content=\"2 minuten\" \/>\n<script type=\"application\/ld+json\" class=\"yoast-schema-graph\">{\"@context\":\"https:\\\/\\\/schema.org\",\"@graph\":[{\"@type\":\"WebPage\",\"@id\":\"https:\\\/\\\/feetuphostels.com\\\/nl\\\/boeken-red-nest-hostel-valencia\\\/\",\"url\":\"https:\\\/\\\/feetuphostels.com\\\/nl\\\/boeken-red-nest-hostel-valencia\\\/\",\"name\":\"Boeken Red Nest Hostel Valencia \u00ae vergelijk en boek bij ons\",\"isPartOf\":{\"@id\":\"https:\\\/\\\/feetuphostels.com\\\/nl\\\/#website\"},\"primaryImageOfPage\":{\"@id\":\"https:\\\/\\\/feetuphostels.com\\\/nl\\\/boeken-red-nest-hostel-valencia\\\/#primaryimage\"},\"image\":{\"@id\":\"https:\\\/\\\/feetuphostels.com\\\/nl\\\/boeken-red-nest-hostel-valencia\\\/#primaryimage\"},\"thumbnailUrl\":\"https:\\\/\\\/feetuphostels.com\\\/wp-content\\\/uploads\\\/2019\\\/02\\\/09red-nest-hostel-valencia-by-feetuphostels.jpg\",\"datePublished\":\"2019-11-04T12:39:59+00:00\",\"dateModified\":\"2024-11-04T10:32:53+00:00\",\"description\":\"Boek Red Nest Hostel Valencia \u00ae Vergelijk op andere kanalen en boek bij ons \ud83d\ude4b\ud83d\ude4b\u200d\u2642\ufe0f wij hebben altijd de beste online prijs in Valencia\u2714\ufe0f\",\"breadcrumb\":{\"@id\":\"https:\\\/\\\/feetuphostels.com\\\/nl\\\/boeken-red-nest-hostel-valencia\\\/#breadcrumb\"},\"inLanguage\":\"nl-NL\",\"potentialAction\":[{\"@type\":\"ReadAction\",\"target\":[\"https:\\\/\\\/feetuphostels.com\\\/nl\\\/boeken-red-nest-hostel-valencia\\\/\"]}]},{\"@type\":\"ImageObject\",\"inLanguage\":\"nl-NL\",\"@id\":\"https:\\\/\\\/feetuphostels.com\\\/nl\\\/boeken-red-nest-hostel-valencia\\\/#primaryimage\",\"url\":\"https:\\\/\\\/feetuphostels.com\\\/wp-content\\\/uploads\\\/2019\\\/02\\\/09red-nest-hostel-valencia-by-feetuphostels.jpg\",\"contentUrl\":\"https:\\\/\\\/feetuphostels.com\\\/wp-content\\\/uploads\\\/2019\\\/02\\\/09red-nest-hostel-valencia-by-feetuphostels.jpg\",\"width\":1554,\"height\":1080,\"caption\":\"Geniet van je tijd met vrienden\"},{\"@type\":\"BreadcrumbList\",\"@id\":\"https:\\\/\\\/feetuphostels.com\\\/nl\\\/boeken-red-nest-hostel-valencia\\\/#breadcrumb\",\"itemListElement\":[{\"@type\":\"ListItem\",\"position\":1,\"name\":\"Home\",\"item\":\"https:\\\/\\\/feetuphostels.com\\\/nl\\\/\"},{\"@type\":\"ListItem\",\"position\":2,\"name\":\"Boeken Red Nest Hostel Valencia\"}]},{\"@type\":\"WebSite\",\"@id\":\"https:\\\/\\\/feetuphostels.com\\\/nl\\\/#website\",\"url\":\"https:\\\/\\\/feetuphostels.com\\\/nl\\\/\",\"name\":\"Feet Up Hostels\",\"description\":\"Jeugdherbergen en accommodatie in Valencia, Spanje. Wij zijn specialisten in vriendelijkheid\",\"publisher\":{\"@id\":\"https:\\\/\\\/feetuphostels.com\\\/nl\\\/#organization\"},\"alternateName\":\"Feet Up Hostels\",\"potentialAction\":[{\"@type\":\"SearchAction\",\"target\":{\"@type\":\"EntryPoint\",\"urlTemplate\":\"https:\\\/\\\/feetuphostels.com\\\/nl\\\/?s={search_term_string}\"},\"query-input\":{\"@type\":\"PropertyValueSpecification\",\"valueRequired\":true,\"valueName\":\"search_term_string\"}}],\"inLanguage\":\"nl-NL\"},{\"@type\":\"Organization\",\"@id\":\"https:\\\/\\\/feetuphostels.com\\\/nl\\\/#organization\",\"name\":\"Feet Up Hostels\",\"alternateName\":\"Feet Up Hostels\",\"url\":\"https:\\\/\\\/feetuphostels.com\\\/nl\\\/\",\"logo\":{\"@type\":\"ImageObject\",\"inLanguage\":\"nl-NL\",\"@id\":\"https:\\\/\\\/feetuphostels.com\\\/nl\\\/#\\\/schema\\\/logo\\\/image\\\/\",\"url\":\"https:\\\/\\\/feetuphostels.com\\\/wp-content\\\/uploads\\\/2019\\\/01\\\/logo-web-amp-feetuphostels.svg\",\"contentUrl\":\"https:\\\/\\\/feetuphostels.com\\\/wp-content\\\/uploads\\\/2019\\\/01\\\/logo-web-amp-feetuphostels.svg\",\"width\":1,\"height\":1,\"caption\":\"Feet Up Hostels\"},\"image\":{\"@id\":\"https:\\\/\\\/feetuphostels.com\\\/nl\\\/#\\\/schema\\\/logo\\\/image\\\/\"},\"sameAs\":[\"https:\\\/\\\/facebook.com\\\/feetuphostelsgroup\",\"https:\\\/\\\/x.com\\\/feetuphostels\",\"https:\\\/\\\/www.instagram.com\\\/feetuphostels\\\/\",\"https:\\\/\\\/www.tiktok.com\\\/@feetuphostels\",\"https:\\\/\\\/www.linkedin.com\\\/company\\\/feetuphostelsgroup\\\/\",\"https:\\\/\\\/www.pinterest.es\\\/FeetupHostels\\\/\",\"https:\\\/\\\/www.youtube.com\\\/feetuphostels\"]}]}<\/script>\n<!-- \/ Yoast SEO plugin. -->","yoast_head_json":{"title":"Boeken Red Nest Hostel Valencia \u00ae vergelijk en boek bij ons","description":"Boek Red Nest Hostel Valencia \u00ae Vergelijk op andere kanalen en boek bij ons \ud83d\ude4b\ud83d\ude4b\u200d\u2642\ufe0f wij hebben altijd de beste online prijs in Valencia\u2714\ufe0f","robots":{"index":"index","follow":"follow","max-snippet":"max-snippet:-1","max-image-preview":"max-image-preview:large","max-video-preview":"max-video-preview:-1"},"canonical":"https:\/\/feetuphostels.com\/nl\/boeken-red-nest-hostel-valencia\/","og_locale":"nl_NL","og_type":"article","og_title":"Boeken Red Nest Hostel Valencia \u00ae vergelijk en boek bij ons","og_description":"Boek Red Nest Hostel Valencia \u00ae Vergelijk op andere kanalen en boek bij ons \ud83d\ude4b\ud83d\ude4b\u200d\u2642\ufe0f wij hebben altijd de beste online prijs in Valencia\u2714\ufe0f","og_url":"https:\/\/feetuphostels.com\/nl\/boeken-red-nest-hostel-valencia\/","og_site_name":"Feet Up Hostels","article_publisher":"https:\/\/facebook.com\/feetuphostelsgroup","article_modified_time":"2024-11-04T10:32:53+00:00","og_image":[{"width":1554,"height":1080,"url":"https:\/\/feetuphostels.com\/wp-content\/uploads\/2019\/02\/09red-nest-hostel-valencia-by-feetuphostels.jpg","type":"image\/jpeg"}],"twitter_card":"summary_large_image","twitter_site":"@feetuphostels","twitter_misc":{"Geschatte leestijd":"2 minuten"},"schema":{"@context":"https:\/\/schema.org","@graph":[{"@type":"WebPage","@id":"https:\/\/feetuphostels.com\/nl\/boeken-red-nest-hostel-valencia\/","url":"https:\/\/feetuphostels.com\/nl\/boeken-red-nest-hostel-valencia\/","name":"Boeken Red Nest Hostel Valencia \u00ae vergelijk en boek bij ons","isPartOf":{"@id":"https:\/\/feetuphostels.com\/nl\/#website"},"primaryImageOfPage":{"@id":"https:\/\/feetuphostels.com\/nl\/boeken-red-nest-hostel-valencia\/#primaryimage"},"image":{"@id":"https:\/\/feetuphostels.com\/nl\/boeken-red-nest-hostel-valencia\/#primaryimage"},"thumbnailUrl":"https:\/\/feetuphostels.com\/wp-content\/uploads\/2019\/02\/09red-nest-hostel-valencia-by-feetuphostels.jpg","datePublished":"2019-11-04T12:39:59+00:00","dateModified":"2024-11-04T10:32:53+00:00","description":"Boek Red Nest Hostel Valencia \u00ae Vergelijk op andere kanalen en boek bij ons \ud83d\ude4b\ud83d\ude4b\u200d\u2642\ufe0f wij hebben altijd de beste online prijs in Valencia\u2714\ufe0f","breadcrumb":{"@id":"https:\/\/feetuphostels.com\/nl\/boeken-red-nest-hostel-valencia\/#breadcrumb"},"inLanguage":"nl-NL","potentialAction":[{"@type":"ReadAction","target":["https:\/\/feetuphostels.com\/nl\/boeken-red-nest-hostel-valencia\/"]}]},{"@type":"ImageObject","inLanguage":"nl-NL","@id":"https:\/\/feetuphostels.com\/nl\/boeken-red-nest-hostel-valencia\/#primaryimage","url":"https:\/\/feetuphostels.com\/wp-content\/uploads\/2019\/02\/09red-nest-hostel-valencia-by-feetuphostels.jpg","contentUrl":"https:\/\/feetuphostels.com\/wp-content\/uploads\/2019\/02\/09red-nest-hostel-valencia-by-feetuphostels.jpg","width":1554,"height":1080,"caption":"Geniet van je tijd met vrienden"},{"@type":"BreadcrumbList","@id":"https:\/\/feetuphostels.com\/nl\/boeken-red-nest-hostel-valencia\/#breadcrumb","itemListElement":[{"@type":"ListItem","position":1,"name":"Home","item":"https:\/\/feetuphostels.com\/nl\/"},{"@type":"ListItem","position":2,"name":"Boeken Red Nest Hostel Valencia"}]},{"@type":"WebSite","@id":"https:\/\/feetuphostels.com\/nl\/#website","url":"https:\/\/feetuphostels.com\/nl\/","name":"Feet Up Hostels","description":"Jeugdherbergen en accommodatie in Valencia, Spanje. Wij zijn specialisten in vriendelijkheid","publisher":{"@id":"https:\/\/feetuphostels.com\/nl\/#organization"},"alternateName":"Feet Up Hostels","potentialAction":[{"@type":"SearchAction","target":{"@type":"EntryPoint","urlTemplate":"https:\/\/feetuphostels.com\/nl\/?s={search_term_string}"},"query-input":{"@type":"PropertyValueSpecification","valueRequired":true,"valueName":"search_term_string"}}],"inLanguage":"nl-NL"},{"@type":"Organization","@id":"https:\/\/feetuphostels.com\/nl\/#organization","name":"Feet Up Hostels","alternateName":"Feet Up Hostels","url":"https:\/\/feetuphostels.com\/nl\/","logo":{"@type":"ImageObject","inLanguage":"nl-NL","@id":"https:\/\/feetuphostels.com\/nl\/#\/schema\/logo\/image\/","url":"https:\/\/feetuphostels.com\/wp-content\/uploads\/2019\/01\/logo-web-amp-feetuphostels.svg","contentUrl":"https:\/\/feetuphostels.com\/wp-content\/uploads\/2019\/01\/logo-web-amp-feetuphostels.svg","width":1,"height":1,"caption":"Feet Up Hostels"},"image":{"@id":"https:\/\/feetuphostels.com\/nl\/#\/schema\/logo\/image\/"},"sameAs":["https:\/\/facebook.com\/feetuphostelsgroup","https:\/\/x.com\/feetuphostels","https:\/\/www.instagram.com\/feetuphostels\/","https:\/\/www.tiktok.com\/@feetuphostels","https:\/\/www.linkedin.com\/company\/feetuphostelsgroup\/","https:\/\/www.pinterest.es\/FeetupHostels\/","https:\/\/www.youtube.com\/feetuphostels"]}]}},"_links":{"self":[{"href":"https:\/\/feetuphostels.com\/nl\/wp-json\/wp\/v2\/pages\/95524","targetHints":{"allow":["GET"]}}],"collection":[{"href":"https:\/\/feetuphostels.com\/nl\/wp-json\/wp\/v2\/pages"}],"about":[{"href":"https:\/\/feetuphostels.com\/nl\/wp-json\/wp\/v2\/types\/page"}],"author":[{"embeddable":true,"href":"https:\/\/feetuphostels.com\/nl\/wp-json\/wp\/v2\/users\/13"}],"replies":[{"embeddable":true,"href":"https:\/\/feetuphostels.com\/nl\/wp-json\/wp\/v2\/comments?post=95524"}],"version-history":[{"count":0,"href":"https:\/\/feetuphostels.com\/nl\/wp-json\/wp\/v2\/pages\/95524\/revisions"}],"wp:featuredmedia":[{"embeddable":true,"href":"https:\/\/feetuphostels.com\/nl\/wp-json\/wp\/v2\/media\/18657"}],"wp:attachment":[{"href":"https:\/\/feetuphostels.com\/nl\/wp-json\/wp\/v2\/media?parent=95524"}],"curies":[{"name":"wp","href":"https:\/\/api.w.org\/{rel}","templated":true}]}}