{"id":8041,"date":"2016-12-23T21:35:47","date_gmt":"2016-12-23T20:35:47","guid":{"rendered":"https:\/\/feetuphostels.com\/hostels-valencia\/"},"modified":"2026-04-20T15:38:32","modified_gmt":"2026-04-20T13:38:32","slug":"jeugdherbergen-valencia","status":"publish","type":"page","link":"https:\/\/feetuphostels.com\/nl\/jeugdherbergen-valencia\/","title":{"rendered":"Jeugdherbergen Valencia"},"content":{"rendered":"\n<h1 class=\"has-text-align-center wp-block-heading\">Albergues en Valencia<\/h1>\n\n<h2 class=\"wp-block-heading\">Albergues Valencia. Purple Nest Hostel Valencia<\/h2>\n\n<h3 class=\"wp-block-heading\">En la Plaza Tetu\u00e1n, en el Centro de Valencia<\/h3>\n\n<p>En el centro y el coraz\u00f3n de Valencia, a s\u00f3lo 10 minutos de la Catedral de Santa Mar\u00eda de Valencia, si vas a caminar. Nuestras habitaciones son muy luminosas con aire acondicionado incluido, tambi\u00e9n tenemos wifi de alta velocidad gratis en todo nuestro albergue para que usted est\u00e1 siempre conectado.<\/p>\n\n<figure class=\"wp-block-image size-full\"><a href=\"https:\/\/feetuphostels.com\/es\/purple-nest-hostel-valencia\/\"><img fetchpriority=\"high\" decoding=\"async\" width=\"3500\" height=\"2333\" src=\"https:\/\/feetuphostels.com\/wp-content\/uploads\/2022\/02\/33purple-nest-hostel-valencia-web.jpg\" alt=\"4 habitaciones compartidas mixtas en Purple Nest Hostels Valencia\" class=\"wp-image-201470\" srcset=\"https:\/\/feetuphostels.com\/wp-content\/uploads\/2022\/02\/33purple-nest-hostel-valencia-web.jpg 3500w, https:\/\/feetuphostels.com\/wp-content\/uploads\/2022\/02\/33purple-nest-hostel-valencia-web-300x200.jpg 300w, https:\/\/feetuphostels.com\/wp-content\/uploads\/2022\/02\/33purple-nest-hostel-valencia-web-1024x683.jpg 1024w, https:\/\/feetuphostels.com\/wp-content\/uploads\/2022\/02\/33purple-nest-hostel-valencia-web-768x512.jpg 768w, https:\/\/feetuphostels.com\/wp-content\/uploads\/2022\/02\/33purple-nest-hostel-valencia-web-1536x1024.jpg 1536w, https:\/\/feetuphostels.com\/wp-content\/uploads\/2022\/02\/33purple-nest-hostel-valencia-web-2048x1365.jpg 2048w, https:\/\/feetuphostels.com\/wp-content\/uploads\/2022\/02\/33purple-nest-hostel-valencia-web-219x146.jpg 219w, https:\/\/feetuphostels.com\/wp-content\/uploads\/2022\/02\/33purple-nest-hostel-valencia-web-50x33.jpg 50w, https:\/\/feetuphostels.com\/wp-content\/uploads\/2022\/02\/33purple-nest-hostel-valencia-web-113x75.jpg 113w\" sizes=\"(max-width: 3500px) 100vw, 3500px\" \/><\/a><figcaption class=\"wp-element-caption\">4 habitaciones compartidas mixtas<\/figcaption><\/figure>\n\n<h2 class=\"wp-block-heading\">Valencia Hostels. Red Nest Hostel Valencia<\/h2>\n\n<h3 class=\"wp-block-heading\">En la famosa Calle la Paz de Valencia<\/h3>\n\n<p>En la calle la paz a 7 minutos de la Plaza del Ayuntamiento. Tenemos habitaciones coloridas para alojarse en Valencia, habitaciones con aire acondicionado incluido, tambi\u00e9n tenemos wifi de alta velocidad gratis en todo nuestro albergue para que usted estes siempre conectado.<\/p>\n\n<figure class=\"wp-block-image size-full\"><a href=\"https:\/\/feetuphostels.com\/es\/red-nest-hostel-valencia\/\"><img decoding=\"async\" width=\"1619\" height=\"1080\" src=\"https:\/\/feetuphostels.com\/wp-content\/uploads\/2020\/10\/01red-nest-hostel-valencia2020-pro-covid19.jpg\" alt=\"10 Habitaci&#xF3;n compartida mixta en Albergue Red Nest Valencia\" class=\"wp-image-133286\" srcset=\"https:\/\/feetuphostels.com\/wp-content\/uploads\/2020\/10\/01red-nest-hostel-valencia2020-pro-covid19.jpg 1619w, https:\/\/feetuphostels.com\/wp-content\/uploads\/2020\/10\/01red-nest-hostel-valencia2020-pro-covid19-300x200.jpg 300w, https:\/\/feetuphostels.com\/wp-content\/uploads\/2020\/10\/01red-nest-hostel-valencia2020-pro-covid19-1024x683.jpg 1024w, https:\/\/feetuphostels.com\/wp-content\/uploads\/2020\/10\/01red-nest-hostel-valencia2020-pro-covid19-768x512.jpg 768w, https:\/\/feetuphostels.com\/wp-content\/uploads\/2020\/10\/01red-nest-hostel-valencia2020-pro-covid19-1536x1025.jpg 1536w, https:\/\/feetuphostels.com\/wp-content\/uploads\/2020\/10\/01red-nest-hostel-valencia2020-pro-covid19-219x146.jpg 219w, https:\/\/feetuphostels.com\/wp-content\/uploads\/2020\/10\/01red-nest-hostel-valencia2020-pro-covid19-50x33.jpg 50w, https:\/\/feetuphostels.com\/wp-content\/uploads\/2020\/10\/01red-nest-hostel-valencia2020-pro-covid19-112x75.jpg 112w\" sizes=\"(max-width: 1619px) 100vw, 1619px\" \/><\/a><figcaption class=\"wp-element-caption\">10 Habitaci\u00f3n compartida mixta<\/figcaption><\/figure>\n\n<h2 class=\"wp-block-heading\">H\u00f4me Youth Hostel Valencia<\/h2>\n\n<h3 class=\"wp-block-heading\">Detr\u00e1s del famoso mercado de la Seda en Valencia<\/h3>\n\n<p>Se encuentra justo en el centro de la ciudad y a s\u00f3lo 10 minutos de todas las estaciones de tren principal (estaci\u00f3n Norte) y autob\u00fas (cerca de todas las l\u00edneas de autob\u00fas). El albergue perfecto para los viajeros j\u00f3venes que no les importa compartir su viaje con otros viajeros.<\/p>\n\n<figure class=\"wp-block-image size-full\"><a href=\"https:\/\/feetuphostels.com\/es\/home-youth-hostel-valencia\/\"><img decoding=\"async\" width=\"1200\" height=\"800\" src=\"https:\/\/feetuphostels.com\/wp-content\/uploads\/2018\/10\/great-hostel-valencia-home-youth-hostel-valencia.jpg\" alt=\"Acogedora habitaci&#xF3;n con cama doble en H&#xF4;me Youth Hostel Valencia\" class=\"wp-image-16568\" srcset=\"https:\/\/feetuphostels.com\/wp-content\/uploads\/2018\/10\/great-hostel-valencia-home-youth-hostel-valencia.jpg 1200w, https:\/\/feetuphostels.com\/wp-content\/uploads\/2018\/10\/great-hostel-valencia-home-youth-hostel-valencia-300x200.jpg 300w, https:\/\/feetuphostels.com\/wp-content\/uploads\/2018\/10\/great-hostel-valencia-home-youth-hostel-valencia-1024x683.jpg 1024w, https:\/\/feetuphostels.com\/wp-content\/uploads\/2018\/10\/great-hostel-valencia-home-youth-hostel-valencia-768x512.jpg 768w, https:\/\/feetuphostels.com\/wp-content\/uploads\/2018\/10\/great-hostel-valencia-home-youth-hostel-valencia-219x146.jpg 219w, https:\/\/feetuphostels.com\/wp-content\/uploads\/2018\/10\/great-hostel-valencia-home-youth-hostel-valencia-50x33.jpg 50w, https:\/\/feetuphostels.com\/wp-content\/uploads\/2018\/10\/great-hostel-valencia-home-youth-hostel-valencia-113x75.jpg 113w\" sizes=\"(max-width: 1200px) 100vw, 1200px\" \/><\/a><figcaption class=\"wp-element-caption\">Acogedora habitaci\u00f3n con cama doble<\/figcaption><\/figure>\n\n<h2 class=\"wp-block-heading\">H\u00f4me Backpackers Hostel Valencia<\/h2>\n\n<h3 class=\"wp-block-heading\">En el centro de Valencia (barrio el Carmen)<\/h3>\n\n<p>Si usted est\u00e1 buscando un hostal barato en Valencia, el Home Backpackers Hostel es el lugar adecuado para alojarse para su visita a Valencia. Somos uno de los mejores albergues juveniles para alojarse en el barrio de el Carmen, a 5 minutos de muchas paradas de autob\u00fas.<\/p>\n\n<figure class=\"wp-block-image size-full\"><a href=\"https:\/\/feetuphostels.com\/es\/home-backpackers-hostel-valencia\/\"><img decoding=\"async\" src=\"https:\/\/feetuphostels.com\/wp-content\/uploads\/2018\/10\/home-backpackers-hostel-valencia-by-feetup-hostels.jpg\" alt=\"Cocina totalmente equipada. H&#xF4;me Backpackers Hostel Valencia\" class=\"wp-image-16576\"\/><\/a><figcaption class=\"wp-element-caption\">Cocina equipada<\/figcaption><\/figure>\n\n<p><\/p>\n\n<h2 class=\"wp-block-heading\">\u00bfCu\u00e1nto sabes de Valencia?<\/h2>\n\n<p>La hermosa ciudad de Valencia, adem\u00e1s de ser notable por sus espectaculares cocinas y tener una excelente gastronom\u00eda, tambi\u00e9n tiene algunos lugares hist\u00f3ricos que no se puede perder.<\/p>\n\n<p>Caminar sin rumbo por la ciudad es como caminar por la historia de esta m\u00edtica ciudad. La arquitectura Valenciana se extiende desde lo m\u00e1s espectacular hasta lo m\u00e1s sublime, desde los restos romanos del Museo Arqueol\u00f3gico hasta la futurista ciudad de las artes y las ciencias. La catedral medieval de Valencia es una mezcla de estilos que tambi\u00e9n se pueden percibir en su interior, como las esculturas doradas y la c\u00fapula luminosa, que le dejar\u00e1n sin aliento.<\/p>\n\n<p>El parque natural del r\u00edo Turia es un claro ejemplo de urbanismo. Se encuentra a orillas de un r\u00edo re-canalizado y ofrece sombra en esta soleada ciudad. Aunque tambi\u00e9n se puede refrescar en las fant\u00e1sticas playas del Mediterr\u00e1neo.<\/p>\n\n<p><\/p>\n\n<h2 class=\"wp-block-heading\">Y si\u2026 \u00bfMejor visitas Barcelona?<\/h2>\n\n<p>Podemos ofrecerte los Hostels m\u00e1s bonitos y baratos de Barcelona, donde podr\u00e1s alojarse en habitaciones c\u00f3modas y limpias. No te lo pierdas\u2026 \u00a1 Ven a BARCELONA!<\/p>\n\n<h3 class=\"wp-block-heading\"><a href=\"https:\/\/feetuphostels.com\/es\/garden-house-hostel-barcelona\/\">Garden House Hostel Barcelona<\/a><\/h3>\n\n<p>Situado a s\u00f3lo 4 manzanas de la parada de metro Valldaura, desde donde puedes llegar al centro de Barcelona en s\u00f3lo 15 minutos. Con WIFI de alta velocidad, terraza, cocina totalmente equipada y un bonito jard\u00edn. <\/p>\n\n<h3 class=\"wp-block-heading\"><a href=\"https:\/\/nesthostelsbarcelona.com\/\" target=\"_blank\" rel=\"noreferrer noopener\">Yellow Nest Hostel Barcelona<\/a><\/h3>\n\n<p>Este Hostel te encantar\u00e1 si eres un aficionado al f\u00fatbol y mucho m\u00e1s si eres fan del FC Barcelona, ya que est\u00e1 a s\u00f3lo 3 calles de distancia del legendario Camp Nou de Barcelona. Precios especiales para las fechas de partidos de f\u00fatbol.<\/p>\n","protected":false},"excerpt":{"rendered":"<p>Hostels Valencia. Goedkope accommodatie van hoge kwaliteit in het hart en centrum van de stad. Priv\u00e9 kamers. Geen commissie bij reservering. Offici\u00eble prijs voor vandaag in Valencia voor Home Youth Hostel Valencia, Home Backpackers Hostel Valencia, Red Nest Hostel Valencia, Purple Nest Hostel Valencia. Goedkoopste hostels     <\/p>\n","protected":false},"author":13,"featured_media":202288,"parent":0,"menu_order":0,"comment_status":"closed","ping_status":"open","template":"","meta":{"footnotes":""},"class_list":["post-8041","page","type-page","status-publish","has-post-thumbnail","hentry"],"yoast_head":"<!-- This site is optimized with the Yoast SEO plugin v27.4 - https:\/\/yoast.com\/product\/yoast-seo-wordpress\/ -->\n<title>Jeugdherbergen Valencia. Jeugdherbergen van hoge kwaliteit voor de beste prijs in Valencia<\/title>\n<meta name=\"description\" content=\"Hostels Valencia. Goedkope accommodatie van hoge kwaliteit in het hart en centrum van de stad. Priv\u00e9 kamers. Jeugdherbergen Valencia\" \/>\n<meta name=\"robots\" content=\"index, follow, max-snippet:-1, max-image-preview:large, max-video-preview:-1\" \/>\n<link rel=\"canonical\" href=\"https:\/\/feetuphostels.com\/nl\/jeugdherbergen-valencia\/\" \/>\n<meta property=\"og:locale\" content=\"nl_NL\" \/>\n<meta property=\"og:type\" content=\"article\" \/>\n<meta property=\"og:title\" content=\"Jeugdherbergen Valencia. Jeugdherbergen van hoge kwaliteit voor de beste prijs in Valencia\" \/>\n<meta property=\"og:description\" content=\"Hostels Valencia. Goedkope accommodatie van hoge kwaliteit in het hart en centrum van de stad. Priv\u00e9 kamers. Jeugdherbergen Valencia\" \/>\n<meta property=\"og:url\" content=\"https:\/\/feetuphostels.com\/nl\/jeugdherbergen-valencia\/\" \/>\n<meta property=\"og:site_name\" content=\"Feet Up Hostels\" \/>\n<meta property=\"article:publisher\" content=\"https:\/\/facebook.com\/feetuphostelsgroup\" \/>\n<meta property=\"article:modified_time\" content=\"2026-04-20T13:38:32+00:00\" \/>\n<meta property=\"og:image\" content=\"https:\/\/feetuphostels.com\/wp-content\/uploads\/2022\/10\/slide-feetuphostels-purplenest2022.jpg\" \/>\n\t<meta property=\"og:image:width\" content=\"1920\" \/>\n\t<meta property=\"og:image:height\" content=\"1080\" \/>\n\t<meta property=\"og:image:type\" content=\"image\/jpeg\" \/>\n<meta name=\"twitter:card\" content=\"summary_large_image\" \/>\n<meta name=\"twitter:site\" content=\"@feetuphostels\" \/>\n<meta name=\"twitter:label1\" content=\"Geschatte leestijd\" \/>\n\t<meta name=\"twitter:data1\" content=\"3 minuten\" \/>\n<script type=\"application\/ld+json\" class=\"yoast-schema-graph\">{\"@context\":\"https:\\\/\\\/schema.org\",\"@graph\":[{\"@type\":\"WebPage\",\"@id\":\"https:\\\/\\\/feetuphostels.com\\\/nl\\\/jeugdherbergen-valencia\\\/\",\"url\":\"https:\\\/\\\/feetuphostels.com\\\/nl\\\/jeugdherbergen-valencia\\\/\",\"name\":\"Jeugdherbergen Valencia. Jeugdherbergen van hoge kwaliteit voor de beste prijs in Valencia\",\"isPartOf\":{\"@id\":\"https:\\\/\\\/feetuphostels.com\\\/nl\\\/#website\"},\"primaryImageOfPage\":{\"@id\":\"https:\\\/\\\/feetuphostels.com\\\/nl\\\/jeugdherbergen-valencia\\\/#primaryimage\"},\"image\":{\"@id\":\"https:\\\/\\\/feetuphostels.com\\\/nl\\\/jeugdherbergen-valencia\\\/#primaryimage\"},\"thumbnailUrl\":\"https:\\\/\\\/feetuphostels.com\\\/wp-content\\\/uploads\\\/2022\\\/10\\\/slide-feetuphostels-purplenest2022.jpg\",\"datePublished\":\"2016-12-23T20:35:47+00:00\",\"dateModified\":\"2026-04-20T13:38:32+00:00\",\"description\":\"Hostels Valencia. Goedkope accommodatie van hoge kwaliteit in het hart en centrum van de stad. Priv\u00e9 kamers. Jeugdherbergen Valencia\",\"breadcrumb\":{\"@id\":\"https:\\\/\\\/feetuphostels.com\\\/nl\\\/jeugdherbergen-valencia\\\/#breadcrumb\"},\"inLanguage\":\"nl-NL\",\"potentialAction\":[{\"@type\":\"ReadAction\",\"target\":[\"https:\\\/\\\/feetuphostels.com\\\/nl\\\/jeugdherbergen-valencia\\\/\"]}]},{\"@type\":\"ImageObject\",\"inLanguage\":\"nl-NL\",\"@id\":\"https:\\\/\\\/feetuphostels.com\\\/nl\\\/jeugdherbergen-valencia\\\/#primaryimage\",\"url\":\"https:\\\/\\\/feetuphostels.com\\\/wp-content\\\/uploads\\\/2022\\\/10\\\/slide-feetuphostels-purplenest2022.jpg\",\"contentUrl\":\"https:\\\/\\\/feetuphostels.com\\\/wp-content\\\/uploads\\\/2022\\\/10\\\/slide-feetuphostels-purplenest2022.jpg\",\"width\":1920,\"height\":1080,\"caption\":\"Mooi uitzicht vanuit de kamers van Purple Nest Hostel Valencia\"},{\"@type\":\"BreadcrumbList\",\"@id\":\"https:\\\/\\\/feetuphostels.com\\\/nl\\\/jeugdherbergen-valencia\\\/#breadcrumb\",\"itemListElement\":[{\"@type\":\"ListItem\",\"position\":1,\"name\":\"Home\",\"item\":\"https:\\\/\\\/feetuphostels.com\\\/nl\\\/\"},{\"@type\":\"ListItem\",\"position\":2,\"name\":\"Jeugdherbergen Valencia\"}]},{\"@type\":\"WebSite\",\"@id\":\"https:\\\/\\\/feetuphostels.com\\\/nl\\\/#website\",\"url\":\"https:\\\/\\\/feetuphostels.com\\\/nl\\\/\",\"name\":\"Feet Up Hostels\",\"description\":\"Jeugdherbergen en accommodatie in Valencia, Spanje. Wij zijn specialisten in vriendelijkheid\",\"publisher\":{\"@id\":\"https:\\\/\\\/feetuphostels.com\\\/nl\\\/#organization\"},\"alternateName\":\"Feet Up Hostels\",\"potentialAction\":[{\"@type\":\"SearchAction\",\"target\":{\"@type\":\"EntryPoint\",\"urlTemplate\":\"https:\\\/\\\/feetuphostels.com\\\/nl\\\/?s={search_term_string}\"},\"query-input\":{\"@type\":\"PropertyValueSpecification\",\"valueRequired\":true,\"valueName\":\"search_term_string\"}}],\"inLanguage\":\"nl-NL\"},{\"@type\":\"Organization\",\"@id\":\"https:\\\/\\\/feetuphostels.com\\\/nl\\\/#organization\",\"name\":\"Feet Up Hostels\",\"alternateName\":\"Feet Up Hostels\",\"url\":\"https:\\\/\\\/feetuphostels.com\\\/nl\\\/\",\"logo\":{\"@type\":\"ImageObject\",\"inLanguage\":\"nl-NL\",\"@id\":\"https:\\\/\\\/feetuphostels.com\\\/nl\\\/#\\\/schema\\\/logo\\\/image\\\/\",\"url\":\"https:\\\/\\\/feetuphostels.com\\\/wp-content\\\/uploads\\\/2019\\\/01\\\/logo-web-amp-feetuphostels.svg\",\"contentUrl\":\"https:\\\/\\\/feetuphostels.com\\\/wp-content\\\/uploads\\\/2019\\\/01\\\/logo-web-amp-feetuphostels.svg\",\"width\":1,\"height\":1,\"caption\":\"Feet Up Hostels\"},\"image\":{\"@id\":\"https:\\\/\\\/feetuphostels.com\\\/nl\\\/#\\\/schema\\\/logo\\\/image\\\/\"},\"sameAs\":[\"https:\\\/\\\/facebook.com\\\/feetuphostelsgroup\",\"https:\\\/\\\/x.com\\\/feetuphostels\",\"https:\\\/\\\/www.instagram.com\\\/feetuphostels\\\/\",\"https:\\\/\\\/www.tiktok.com\\\/@feetuphostels\",\"https:\\\/\\\/www.linkedin.com\\\/company\\\/feetuphostelsgroup\\\/\",\"https:\\\/\\\/www.pinterest.es\\\/FeetupHostels\\\/\",\"https:\\\/\\\/www.youtube.com\\\/feetuphostels\"]}]}<\/script>\n<!-- \/ Yoast SEO plugin. -->","yoast_head_json":{"title":"Jeugdherbergen Valencia. Jeugdherbergen van hoge kwaliteit voor de beste prijs in Valencia","description":"Hostels Valencia. Goedkope accommodatie van hoge kwaliteit in het hart en centrum van de stad. Priv\u00e9 kamers. Jeugdherbergen Valencia","robots":{"index":"index","follow":"follow","max-snippet":"max-snippet:-1","max-image-preview":"max-image-preview:large","max-video-preview":"max-video-preview:-1"},"canonical":"https:\/\/feetuphostels.com\/nl\/jeugdherbergen-valencia\/","og_locale":"nl_NL","og_type":"article","og_title":"Jeugdherbergen Valencia. Jeugdherbergen van hoge kwaliteit voor de beste prijs in Valencia","og_description":"Hostels Valencia. Goedkope accommodatie van hoge kwaliteit in het hart en centrum van de stad. Priv\u00e9 kamers. Jeugdherbergen Valencia","og_url":"https:\/\/feetuphostels.com\/nl\/jeugdherbergen-valencia\/","og_site_name":"Feet Up Hostels","article_publisher":"https:\/\/facebook.com\/feetuphostelsgroup","article_modified_time":"2026-04-20T13:38:32+00:00","og_image":[{"width":1920,"height":1080,"url":"https:\/\/feetuphostels.com\/wp-content\/uploads\/2022\/10\/slide-feetuphostels-purplenest2022.jpg","type":"image\/jpeg"}],"twitter_card":"summary_large_image","twitter_site":"@feetuphostels","twitter_misc":{"Geschatte leestijd":"3 minuten"},"schema":{"@context":"https:\/\/schema.org","@graph":[{"@type":"WebPage","@id":"https:\/\/feetuphostels.com\/nl\/jeugdherbergen-valencia\/","url":"https:\/\/feetuphostels.com\/nl\/jeugdherbergen-valencia\/","name":"Jeugdherbergen Valencia. Jeugdherbergen van hoge kwaliteit voor de beste prijs in Valencia","isPartOf":{"@id":"https:\/\/feetuphostels.com\/nl\/#website"},"primaryImageOfPage":{"@id":"https:\/\/feetuphostels.com\/nl\/jeugdherbergen-valencia\/#primaryimage"},"image":{"@id":"https:\/\/feetuphostels.com\/nl\/jeugdherbergen-valencia\/#primaryimage"},"thumbnailUrl":"https:\/\/feetuphostels.com\/wp-content\/uploads\/2022\/10\/slide-feetuphostels-purplenest2022.jpg","datePublished":"2016-12-23T20:35:47+00:00","dateModified":"2026-04-20T13:38:32+00:00","description":"Hostels Valencia. Goedkope accommodatie van hoge kwaliteit in het hart en centrum van de stad. Priv\u00e9 kamers. Jeugdherbergen Valencia","breadcrumb":{"@id":"https:\/\/feetuphostels.com\/nl\/jeugdherbergen-valencia\/#breadcrumb"},"inLanguage":"nl-NL","potentialAction":[{"@type":"ReadAction","target":["https:\/\/feetuphostels.com\/nl\/jeugdherbergen-valencia\/"]}]},{"@type":"ImageObject","inLanguage":"nl-NL","@id":"https:\/\/feetuphostels.com\/nl\/jeugdherbergen-valencia\/#primaryimage","url":"https:\/\/feetuphostels.com\/wp-content\/uploads\/2022\/10\/slide-feetuphostels-purplenest2022.jpg","contentUrl":"https:\/\/feetuphostels.com\/wp-content\/uploads\/2022\/10\/slide-feetuphostels-purplenest2022.jpg","width":1920,"height":1080,"caption":"Mooi uitzicht vanuit de kamers van Purple Nest Hostel Valencia"},{"@type":"BreadcrumbList","@id":"https:\/\/feetuphostels.com\/nl\/jeugdherbergen-valencia\/#breadcrumb","itemListElement":[{"@type":"ListItem","position":1,"name":"Home","item":"https:\/\/feetuphostels.com\/nl\/"},{"@type":"ListItem","position":2,"name":"Jeugdherbergen Valencia"}]},{"@type":"WebSite","@id":"https:\/\/feetuphostels.com\/nl\/#website","url":"https:\/\/feetuphostels.com\/nl\/","name":"Feet Up Hostels","description":"Jeugdherbergen en accommodatie in Valencia, Spanje. Wij zijn specialisten in vriendelijkheid","publisher":{"@id":"https:\/\/feetuphostels.com\/nl\/#organization"},"alternateName":"Feet Up Hostels","potentialAction":[{"@type":"SearchAction","target":{"@type":"EntryPoint","urlTemplate":"https:\/\/feetuphostels.com\/nl\/?s={search_term_string}"},"query-input":{"@type":"PropertyValueSpecification","valueRequired":true,"valueName":"search_term_string"}}],"inLanguage":"nl-NL"},{"@type":"Organization","@id":"https:\/\/feetuphostels.com\/nl\/#organization","name":"Feet Up Hostels","alternateName":"Feet Up Hostels","url":"https:\/\/feetuphostels.com\/nl\/","logo":{"@type":"ImageObject","inLanguage":"nl-NL","@id":"https:\/\/feetuphostels.com\/nl\/#\/schema\/logo\/image\/","url":"https:\/\/feetuphostels.com\/wp-content\/uploads\/2019\/01\/logo-web-amp-feetuphostels.svg","contentUrl":"https:\/\/feetuphostels.com\/wp-content\/uploads\/2019\/01\/logo-web-amp-feetuphostels.svg","width":1,"height":1,"caption":"Feet Up Hostels"},"image":{"@id":"https:\/\/feetuphostels.com\/nl\/#\/schema\/logo\/image\/"},"sameAs":["https:\/\/facebook.com\/feetuphostelsgroup","https:\/\/x.com\/feetuphostels","https:\/\/www.instagram.com\/feetuphostels\/","https:\/\/www.tiktok.com\/@feetuphostels","https:\/\/www.linkedin.com\/company\/feetuphostelsgroup\/","https:\/\/www.pinterest.es\/FeetupHostels\/","https:\/\/www.youtube.com\/feetuphostels"]}]}},"_links":{"self":[{"href":"https:\/\/feetuphostels.com\/nl\/wp-json\/wp\/v2\/pages\/8041","targetHints":{"allow":["GET"]}}],"collection":[{"href":"https:\/\/feetuphostels.com\/nl\/wp-json\/wp\/v2\/pages"}],"about":[{"href":"https:\/\/feetuphostels.com\/nl\/wp-json\/wp\/v2\/types\/page"}],"author":[{"embeddable":true,"href":"https:\/\/feetuphostels.com\/nl\/wp-json\/wp\/v2\/users\/13"}],"replies":[{"embeddable":true,"href":"https:\/\/feetuphostels.com\/nl\/wp-json\/wp\/v2\/comments?post=8041"}],"version-history":[{"count":1,"href":"https:\/\/feetuphostels.com\/nl\/wp-json\/wp\/v2\/pages\/8041\/revisions"}],"predecessor-version":[{"id":224485,"href":"https:\/\/feetuphostels.com\/nl\/wp-json\/wp\/v2\/pages\/8041\/revisions\/224485"}],"wp:featuredmedia":[{"embeddable":true,"href":"https:\/\/feetuphostels.com\/nl\/wp-json\/wp\/v2\/media\/202288"}],"wp:attachment":[{"href":"https:\/\/feetuphostels.com\/nl\/wp-json\/wp\/v2\/media?parent=8041"}],"curies":[{"name":"wp","href":"https:\/\/api.w.org\/{rel}","templated":true}]}}