{"id":206965,"date":"2017-11-26T16:25:59","date_gmt":"2017-11-26T15:25:59","guid":{"rendered":"https:\/\/feetuphostels.com\/beoordeling-home-backpackers-hostel-valencia\/"},"modified":"2024-11-09T11:58:30","modified_gmt":"2024-11-09T10:58:30","slug":"beoordeling-home-backpackers-hostel-valencia","status":"publish","type":"page","link":"https:\/\/feetuphostels.com\/nl\/beoordeling-home-backpackers-hostel-valencia\/","title":{"rendered":""},"content":{"rendered":"<p>[vc_row full_width=&#8221;stretch_row&#8221; css=&#8221;.vc_custom_1511519216267{padding-bottom: 40px !important;background-color: #000000 !important;}&#8221;][vc_column width=&#8221;1\/4&#8243;][vc_column_text css=&#8221;.vc_custom_1510703153771{margin-top: 0px !important;margin-bottom: 0px !important;}&#8221;]<\/p>\n<p style=\"color: #fff; text-align: center;\">[tooltip hint=&#8221;Este precio depende de la temporada y la fecha de tu reserva&#8221;]*CAMAS DESDE 12\u20ac[\/tooltip]<\/p>\n<p>[\/vc_column_text][\/vc_column][vc_column width=&#8221;1\/4&#8243;][vc_column_text css=&#8221;.vc_custom_1511713851583{margin-top: 0px !important;margin-bottom: 0px !important;}&#8221;]<\/p>\n<p style=\"text-align: center;\"><a id=\"ES-backpackers-button-photos\" class=\"scroll\" style=\"color: #fff; border-bottom: 1px solid #fff; padding-bottom: 3px; text-decoration: none;\" href=\"https:\/\/feetuphostels.com\/nl\/home-backpackers-hostel-valencia\/\">VER LAS FOTOS<\/a><\/p>\n<p>[\/vc_column_text][\/vc_column][vc_column width=&#8221;1\/4&#8243;][vc_column_text css=&#8221;.vc_custom_1511713858487{margin-top: 0px !important;margin-bottom: 0px !important;}&#8221;]<\/p>\n<p style=\"text-align: center;\"><a id=\"ES-backpackers-button-reviews\" class=\"scroll\" style=\"color: #fff; border-bottom: 1px solid #fff; padding-bottom: 3px; text-decoration: none;\" href=\"#reviews\">VER LOS COMENTARIOS<\/a><\/p>\n<p>[\/vc_column_text][\/vc_column][vc_column width=&#8221;1\/4&#8243;][vc_column_text css=&#8221;.vc_custom_1511713876920{margin-top: 0px !important;margin-bottom: 0px !important;}&#8221;]<\/p>\n<p style=\"text-align: center;\"><a id=\"ES-backpackers-button-location\" class=\"scroll\" style=\"color: #fff; border-bottom: 1px solid #fff; padding-bottom: 3px; text-decoration: none;\" href=\"\/?page_id=5882\">VER LA UBICACI\u00d3N<\/a><\/p>\n<p>[\/vc_column_text][\/vc_column][\/vc_row][vc_row full_width=&#8221;stretch_row&#8221; css=&#8221;.vc_custom_1511643116573{margin-top: 0px !important;border-top-width: 4px !important;padding-top: 20px !important;padding-bottom: 20px !important;background-color: #f4f4f4 !important;border-top-color: #f43f28 !important;border-top-style: solid !important;}&#8221;][vc_column css=&#8221;.vc_custom_1511474856908{padding-top: 0px !important;padding-right: 50px !important;padding-left: 50px !important;}&#8221;][vc_column_text css=&#8221;.vc_custom_1511646261558{margin-top: 0px !important;margin-bottom: 0px !important;padding-top: 0px !important;padding-bottom: 0px !important;}&#8221;]<\/p>\n<h3 style=\"text-align: center;\">Comentarios de nuestros Hu\u00e9spedes<\/h3>\n<p>[\/vc_column_text][vc_column_text css=&#8221;.vc_custom_1511533704852{margin-top: 0px !important;margin-bottom: 0px !important;padding-top: 0px !important;padding-bottom: 0px !important;}&#8221;]<\/p>\n<h4 style=\"text-align: center;\">Valoraciones reales de hu\u00e9spedes reales<\/h4>\n<p>[\/vc_column_text][\/vc_column][\/vc_row][vc_row css=&#8221;.vc_custom_1511641875832{margin-top: 0px !important;}&#8221; el_id=&#8221;reviews&#8221;][vc_column width=&#8221;2\/3&#8243; css=&#8221;.vc_custom_1510694740443{margin-top: 0px !important;}&#8221;][vc_column_text]<\/p>\n<h3 style=\"text-align: center;\">Tenemos la mejor ubicaci\u00f3n<\/h3>\n<p class=\"big\" style=\"text-align: justify;\">Si buscas un Alojamiento o Albergue Juvenil barato en Valencia, nuestro Home Backpackers Hostel es el lugar indicado para alojarte en tu visita a Valencia. Somos uno de los mejores Albergues Juveniles para quedarte en el Barrio de El Carmen, a 5 minutos de muchas paradas de Autobuses y a 10 minutos caminando de la Estaci\u00f3n de Trenes de Valencia.<\/p>\n<h4 style=\"text-align: justify;\">Nuestro Barrio<\/h4>\n<p class=\"big\" style=\"text-align: justify;\">Home Backpackers Hostel est\u00e1 situado en el distrito de El Carmen, justo en el centro de Valencia. Nuestro Albergue Juvenil se encuentra en un edificio que antiguamente era un Colegio Religioso y que fue transformado en un Albergue Juvenil.<\/p>\n<h4 style=\"text-align: justify;\">Nuestro Staff<\/h4>\n<p class=\"big\" style=\"text-align: justify;\">Es amable y multilingue, ellos estar\u00e1n siempre para ofrecerte informaci\u00f3n sobre la ciudad, adem\u00e1s de ayudarte a descubrir todo lo que merece la pena en la encantadora Valencia.<\/p>\n<p>[\/vc_column_text][\/vc_column][vc_column width=&#8221;1\/3&#8243; css=&#8221;.vc_custom_1510694746363{margin-top: 0px !important;}&#8221;][vc_column_text][tooltip hint=&#8221;Somos parte del Grupo Feetup Hostels Espa\u00f1a&#8221;]<\/p>\n<h1 style=\"color: #f43f28; text-align: center;\"><span id=\"ES-backpackers-name\">Home Backpackers Hostel Valencia<\/span><\/h1>\n<p>[\/tooltip][\/vc_column_text][vc_column_text css=&#8221;.vc_custom_1510360607869{margin-bottom: 40px !important;border-bottom-width: 2px !important;border-bottom-color: #f43f28 !important;border-bottom-style: solid !important;}&#8221;]<span style=\"color: #f43f28;\">[tooltip hint=&#8221;Estos valores pueden cambiar por factores externos a nosotros&#8221;]<strong>ELLOS YA CONF\u00cdAN EN NOSOTROS<\/strong>[\/tooltip]<\/span>[\/vc_column_text][vc_progress_bar values=&#8221;%5B%7B%22label%22%3A%22Hostel%20World%20%208.6%20%2F%2010%22%2C%22value%22%3A%2286%22%2C%22color%22%3A%22bar_orange%22%7D%2C%7B%22label%22%3A%22Tripadvisor%204.0%20%2F%205%22%2C%22value%22%3A%2280%22%2C%22color%22%3A%22bar_green%22%7D%2C%7B%22label%22%3A%22Booking%208.1%20%2F%2010%22%2C%22value%22%3A%2281%22%2C%22color%22%3A%22bar_blue%22%7D%2C%7B%22label%22%3A%22Expedia%204.0%20%2F%205%22%2C%22value%22%3A%2280%22%2C%22color%22%3A%22blue%22%7D%2C%7B%22label%22%3A%22Google%204.0%20%2F%205%22%2C%22value%22%3A%2280%22%2C%22color%22%3A%22pink%22%7D%2C%7B%22label%22%3A%22Feetup%208.4%20%2F%2010%22%2C%22value%22%3A%2284%22%2C%22color%22%3A%22bar_red%22%7D%5D&#8221; bgcolor=&#8221;bar_orange&#8221; options=&#8221;striped,animated&#8221; css_animation=&#8221;none&#8221;][vc_column_text css=&#8221;.vc_custom_1511515793207{border-bottom-width: 2px !important;border-bottom-color: #f43f28 !important;border-bottom-style: solid !important;}&#8221;]<span style=\"color: #f43f28;\"><strong>TE GARANTIZAMOS EN TU RESERVA<\/strong><\/span>[\/vc_column_text][vc_row_inner css=&#8221;.vc_custom_1510360269347{margin-top: 0px !important;margin-bottom: 0px !important;padding-bottom: 0px !important;}&#8221;][vc_column_inner width=&#8221;1\/3&#8243;][vc_icon icon_fontawesome=&#8221;fa fa-heart&#8221; color=&#8221;black&#8221; size=&#8221;lg&#8221; align=&#8221;center&#8221; css=&#8221;.vc_custom_1510355150496{margin-bottom: 0px !important;}&#8221;][vc_column_text]<\/p>\n<p style=\"text-align: center;\">[tooltip hint=&#8221;Esto depende del tipo de tu Reserva&#8221;]*CANCELACIONES GRATUITAS[\/tooltip]<\/p>\n<p>[\/vc_column_text][\/vc_column_inner][vc_column_inner width=&#8221;1\/3&#8243;][vc_icon icon_fontawesome=&#8221;fa fa-handshake-o&#8221; color=&#8221;black&#8221; size=&#8221;lg&#8221; align=&#8221;center&#8221; css=&#8221;.vc_custom_1510354955045{margin-bottom: 0px !important;}&#8221;][vc_column_text]<\/p>\n<p style=\"text-align: center;\">SIN GASTOS OCULTOS<\/p>\n<p>[\/vc_column_text][\/vc_column_inner][vc_column_inner width=&#8221;1\/3&#8243;][vc_icon icon_fontawesome=&#8221;fa fa-smile-o&#8221; color=&#8221;black&#8221; size=&#8221;lg&#8221; align=&#8221;center&#8221; css=&#8221;.vc_custom_1510355091820{margin-bottom: 0px !important;}&#8221;][vc_column_text]<\/p>\n<p style=\"text-align: center;\">EL MEJOR PRECIO<\/p>\n<p>[\/vc_column_text][\/vc_column_inner][\/vc_row_inner][vc_column_text css=&#8221;.vc_custom_1510703397240{margin-bottom: 5px !important;border-bottom-width: 2px !important;border-bottom-color: #f43f28 !important;border-bottom-style: solid !important;}&#8221;]<strong><a id=\"ES-backpackers-button-groups\" title=\"Solicitar un presupuesto para tu Grupo\" href=\"https:\/\/feetuphostels.com\/nl\/groups-booking\/\">\u00bfTU VIAJE ES EN GRUPO?<\/a><\/strong>[\/vc_column_text][vc_column_text]<a title=\"Solicitar un presupuesto para tu Grupo\" href=\"https:\/\/feetuphostels.com\/nl\/groups-booking\/\"><img decoding=\"async\" id=\"ES-backpackers-image-groups\" title=\"Solicitar un presupuesto para tu Grupo\" src=\"\/wp-content\/uploads\/2017\/01\/about-us01.jpg\" alt=\"Solicitar un presupuesto para tu Grupo\" width=\"100%\" \/><\/a>[\/vc_column_text][vc_column_text css=&#8221;.vc_custom_1510357956376{margin-bottom: 5px !important;}&#8221;]<span style=\"color: #f43f28;\"><strong>TAMBI\u00c9N NOS PUEDES ENCONTRAR EN:<\/strong><\/span>[\/vc_column_text][contact_box address=&#8221;Plaza Vicent IBorra S\/N&#8221; telephone=&#8221;+34 963913797&#8243; email=&#8221;backpackers@homehostelsvalencia.com&#8221; image=&#8221;310&#8243; www=&#8221;https:\/\/www.homebackpackersvalencia.com\/es\/&#8221;][\/vc_column][\/vc_row][vc_row full_width=&#8221;stretch_row&#8221; css=&#8221;.vc_custom_1508761368203{background-color: #e9f0fa !important;}&#8221;][vc_column][vc_column_text]<\/p>\n<h3 style=\"text-align: justify;\">Debes tener esto en cuenta a la hora de reservar con nosotros.<\/h3>\n<ul>\n<li style=\"text-align: justify;\">Por normativa nos vemos obligados a <strong>no aceptar<\/strong> hu\u00e9spedes menores de 18 a\u00f1os si no van acompa\u00f1ados de un adulto.<\/li>\n<li style=\"text-align: justify;\">Los hu\u00e9spedes menores de 18 a\u00f1os no pueden alojarse en una habitaci\u00f3n compartida, a menos que todos los ocupantes sean miembros de su grupo de viaje.<\/li>\n<li style=\"text-align: justify;\">Debes presentar un documento de identidad o un pasaporte v\u00e1lido al hacer el Check-in.<\/li>\n<li style=\"text-align: justify;\">Debes dejar un dep\u00f3sito de 5\u20ac\u00a0 por la llave y 5\u20ac por la toalla\u00a0(no te preocupes que al realizar el check-out se te ser\u00e1 devuelto al entregar la llave y la toalla en las mismas condiciones que se te entregaron).<\/li>\n<li style=\"text-align: justify;\">En las reservas de m\u00e1s de 10 o m\u00e1s personas se aplicar\u00e1n condiciones especiales de grupos. Te recomendamos por lo tanto contactar directamente con nuestro departamento de grupos a trav\u00e9s del<a href=\"https:\/\/feetuphostels.com\/nl\/groups-booking\/\"> siguiente formulario<\/a>. Debes de llenar todos los campos y enviarlo. Nos pondremos en contacto contigo lo m\u00e1s r\u00e1pido posible.<\/li>\n<li style=\"text-align: justify;\">Aceptamos pagos con American express, Visa, Master Card y JCB.<\/li>\n<li style=\"text-align: justify;\">Puedes lavar tu ropa en nuestra lavander\u00eda por tan solo 8\u20ac.<\/li>\n<li style=\"text-align: justify;\">Nuestro n\u00famero de licencia es:<strong>\u00a0<\/strong><\/li>\n<\/ul>\n<p>[\/vc_column_text][\/vc_column][\/vc_row][vc_row full_width=&#8221;stretch_row_content&#8221; css=&#8221;.vc_custom_1510009713588{background-color: #f4f4f4 !important;}&#8221;][vc_column][blog_slider count=&#8221;5&#8243; category=&#8221;valencia&#8221; more=&#8221;0&#8243; title=&#8221;\u00bfA\u00fan no encuentras lo que buscas? Mira esto:&#8221;][\/vc_column][\/vc_row]<\/p>\n","protected":false},"excerpt":{"rendered":"<p>[vc_row full_width=&#8221;stretch_row&#8221; css=&#8221;.vc_custom_1511519216267{padding-bottom: 40px !important;background-color: #000000 !important;}&#8221;][vc_column width=&#8221;1\/4&#8243;][vc_column_text css=&#8221;.vc_custom_1510703153771{margin-top: 0px !important;margin-bottom: 0px !important;}&#8221;] [tooltip hint=&#8221;Este precio depende de la temporada y la fecha de tu reserva&#8221;]*CAMAS DESDE 12\u20ac[\/tooltip] [\/vc_column_text][\/vc_column][vc_column width=&#8221;1\/4&#8243;][vc_column_text css=&#8221;.vc_custom_1511713851583{margin-top: 0px !important;margin-bottom: 0px !important;}&#8221;] VER LAS FOTOS [\/vc_column_text][\/vc_column][vc_column width=&#8221;1\/4&#8243;][vc_column_text css=&#8221;.vc_custom_1511713858487{margin-top: 0px !important;margin-bottom: 0px !important;}&#8221;] VER LOS COMENTARIOS [\/vc_column_text][\/vc_column][vc_column width=&#8221;1\/4&#8243;][vc_column_text css=&#8221;.vc_custom_1511713876920{margin-top: 0px !important;margin-bottom: 0px !important;}&#8221;] [&hellip;]<\/p>\n","protected":false},"author":13,"featured_media":0,"parent":0,"menu_order":0,"comment_status":"closed","ping_status":"open","template":"","meta":{"footnotes":""},"class_list":["post-206965","page","type-page","status-publish","hentry"],"yoast_head":"<!-- This site is optimized with the Yoast SEO plugin v27.5 - https:\/\/yoast.com\/product\/yoast-seo-wordpress\/ -->\n<title>Reviews H\u00f4me Backpackers Hostel Valencia \u00ae \u2714\ufe0fReal ratings<\/title>\n<meta name=\"description\" content=\"Reviews H\u00f4me Backpackers Hostel Valencia \u00ae \u2714\ufe0freal guests with real reviews on price, quality, cleanliness and facilities\" \/>\n<meta name=\"robots\" content=\"index, follow, max-snippet:-1, max-image-preview:large, max-video-preview:-1\" \/>\n<link rel=\"canonical\" href=\"https:\/\/feetuphostels.com\/nl\/beoordeling-home-backpackers-hostel-valencia\/\" \/>\n<meta property=\"og:locale\" content=\"nl_NL\" \/>\n<meta property=\"og:type\" content=\"article\" \/>\n<meta property=\"og:title\" content=\"Reviews H\u00f4me Backpackers Hostel Valencia \u00ae \u2714\ufe0fReal ratings\" \/>\n<meta property=\"og:description\" content=\"Reviews H\u00f4me Backpackers Hostel Valencia \u00ae \u2714\ufe0freal guests with real reviews on price, quality, cleanliness and facilities\" \/>\n<meta property=\"og:url\" content=\"https:\/\/feetuphostels.com\/nl\/beoordeling-home-backpackers-hostel-valencia\/\" \/>\n<meta property=\"og:site_name\" content=\"Feet Up Hostels\" \/>\n<meta property=\"article:publisher\" content=\"https:\/\/facebook.com\/feetuphostelsgroup\" \/>\n<meta property=\"article:modified_time\" content=\"2024-11-09T10:58:30+00:00\" \/>\n<meta property=\"og:image\" content=\"https:\/\/feetuphostels.com\/wp-content\/uploads\/2017\/01\/about-us.jpg\" \/>\n\t<meta property=\"og:image:width\" content=\"960\" \/>\n\t<meta property=\"og:image:height\" content=\"650\" \/>\n\t<meta property=\"og:image:type\" content=\"image\/jpeg\" \/>\n<meta name=\"twitter:card\" content=\"summary_large_image\" \/>\n<meta name=\"twitter:site\" content=\"@feetuphostels\" \/>\n<meta name=\"twitter:label1\" content=\"Geschatte leestijd\" \/>\n\t<meta name=\"twitter:data1\" content=\"5 minuten\" \/>\n<script type=\"application\/ld+json\" class=\"yoast-schema-graph\">{\"@context\":\"https:\\\/\\\/schema.org\",\"@graph\":[{\"@type\":\"WebPage\",\"@id\":\"https:\\\/\\\/feetuphostels.com\\\/nl\\\/beoordeling-home-backpackers-hostel-valencia\\\/\",\"url\":\"https:\\\/\\\/feetuphostels.com\\\/nl\\\/beoordeling-home-backpackers-hostel-valencia\\\/\",\"name\":\"Reviews H\u00f4me Backpackers Hostel Valencia \u00ae \u2714\ufe0fReal ratings\",\"isPartOf\":{\"@id\":\"https:\\\/\\\/feetuphostels.com\\\/nl\\\/#website\"},\"datePublished\":\"2017-11-26T15:25:59+00:00\",\"dateModified\":\"2024-11-09T10:58:30+00:00\",\"description\":\"Reviews H\u00f4me Backpackers Hostel Valencia \u00ae \u2714\ufe0freal guests with real reviews on price, quality, cleanliness and facilities\",\"inLanguage\":\"nl-NL\",\"potentialAction\":[{\"@type\":\"ReadAction\",\"target\":[\"https:\\\/\\\/feetuphostels.com\\\/nl\\\/beoordeling-home-backpackers-hostel-valencia\\\/\"]}]},{\"@type\":\"WebSite\",\"@id\":\"https:\\\/\\\/feetuphostels.com\\\/nl\\\/#website\",\"url\":\"https:\\\/\\\/feetuphostels.com\\\/nl\\\/\",\"name\":\"Feet Up Hostels\",\"description\":\"Jeugdherbergen en accommodatie in Valencia, Spanje. Wij zijn specialisten in vriendelijkheid\",\"publisher\":{\"@id\":\"https:\\\/\\\/feetuphostels.com\\\/nl\\\/#organization\"},\"alternateName\":\"Feet Up Hostels\",\"potentialAction\":[{\"@type\":\"SearchAction\",\"target\":{\"@type\":\"EntryPoint\",\"urlTemplate\":\"https:\\\/\\\/feetuphostels.com\\\/nl\\\/?s={search_term_string}\"},\"query-input\":{\"@type\":\"PropertyValueSpecification\",\"valueRequired\":true,\"valueName\":\"search_term_string\"}}],\"inLanguage\":\"nl-NL\"},{\"@type\":\"Organization\",\"@id\":\"https:\\\/\\\/feetuphostels.com\\\/nl\\\/#organization\",\"name\":\"Feet Up Hostels\",\"alternateName\":\"Feet Up Hostels\",\"url\":\"https:\\\/\\\/feetuphostels.com\\\/nl\\\/\",\"logo\":{\"@type\":\"ImageObject\",\"inLanguage\":\"nl-NL\",\"@id\":\"https:\\\/\\\/feetuphostels.com\\\/nl\\\/#\\\/schema\\\/logo\\\/image\\\/\",\"url\":\"https:\\\/\\\/feetuphostels.com\\\/wp-content\\\/uploads\\\/2019\\\/01\\\/logo-web-amp-feetuphostels.svg\",\"contentUrl\":\"https:\\\/\\\/feetuphostels.com\\\/wp-content\\\/uploads\\\/2019\\\/01\\\/logo-web-amp-feetuphostels.svg\",\"width\":1,\"height\":1,\"caption\":\"Feet Up Hostels\"},\"image\":{\"@id\":\"https:\\\/\\\/feetuphostels.com\\\/nl\\\/#\\\/schema\\\/logo\\\/image\\\/\"},\"sameAs\":[\"https:\\\/\\\/facebook.com\\\/feetuphostelsgroup\",\"https:\\\/\\\/x.com\\\/feetuphostels\",\"https:\\\/\\\/www.instagram.com\\\/feetuphostels\\\/\",\"https:\\\/\\\/www.tiktok.com\\\/@feetuphostels\",\"https:\\\/\\\/www.linkedin.com\\\/company\\\/feetuphostelsgroup\\\/\",\"https:\\\/\\\/www.pinterest.es\\\/FeetupHostels\\\/\",\"https:\\\/\\\/www.youtube.com\\\/feetuphostels\"]}]}<\/script>\n<!-- \/ Yoast SEO plugin. -->","yoast_head_json":{"title":"Reviews H\u00f4me Backpackers Hostel Valencia \u00ae \u2714\ufe0fReal ratings","description":"Reviews H\u00f4me Backpackers Hostel Valencia \u00ae \u2714\ufe0freal guests with real reviews on price, quality, cleanliness and facilities","robots":{"index":"index","follow":"follow","max-snippet":"max-snippet:-1","max-image-preview":"max-image-preview:large","max-video-preview":"max-video-preview:-1"},"canonical":"https:\/\/feetuphostels.com\/nl\/beoordeling-home-backpackers-hostel-valencia\/","og_locale":"nl_NL","og_type":"article","og_title":"Reviews H\u00f4me Backpackers Hostel Valencia \u00ae \u2714\ufe0fReal ratings","og_description":"Reviews H\u00f4me Backpackers Hostel Valencia \u00ae \u2714\ufe0freal guests with real reviews on price, quality, cleanliness and facilities","og_url":"https:\/\/feetuphostels.com\/nl\/beoordeling-home-backpackers-hostel-valencia\/","og_site_name":"Feet Up Hostels","article_publisher":"https:\/\/facebook.com\/feetuphostelsgroup","article_modified_time":"2024-11-09T10:58:30+00:00","og_image":[{"width":960,"height":650,"url":"https:\/\/feetuphostels.com\/wp-content\/uploads\/2017\/01\/about-us.jpg","type":"image\/jpeg"}],"twitter_card":"summary_large_image","twitter_site":"@feetuphostels","twitter_misc":{"Geschatte leestijd":"5 minuten"},"schema":{"@context":"https:\/\/schema.org","@graph":[{"@type":"WebPage","@id":"https:\/\/feetuphostels.com\/nl\/beoordeling-home-backpackers-hostel-valencia\/","url":"https:\/\/feetuphostels.com\/nl\/beoordeling-home-backpackers-hostel-valencia\/","name":"Reviews H\u00f4me Backpackers Hostel Valencia \u00ae \u2714\ufe0fReal ratings","isPartOf":{"@id":"https:\/\/feetuphostels.com\/nl\/#website"},"datePublished":"2017-11-26T15:25:59+00:00","dateModified":"2024-11-09T10:58:30+00:00","description":"Reviews H\u00f4me Backpackers Hostel Valencia \u00ae \u2714\ufe0freal guests with real reviews on price, quality, cleanliness and facilities","inLanguage":"nl-NL","potentialAction":[{"@type":"ReadAction","target":["https:\/\/feetuphostels.com\/nl\/beoordeling-home-backpackers-hostel-valencia\/"]}]},{"@type":"WebSite","@id":"https:\/\/feetuphostels.com\/nl\/#website","url":"https:\/\/feetuphostels.com\/nl\/","name":"Feet Up Hostels","description":"Jeugdherbergen en accommodatie in Valencia, Spanje. Wij zijn specialisten in vriendelijkheid","publisher":{"@id":"https:\/\/feetuphostels.com\/nl\/#organization"},"alternateName":"Feet Up Hostels","potentialAction":[{"@type":"SearchAction","target":{"@type":"EntryPoint","urlTemplate":"https:\/\/feetuphostels.com\/nl\/?s={search_term_string}"},"query-input":{"@type":"PropertyValueSpecification","valueRequired":true,"valueName":"search_term_string"}}],"inLanguage":"nl-NL"},{"@type":"Organization","@id":"https:\/\/feetuphostels.com\/nl\/#organization","name":"Feet Up Hostels","alternateName":"Feet Up Hostels","url":"https:\/\/feetuphostels.com\/nl\/","logo":{"@type":"ImageObject","inLanguage":"nl-NL","@id":"https:\/\/feetuphostels.com\/nl\/#\/schema\/logo\/image\/","url":"https:\/\/feetuphostels.com\/wp-content\/uploads\/2019\/01\/logo-web-amp-feetuphostels.svg","contentUrl":"https:\/\/feetuphostels.com\/wp-content\/uploads\/2019\/01\/logo-web-amp-feetuphostels.svg","width":1,"height":1,"caption":"Feet Up Hostels"},"image":{"@id":"https:\/\/feetuphostels.com\/nl\/#\/schema\/logo\/image\/"},"sameAs":["https:\/\/facebook.com\/feetuphostelsgroup","https:\/\/x.com\/feetuphostels","https:\/\/www.instagram.com\/feetuphostels\/","https:\/\/www.tiktok.com\/@feetuphostels","https:\/\/www.linkedin.com\/company\/feetuphostelsgroup\/","https:\/\/www.pinterest.es\/FeetupHostels\/","https:\/\/www.youtube.com\/feetuphostels"]}]}},"_links":{"self":[{"href":"https:\/\/feetuphostels.com\/nl\/wp-json\/wp\/v2\/pages\/206965","targetHints":{"allow":["GET"]}}],"collection":[{"href":"https:\/\/feetuphostels.com\/nl\/wp-json\/wp\/v2\/pages"}],"about":[{"href":"https:\/\/feetuphostels.com\/nl\/wp-json\/wp\/v2\/types\/page"}],"author":[{"embeddable":true,"href":"https:\/\/feetuphostels.com\/nl\/wp-json\/wp\/v2\/users\/13"}],"replies":[{"embeddable":true,"href":"https:\/\/feetuphostels.com\/nl\/wp-json\/wp\/v2\/comments?post=206965"}],"version-history":[{"count":0,"href":"https:\/\/feetuphostels.com\/nl\/wp-json\/wp\/v2\/pages\/206965\/revisions"}],"wp:attachment":[{"href":"https:\/\/feetuphostels.com\/nl\/wp-json\/wp\/v2\/media?parent=206965"}],"curies":[{"name":"wp","href":"https:\/\/api.w.org\/{rel}","templated":true}]}}