{"id":78558,"date":"2019-10-30T09:59:27","date_gmt":"2019-10-30T08:59:27","guid":{"rendered":"https:\/\/feetuphostels.com\/booking-purple-nest-hostel-valencia\/"},"modified":"2024-11-03T12:44:04","modified_gmt":"2024-11-03T11:44:04","slug":"prenotazione-purple-nest-ostello-valencia","status":"publish","type":"page","link":"https:\/\/feetuphostels.com\/it\/prenotazione-purple-nest-ostello-valencia\/","title":{"rendered":"Prenotazione Purple Nest Ostello Valencia"},"content":{"rendered":"\n<h1 class=\"wp-block-heading has-text-align-center\" id=\"h-booking-purple-nest-hostel\">Prenotazione Purple Nest<\/h1>\n\n<iframe src=\"https:\/\/feetup-purple-nest-hostel-dot-feetup-hotels.appspot.com\/booking1\/?adultsRoom1=1&#038;language=english\" width=\"100%\" height=\"1800px\" style=\"border:0;\"><\/iframe>\r\n\n<h2 class=\"wp-block-heading\">Ciao, avventurieri ed esploratori!&#13;\nPrenota il tuo letto a Valencia<\/h2>\n\n<h2 class=\"wp-block-heading\">Benvenuti nel nostro Puest Nest <a href=\"https:\/\/nesthostelsvalencia.com\/it\/\" target=\"_blank\" rel=\"noreferrer noopener\">Hostel Valencia<\/a><\/h2>\n\n<p>Un luogo dove il divertimento incontra il comfort e l&#8217;ospitalit\u00e0<\/p>\n\n<p>Se stai cercando un&#8217;esperienza di viaggio indimenticabile, questo \u00e8 il posto giusto per te.<\/p>\n\n<p>Qui al nostro <a href=\"https:\/\/feetuphostels.com\/it\/purple-nest-ostello-valencia\/\">Purple Nest<\/a> diamo importanza all&#8217;autenticit\u00e0 e all&#8217;interazione diretta con i nostri ospiti. Crediamo che prenotare direttamente con noi sia il modo migliore per assicurarsi un&#8217;esperienza di soggiorno unica, personalizzata e soprattutto gratificante.&#13;\n<div id=\"gtx-trans\" style=\"position: absolute; left: 93px; top: 38px;\">&#13;\n<div class=\"gtx-trans-icon\"><\/div>&#13;\n<\/div><\/p>\n\n<p>Perch\u00e9, ti chiedi? Lascia che ti spieghiamo:<\/p>\n\n<ol class=\"wp-block-list\">\n<li><a href=\"https:\/\/feetuphostels.com\/it\/pagamento-sicuro\/\">Miglior prezzo garantito:<\/a> Prenotando direttamente con noi, otterrai sempre il prezzo migliore. Non ci sono intermediari che aggiungono commissioni extra, cos\u00ec potrai risparmiare di pi\u00f9 per le tue avventure.&#13;\n<div id=\"gtx-trans\" style=\"position: absolute; left: -95px; top: -10px;\">&#13;\n<div class=\"gtx-trans-icon\"><\/div>&#13;\n<\/div><\/li>\n\n\n\n<li><strong>Comunicazione Diretta:<\/strong> Quando prenoti direttamente, beneficerai di una linea di comunicazione pi\u00f9 fluida e diretta con il nostro personale. Possiamo soddisfare le tue esigenze speciali, rispondere alle tue domande e fornirti utili consigli locali in modo efficiente.<\/li>\n\n\n\n<li><strong>Personalizzazione:<\/strong> Hai esigenze dietetiche specifiche? Preferisci un letto in un angolo tranquillo del dormitorio? Quando prenoti direttamente, possiamo adattarci alle tue preferenze e bisogni individuali per assicurarci che il tuo soggiorno sia il pi\u00f9 confortevole e piacevole possibile.<\/li>\n\n\n\n<li><strong>Promozioni esclusive:<\/strong> Spesso abbiamo offerte e sconti esclusivi disponibili solo per gli ospiti che prenotano direttamente. Possono includere sconti su attivit\u00e0 locali o un drink gratuito all&#8217;arrivo.&#13;\n<div id=\"gtx-trans\" style=\"position: absolute; left: -22px; top: -10px;\">&#13;\n<div class=\"gtx-trans-icon\"><\/div>&#13;\n<\/div><\/li>\n\n\n\n<li><strong>Lealt\u00e0 Ricompensata:<\/strong> Gli ospiti che prenotano direttamente sono spesso i primi a sapere dei nostri eventi speciali e offerte. Inoltre, adoriamo vedere volti familiari, quindi spesso abbiamo ricompense speciali per gli ospiti che ritornano.<\/li>\n<\/ol>\n\n<p><\/p>\n\n<h2 class=\"wp-block-heading\">In sintesi.<\/h2>\n\n<p>Prenotare direttamente con noi significa che beneficerai dei migliori prezzi, di un servizio pi\u00f9 personalizzato, promozioni esclusive e premi per la fedelt\u00e0. Ma, soprattutto, significa che farai parte della nostra comunit\u00e0 di viaggiatori ed avventurieri, condividendo esperienze e creando ricordi che dureranno tutta la vita.<\/p>\n\n<p>Quindi, la prossima volta che stai pianificando la tua grande avventura, considera di prenotare direttamente con noi. Ti garantiamo che sar\u00e0 la decisione migliore per il tuo viaggio.<\/p>\n\n<p>Non vediamo l&#8217;ora di accoglierti a braccia aperte nel nostro Ostello per Giovani!<\/p>\n","protected":false},"excerpt":{"rendered":"<p>Prenotazione Purple Nest Hostel Valencia \u00ae Confrontare su altri canali e prenotare con noi \ud83d\ude4b\ud83d\ude4b \u2642\ufe0f abbiamo sempre il miglior prezzo online a Valencia \u2714\ufe0f Libro e Risparmia sul vostro ostello oggi! Migliore promessa di prezzo. Nessuna tassa di prenotazione. Nessun costo di prenotazione. Servizio clienti 24 ore su 24, 7 giorni su 7. Leggi le recensioni dei veri ospiti. Ottieni conferma immediata. Prenotazione sicura. Prenotazione Purple Nest Hostel Valencia<\/p>\n","protected":false},"author":13,"featured_media":18235,"parent":0,"menu_order":0,"comment_status":"closed","ping_status":"closed","template":"","meta":{"footnotes":""},"class_list":["post-78558","page","type-page","status-publish","has-post-thumbnail","hentry"],"yoast_head":"<!-- This site is optimized with the Yoast SEO plugin v27.4 - https:\/\/yoast.com\/product\/yoast-seo-wordpress\/ -->\n<title>Prenotazione Purple Nest Hostel Valencia \u00ae Confronta e prenota<\/title>\n<meta name=\"description\" content=\"Prenotazione Purple Nest Hostel Valencia \u00ae Prenotare con noi \ud83d\ude4b\ud83d\ude4b \u2642\ufe0f abbiamo sempre il miglior prezzo online a Valencia\u2714\ufe0f\" \/>\n<meta name=\"robots\" content=\"index, follow, max-snippet:-1, max-image-preview:large, max-video-preview:-1\" \/>\n<link rel=\"canonical\" href=\"https:\/\/feetuphostels.com\/it\/prenotazione-purple-nest-ostello-valencia\/\" \/>\n<meta property=\"og:locale\" content=\"it_IT\" \/>\n<meta property=\"og:type\" content=\"article\" \/>\n<meta property=\"og:title\" content=\"Prenotazione Purple Nest Hostel Valencia \u00ae Confronta e prenota\" \/>\n<meta property=\"og:description\" content=\"Prenotazione Purple Nest Hostel Valencia \u00ae Prenotare con noi \ud83d\ude4b\ud83d\ude4b \u2642\ufe0f abbiamo sempre il miglior prezzo online a Valencia\u2714\ufe0f\" \/>\n<meta property=\"og:url\" content=\"https:\/\/feetuphostels.com\/it\/prenotazione-purple-nest-ostello-valencia\/\" \/>\n<meta property=\"og:site_name\" content=\"Feet Up Hostels\" \/>\n<meta property=\"article:publisher\" content=\"https:\/\/facebook.com\/feetuphostelsgroup\" \/>\n<meta property=\"article:modified_time\" content=\"2024-11-03T11:44:04+00:00\" \/>\n<meta property=\"og:image\" content=\"https:\/\/feetuphostels.com\/wp-content\/uploads\/2019\/01\/35purple-nest-hostel-valencia-by-feetuphostels.jpg\" \/>\n\t<meta property=\"og:image:width\" content=\"1620\" \/>\n\t<meta property=\"og:image:height\" content=\"1080\" \/>\n\t<meta property=\"og:image:type\" content=\"image\/jpeg\" \/>\n<meta name=\"twitter:card\" content=\"summary_large_image\" \/>\n<meta name=\"twitter:site\" content=\"@feetuphostels\" \/>\n<meta name=\"twitter:label1\" content=\"Tempo di lettura stimato\" \/>\n\t<meta name=\"twitter:data1\" content=\"2 minuti\" \/>\n<script type=\"application\/ld+json\" class=\"yoast-schema-graph\">{\"@context\":\"https:\\\/\\\/schema.org\",\"@graph\":[{\"@type\":\"WebPage\",\"@id\":\"https:\\\/\\\/feetuphostels.com\\\/it\\\/prenotazione-purple-nest-ostello-valencia\\\/\",\"url\":\"https:\\\/\\\/feetuphostels.com\\\/it\\\/prenotazione-purple-nest-ostello-valencia\\\/\",\"name\":\"Prenotazione Purple Nest Hostel Valencia \u00ae Confronta e prenota\",\"isPartOf\":{\"@id\":\"https:\\\/\\\/feetuphostels.com\\\/it\\\/#website\"},\"primaryImageOfPage\":{\"@id\":\"https:\\\/\\\/feetuphostels.com\\\/it\\\/prenotazione-purple-nest-ostello-valencia\\\/#primaryimage\"},\"image\":{\"@id\":\"https:\\\/\\\/feetuphostels.com\\\/it\\\/prenotazione-purple-nest-ostello-valencia\\\/#primaryimage\"},\"thumbnailUrl\":\"https:\\\/\\\/feetuphostels.com\\\/wp-content\\\/uploads\\\/2019\\\/01\\\/35purple-nest-hostel-valencia-by-feetuphostels.jpg\",\"datePublished\":\"2019-10-30T08:59:27+00:00\",\"dateModified\":\"2024-11-03T11:44:04+00:00\",\"description\":\"Prenotazione Purple Nest Hostel Valencia \u00ae Prenotare con noi \ud83d\ude4b\ud83d\ude4b \u2642\ufe0f abbiamo sempre il miglior prezzo online a Valencia\u2714\ufe0f\",\"breadcrumb\":{\"@id\":\"https:\\\/\\\/feetuphostels.com\\\/it\\\/prenotazione-purple-nest-ostello-valencia\\\/#breadcrumb\"},\"inLanguage\":\"it-IT\",\"potentialAction\":[{\"@type\":\"ReadAction\",\"target\":[\"https:\\\/\\\/feetuphostels.com\\\/it\\\/prenotazione-purple-nest-ostello-valencia\\\/\"]}]},{\"@type\":\"ImageObject\",\"inLanguage\":\"it-IT\",\"@id\":\"https:\\\/\\\/feetuphostels.com\\\/it\\\/prenotazione-purple-nest-ostello-valencia\\\/#primaryimage\",\"url\":\"https:\\\/\\\/feetuphostels.com\\\/wp-content\\\/uploads\\\/2019\\\/01\\\/35purple-nest-hostel-valencia-by-feetuphostels.jpg\",\"contentUrl\":\"https:\\\/\\\/feetuphostels.com\\\/wp-content\\\/uploads\\\/2019\\\/01\\\/35purple-nest-hostel-valencia-by-feetuphostels.jpg\",\"width\":1620,\"height\":1080,\"caption\":\"La reception le dar\u00e0 un caloroso benvenuto\"},{\"@type\":\"BreadcrumbList\",\"@id\":\"https:\\\/\\\/feetuphostels.com\\\/it\\\/prenotazione-purple-nest-ostello-valencia\\\/#breadcrumb\",\"itemListElement\":[{\"@type\":\"ListItem\",\"position\":1,\"name\":\"Home\",\"item\":\"https:\\\/\\\/feetuphostels.com\\\/it\\\/\"},{\"@type\":\"ListItem\",\"position\":2,\"name\":\"Prenotazione Purple Nest Ostello Valencia\"}]},{\"@type\":\"WebSite\",\"@id\":\"https:\\\/\\\/feetuphostels.com\\\/it\\\/#website\",\"url\":\"https:\\\/\\\/feetuphostels.com\\\/it\\\/\",\"name\":\"Feet Up Hostels\",\"description\":\"Ostelli della giovent\u00f9 e alloggi a Valencia, Spagna. Siamo specialisti della cordialit\u00e0\",\"publisher\":{\"@id\":\"https:\\\/\\\/feetuphostels.com\\\/it\\\/#organization\"},\"alternateName\":\"Feet Up Hostels\",\"potentialAction\":[{\"@type\":\"SearchAction\",\"target\":{\"@type\":\"EntryPoint\",\"urlTemplate\":\"https:\\\/\\\/feetuphostels.com\\\/it\\\/?s={search_term_string}\"},\"query-input\":{\"@type\":\"PropertyValueSpecification\",\"valueRequired\":true,\"valueName\":\"search_term_string\"}}],\"inLanguage\":\"it-IT\"},{\"@type\":\"Organization\",\"@id\":\"https:\\\/\\\/feetuphostels.com\\\/it\\\/#organization\",\"name\":\"Feet Up Hostels\",\"alternateName\":\"Feet Up Hostels\",\"url\":\"https:\\\/\\\/feetuphostels.com\\\/it\\\/\",\"logo\":{\"@type\":\"ImageObject\",\"inLanguage\":\"it-IT\",\"@id\":\"https:\\\/\\\/feetuphostels.com\\\/it\\\/#\\\/schema\\\/logo\\\/image\\\/\",\"url\":\"https:\\\/\\\/feetuphostels.com\\\/wp-content\\\/uploads\\\/2019\\\/01\\\/logo-web-amp-feetuphostels.svg\",\"contentUrl\":\"https:\\\/\\\/feetuphostels.com\\\/wp-content\\\/uploads\\\/2019\\\/01\\\/logo-web-amp-feetuphostels.svg\",\"width\":1,\"height\":1,\"caption\":\"Feet Up Hostels\"},\"image\":{\"@id\":\"https:\\\/\\\/feetuphostels.com\\\/it\\\/#\\\/schema\\\/logo\\\/image\\\/\"},\"sameAs\":[\"https:\\\/\\\/facebook.com\\\/feetuphostelsgroup\",\"https:\\\/\\\/x.com\\\/feetuphostels\",\"https:\\\/\\\/www.instagram.com\\\/feetuphostels\\\/\",\"https:\\\/\\\/www.tiktok.com\\\/@feetuphostels\",\"https:\\\/\\\/www.linkedin.com\\\/company\\\/feetuphostelsgroup\\\/\",\"https:\\\/\\\/www.pinterest.es\\\/FeetupHostels\\\/\",\"https:\\\/\\\/www.youtube.com\\\/feetuphostels\"]}]}<\/script>\n<!-- \/ Yoast SEO plugin. -->","yoast_head_json":{"title":"Prenotazione Purple Nest Hostel Valencia \u00ae Confronta e prenota","description":"Prenotazione Purple Nest Hostel Valencia \u00ae Prenotare con noi \ud83d\ude4b\ud83d\ude4b \u2642\ufe0f abbiamo sempre il miglior prezzo online a Valencia\u2714\ufe0f","robots":{"index":"index","follow":"follow","max-snippet":"max-snippet:-1","max-image-preview":"max-image-preview:large","max-video-preview":"max-video-preview:-1"},"canonical":"https:\/\/feetuphostels.com\/it\/prenotazione-purple-nest-ostello-valencia\/","og_locale":"it_IT","og_type":"article","og_title":"Prenotazione Purple Nest Hostel Valencia \u00ae Confronta e prenota","og_description":"Prenotazione Purple Nest Hostel Valencia \u00ae Prenotare con noi \ud83d\ude4b\ud83d\ude4b \u2642\ufe0f abbiamo sempre il miglior prezzo online a Valencia\u2714\ufe0f","og_url":"https:\/\/feetuphostels.com\/it\/prenotazione-purple-nest-ostello-valencia\/","og_site_name":"Feet Up Hostels","article_publisher":"https:\/\/facebook.com\/feetuphostelsgroup","article_modified_time":"2024-11-03T11:44:04+00:00","og_image":[{"width":1620,"height":1080,"url":"https:\/\/feetuphostels.com\/wp-content\/uploads\/2019\/01\/35purple-nest-hostel-valencia-by-feetuphostels.jpg","type":"image\/jpeg"}],"twitter_card":"summary_large_image","twitter_site":"@feetuphostels","twitter_misc":{"Tempo di lettura stimato":"2 minuti"},"schema":{"@context":"https:\/\/schema.org","@graph":[{"@type":"WebPage","@id":"https:\/\/feetuphostels.com\/it\/prenotazione-purple-nest-ostello-valencia\/","url":"https:\/\/feetuphostels.com\/it\/prenotazione-purple-nest-ostello-valencia\/","name":"Prenotazione Purple Nest Hostel Valencia \u00ae Confronta e prenota","isPartOf":{"@id":"https:\/\/feetuphostels.com\/it\/#website"},"primaryImageOfPage":{"@id":"https:\/\/feetuphostels.com\/it\/prenotazione-purple-nest-ostello-valencia\/#primaryimage"},"image":{"@id":"https:\/\/feetuphostels.com\/it\/prenotazione-purple-nest-ostello-valencia\/#primaryimage"},"thumbnailUrl":"https:\/\/feetuphostels.com\/wp-content\/uploads\/2019\/01\/35purple-nest-hostel-valencia-by-feetuphostels.jpg","datePublished":"2019-10-30T08:59:27+00:00","dateModified":"2024-11-03T11:44:04+00:00","description":"Prenotazione Purple Nest Hostel Valencia \u00ae Prenotare con noi \ud83d\ude4b\ud83d\ude4b \u2642\ufe0f abbiamo sempre il miglior prezzo online a Valencia\u2714\ufe0f","breadcrumb":{"@id":"https:\/\/feetuphostels.com\/it\/prenotazione-purple-nest-ostello-valencia\/#breadcrumb"},"inLanguage":"it-IT","potentialAction":[{"@type":"ReadAction","target":["https:\/\/feetuphostels.com\/it\/prenotazione-purple-nest-ostello-valencia\/"]}]},{"@type":"ImageObject","inLanguage":"it-IT","@id":"https:\/\/feetuphostels.com\/it\/prenotazione-purple-nest-ostello-valencia\/#primaryimage","url":"https:\/\/feetuphostels.com\/wp-content\/uploads\/2019\/01\/35purple-nest-hostel-valencia-by-feetuphostels.jpg","contentUrl":"https:\/\/feetuphostels.com\/wp-content\/uploads\/2019\/01\/35purple-nest-hostel-valencia-by-feetuphostels.jpg","width":1620,"height":1080,"caption":"La reception le dar\u00e0 un caloroso benvenuto"},{"@type":"BreadcrumbList","@id":"https:\/\/feetuphostels.com\/it\/prenotazione-purple-nest-ostello-valencia\/#breadcrumb","itemListElement":[{"@type":"ListItem","position":1,"name":"Home","item":"https:\/\/feetuphostels.com\/it\/"},{"@type":"ListItem","position":2,"name":"Prenotazione Purple Nest Ostello Valencia"}]},{"@type":"WebSite","@id":"https:\/\/feetuphostels.com\/it\/#website","url":"https:\/\/feetuphostels.com\/it\/","name":"Feet Up Hostels","description":"Ostelli della giovent\u00f9 e alloggi a Valencia, Spagna. Siamo specialisti della cordialit\u00e0","publisher":{"@id":"https:\/\/feetuphostels.com\/it\/#organization"},"alternateName":"Feet Up Hostels","potentialAction":[{"@type":"SearchAction","target":{"@type":"EntryPoint","urlTemplate":"https:\/\/feetuphostels.com\/it\/?s={search_term_string}"},"query-input":{"@type":"PropertyValueSpecification","valueRequired":true,"valueName":"search_term_string"}}],"inLanguage":"it-IT"},{"@type":"Organization","@id":"https:\/\/feetuphostels.com\/it\/#organization","name":"Feet Up Hostels","alternateName":"Feet Up Hostels","url":"https:\/\/feetuphostels.com\/it\/","logo":{"@type":"ImageObject","inLanguage":"it-IT","@id":"https:\/\/feetuphostels.com\/it\/#\/schema\/logo\/image\/","url":"https:\/\/feetuphostels.com\/wp-content\/uploads\/2019\/01\/logo-web-amp-feetuphostels.svg","contentUrl":"https:\/\/feetuphostels.com\/wp-content\/uploads\/2019\/01\/logo-web-amp-feetuphostels.svg","width":1,"height":1,"caption":"Feet Up Hostels"},"image":{"@id":"https:\/\/feetuphostels.com\/it\/#\/schema\/logo\/image\/"},"sameAs":["https:\/\/facebook.com\/feetuphostelsgroup","https:\/\/x.com\/feetuphostels","https:\/\/www.instagram.com\/feetuphostels\/","https:\/\/www.tiktok.com\/@feetuphostels","https:\/\/www.linkedin.com\/company\/feetuphostelsgroup\/","https:\/\/www.pinterest.es\/FeetupHostels\/","https:\/\/www.youtube.com\/feetuphostels"]}]}},"_links":{"self":[{"href":"https:\/\/feetuphostels.com\/it\/wp-json\/wp\/v2\/pages\/78558","targetHints":{"allow":["GET"]}}],"collection":[{"href":"https:\/\/feetuphostels.com\/it\/wp-json\/wp\/v2\/pages"}],"about":[{"href":"https:\/\/feetuphostels.com\/it\/wp-json\/wp\/v2\/types\/page"}],"author":[{"embeddable":true,"href":"https:\/\/feetuphostels.com\/it\/wp-json\/wp\/v2\/users\/13"}],"replies":[{"embeddable":true,"href":"https:\/\/feetuphostels.com\/it\/wp-json\/wp\/v2\/comments?post=78558"}],"version-history":[{"count":0,"href":"https:\/\/feetuphostels.com\/it\/wp-json\/wp\/v2\/pages\/78558\/revisions"}],"wp:featuredmedia":[{"embeddable":true,"href":"https:\/\/feetuphostels.com\/it\/wp-json\/wp\/v2\/media\/18235"}],"wp:attachment":[{"href":"https:\/\/feetuphostels.com\/it\/wp-json\/wp\/v2\/media?parent=78558"}],"curies":[{"name":"wp","href":"https:\/\/api.w.org\/{rel}","templated":true}]}}