{"id":77387,"date":"2019-11-11T11:15:23","date_gmt":"2019-11-11T10:15:23","guid":{"rendered":"https:\/\/feetuphostels.com\/booking-home-youth-hostel-valencia\/"},"modified":"2024-11-02T20:00:05","modified_gmt":"2024-11-02T19:00:05","slug":"prenotazione-home-youth-ostello-valencia","status":"publish","type":"page","link":"https:\/\/feetuphostels.com\/it\/prenotazione-home-youth-ostello-valencia\/","title":{"rendered":"Prenotazione H\u00f4me Youth Ostello Valencia"},"content":{"rendered":"\n<h1 class=\"wp-block-heading has-text-align-center\" id=\"h-booking-home-youth-hostel\">Prenota ora in Home Ostello della Giovent\u00f9<\/h1>\n\n<iframe src=\"https:\/\/feetup-youth-hostel-dot-feetup-hotels.appspot.com\/booking1\/?adultsRoom1=1&#038;language=english\" width=\"100%\" height=\"1800px\" style=\"border:0;\"><\/iframe>\n\n<h2 class=\"wp-block-heading\">Prenota un letto senza letti a castello nel nostro Ostello della Giovent\u00f9 di H\u00f4me<\/h2>\n\n<h2 class=\"wp-block-heading\">Ciao, compagno di viaggio!&#13;\nPronto per la prossima avventura?<\/h2>\n\n<p>Benvenuto nel nostro H\u00f4me Ostello per Giovani, dove divertimento, comfort e ospitalit\u00e0 si fondono insieme. Se stai cercando un&#8217;esperienza indimenticabile, puoi stare tranquillo perch\u00e9 sei nel posto giusto.<\/p>\n\n<p>Qui, valorizziamo l&#8217;autenticit\u00e0 e il contatto diretto con te, nostro ospite. Siamo convinti che se prenoti direttamente con noi, vivrai un&#8217;esperienza di alloggio personalizzata e gratificante, e soprattutto, piena di buone vibrazioni!<\/p>\n\n<p>Perch\u00e9 diciamo questo? Lasciaci spiegare:<\/p>\n\n<ul class=\"wp-block-list\">\n<li><strong>Miglior prezzo garantito:<\/strong> Prenotando direttamente con noi, ottieni sempre il miglior prezzo. Nessun intermediario che aggiunge commissioni extra, avrai di pi\u00f9 da spendere per le tue avventure.<\/li>\n\n\n\n<li><a href=\"https:\/\/feetuphostels.com\/it\/servizio-clienti\/contattare\/\">Comunicazione diretta:<\/a> Prenotando direttamente, potrai godere di una comunicazione fluida e diretta con il nostro team. Possiamo soddisfare le tue esigenze, rispondere a tutte le tue domande e fornirti i migliori consigli locali in modo efficiente.&#13;\n<div id=\"gtx-trans\" style=\"position: absolute; left: -13px; top: -10px;\">&#13;\n<div class=\"gtx-trans-icon\"><\/div>&#13;\n<\/div><\/li>\n\n\n\n<li><strong>Personalizzazione:<\/strong> Hai requisiti dietetici specifici? Preferisci un letto in un angolo tranquillo della camera? Prenotando direttamente, possiamo adattarci ai tuoi gusti e alle tue esigenze per assicurarti un soggiorno super confortevole e piacevole.<\/li>\n\n\n\n<li><strong>Promozioni esclusive:<\/strong> Spesso abbiamo offerte e sconti disponibili solo per coloro che prenotano direttamente con noi. Questo pu\u00f2 includere sconti su attivit\u00e0 locali o una bevanda gratuita al tuo arrivo.<\/li>\n\n\n\n<li><strong>Ricompensa per la fedelt\u00e0:<\/strong> Se prenoti direttamente, sarai il primo a conoscere i nostri eventi speciali e le offerte. Inoltre, amiamo rivedere i volti familiari, quindi spesso abbiamo ricompense speciali per chi ritorna.<\/li>\n<\/ul>\n\n<h2 class=\"wp-block-heading\">In sintesi.<\/h2>\n\n<p>Prenotare direttamente con noi significa che godrai dei migliori prezzi, di un servizio pi\u00f9 personalizzato, di promozioni esclusive e di ricompense per la fedelt\u00e0. Ma, soprattutto, farai parte della nostra comunit\u00e0 di viaggiatori e avventurieri, condividerai esperienze e creerai ricordi indelebili<\/p>\n\n<p>Quindi, la prossima volta che pianifichi la tua grande avventura, pensa di prenotare direttamente con noi.<\/p>\n\n<p>Ti garantiamo che sar\u00e0 la migliore decisione per il tuo viaggio.<\/p>\n\n<p>Non vediamo l&#8217;ora di darti il benvenuto a braccia aperte nel nostro Ostello per Giovani!<\/p>\n","protected":false},"excerpt":{"rendered":"<p>Prenotando l&#8217;ostello della giovent\u00f9 Valencia \u00ae prenota un letto ora al miglior prezzo a Valencia, nessuna tassa di prenotazione, conferma media, cancellazione gratuita. Questo edificio recentemente restaurato nel centro di Valencia ha la connessione Wi-Fi gratuita, ed \u00e8 l&#8217;unico ostello di Valencia ad offrire letti singoli, invece di cuccette<\/p>\n","protected":false},"author":13,"featured_media":61910,"parent":0,"menu_order":0,"comment_status":"closed","ping_status":"closed","template":"","meta":{"footnotes":""},"class_list":["post-77387","page","type-page","status-publish","has-post-thumbnail","hentry"],"yoast_head":"<!-- This site is optimized with the Yoast SEO plugin v27.4 - https:\/\/yoast.com\/product\/yoast-seo-wordpress\/ -->\n<title>Prenotando l&#039;ostello della giovent\u00f9 di Valencia \u00ae prenota un letto<\/title>\n<meta name=\"description\" content=\"Prenotando l&#039;ostello della giovent\u00f9 di \u00ae prenota un letto ora al miglior prezzo, nessuna tassa di prenotazione, cancellazione gratuita\" \/>\n<meta name=\"robots\" content=\"index, follow, max-snippet:-1, max-image-preview:large, max-video-preview:-1\" \/>\n<link rel=\"canonical\" href=\"https:\/\/feetuphostels.com\/it\/prenotazione-home-youth-ostello-valencia\/\" \/>\n<meta property=\"og:locale\" content=\"it_IT\" \/>\n<meta property=\"og:type\" content=\"article\" \/>\n<meta property=\"og:title\" content=\"Prenotando l&#039;ostello della giovent\u00f9 di Valencia \u00ae prenota un letto\" \/>\n<meta property=\"og:description\" content=\"Prenotando l&#039;ostello della giovent\u00f9 di \u00ae prenota un letto ora al miglior prezzo, nessuna tassa di prenotazione, cancellazione gratuita\" \/>\n<meta property=\"og:url\" content=\"https:\/\/feetuphostels.com\/it\/prenotazione-home-youth-ostello-valencia\/\" \/>\n<meta property=\"og:site_name\" content=\"Feet Up Hostels\" \/>\n<meta property=\"article:publisher\" content=\"https:\/\/facebook.com\/feetuphostelsgroup\" \/>\n<meta property=\"article:modified_time\" content=\"2024-11-02T19:00:05+00:00\" \/>\n<meta property=\"og:image\" content=\"https:\/\/feetuphostels.com\/wp-content\/uploads\/2019\/07\/16home-youth-hostel-valencia-by-feetuphostels.jpg\" \/>\n\t<meta property=\"og:image:width\" content=\"1620\" \/>\n\t<meta property=\"og:image:height\" content=\"1080\" \/>\n\t<meta property=\"og:image:type\" content=\"image\/jpeg\" \/>\n<meta name=\"twitter:card\" content=\"summary_large_image\" \/>\n<meta name=\"twitter:site\" content=\"@feetuphostels\" \/>\n<meta name=\"twitter:label1\" content=\"Tempo di lettura stimato\" \/>\n\t<meta name=\"twitter:data1\" content=\"2 minuti\" \/>\n<script type=\"application\/ld+json\" class=\"yoast-schema-graph\">{\"@context\":\"https:\\\/\\\/schema.org\",\"@graph\":[{\"@type\":\"WebPage\",\"@id\":\"https:\\\/\\\/feetuphostels.com\\\/it\\\/prenotazione-home-youth-ostello-valencia\\\/\",\"url\":\"https:\\\/\\\/feetuphostels.com\\\/it\\\/prenotazione-home-youth-ostello-valencia\\\/\",\"name\":\"Prenotando l'ostello della giovent\u00f9 di Valencia \u00ae prenota un letto\",\"isPartOf\":{\"@id\":\"https:\\\/\\\/feetuphostels.com\\\/it\\\/#website\"},\"primaryImageOfPage\":{\"@id\":\"https:\\\/\\\/feetuphostels.com\\\/it\\\/prenotazione-home-youth-ostello-valencia\\\/#primaryimage\"},\"image\":{\"@id\":\"https:\\\/\\\/feetuphostels.com\\\/it\\\/prenotazione-home-youth-ostello-valencia\\\/#primaryimage\"},\"thumbnailUrl\":\"https:\\\/\\\/feetuphostels.com\\\/wp-content\\\/uploads\\\/2019\\\/07\\\/16home-youth-hostel-valencia-by-feetuphostels.jpg\",\"datePublished\":\"2019-11-11T10:15:23+00:00\",\"dateModified\":\"2024-11-02T19:00:05+00:00\",\"description\":\"Prenotando l'ostello della giovent\u00f9 di \u00ae prenota un letto ora al miglior prezzo, nessuna tassa di prenotazione, cancellazione gratuita\",\"breadcrumb\":{\"@id\":\"https:\\\/\\\/feetuphostels.com\\\/it\\\/prenotazione-home-youth-ostello-valencia\\\/#breadcrumb\"},\"inLanguage\":\"it-IT\",\"potentialAction\":[{\"@type\":\"ReadAction\",\"target\":[\"https:\\\/\\\/feetuphostels.com\\\/it\\\/prenotazione-home-youth-ostello-valencia\\\/\"]}]},{\"@type\":\"ImageObject\",\"inLanguage\":\"it-IT\",\"@id\":\"https:\\\/\\\/feetuphostels.com\\\/it\\\/prenotazione-home-youth-ostello-valencia\\\/#primaryimage\",\"url\":\"https:\\\/\\\/feetuphostels.com\\\/wp-content\\\/uploads\\\/2019\\\/07\\\/16home-youth-hostel-valencia-by-feetuphostels.jpg\",\"contentUrl\":\"https:\\\/\\\/feetuphostels.com\\\/wp-content\\\/uploads\\\/2019\\\/07\\\/16home-youth-hostel-valencia-by-feetuphostels.jpg\",\"width\":1620,\"height\":1080,\"caption\":\"Recepion le d\u00e0 un caloroso benvenuto\"},{\"@type\":\"BreadcrumbList\",\"@id\":\"https:\\\/\\\/feetuphostels.com\\\/it\\\/prenotazione-home-youth-ostello-valencia\\\/#breadcrumb\",\"itemListElement\":[{\"@type\":\"ListItem\",\"position\":1,\"name\":\"Home\",\"item\":\"https:\\\/\\\/feetuphostels.com\\\/it\\\/\"},{\"@type\":\"ListItem\",\"position\":2,\"name\":\"Prenotazione H\u00f4me Youth Ostello Valencia\"}]},{\"@type\":\"WebSite\",\"@id\":\"https:\\\/\\\/feetuphostels.com\\\/it\\\/#website\",\"url\":\"https:\\\/\\\/feetuphostels.com\\\/it\\\/\",\"name\":\"Feet Up Hostels\",\"description\":\"Ostelli della giovent\u00f9 e alloggi a Valencia, Spagna. Siamo specialisti della cordialit\u00e0\",\"publisher\":{\"@id\":\"https:\\\/\\\/feetuphostels.com\\\/it\\\/#organization\"},\"alternateName\":\"Feet Up Hostels\",\"potentialAction\":[{\"@type\":\"SearchAction\",\"target\":{\"@type\":\"EntryPoint\",\"urlTemplate\":\"https:\\\/\\\/feetuphostels.com\\\/it\\\/?s={search_term_string}\"},\"query-input\":{\"@type\":\"PropertyValueSpecification\",\"valueRequired\":true,\"valueName\":\"search_term_string\"}}],\"inLanguage\":\"it-IT\"},{\"@type\":\"Organization\",\"@id\":\"https:\\\/\\\/feetuphostels.com\\\/it\\\/#organization\",\"name\":\"Feet Up Hostels\",\"alternateName\":\"Feet Up Hostels\",\"url\":\"https:\\\/\\\/feetuphostels.com\\\/it\\\/\",\"logo\":{\"@type\":\"ImageObject\",\"inLanguage\":\"it-IT\",\"@id\":\"https:\\\/\\\/feetuphostels.com\\\/it\\\/#\\\/schema\\\/logo\\\/image\\\/\",\"url\":\"https:\\\/\\\/feetuphostels.com\\\/wp-content\\\/uploads\\\/2019\\\/01\\\/logo-web-amp-feetuphostels.svg\",\"contentUrl\":\"https:\\\/\\\/feetuphostels.com\\\/wp-content\\\/uploads\\\/2019\\\/01\\\/logo-web-amp-feetuphostels.svg\",\"width\":1,\"height\":1,\"caption\":\"Feet Up Hostels\"},\"image\":{\"@id\":\"https:\\\/\\\/feetuphostels.com\\\/it\\\/#\\\/schema\\\/logo\\\/image\\\/\"},\"sameAs\":[\"https:\\\/\\\/facebook.com\\\/feetuphostelsgroup\",\"https:\\\/\\\/x.com\\\/feetuphostels\",\"https:\\\/\\\/www.instagram.com\\\/feetuphostels\\\/\",\"https:\\\/\\\/www.tiktok.com\\\/@feetuphostels\",\"https:\\\/\\\/www.linkedin.com\\\/company\\\/feetuphostelsgroup\\\/\",\"https:\\\/\\\/www.pinterest.es\\\/FeetupHostels\\\/\",\"https:\\\/\\\/www.youtube.com\\\/feetuphostels\"]}]}<\/script>\n<!-- \/ Yoast SEO plugin. -->","yoast_head_json":{"title":"Prenotando l'ostello della giovent\u00f9 di Valencia \u00ae prenota un letto","description":"Prenotando l'ostello della giovent\u00f9 di \u00ae prenota un letto ora al miglior prezzo, nessuna tassa di prenotazione, cancellazione gratuita","robots":{"index":"index","follow":"follow","max-snippet":"max-snippet:-1","max-image-preview":"max-image-preview:large","max-video-preview":"max-video-preview:-1"},"canonical":"https:\/\/feetuphostels.com\/it\/prenotazione-home-youth-ostello-valencia\/","og_locale":"it_IT","og_type":"article","og_title":"Prenotando l'ostello della giovent\u00f9 di Valencia \u00ae prenota un letto","og_description":"Prenotando l'ostello della giovent\u00f9 di \u00ae prenota un letto ora al miglior prezzo, nessuna tassa di prenotazione, cancellazione gratuita","og_url":"https:\/\/feetuphostels.com\/it\/prenotazione-home-youth-ostello-valencia\/","og_site_name":"Feet Up Hostels","article_publisher":"https:\/\/facebook.com\/feetuphostelsgroup","article_modified_time":"2024-11-02T19:00:05+00:00","og_image":[{"width":1620,"height":1080,"url":"https:\/\/feetuphostels.com\/wp-content\/uploads\/2019\/07\/16home-youth-hostel-valencia-by-feetuphostels.jpg","type":"image\/jpeg"}],"twitter_card":"summary_large_image","twitter_site":"@feetuphostels","twitter_misc":{"Tempo di lettura stimato":"2 minuti"},"schema":{"@context":"https:\/\/schema.org","@graph":[{"@type":"WebPage","@id":"https:\/\/feetuphostels.com\/it\/prenotazione-home-youth-ostello-valencia\/","url":"https:\/\/feetuphostels.com\/it\/prenotazione-home-youth-ostello-valencia\/","name":"Prenotando l'ostello della giovent\u00f9 di Valencia \u00ae prenota un letto","isPartOf":{"@id":"https:\/\/feetuphostels.com\/it\/#website"},"primaryImageOfPage":{"@id":"https:\/\/feetuphostels.com\/it\/prenotazione-home-youth-ostello-valencia\/#primaryimage"},"image":{"@id":"https:\/\/feetuphostels.com\/it\/prenotazione-home-youth-ostello-valencia\/#primaryimage"},"thumbnailUrl":"https:\/\/feetuphostels.com\/wp-content\/uploads\/2019\/07\/16home-youth-hostel-valencia-by-feetuphostels.jpg","datePublished":"2019-11-11T10:15:23+00:00","dateModified":"2024-11-02T19:00:05+00:00","description":"Prenotando l'ostello della giovent\u00f9 di \u00ae prenota un letto ora al miglior prezzo, nessuna tassa di prenotazione, cancellazione gratuita","breadcrumb":{"@id":"https:\/\/feetuphostels.com\/it\/prenotazione-home-youth-ostello-valencia\/#breadcrumb"},"inLanguage":"it-IT","potentialAction":[{"@type":"ReadAction","target":["https:\/\/feetuphostels.com\/it\/prenotazione-home-youth-ostello-valencia\/"]}]},{"@type":"ImageObject","inLanguage":"it-IT","@id":"https:\/\/feetuphostels.com\/it\/prenotazione-home-youth-ostello-valencia\/#primaryimage","url":"https:\/\/feetuphostels.com\/wp-content\/uploads\/2019\/07\/16home-youth-hostel-valencia-by-feetuphostels.jpg","contentUrl":"https:\/\/feetuphostels.com\/wp-content\/uploads\/2019\/07\/16home-youth-hostel-valencia-by-feetuphostels.jpg","width":1620,"height":1080,"caption":"Recepion le d\u00e0 un caloroso benvenuto"},{"@type":"BreadcrumbList","@id":"https:\/\/feetuphostels.com\/it\/prenotazione-home-youth-ostello-valencia\/#breadcrumb","itemListElement":[{"@type":"ListItem","position":1,"name":"Home","item":"https:\/\/feetuphostels.com\/it\/"},{"@type":"ListItem","position":2,"name":"Prenotazione H\u00f4me Youth Ostello Valencia"}]},{"@type":"WebSite","@id":"https:\/\/feetuphostels.com\/it\/#website","url":"https:\/\/feetuphostels.com\/it\/","name":"Feet Up Hostels","description":"Ostelli della giovent\u00f9 e alloggi a Valencia, Spagna. Siamo specialisti della cordialit\u00e0","publisher":{"@id":"https:\/\/feetuphostels.com\/it\/#organization"},"alternateName":"Feet Up Hostels","potentialAction":[{"@type":"SearchAction","target":{"@type":"EntryPoint","urlTemplate":"https:\/\/feetuphostels.com\/it\/?s={search_term_string}"},"query-input":{"@type":"PropertyValueSpecification","valueRequired":true,"valueName":"search_term_string"}}],"inLanguage":"it-IT"},{"@type":"Organization","@id":"https:\/\/feetuphostels.com\/it\/#organization","name":"Feet Up Hostels","alternateName":"Feet Up Hostels","url":"https:\/\/feetuphostels.com\/it\/","logo":{"@type":"ImageObject","inLanguage":"it-IT","@id":"https:\/\/feetuphostels.com\/it\/#\/schema\/logo\/image\/","url":"https:\/\/feetuphostels.com\/wp-content\/uploads\/2019\/01\/logo-web-amp-feetuphostels.svg","contentUrl":"https:\/\/feetuphostels.com\/wp-content\/uploads\/2019\/01\/logo-web-amp-feetuphostels.svg","width":1,"height":1,"caption":"Feet Up Hostels"},"image":{"@id":"https:\/\/feetuphostels.com\/it\/#\/schema\/logo\/image\/"},"sameAs":["https:\/\/facebook.com\/feetuphostelsgroup","https:\/\/x.com\/feetuphostels","https:\/\/www.instagram.com\/feetuphostels\/","https:\/\/www.tiktok.com\/@feetuphostels","https:\/\/www.linkedin.com\/company\/feetuphostelsgroup\/","https:\/\/www.pinterest.es\/FeetupHostels\/","https:\/\/www.youtube.com\/feetuphostels"]}]}},"_links":{"self":[{"href":"https:\/\/feetuphostels.com\/it\/wp-json\/wp\/v2\/pages\/77387","targetHints":{"allow":["GET"]}}],"collection":[{"href":"https:\/\/feetuphostels.com\/it\/wp-json\/wp\/v2\/pages"}],"about":[{"href":"https:\/\/feetuphostels.com\/it\/wp-json\/wp\/v2\/types\/page"}],"author":[{"embeddable":true,"href":"https:\/\/feetuphostels.com\/it\/wp-json\/wp\/v2\/users\/13"}],"replies":[{"embeddable":true,"href":"https:\/\/feetuphostels.com\/it\/wp-json\/wp\/v2\/comments?post=77387"}],"version-history":[{"count":0,"href":"https:\/\/feetuphostels.com\/it\/wp-json\/wp\/v2\/pages\/77387\/revisions"}],"wp:featuredmedia":[{"embeddable":true,"href":"https:\/\/feetuphostels.com\/it\/wp-json\/wp\/v2\/media\/61910"}],"wp:attachment":[{"href":"https:\/\/feetuphostels.com\/it\/wp-json\/wp\/v2\/media?parent=77387"}],"curies":[{"name":"wp","href":"https:\/\/api.w.org\/{rel}","templated":true}]}}