{"id":6100,"date":"2017-12-04T22:15:36","date_gmt":"2017-12-04T21:15:36","guid":{"rendered":"https:\/\/feetuphostels.com\/?page_id=6100"},"modified":"2024-11-07T11:51:41","modified_gmt":"2024-11-07T10:51:41","slug":"posizione-red-nest-hostel-valencia","status":"publish","type":"page","link":"https:\/\/feetuphostels.com\/it\/posizione-red-nest-hostel-valencia\/","title":{"rendered":"Posizione Red Nest Hostel Valencia"},"content":{"rendered":"\n<iframe src=\"https:\/\/www.google.com\/maps\/embed?pb=!1m14!1m8!1m3!1d12319.351532238054!2d-0.3719664!3d39.472991!3m2!1i1024!2i768!4f13.1!3m3!1m2!1s0xd6048b252915ce7%3A0xc3230866517c578d!2sRed%20Nest%20Hostel%20Valencia!5e0!3m2!1ses!2ses!4v1683026058381!5m2!1ses!2ses\" width=\"100%\" height=\"500\" style=\"border:0;\" allowfullscreen=\"\" loading=\"lazy\" referrerpolicy=\"no-referrer-when-downgrade\"><\/iframe>\r\n\n<h1 class=\"wp-block-heading has-text-align-center\" id=\"h-location-red-nest-hostel\">Posizione Red Nest Hostel<\/h1>\n\n<div class=\"wp-block-essential-blocks-accordion\"><div class=\"eb-parent-wrapper eb-parent-eb-accordion-czj6lti \"><div class=\"eb-accordion-container eb-accordion-czj6lti\" data-accordion-type=\"toggle\" data-tab-icon=\"fas fa-plus-circle\" data-expanded-icon=\"fas fa-minus-circle\"><div class=\"eb-accordion-inner\">\n<div class=\"eb-accordion-item-u7a7o8o eb-accordion-wrapper\" data-clickable=\"false\"><div class=\"eb-accordion-title-wrapper\"><span class=\"eb-accordion-icon-wrapper\"><span class=\"fas fa-plus-circle eb-accordion-icon\"><\/span><\/span><h2 class=\"eb-accordion-title\">How to get from Valencia Airport?<\/h2><\/div><div class=\"eb-accordion-content-wrapper\"><div class=\"eb-accordion-content\">\n<h3 class=\"wp-block-heading\" id=\"h-how-to-get-from-valencia-airport-to-red-nest-hostel-valencia\">Come arrivare dall&#8217;aeroporto di Valencia al Red Nest Hostel Valencia?<\/h3>\n\n\n\n<p>Se arrivi in aereo all&#8217;aeroporto di Valencia, hai diverse opzioni:<\/p>\n\n\n\n<div style=\"height:20px\" aria-hidden=\"true\" class=\"wp-block-spacer\"><\/div>\n\n\n\n<h3 class=\"wp-block-heading\" id=\"h-by-taxi\">In taxi.<\/h3>\n\n\n\n<ul class=\"wp-block-list\">\n<li>Appena fuori dall&#8217;aeroporto troverai una fila di taxi. Puoi prendere un taxi direttamente per il Red Nest Hostel Valencia. Assicurati di fornire al conducente l&#8217;indirizzo esatto.<\/li>\n<\/ul>\n\n\n\n<h3 class=\"wp-block-heading\" id=\"h-by-metro\">In metropolitana.<\/h3>\n\n\n\n<ul class=\"wp-block-list\">\n<li>Puoi anche optare per la metropolitana. All&#8217;interno dell&#8217;aeroporto, segui le indicazioni per la stazione della metropolitana. Prendi la linea 3 o 5 e scendi alla stazione di X\u00e0tiva. Da l\u00ec, sono solo pochi minuti a piedi fino all&#8217;ostello.<\/li>\n<\/ul>\n<\/div><\/div><\/div>\n\n\n\n<div class=\"eb-accordion-item-kl7ox03 eb-accordion-wrapper\" data-clickable=\"false\"><div class=\"eb-accordion-title-wrapper\"><span class=\"eb-accordion-icon-wrapper\"><span class=\"fas fa-plus-circle eb-accordion-icon\"><\/span><\/span><h2 class=\"eb-accordion-title\">From Valencia North Station?<\/h2><\/div><div class=\"eb-accordion-content-wrapper\"><div class=\"eb-accordion-content\">\n<h3 class=\"wp-block-heading\" id=\"h-how-to-get-from-valencia-s-north-station-to-red-nest-hostel-valencia\">Come arrivare dalla Stazione Nord di Valencia al Red Nest Hostel Valencia?<\/h3>\n\n\n\n<p>Se arrivi in treno alla Stazione del Nord di Valencia, segui questi passaggi:<\/p>\n\n\n\n<div style=\"height:20px\" aria-hidden=\"true\" class=\"wp-block-spacer\"><\/div>\n\n\n\n<h3 class=\"wp-block-heading\" id=\"h-on-foot\">A piedi<\/h3>\n\n\n\n<ul class=\"wp-block-list\">\n<li>Uscendo dalla stazione, dirigiti verso il centro della citt\u00e0, in direzione della Plaza del Ayuntamiento. Il Red Nest Hostel Valencia si trova in quella zona, quindi puoi facilmente arrivarci a piedi in pochi minuti.<\/li>\n<\/ul>\n<\/div><\/div><\/div>\n\n\n\n<div class=\"eb-accordion-item-ev3x8f4 eb-accordion-wrapper\" data-clickable=\"false\"><div class=\"eb-accordion-title-wrapper\"><span class=\"eb-accordion-icon-wrapper\"><span class=\"fas fa-plus-circle eb-accordion-icon\"><\/span><\/span><h2 class=\"eb-accordion-title\">If you prefer to get around by bus<\/h2><\/div><div class=\"eb-accordion-content-wrapper\"><div class=\"eb-accordion-content\">\n<h3 class=\"wp-block-heading\" id=\"h-if-you-prefer-to-get-around-by-bus-consider-the-following-options\">Se preferisci spostarti in autobus, considera le seguenti opzioni:<\/h3>\n\n\n\n<p>Autobus urbani: Valencia ha una vasta rete di autobus urbani. Puoi controllare gli orari e le linee sul sito web dell&#8217;azienda di trasporto pubblico della citt\u00e0. Cerca la fermata dell&#8217;autobus pi\u00f9 vicina all&#8217;ostello e prendi l&#8217;autobus corrispondente.<\/p>\n\n\n\n<div style=\"height:20px\" aria-hidden=\"true\" class=\"wp-block-spacer\"><\/div>\n<\/div><\/div><\/div>\n\n\n\n<div class=\"eb-accordion-item-pqsasqg eb-accordion-wrapper\" data-clickable=\"false\"><div class=\"eb-accordion-title-wrapper\"><span class=\"eb-accordion-icon-wrapper\"><span class=\"fas fa-plus-circle eb-accordion-icon\"><\/span><\/span><h2 class=\"eb-accordion-title\">Other options<\/h2><\/div><div class=\"eb-accordion-content-wrapper\"><div class=\"eb-accordion-content\">\n<ol class=\"wp-block-list\">\n<li>If you&#8217;d like to use the Valencia metro, here are the directions: <strong>Metro:<\/strong> The metro is a convenient option for getting around the city. You can check the lines and stations on the <a href=\"https:\/\/www.metrovalencia.es\/\" target=\"_blank\" rel=\"noreferrer noopener\">Metrovalencia <\/a>website.<\/li>\n\n\n\n<li>Trova la stazione pi\u00f9 vicina al Red Nest Hostel Valencia e prendi la metropolitana.<\/li>\n\n\n\n<li>Se preferisci prendere un taxi, ecco le informazioni necessarie: <strong>Taxi:<\/strong> I taxi sono un&#8217;opzione comoda e veloce per raggiungere l&#8217;ostello.<\/li>\n\n\n\n<li>Puoi trovare le stazioni dei taxi in diversi punti della citt\u00e0. Basta dire all&#8217;autista di portarti al Red Nest Hostel Valencia e sarai gi\u00e0 in viaggio.<\/li>\n<\/ol>\n\n\n\n<div style=\"height:20px\" aria-hidden=\"true\" class=\"wp-block-spacer\"><\/div>\n\n\n\n<p>Remember to have a map or use navigation apps on your phone to guide you if needed. I hope you find the option that suits you best, and enjoy your stay at <a href=\"https:\/\/feetuphostels.com\/it\/red-nest-hostel-valencia\/\">Red Nest Hostel Valencia<\/a>!<\/p>\n<\/div><\/div><\/div>\n\n\n\n<div class=\"eb-accordion-item-0u2z8tv eb-accordion-wrapper\" data-clickable=\"false\"><div class=\"eb-accordion-title-wrapper\"><span class=\"eb-accordion-icon-wrapper\"><span class=\"fas fa-plus-circle eb-accordion-icon\"><\/span><\/span><h2 class=\"eb-accordion-title\">Parking, bike and tickets information<\/h2><\/div><div class=\"eb-accordion-content-wrapper\"><div class=\"eb-accordion-content\">\n<h3 class=\"wp-block-heading\" id=\"h-about-parking\">Informazioni sul parcheggio.<\/h3>\n\n\n\n<ul class=\"wp-block-list\">\n<li>Non c&#8217;\u00e8 un parcheggio gratuito, ma c&#8217;\u00e8 una strada accanto all&#8217;ostello chiamata Paseo de la Alameda dove \u00e8 sempre possibile parcheggiare gratuitamente. <a href=\"https:\/\/goo.gl\/maps\/gq2btF25prPF7zCb9\" target=\"_blank\" rel=\"noreferrer noopener\">Visualizza la posizione<\/a>.<\/li>\n\n\n\n<li>Di fronte all&#8217;ostello c&#8217;\u00e8 un parcheggio privato; qui puoi trovare i prezzi\u00a0<a href=\"https:\/\/www.interparking.es\/es-ES\/find-parking\/Glorieta-Paz\/\">https:\/\/www.interparking.es\/es-ES\/find-parking\/Glorieta-Paz\/<\/a><\/li>\n<\/ul>\n\n\n\n<h3 class=\"wp-block-heading\" id=\"h-about-tickets\">Informazioni sui biglietti.<\/h3>\n\n\n\n<p>Pu\u00f2 acquistare diversi tipi di carte di viaggio (Travel Card), a seconda della durata del suo soggiorno a Valencia:<\/p>\n\n\n\n<ul class=\"wp-block-list\">\n<li>Gli autobus EMT coprono quasi tutte le aree della citt\u00e0 e passano ogni 10-20 minuti.<\/li>\n\n\n\n<li>Il prezzo del biglietto singolo \u00e8 di 1,50 \u20ac.<\/li>\n\n\n\n<li>Bonobus individuale di 10 corse con una durata di 1 ora per ogni corsa (solo autobus) \u20ac 9.<\/li>\n\n\n\n<li>Bonometro per 10 viaggi, ogni viaggio \u00e8 valido fino all&#8217;uscita dalla metropolitana (cio\u00e8 pu\u00f2 cambiare linea) \u20ac 9.<\/li>\n\n\n\n<li>Metrobus, un biglietto combinato che pu\u00f2 utilizzare in metropolitana e in autobus. (\u20ac 9)<\/li>\n<\/ul>\n\n\n\n<p>Per maggiori informazioni sui biglietti dell&#8217;autobus, sulle linee e sugli orari, puoi visitare il sito ufficiale dell&#8217;Azienda Municipale di Trasporto (EMT). <a href=\"https:\/\/www.emtvalencia.es\/ciudadano\/index.php\" target=\"_blank\" rel=\"noreferrer noopener\">emtvalencia.es<\/a>.\u200e<\/p>\n\n\n\n<p>Se vuoi avere maggiori informazioni sulla metropolitana di Valencia, sugli orari, sulle date e su altri dettagli, puoi visitare il sito ufficiale della metropolitana di Valencia. <a href=\"https:\/\/www.metrovalencia.es\/\" target=\"_blank\" rel=\"noreferrer noopener\">www.metrovalencia.es<\/a>.<\/p>\n\n\n\n<p>Inoltre, se sei un amante della bicicletta e preferisci goderti e conoscere Valencia in bicicletta, puoi visitare il sito ufficiale di Valenbisi. <a href=\"https:\/\/www.valenbisi.es\/\" target=\"_blank\" rel=\"noreferrer noopener\">www.valenbisi.es<\/a><\/p>\n<\/div><\/div><\/div>\n<\/div><\/div><\/div><\/div>\n\n<div style=\"height:100px\" aria-hidden=\"true\" class=\"wp-block-spacer\"><\/div>\n\n<div class=\"wp-block-essential-blocks-advanced-image\">\r\n<div class=\"eb-parent-wrapper eb-parent-eb-advanced-image-8n1xcjg \">\r\n<figure class=\"eb-advanced-image-wrapper eb-advanced-image-8n1xcjg img-style-rounded caption-style-1 caption-horizontal-center caption-vertical-bottom bottom zoom-in\" data-id=\"eb-advanced-image-8n1xcjg\">\r\n<div class=\"image-wrapper\">\r\n<div class=\"image-wrapper\">\r\n\r\n<img decoding=\"async\" src=\"https:\/\/feetuphostels.com\/wp-content\/uploads\/2020\/10\/28red-nest-hostel-valencia2020-pro-covid19.jpg\" alt=\"Main entrance of our Red Nest Hostel Valencia\" \/>\r\n\r\n<\/div>\r\n<\/div>\r\n<figcaption>Main entrance of our hostel<\/figcaption><\/figure>\r\n<\/div>\r\n<\/div>\n","protected":false},"excerpt":{"rendered":"<p>Posizione Red Nest Hostel Valencia \u00ae Come arrivare Red Nest Hostel. Vicino al centro di Valencia con i mezzi pubblici di tutta la citt\u00e0 \ud83d\ude8d \ud83d\ude86 \ud83d\udeb2 Un ostello vicino a tutti i luoghi pi\u00f9 famosi di Valencia. Dall&#8217;ostello puoi raggiungere a piedi qualsiasi monumento storico di Valencia. L&#8217;ostello Red nest \u00e8 ben collegato a tutti i mezzi di trasporto pubblico di Valencia, quindi puoi andare in spiaggia direttamente dalle porte dell&#8217;ostello.<\/p>\n","protected":false},"author":13,"featured_media":0,"parent":0,"menu_order":0,"comment_status":"closed","ping_status":"open","template":"","meta":{"footnotes":""},"class_list":["post-6100","page","type-page","status-publish","hentry"],"yoast_head":"<!-- This site is optimized with the Yoast SEO plugin v27.4 - https:\/\/yoast.com\/product\/yoast-seo-wordpress\/ -->\n<title>Posizione Red Nest Hostel Valencia \ud83c\udfe9 Grande ostello nel centro della citt\u00e0<\/title>\n<meta name=\"description\" content=\"Posizione Red Nest Hostel Valencia \u00ae Come arrivare Red Nest Hostel. Vicino al centro di Valencia con i mezzi pubblici di tutta la citt\u00e0 \ud83d\ude8d \ud83d\ude86 \ud83d\udeb2\" \/>\n<meta name=\"robots\" content=\"index, follow, max-snippet:-1, max-image-preview:large, max-video-preview:-1\" \/>\n<link rel=\"canonical\" href=\"https:\/\/feetuphostels.com\/it\/posizione-red-nest-hostel-valencia\/\" \/>\n<meta property=\"og:locale\" content=\"it_IT\" \/>\n<meta property=\"og:type\" content=\"article\" \/>\n<meta property=\"og:title\" content=\"Posizione Red Nest Hostel Valencia \ud83c\udfe9 Grande ostello nel centro della citt\u00e0\" \/>\n<meta property=\"og:description\" content=\"Posizione Red Nest Hostel Valencia \u00ae Come arrivare Red Nest Hostel. Vicino al centro di Valencia con i mezzi pubblici di tutta la citt\u00e0 \ud83d\ude8d \ud83d\ude86 \ud83d\udeb2\" \/>\n<meta property=\"og:url\" content=\"https:\/\/feetuphostels.com\/it\/posizione-red-nest-hostel-valencia\/\" \/>\n<meta property=\"og:site_name\" content=\"Feet Up Hostels\" \/>\n<meta property=\"article:publisher\" content=\"https:\/\/facebook.com\/feetuphostelsgroup\" \/>\n<meta property=\"article:modified_time\" content=\"2024-11-07T10:51:41+00:00\" \/>\n<meta property=\"og:image\" content=\"https:\/\/feetuphostels.com\/wp-content\/uploads\/2020\/10\/28red-nest-hostel-valencia2020-pro-covid19.jpg\" \/>\n<meta name=\"twitter:card\" content=\"summary_large_image\" \/>\n<meta name=\"twitter:site\" content=\"@feetuphostels\" \/>\n<meta name=\"twitter:label1\" content=\"Tempo di lettura stimato\" \/>\n\t<meta name=\"twitter:data1\" content=\"3 minuti\" \/>\n<script type=\"application\/ld+json\" class=\"yoast-schema-graph\">{\"@context\":\"https:\\\/\\\/schema.org\",\"@graph\":[{\"@type\":\"WebPage\",\"@id\":\"https:\\\/\\\/feetuphostels.com\\\/it\\\/posizione-red-nest-hostel-valencia\\\/\",\"url\":\"https:\\\/\\\/feetuphostels.com\\\/it\\\/posizione-red-nest-hostel-valencia\\\/\",\"name\":\"Posizione Red Nest Hostel Valencia \ud83c\udfe9 Grande ostello nel centro della citt\u00e0\",\"isPartOf\":{\"@id\":\"https:\\\/\\\/feetuphostels.com\\\/it\\\/#website\"},\"primaryImageOfPage\":{\"@id\":\"https:\\\/\\\/feetuphostels.com\\\/it\\\/posizione-red-nest-hostel-valencia\\\/#primaryimage\"},\"image\":{\"@id\":\"https:\\\/\\\/feetuphostels.com\\\/it\\\/posizione-red-nest-hostel-valencia\\\/#primaryimage\"},\"thumbnailUrl\":\"https:\\\/\\\/feetuphostels.com\\\/wp-content\\\/uploads\\\/2020\\\/10\\\/28red-nest-hostel-valencia2020-pro-covid19.jpg\",\"datePublished\":\"2017-12-04T21:15:36+00:00\",\"dateModified\":\"2024-11-07T10:51:41+00:00\",\"description\":\"Posizione Red Nest Hostel Valencia \u00ae Come arrivare Red Nest Hostel. Vicino al centro di Valencia con i mezzi pubblici di tutta la citt\u00e0 \ud83d\ude8d \ud83d\ude86 \ud83d\udeb2\",\"breadcrumb\":{\"@id\":\"https:\\\/\\\/feetuphostels.com\\\/it\\\/posizione-red-nest-hostel-valencia\\\/#breadcrumb\"},\"inLanguage\":\"it-IT\",\"potentialAction\":[{\"@type\":\"ReadAction\",\"target\":[\"https:\\\/\\\/feetuphostels.com\\\/it\\\/posizione-red-nest-hostel-valencia\\\/\"]}]},{\"@type\":\"ImageObject\",\"inLanguage\":\"it-IT\",\"@id\":\"https:\\\/\\\/feetuphostels.com\\\/it\\\/posizione-red-nest-hostel-valencia\\\/#primaryimage\",\"url\":\"https:\\\/\\\/feetuphostels.com\\\/wp-content\\\/uploads\\\/2020\\\/10\\\/28red-nest-hostel-valencia2020-pro-covid19.jpg\",\"contentUrl\":\"https:\\\/\\\/feetuphostels.com\\\/wp-content\\\/uploads\\\/2020\\\/10\\\/28red-nest-hostel-valencia2020-pro-covid19.jpg\"},{\"@type\":\"BreadcrumbList\",\"@id\":\"https:\\\/\\\/feetuphostels.com\\\/it\\\/posizione-red-nest-hostel-valencia\\\/#breadcrumb\",\"itemListElement\":[{\"@type\":\"ListItem\",\"position\":1,\"name\":\"Home\",\"item\":\"https:\\\/\\\/feetuphostels.com\\\/it\\\/\"},{\"@type\":\"ListItem\",\"position\":2,\"name\":\"Posizione Red Nest Hostel Valencia\"}]},{\"@type\":\"WebSite\",\"@id\":\"https:\\\/\\\/feetuphostels.com\\\/it\\\/#website\",\"url\":\"https:\\\/\\\/feetuphostels.com\\\/it\\\/\",\"name\":\"Feet Up Hostels\",\"description\":\"Ostelli della giovent\u00f9 e alloggi a Valencia, Spagna. Siamo specialisti della cordialit\u00e0\",\"publisher\":{\"@id\":\"https:\\\/\\\/feetuphostels.com\\\/it\\\/#organization\"},\"alternateName\":\"Feet Up Hostels\",\"potentialAction\":[{\"@type\":\"SearchAction\",\"target\":{\"@type\":\"EntryPoint\",\"urlTemplate\":\"https:\\\/\\\/feetuphostels.com\\\/it\\\/?s={search_term_string}\"},\"query-input\":{\"@type\":\"PropertyValueSpecification\",\"valueRequired\":true,\"valueName\":\"search_term_string\"}}],\"inLanguage\":\"it-IT\"},{\"@type\":\"Organization\",\"@id\":\"https:\\\/\\\/feetuphostels.com\\\/it\\\/#organization\",\"name\":\"Feet Up Hostels\",\"alternateName\":\"Feet Up Hostels\",\"url\":\"https:\\\/\\\/feetuphostels.com\\\/it\\\/\",\"logo\":{\"@type\":\"ImageObject\",\"inLanguage\":\"it-IT\",\"@id\":\"https:\\\/\\\/feetuphostels.com\\\/it\\\/#\\\/schema\\\/logo\\\/image\\\/\",\"url\":\"https:\\\/\\\/feetuphostels.com\\\/wp-content\\\/uploads\\\/2019\\\/01\\\/logo-web-amp-feetuphostels.svg\",\"contentUrl\":\"https:\\\/\\\/feetuphostels.com\\\/wp-content\\\/uploads\\\/2019\\\/01\\\/logo-web-amp-feetuphostels.svg\",\"width\":1,\"height\":1,\"caption\":\"Feet Up Hostels\"},\"image\":{\"@id\":\"https:\\\/\\\/feetuphostels.com\\\/it\\\/#\\\/schema\\\/logo\\\/image\\\/\"},\"sameAs\":[\"https:\\\/\\\/facebook.com\\\/feetuphostelsgroup\",\"https:\\\/\\\/x.com\\\/feetuphostels\",\"https:\\\/\\\/www.instagram.com\\\/feetuphostels\\\/\",\"https:\\\/\\\/www.tiktok.com\\\/@feetuphostels\",\"https:\\\/\\\/www.linkedin.com\\\/company\\\/feetuphostelsgroup\\\/\",\"https:\\\/\\\/www.pinterest.es\\\/FeetupHostels\\\/\",\"https:\\\/\\\/www.youtube.com\\\/feetuphostels\"]}]}<\/script>\n<!-- \/ Yoast SEO plugin. -->","yoast_head_json":{"title":"Posizione Red Nest Hostel Valencia \ud83c\udfe9 Grande ostello nel centro della citt\u00e0","description":"Posizione Red Nest Hostel Valencia \u00ae Come arrivare Red Nest Hostel. Vicino al centro di Valencia con i mezzi pubblici di tutta la citt\u00e0 \ud83d\ude8d \ud83d\ude86 \ud83d\udeb2","robots":{"index":"index","follow":"follow","max-snippet":"max-snippet:-1","max-image-preview":"max-image-preview:large","max-video-preview":"max-video-preview:-1"},"canonical":"https:\/\/feetuphostels.com\/it\/posizione-red-nest-hostel-valencia\/","og_locale":"it_IT","og_type":"article","og_title":"Posizione Red Nest Hostel Valencia \ud83c\udfe9 Grande ostello nel centro della citt\u00e0","og_description":"Posizione Red Nest Hostel Valencia \u00ae Come arrivare Red Nest Hostel. Vicino al centro di Valencia con i mezzi pubblici di tutta la citt\u00e0 \ud83d\ude8d \ud83d\ude86 \ud83d\udeb2","og_url":"https:\/\/feetuphostels.com\/it\/posizione-red-nest-hostel-valencia\/","og_site_name":"Feet Up Hostels","article_publisher":"https:\/\/facebook.com\/feetuphostelsgroup","article_modified_time":"2024-11-07T10:51:41+00:00","og_image":[{"url":"https:\/\/feetuphostels.com\/wp-content\/uploads\/2020\/10\/28red-nest-hostel-valencia2020-pro-covid19.jpg","type":"","width":"","height":""}],"twitter_card":"summary_large_image","twitter_site":"@feetuphostels","twitter_misc":{"Tempo di lettura stimato":"3 minuti"},"schema":{"@context":"https:\/\/schema.org","@graph":[{"@type":"WebPage","@id":"https:\/\/feetuphostels.com\/it\/posizione-red-nest-hostel-valencia\/","url":"https:\/\/feetuphostels.com\/it\/posizione-red-nest-hostel-valencia\/","name":"Posizione Red Nest Hostel Valencia \ud83c\udfe9 Grande ostello nel centro della citt\u00e0","isPartOf":{"@id":"https:\/\/feetuphostels.com\/it\/#website"},"primaryImageOfPage":{"@id":"https:\/\/feetuphostels.com\/it\/posizione-red-nest-hostel-valencia\/#primaryimage"},"image":{"@id":"https:\/\/feetuphostels.com\/it\/posizione-red-nest-hostel-valencia\/#primaryimage"},"thumbnailUrl":"https:\/\/feetuphostels.com\/wp-content\/uploads\/2020\/10\/28red-nest-hostel-valencia2020-pro-covid19.jpg","datePublished":"2017-12-04T21:15:36+00:00","dateModified":"2024-11-07T10:51:41+00:00","description":"Posizione Red Nest Hostel Valencia \u00ae Come arrivare Red Nest Hostel. Vicino al centro di Valencia con i mezzi pubblici di tutta la citt\u00e0 \ud83d\ude8d \ud83d\ude86 \ud83d\udeb2","breadcrumb":{"@id":"https:\/\/feetuphostels.com\/it\/posizione-red-nest-hostel-valencia\/#breadcrumb"},"inLanguage":"it-IT","potentialAction":[{"@type":"ReadAction","target":["https:\/\/feetuphostels.com\/it\/posizione-red-nest-hostel-valencia\/"]}]},{"@type":"ImageObject","inLanguage":"it-IT","@id":"https:\/\/feetuphostels.com\/it\/posizione-red-nest-hostel-valencia\/#primaryimage","url":"https:\/\/feetuphostels.com\/wp-content\/uploads\/2020\/10\/28red-nest-hostel-valencia2020-pro-covid19.jpg","contentUrl":"https:\/\/feetuphostels.com\/wp-content\/uploads\/2020\/10\/28red-nest-hostel-valencia2020-pro-covid19.jpg"},{"@type":"BreadcrumbList","@id":"https:\/\/feetuphostels.com\/it\/posizione-red-nest-hostel-valencia\/#breadcrumb","itemListElement":[{"@type":"ListItem","position":1,"name":"Home","item":"https:\/\/feetuphostels.com\/it\/"},{"@type":"ListItem","position":2,"name":"Posizione Red Nest Hostel Valencia"}]},{"@type":"WebSite","@id":"https:\/\/feetuphostels.com\/it\/#website","url":"https:\/\/feetuphostels.com\/it\/","name":"Feet Up Hostels","description":"Ostelli della giovent\u00f9 e alloggi a Valencia, Spagna. Siamo specialisti della cordialit\u00e0","publisher":{"@id":"https:\/\/feetuphostels.com\/it\/#organization"},"alternateName":"Feet Up Hostels","potentialAction":[{"@type":"SearchAction","target":{"@type":"EntryPoint","urlTemplate":"https:\/\/feetuphostels.com\/it\/?s={search_term_string}"},"query-input":{"@type":"PropertyValueSpecification","valueRequired":true,"valueName":"search_term_string"}}],"inLanguage":"it-IT"},{"@type":"Organization","@id":"https:\/\/feetuphostels.com\/it\/#organization","name":"Feet Up Hostels","alternateName":"Feet Up Hostels","url":"https:\/\/feetuphostels.com\/it\/","logo":{"@type":"ImageObject","inLanguage":"it-IT","@id":"https:\/\/feetuphostels.com\/it\/#\/schema\/logo\/image\/","url":"https:\/\/feetuphostels.com\/wp-content\/uploads\/2019\/01\/logo-web-amp-feetuphostels.svg","contentUrl":"https:\/\/feetuphostels.com\/wp-content\/uploads\/2019\/01\/logo-web-amp-feetuphostels.svg","width":1,"height":1,"caption":"Feet Up Hostels"},"image":{"@id":"https:\/\/feetuphostels.com\/it\/#\/schema\/logo\/image\/"},"sameAs":["https:\/\/facebook.com\/feetuphostelsgroup","https:\/\/x.com\/feetuphostels","https:\/\/www.instagram.com\/feetuphostels\/","https:\/\/www.tiktok.com\/@feetuphostels","https:\/\/www.linkedin.com\/company\/feetuphostelsgroup\/","https:\/\/www.pinterest.es\/FeetupHostels\/","https:\/\/www.youtube.com\/feetuphostels"]}]}},"_links":{"self":[{"href":"https:\/\/feetuphostels.com\/it\/wp-json\/wp\/v2\/pages\/6100","targetHints":{"allow":["GET"]}}],"collection":[{"href":"https:\/\/feetuphostels.com\/it\/wp-json\/wp\/v2\/pages"}],"about":[{"href":"https:\/\/feetuphostels.com\/it\/wp-json\/wp\/v2\/types\/page"}],"author":[{"embeddable":true,"href":"https:\/\/feetuphostels.com\/it\/wp-json\/wp\/v2\/users\/13"}],"replies":[{"embeddable":true,"href":"https:\/\/feetuphostels.com\/it\/wp-json\/wp\/v2\/comments?post=6100"}],"version-history":[{"count":0,"href":"https:\/\/feetuphostels.com\/it\/wp-json\/wp\/v2\/pages\/6100\/revisions"}],"wp:attachment":[{"href":"https:\/\/feetuphostels.com\/it\/wp-json\/wp\/v2\/media?parent=6100"}],"curies":[{"name":"wp","href":"https:\/\/api.w.org\/{rel}","templated":true}]}}