{"id":6088,"date":"2017-12-04T22:18:19","date_gmt":"2017-12-04T21:18:19","guid":{"rendered":"https:\/\/feetuphostels.com\/?page_id=6088"},"modified":"2024-11-09T12:24:22","modified_gmt":"2024-11-09T11:24:22","slug":"recensioni-red-nest-hostel-valencia","status":"publish","type":"page","link":"https:\/\/feetuphostels.com\/it\/recensioni-red-nest-hostel-valencia\/","title":{"rendered":"Recensioni Red Nest Hostel Valencia"},"content":{"rendered":"\n<h1 class=\"wp-block-heading has-text-align-center\" id=\"h-reviews-red-nest-hostel\">Recensioni Red Nest Hostel Valencia<\/h1>\n\n<script src=\"https:\/\/apps.elfsight.com\/p\/platform.js\" defer=\"defer\"><\/script>\r\n<div class=\"elfsight-app-3efdd47a-9966-4dc4-9f94-9adcf3f7fe9b\"><\/div>\n\n<div style=\"height:30px\" aria-hidden=\"true\" class=\"wp-block-spacer\"><\/div>\n\n<h2 class=\"wp-block-heading\">A proposito di recensioni Red Nest Hostel<\/h2>\n\n<p>Vuoi sapere cosa dicono i viaggiatori di questo posto e perch\u00e9 si prendono il tempo di condividere le loro esperienze? Continua a leggere! Scopri di pi\u00f9 su Red Nest Hostel Valencia Recensioni<\/p>\n\n<h3 class=\"wp-block-heading\">I tuoi commenti sono fondamentali.<\/h3>\n\n<p>Condividendo la tua esperienza e le tue opinioni sui luoghi in cui hai soggiornato, aiuti altri viaggiatori come te a prendere le decisioni migliori per le loro avventure. E questo \u00e8 esattamente il caso del Red Nest Hostel Valencia.<\/p>\n\n<h3 class=\"wp-block-heading\">Ma perch\u00e9 gli ospiti si prendono il tempo di lasciare queste recensioni?<\/h3>\n\n<p> Ci sono diversi motivi.<\/p>\n\n<ol class=\"wp-block-list\">\n<li><strong>Condividi la loro esperienza:<\/strong> Gli ospiti lasciano spesso delle valutazioni per condividere le loro esperienze, siano esse positive o negative. Questo feedback \u00e8 prezioso per gli altri viaggiatori in cerca di un posto dove soggiornare. Le recensioni possono offrire una prospettiva unica e personale su cosa significhi davvero soggiornare in un determinato luogo.<\/li>\n\n\n\n<li><strong>Aiuta gli altri viaggiatori:<\/strong> Lasciando una valutazione, gli ospiti aiutano gli altri viaggiatori a prendere una decisione informata. Il posto \u00e8 pulito e sicuro? Il personale \u00e8 gentile e disponibile? La posizione \u00e8 comoda? Queste sono domande che spesso trovano risposta nelle recensioni.<\/li>\n\n\n\n<li><strong>Ringraziare o criticare il servizio:<\/strong> Le recensioni sono un modo per ringraziare un servizio eccezionale o per criticare se qualcosa non ha soddisfatto le aspettative. \u00c8 un modo diretto per dare un feedback alla struttura ricettiva, consentendole di migliorare il servizio per gli ospiti futuri.<\/li>\n\n\n\n<li><strong>Condividi consigli e raccomandazioni:<\/strong> Spesso le recensioni includono consigli e raccomandazioni utili. Pu\u00f2 trattarsi di qualsiasi cosa, da un piatto particolare da provare nel ristorante dell&#8217;ostello a un percorso escursionistico nelle vicinanze da non trascurare.<\/li>\n\n\n\n<li>Senso di comunit\u00e0: Infine, lasciare una recensione aiuta a creare un senso di comunit\u00e0 tra i <a href=\"https:\/\/nesthostelsvalencia.com\/it\/\" target=\"_blank\" rel=\"noopener\">viaggiatori<\/a>. \u00c8 una forma di comunicazione tra persone che condividono la stessa passione per l&#8217;esplorazione e la scoperta di nuovi luoghi.<\/li>\n<\/ol>\n\n<h3 class=\"wp-block-heading\">Ricorda.<\/h3>\n\n<p>Le tue recensioni sono importanti. Non solo aiutano gli altri viaggiatori a prendere decisioni informate, ma possono anche avere un impatto significativo sulle strutture ricettive e su come queste migliorano e offrono i loro servizi.<\/p>\n\n<p>Non esitare a condividere le tue esperienze!<\/p>\n","protected":false},"excerpt":{"rendered":"<p>Recensioni Red Nest Hostel Valencia. Valutazioni reali da ospiti reali. Un alloggio con letti da 10\u20ac a notte<\/p>\n","protected":false},"author":13,"featured_media":18660,"parent":0,"menu_order":0,"comment_status":"closed","ping_status":"open","template":"","meta":{"footnotes":""},"class_list":["post-6088","page","type-page","status-publish","has-post-thumbnail","hentry"],"yoast_head":"<!-- This site is optimized with the Yoast SEO plugin v27.5 - https:\/\/yoast.com\/product\/yoast-seo-wordpress\/ -->\n<title>Recensioni Red Nest Hostel Valencia. Valutazioni reali da parte di ospiti reali<\/title>\n<meta name=\"description\" content=\"Recensioni Red Nest Hostel Valencia. Valutazioni reali da ospiti reali. Un alloggio con letti da 10\u20ac a notte\" \/>\n<meta name=\"robots\" content=\"index, follow, max-snippet:-1, max-image-preview:large, max-video-preview:-1\" \/>\n<link rel=\"canonical\" href=\"https:\/\/feetuphostels.com\/it\/recensioni-red-nest-hostel-valencia\/\" \/>\n<meta property=\"og:locale\" content=\"it_IT\" \/>\n<meta property=\"og:type\" content=\"article\" \/>\n<meta property=\"og:title\" content=\"Recensioni Red Nest Hostel Valencia. Valutazioni reali da parte di ospiti reali\" \/>\n<meta property=\"og:description\" content=\"Recensioni Red Nest Hostel Valencia. Valutazioni reali da ospiti reali. Un alloggio con letti da 10\u20ac a notte\" \/>\n<meta property=\"og:url\" content=\"https:\/\/feetuphostels.com\/it\/recensioni-red-nest-hostel-valencia\/\" \/>\n<meta property=\"og:site_name\" content=\"Feet Up Hostels\" \/>\n<meta property=\"article:publisher\" content=\"https:\/\/facebook.com\/feetuphostelsgroup\" \/>\n<meta property=\"article:modified_time\" content=\"2024-11-09T11:24:22+00:00\" \/>\n<meta property=\"og:image\" content=\"https:\/\/feetuphostels.com\/wp-content\/uploads\/2019\/02\/09red-nest-hostel-valencia-by-feetuphostels.jpg\" \/>\n\t<meta property=\"og:image:width\" content=\"1554\" \/>\n\t<meta property=\"og:image:height\" content=\"1080\" \/>\n\t<meta property=\"og:image:type\" content=\"image\/jpeg\" \/>\n<meta name=\"twitter:card\" content=\"summary_large_image\" \/>\n<meta name=\"twitter:site\" content=\"@feetuphostels\" \/>\n<meta name=\"twitter:label1\" content=\"Tempo di lettura stimato\" \/>\n\t<meta name=\"twitter:data1\" content=\"2 minuti\" \/>\n<script type=\"application\/ld+json\" class=\"yoast-schema-graph\">{\"@context\":\"https:\\\/\\\/schema.org\",\"@graph\":[{\"@type\":\"WebPage\",\"@id\":\"https:\\\/\\\/feetuphostels.com\\\/it\\\/recensioni-red-nest-hostel-valencia\\\/\",\"url\":\"https:\\\/\\\/feetuphostels.com\\\/it\\\/recensioni-red-nest-hostel-valencia\\\/\",\"name\":\"Recensioni Red Nest Hostel Valencia. Valutazioni reali da parte di ospiti reali\",\"isPartOf\":{\"@id\":\"https:\\\/\\\/feetuphostels.com\\\/it\\\/#website\"},\"primaryImageOfPage\":{\"@id\":\"https:\\\/\\\/feetuphostels.com\\\/it\\\/recensioni-red-nest-hostel-valencia\\\/#primaryimage\"},\"image\":{\"@id\":\"https:\\\/\\\/feetuphostels.com\\\/it\\\/recensioni-red-nest-hostel-valencia\\\/#primaryimage\"},\"thumbnailUrl\":\"https:\\\/\\\/feetuphostels.com\\\/wp-content\\\/uploads\\\/2019\\\/02\\\/09red-nest-hostel-valencia-by-feetuphostels.jpg\",\"datePublished\":\"2017-12-04T21:18:19+00:00\",\"dateModified\":\"2024-11-09T11:24:22+00:00\",\"description\":\"Recensioni Red Nest Hostel Valencia. Valutazioni reali da ospiti reali. Un alloggio con letti da 10\u20ac a notte\",\"breadcrumb\":{\"@id\":\"https:\\\/\\\/feetuphostels.com\\\/it\\\/recensioni-red-nest-hostel-valencia\\\/#breadcrumb\"},\"inLanguage\":\"it-IT\",\"potentialAction\":[{\"@type\":\"ReadAction\",\"target\":[\"https:\\\/\\\/feetuphostels.com\\\/it\\\/recensioni-red-nest-hostel-valencia\\\/\"]}]},{\"@type\":\"ImageObject\",\"inLanguage\":\"it-IT\",\"@id\":\"https:\\\/\\\/feetuphostels.com\\\/it\\\/recensioni-red-nest-hostel-valencia\\\/#primaryimage\",\"url\":\"https:\\\/\\\/feetuphostels.com\\\/wp-content\\\/uploads\\\/2019\\\/02\\\/09red-nest-hostel-valencia-by-feetuphostels.jpg\",\"contentUrl\":\"https:\\\/\\\/feetuphostels.com\\\/wp-content\\\/uploads\\\/2019\\\/02\\\/09red-nest-hostel-valencia-by-feetuphostels.jpg\",\"width\":1554,\"height\":1080,\"caption\":\"Goditi il tempo con gli amici\"},{\"@type\":\"BreadcrumbList\",\"@id\":\"https:\\\/\\\/feetuphostels.com\\\/it\\\/recensioni-red-nest-hostel-valencia\\\/#breadcrumb\",\"itemListElement\":[{\"@type\":\"ListItem\",\"position\":1,\"name\":\"Home\",\"item\":\"https:\\\/\\\/feetuphostels.com\\\/it\\\/\"},{\"@type\":\"ListItem\",\"position\":2,\"name\":\"Recensioni Red Nest Hostel Valencia\"}]},{\"@type\":\"WebSite\",\"@id\":\"https:\\\/\\\/feetuphostels.com\\\/it\\\/#website\",\"url\":\"https:\\\/\\\/feetuphostels.com\\\/it\\\/\",\"name\":\"Feet Up Hostels\",\"description\":\"Ostelli della giovent\u00f9 e alloggi a Valencia, Spagna. Siamo specialisti della cordialit\u00e0\",\"publisher\":{\"@id\":\"https:\\\/\\\/feetuphostels.com\\\/it\\\/#organization\"},\"alternateName\":\"Feet Up Hostels\",\"potentialAction\":[{\"@type\":\"SearchAction\",\"target\":{\"@type\":\"EntryPoint\",\"urlTemplate\":\"https:\\\/\\\/feetuphostels.com\\\/it\\\/?s={search_term_string}\"},\"query-input\":{\"@type\":\"PropertyValueSpecification\",\"valueRequired\":true,\"valueName\":\"search_term_string\"}}],\"inLanguage\":\"it-IT\"},{\"@type\":\"Organization\",\"@id\":\"https:\\\/\\\/feetuphostels.com\\\/it\\\/#organization\",\"name\":\"Feet Up Hostels\",\"alternateName\":\"Feet Up Hostels\",\"url\":\"https:\\\/\\\/feetuphostels.com\\\/it\\\/\",\"logo\":{\"@type\":\"ImageObject\",\"inLanguage\":\"it-IT\",\"@id\":\"https:\\\/\\\/feetuphostels.com\\\/it\\\/#\\\/schema\\\/logo\\\/image\\\/\",\"url\":\"https:\\\/\\\/feetuphostels.com\\\/wp-content\\\/uploads\\\/2019\\\/01\\\/logo-web-amp-feetuphostels.svg\",\"contentUrl\":\"https:\\\/\\\/feetuphostels.com\\\/wp-content\\\/uploads\\\/2019\\\/01\\\/logo-web-amp-feetuphostels.svg\",\"width\":1,\"height\":1,\"caption\":\"Feet Up Hostels\"},\"image\":{\"@id\":\"https:\\\/\\\/feetuphostels.com\\\/it\\\/#\\\/schema\\\/logo\\\/image\\\/\"},\"sameAs\":[\"https:\\\/\\\/facebook.com\\\/feetuphostelsgroup\",\"https:\\\/\\\/x.com\\\/feetuphostels\",\"https:\\\/\\\/www.instagram.com\\\/feetuphostels\\\/\",\"https:\\\/\\\/www.tiktok.com\\\/@feetuphostels\",\"https:\\\/\\\/www.linkedin.com\\\/company\\\/feetuphostelsgroup\\\/\",\"https:\\\/\\\/www.pinterest.es\\\/FeetupHostels\\\/\",\"https:\\\/\\\/www.youtube.com\\\/feetuphostels\"]}]}<\/script>\n<!-- \/ Yoast SEO plugin. -->","yoast_head_json":{"title":"Recensioni Red Nest Hostel Valencia. Valutazioni reali da parte di ospiti reali","description":"Recensioni Red Nest Hostel Valencia. Valutazioni reali da ospiti reali. Un alloggio con letti da 10\u20ac a notte","robots":{"index":"index","follow":"follow","max-snippet":"max-snippet:-1","max-image-preview":"max-image-preview:large","max-video-preview":"max-video-preview:-1"},"canonical":"https:\/\/feetuphostels.com\/it\/recensioni-red-nest-hostel-valencia\/","og_locale":"it_IT","og_type":"article","og_title":"Recensioni Red Nest Hostel Valencia. Valutazioni reali da parte di ospiti reali","og_description":"Recensioni Red Nest Hostel Valencia. Valutazioni reali da ospiti reali. Un alloggio con letti da 10\u20ac a notte","og_url":"https:\/\/feetuphostels.com\/it\/recensioni-red-nest-hostel-valencia\/","og_site_name":"Feet Up Hostels","article_publisher":"https:\/\/facebook.com\/feetuphostelsgroup","article_modified_time":"2024-11-09T11:24:22+00:00","og_image":[{"width":1554,"height":1080,"url":"https:\/\/feetuphostels.com\/wp-content\/uploads\/2019\/02\/09red-nest-hostel-valencia-by-feetuphostels.jpg","type":"image\/jpeg"}],"twitter_card":"summary_large_image","twitter_site":"@feetuphostels","twitter_misc":{"Tempo di lettura stimato":"2 minuti"},"schema":{"@context":"https:\/\/schema.org","@graph":[{"@type":"WebPage","@id":"https:\/\/feetuphostels.com\/it\/recensioni-red-nest-hostel-valencia\/","url":"https:\/\/feetuphostels.com\/it\/recensioni-red-nest-hostel-valencia\/","name":"Recensioni Red Nest Hostel Valencia. Valutazioni reali da parte di ospiti reali","isPartOf":{"@id":"https:\/\/feetuphostels.com\/it\/#website"},"primaryImageOfPage":{"@id":"https:\/\/feetuphostels.com\/it\/recensioni-red-nest-hostel-valencia\/#primaryimage"},"image":{"@id":"https:\/\/feetuphostels.com\/it\/recensioni-red-nest-hostel-valencia\/#primaryimage"},"thumbnailUrl":"https:\/\/feetuphostels.com\/wp-content\/uploads\/2019\/02\/09red-nest-hostel-valencia-by-feetuphostels.jpg","datePublished":"2017-12-04T21:18:19+00:00","dateModified":"2024-11-09T11:24:22+00:00","description":"Recensioni Red Nest Hostel Valencia. Valutazioni reali da ospiti reali. Un alloggio con letti da 10\u20ac a notte","breadcrumb":{"@id":"https:\/\/feetuphostels.com\/it\/recensioni-red-nest-hostel-valencia\/#breadcrumb"},"inLanguage":"it-IT","potentialAction":[{"@type":"ReadAction","target":["https:\/\/feetuphostels.com\/it\/recensioni-red-nest-hostel-valencia\/"]}]},{"@type":"ImageObject","inLanguage":"it-IT","@id":"https:\/\/feetuphostels.com\/it\/recensioni-red-nest-hostel-valencia\/#primaryimage","url":"https:\/\/feetuphostels.com\/wp-content\/uploads\/2019\/02\/09red-nest-hostel-valencia-by-feetuphostels.jpg","contentUrl":"https:\/\/feetuphostels.com\/wp-content\/uploads\/2019\/02\/09red-nest-hostel-valencia-by-feetuphostels.jpg","width":1554,"height":1080,"caption":"Goditi il tempo con gli amici"},{"@type":"BreadcrumbList","@id":"https:\/\/feetuphostels.com\/it\/recensioni-red-nest-hostel-valencia\/#breadcrumb","itemListElement":[{"@type":"ListItem","position":1,"name":"Home","item":"https:\/\/feetuphostels.com\/it\/"},{"@type":"ListItem","position":2,"name":"Recensioni Red Nest Hostel Valencia"}]},{"@type":"WebSite","@id":"https:\/\/feetuphostels.com\/it\/#website","url":"https:\/\/feetuphostels.com\/it\/","name":"Feet Up Hostels","description":"Ostelli della giovent\u00f9 e alloggi a Valencia, Spagna. Siamo specialisti della cordialit\u00e0","publisher":{"@id":"https:\/\/feetuphostels.com\/it\/#organization"},"alternateName":"Feet Up Hostels","potentialAction":[{"@type":"SearchAction","target":{"@type":"EntryPoint","urlTemplate":"https:\/\/feetuphostels.com\/it\/?s={search_term_string}"},"query-input":{"@type":"PropertyValueSpecification","valueRequired":true,"valueName":"search_term_string"}}],"inLanguage":"it-IT"},{"@type":"Organization","@id":"https:\/\/feetuphostels.com\/it\/#organization","name":"Feet Up Hostels","alternateName":"Feet Up Hostels","url":"https:\/\/feetuphostels.com\/it\/","logo":{"@type":"ImageObject","inLanguage":"it-IT","@id":"https:\/\/feetuphostels.com\/it\/#\/schema\/logo\/image\/","url":"https:\/\/feetuphostels.com\/wp-content\/uploads\/2019\/01\/logo-web-amp-feetuphostels.svg","contentUrl":"https:\/\/feetuphostels.com\/wp-content\/uploads\/2019\/01\/logo-web-amp-feetuphostels.svg","width":1,"height":1,"caption":"Feet Up Hostels"},"image":{"@id":"https:\/\/feetuphostels.com\/it\/#\/schema\/logo\/image\/"},"sameAs":["https:\/\/facebook.com\/feetuphostelsgroup","https:\/\/x.com\/feetuphostels","https:\/\/www.instagram.com\/feetuphostels\/","https:\/\/www.tiktok.com\/@feetuphostels","https:\/\/www.linkedin.com\/company\/feetuphostelsgroup\/","https:\/\/www.pinterest.es\/FeetupHostels\/","https:\/\/www.youtube.com\/feetuphostels"]}]}},"_links":{"self":[{"href":"https:\/\/feetuphostels.com\/it\/wp-json\/wp\/v2\/pages\/6088","targetHints":{"allow":["GET"]}}],"collection":[{"href":"https:\/\/feetuphostels.com\/it\/wp-json\/wp\/v2\/pages"}],"about":[{"href":"https:\/\/feetuphostels.com\/it\/wp-json\/wp\/v2\/types\/page"}],"author":[{"embeddable":true,"href":"https:\/\/feetuphostels.com\/it\/wp-json\/wp\/v2\/users\/13"}],"replies":[{"embeddable":true,"href":"https:\/\/feetuphostels.com\/it\/wp-json\/wp\/v2\/comments?post=6088"}],"version-history":[{"count":0,"href":"https:\/\/feetuphostels.com\/it\/wp-json\/wp\/v2\/pages\/6088\/revisions"}],"wp:featuredmedia":[{"embeddable":true,"href":"https:\/\/feetuphostels.com\/it\/wp-json\/wp\/v2\/media\/18660"}],"wp:attachment":[{"href":"https:\/\/feetuphostels.com\/it\/wp-json\/wp\/v2\/media?parent=6088"}],"curies":[{"name":"wp","href":"https:\/\/api.w.org\/{rel}","templated":true}]}}