{"id":6063,"date":"2017-12-01T10:25:46","date_gmt":"2017-12-01T09:25:46","guid":{"rendered":"https:\/\/feetuphostels.com\/?page_id=6063"},"modified":"2024-11-09T12:18:44","modified_gmt":"2024-11-09T11:18:44","slug":"recensioni-purple-nest-hostel-valencia","status":"publish","type":"page","link":"https:\/\/feetuphostels.com\/it\/recensioni-purple-nest-hostel-valencia\/","title":{"rendered":"Recensioni Purple Nest Hostel Valencia"},"content":{"rendered":"\n<h1 class=\"wp-block-heading has-text-align-center\" id=\"h-reviews-purple-nest-hostel\">Recensioni Purple Nest<\/h1>\n\n<script src=\"https:\/\/apps.elfsight.com\/p\/platform.js\" defer=\"\"><\/script>\r\n<div class=\"elfsight-app-2b82ef62-1731-4184-8e8b-0427e0bb4501\"><\/div>\n\n<div style=\"height:30px\" aria-hidden=\"true\" class=\"wp-block-spacer\"><\/div>\n\n<h2 class=\"wp-block-heading\" id=\"h-about-reviews-in-purple-nest-why-do-guests-leave-reviews-about-their-stay-in-our-hostel\">Informazioni sulle recensioni in Purple Nest. Perch\u00e9 gli ospiti lasciano recensioni sul loro soggiorno nel nostro ostello?<\/h2>\n\n<ul class=\"wp-block-list\">\n<li>Gli ospiti lasciano recensioni sul loro soggiorno nel nostro ostello per una serie di motivi.<\/li>\n\n\n\n<li>Una delle ragioni pi\u00f9 comuni \u00e8 quella di condividere la propria esperienza con altri viaggiatori e aiutarli a prendere decisioni informate nella scelta dell&#8217;alloggio.<\/li>\n\n\n\n<li>Le sue recensioni ci aiutano anche a migliorare i nostri servizi e le esperienze dei clienti, fornendo un feedback costruttivo su ci\u00f2 che le \u00e8 piaciuto o ha trovato problematico durante il suo soggiorno nel nostro ostello.<\/li>\n\n\n\n<li>Inoltre, le recensioni possono servire come strumento di feedback per <a href=\"https:\/\/feetuphostels.com\/it\/staff-purple-nest-hostel\/\">il nostro personale<\/a>, permettendoci di vedere quali aspetti si distinguono e quali devono essere migliorati.<\/li>\n\n\n\n<li>Ecco alcune delle recensioni lasciate dai nostri ospiti:<\/li>\n<\/ul>\n\n<h3 class=\"wp-block-heading\" id=\"h-pleasant-accommodation-friendly-staff\">Sistemazione piacevole e personale cordiale<\/h3>\n\n<p>Era pulito, sicuro, in una buona posizione e il personale era incredibilmente gentile e disponibile, soprattutto Ayrton e Marta. Ci hanno anche offerto una visita guidata dalla quale ho imparato molte cose interessanti su Valencia e Las Fallas.<\/p>\n\n<p>Era il mio primo viaggio da sola ed ero un po&#8217; nervosa, ma il personale e le persone amichevoli che ho incontrato nella mia camera mi hanno fatto dimenticare di essere una viaggiatrice solitaria. Torner\u00f2 sicuramente. L&#8217;ora del check-in \u00e8 troppo tardi. <strong>Apostol 16 aprile su Booking<\/strong><\/p>\n\n<h3 class=\"wp-block-heading\" id=\"h-exceptional\">Eccezionale<\/h3>\n\n<p>La cucina spaziosa e pulita, la terrazza, il soggiorno, tutto molto pulito, il personale molto cordiale. <strong>Josefina 29 marzo su Booking<\/strong><\/p>\n","protected":false},"excerpt":{"rendered":"<p>Recensioni Purple Nest Hostel Valencia. In Plaza Tetuan con letti sicuri da \u20ac10 a notte in camere colorate, confortevoli e pulite. Il Purple Nest \u00e8 una delle sistemazioni pi\u00f9 rinomate della citt\u00e0 di Valencia con grande, colorato, sicuro, pulito e al miglior prezzo di Valencia<\/p>\n","protected":false},"author":13,"featured_media":18244,"parent":0,"menu_order":0,"comment_status":"closed","ping_status":"open","template":"","meta":{"footnotes":""},"class_list":["post-6063","page","type-page","status-publish","has-post-thumbnail","hentry"],"yoast_head":"<!-- This site is optimized with the Yoast SEO plugin v27.5 - https:\/\/yoast.com\/product\/yoast-seo-wordpress\/ -->\n<title>Recensioni Purple Nest Hostel Valencia \u00ae \u2714\ufe0frecensioni reali di ospiti reali<\/title>\n<meta name=\"description\" content=\"Recensioni Purple Nest Hostel Valencia\u00ae Real \u2714\ufe0f \ufe0f Guest con valutazioni effettive su prezzo, qualit\u00e0, pulizia, strutture. Bell&#039;ostello nel centro\" \/>\n<meta name=\"robots\" content=\"index, follow, max-snippet:-1, max-image-preview:large, max-video-preview:-1\" \/>\n<link rel=\"canonical\" href=\"https:\/\/feetuphostels.com\/it\/recensioni-purple-nest-hostel-valencia\/\" \/>\n<meta property=\"og:locale\" content=\"it_IT\" \/>\n<meta property=\"og:type\" content=\"article\" \/>\n<meta property=\"og:title\" content=\"Recensioni Purple Nest Hostel Valencia \u00ae \u2714\ufe0frecensioni reali di ospiti reali\" \/>\n<meta property=\"og:description\" content=\"Recensioni Purple Nest Hostel Valencia\u00ae Real \u2714\ufe0f \ufe0f Guest con valutazioni effettive su prezzo, qualit\u00e0, pulizia, strutture. Bell&#039;ostello nel centro\" \/>\n<meta property=\"og:url\" content=\"https:\/\/feetuphostels.com\/it\/recensioni-purple-nest-hostel-valencia\/\" \/>\n<meta property=\"og:site_name\" content=\"Feet Up Hostels\" \/>\n<meta property=\"article:publisher\" content=\"https:\/\/facebook.com\/feetuphostelsgroup\" \/>\n<meta property=\"article:modified_time\" content=\"2024-11-09T11:18:44+00:00\" \/>\n<meta property=\"og:image\" content=\"https:\/\/feetuphostels.com\/wp-content\/uploads\/2019\/01\/36purple-nest-hostel-valencia-by-feetuphostels.jpg\" \/>\n\t<meta property=\"og:image:width\" content=\"1633\" \/>\n\t<meta property=\"og:image:height\" content=\"1080\" \/>\n\t<meta property=\"og:image:type\" content=\"image\/jpeg\" \/>\n<meta name=\"twitter:card\" content=\"summary_large_image\" \/>\n<meta name=\"twitter:site\" content=\"@feetuphostels\" \/>\n<meta name=\"twitter:label1\" content=\"Tempo di lettura stimato\" \/>\n\t<meta name=\"twitter:data1\" content=\"1 minuto\" \/>\n<script type=\"application\/ld+json\" class=\"yoast-schema-graph\">{\"@context\":\"https:\\\/\\\/schema.org\",\"@graph\":[{\"@type\":\"WebPage\",\"@id\":\"https:\\\/\\\/feetuphostels.com\\\/it\\\/recensioni-purple-nest-hostel-valencia\\\/\",\"url\":\"https:\\\/\\\/feetuphostels.com\\\/it\\\/recensioni-purple-nest-hostel-valencia\\\/\",\"name\":\"Recensioni Purple Nest Hostel Valencia \u00ae \u2714\ufe0frecensioni reali di ospiti reali\",\"isPartOf\":{\"@id\":\"https:\\\/\\\/feetuphostels.com\\\/it\\\/#website\"},\"primaryImageOfPage\":{\"@id\":\"https:\\\/\\\/feetuphostels.com\\\/it\\\/recensioni-purple-nest-hostel-valencia\\\/#primaryimage\"},\"image\":{\"@id\":\"https:\\\/\\\/feetuphostels.com\\\/it\\\/recensioni-purple-nest-hostel-valencia\\\/#primaryimage\"},\"thumbnailUrl\":\"https:\\\/\\\/feetuphostels.com\\\/wp-content\\\/uploads\\\/2019\\\/01\\\/36purple-nest-hostel-valencia-by-feetuphostels.jpg\",\"datePublished\":\"2017-12-01T09:25:46+00:00\",\"dateModified\":\"2024-11-09T11:18:44+00:00\",\"description\":\"Recensioni Purple Nest Hostel Valencia\u00ae Real \u2714\ufe0f \ufe0f Guest con valutazioni effettive su prezzo, qualit\u00e0, pulizia, strutture. Bell'ostello nel centro\",\"breadcrumb\":{\"@id\":\"https:\\\/\\\/feetuphostels.com\\\/it\\\/recensioni-purple-nest-hostel-valencia\\\/#breadcrumb\"},\"inLanguage\":\"it-IT\",\"potentialAction\":[{\"@type\":\"ReadAction\",\"target\":[\"https:\\\/\\\/feetuphostels.com\\\/it\\\/recensioni-purple-nest-hostel-valencia\\\/\"]}]},{\"@type\":\"ImageObject\",\"inLanguage\":\"it-IT\",\"@id\":\"https:\\\/\\\/feetuphostels.com\\\/it\\\/recensioni-purple-nest-hostel-valencia\\\/#primaryimage\",\"url\":\"https:\\\/\\\/feetuphostels.com\\\/wp-content\\\/uploads\\\/2019\\\/01\\\/36purple-nest-hostel-valencia-by-feetuphostels.jpg\",\"contentUrl\":\"https:\\\/\\\/feetuphostels.com\\\/wp-content\\\/uploads\\\/2019\\\/01\\\/36purple-nest-hostel-valencia-by-feetuphostels.jpg\",\"width\":1633,\"height\":1080,\"caption\":\"Si goda qualche bicchierino con gli amici al nostro bar\"},{\"@type\":\"BreadcrumbList\",\"@id\":\"https:\\\/\\\/feetuphostels.com\\\/it\\\/recensioni-purple-nest-hostel-valencia\\\/#breadcrumb\",\"itemListElement\":[{\"@type\":\"ListItem\",\"position\":1,\"name\":\"Home\",\"item\":\"https:\\\/\\\/feetuphostels.com\\\/it\\\/\"},{\"@type\":\"ListItem\",\"position\":2,\"name\":\"Recensioni Purple Nest Hostel Valencia\"}]},{\"@type\":\"WebSite\",\"@id\":\"https:\\\/\\\/feetuphostels.com\\\/it\\\/#website\",\"url\":\"https:\\\/\\\/feetuphostels.com\\\/it\\\/\",\"name\":\"Feet Up Hostels\",\"description\":\"Ostelli della giovent\u00f9 e alloggi a Valencia, Spagna. Siamo specialisti della cordialit\u00e0\",\"publisher\":{\"@id\":\"https:\\\/\\\/feetuphostels.com\\\/it\\\/#organization\"},\"alternateName\":\"Feet Up Hostels\",\"potentialAction\":[{\"@type\":\"SearchAction\",\"target\":{\"@type\":\"EntryPoint\",\"urlTemplate\":\"https:\\\/\\\/feetuphostels.com\\\/it\\\/?s={search_term_string}\"},\"query-input\":{\"@type\":\"PropertyValueSpecification\",\"valueRequired\":true,\"valueName\":\"search_term_string\"}}],\"inLanguage\":\"it-IT\"},{\"@type\":\"Organization\",\"@id\":\"https:\\\/\\\/feetuphostels.com\\\/it\\\/#organization\",\"name\":\"Feet Up Hostels\",\"alternateName\":\"Feet Up Hostels\",\"url\":\"https:\\\/\\\/feetuphostels.com\\\/it\\\/\",\"logo\":{\"@type\":\"ImageObject\",\"inLanguage\":\"it-IT\",\"@id\":\"https:\\\/\\\/feetuphostels.com\\\/it\\\/#\\\/schema\\\/logo\\\/image\\\/\",\"url\":\"https:\\\/\\\/feetuphostels.com\\\/wp-content\\\/uploads\\\/2019\\\/01\\\/logo-web-amp-feetuphostels.svg\",\"contentUrl\":\"https:\\\/\\\/feetuphostels.com\\\/wp-content\\\/uploads\\\/2019\\\/01\\\/logo-web-amp-feetuphostels.svg\",\"width\":1,\"height\":1,\"caption\":\"Feet Up Hostels\"},\"image\":{\"@id\":\"https:\\\/\\\/feetuphostels.com\\\/it\\\/#\\\/schema\\\/logo\\\/image\\\/\"},\"sameAs\":[\"https:\\\/\\\/facebook.com\\\/feetuphostelsgroup\",\"https:\\\/\\\/x.com\\\/feetuphostels\",\"https:\\\/\\\/www.instagram.com\\\/feetuphostels\\\/\",\"https:\\\/\\\/www.tiktok.com\\\/@feetuphostels\",\"https:\\\/\\\/www.linkedin.com\\\/company\\\/feetuphostelsgroup\\\/\",\"https:\\\/\\\/www.pinterest.es\\\/FeetupHostels\\\/\",\"https:\\\/\\\/www.youtube.com\\\/feetuphostels\"]}]}<\/script>\n<!-- \/ Yoast SEO plugin. -->","yoast_head_json":{"title":"Recensioni Purple Nest Hostel Valencia \u00ae \u2714\ufe0frecensioni reali di ospiti reali","description":"Recensioni Purple Nest Hostel Valencia\u00ae Real \u2714\ufe0f \ufe0f Guest con valutazioni effettive su prezzo, qualit\u00e0, pulizia, strutture. Bell'ostello nel centro","robots":{"index":"index","follow":"follow","max-snippet":"max-snippet:-1","max-image-preview":"max-image-preview:large","max-video-preview":"max-video-preview:-1"},"canonical":"https:\/\/feetuphostels.com\/it\/recensioni-purple-nest-hostel-valencia\/","og_locale":"it_IT","og_type":"article","og_title":"Recensioni Purple Nest Hostel Valencia \u00ae \u2714\ufe0frecensioni reali di ospiti reali","og_description":"Recensioni Purple Nest Hostel Valencia\u00ae Real \u2714\ufe0f \ufe0f Guest con valutazioni effettive su prezzo, qualit\u00e0, pulizia, strutture. Bell'ostello nel centro","og_url":"https:\/\/feetuphostels.com\/it\/recensioni-purple-nest-hostel-valencia\/","og_site_name":"Feet Up Hostels","article_publisher":"https:\/\/facebook.com\/feetuphostelsgroup","article_modified_time":"2024-11-09T11:18:44+00:00","og_image":[{"width":1633,"height":1080,"url":"https:\/\/feetuphostels.com\/wp-content\/uploads\/2019\/01\/36purple-nest-hostel-valencia-by-feetuphostels.jpg","type":"image\/jpeg"}],"twitter_card":"summary_large_image","twitter_site":"@feetuphostels","twitter_misc":{"Tempo di lettura stimato":"1 minuto"},"schema":{"@context":"https:\/\/schema.org","@graph":[{"@type":"WebPage","@id":"https:\/\/feetuphostels.com\/it\/recensioni-purple-nest-hostel-valencia\/","url":"https:\/\/feetuphostels.com\/it\/recensioni-purple-nest-hostel-valencia\/","name":"Recensioni Purple Nest Hostel Valencia \u00ae \u2714\ufe0frecensioni reali di ospiti reali","isPartOf":{"@id":"https:\/\/feetuphostels.com\/it\/#website"},"primaryImageOfPage":{"@id":"https:\/\/feetuphostels.com\/it\/recensioni-purple-nest-hostel-valencia\/#primaryimage"},"image":{"@id":"https:\/\/feetuphostels.com\/it\/recensioni-purple-nest-hostel-valencia\/#primaryimage"},"thumbnailUrl":"https:\/\/feetuphostels.com\/wp-content\/uploads\/2019\/01\/36purple-nest-hostel-valencia-by-feetuphostels.jpg","datePublished":"2017-12-01T09:25:46+00:00","dateModified":"2024-11-09T11:18:44+00:00","description":"Recensioni Purple Nest Hostel Valencia\u00ae Real \u2714\ufe0f \ufe0f Guest con valutazioni effettive su prezzo, qualit\u00e0, pulizia, strutture. Bell'ostello nel centro","breadcrumb":{"@id":"https:\/\/feetuphostels.com\/it\/recensioni-purple-nest-hostel-valencia\/#breadcrumb"},"inLanguage":"it-IT","potentialAction":[{"@type":"ReadAction","target":["https:\/\/feetuphostels.com\/it\/recensioni-purple-nest-hostel-valencia\/"]}]},{"@type":"ImageObject","inLanguage":"it-IT","@id":"https:\/\/feetuphostels.com\/it\/recensioni-purple-nest-hostel-valencia\/#primaryimage","url":"https:\/\/feetuphostels.com\/wp-content\/uploads\/2019\/01\/36purple-nest-hostel-valencia-by-feetuphostels.jpg","contentUrl":"https:\/\/feetuphostels.com\/wp-content\/uploads\/2019\/01\/36purple-nest-hostel-valencia-by-feetuphostels.jpg","width":1633,"height":1080,"caption":"Si goda qualche bicchierino con gli amici al nostro bar"},{"@type":"BreadcrumbList","@id":"https:\/\/feetuphostels.com\/it\/recensioni-purple-nest-hostel-valencia\/#breadcrumb","itemListElement":[{"@type":"ListItem","position":1,"name":"Home","item":"https:\/\/feetuphostels.com\/it\/"},{"@type":"ListItem","position":2,"name":"Recensioni Purple Nest Hostel Valencia"}]},{"@type":"WebSite","@id":"https:\/\/feetuphostels.com\/it\/#website","url":"https:\/\/feetuphostels.com\/it\/","name":"Feet Up Hostels","description":"Ostelli della giovent\u00f9 e alloggi a Valencia, Spagna. Siamo specialisti della cordialit\u00e0","publisher":{"@id":"https:\/\/feetuphostels.com\/it\/#organization"},"alternateName":"Feet Up Hostels","potentialAction":[{"@type":"SearchAction","target":{"@type":"EntryPoint","urlTemplate":"https:\/\/feetuphostels.com\/it\/?s={search_term_string}"},"query-input":{"@type":"PropertyValueSpecification","valueRequired":true,"valueName":"search_term_string"}}],"inLanguage":"it-IT"},{"@type":"Organization","@id":"https:\/\/feetuphostels.com\/it\/#organization","name":"Feet Up Hostels","alternateName":"Feet Up Hostels","url":"https:\/\/feetuphostels.com\/it\/","logo":{"@type":"ImageObject","inLanguage":"it-IT","@id":"https:\/\/feetuphostels.com\/it\/#\/schema\/logo\/image\/","url":"https:\/\/feetuphostels.com\/wp-content\/uploads\/2019\/01\/logo-web-amp-feetuphostels.svg","contentUrl":"https:\/\/feetuphostels.com\/wp-content\/uploads\/2019\/01\/logo-web-amp-feetuphostels.svg","width":1,"height":1,"caption":"Feet Up Hostels"},"image":{"@id":"https:\/\/feetuphostels.com\/it\/#\/schema\/logo\/image\/"},"sameAs":["https:\/\/facebook.com\/feetuphostelsgroup","https:\/\/x.com\/feetuphostels","https:\/\/www.instagram.com\/feetuphostels\/","https:\/\/www.tiktok.com\/@feetuphostels","https:\/\/www.linkedin.com\/company\/feetuphostelsgroup\/","https:\/\/www.pinterest.es\/FeetupHostels\/","https:\/\/www.youtube.com\/feetuphostels"]}]}},"_links":{"self":[{"href":"https:\/\/feetuphostels.com\/it\/wp-json\/wp\/v2\/pages\/6063","targetHints":{"allow":["GET"]}}],"collection":[{"href":"https:\/\/feetuphostels.com\/it\/wp-json\/wp\/v2\/pages"}],"about":[{"href":"https:\/\/feetuphostels.com\/it\/wp-json\/wp\/v2\/types\/page"}],"author":[{"embeddable":true,"href":"https:\/\/feetuphostels.com\/it\/wp-json\/wp\/v2\/users\/13"}],"replies":[{"embeddable":true,"href":"https:\/\/feetuphostels.com\/it\/wp-json\/wp\/v2\/comments?post=6063"}],"version-history":[{"count":0,"href":"https:\/\/feetuphostels.com\/it\/wp-json\/wp\/v2\/pages\/6063\/revisions"}],"wp:featuredmedia":[{"embeddable":true,"href":"https:\/\/feetuphostels.com\/it\/wp-json\/wp\/v2\/media\/18244"}],"wp:attachment":[{"href":"https:\/\/feetuphostels.com\/it\/wp-json\/wp\/v2\/media?parent=6063"}],"curies":[{"name":"wp","href":"https:\/\/api.w.org\/{rel}","templated":true}]}}