{"id":5873,"date":"2017-12-03T22:55:38","date_gmt":"2017-12-03T21:55:38","guid":{"rendered":"https:\/\/feetuphostels.com\/?page_id=5873"},"modified":"2024-11-09T11:59:21","modified_gmt":"2024-11-09T10:59:21","slug":"recensioni-home-youth-hostel-valencia","status":"publish","type":"page","link":"https:\/\/feetuphostels.com\/it\/recensioni-home-youth-hostel-valencia\/","title":{"rendered":"Recensioni H\u00f4me Youth Hostel Valencia"},"content":{"rendered":"\n<h1 class=\"wp-block-heading has-text-align-center\" id=\"h-reviews-home-youth-hostel\">Recensioni H\u00f4me Youth Hostel<\/h1>\n\n<script src=\"https:\/\/apps.elfsight.com\/p\/platform.js\" defer=\"defer\"><\/script>\r\n<div class=\"elfsight-app-4c7e355f-973c-4263-860d-0e88df4e8ecc\"><\/div>\r\n\n<div style=\"height:30px\" aria-hidden=\"true\" class=\"wp-block-spacer\"><\/div>\n\n<h2 class=\"wp-block-heading\">Informazioni su Recensioni H\u00f4me Youth Hostel<\/h2>\n\n<p>Ciao, futuro ospite dell&#8217;H\u00f4me Youth Hostel Valencia! Ti sei mai chiesto perch\u00e9 cos\u00ec tanti viaggiatori si prendono il tempo di condividere le loro esperienze e recensioni sull&#8217;H\u00f4me Youth Hostel? Beh, ci sono diverse ragioni. Lascia che ti spieghi meglio!<\/p>\n\n<h3 class=\"wp-block-heading\">Innanzitutto.<\/h3>\n\n<p><strong>I viaggiatori vogliono condividere la loro esperienza.<\/strong> Che abbiano apprezzato il comfort delle camere, la cordialit\u00e0 del personale o la vivace posizione nel cuore di Valencia, vogliono che gli altri sappiano cosa hanno amato dell&#8217;ostello. \u00c8 un modo per diffondere la gioia!<\/p>\n\n<h3 class=\"wp-block-heading\">In secondo luogo.<\/h3>\n\n<p>Lasciare una recensione \u00e8 un modo per ringraziare. Quando un <a href=\"http:\/\/homeyouthhostel.com\/it\/\" target=\"_blank\" rel=\"noopener\">viaggiatore<\/a> vive un&#8217;esperienza memorabile, a volte il miglior ringraziamento che pu\u00f2 fare \u00e8 condividere la sua soddisfazione con il mondo. \u00c8 un modo per riconoscere gli sforzi del team dell&#8217;H\u00f4me Youth Hostel!<\/p>\n\n<h3 class=\"wp-block-heading\">Inoltre. <\/h3>\n\n<p>Le recensioni sono anche un modo per <strong>aiutare gli altri viaggiatori<\/strong>. Prima di prenotare un alloggio, la maggior parte delle persone cerca le recensioni per farsi un&#8217;idea di ci\u00f2 che pu\u00f2 aspettarsi. Condividendo le proprie esperienze, gli ospiti aiutano gli altri a prendere una decisione informata.<\/p>\n\n<h3 class=\"wp-block-heading\">Infine.<\/h3>\n\n<p>I commenti e le opinioni sono una forma di <strong>feedback costruttivo<\/strong>. Se c&#8217;\u00e8 qualcosa che l&#8217;ostello potrebbe migliorare, condividerlo in una recensione pu\u00f2 aiutarlo a crescere e a migliorare. \u00c8 un modo per contribuire a migliorare l&#8217;esperienza dei futuri ospiti!<\/p>\n\n<p>Quindi, come vedi, le recensioni dei viaggiatori su H\u00f4me Youth Hostel Valencia sono molto pi\u00f9 di semplici commenti. Sono un modo per condividere, ringraziare, aiutare e crescere.<\/p>\n\n<p>E tu? Sei pronto a condividere la tua prossima esperienza a Valencia?<\/p>\n","protected":false},"excerpt":{"rendered":"<p>Recensioni H\u00f4me Youth Hostel Valencia | Bell&#8217;ostello e ottimo posto per conoscere nuove persone. Il personale \u00e8 molto cordiale e disponibile. \u2764\ufe0f La finestra del mio dormitorio si affacciava sul sito dell&#8217;Unesco. Il personale \u00e8 stato molto ospitale e ha aiutato tutti.<\/p>\n","protected":false},"author":13,"featured_media":202348,"parent":0,"menu_order":0,"comment_status":"closed","ping_status":"open","template":"","meta":{"footnotes":""},"class_list":["post-5873","page","type-page","status-publish","has-post-thumbnail","hentry"],"yoast_head":"<!-- This site is optimized with the Yoast SEO plugin v27.4 - https:\/\/yoast.com\/product\/yoast-seo-wordpress\/ -->\n<title>Recensioni H\u00f4me Youth Hostel \u00ae \u2714recensioni reali di ospiti veri<\/title>\n<meta name=\"description\" content=\"Recensioni H\u00f4me Youth Hostel Valencia \u00ae Real \u2714ospiti con valutazioni effettive su prezzo, qualit\u00e0, pulizia, servizi e prezzo\" \/>\n<meta name=\"robots\" content=\"index, follow, max-snippet:-1, max-image-preview:large, max-video-preview:-1\" \/>\n<link rel=\"canonical\" href=\"https:\/\/feetuphostels.com\/it\/recensioni-home-youth-hostel-valencia\/\" \/>\n<meta property=\"og:locale\" content=\"it_IT\" \/>\n<meta property=\"og:type\" content=\"article\" \/>\n<meta property=\"og:title\" content=\"Recensioni H\u00f4me Youth Hostel \u00ae \u2714recensioni reali di ospiti veri\" \/>\n<meta property=\"og:description\" content=\"Recensioni H\u00f4me Youth Hostel Valencia \u00ae Real \u2714ospiti con valutazioni effettive su prezzo, qualit\u00e0, pulizia, servizi e prezzo\" \/>\n<meta property=\"og:url\" content=\"https:\/\/feetuphostels.com\/it\/recensioni-home-youth-hostel-valencia\/\" \/>\n<meta property=\"og:site_name\" content=\"Feet Up Hostels\" \/>\n<meta property=\"article:publisher\" content=\"https:\/\/facebook.com\/feetuphostelsgroup\" \/>\n<meta property=\"article:modified_time\" content=\"2024-11-09T10:59:21+00:00\" \/>\n<meta property=\"og:image\" content=\"https:\/\/feetuphostels.com\/wp-content\/uploads\/2022\/10\/slide-feetuphostels-homeyouth2022.jpg\" \/>\n\t<meta property=\"og:image:width\" content=\"1920\" \/>\n\t<meta property=\"og:image:height\" content=\"1080\" \/>\n\t<meta property=\"og:image:type\" content=\"image\/jpeg\" \/>\n<meta name=\"twitter:card\" content=\"summary_large_image\" \/>\n<meta name=\"twitter:site\" content=\"@feetuphostels\" \/>\n<meta name=\"twitter:label1\" content=\"Tempo di lettura stimato\" \/>\n\t<meta name=\"twitter:data1\" content=\"1 minuto\" \/>\n<script type=\"application\/ld+json\" class=\"yoast-schema-graph\">{\"@context\":\"https:\\\/\\\/schema.org\",\"@graph\":[{\"@type\":\"WebPage\",\"@id\":\"https:\\\/\\\/feetuphostels.com\\\/it\\\/recensioni-home-youth-hostel-valencia\\\/\",\"url\":\"https:\\\/\\\/feetuphostels.com\\\/it\\\/recensioni-home-youth-hostel-valencia\\\/\",\"name\":\"Recensioni H\u00f4me Youth Hostel \u00ae \u2714recensioni reali di ospiti veri\",\"isPartOf\":{\"@id\":\"https:\\\/\\\/feetuphostels.com\\\/it\\\/#website\"},\"primaryImageOfPage\":{\"@id\":\"https:\\\/\\\/feetuphostels.com\\\/it\\\/recensioni-home-youth-hostel-valencia\\\/#primaryimage\"},\"image\":{\"@id\":\"https:\\\/\\\/feetuphostels.com\\\/it\\\/recensioni-home-youth-hostel-valencia\\\/#primaryimage\"},\"thumbnailUrl\":\"https:\\\/\\\/feetuphostels.com\\\/wp-content\\\/uploads\\\/2022\\\/10\\\/slide-feetuphostels-homeyouth2022.jpg\",\"datePublished\":\"2017-12-03T21:55:38+00:00\",\"dateModified\":\"2024-11-09T10:59:21+00:00\",\"description\":\"Recensioni H\u00f4me Youth Hostel Valencia \u00ae Real \u2714ospiti con valutazioni effettive su prezzo, qualit\u00e0, pulizia, servizi e prezzo\",\"breadcrumb\":{\"@id\":\"https:\\\/\\\/feetuphostels.com\\\/it\\\/recensioni-home-youth-hostel-valencia\\\/#breadcrumb\"},\"inLanguage\":\"it-IT\",\"potentialAction\":[{\"@type\":\"ReadAction\",\"target\":[\"https:\\\/\\\/feetuphostels.com\\\/it\\\/recensioni-home-youth-hostel-valencia\\\/\"]}]},{\"@type\":\"ImageObject\",\"inLanguage\":\"it-IT\",\"@id\":\"https:\\\/\\\/feetuphostels.com\\\/it\\\/recensioni-home-youth-hostel-valencia\\\/#primaryimage\",\"url\":\"https:\\\/\\\/feetuphostels.com\\\/wp-content\\\/uploads\\\/2022\\\/10\\\/slide-feetuphostels-homeyouth2022.jpg\",\"contentUrl\":\"https:\\\/\\\/feetuphostels.com\\\/wp-content\\\/uploads\\\/2022\\\/10\\\/slide-feetuphostels-homeyouth2022.jpg\",\"width\":1920,\"height\":1080,\"caption\":\"Come a casa, H\u00f4me Youth Hostel Valencia\"},{\"@type\":\"BreadcrumbList\",\"@id\":\"https:\\\/\\\/feetuphostels.com\\\/it\\\/recensioni-home-youth-hostel-valencia\\\/#breadcrumb\",\"itemListElement\":[{\"@type\":\"ListItem\",\"position\":1,\"name\":\"Home\",\"item\":\"https:\\\/\\\/feetuphostels.com\\\/it\\\/\"},{\"@type\":\"ListItem\",\"position\":2,\"name\":\"Recensioni H\u00f4me Youth Hostel Valencia\"}]},{\"@type\":\"WebSite\",\"@id\":\"https:\\\/\\\/feetuphostels.com\\\/it\\\/#website\",\"url\":\"https:\\\/\\\/feetuphostels.com\\\/it\\\/\",\"name\":\"Feet Up Hostels\",\"description\":\"Ostelli della giovent\u00f9 e alloggi a Valencia, Spagna. Siamo specialisti della cordialit\u00e0\",\"publisher\":{\"@id\":\"https:\\\/\\\/feetuphostels.com\\\/it\\\/#organization\"},\"alternateName\":\"Feet Up Hostels\",\"potentialAction\":[{\"@type\":\"SearchAction\",\"target\":{\"@type\":\"EntryPoint\",\"urlTemplate\":\"https:\\\/\\\/feetuphostels.com\\\/it\\\/?s={search_term_string}\"},\"query-input\":{\"@type\":\"PropertyValueSpecification\",\"valueRequired\":true,\"valueName\":\"search_term_string\"}}],\"inLanguage\":\"it-IT\"},{\"@type\":\"Organization\",\"@id\":\"https:\\\/\\\/feetuphostels.com\\\/it\\\/#organization\",\"name\":\"Feet Up Hostels\",\"alternateName\":\"Feet Up Hostels\",\"url\":\"https:\\\/\\\/feetuphostels.com\\\/it\\\/\",\"logo\":{\"@type\":\"ImageObject\",\"inLanguage\":\"it-IT\",\"@id\":\"https:\\\/\\\/feetuphostels.com\\\/it\\\/#\\\/schema\\\/logo\\\/image\\\/\",\"url\":\"https:\\\/\\\/feetuphostels.com\\\/wp-content\\\/uploads\\\/2019\\\/01\\\/logo-web-amp-feetuphostels.svg\",\"contentUrl\":\"https:\\\/\\\/feetuphostels.com\\\/wp-content\\\/uploads\\\/2019\\\/01\\\/logo-web-amp-feetuphostels.svg\",\"width\":1,\"height\":1,\"caption\":\"Feet Up Hostels\"},\"image\":{\"@id\":\"https:\\\/\\\/feetuphostels.com\\\/it\\\/#\\\/schema\\\/logo\\\/image\\\/\"},\"sameAs\":[\"https:\\\/\\\/facebook.com\\\/feetuphostelsgroup\",\"https:\\\/\\\/x.com\\\/feetuphostels\",\"https:\\\/\\\/www.instagram.com\\\/feetuphostels\\\/\",\"https:\\\/\\\/www.tiktok.com\\\/@feetuphostels\",\"https:\\\/\\\/www.linkedin.com\\\/company\\\/feetuphostelsgroup\\\/\",\"https:\\\/\\\/www.pinterest.es\\\/FeetupHostels\\\/\",\"https:\\\/\\\/www.youtube.com\\\/feetuphostels\"]}]}<\/script>\n<!-- \/ Yoast SEO plugin. -->","yoast_head_json":{"title":"Recensioni H\u00f4me Youth Hostel \u00ae \u2714recensioni reali di ospiti veri","description":"Recensioni H\u00f4me Youth Hostel Valencia \u00ae Real \u2714ospiti con valutazioni effettive su prezzo, qualit\u00e0, pulizia, servizi e prezzo","robots":{"index":"index","follow":"follow","max-snippet":"max-snippet:-1","max-image-preview":"max-image-preview:large","max-video-preview":"max-video-preview:-1"},"canonical":"https:\/\/feetuphostels.com\/it\/recensioni-home-youth-hostel-valencia\/","og_locale":"it_IT","og_type":"article","og_title":"Recensioni H\u00f4me Youth Hostel \u00ae \u2714recensioni reali di ospiti veri","og_description":"Recensioni H\u00f4me Youth Hostel Valencia \u00ae Real \u2714ospiti con valutazioni effettive su prezzo, qualit\u00e0, pulizia, servizi e prezzo","og_url":"https:\/\/feetuphostels.com\/it\/recensioni-home-youth-hostel-valencia\/","og_site_name":"Feet Up Hostels","article_publisher":"https:\/\/facebook.com\/feetuphostelsgroup","article_modified_time":"2024-11-09T10:59:21+00:00","og_image":[{"width":1920,"height":1080,"url":"https:\/\/feetuphostels.com\/wp-content\/uploads\/2022\/10\/slide-feetuphostels-homeyouth2022.jpg","type":"image\/jpeg"}],"twitter_card":"summary_large_image","twitter_site":"@feetuphostels","twitter_misc":{"Tempo di lettura stimato":"1 minuto"},"schema":{"@context":"https:\/\/schema.org","@graph":[{"@type":"WebPage","@id":"https:\/\/feetuphostels.com\/it\/recensioni-home-youth-hostel-valencia\/","url":"https:\/\/feetuphostels.com\/it\/recensioni-home-youth-hostel-valencia\/","name":"Recensioni H\u00f4me Youth Hostel \u00ae \u2714recensioni reali di ospiti veri","isPartOf":{"@id":"https:\/\/feetuphostels.com\/it\/#website"},"primaryImageOfPage":{"@id":"https:\/\/feetuphostels.com\/it\/recensioni-home-youth-hostel-valencia\/#primaryimage"},"image":{"@id":"https:\/\/feetuphostels.com\/it\/recensioni-home-youth-hostel-valencia\/#primaryimage"},"thumbnailUrl":"https:\/\/feetuphostels.com\/wp-content\/uploads\/2022\/10\/slide-feetuphostels-homeyouth2022.jpg","datePublished":"2017-12-03T21:55:38+00:00","dateModified":"2024-11-09T10:59:21+00:00","description":"Recensioni H\u00f4me Youth Hostel Valencia \u00ae Real \u2714ospiti con valutazioni effettive su prezzo, qualit\u00e0, pulizia, servizi e prezzo","breadcrumb":{"@id":"https:\/\/feetuphostels.com\/it\/recensioni-home-youth-hostel-valencia\/#breadcrumb"},"inLanguage":"it-IT","potentialAction":[{"@type":"ReadAction","target":["https:\/\/feetuphostels.com\/it\/recensioni-home-youth-hostel-valencia\/"]}]},{"@type":"ImageObject","inLanguage":"it-IT","@id":"https:\/\/feetuphostels.com\/it\/recensioni-home-youth-hostel-valencia\/#primaryimage","url":"https:\/\/feetuphostels.com\/wp-content\/uploads\/2022\/10\/slide-feetuphostels-homeyouth2022.jpg","contentUrl":"https:\/\/feetuphostels.com\/wp-content\/uploads\/2022\/10\/slide-feetuphostels-homeyouth2022.jpg","width":1920,"height":1080,"caption":"Come a casa, H\u00f4me Youth Hostel Valencia"},{"@type":"BreadcrumbList","@id":"https:\/\/feetuphostels.com\/it\/recensioni-home-youth-hostel-valencia\/#breadcrumb","itemListElement":[{"@type":"ListItem","position":1,"name":"Home","item":"https:\/\/feetuphostels.com\/it\/"},{"@type":"ListItem","position":2,"name":"Recensioni H\u00f4me Youth Hostel Valencia"}]},{"@type":"WebSite","@id":"https:\/\/feetuphostels.com\/it\/#website","url":"https:\/\/feetuphostels.com\/it\/","name":"Feet Up Hostels","description":"Ostelli della giovent\u00f9 e alloggi a Valencia, Spagna. Siamo specialisti della cordialit\u00e0","publisher":{"@id":"https:\/\/feetuphostels.com\/it\/#organization"},"alternateName":"Feet Up Hostels","potentialAction":[{"@type":"SearchAction","target":{"@type":"EntryPoint","urlTemplate":"https:\/\/feetuphostels.com\/it\/?s={search_term_string}"},"query-input":{"@type":"PropertyValueSpecification","valueRequired":true,"valueName":"search_term_string"}}],"inLanguage":"it-IT"},{"@type":"Organization","@id":"https:\/\/feetuphostels.com\/it\/#organization","name":"Feet Up Hostels","alternateName":"Feet Up Hostels","url":"https:\/\/feetuphostels.com\/it\/","logo":{"@type":"ImageObject","inLanguage":"it-IT","@id":"https:\/\/feetuphostels.com\/it\/#\/schema\/logo\/image\/","url":"https:\/\/feetuphostels.com\/wp-content\/uploads\/2019\/01\/logo-web-amp-feetuphostels.svg","contentUrl":"https:\/\/feetuphostels.com\/wp-content\/uploads\/2019\/01\/logo-web-amp-feetuphostels.svg","width":1,"height":1,"caption":"Feet Up Hostels"},"image":{"@id":"https:\/\/feetuphostels.com\/it\/#\/schema\/logo\/image\/"},"sameAs":["https:\/\/facebook.com\/feetuphostelsgroup","https:\/\/x.com\/feetuphostels","https:\/\/www.instagram.com\/feetuphostels\/","https:\/\/www.tiktok.com\/@feetuphostels","https:\/\/www.linkedin.com\/company\/feetuphostelsgroup\/","https:\/\/www.pinterest.es\/FeetupHostels\/","https:\/\/www.youtube.com\/feetuphostels"]}]}},"_links":{"self":[{"href":"https:\/\/feetuphostels.com\/it\/wp-json\/wp\/v2\/pages\/5873","targetHints":{"allow":["GET"]}}],"collection":[{"href":"https:\/\/feetuphostels.com\/it\/wp-json\/wp\/v2\/pages"}],"about":[{"href":"https:\/\/feetuphostels.com\/it\/wp-json\/wp\/v2\/types\/page"}],"author":[{"embeddable":true,"href":"https:\/\/feetuphostels.com\/it\/wp-json\/wp\/v2\/users\/13"}],"replies":[{"embeddable":true,"href":"https:\/\/feetuphostels.com\/it\/wp-json\/wp\/v2\/comments?post=5873"}],"version-history":[{"count":0,"href":"https:\/\/feetuphostels.com\/it\/wp-json\/wp\/v2\/pages\/5873\/revisions"}],"wp:featuredmedia":[{"embeddable":true,"href":"https:\/\/feetuphostels.com\/it\/wp-json\/wp\/v2\/media\/202348"}],"wp:attachment":[{"href":"https:\/\/feetuphostels.com\/it\/wp-json\/wp\/v2\/media?parent=5873"}],"curies":[{"name":"wp","href":"https:\/\/api.w.org\/{rel}","templated":true}]}}