{"id":5854,"date":"2017-12-03T23:01:24","date_gmt":"2017-12-03T22:01:24","guid":{"rendered":"https:\/\/feetuphostels.com\/?page_id=5854"},"modified":"2024-11-06T18:35:06","modified_gmt":"2024-11-06T17:35:06","slug":"posizione-home-youth-hostel-valencia","status":"publish","type":"page","link":"https:\/\/feetuphostels.com\/it\/posizione-home-youth-hostel-valencia\/","title":{"rendered":"Posizione H\u00f4me Youth Hostel Valencia"},"content":{"rendered":"\n<iframe src=\"https:\/\/www.google.com\/maps\/embed?pb=!1m18!1m12!1m3!1d3079.7708102282277!2d-0.3802786843867507!3d39.474506120323916!2m3!1f0!2f0!3f0!3m2!1i1024!2i768!4f13.1!3m3!1m2!1s0xd604f4d969667a3%3A0x1664dfe919d42dc5!2sH%C3%B4me%20Youth%20Hostel%20Valencia!5e0!3m2!1ses!2ses!4v1671114299435!5m2!1ses!2ses\" width=\"100%\" height=\"500\" style=\"border:0;\" allowfullscreen=\"\" loading=\"lazy\" referrerpolicy=\"no-referrer-when-downgrade\"><\/iframe>\n\n<h1 class=\"wp-block-heading has-text-align-center\" id=\"h-location-home-youth-hostel\">Posizione H\u00f4me Ostello della Giovent\u00f9<\/h1>\n\n<p>Benvenuto nella nostra pagina di localizzazione e guida su come raggiungere l&#8217;<a href=\"https:\/\/feetuphostels.com\/it\/ostelli-gioventu-valencia\/\" target=\"_blank\" rel=\"noopener\">H\u00f4me Youth Hostel Valencia<\/a>. Se stai pianificando il tuo viaggio in questa meravigliosa citt\u00e0, siamo qui per aiutarti ad arrivare senza problemi. Iniziamo!<\/p>\n\n<h3 class=\"wp-block-heading\">Posizione H\u00f4me Youth Hostel Valencia<\/h3>\n\n<h4 class=\"wp-block-heading\">Dall&#8217;<a href=\"https:\/\/www.aena.es\/es\/valencia.html\" target=\"_blank\" rel=\"noopener\">aeroporto di Valencia<\/a><\/h4>\n\n<ol class=\"wp-block-list\">\n<li><em>Metro<\/em>: la linea 3 o 5 della metropolitana ti porter\u00e0 dall&#8217;aeroporto alla stazione X\u00e0tiva in circa 25 minuti. Poi, dovrai camminare per circa 10 minuti fino all&#8217;ostello. Questa \u00e8 probabilmente l&#8217;opzione pi\u00f9 economica e veloce.<\/li>\n\n\n\n<li><em>Taxi<\/em>: Se preferisci il taxi, il tragitto dall&#8217;aeroporto all&#8217;ostello dovrebbe durare circa 20 minuti. \u00c8 pi\u00f9 costoso della metropolitana, ma pu\u00f2 essere pi\u00f9 comodo se devi trasportare molti bagagli.<\/li>\n<\/ol>\n\n<h4 class=\"wp-block-heading\">Stazione ferroviaria Joaqu\u00edn Sorolla<\/h4>\n\n<ol class=\"wp-block-list\">\n<li><em>A piedi<\/em>: Se non ti dispiace camminare un po&#8217;, puoi raggiungere l&#8217;ostello in circa 25 minuti.<\/li>\n\n\n\n<li><em>Metro<\/em>: puoi prendere la linea 1 dalla stazione Joaqu\u00edn Sorolla alla stazione X\u00e0tiva. Da l\u00ec, l&#8217;ostello dista circa 10 minuti a piedi.<\/li>\n<\/ol>\n\n<h4 class=\"wp-block-heading\">Dalla Stazione Nord<\/h4>\n\n<ol class=\"wp-block-list\">\n<li><em>A piedi<\/em>: Dalla Stazione Nord, l&#8217;H\u00f4me Youth Hostel dista circa 10 minuti a piedi.<\/li>\n<\/ol>\n\n<h3 class=\"wp-block-heading\">H\u00f4me Youth Hostel Valencia Indirizzo<\/h3>\n\n<p>H\u00f4me Youth Hostel Valencia is located at Calle la Lonja 4, right in the historic center of Valencia. It&#8217;s steps away from the Lonja de la Seda and just a few minutes from Valencia Cathedral.<\/p>\n\n<h3 class=\"wp-block-heading\">I dintorni<\/h3>\n\n<p>Nelle vicinanze dell&#8217;ostello troverai numerosi bar, ristoranti e negozi. \u00c8 anche molto vicino a Plaza de la Virgen e Plaza de la Reina, due dei luoghi pi\u00f9 emblematici di Valencia.<\/p>\n\n<hr class=\"wp-block-separator has-alpha-channel-opacity\"\/>\n\n<p>Speriamo che questa guida sia utile per raggiungere l&#8217;H\u00f4me Youth Hostel Valencia. Se hai altre domande, non esitare a chiedere! Buon viaggio!<\/p>\n\n<h2 class=\"wp-block-heading\" id=\"h-parking-and-interest-information\">Parcheggio e informazioni di interesse<\/h2>\n\n<ul class=\"wp-block-list\">\n<li>\u00c8 possibile parcheggiare sulla strada, in quanto non ci sono tasse o tasse per il parcheggio.<\/li>\n<\/ul>\n\n<h3 class=\"wp-block-heading\" id=\"h-important\">Importante<\/h3>\n\n<p>\u00c8 possibile acquistare vari tipi di carte di viaggio (carte di viaggio), a seconda della durata del vostro soggiorno a Valencia:<\/p>\n\n<ul class=\"wp-block-list\">\n<li>Bonobo individuali di 10 viaggi con una durata di 1 ora per ogni viaggio (solo autobus) \u20ac9.<\/li>\n\n\n\n<li>Bonometro for 10 trips, each trip is valid until you leave the Metro (i.e. you can change lines) \u20ac9.<\/li>\n\n\n\n<li>Metrobus, un biglietto combinato che puoi utilizzare sulla metropolitana e sull&#8217;autobus. (\u20ac9)<\/li>\n\n\n\n<li>Se hai bisogno di una bicicletta, puoi noleggiarla nel nostro ostello della giovent\u00f9 e cos\u00ec pagherai il prezzo pi\u00f9 economico della citt\u00e0.<\/li>\n<\/ul>\n\n<p>Per maggiori informazioni sui biglietti dell&#8217;autobus, sulle linee e sugli orari, puoi visitare il sito ufficiale dell&#8217;Azienda Municipale dei Trasporti (EMT).&#13;\nSe vuoi maggiori informazioni sulla metropolitana di Valencia, sugli orari, sulle date e su altri dettagli, puoi visitare il sito ufficiale della metropolitana di Valencia.&#13;\nInoltre, se sei un amante della bicicletta e preferisci goderti Valencia in bicicletta, puoi visitare il sito ufficiale di Valenbisi.<\/p>\n\n<h3 class=\"wp-block-heading\" id=\"h-places-that-we-have-very-close\">Luoghi che abbiamo molto vicino.<\/h3>\n\n<ul class=\"wp-block-list\">\n<li>Lonja de la Seda de Valencia.<\/li>\n\n\n\n<li>Mercato centrale.<\/li>\n\n\n\n<li>Il centro storico di Valencia.<\/li>\n\n\n\n<li>Cattedrale di Valencia.<\/li>\n\n\n\n<li>Torre del Miguelete.<\/li>\n\n\n\n<li>Plaza de Manises.<\/li>\n\n\n\n<li>Plaza de Manises.<\/li>\n\n\n\n<li>Archidi\u00f3cesis de Valencia.<\/li>\n\n\n\n<li>Quartiere di Carmen.<\/li>\n<\/ul>\n\n<p><\/p>\n","protected":false},"excerpt":{"rendered":"<p>Posizione H\u00f4me Youth Hostel Valencia. Il nostro ostello si trova nel centro di Valencia a pochi metri dai luoghi turistici di Valencia. \u00c8 anche collegato a molte linee di autobus, vicino alla stazione ferroviaria e la stazione degli autobus di Valencia e Bocas de metros per raggiungere qualsiasi luogo a Valencia<\/p>\n","protected":false},"author":13,"featured_media":206258,"parent":0,"menu_order":0,"comment_status":"closed","ping_status":"closed","template":"","meta":{"footnotes":""},"class_list":["post-5854","page","type-page","status-publish","has-post-thumbnail","hentry"],"yoast_head":"<!-- This site is optimized with the Yoast SEO plugin v27.4 - https:\/\/yoast.com\/product\/yoast-seo-wordpress\/ -->\n<title>Posizione H\u00f4me Youth Hostel Valencia\u00ae Rooms Camere centro Valencia<\/title>\n<meta name=\"description\" content=\"Posizione H\u00f4me Youth Hostel Valencia \u00ae nel centro storico, dietro la Lonja de Seda. Molto vicino ai mezzi pubblici (autobus, metropolitana, biciclette)\" \/>\n<meta name=\"robots\" content=\"index, follow, max-snippet:-1, max-image-preview:large, max-video-preview:-1\" \/>\n<link rel=\"canonical\" href=\"https:\/\/feetuphostels.com\/it\/posizione-home-youth-hostel-valencia\/\" \/>\n<meta property=\"og:locale\" content=\"it_IT\" \/>\n<meta property=\"og:type\" content=\"article\" \/>\n<meta property=\"og:title\" content=\"Posizione H\u00f4me Youth Hostel Valencia\u00ae Rooms Camere centro Valencia\" \/>\n<meta property=\"og:description\" content=\"Posizione H\u00f4me Youth Hostel Valencia \u00ae nel centro storico, dietro la Lonja de Seda. Molto vicino ai mezzi pubblici (autobus, metropolitana, biciclette)\" \/>\n<meta property=\"og:url\" content=\"https:\/\/feetuphostels.com\/it\/posizione-home-youth-hostel-valencia\/\" \/>\n<meta property=\"og:site_name\" content=\"Feet Up Hostels\" \/>\n<meta property=\"article:publisher\" content=\"https:\/\/facebook.com\/feetuphostelsgroup\" \/>\n<meta property=\"article:modified_time\" content=\"2024-11-06T17:35:06+00:00\" \/>\n<meta property=\"og:image\" content=\"https:\/\/feetuphostels.com\/wp-content\/uploads\/2022\/12\/location-home-youth-hostel-valencia.jpg\" \/>\n\t<meta property=\"og:image:width\" content=\"900\" \/>\n\t<meta property=\"og:image:height\" content=\"600\" \/>\n\t<meta property=\"og:image:type\" content=\"image\/jpeg\" \/>\n<meta name=\"twitter:card\" content=\"summary_large_image\" \/>\n<meta name=\"twitter:site\" content=\"@feetuphostels\" \/>\n<meta name=\"twitter:label1\" content=\"Tempo di lettura stimato\" \/>\n\t<meta name=\"twitter:data1\" content=\"2 minuti\" \/>\n<script type=\"application\/ld+json\" class=\"yoast-schema-graph\">{\"@context\":\"https:\\\/\\\/schema.org\",\"@graph\":[{\"@type\":\"WebPage\",\"@id\":\"https:\\\/\\\/feetuphostels.com\\\/it\\\/posizione-home-youth-hostel-valencia\\\/\",\"url\":\"https:\\\/\\\/feetuphostels.com\\\/it\\\/posizione-home-youth-hostel-valencia\\\/\",\"name\":\"Posizione H\u00f4me Youth Hostel Valencia\u00ae Rooms Camere centro Valencia\",\"isPartOf\":{\"@id\":\"https:\\\/\\\/feetuphostels.com\\\/it\\\/#website\"},\"primaryImageOfPage\":{\"@id\":\"https:\\\/\\\/feetuphostels.com\\\/it\\\/posizione-home-youth-hostel-valencia\\\/#primaryimage\"},\"image\":{\"@id\":\"https:\\\/\\\/feetuphostels.com\\\/it\\\/posizione-home-youth-hostel-valencia\\\/#primaryimage\"},\"thumbnailUrl\":\"https:\\\/\\\/feetuphostels.com\\\/wp-content\\\/uploads\\\/2022\\\/12\\\/location-home-youth-hostel-valencia.jpg\",\"datePublished\":\"2017-12-03T22:01:24+00:00\",\"dateModified\":\"2024-11-06T17:35:06+00:00\",\"description\":\"Posizione H\u00f4me Youth Hostel Valencia \u00ae nel centro storico, dietro la Lonja de Seda. Molto vicino ai mezzi pubblici (autobus, metropolitana, biciclette)\",\"breadcrumb\":{\"@id\":\"https:\\\/\\\/feetuphostels.com\\\/it\\\/posizione-home-youth-hostel-valencia\\\/#breadcrumb\"},\"inLanguage\":\"it-IT\",\"potentialAction\":[{\"@type\":\"ReadAction\",\"target\":[\"https:\\\/\\\/feetuphostels.com\\\/it\\\/posizione-home-youth-hostel-valencia\\\/\"]}]},{\"@type\":\"ImageObject\",\"inLanguage\":\"it-IT\",\"@id\":\"https:\\\/\\\/feetuphostels.com\\\/it\\\/posizione-home-youth-hostel-valencia\\\/#primaryimage\",\"url\":\"https:\\\/\\\/feetuphostels.com\\\/wp-content\\\/uploads\\\/2022\\\/12\\\/location-home-youth-hostel-valencia.jpg\",\"contentUrl\":\"https:\\\/\\\/feetuphostels.com\\\/wp-content\\\/uploads\\\/2022\\\/12\\\/location-home-youth-hostel-valencia.jpg\",\"width\":900,\"height\":600,\"caption\":\"Posizione H\u00f4me Youth Hostel Valencia\"},{\"@type\":\"BreadcrumbList\",\"@id\":\"https:\\\/\\\/feetuphostels.com\\\/it\\\/posizione-home-youth-hostel-valencia\\\/#breadcrumb\",\"itemListElement\":[{\"@type\":\"ListItem\",\"position\":1,\"name\":\"Home\",\"item\":\"https:\\\/\\\/feetuphostels.com\\\/it\\\/\"},{\"@type\":\"ListItem\",\"position\":2,\"name\":\"Posizione H\u00f4me Youth Hostel Valencia\"}]},{\"@type\":\"WebSite\",\"@id\":\"https:\\\/\\\/feetuphostels.com\\\/it\\\/#website\",\"url\":\"https:\\\/\\\/feetuphostels.com\\\/it\\\/\",\"name\":\"Feet Up Hostels\",\"description\":\"Ostelli della giovent\u00f9 e alloggi a Valencia, Spagna. Siamo specialisti della cordialit\u00e0\",\"publisher\":{\"@id\":\"https:\\\/\\\/feetuphostels.com\\\/it\\\/#organization\"},\"alternateName\":\"Feet Up Hostels\",\"potentialAction\":[{\"@type\":\"SearchAction\",\"target\":{\"@type\":\"EntryPoint\",\"urlTemplate\":\"https:\\\/\\\/feetuphostels.com\\\/it\\\/?s={search_term_string}\"},\"query-input\":{\"@type\":\"PropertyValueSpecification\",\"valueRequired\":true,\"valueName\":\"search_term_string\"}}],\"inLanguage\":\"it-IT\"},{\"@type\":\"Organization\",\"@id\":\"https:\\\/\\\/feetuphostels.com\\\/it\\\/#organization\",\"name\":\"Feet Up Hostels\",\"alternateName\":\"Feet Up Hostels\",\"url\":\"https:\\\/\\\/feetuphostels.com\\\/it\\\/\",\"logo\":{\"@type\":\"ImageObject\",\"inLanguage\":\"it-IT\",\"@id\":\"https:\\\/\\\/feetuphostels.com\\\/it\\\/#\\\/schema\\\/logo\\\/image\\\/\",\"url\":\"https:\\\/\\\/feetuphostels.com\\\/wp-content\\\/uploads\\\/2019\\\/01\\\/logo-web-amp-feetuphostels.svg\",\"contentUrl\":\"https:\\\/\\\/feetuphostels.com\\\/wp-content\\\/uploads\\\/2019\\\/01\\\/logo-web-amp-feetuphostels.svg\",\"width\":1,\"height\":1,\"caption\":\"Feet Up Hostels\"},\"image\":{\"@id\":\"https:\\\/\\\/feetuphostels.com\\\/it\\\/#\\\/schema\\\/logo\\\/image\\\/\"},\"sameAs\":[\"https:\\\/\\\/facebook.com\\\/feetuphostelsgroup\",\"https:\\\/\\\/x.com\\\/feetuphostels\",\"https:\\\/\\\/www.instagram.com\\\/feetuphostels\\\/\",\"https:\\\/\\\/www.tiktok.com\\\/@feetuphostels\",\"https:\\\/\\\/www.linkedin.com\\\/company\\\/feetuphostelsgroup\\\/\",\"https:\\\/\\\/www.pinterest.es\\\/FeetupHostels\\\/\",\"https:\\\/\\\/www.youtube.com\\\/feetuphostels\"]}]}<\/script>\n<!-- \/ Yoast SEO plugin. -->","yoast_head_json":{"title":"Posizione H\u00f4me Youth Hostel Valencia\u00ae Rooms Camere centro Valencia","description":"Posizione H\u00f4me Youth Hostel Valencia \u00ae nel centro storico, dietro la Lonja de Seda. Molto vicino ai mezzi pubblici (autobus, metropolitana, biciclette)","robots":{"index":"index","follow":"follow","max-snippet":"max-snippet:-1","max-image-preview":"max-image-preview:large","max-video-preview":"max-video-preview:-1"},"canonical":"https:\/\/feetuphostels.com\/it\/posizione-home-youth-hostel-valencia\/","og_locale":"it_IT","og_type":"article","og_title":"Posizione H\u00f4me Youth Hostel Valencia\u00ae Rooms Camere centro Valencia","og_description":"Posizione H\u00f4me Youth Hostel Valencia \u00ae nel centro storico, dietro la Lonja de Seda. Molto vicino ai mezzi pubblici (autobus, metropolitana, biciclette)","og_url":"https:\/\/feetuphostels.com\/it\/posizione-home-youth-hostel-valencia\/","og_site_name":"Feet Up Hostels","article_publisher":"https:\/\/facebook.com\/feetuphostelsgroup","article_modified_time":"2024-11-06T17:35:06+00:00","og_image":[{"width":900,"height":600,"url":"https:\/\/feetuphostels.com\/wp-content\/uploads\/2022\/12\/location-home-youth-hostel-valencia.jpg","type":"image\/jpeg"}],"twitter_card":"summary_large_image","twitter_site":"@feetuphostels","twitter_misc":{"Tempo di lettura stimato":"2 minuti"},"schema":{"@context":"https:\/\/schema.org","@graph":[{"@type":"WebPage","@id":"https:\/\/feetuphostels.com\/it\/posizione-home-youth-hostel-valencia\/","url":"https:\/\/feetuphostels.com\/it\/posizione-home-youth-hostel-valencia\/","name":"Posizione H\u00f4me Youth Hostel Valencia\u00ae Rooms Camere centro Valencia","isPartOf":{"@id":"https:\/\/feetuphostels.com\/it\/#website"},"primaryImageOfPage":{"@id":"https:\/\/feetuphostels.com\/it\/posizione-home-youth-hostel-valencia\/#primaryimage"},"image":{"@id":"https:\/\/feetuphostels.com\/it\/posizione-home-youth-hostel-valencia\/#primaryimage"},"thumbnailUrl":"https:\/\/feetuphostels.com\/wp-content\/uploads\/2022\/12\/location-home-youth-hostel-valencia.jpg","datePublished":"2017-12-03T22:01:24+00:00","dateModified":"2024-11-06T17:35:06+00:00","description":"Posizione H\u00f4me Youth Hostel Valencia \u00ae nel centro storico, dietro la Lonja de Seda. Molto vicino ai mezzi pubblici (autobus, metropolitana, biciclette)","breadcrumb":{"@id":"https:\/\/feetuphostels.com\/it\/posizione-home-youth-hostel-valencia\/#breadcrumb"},"inLanguage":"it-IT","potentialAction":[{"@type":"ReadAction","target":["https:\/\/feetuphostels.com\/it\/posizione-home-youth-hostel-valencia\/"]}]},{"@type":"ImageObject","inLanguage":"it-IT","@id":"https:\/\/feetuphostels.com\/it\/posizione-home-youth-hostel-valencia\/#primaryimage","url":"https:\/\/feetuphostels.com\/wp-content\/uploads\/2022\/12\/location-home-youth-hostel-valencia.jpg","contentUrl":"https:\/\/feetuphostels.com\/wp-content\/uploads\/2022\/12\/location-home-youth-hostel-valencia.jpg","width":900,"height":600,"caption":"Posizione H\u00f4me Youth Hostel Valencia"},{"@type":"BreadcrumbList","@id":"https:\/\/feetuphostels.com\/it\/posizione-home-youth-hostel-valencia\/#breadcrumb","itemListElement":[{"@type":"ListItem","position":1,"name":"Home","item":"https:\/\/feetuphostels.com\/it\/"},{"@type":"ListItem","position":2,"name":"Posizione H\u00f4me Youth Hostel Valencia"}]},{"@type":"WebSite","@id":"https:\/\/feetuphostels.com\/it\/#website","url":"https:\/\/feetuphostels.com\/it\/","name":"Feet Up Hostels","description":"Ostelli della giovent\u00f9 e alloggi a Valencia, Spagna. Siamo specialisti della cordialit\u00e0","publisher":{"@id":"https:\/\/feetuphostels.com\/it\/#organization"},"alternateName":"Feet Up Hostels","potentialAction":[{"@type":"SearchAction","target":{"@type":"EntryPoint","urlTemplate":"https:\/\/feetuphostels.com\/it\/?s={search_term_string}"},"query-input":{"@type":"PropertyValueSpecification","valueRequired":true,"valueName":"search_term_string"}}],"inLanguage":"it-IT"},{"@type":"Organization","@id":"https:\/\/feetuphostels.com\/it\/#organization","name":"Feet Up Hostels","alternateName":"Feet Up Hostels","url":"https:\/\/feetuphostels.com\/it\/","logo":{"@type":"ImageObject","inLanguage":"it-IT","@id":"https:\/\/feetuphostels.com\/it\/#\/schema\/logo\/image\/","url":"https:\/\/feetuphostels.com\/wp-content\/uploads\/2019\/01\/logo-web-amp-feetuphostels.svg","contentUrl":"https:\/\/feetuphostels.com\/wp-content\/uploads\/2019\/01\/logo-web-amp-feetuphostels.svg","width":1,"height":1,"caption":"Feet Up Hostels"},"image":{"@id":"https:\/\/feetuphostels.com\/it\/#\/schema\/logo\/image\/"},"sameAs":["https:\/\/facebook.com\/feetuphostelsgroup","https:\/\/x.com\/feetuphostels","https:\/\/www.instagram.com\/feetuphostels\/","https:\/\/www.tiktok.com\/@feetuphostels","https:\/\/www.linkedin.com\/company\/feetuphostelsgroup\/","https:\/\/www.pinterest.es\/FeetupHostels\/","https:\/\/www.youtube.com\/feetuphostels"]}]}},"_links":{"self":[{"href":"https:\/\/feetuphostels.com\/it\/wp-json\/wp\/v2\/pages\/5854","targetHints":{"allow":["GET"]}}],"collection":[{"href":"https:\/\/feetuphostels.com\/it\/wp-json\/wp\/v2\/pages"}],"about":[{"href":"https:\/\/feetuphostels.com\/it\/wp-json\/wp\/v2\/types\/page"}],"author":[{"embeddable":true,"href":"https:\/\/feetuphostels.com\/it\/wp-json\/wp\/v2\/users\/13"}],"replies":[{"embeddable":true,"href":"https:\/\/feetuphostels.com\/it\/wp-json\/wp\/v2\/comments?post=5854"}],"version-history":[{"count":0,"href":"https:\/\/feetuphostels.com\/it\/wp-json\/wp\/v2\/pages\/5854\/revisions"}],"wp:featuredmedia":[{"embeddable":true,"href":"https:\/\/feetuphostels.com\/it\/wp-json\/wp\/v2\/media\/206258"}],"wp:attachment":[{"href":"https:\/\/feetuphostels.com\/it\/wp-json\/wp\/v2\/media?parent=5854"}],"curies":[{"name":"wp","href":"https:\/\/api.w.org\/{rel}","templated":true}]}}