{"id":4708,"date":"2017-08-22T15:06:29","date_gmt":"2017-08-22T13:06:29","guid":{"rendered":"https:\/\/feetuphostels.com\/privacy-policy\/"},"modified":"2024-11-07T21:00:37","modified_gmt":"2024-11-07T20:00:37","slug":"informativa-privacy","status":"publish","type":"page","link":"https:\/\/feetuphostels.com\/it\/informativa-privacy\/","title":{"rendered":"Informativa sulla Privacy"},"content":{"rendered":"\n<h1 class=\"wp-block-heading has-text-align-center\" id=\"h-privacy-policy\">Informativa sulla privacy<\/h1>\n\n<h2 class=\"wp-block-heading\" id=\"h-1-who-is-responsible-for-processing-your-data\">1. Chi \u00e8 il responsabile del trattamento dei tuoi dati?<\/h2>\n\n<ul class=\"wp-block-list\">\n<li>La sua ragione sociale \u00e8: BOOKING HOSTELS S. L.<\/li>\n\n\n\n<li>CIF\/NIF\/NIE is: B98157274<\/li>\n\n\n\n<li>La sua sede legale \u00e8 a: C\/ RODRIGUEZ DE CEPEDA N\u00ba 35 \u2013 46021 VALENCIA.<\/li>\n\n\n\n<li>Phone: +34 963 28 55 15<\/li>\n\n\n\n<li>Email:\u00a0<a href=\"mailto:info@feetuphostels.com\">info@feetuphostels.com<\/a><\/li>\n<\/ul>\n\n<h2 class=\"wp-block-heading\" id=\"h-2-what-kind-of-data-do-we-have-about-you-and-how-did-we-obtain-it\">2. Che tipo di dati abbiamo su di te e come li abbiamo ottenuti?<\/h2>\n\n<p>Le categorie di dati personali che trattiamo su clienti e fornitori sono:<\/p>\n\n<ul class=\"wp-block-list\">\n<li>I. Dati identificativi<\/li>\n\n\n\n<li>II. Indirizzi postali o elettronici<\/li>\n\n\n\n<li>III. Informazioni commerciali<\/li>\n\n\n\n<li>IV. Dati economici e di transazione<\/li>\n\n\n\n<li>V. Dati di navigazione<\/li>\n\n\n\n<li>VI. Dati particolarmente protetti: salute, nel caso dei dipendenti<\/li>\n\n\n\n<li>VII. Immagine \/ voce<\/li>\n\n\n\n<li>VIII. Dati di geolocalizzazione<\/li>\n\n\n\n<li>IX. Dati biometrici<\/li>\n<\/ul>\n\n<p>Abbiamo ottenuto tutti i dati di cui sopra direttamente da voi attraverso la presentazione di un&#8217;offerta commerciale, proposta contrattuale, ecc., o attraverso la vostra azienda fornendoci i dati identificativi e altre informazioni necessarie per svolgere l&#8217;oggetto del rapporto contrattuale tra le parti. Sar\u00e0 un obbligo di te o della tua azienda fornirci i dati aggiornati in caso di modifica.<\/p>\n\n<h2 class=\"wp-block-heading\" id=\"h-3-for-what-purpose-do-we-process-your-data\">3. Per quali finalit\u00e0 trattiamo i tuoi dati?<\/h2>\n\n<p>Trattiamo i dati forniti dagli interessati al fine di gestire diverse attivit\u00e0 derivanti da specifiche procedure svolte in termini di vendita, assistenza post-vendita, gestione dei fornitori, qualit\u00e0 dei servizi, ecc. In questo modo, utilizzeremo i tuoi dati per eseguire una delle seguenti azioni:<\/p>\n\n<ul class=\"wp-block-list\">\n<li>I. Fornitura dei servizi richiesti o consegna del prodotto acquistato.<\/li>\n\n\n\n<li>II. Invio delle informazioni richieste attraverso il <a href=\"https:\/\/feetuphostels.com\/it\/servizio-clienti\/contattare\/\">modulo di contatto<\/a> sul nostro sito web o qualsiasi altro mezzo di contatto con la nostra azienda.<\/li>\n\n\n\n<li>III. Fornire sia ai potenziali clienti che ai nostri clienti, offerte di prodotti e servizi di interesse<\/li>\n\n\n\n<li>IV. Svolgere la gestione amministrativa, fiscale e contabile dei nostri clienti e \/ o fornitori<\/li>\n\n\n\n<li>V. Effettuare indagini di soddisfazione, studi di mercato, ecc. per poterti offrire le offerte pi\u00f9 adatte e la qualit\u00e0 del servizio ottimizzata, ecc.<\/li>\n\n\n\n<li>VI. Gestione del lavoro dei dipendenti.<\/li>\n<\/ul>\n\n<h2 class=\"wp-block-heading\" id=\"h-4-how-long-will-we-keep-your-data\">4. Per quanto tempo conserveremo i tuoi dati?<\/h2>\n\n<p>I dati personali relativi a persone fisiche legate a potenziali clienti, clienti e fornitori che raccogliamo attraverso i diversi moduli di contatto e\/o la raccolta di informazioni (compresi i dati raccolti attraverso i cookie, se applicabile) saranno conservati fino a quando le loro informazioni non saranno richieste.<\/p>\n\n<h3 class=\"wp-block-heading\">Cancellazione da parte dell&#8217;interessato.<\/h3>\n\n<p>I dati forniti dai nostri clienti e fornitori saranno conservati per tutto il tempo in cui verr\u00e0 mantenuto il rapporto commerciale tra le parti, rispettando, in ogni caso, i periodi minimi di conservazione previsti dalla legge a seconda della materia.<\/p>\n\n<p>I dati dei lavoratori saranno conservati per tutto il tempo in cui viene mantenuto il rapporto di lavoro e, in ogni caso, secondo quanto prescritto dalla legislazione del lavoro a tale scopo.<\/p>\n\n<p>Nel caso delle immagini ottenute dal sistema di videosorveglianza, il periodo di conservazione delle stesse sar\u00e0 di 1 mese, in conformit\u00e0 con le disposizioni dell&#8217;articolo 22.3 del LOPDGDD, a meno che non debbano essere conservate per la consegna alle autorit\u00e0 competenti.<\/p>\n\n<p>In ogni caso, conserveremo i tuoi dati personali per un periodo di tempo ragionevolmente necessario, tenendo conto delle nostre esigenze di rispondere alle domande che sorgono o risolvere i problemi, apportare miglioramenti, attivare nuovi servizi e rispettare i requisiti richiesti dalla legislazione applicabile.<\/p>\n\n<p>Ci\u00f2 significa che possiamo conservare i tuoi dati personali per un periodo di tempo ragionevole anche dopo che hai smesso di usare i nostri prodotti o dopo che hai smesso di usare questo sito web. Dopo questo periodo, i tuoi dati personali saranno cancellati da tutti i nostri sistemi.<\/p>\n\n<h2 class=\"wp-block-heading\" id=\"h-5-what-is-the-legal-basis-for-the-processing-of-your-data\">5. Qual \u00e8 la base giuridica per il trattamento dei vostri dati?<\/h2>\n\n<p>A seconda del tipo di trattamento dei dati, la base di legittimazione \u00e8 la seguente:<\/p>\n\n<figure class=\"wp-block-table\"><table><tbody><tr><td><strong>TRATTAMENTO<\/strong><\/td><td><strong>BASE DI LEGITTIMAZIONE<\/strong><\/td><\/tr><tr><td><strong>Gestione Contabile:<\/strong> gestione della fatturazione con clienti e \/ o fornitori<\/td><td>Mantenimento, sviluppo e controllo del rapporto contrattuale tra le parti<\/td><\/tr><tr><td><strong>Gestione fiscale:<\/strong> applicazione di ritenute, bonus, ecc.<\/td><td>Mantenimento, sviluppo e controllo del rapporto contrattuale tra le parti; Adempimento degli obblighi di legge<\/td><\/tr><tr><td><strong>Gestione amministrativa:<\/strong> gestione logistica, magazzino, consegne ai clienti, ricevimento della merce, ecc.<\/td><td>Mantenimento, sviluppo e controllo del rapporto contrattuale tra le parti<\/td><\/tr><tr><td><strong>Marketing:<\/strong> azioni commerciali sui nostri prodotti o servizi rivolte ai nostri clienti o a quelle persone che hanno richiesto informazioni sui nostri prodotti e servizi in passato, incluso lo svolgimento di sondaggi di soddisfazione per i nostri clienti.<\/td><td>Con il consenso libero e inequivocabile dell&#8217;interessato (potenziali clienti), si precisa che la revoca di tale consenso in nessun caso pu\u00f2 condizionare l&#8217;esecuzione del contratto tra le parti; il legittimo interesse della societ\u00e0 nella promozione e commercializzazione di prodotti o servizi analoghi a quelli ottenuti o richiesti dagli interessati in passato.<\/td><\/tr><tr><td><strong>Se sei un dipendente, per la gestione del lavoro:<\/strong> gestione amministrativa, contabile e fiscale dei dipendenti. <strong>Gestione della registrazione della giornata lavorativa:<\/strong> ora di inizio e fine della giornata, nonch\u00e9 straordinari.<\/td><td>Esecuzione di un contratto di lavoro. Conformit\u00e0 legale<\/td><\/tr><tr><td><strong>Video sorveglianza:<\/strong> Controllo del lavoro.<\/td><td>Esecuzione di un contratto. Articolo 89 LOPDGDD e 20.3 Statuto dei lavoratori.<\/td><\/tr><tr><td><strong>Immagini \/ voce<\/strong> dei lavoratori: pubblicazione di immagini \/ voce sul sito web aziendale, libri aziendali e <strong>RRSS al fine di far conoscere il personale.<\/strong><\/td><td>Consenso espresso dell&#8217;interessato.<\/td><\/tr><tr><td><strong>Geolocalizzazione:<\/strong> controllo del lavoro e dello spazio di veicoli e cellulari aziendali.<\/td><td>Esecuzione del contratto di lavoro. Articolo 20.3 dello Statuto dei lavoratori e 90 della LOPDGDD. L&#8217;interesse legittimo del responsabile.<\/td><\/tr><\/tbody><\/table><\/figure>\n\n<p>Nel caso in cui non fornissi i tuoi dati personali, non sarai in grado di eseguire il tuo contratto e rispettare obblighi di legge o quelli derivanti da pubbliche autorit\u00e0.<\/p>\n\n<h2 class=\"wp-block-heading\" id=\"h-6-to-which-recipients-will-your-data-be-communicated\">6. A quali destinatari verranno comunicati i tuoi dati?<\/h2>\n\n<p>Non trasferiremo i tuoi dati personali ad alcuna societ\u00e0 terza che intenda utilizzarli nelle sue azioni di marketing diretto, tranne nel caso in cui tu ci abbia espressamente autorizzato a farlo.<\/p>\n\n<p>La informiamo che possiamo fornire i Suoi dati personali a enti pubblici e Autorit\u00e0 competenti nei casi in cui siamo legalmente obbligati o nei casi in cui, agendo in buona fede, riteniamo che tale azione sia ragionevolmente necessaria per adempiere a un procedimento giudiziario. ; per rispondere a qualsiasi reclamo o richiesta legale o per proteggere i diritti della societ\u00e0 o dei suoi clienti e del pubblico in generale.<\/p>\n\n<p>La informiamo che i Suoi dati non saranno ceduti o comunicati a terzi, la societ\u00e0 \u00e8 l&#8217;unica responsabile del loro trattamento e custodia.<\/p>\n\n<p>S\u00ec, forniremo i tuoi dati personali a terzi (ad esempio, fornitori di servizi Internet che ci aiutano a gestire il nostro sito web o a svolgere i servizi previsti dal contratto, societ\u00e0 di assistenza e manutenzione informatica, societ\u00e0 di logistica, agenzie e consulenze fiscali e contabili, ecc.)<\/p>\n\n<p>In ogni caso, queste terze parti devono mantenere, in ogni momento, gli stessi livelli di sicurezza che noi adottiamo in relazione ai tuoi dati personali e, quando necessario, saranno vincolate da impegni legali al fine di mantenere i tuoi dati personali privati e sicuri. Inoltre, dovranno utilizzare le informazioni solo in base alle istruzioni specifiche dell&#8217;azienda.<\/p>\n\n<h2 class=\"wp-block-heading\" id=\"h-7-data-transfers-to-third-countries\">7. Trasferimenti di dati verso paesi terzi?<\/h2>\n\n<p>I trasferimenti di dati verso paesi terzi non sono previsti.<\/p>\n\n<h2 class=\"wp-block-heading\" id=\"h-8-what-are-your-rights-as-an-interested-party\">8. Quali sono i tuoi diritti in qualit\u00e0 di interessato?<\/h2>\n\n<p>Chiunque ha il diritto di ottenere conferma sul fatto che stiamo trattando o meno dati personali che lo riguardano.<\/p>\n\n<p>In particolare, gli interessati possono richiedere il diritto di accesso ai propri dati personali, nonch\u00e9 riceverli in un formato comune e in lettura meccanica se il trattamento \u00e8 effettuato con mezzi elettronici (diritto alla portabilit\u00e0).<\/p>\n\n<p>Allo stesso modo, gli interessati possono chiedere il diritto di rettificare i dati inesatti o, se del caso, chiederne la cancellazione quando, tra le altre ragioni, i dati non sono pi\u00f9 necessari per gli scopi per cui sono stati raccolti.<\/p>\n\n<p>Inoltre, in determinate circostanze, gli interessati possono richiedere la limitazione del trattamento dei loro dati o, in determinate circostanze e per motivi legati alla loro particolare situazione, gli interessati possono esercitare il diritto di opporsi al trattamento dei loro dati.<\/p>\n\n<p>Interromperemo il trattamento dei dati, tranne che per motivi legittimi e impellenti, per l&#8217;esercizio o la difesa di eventuali rivendicazioni o per le eccezioni previste dalla normativa vigente.<\/p>\n\n<p>Allo stesso modo, ti informiamo che hai il diritto di ritirare il tuo consenso concesso in qualsiasi momento, senza pregiudicare la liceit\u00e0 del trattamento basato sul consenso pri o alla sua revoca.<\/p>\n\n<p>Allo stesso modo, l&#8217;Utente \u00e8 informato che in qualsiasi momento pu\u00f2 esercitare i suddetti diritti scrivendoci utilizzando le informazioni di contatto che appaiono al punto 1 e allegando una copia del suo ID.<\/p>\n\n<p>Avrai inoltre il diritto di presentare un reclamo all&#8217;Agenzia spagnola per la protezione dei dati personali, soprattutto se non hai ottenuto soddisfazione nell&#8217;esercizio dei tuoi diritti. <a href=\"https:\/\/www.agpd.es\/portalwebAGPD\/index-ides-idphp.php\" target=\"_blank\" rel=\"noopener\">Agenzia per la protezione dei dati<\/a><\/p>\n\n<p>D&#8217;altra parte, in conformit\u00e0 con le disposizioni della legge 34\/2002, dell &#8216; 11 luglio, sui servizi della societ\u00e0 dell&#8217;informazione e del commercio elettronico, ci impegniamo a non inviare informazioni commerciali se ci hai informato.<\/p>\n\n<figure class=\"wp-block-image aligncenter size-full\"><img fetchpriority=\"high\" decoding=\"async\" width=\"1024\" height=\"680\" src=\"https:\/\/feetuphostels.com\/wp-content\/uploads\/2023\/05\/privacy-policy-feetup-hostels.jpg\" alt=\"Informativa sulla privacy Feet Up Hostels\" class=\"wp-image-216415\" srcset=\"https:\/\/feetuphostels.com\/wp-content\/uploads\/2023\/05\/privacy-policy-feetup-hostels.jpg 1024w, https:\/\/feetuphostels.com\/wp-content\/uploads\/2023\/05\/privacy-policy-feetup-hostels-300x199.jpg 300w, https:\/\/feetuphostels.com\/wp-content\/uploads\/2023\/05\/privacy-policy-feetup-hostels-768x510.jpg 768w\" sizes=\"(max-width: 1024px) 100vw, 1024px\" \/><figcaption class=\"wp-element-caption\">Informativa sulla privacy Feet Up Hostels<\/figcaption><\/figure>\n","protected":false},"excerpt":{"rendered":"<p>Politica sulla privacy e politica sulla protezione dei dati. Ai sensi del vigente Regolamento (UE) 2016\/679, informiamo che i dati personali degli utenti del sito web saranno trattati per svolgere attivit\u00e0 amministrative, contabili e fiscali, nonch\u00e9 per inviarle comunicazioni commerciali relative ai nostri prodotti e \/ o servizi. Tale trattamento dei tuoi dati sar\u00e0 coperto dal tuo consenso. Cliccando sul pulsante &#8220;INVIA&#8221;, l&#8217;Utente acconsente al trattamento dei propri dati da parte della societ\u00e0.<br \/>\nInoltre, ti informiamo che, salvo obbligo legale o consenso espresso da parte tua, non trasmetteremo i tuoi dati a terzi.<\/p>\n","protected":false},"author":13,"featured_media":216419,"parent":0,"menu_order":0,"comment_status":"closed","ping_status":"closed","template":"","meta":{"footnotes":""},"class_list":["post-4708","page","type-page","status-publish","has-post-thumbnail","hentry"],"yoast_head":"<!-- This site is optimized with the Yoast SEO plugin v27.3 - https:\/\/yoast.com\/product\/yoast-seo-wordpress\/ -->\n<title>Informativa sulla Privacy de Feetup Hostels. https:\/\/feetuphostels.com<\/title>\n<meta name=\"description\" content=\"Informativa sulla privacy Sito Web di Feet Up Hostels https:\/\/feetuphostels.com \/ Chi \u00e8 responsabile del trattamento dei tuoi dati? a piedi Up Hostels Gruppo\" \/>\n<meta name=\"robots\" content=\"index, follow, max-snippet:-1, max-image-preview:large, max-video-preview:-1\" \/>\n<link rel=\"canonical\" href=\"https:\/\/feetuphostels.com\/it\/informativa-privacy\/\" \/>\n<meta property=\"og:locale\" content=\"it_IT\" \/>\n<meta property=\"og:type\" content=\"article\" \/>\n<meta property=\"og:title\" content=\"Informativa sulla Privacy de Feetup Hostels. https:\/\/feetuphostels.com\" \/>\n<meta property=\"og:description\" content=\"Informativa sulla privacy Sito Web di Feet Up Hostels https:\/\/feetuphostels.com \/ Chi \u00e8 responsabile del trattamento dei tuoi dati? a piedi Up Hostels Gruppo\" \/>\n<meta property=\"og:url\" content=\"https:\/\/feetuphostels.com\/it\/informativa-privacy\/\" \/>\n<meta property=\"og:site_name\" content=\"Feet Up Hostels\" \/>\n<meta property=\"article:publisher\" content=\"https:\/\/facebook.com\/feetuphostelsgroup\" \/>\n<meta property=\"article:modified_time\" content=\"2024-11-07T20:00:37+00:00\" \/>\n<meta property=\"og:image\" content=\"https:\/\/feetuphostels.com\/wp-content\/uploads\/2023\/05\/privacy-policy-feetup-hostels.jpg\" \/>\n\t<meta property=\"og:image:width\" content=\"1024\" \/>\n\t<meta property=\"og:image:height\" content=\"680\" \/>\n\t<meta property=\"og:image:type\" content=\"image\/jpeg\" \/>\n<meta name=\"twitter:card\" content=\"summary_large_image\" \/>\n<meta name=\"twitter:site\" content=\"@feetuphostels\" \/>\n<meta name=\"twitter:label1\" content=\"Tempo di lettura stimato\" \/>\n\t<meta name=\"twitter:data1\" content=\"7 minuti\" \/>\n<script type=\"application\/ld+json\" class=\"yoast-schema-graph\">{\"@context\":\"https:\\\/\\\/schema.org\",\"@graph\":[{\"@type\":\"WebPage\",\"@id\":\"https:\\\/\\\/feetuphostels.com\\\/it\\\/informativa-privacy\\\/\",\"url\":\"https:\\\/\\\/feetuphostels.com\\\/it\\\/informativa-privacy\\\/\",\"name\":\"Informativa sulla Privacy de Feetup Hostels. https:\\\/\\\/feetuphostels.com\",\"isPartOf\":{\"@id\":\"https:\\\/\\\/feetuphostels.com\\\/it\\\/#website\"},\"primaryImageOfPage\":{\"@id\":\"https:\\\/\\\/feetuphostels.com\\\/it\\\/informativa-privacy\\\/#primaryimage\"},\"image\":{\"@id\":\"https:\\\/\\\/feetuphostels.com\\\/it\\\/informativa-privacy\\\/#primaryimage\"},\"thumbnailUrl\":\"https:\\\/\\\/feetuphostels.com\\\/wp-content\\\/uploads\\\/2023\\\/05\\\/privacy-policy-feetup-hostels.jpg\",\"datePublished\":\"2017-08-22T13:06:29+00:00\",\"dateModified\":\"2024-11-07T20:00:37+00:00\",\"description\":\"Informativa sulla privacy Sito Web di Feet Up Hostels https:\\\/\\\/feetuphostels.com \\\/ Chi \u00e8 responsabile del trattamento dei tuoi dati? a piedi Up Hostels Gruppo\",\"breadcrumb\":{\"@id\":\"https:\\\/\\\/feetuphostels.com\\\/it\\\/informativa-privacy\\\/#breadcrumb\"},\"inLanguage\":\"it-IT\",\"potentialAction\":[{\"@type\":\"ReadAction\",\"target\":[\"https:\\\/\\\/feetuphostels.com\\\/it\\\/informativa-privacy\\\/\"]}]},{\"@type\":\"ImageObject\",\"inLanguage\":\"it-IT\",\"@id\":\"https:\\\/\\\/feetuphostels.com\\\/it\\\/informativa-privacy\\\/#primaryimage\",\"url\":\"https:\\\/\\\/feetuphostels.com\\\/wp-content\\\/uploads\\\/2023\\\/05\\\/privacy-policy-feetup-hostels.jpg\",\"contentUrl\":\"https:\\\/\\\/feetuphostels.com\\\/wp-content\\\/uploads\\\/2023\\\/05\\\/privacy-policy-feetup-hostels.jpg\",\"width\":1024,\"height\":680,\"caption\":\"Informativa sulla privacy Feet Up Hostels\"},{\"@type\":\"BreadcrumbList\",\"@id\":\"https:\\\/\\\/feetuphostels.com\\\/it\\\/informativa-privacy\\\/#breadcrumb\",\"itemListElement\":[{\"@type\":\"ListItem\",\"position\":1,\"name\":\"Home\",\"item\":\"https:\\\/\\\/feetuphostels.com\\\/it\\\/\"},{\"@type\":\"ListItem\",\"position\":2,\"name\":\"Informativa sulla Privacy\"}]},{\"@type\":\"WebSite\",\"@id\":\"https:\\\/\\\/feetuphostels.com\\\/it\\\/#website\",\"url\":\"https:\\\/\\\/feetuphostels.com\\\/it\\\/\",\"name\":\"Feet Up Hostels\",\"description\":\"Ostelli della giovent\u00f9 e alloggi a Valencia, Spagna. Siamo specialisti della cordialit\u00e0\",\"publisher\":{\"@id\":\"https:\\\/\\\/feetuphostels.com\\\/it\\\/#organization\"},\"alternateName\":\"Feet Up Hostels\",\"potentialAction\":[{\"@type\":\"SearchAction\",\"target\":{\"@type\":\"EntryPoint\",\"urlTemplate\":\"https:\\\/\\\/feetuphostels.com\\\/it\\\/?s={search_term_string}\"},\"query-input\":{\"@type\":\"PropertyValueSpecification\",\"valueRequired\":true,\"valueName\":\"search_term_string\"}}],\"inLanguage\":\"it-IT\"},{\"@type\":\"Organization\",\"@id\":\"https:\\\/\\\/feetuphostels.com\\\/it\\\/#organization\",\"name\":\"Feet Up Hostels\",\"alternateName\":\"Feet Up Hostels\",\"url\":\"https:\\\/\\\/feetuphostels.com\\\/it\\\/\",\"logo\":{\"@type\":\"ImageObject\",\"inLanguage\":\"it-IT\",\"@id\":\"https:\\\/\\\/feetuphostels.com\\\/it\\\/#\\\/schema\\\/logo\\\/image\\\/\",\"url\":\"https:\\\/\\\/feetuphostels.com\\\/wp-content\\\/uploads\\\/2019\\\/01\\\/logo-web-amp-feetuphostels.svg\",\"contentUrl\":\"https:\\\/\\\/feetuphostels.com\\\/wp-content\\\/uploads\\\/2019\\\/01\\\/logo-web-amp-feetuphostels.svg\",\"width\":1,\"height\":1,\"caption\":\"Feet Up Hostels\"},\"image\":{\"@id\":\"https:\\\/\\\/feetuphostels.com\\\/it\\\/#\\\/schema\\\/logo\\\/image\\\/\"},\"sameAs\":[\"https:\\\/\\\/facebook.com\\\/feetuphostelsgroup\",\"https:\\\/\\\/x.com\\\/feetuphostels\",\"https:\\\/\\\/www.instagram.com\\\/feetuphostels\\\/\",\"https:\\\/\\\/www.tiktok.com\\\/@feetuphostels\",\"https:\\\/\\\/www.linkedin.com\\\/company\\\/feetuphostelsgroup\\\/\",\"https:\\\/\\\/www.pinterest.es\\\/FeetupHostels\\\/\",\"https:\\\/\\\/www.youtube.com\\\/feetuphostels\"]}]}<\/script>\n<!-- \/ Yoast SEO plugin. -->","yoast_head_json":{"title":"Informativa sulla Privacy de Feetup Hostels. https:\/\/feetuphostels.com","description":"Informativa sulla privacy Sito Web di Feet Up Hostels https:\/\/feetuphostels.com \/ Chi \u00e8 responsabile del trattamento dei tuoi dati? a piedi Up Hostels Gruppo","robots":{"index":"index","follow":"follow","max-snippet":"max-snippet:-1","max-image-preview":"max-image-preview:large","max-video-preview":"max-video-preview:-1"},"canonical":"https:\/\/feetuphostels.com\/it\/informativa-privacy\/","og_locale":"it_IT","og_type":"article","og_title":"Informativa sulla Privacy de Feetup Hostels. https:\/\/feetuphostels.com","og_description":"Informativa sulla privacy Sito Web di Feet Up Hostels https:\/\/feetuphostels.com \/ Chi \u00e8 responsabile del trattamento dei tuoi dati? a piedi Up Hostels Gruppo","og_url":"https:\/\/feetuphostels.com\/it\/informativa-privacy\/","og_site_name":"Feet Up Hostels","article_publisher":"https:\/\/facebook.com\/feetuphostelsgroup","article_modified_time":"2024-11-07T20:00:37+00:00","og_image":[{"width":1024,"height":680,"url":"https:\/\/feetuphostels.com\/wp-content\/uploads\/2023\/05\/privacy-policy-feetup-hostels.jpg","type":"image\/jpeg"}],"twitter_card":"summary_large_image","twitter_site":"@feetuphostels","twitter_misc":{"Tempo di lettura stimato":"7 minuti"},"schema":{"@context":"https:\/\/schema.org","@graph":[{"@type":"WebPage","@id":"https:\/\/feetuphostels.com\/it\/informativa-privacy\/","url":"https:\/\/feetuphostels.com\/it\/informativa-privacy\/","name":"Informativa sulla Privacy de Feetup Hostels. https:\/\/feetuphostels.com","isPartOf":{"@id":"https:\/\/feetuphostels.com\/it\/#website"},"primaryImageOfPage":{"@id":"https:\/\/feetuphostels.com\/it\/informativa-privacy\/#primaryimage"},"image":{"@id":"https:\/\/feetuphostels.com\/it\/informativa-privacy\/#primaryimage"},"thumbnailUrl":"https:\/\/feetuphostels.com\/wp-content\/uploads\/2023\/05\/privacy-policy-feetup-hostels.jpg","datePublished":"2017-08-22T13:06:29+00:00","dateModified":"2024-11-07T20:00:37+00:00","description":"Informativa sulla privacy Sito Web di Feet Up Hostels https:\/\/feetuphostels.com \/ Chi \u00e8 responsabile del trattamento dei tuoi dati? a piedi Up Hostels Gruppo","breadcrumb":{"@id":"https:\/\/feetuphostels.com\/it\/informativa-privacy\/#breadcrumb"},"inLanguage":"it-IT","potentialAction":[{"@type":"ReadAction","target":["https:\/\/feetuphostels.com\/it\/informativa-privacy\/"]}]},{"@type":"ImageObject","inLanguage":"it-IT","@id":"https:\/\/feetuphostels.com\/it\/informativa-privacy\/#primaryimage","url":"https:\/\/feetuphostels.com\/wp-content\/uploads\/2023\/05\/privacy-policy-feetup-hostels.jpg","contentUrl":"https:\/\/feetuphostels.com\/wp-content\/uploads\/2023\/05\/privacy-policy-feetup-hostels.jpg","width":1024,"height":680,"caption":"Informativa sulla privacy Feet Up Hostels"},{"@type":"BreadcrumbList","@id":"https:\/\/feetuphostels.com\/it\/informativa-privacy\/#breadcrumb","itemListElement":[{"@type":"ListItem","position":1,"name":"Home","item":"https:\/\/feetuphostels.com\/it\/"},{"@type":"ListItem","position":2,"name":"Informativa sulla Privacy"}]},{"@type":"WebSite","@id":"https:\/\/feetuphostels.com\/it\/#website","url":"https:\/\/feetuphostels.com\/it\/","name":"Feet Up Hostels","description":"Ostelli della giovent\u00f9 e alloggi a Valencia, Spagna. Siamo specialisti della cordialit\u00e0","publisher":{"@id":"https:\/\/feetuphostels.com\/it\/#organization"},"alternateName":"Feet Up Hostels","potentialAction":[{"@type":"SearchAction","target":{"@type":"EntryPoint","urlTemplate":"https:\/\/feetuphostels.com\/it\/?s={search_term_string}"},"query-input":{"@type":"PropertyValueSpecification","valueRequired":true,"valueName":"search_term_string"}}],"inLanguage":"it-IT"},{"@type":"Organization","@id":"https:\/\/feetuphostels.com\/it\/#organization","name":"Feet Up Hostels","alternateName":"Feet Up Hostels","url":"https:\/\/feetuphostels.com\/it\/","logo":{"@type":"ImageObject","inLanguage":"it-IT","@id":"https:\/\/feetuphostels.com\/it\/#\/schema\/logo\/image\/","url":"https:\/\/feetuphostels.com\/wp-content\/uploads\/2019\/01\/logo-web-amp-feetuphostels.svg","contentUrl":"https:\/\/feetuphostels.com\/wp-content\/uploads\/2019\/01\/logo-web-amp-feetuphostels.svg","width":1,"height":1,"caption":"Feet Up Hostels"},"image":{"@id":"https:\/\/feetuphostels.com\/it\/#\/schema\/logo\/image\/"},"sameAs":["https:\/\/facebook.com\/feetuphostelsgroup","https:\/\/x.com\/feetuphostels","https:\/\/www.instagram.com\/feetuphostels\/","https:\/\/www.tiktok.com\/@feetuphostels","https:\/\/www.linkedin.com\/company\/feetuphostelsgroup\/","https:\/\/www.pinterest.es\/FeetupHostels\/","https:\/\/www.youtube.com\/feetuphostels"]}]}},"_links":{"self":[{"href":"https:\/\/feetuphostels.com\/it\/wp-json\/wp\/v2\/pages\/4708","targetHints":{"allow":["GET"]}}],"collection":[{"href":"https:\/\/feetuphostels.com\/it\/wp-json\/wp\/v2\/pages"}],"about":[{"href":"https:\/\/feetuphostels.com\/it\/wp-json\/wp\/v2\/types\/page"}],"author":[{"embeddable":true,"href":"https:\/\/feetuphostels.com\/it\/wp-json\/wp\/v2\/users\/13"}],"replies":[{"embeddable":true,"href":"https:\/\/feetuphostels.com\/it\/wp-json\/wp\/v2\/comments?post=4708"}],"version-history":[{"count":0,"href":"https:\/\/feetuphostels.com\/it\/wp-json\/wp\/v2\/pages\/4708\/revisions"}],"wp:featuredmedia":[{"embeddable":true,"href":"https:\/\/feetuphostels.com\/it\/wp-json\/wp\/v2\/media\/216419"}],"wp:attachment":[{"href":"https:\/\/feetuphostels.com\/it\/wp-json\/wp\/v2\/media?parent=4708"}],"curies":[{"name":"wp","href":"https:\/\/api.w.org\/{rel}","templated":true}]}}