{"id":2206,"date":"2017-01-20T09:40:44","date_gmt":"2017-01-20T08:40:44","guid":{"rendered":"https:\/\/feetuphostels.com\/terms-and-conditions\/"},"modified":"2024-11-09T13:50:22","modified_gmt":"2024-11-09T12:50:22","slug":"termini-e-condizioni","status":"publish","type":"page","link":"https:\/\/feetuphostels.com\/it\/termini-e-condizioni\/","title":{"rendered":"Termini e Condizioni"},"content":{"rendered":"\n<h1 class=\"has-text-align-center wp-block-heading\">Termini e condizioni<\/h1>\n\n<h2 class=\"wp-block-heading\">1. Finalit\u00e0 e accettazione<\/h2>\n\n<p><p>Il presente avviso legale regola l&#8217;utilizzo del sito web https:\/\/feetuphostels.com\/ (di seguito, IL WEB), di propriet\u00e0 di BOOKING HOSTELS S.L. (di seguito, IL PROPRIETARIO DEL WEB).<\/p><\/p>\n\n<p>La navigazione sul sito Web del PROPRIETARIO DEL WEB attribuisce la condizione dell&#8217;utente e implica l&#8217;accettazione piena e senza riserve di ciascuna delle disposizioni incluse in questo Avviso legale, che pu\u00f2 essere modificato. L&#8217;utente si impegna a fare un uso corretto del sito Web in conformit\u00e0 con la legge, la buona fede, l&#8217;ordine pubblico, gli usi del traffico e il presente Avviso legale.<\/p>\n\n<p>L&#8217;utente risponder\u00e0 al PROPRIETARIO DEL SITO WEB o a terzi, per eventuali danni che possano essere causati a seguito di una violazione di tale obbligo.<\/p>\n\n<h2 class=\"wp-block-heading\">2. Identificazione e comunicazioni<\/h2>\n\n<p>IL PROPRIETARIO DEL WEB, in conformit\u00e0 con la legge 34\/2002, dell &#8216; 11 luglio, sui servizi della societ\u00e0 dell&#8217;informazione e del commercio elettronico, La informa che:<\/p>\n\n<ul class=\"wp-block-list\">\n<li>La sua ragione sociale \u00e8: BOOKING HOSTELS S. L.<\/li>\n\n\n\n<li>CIF\/NIF\/NIE is: B98157274<\/li>\n\n\n\n<li>La sua sede legale \u00e8 a: C\/ RODRIGUEZ DE CEPEDA N\u00ba 35 \u2013 46021 VALENCIA<\/li>\n\n\n\n<li>Registrato nel Registro Mercantile di: VALENCIA, VOLUME 9055, LIBRO 6339, FOGLIO 37, SEZIONE 8, FOGLIO V-134583, VOCE 1.<\/li>\n\n\n\n<li>Phone: +34 963 28 55 15<\/li>\n\n\n\n<li><p>Email: <a href=\"mailto:info@feetuphostels.com\" target=\"_blank\" rel=\"noreferrer noopener\" data-mce-href=\"mailto:info@feetuphostels.com\">info@feetuphostels.com<\/a><\/p><\/li>\n<\/ul>\n\n<h2 class=\"wp-block-heading\">3. Comunicazione<\/h2>\n\n<p>Tutte le notifiche e le comunicazioni tra gli utenti e IL PROPRIETARIO DEL WEB saranno considerate efficaci, a tutti gli effetti, quando vengono effettuate tramite posta ordinaria o qualsiasi altro mezzo dettagliato di seguito:<\/p>\n\n<ul class=\"wp-block-list\">\n<li>Phone: +34 963 28 55 15<\/li>\n\n\n\n<li><p>Email: <a href=\"mailto:info@feetuphostels.com\" target=\"_blank\" rel=\"noreferrer noopener\" data-mce-href=\"mailto:info@feetuphostels.com\">info@feetuphostels.com<\/a><\/p><\/li>\n<\/ul>\n\n<h2 class=\"wp-block-heading\">4. Condizioni di accesso e utilizzo<\/h2>\n\n<p>Il sito web e i suoi servizi sono ad accesso libero e aperto, tuttavia, IL PROPRIETARIO DEL SITO WEB condizioni l&#8217;utilizzo di alcuni dei servizi offerti sul suo sito web alla previa compilazione del modulo corrispondente.<\/p>\n\n<p>L&#8217;utente garantisce l&#8217;autenticit\u00e0 e la tempestivit\u00e0 di tutti i dati comunicati al TITOLARE DEL SITO e sar\u00e0 l&#8217;unico responsabile per eventuali dichiarazioni false o inesatte fatte. L&#8217;utente accetta espressamente di fare un uso appropriato dei contenuti e dei servizi del PROPRIETARIO DEL WEB e di non utilizzarli, tra gli altri:<\/p>\n\n<ol class=\"wp-block-list\">\n<li>Diffondere contenuti criminali, violenti, pornografici, razzisti, xenofobi, offensivi, a favore del terrorismo o, in generale, contrari alla legge o all&#8217;ordine pubblico.<\/li>\n\n\n\n<li>Introdurre virus informatici nella rete o compiere azioni che possono alterare, rovinare, interrompere o generare errori o danni a documenti elettronici, dati o sistemi fisici e logici del PROPRIETARIO del SITO WEB o di terzi; nonch\u00e9 ostacolare l&#8217;accesso di altri utenti al sito web e ai suoi servizi attraverso il consumo massiccio di risorse informatiche attraverso le quali IL PROPRIETARIO DEL WEB fornisce i suoi servizi.<\/li>\n\n\n\n<li>Tentare di accedere agli account di posta elettronica di altri utenti o alle aree riservate dei sistemi informatici del PROPRIETARIO DEL SITO WEB o di terze parti e, se del caso, estrarre informazioni.<\/li>\n\n\n\n<li>Violare i diritti di propriet\u00e0 intellettuale o industriale, nonch\u00e9 violare la riservatezza delle informazioni del PROPRIETARIO DEL SITO WEB o di terzi.<\/li>\n\n\n\n<li>Impersonare l&#8217;identit\u00e0 di un altro utente, della pubblica amministrazione o di una terza parte.<\/li>\n\n\n\n<li>Riprodurre, copiare, distribuire, rendere disponibile o qualsiasi altra forma di comunicazione pubblica, trasformare o modificare i contenuti a meno che non si abbia l&#8217;autorizzazione del proprietario dei diritti corrispondenti o ci\u00f2 sia legalmente consentito.<\/li>\n\n\n\n<li>Raccogliere dati per scopi pubblicitari e inviare pubblicit\u00e0 di qualsiasi tipo e comunicazioni per scopi di vendita o altri di natura commerciale senza la tua previa richiesta o consenso.<\/li>\n<\/ol>\n\n<h2 class=\"wp-block-heading\">5. Propriet\u00e0 intellettuale e industriale<\/h2>\n\n<p>Tutti i contenuti del sito web, come testi, fotografie, grafica, immagini, icone, tecnologia, software, nonch\u00e9 il suo design grafico e codici sorgente, costituiscono un&#8217;opera la cui propriet\u00e0 appartiene al PROPRIETARIO DEL WEB, senza essere inteso come trasferito all&#8217;utente nessuno dei diritti di sfruttamento su di essi oltre quanto strettamente necessario per il corretto utilizzo del web. In breve, gli utenti che accedono a questo sito web possono visualizzare i contenuti e fare, se del caso, copie private autorizzate, a condizione che gli elementi riprodotti non vengano successivamente trasferiti a terzi, n\u00e9 siano installati su server collegati a reti, n\u00e9 siano soggetti a nessun tipo di sfruttamento.<\/p>\n\n<p>Allo stesso modo, tutti i marchi, nomi commerciali o segni distintivi di qualsiasi tipo che appaiono sul sito Web sono di propriet\u00e0 del PROPRIETARIO DEL WEB, senza che si comprenda che l&#8217;uso o l&#8217;accesso ad esso attribuisca all&#8217;utente alcun diritto su di essi.<\/p>\n\n<p>La distribuzione, la modifica, l&#8217;assegnazione o la comunicazione pubblica dei contenuti e qualsiasi altro atto che non sia stato espressamente autorizzato dal proprietario dei diritti di sfruttamento sono vietati.<\/p>\n\n<h2 class=\"wp-block-heading\">6. Hyperlink<\/h2>\n\n<p>La creazione di un collegamento ipertestuale non implica in alcun caso l&#8217;esistenza di rapporti tra IL PROPRIETARIO DEL WEB e il proprietario del sito web in cui \u00e8 stabilito, n\u00e9 l&#8217;accettazione e l&#8217;approvazione da parte del PROPRIETARIO DEL WEB dei suoi contenuti o servizi.<\/p>\n\n<p>Coloro che intendono stabilire un collegamento ipertestuale devono preventivamente richiedere l&#8217;autorizzazione per iscritto al PROPRIETARIO DEL WEB.<\/p>\n\n<p>In ogni caso, il collegamento ipertestuale consentir\u00e0 solo l&#8217;accesso alla home page o alla home page del nostro sito web, allo stesso modo, \u00e8 necessario astenersi dal fare dichiarazioni o indicazioni false, inesatte o errate sul PROPRIETARIO DEL WEB, o includere contenuti illegali, contrari alle buone abitudini e all&#8217;ordine pubblico.<\/p>\n\n<p>IL PROPRIETARIO DEL SITO WEB non \u00e8 responsabile per l&#8217;uso che ciascun utente d\u00e0 ai materiali messi a disposizione su questo sito web o per le azioni svolte sulla base di essi.<\/p>\n\n<p>Nei collegamenti ipertestuali ad altri luoghi, come nel caso dei social network, IL PROPRIETARIO DEL WEB non eserciter\u00e0 alcun controllo su questi luoghi e contenuti, non si assumer\u00e0 alcuna responsabilit\u00e0 per i contenuti di qualsiasi link appartenente ad altri siti Web esterni, n\u00e9 garantir\u00e0 la disponibilit\u00e0 tecnica, la qualit\u00e0, l&#8217;affidabilit\u00e0, l&#8217;accuratezza, l&#8217;ampiezza, la veridicit\u00e0 e la validit\u00e0 di qualsiasi materiale o informazione contenuta in uno qualsiasi di tali collegamenti ipertestuali o altri siti Internet.<\/p>\n\n<h2 class=\"wp-block-heading\">7. Esclusione di garanzie e responsabilit\u00e0<\/h2>\n\n<p>Il contenuto di questo sito Web \u00e8 di natura generale ed \u00e8 solo a scopo informativo, senza garantire pienamente l&#8217;accesso a tutti i contenuti, n\u00e9 la sua completezza, correttezza, validit\u00e0 o tempestivit\u00e0, n\u00e9 la sua idoneit\u00e0 o utilit\u00e0 per uno scopo specifico.<\/p>\n\n<p>IL PROPRIETARIO DEL WEB esclude, nella misura consentita dalla legge, qualsiasi responsabilit\u00e0 per danni di qualsiasi natura derivanti da:<\/p>\n\n<p>a) L&#8217;impossibilit\u00e0 di accedere al sito web o la mancanza di veridicit\u00e0, accuratezza, completezza e\/o tempestivit\u00e0 dei contenuti, nonch\u00e9 l&#8217;esistenza di vizi e difetti di ogni tipo dei contenuti trasmessi, diffusi, memorizzati, resi disponibili, a cui si \u00e8 avuto accesso attraverso il sito web o i servizi offerti.<\/p>\n\n<p>b) La presenza di virus o altri elementi nel contenuto che possono causare alterazioni nei sistemi informatici, nei documenti elettronici o nei dati dell&#8217;utente.<\/p>\n\n<p>c) Mancato rispetto delle leggi, buona fede, ordine pubblico, usi del traffico e questo avviso legale a seguito di un uso scorretto del sito web. In particolare, e a titolo esemplificativo, IL TITOLARE DEL WEB non \u00e8 responsabile per le azioni di terzi che violano i diritti di propriet\u00e0 intellettuale e industriale, i segreti commerciali, i diritti all&#8217;onore, la privacy personale e familiare, e l&#8217;immagine stessa, nonch\u00e9 le norme in materia di concorrenza sleale e pubblicit\u00e0 illecita.<\/p>\n\n<p>Allo stesso modo, IL PROPRIETARIO DEL WEB declina ogni responsabilit\u00e0 in merito alle informazioni che si trovano al di fuori di questo sito Web e non sono gestite direttamente dal nostro webmaster.<\/p>\n\n<p>La funzione dei link che appaiono su questo sito Web \u00e8 esclusivamente quella di informare l&#8217;utente sull&#8217;esistenza di altre fonti in grado di espandere i contenuti offerti da questo sito web.<\/p>\n\n<p>IL PROPRIETARIO DEL SITO WEB non garantisce n\u00e9 si assume la responsabilit\u00e0 per il funzionamento o l&#8217;accessibilit\u00e0 dei siti collegati; n\u00e9 suggerisce, invita o consiglia una visita ad essi, quindi non sar\u00e0 responsabile per il risultato ottenuto.<\/p>\n\n<p>IL PROPRIETARIO DEL WEB non \u00e8 responsabile per la creazione di collegamenti ipertestuali da parte di terzi.<\/p>\n\n<h2 class=\"wp-block-heading\">8. Procedura in caso di svolgimento di attivit\u00e0 illecite<\/h2>\n\n<p>Se IL PROPRIETARIO DEL SITO WEB viene a conoscenza dell&#8217;uso dei servizi web per attivit\u00e0 che ledono i diritti o che costituiscono atti illeciti, adotter\u00e0 le misure necessarie per reprimere ed eliminare tali attivit\u00e0, riservandosi il diritto di avviare azioni legali.<\/p>\n\n<p>Nel caso in cui qualsiasi utente o terza parte ritenga che ci siano fatti o circostanze che rivelino la natura illecita dell&#8217;uso di qualsiasi contenuto e\/o lo svolgimento di qualsiasi attivit\u00e0 sulle pagine web incluse o accessibili attraverso il sito web, deve inviare una notifica al PROPRIETARIO DEL WEB identificandosi debitamente, specificando le presunte infrazioni.<\/p>\n\n<h2 class=\"wp-block-heading\">9. Pubblicazione<\/h2>\n\n<p>Le informazioni amministrative fornite attraverso il sito web non sostituiscono la pubblicit\u00e0 legale delle leggi, dei regolamenti, dei piani, delle disposizioni generali e degli atti che devono essere formalmente pubblicati sui giornali ufficiali delle pubbliche amministrazioni, che costituiscono l&#8217;unico strumento che ne attesta l&#8217;autenticit\u00e0 e il contenuto.<\/p>\n\n<p>Le informazioni disponibili su questo sito Web devono essere intese come una guida senza lo scopo di validit\u00e0 legale.<\/p>\n\n<h2 class=\"wp-block-heading\">10. Legislazione applicabile e giurisdizione<\/h2>\n\n<p><p>Questo Avviso legale \u00e8 regolato da\u00a0<a href=\"https:\/\/www.boe.es\/legislacion\/documentos\/ConstitucionINGLES.pdf\" target=\"_blank\" rel=\"noreferrer noopener\" data-mce-href=\"https:\/\/www.boe.es\/legislacion\/documentos\/ConstitucionINGLES.pdf\">Spanish law<\/a>.<\/p><\/p>\n\n<p>Le parti convengono di sottomettersi alla giurisdizione delle Corti e dei Tribunali ad esse corrispondenti in base alla legislazione processuale applicabile.<\/p>\n","protected":false},"excerpt":{"rendered":"<p>Termini e condizioni: Questo avviso legale regola l&#8217;uso del sito web https:\/\/feetuphostels.com\/\u00a0(hereinafter, THE WEB), owned by BOOKING HOSTELS S.L. (hereinafter, THE OWNER OF THE WEB).<br \/>\nLa navigazione sul sito Web del PROPRIETARIO DEL WEB attribuisce la condizione dell&#8217;utente e implica l&#8217;accettazione piena e senza riserve di ciascuna delle disposizioni incluse in questo Avviso legale, che pu\u00f2 essere modificato. L&#8217;utente si impegna a fare un uso corretto del sito Web in conformit\u00e0 con la legge, la buona fede, l&#8217;ordine pubblico, gli usi del traffico e il presente Avviso legale.<\/p>\n","protected":false},"author":13,"featured_media":205891,"parent":0,"menu_order":0,"comment_status":"closed","ping_status":"closed","template":"","meta":{"footnotes":""},"class_list":["post-2206","page","type-page","status-publish","has-post-thumbnail","hentry"],"yoast_head":"<!-- This site is optimized with the Yoast SEO plugin v27.3 - https:\/\/yoast.com\/product\/yoast-seo-wordpress\/ -->\n<title>Termini e condizioni d&#039;uso, politiche sulla privacy, politiche sui cookie<\/title>\n<meta name=\"description\" content=\"Termini e condizioni d&#039;uso, finalit\u00e0 e accettazione degli utenti. L&#039;utente \u00e8 tenuto a fare un uso corretto del sito web\" \/>\n<meta name=\"robots\" content=\"index, follow, max-snippet:-1, max-image-preview:large, max-video-preview:-1\" \/>\n<link rel=\"canonical\" href=\"https:\/\/feetuphostels.com\/it\/termini-e-condizioni\/\" \/>\n<meta property=\"og:locale\" content=\"it_IT\" \/>\n<meta property=\"og:type\" content=\"article\" \/>\n<meta property=\"og:title\" content=\"Termini e condizioni d&#039;uso, politiche sulla privacy, politiche sui cookie\" \/>\n<meta property=\"og:description\" content=\"Termini e condizioni d&#039;uso, finalit\u00e0 e accettazione degli utenti. L&#039;utente \u00e8 tenuto a fare un uso corretto del sito web\" \/>\n<meta property=\"og:url\" content=\"https:\/\/feetuphostels.com\/it\/termini-e-condizioni\/\" \/>\n<meta property=\"og:site_name\" content=\"Feet Up Hostels\" \/>\n<meta property=\"article:publisher\" content=\"https:\/\/facebook.com\/feetuphostelsgroup\" \/>\n<meta property=\"article:modified_time\" content=\"2024-11-09T12:50:22+00:00\" \/>\n<meta property=\"og:image\" content=\"https:\/\/feetuphostels.com\/wp-content\/uploads\/2022\/12\/privacy-policy.jpg\" \/>\n\t<meta property=\"og:image:width\" content=\"810\" \/>\n\t<meta property=\"og:image:height\" content=\"350\" \/>\n\t<meta property=\"og:image:type\" content=\"image\/jpeg\" \/>\n<meta name=\"twitter:card\" content=\"summary_large_image\" \/>\n<meta name=\"twitter:site\" content=\"@feetuphostels\" \/>\n<meta name=\"twitter:label1\" content=\"Tempo di lettura stimato\" \/>\n\t<meta name=\"twitter:data1\" content=\"7 minuti\" \/>\n<script type=\"application\/ld+json\" class=\"yoast-schema-graph\">{\"@context\":\"https:\\\/\\\/schema.org\",\"@graph\":[{\"@type\":\"WebPage\",\"@id\":\"https:\\\/\\\/feetuphostels.com\\\/it\\\/termini-e-condizioni\\\/\",\"url\":\"https:\\\/\\\/feetuphostels.com\\\/it\\\/termini-e-condizioni\\\/\",\"name\":\"Termini e condizioni d'uso, politiche sulla privacy, politiche sui cookie\",\"isPartOf\":{\"@id\":\"https:\\\/\\\/feetuphostels.com\\\/it\\\/#website\"},\"primaryImageOfPage\":{\"@id\":\"https:\\\/\\\/feetuphostels.com\\\/it\\\/termini-e-condizioni\\\/#primaryimage\"},\"image\":{\"@id\":\"https:\\\/\\\/feetuphostels.com\\\/it\\\/termini-e-condizioni\\\/#primaryimage\"},\"thumbnailUrl\":\"https:\\\/\\\/feetuphostels.com\\\/wp-content\\\/uploads\\\/2022\\\/12\\\/privacy-policy.jpg\",\"datePublished\":\"2017-01-20T08:40:44+00:00\",\"dateModified\":\"2024-11-09T12:50:22+00:00\",\"description\":\"Termini e condizioni d'uso, finalit\u00e0 e accettazione degli utenti. L'utente \u00e8 tenuto a fare un uso corretto del sito web\",\"breadcrumb\":{\"@id\":\"https:\\\/\\\/feetuphostels.com\\\/it\\\/termini-e-condizioni\\\/#breadcrumb\"},\"inLanguage\":\"it-IT\",\"potentialAction\":[{\"@type\":\"ReadAction\",\"target\":[\"https:\\\/\\\/feetuphostels.com\\\/it\\\/termini-e-condizioni\\\/\"]}]},{\"@type\":\"ImageObject\",\"inLanguage\":\"it-IT\",\"@id\":\"https:\\\/\\\/feetuphostels.com\\\/it\\\/termini-e-condizioni\\\/#primaryimage\",\"url\":\"https:\\\/\\\/feetuphostels.com\\\/wp-content\\\/uploads\\\/2022\\\/12\\\/privacy-policy.jpg\",\"contentUrl\":\"https:\\\/\\\/feetuphostels.com\\\/wp-content\\\/uploads\\\/2022\\\/12\\\/privacy-policy.jpg\",\"width\":810,\"height\":350,\"caption\":\"Informativa sulla privacy in Feet Up Hostels\"},{\"@type\":\"BreadcrumbList\",\"@id\":\"https:\\\/\\\/feetuphostels.com\\\/it\\\/termini-e-condizioni\\\/#breadcrumb\",\"itemListElement\":[{\"@type\":\"ListItem\",\"position\":1,\"name\":\"Home\",\"item\":\"https:\\\/\\\/feetuphostels.com\\\/it\\\/\"},{\"@type\":\"ListItem\",\"position\":2,\"name\":\"Termini e Condizioni\"}]},{\"@type\":\"WebSite\",\"@id\":\"https:\\\/\\\/feetuphostels.com\\\/it\\\/#website\",\"url\":\"https:\\\/\\\/feetuphostels.com\\\/it\\\/\",\"name\":\"Feet Up Hostels\",\"description\":\"Ostelli della giovent\u00f9 e alloggi a Valencia, Spagna. Siamo specialisti della cordialit\u00e0\",\"publisher\":{\"@id\":\"https:\\\/\\\/feetuphostels.com\\\/it\\\/#organization\"},\"alternateName\":\"Feet Up Hostels\",\"potentialAction\":[{\"@type\":\"SearchAction\",\"target\":{\"@type\":\"EntryPoint\",\"urlTemplate\":\"https:\\\/\\\/feetuphostels.com\\\/it\\\/?s={search_term_string}\"},\"query-input\":{\"@type\":\"PropertyValueSpecification\",\"valueRequired\":true,\"valueName\":\"search_term_string\"}}],\"inLanguage\":\"it-IT\"},{\"@type\":\"Organization\",\"@id\":\"https:\\\/\\\/feetuphostels.com\\\/it\\\/#organization\",\"name\":\"Feet Up Hostels\",\"alternateName\":\"Feet Up Hostels\",\"url\":\"https:\\\/\\\/feetuphostels.com\\\/it\\\/\",\"logo\":{\"@type\":\"ImageObject\",\"inLanguage\":\"it-IT\",\"@id\":\"https:\\\/\\\/feetuphostels.com\\\/it\\\/#\\\/schema\\\/logo\\\/image\\\/\",\"url\":\"https:\\\/\\\/feetuphostels.com\\\/wp-content\\\/uploads\\\/2019\\\/01\\\/logo-web-amp-feetuphostels.svg\",\"contentUrl\":\"https:\\\/\\\/feetuphostels.com\\\/wp-content\\\/uploads\\\/2019\\\/01\\\/logo-web-amp-feetuphostels.svg\",\"width\":1,\"height\":1,\"caption\":\"Feet Up Hostels\"},\"image\":{\"@id\":\"https:\\\/\\\/feetuphostels.com\\\/it\\\/#\\\/schema\\\/logo\\\/image\\\/\"},\"sameAs\":[\"https:\\\/\\\/facebook.com\\\/feetuphostelsgroup\",\"https:\\\/\\\/x.com\\\/feetuphostels\",\"https:\\\/\\\/www.instagram.com\\\/feetuphostels\\\/\",\"https:\\\/\\\/www.tiktok.com\\\/@feetuphostels\",\"https:\\\/\\\/www.linkedin.com\\\/company\\\/feetuphostelsgroup\\\/\",\"https:\\\/\\\/www.pinterest.es\\\/FeetupHostels\\\/\",\"https:\\\/\\\/www.youtube.com\\\/feetuphostels\"]}]}<\/script>\n<!-- \/ Yoast SEO plugin. -->","yoast_head_json":{"title":"Termini e condizioni d'uso, politiche sulla privacy, politiche sui cookie","description":"Termini e condizioni d'uso, finalit\u00e0 e accettazione degli utenti. L'utente \u00e8 tenuto a fare un uso corretto del sito web","robots":{"index":"index","follow":"follow","max-snippet":"max-snippet:-1","max-image-preview":"max-image-preview:large","max-video-preview":"max-video-preview:-1"},"canonical":"https:\/\/feetuphostels.com\/it\/termini-e-condizioni\/","og_locale":"it_IT","og_type":"article","og_title":"Termini e condizioni d'uso, politiche sulla privacy, politiche sui cookie","og_description":"Termini e condizioni d'uso, finalit\u00e0 e accettazione degli utenti. L'utente \u00e8 tenuto a fare un uso corretto del sito web","og_url":"https:\/\/feetuphostels.com\/it\/termini-e-condizioni\/","og_site_name":"Feet Up Hostels","article_publisher":"https:\/\/facebook.com\/feetuphostelsgroup","article_modified_time":"2024-11-09T12:50:22+00:00","og_image":[{"width":810,"height":350,"url":"https:\/\/feetuphostels.com\/wp-content\/uploads\/2022\/12\/privacy-policy.jpg","type":"image\/jpeg"}],"twitter_card":"summary_large_image","twitter_site":"@feetuphostels","twitter_misc":{"Tempo di lettura stimato":"7 minuti"},"schema":{"@context":"https:\/\/schema.org","@graph":[{"@type":"WebPage","@id":"https:\/\/feetuphostels.com\/it\/termini-e-condizioni\/","url":"https:\/\/feetuphostels.com\/it\/termini-e-condizioni\/","name":"Termini e condizioni d'uso, politiche sulla privacy, politiche sui cookie","isPartOf":{"@id":"https:\/\/feetuphostels.com\/it\/#website"},"primaryImageOfPage":{"@id":"https:\/\/feetuphostels.com\/it\/termini-e-condizioni\/#primaryimage"},"image":{"@id":"https:\/\/feetuphostels.com\/it\/termini-e-condizioni\/#primaryimage"},"thumbnailUrl":"https:\/\/feetuphostels.com\/wp-content\/uploads\/2022\/12\/privacy-policy.jpg","datePublished":"2017-01-20T08:40:44+00:00","dateModified":"2024-11-09T12:50:22+00:00","description":"Termini e condizioni d'uso, finalit\u00e0 e accettazione degli utenti. L'utente \u00e8 tenuto a fare un uso corretto del sito web","breadcrumb":{"@id":"https:\/\/feetuphostels.com\/it\/termini-e-condizioni\/#breadcrumb"},"inLanguage":"it-IT","potentialAction":[{"@type":"ReadAction","target":["https:\/\/feetuphostels.com\/it\/termini-e-condizioni\/"]}]},{"@type":"ImageObject","inLanguage":"it-IT","@id":"https:\/\/feetuphostels.com\/it\/termini-e-condizioni\/#primaryimage","url":"https:\/\/feetuphostels.com\/wp-content\/uploads\/2022\/12\/privacy-policy.jpg","contentUrl":"https:\/\/feetuphostels.com\/wp-content\/uploads\/2022\/12\/privacy-policy.jpg","width":810,"height":350,"caption":"Informativa sulla privacy in Feet Up Hostels"},{"@type":"BreadcrumbList","@id":"https:\/\/feetuphostels.com\/it\/termini-e-condizioni\/#breadcrumb","itemListElement":[{"@type":"ListItem","position":1,"name":"Home","item":"https:\/\/feetuphostels.com\/it\/"},{"@type":"ListItem","position":2,"name":"Termini e Condizioni"}]},{"@type":"WebSite","@id":"https:\/\/feetuphostels.com\/it\/#website","url":"https:\/\/feetuphostels.com\/it\/","name":"Feet Up Hostels","description":"Ostelli della giovent\u00f9 e alloggi a Valencia, Spagna. Siamo specialisti della cordialit\u00e0","publisher":{"@id":"https:\/\/feetuphostels.com\/it\/#organization"},"alternateName":"Feet Up Hostels","potentialAction":[{"@type":"SearchAction","target":{"@type":"EntryPoint","urlTemplate":"https:\/\/feetuphostels.com\/it\/?s={search_term_string}"},"query-input":{"@type":"PropertyValueSpecification","valueRequired":true,"valueName":"search_term_string"}}],"inLanguage":"it-IT"},{"@type":"Organization","@id":"https:\/\/feetuphostels.com\/it\/#organization","name":"Feet Up Hostels","alternateName":"Feet Up Hostels","url":"https:\/\/feetuphostels.com\/it\/","logo":{"@type":"ImageObject","inLanguage":"it-IT","@id":"https:\/\/feetuphostels.com\/it\/#\/schema\/logo\/image\/","url":"https:\/\/feetuphostels.com\/wp-content\/uploads\/2019\/01\/logo-web-amp-feetuphostels.svg","contentUrl":"https:\/\/feetuphostels.com\/wp-content\/uploads\/2019\/01\/logo-web-amp-feetuphostels.svg","width":1,"height":1,"caption":"Feet Up Hostels"},"image":{"@id":"https:\/\/feetuphostels.com\/it\/#\/schema\/logo\/image\/"},"sameAs":["https:\/\/facebook.com\/feetuphostelsgroup","https:\/\/x.com\/feetuphostels","https:\/\/www.instagram.com\/feetuphostels\/","https:\/\/www.tiktok.com\/@feetuphostels","https:\/\/www.linkedin.com\/company\/feetuphostelsgroup\/","https:\/\/www.pinterest.es\/FeetupHostels\/","https:\/\/www.youtube.com\/feetuphostels"]}]}},"_links":{"self":[{"href":"https:\/\/feetuphostels.com\/it\/wp-json\/wp\/v2\/pages\/2206","targetHints":{"allow":["GET"]}}],"collection":[{"href":"https:\/\/feetuphostels.com\/it\/wp-json\/wp\/v2\/pages"}],"about":[{"href":"https:\/\/feetuphostels.com\/it\/wp-json\/wp\/v2\/types\/page"}],"author":[{"embeddable":true,"href":"https:\/\/feetuphostels.com\/it\/wp-json\/wp\/v2\/users\/13"}],"replies":[{"embeddable":true,"href":"https:\/\/feetuphostels.com\/it\/wp-json\/wp\/v2\/comments?post=2206"}],"version-history":[{"count":0,"href":"https:\/\/feetuphostels.com\/it\/wp-json\/wp\/v2\/pages\/2206\/revisions"}],"wp:featuredmedia":[{"embeddable":true,"href":"https:\/\/feetuphostels.com\/it\/wp-json\/wp\/v2\/media\/205891"}],"wp:attachment":[{"href":"https:\/\/feetuphostels.com\/it\/wp-json\/wp\/v2\/media?parent=2206"}],"curies":[{"name":"wp","href":"https:\/\/api.w.org\/{rel}","templated":true}]}}