{"id":2172,"date":"2017-01-02T14:56:25","date_gmt":"2017-01-02T13:56:25","guid":{"rendered":"https:\/\/feetuphostels.com\/hostels-valencia\/home-youth-hostel-valencia\/"},"modified":"2024-11-05T18:30:55","modified_gmt":"2024-11-05T17:30:55","slug":"home-youth-ostello-valencia","status":"publish","type":"page","link":"https:\/\/feetuphostels.com\/it\/home-youth-ostello-valencia\/","title":{"rendered":"Home Youth Ostello Valencia"},"content":{"rendered":"\n<h1 class=\"wp-block-heading has-text-align-center\" id=\"h-home-youth-hostel-valencia\">H\u00f4me Ostello della Giovent\u00f9 Valencia<\/h1>\n\n<h2 class=\"wp-block-heading has-text-align-center\" id=\"h-book-a-bed-in-the-center-of-valencia\">Prenota un letto nel centro di Valencia<\/h2>\n\n<p>Siamo l&#8217;ostello ideale per te, se cerchi un ostello senza letti a castello, pulito, confortevole e conveniente a Valencia. Vieni all&#8217;H\u00f4me Youth Hostel Valencia e prenota il tuo posto letto al miglior prezzo.<\/p>\n\n<h2 class=\"wp-block-heading\" id=\"h-hostel-location\">Posizione ostello.<\/h2>\n\n<p>Edifici noti e famosi a Valencia (La Lonja de Seda) a soli 7 minuti a piedi dalla Plaza del Ayuntamiento. Le nostre camere sono colorate e sono molto belle per soggiornare a Valencia, hanno l&#8217;aria condizionata inclusa, hanno anche WIFI gratuito ad alta velocit\u00e0 in tutto il nostro ostello in modo che tu sia sempre connesso.<\/p>\n\n<h2 class=\"wp-block-heading\" id=\"h-home-youth-hostel-rooms\">H\u00f4me Ostello della Giovent\u00f9 camere.<\/h2>\n\n<p>Le nostre camere sono colorate, allegre e hanno disegni originali dipinti sulle pareti. Le camere hanno diverse dimensioni, tutte dotate di aria condizionata e WIFI gratuito in modo da essere sempre connessi.<\/p>\n\n<figure class=\"wp-block-image size-large\"><img fetchpriority=\"high\" decoding=\"async\" width=\"1024\" height=\"576\" src=\"https:\/\/feetuphostels.com\/wp-content\/uploads\/2022\/10\/slide-feetuphostels-homeyouth2022-1024x576.jpg\" alt=\"Come a casa, H&#xF4;me Youth Hostel Valencia\" class=\"wp-image-202344\" srcset=\"https:\/\/feetuphostels.com\/wp-content\/uploads\/2022\/10\/slide-feetuphostels-homeyouth2022-1024x576.jpg 1024w, https:\/\/feetuphostels.com\/wp-content\/uploads\/2022\/10\/slide-feetuphostels-homeyouth2022-300x169.jpg 300w, https:\/\/feetuphostels.com\/wp-content\/uploads\/2022\/10\/slide-feetuphostels-homeyouth2022-768x432.jpg 768w, https:\/\/feetuphostels.com\/wp-content\/uploads\/2022\/10\/slide-feetuphostels-homeyouth2022-1536x864.jpg 1536w, https:\/\/feetuphostels.com\/wp-content\/uploads\/2022\/10\/slide-feetuphostels-homeyouth2022-260x146.jpg 260w, https:\/\/feetuphostels.com\/wp-content\/uploads\/2022\/10\/slide-feetuphostels-homeyouth2022-50x28.jpg 50w, https:\/\/feetuphostels.com\/wp-content\/uploads\/2022\/10\/slide-feetuphostels-homeyouth2022-133x75.jpg 133w, https:\/\/feetuphostels.com\/wp-content\/uploads\/2022\/10\/slide-feetuphostels-homeyouth2022.jpg 1920w\" sizes=\"(max-width: 1024px) 100vw, 1024px\" \/><figcaption class=\"wp-element-caption\">Come a casa, H\u00f4me Youth Hostel Valencia<\/figcaption><\/figure>\n\n<p>Prenota con noi, parliamo la tua lingua. Abbiamo anche questi motivi per sceglierci.<\/p>\n\n<ul class=\"wp-block-list\">\n<li><a href=\"https:\/\/feetuphostels.com\/secure-booking\/\">Massima sicurezza per la tua prenotazione<\/a><\/li>\n\n\n\n<li>Nessun prezzo nascosto o spese!<\/li>\n\n\n\n<li>Cancellazioni gratuite*!<\/li>\n\n\n\n<li>Prezzo senza intermediari!<\/li>\n\n\n\n<li>RISPARMIA FINO AL 5%<\/li>\n\n\n\n<li>Sempre il miglior prezzo!<\/li>\n\n\n\n<li>Prezzo ufficiale e imbattibile!<\/li>\n\n\n\n<li>Miglioriamo il prezzo<\/li>\n\n\n\n<li>Prenotazione online garantita!<\/li>\n\n\n\n<li>Conferma immediata<\/li>\n<\/ul>\n\n<h3 class=\"wp-block-heading\" id=\"h-these-are-all-our-services-for-your-comfort\">Questi sono tutti i nostri servizi per il vostro comfort<\/h3>\n\n<h4 class=\"wp-block-heading\" id=\"h-those-you-can-access-by-staying-with-us\">Quelli a cui puoi accedere soggiornando da noi<\/h4>\n\n<p>Questi servizi sono gratuiti:<\/p>\n\n<ul class=\"wp-block-list\">\n<li>La biancheria da letto \u00e8 inclusa nel prezzo.<\/li>\n\n\n\n<li>Mappa della citt\u00e0 gratuita.<\/li>\n\n\n\n<li><strong>LETTI SENZA LETTI A CASTELLO.<\/strong><\/li>\n\n\n\n<li>WIFI gratuito ad alta velocit\u00e0.<\/li>\n\n\n\n<li>Computer con connessione internet per i nostri ospiti.<\/li>\n\n\n\n<li>Aria condizionata nelle aree comuni e nelle camere da letto.<\/li>\n<\/ul>\n\n<h3 class=\"wp-block-heading\" id=\"h-services-in-general\">Servizi in generale:<\/h3>\n\n<ul class=\"wp-block-list\">\n<li>Armadietti nelle camere.<\/li>\n\n\n\n<li>Accesso alle camere tramite card.<\/li>\n\n\n\n<li>Uno spazio comune per stare con gli amici.<\/li>\n\n\n\n<li>Aria condizionata nella zona comune.<\/li>\n\n\n\n<li>Scambio di libri con noi.<\/li>\n\n\n\n<li>Doccia con acqua calda in inverno, in estate pure. Ma in estate si pu\u00f2 sentire come avere una doccia fredda<\/li>\n\n\n\n<li>Una cucina completamente attrezzata.<\/li>\n\n\n\n<li>Frigorifero \/ congelatore per conservare il cibo.<\/li>\n\n\n\n<li>Abbiamo asciugacapelli per tutti.<\/li>\n\n\n\n<li>Microonde per riscaldare il cibo.<\/li>\n\n\n\n<li>Il tuo primo asciugamano \u00e8 <strong>INCLUSO GRATUITAMENTE NELLA PRENOTAZIONE<\/strong>.<\/li>\n<\/ul>\n\n<h3 class=\"wp-block-heading\" id=\"h-other-services-for-you\">Altri servizi per te.<\/h3>\n\n<ul class=\"wp-block-list\">\n<li>Accesso a Internet in modo da poter continuare a essere connessi.<\/li>\n\n\n\n<li>Lavasecco.<\/li>\n\n\n\n<li>Bike rental.<\/li>\n\n\n\n<li>Se avete bisogno di pi\u00f9 asciugamani, hanno un piccolo costo aggiuntivo.<\/li>\n\n\n\n<li>Armadietti in camera per tenere i bagagli.<\/li>\n\n\n\n<li>Servizio FAX (vecchio stile ma funziona).<\/li>\n\n\n\n<li>Reception aperta 24 ore. Giorno \/ Notte.<\/li>\n\n\n\n<li>Organizziamo tour e offriamo anche informazioni sulla citt\u00e0.<\/li>\n<\/ul>\n\n<h3 class=\"wp-block-heading\" id=\"h-food-and-drink-services\">Servizi di ristorazione.<\/h3>\n\n<ul class=\"wp-block-list\">\n<li>\u00c8 possibile ottenere Kit per preparare t\u00e8 e caff\u00e8.<\/li>\n<\/ul>\n\n<ul class=\"wp-block-list\">\n<li>Distributori automatici all&#8217;interno del nostro ostello. Ricordati di portare con te le monete.<\/li>\n<\/ul>\n\n<ul class=\"wp-block-list\">\n<li>Inoltre abbiamo il servizio di caff\u00e8.<\/li>\n<\/ul>\n\n<h3 class=\"wp-block-heading\" id=\"h-we-also-have-thought-about-entertainment\">Abbiamo pensato anche all&#8217;intrattenimento:<\/h3>\n\n<ul class=\"wp-block-list\">\n<li>Abbiamo giochi da tavolo da giocare in <a href=\"https:\/\/travelingroup.com\/home-youth-hostel-valencia\/\" target=\"_blank\" rel=\"noreferrer noopener\">gruppo<\/a>.<\/li>\n\n\n\n<li>Abbiamo calcio balilla per avere un buon tempo con gli amici.<\/li>\n\n\n\n<li>WIFI gratuito ad alta velocit\u00e0.<\/li>\n\n\n\n<li><\/li>\n<\/ul>\n\n<h3 class=\"wp-block-heading\" id=\"h-we-are-the-only-hostel-without-bunkbeds-in-valencia\">Siamo l&#8217;unico ostello senza letti a castello a Valencia<\/h3>\n\n<p>Situato a soli 5 minuti a piedi dai negozi nella famosa via Colon. Abbiamo una fermata dell&#8217;autobus proprio di fronte all&#8217;ostello.<\/p>\n\n<h3 class=\"wp-block-heading\" id=\"h-the-neighborhood\">Quartiere.<\/h3>\n\n<p>Si tratta di Ciutat Vella, ed \u00e8 una grande opzione se sei un viaggiatore interessato all&#8217;architettura, visitare il centro storico e sperimentare nuove sensazioni a Valencia. Molti clienti ci dicono che questa parte di Valencia \u00e8 la tua preferita.<\/p>\n\n<h3 class=\"wp-block-heading\" id=\"h-our-staff\">Il nostro staff.<\/h3>\n\n<p>\u00c8 amichevole e multilingue, saranno sempre per offrire informazioni sulla citt\u00e0, oltre ad aiutarti a scoprire tutto ci\u00f2 che vale la pena nell&#8217;affascinante Valencia.<\/p>\n\n<p>Check out la <a href=\"https:\/\/feetuphostels.com\/it\/posizione-home-youth-hostel-valencia\/\">posizione<\/a> di H\u00f4me.<\/p>\n","protected":false},"excerpt":{"rendered":"<p>Home Youth Ostello Valencia. Bello, economico, sicuro, pulito, economico e colorato ostello situato nel casco vecchio da Valencia. A partire da 10 dollari a notte. L&#8217;ostello della giovent\u00f9 di Hotel Valencia \u00e8 un colorato alloggio economico situato nella citt\u00e0 vecchia di Valencia. Servizi puliti e accoglienti da 10 dollari a notte. L&#8217;ostello della giovent\u00f9 \u00e8 uno degli ostelli della giovent\u00f9 pi\u00f9 conosciuti e pi\u00f9 votati in tutte le sistemazioni di Valencia. Prenotazione Dell&#8217;Ostello della Giovent\u00f9 Valencia<\/p>\n","protected":false},"author":13,"featured_media":9193,"parent":0,"menu_order":0,"comment_status":"closed","ping_status":"open","template":"","meta":{"footnotes":""},"class_list":["post-2172","page","type-page","status-publish","has-post-thumbnail","hentry"],"yoast_head":"<!-- This site is optimized with the Yoast SEO plugin v27.3 - https:\/\/yoast.com\/product\/yoast-seo-wordpress\/ -->\n<title>H\u00f4me Ostello della Giovent\u00f9 Valencia. Ostello Valencia bello, economico e sicuro<\/title>\n<meta name=\"description\" content=\"H\u00f4me Ostello della Giovent\u00f9 Valencia. Ostello bello, economico, sicuro, pulito, economico e colorato situato nel casco vecchio da Valencia. Da \u20ac10 a notte\" \/>\n<meta name=\"robots\" content=\"index, follow, max-snippet:-1, max-image-preview:large, max-video-preview:-1\" \/>\n<link rel=\"canonical\" href=\"https:\/\/feetuphostels.com\/it\/home-youth-ostello-valencia\/\" \/>\n<meta property=\"og:locale\" content=\"it_IT\" \/>\n<meta property=\"og:type\" content=\"article\" \/>\n<meta property=\"og:title\" content=\"H\u00f4me Ostello della Giovent\u00f9 Valencia. Ostello Valencia bello, economico e sicuro\" \/>\n<meta property=\"og:description\" content=\"H\u00f4me Ostello della Giovent\u00f9 Valencia. Ostello bello, economico, sicuro, pulito, economico e colorato situato nel casco vecchio da Valencia. Da \u20ac10 a notte\" \/>\n<meta property=\"og:url\" content=\"https:\/\/feetuphostels.com\/it\/home-youth-ostello-valencia\/\" \/>\n<meta property=\"og:site_name\" content=\"Feet Up Hostels\" \/>\n<meta property=\"article:publisher\" content=\"https:\/\/facebook.com\/feetuphostelsgroup\" \/>\n<meta property=\"article:modified_time\" content=\"2024-11-05T17:30:55+00:00\" \/>\n<meta property=\"og:image\" content=\"https:\/\/feetuphostels.com\/wp-content\/uploads\/2018\/06\/home-youth-hostel-valencia.jpg\" \/>\n\t<meta property=\"og:image:width\" content=\"1200\" \/>\n\t<meta property=\"og:image:height\" content=\"900\" \/>\n\t<meta property=\"og:image:type\" content=\"image\/jpeg\" \/>\n<meta name=\"twitter:card\" content=\"summary_large_image\" \/>\n<meta name=\"twitter:site\" content=\"@feetuphostels\" \/>\n<meta name=\"twitter:label1\" content=\"Tempo di lettura stimato\" \/>\n\t<meta name=\"twitter:data1\" content=\"3 minuti\" \/>\n<script type=\"application\/ld+json\" class=\"yoast-schema-graph\">{\"@context\":\"https:\\\/\\\/schema.org\",\"@graph\":[{\"@type\":\"WebPage\",\"@id\":\"https:\\\/\\\/feetuphostels.com\\\/it\\\/home-youth-ostello-valencia\\\/\",\"url\":\"https:\\\/\\\/feetuphostels.com\\\/it\\\/home-youth-ostello-valencia\\\/\",\"name\":\"H\u00f4me Ostello della Giovent\u00f9 Valencia. Ostello Valencia bello, economico e sicuro\",\"isPartOf\":{\"@id\":\"https:\\\/\\\/feetuphostels.com\\\/it\\\/#website\"},\"primaryImageOfPage\":{\"@id\":\"https:\\\/\\\/feetuphostels.com\\\/it\\\/home-youth-ostello-valencia\\\/#primaryimage\"},\"image\":{\"@id\":\"https:\\\/\\\/feetuphostels.com\\\/it\\\/home-youth-ostello-valencia\\\/#primaryimage\"},\"thumbnailUrl\":\"https:\\\/\\\/feetuphostels.com\\\/wp-content\\\/uploads\\\/2018\\\/06\\\/home-youth-hostel-valencia.jpg\",\"datePublished\":\"2017-01-02T13:56:25+00:00\",\"dateModified\":\"2024-11-05T17:30:55+00:00\",\"description\":\"H\u00f4me Ostello della Giovent\u00f9 Valencia. Ostello bello, economico, sicuro, pulito, economico e colorato situato nel casco vecchio da Valencia. Da \u20ac10 a notte\",\"breadcrumb\":{\"@id\":\"https:\\\/\\\/feetuphostels.com\\\/it\\\/home-youth-ostello-valencia\\\/#breadcrumb\"},\"inLanguage\":\"it-IT\",\"potentialAction\":[{\"@type\":\"ReadAction\",\"target\":[\"https:\\\/\\\/feetuphostels.com\\\/it\\\/home-youth-ostello-valencia\\\/\"]}]},{\"@type\":\"ImageObject\",\"inLanguage\":\"it-IT\",\"@id\":\"https:\\\/\\\/feetuphostels.com\\\/it\\\/home-youth-ostello-valencia\\\/#primaryimage\",\"url\":\"https:\\\/\\\/feetuphostels.com\\\/wp-content\\\/uploads\\\/2018\\\/06\\\/home-youth-hostel-valencia.jpg\",\"contentUrl\":\"https:\\\/\\\/feetuphostels.com\\\/wp-content\\\/uploads\\\/2018\\\/06\\\/home-youth-hostel-valencia.jpg\",\"width\":1200,\"height\":900,\"caption\":\"Home Youth Hostel Valencia Feet Up\"},{\"@type\":\"BreadcrumbList\",\"@id\":\"https:\\\/\\\/feetuphostels.com\\\/it\\\/home-youth-ostello-valencia\\\/#breadcrumb\",\"itemListElement\":[{\"@type\":\"ListItem\",\"position\":1,\"name\":\"Home\",\"item\":\"https:\\\/\\\/feetuphostels.com\\\/it\\\/\"},{\"@type\":\"ListItem\",\"position\":2,\"name\":\"Home Youth Ostello Valencia\"}]},{\"@type\":\"WebSite\",\"@id\":\"https:\\\/\\\/feetuphostels.com\\\/it\\\/#website\",\"url\":\"https:\\\/\\\/feetuphostels.com\\\/it\\\/\",\"name\":\"Feet Up Hostels\",\"description\":\"Ostelli della giovent\u00f9 e alloggi a Valencia, Spagna. Siamo specialisti della cordialit\u00e0\",\"publisher\":{\"@id\":\"https:\\\/\\\/feetuphostels.com\\\/it\\\/#organization\"},\"alternateName\":\"Feet Up Hostels\",\"potentialAction\":[{\"@type\":\"SearchAction\",\"target\":{\"@type\":\"EntryPoint\",\"urlTemplate\":\"https:\\\/\\\/feetuphostels.com\\\/it\\\/?s={search_term_string}\"},\"query-input\":{\"@type\":\"PropertyValueSpecification\",\"valueRequired\":true,\"valueName\":\"search_term_string\"}}],\"inLanguage\":\"it-IT\"},{\"@type\":\"Organization\",\"@id\":\"https:\\\/\\\/feetuphostels.com\\\/it\\\/#organization\",\"name\":\"Feet Up Hostels\",\"alternateName\":\"Feet Up Hostels\",\"url\":\"https:\\\/\\\/feetuphostels.com\\\/it\\\/\",\"logo\":{\"@type\":\"ImageObject\",\"inLanguage\":\"it-IT\",\"@id\":\"https:\\\/\\\/feetuphostels.com\\\/it\\\/#\\\/schema\\\/logo\\\/image\\\/\",\"url\":\"https:\\\/\\\/feetuphostels.com\\\/wp-content\\\/uploads\\\/2019\\\/01\\\/logo-web-amp-feetuphostels.svg\",\"contentUrl\":\"https:\\\/\\\/feetuphostels.com\\\/wp-content\\\/uploads\\\/2019\\\/01\\\/logo-web-amp-feetuphostels.svg\",\"width\":1,\"height\":1,\"caption\":\"Feet Up Hostels\"},\"image\":{\"@id\":\"https:\\\/\\\/feetuphostels.com\\\/it\\\/#\\\/schema\\\/logo\\\/image\\\/\"},\"sameAs\":[\"https:\\\/\\\/facebook.com\\\/feetuphostelsgroup\",\"https:\\\/\\\/x.com\\\/feetuphostels\",\"https:\\\/\\\/www.instagram.com\\\/feetuphostels\\\/\",\"https:\\\/\\\/www.tiktok.com\\\/@feetuphostels\",\"https:\\\/\\\/www.linkedin.com\\\/company\\\/feetuphostelsgroup\\\/\",\"https:\\\/\\\/www.pinterest.es\\\/FeetupHostels\\\/\",\"https:\\\/\\\/www.youtube.com\\\/feetuphostels\"]}]}<\/script>\n<!-- \/ Yoast SEO plugin. -->","yoast_head_json":{"title":"H\u00f4me Ostello della Giovent\u00f9 Valencia. Ostello Valencia bello, economico e sicuro","description":"H\u00f4me Ostello della Giovent\u00f9 Valencia. Ostello bello, economico, sicuro, pulito, economico e colorato situato nel casco vecchio da Valencia. Da \u20ac10 a notte","robots":{"index":"index","follow":"follow","max-snippet":"max-snippet:-1","max-image-preview":"max-image-preview:large","max-video-preview":"max-video-preview:-1"},"canonical":"https:\/\/feetuphostels.com\/it\/home-youth-ostello-valencia\/","og_locale":"it_IT","og_type":"article","og_title":"H\u00f4me Ostello della Giovent\u00f9 Valencia. Ostello Valencia bello, economico e sicuro","og_description":"H\u00f4me Ostello della Giovent\u00f9 Valencia. Ostello bello, economico, sicuro, pulito, economico e colorato situato nel casco vecchio da Valencia. Da \u20ac10 a notte","og_url":"https:\/\/feetuphostels.com\/it\/home-youth-ostello-valencia\/","og_site_name":"Feet Up Hostels","article_publisher":"https:\/\/facebook.com\/feetuphostelsgroup","article_modified_time":"2024-11-05T17:30:55+00:00","og_image":[{"width":1200,"height":900,"url":"https:\/\/feetuphostels.com\/wp-content\/uploads\/2018\/06\/home-youth-hostel-valencia.jpg","type":"image\/jpeg"}],"twitter_card":"summary_large_image","twitter_site":"@feetuphostels","twitter_misc":{"Tempo di lettura stimato":"3 minuti"},"schema":{"@context":"https:\/\/schema.org","@graph":[{"@type":"WebPage","@id":"https:\/\/feetuphostels.com\/it\/home-youth-ostello-valencia\/","url":"https:\/\/feetuphostels.com\/it\/home-youth-ostello-valencia\/","name":"H\u00f4me Ostello della Giovent\u00f9 Valencia. Ostello Valencia bello, economico e sicuro","isPartOf":{"@id":"https:\/\/feetuphostels.com\/it\/#website"},"primaryImageOfPage":{"@id":"https:\/\/feetuphostels.com\/it\/home-youth-ostello-valencia\/#primaryimage"},"image":{"@id":"https:\/\/feetuphostels.com\/it\/home-youth-ostello-valencia\/#primaryimage"},"thumbnailUrl":"https:\/\/feetuphostels.com\/wp-content\/uploads\/2018\/06\/home-youth-hostel-valencia.jpg","datePublished":"2017-01-02T13:56:25+00:00","dateModified":"2024-11-05T17:30:55+00:00","description":"H\u00f4me Ostello della Giovent\u00f9 Valencia. Ostello bello, economico, sicuro, pulito, economico e colorato situato nel casco vecchio da Valencia. Da \u20ac10 a notte","breadcrumb":{"@id":"https:\/\/feetuphostels.com\/it\/home-youth-ostello-valencia\/#breadcrumb"},"inLanguage":"it-IT","potentialAction":[{"@type":"ReadAction","target":["https:\/\/feetuphostels.com\/it\/home-youth-ostello-valencia\/"]}]},{"@type":"ImageObject","inLanguage":"it-IT","@id":"https:\/\/feetuphostels.com\/it\/home-youth-ostello-valencia\/#primaryimage","url":"https:\/\/feetuphostels.com\/wp-content\/uploads\/2018\/06\/home-youth-hostel-valencia.jpg","contentUrl":"https:\/\/feetuphostels.com\/wp-content\/uploads\/2018\/06\/home-youth-hostel-valencia.jpg","width":1200,"height":900,"caption":"Home Youth Hostel Valencia Feet Up"},{"@type":"BreadcrumbList","@id":"https:\/\/feetuphostels.com\/it\/home-youth-ostello-valencia\/#breadcrumb","itemListElement":[{"@type":"ListItem","position":1,"name":"Home","item":"https:\/\/feetuphostels.com\/it\/"},{"@type":"ListItem","position":2,"name":"Home Youth Ostello Valencia"}]},{"@type":"WebSite","@id":"https:\/\/feetuphostels.com\/it\/#website","url":"https:\/\/feetuphostels.com\/it\/","name":"Feet Up Hostels","description":"Ostelli della giovent\u00f9 e alloggi a Valencia, Spagna. Siamo specialisti della cordialit\u00e0","publisher":{"@id":"https:\/\/feetuphostels.com\/it\/#organization"},"alternateName":"Feet Up Hostels","potentialAction":[{"@type":"SearchAction","target":{"@type":"EntryPoint","urlTemplate":"https:\/\/feetuphostels.com\/it\/?s={search_term_string}"},"query-input":{"@type":"PropertyValueSpecification","valueRequired":true,"valueName":"search_term_string"}}],"inLanguage":"it-IT"},{"@type":"Organization","@id":"https:\/\/feetuphostels.com\/it\/#organization","name":"Feet Up Hostels","alternateName":"Feet Up Hostels","url":"https:\/\/feetuphostels.com\/it\/","logo":{"@type":"ImageObject","inLanguage":"it-IT","@id":"https:\/\/feetuphostels.com\/it\/#\/schema\/logo\/image\/","url":"https:\/\/feetuphostels.com\/wp-content\/uploads\/2019\/01\/logo-web-amp-feetuphostels.svg","contentUrl":"https:\/\/feetuphostels.com\/wp-content\/uploads\/2019\/01\/logo-web-amp-feetuphostels.svg","width":1,"height":1,"caption":"Feet Up Hostels"},"image":{"@id":"https:\/\/feetuphostels.com\/it\/#\/schema\/logo\/image\/"},"sameAs":["https:\/\/facebook.com\/feetuphostelsgroup","https:\/\/x.com\/feetuphostels","https:\/\/www.instagram.com\/feetuphostels\/","https:\/\/www.tiktok.com\/@feetuphostels","https:\/\/www.linkedin.com\/company\/feetuphostelsgroup\/","https:\/\/www.pinterest.es\/FeetupHostels\/","https:\/\/www.youtube.com\/feetuphostels"]}]}},"_links":{"self":[{"href":"https:\/\/feetuphostels.com\/it\/wp-json\/wp\/v2\/pages\/2172","targetHints":{"allow":["GET"]}}],"collection":[{"href":"https:\/\/feetuphostels.com\/it\/wp-json\/wp\/v2\/pages"}],"about":[{"href":"https:\/\/feetuphostels.com\/it\/wp-json\/wp\/v2\/types\/page"}],"author":[{"embeddable":true,"href":"https:\/\/feetuphostels.com\/it\/wp-json\/wp\/v2\/users\/13"}],"replies":[{"embeddable":true,"href":"https:\/\/feetuphostels.com\/it\/wp-json\/wp\/v2\/comments?post=2172"}],"version-history":[{"count":0,"href":"https:\/\/feetuphostels.com\/it\/wp-json\/wp\/v2\/pages\/2172\/revisions"}],"wp:featuredmedia":[{"embeddable":true,"href":"https:\/\/feetuphostels.com\/it\/wp-json\/wp\/v2\/media\/9193"}],"wp:attachment":[{"href":"https:\/\/feetuphostels.com\/it\/wp-json\/wp\/v2\/media?parent=2172"}],"curies":[{"name":"wp","href":"https:\/\/api.w.org\/{rel}","templated":true}]}}