{"id":216939,"date":"2023-05-31T15:52:25","date_gmt":"2023-05-31T13:52:25","guid":{"rendered":"https:\/\/feetuphostels.com\/nest-style-valencia-hotel\/"},"modified":"2024-11-07T15:40:30","modified_gmt":"2024-11-07T14:40:30","slug":"nest-style-valencia-hotel","status":"publish","type":"page","link":"https:\/\/feetuphostels.com\/it\/nest-style-valencia-hotel\/","title":{"rendered":"Nest Style Valencia Hotel"},"content":{"rendered":"\n<h1 class=\"wp-block-heading has-text-align-center\" id=\"h-welcome-to-nest-style\">Nest Style Valencia Hotel<\/h1>\n\n<h2 class=\"wp-block-heading\">La tua casa lontano da casa in Avenida del Puerto, Nest Style Valencia<\/h2>\n\n<h3 class=\"wp-block-heading\">Cerchi un hotel per il tuo soggiorno a Valencia?<\/h3>\n\n<p>Ti presentiamo il Nest Style Valencia, un nuovo concetto di hotel, con camere decorate con colori vivaci e finiture di pregio. Situato nella centralissima <a href=\"http:\/\/neststylevalencia.com\/location\" target=\"_blank\" rel=\"noreferrer noopener\">Avenida del Puerto 77<\/a>, a pochi metri dal famoso Giardino del Turia (Antica causa del fiume Turia), dalla citt\u00e0 delle Arti e delle Scienze e da molti altri luoghi da scoprire durante la tua visita a Valencia.<\/p>\n\n<h3 class=\"wp-block-heading\">Camere Nest Style Valencia<\/h3>\n\n<p>Il Nest Style Valencia dispone di camere moderne progettate pensando al tuo comfort.<\/p>\n\n<p>Dalle camere singole alle suite familiari, ogni spazio offre un ambiente calmo e rilassato, perfetto per rilassarsi dopo una giornata trascorsa ad esplorare la splendida Valencia.<\/p>\n\n<h3 class=\"wp-block-heading\">Servizi alberghieri di prima classe<\/h3>\n\n<p>All&#8217;Hotel ci impegniamo per offrirti un&#8217;esperienza eccezionale.<\/p>\n\n<p>Il nostro hotel offre WiFi gratuito, servizio in camera 24 ore su 24, 7 giorni su 7, una colazione a buffet con opzioni locali e salutari e uno staff cordiale e dedicato, pronto ad assisterti in ogni momento.<\/p>\n\n<h3 class=\"wp-block-heading\">Esplora Valencia da Avenida del Puerto<\/h3>\n\n<p>La nostra posizione in Avenida del Puerto ti pone nel cuore di Valencia. Da qui puoi raggiungere a piedi la Citt\u00e0 delle Arti e delle Scienze, goderti la bellezza del Parco Gulliver o passeggiare intorno al porto e alla spiaggia di Malvarrosa.<\/p>\n\n<p>Inoltre, sarai circondato da una serie di ristoranti e bar dove potrai gustare l&#8217;autentica paella valenciana.<\/p>\n\n<h3 class=\"wp-block-heading\">Prenotazione in Nest Style<\/h3>\n\n<p>Prenota oggi stesso il tuo soggiorno al Nest Style Valencia. Grazie alle nostre tariffe competitive, non troverai un alloggio migliore in Avenida del Puerto. Saremo lieti di darti presto il benvenuto!<\/p>\n\n<h3 class=\"wp-block-heading\">Contatti<\/h3>\n\n<p>Hai qualche domanda? Non esitare a <a href=\"https:\/\/feetuphostels.com\/customer\/contact\/\">contattarci<\/a>. Il nostro team \u00e8 pronto ad aiutarti a pianificare il soggiorno perfetto a Valencia.<\/p>\n\n<div class=\"wp-block-essential-blocks-advanced-image\"><div class=\"eb-parent-wrapper eb-parent-eb-advanced-image-flbui2r \"><figure class=\"eb-advanced-image-wrapper eb-advanced-image-flbui2r img-style-rounded caption-style-1 caption-horizontal-center caption-vertical-bottom bottom zoom-in\" data-id=\"eb-advanced-image-flbui2r\"><div class=\"image-wrapper\"><img decoding=\"async\" src=\"https:\/\/feetuphostels.com\/wp-content\/uploads\/2019\/12\/06green-room-10-nest-style-valencia-2019.jpg\" alt=\"Nest Style Valencia | Camere spaziose disponibili\"><figcaption>Nest Style Valencia | Camere spaziose disponibili<\/figcaption><\/div><\/figure><\/div><\/div>\n\n<p>Scopri il comfort e lo stile del Nest Style Valencia, il tuo hotel preferito in Avenida del Puerto. Vieni a goderti un soggiorno indimenticabile nel cuore di Valencia!<\/p>\n\n<h2 class=\"wp-block-heading\">Scoprire Valencia<\/h2>\n\n<p>Valencia \u00e8 una citt\u00e0 ricca di fascino con molti luoghi interessanti da visitare. Ecco alcune delle attrazioni turistiche pi\u00f9 famose nei pressi di Nest Style Valencia e la distanza approssimativa da ciascuna di esse:<\/p>\n\n<h3 class=\"wp-block-heading\">Citt\u00e0 delle Arti e delle Scienze<\/h3>\n\n<p>Questo gioiello architettonico, che comprende un cinema IMAX, un museo della scienza e l&#8217;imponente Oceanografico, si trova a soli 2,5 km dall&#8217;hotel. \u00c8 una tappa obbligata a Valencia!<\/p>\n\n<h3 class=\"wp-block-heading\">Il mercato centrale<\/h3>\n\n<p>Questo vivace mercato, ricco di deliziosi prodotti locali, si trova a circa 3 km di distanza. \u00c8 il luogo perfetto per assaggiare l&#8217;autentica cucina valenciana.<\/p>\n\n<h3 class=\"wp-block-heading\">La Cattedrale di Valencia e il Miguelete<\/h3>\n\n<p>Questi imponenti monumenti storici, situati nel cuore della citt\u00e0 vecchia, distano circa 3,5 km dal Nest Style Valencia.<\/p>\n\n<h3 class=\"wp-block-heading\">Giardini del Turia<\/h3>\n\n<p>Questo parco lineare, che un tempo era un fiume, dista circa 2 km. \u00c8 il luogo ideale per una piacevole passeggiata o una corsetta mattutina.<\/p>\n\n<h3 class=\"wp-block-heading\">Spiaggia Malvarrosa<\/h3>\n\n<p>Questa famosa spiaggia di Valencia dista circa 4 km dall&#8217;hotel. Puoi arrivarci in autobus o, se ne hai voglia, con una piacevole passeggiata.<\/p>\n\n<p>Ricorda che le distanze sono approssimative e possono variare a seconda del percorso che scegli per raggiungere ogni luogo.<\/p>\n\n<p>Sono sicuro che ti piacer\u00e0 esplorare tutto ci\u00f2 che Valencia ha da offrire!<\/p>\n","protected":false},"excerpt":{"rendered":"<p>Passione e design in un hotel boutique sull&#8217;Avenida del Puerto a Valencia con camere ampie e luminose nel Nest Style Valencia Hotel.<\/p>\n","protected":false},"author":13,"featured_media":82627,"parent":0,"menu_order":0,"comment_status":"closed","ping_status":"closed","template":"","meta":{"footnotes":""},"class_list":["post-216939","page","type-page","status-publish","has-post-thumbnail","hentry"],"yoast_head":"<!-- This site is optimized with the Yoast SEO plugin v27.3 - https:\/\/yoast.com\/product\/yoast-seo-wordpress\/ -->\n<title>Nest Style Valencia. Un hotel boutique con passione e design<\/title>\n<meta name=\"description\" content=\"Nest Style Valencia. Un hotel boutique con passione e design sull&#039;Avenida del Puerto a Valencia con camere ampie e luminose\" \/>\n<meta name=\"robots\" content=\"index, follow, max-snippet:-1, max-image-preview:large, max-video-preview:-1\" \/>\n<link rel=\"canonical\" href=\"https:\/\/feetuphostels.com\/it\/nest-style-valencia-hotel\/\" \/>\n<meta property=\"og:locale\" content=\"it_IT\" \/>\n<meta property=\"og:type\" content=\"article\" \/>\n<meta property=\"og:title\" content=\"Nest Style Valencia. Un hotel boutique con passione e design\" \/>\n<meta property=\"og:description\" content=\"Nest Style Valencia. Un hotel boutique con passione e design sull&#039;Avenida del Puerto a Valencia con camere ampie e luminose\" \/>\n<meta property=\"og:url\" content=\"https:\/\/feetuphostels.com\/it\/nest-style-valencia-hotel\/\" \/>\n<meta property=\"og:site_name\" content=\"Feet Up Hostels\" \/>\n<meta property=\"article:publisher\" content=\"https:\/\/facebook.com\/feetuphostelsgroup\" \/>\n<meta property=\"article:modified_time\" content=\"2024-11-07T14:40:30+00:00\" \/>\n<meta property=\"og:image\" content=\"https:\/\/feetuphostels.com\/wp-content\/uploads\/2019\/12\/06green-room-10-nest-style-valencia-2019.jpg\" \/>\n\t<meta property=\"og:image:width\" content=\"1619\" \/>\n\t<meta property=\"og:image:height\" content=\"1080\" \/>\n\t<meta property=\"og:image:type\" content=\"image\/jpeg\" \/>\n<meta name=\"twitter:card\" content=\"summary_large_image\" \/>\n<meta name=\"twitter:site\" content=\"@feetuphostels\" \/>\n<meta name=\"twitter:label1\" content=\"Tempo di lettura stimato\" \/>\n\t<meta name=\"twitter:data1\" content=\"3 minuti\" \/>\n<script type=\"application\/ld+json\" class=\"yoast-schema-graph\">{\"@context\":\"https:\\\/\\\/schema.org\",\"@graph\":[{\"@type\":\"WebPage\",\"@id\":\"https:\\\/\\\/feetuphostels.com\\\/it\\\/nest-style-valencia-hotel\\\/\",\"url\":\"https:\\\/\\\/feetuphostels.com\\\/it\\\/nest-style-valencia-hotel\\\/\",\"name\":\"Nest Style Valencia. Un hotel boutique con passione e design\",\"isPartOf\":{\"@id\":\"https:\\\/\\\/feetuphostels.com\\\/it\\\/#website\"},\"primaryImageOfPage\":{\"@id\":\"https:\\\/\\\/feetuphostels.com\\\/it\\\/nest-style-valencia-hotel\\\/#primaryimage\"},\"image\":{\"@id\":\"https:\\\/\\\/feetuphostels.com\\\/it\\\/nest-style-valencia-hotel\\\/#primaryimage\"},\"thumbnailUrl\":\"https:\\\/\\\/feetuphostels.com\\\/wp-content\\\/uploads\\\/2019\\\/12\\\/06green-room-10-nest-style-valencia-2019.jpg\",\"datePublished\":\"2023-05-31T13:52:25+00:00\",\"dateModified\":\"2024-11-07T14:40:30+00:00\",\"description\":\"Nest Style Valencia. Un hotel boutique con passione e design sull'Avenida del Puerto a Valencia con camere ampie e luminose\",\"breadcrumb\":{\"@id\":\"https:\\\/\\\/feetuphostels.com\\\/it\\\/nest-style-valencia-hotel\\\/#breadcrumb\"},\"inLanguage\":\"it-IT\",\"potentialAction\":[{\"@type\":\"ReadAction\",\"target\":[\"https:\\\/\\\/feetuphostels.com\\\/it\\\/nest-style-valencia-hotel\\\/\"]}]},{\"@type\":\"ImageObject\",\"inLanguage\":\"it-IT\",\"@id\":\"https:\\\/\\\/feetuphostels.com\\\/it\\\/nest-style-valencia-hotel\\\/#primaryimage\",\"url\":\"https:\\\/\\\/feetuphostels.com\\\/wp-content\\\/uploads\\\/2019\\\/12\\\/06green-room-10-nest-style-valencia-2019.jpg\",\"contentUrl\":\"https:\\\/\\\/feetuphostels.com\\\/wp-content\\\/uploads\\\/2019\\\/12\\\/06green-room-10-nest-style-valencia-2019.jpg\",\"width\":1619,\"height\":1080,\"caption\":\"Nest Style Valencia | Camere spaziose disponibili\"},{\"@type\":\"BreadcrumbList\",\"@id\":\"https:\\\/\\\/feetuphostels.com\\\/it\\\/nest-style-valencia-hotel\\\/#breadcrumb\",\"itemListElement\":[{\"@type\":\"ListItem\",\"position\":1,\"name\":\"Home\",\"item\":\"https:\\\/\\\/feetuphostels.com\\\/it\\\/\"},{\"@type\":\"ListItem\",\"position\":2,\"name\":\"Nest Style Valencia Hotel\"}]},{\"@type\":\"WebSite\",\"@id\":\"https:\\\/\\\/feetuphostels.com\\\/it\\\/#website\",\"url\":\"https:\\\/\\\/feetuphostels.com\\\/it\\\/\",\"name\":\"Feet Up Hostels\",\"description\":\"Ostelli della giovent\u00f9 e alloggi a Valencia, Spagna. Siamo specialisti della cordialit\u00e0\",\"publisher\":{\"@id\":\"https:\\\/\\\/feetuphostels.com\\\/it\\\/#organization\"},\"alternateName\":\"Feet Up Hostels\",\"potentialAction\":[{\"@type\":\"SearchAction\",\"target\":{\"@type\":\"EntryPoint\",\"urlTemplate\":\"https:\\\/\\\/feetuphostels.com\\\/it\\\/?s={search_term_string}\"},\"query-input\":{\"@type\":\"PropertyValueSpecification\",\"valueRequired\":true,\"valueName\":\"search_term_string\"}}],\"inLanguage\":\"it-IT\"},{\"@type\":\"Organization\",\"@id\":\"https:\\\/\\\/feetuphostels.com\\\/it\\\/#organization\",\"name\":\"Feet Up Hostels\",\"alternateName\":\"Feet Up Hostels\",\"url\":\"https:\\\/\\\/feetuphostels.com\\\/it\\\/\",\"logo\":{\"@type\":\"ImageObject\",\"inLanguage\":\"it-IT\",\"@id\":\"https:\\\/\\\/feetuphostels.com\\\/it\\\/#\\\/schema\\\/logo\\\/image\\\/\",\"url\":\"https:\\\/\\\/feetuphostels.com\\\/wp-content\\\/uploads\\\/2019\\\/01\\\/logo-web-amp-feetuphostels.svg\",\"contentUrl\":\"https:\\\/\\\/feetuphostels.com\\\/wp-content\\\/uploads\\\/2019\\\/01\\\/logo-web-amp-feetuphostels.svg\",\"width\":1,\"height\":1,\"caption\":\"Feet Up Hostels\"},\"image\":{\"@id\":\"https:\\\/\\\/feetuphostels.com\\\/it\\\/#\\\/schema\\\/logo\\\/image\\\/\"},\"sameAs\":[\"https:\\\/\\\/facebook.com\\\/feetuphostelsgroup\",\"https:\\\/\\\/x.com\\\/feetuphostels\",\"https:\\\/\\\/www.instagram.com\\\/feetuphostels\\\/\",\"https:\\\/\\\/www.tiktok.com\\\/@feetuphostels\",\"https:\\\/\\\/www.linkedin.com\\\/company\\\/feetuphostelsgroup\\\/\",\"https:\\\/\\\/www.pinterest.es\\\/FeetupHostels\\\/\",\"https:\\\/\\\/www.youtube.com\\\/feetuphostels\"]}]}<\/script>\n<!-- \/ Yoast SEO plugin. -->","yoast_head_json":{"title":"Nest Style Valencia. Un hotel boutique con passione e design","description":"Nest Style Valencia. Un hotel boutique con passione e design sull'Avenida del Puerto a Valencia con camere ampie e luminose","robots":{"index":"index","follow":"follow","max-snippet":"max-snippet:-1","max-image-preview":"max-image-preview:large","max-video-preview":"max-video-preview:-1"},"canonical":"https:\/\/feetuphostels.com\/it\/nest-style-valencia-hotel\/","og_locale":"it_IT","og_type":"article","og_title":"Nest Style Valencia. Un hotel boutique con passione e design","og_description":"Nest Style Valencia. Un hotel boutique con passione e design sull'Avenida del Puerto a Valencia con camere ampie e luminose","og_url":"https:\/\/feetuphostels.com\/it\/nest-style-valencia-hotel\/","og_site_name":"Feet Up Hostels","article_publisher":"https:\/\/facebook.com\/feetuphostelsgroup","article_modified_time":"2024-11-07T14:40:30+00:00","og_image":[{"width":1619,"height":1080,"url":"https:\/\/feetuphostels.com\/wp-content\/uploads\/2019\/12\/06green-room-10-nest-style-valencia-2019.jpg","type":"image\/jpeg"}],"twitter_card":"summary_large_image","twitter_site":"@feetuphostels","twitter_misc":{"Tempo di lettura stimato":"3 minuti"},"schema":{"@context":"https:\/\/schema.org","@graph":[{"@type":"WebPage","@id":"https:\/\/feetuphostels.com\/it\/nest-style-valencia-hotel\/","url":"https:\/\/feetuphostels.com\/it\/nest-style-valencia-hotel\/","name":"Nest Style Valencia. Un hotel boutique con passione e design","isPartOf":{"@id":"https:\/\/feetuphostels.com\/it\/#website"},"primaryImageOfPage":{"@id":"https:\/\/feetuphostels.com\/it\/nest-style-valencia-hotel\/#primaryimage"},"image":{"@id":"https:\/\/feetuphostels.com\/it\/nest-style-valencia-hotel\/#primaryimage"},"thumbnailUrl":"https:\/\/feetuphostels.com\/wp-content\/uploads\/2019\/12\/06green-room-10-nest-style-valencia-2019.jpg","datePublished":"2023-05-31T13:52:25+00:00","dateModified":"2024-11-07T14:40:30+00:00","description":"Nest Style Valencia. Un hotel boutique con passione e design sull'Avenida del Puerto a Valencia con camere ampie e luminose","breadcrumb":{"@id":"https:\/\/feetuphostels.com\/it\/nest-style-valencia-hotel\/#breadcrumb"},"inLanguage":"it-IT","potentialAction":[{"@type":"ReadAction","target":["https:\/\/feetuphostels.com\/it\/nest-style-valencia-hotel\/"]}]},{"@type":"ImageObject","inLanguage":"it-IT","@id":"https:\/\/feetuphostels.com\/it\/nest-style-valencia-hotel\/#primaryimage","url":"https:\/\/feetuphostels.com\/wp-content\/uploads\/2019\/12\/06green-room-10-nest-style-valencia-2019.jpg","contentUrl":"https:\/\/feetuphostels.com\/wp-content\/uploads\/2019\/12\/06green-room-10-nest-style-valencia-2019.jpg","width":1619,"height":1080,"caption":"Nest Style Valencia | Camere spaziose disponibili"},{"@type":"BreadcrumbList","@id":"https:\/\/feetuphostels.com\/it\/nest-style-valencia-hotel\/#breadcrumb","itemListElement":[{"@type":"ListItem","position":1,"name":"Home","item":"https:\/\/feetuphostels.com\/it\/"},{"@type":"ListItem","position":2,"name":"Nest Style Valencia Hotel"}]},{"@type":"WebSite","@id":"https:\/\/feetuphostels.com\/it\/#website","url":"https:\/\/feetuphostels.com\/it\/","name":"Feet Up Hostels","description":"Ostelli della giovent\u00f9 e alloggi a Valencia, Spagna. Siamo specialisti della cordialit\u00e0","publisher":{"@id":"https:\/\/feetuphostels.com\/it\/#organization"},"alternateName":"Feet Up Hostels","potentialAction":[{"@type":"SearchAction","target":{"@type":"EntryPoint","urlTemplate":"https:\/\/feetuphostels.com\/it\/?s={search_term_string}"},"query-input":{"@type":"PropertyValueSpecification","valueRequired":true,"valueName":"search_term_string"}}],"inLanguage":"it-IT"},{"@type":"Organization","@id":"https:\/\/feetuphostels.com\/it\/#organization","name":"Feet Up Hostels","alternateName":"Feet Up Hostels","url":"https:\/\/feetuphostels.com\/it\/","logo":{"@type":"ImageObject","inLanguage":"it-IT","@id":"https:\/\/feetuphostels.com\/it\/#\/schema\/logo\/image\/","url":"https:\/\/feetuphostels.com\/wp-content\/uploads\/2019\/01\/logo-web-amp-feetuphostels.svg","contentUrl":"https:\/\/feetuphostels.com\/wp-content\/uploads\/2019\/01\/logo-web-amp-feetuphostels.svg","width":1,"height":1,"caption":"Feet Up Hostels"},"image":{"@id":"https:\/\/feetuphostels.com\/it\/#\/schema\/logo\/image\/"},"sameAs":["https:\/\/facebook.com\/feetuphostelsgroup","https:\/\/x.com\/feetuphostels","https:\/\/www.instagram.com\/feetuphostels\/","https:\/\/www.tiktok.com\/@feetuphostels","https:\/\/www.linkedin.com\/company\/feetuphostelsgroup\/","https:\/\/www.pinterest.es\/FeetupHostels\/","https:\/\/www.youtube.com\/feetuphostels"]}]}},"_links":{"self":[{"href":"https:\/\/feetuphostels.com\/it\/wp-json\/wp\/v2\/pages\/216939","targetHints":{"allow":["GET"]}}],"collection":[{"href":"https:\/\/feetuphostels.com\/it\/wp-json\/wp\/v2\/pages"}],"about":[{"href":"https:\/\/feetuphostels.com\/it\/wp-json\/wp\/v2\/types\/page"}],"author":[{"embeddable":true,"href":"https:\/\/feetuphostels.com\/it\/wp-json\/wp\/v2\/users\/13"}],"replies":[{"embeddable":true,"href":"https:\/\/feetuphostels.com\/it\/wp-json\/wp\/v2\/comments?post=216939"}],"version-history":[{"count":0,"href":"https:\/\/feetuphostels.com\/it\/wp-json\/wp\/v2\/pages\/216939\/revisions"}],"wp:featuredmedia":[{"embeddable":true,"href":"https:\/\/feetuphostels.com\/it\/wp-json\/wp\/v2\/media\/82627"}],"wp:attachment":[{"href":"https:\/\/feetuphostels.com\/it\/wp-json\/wp\/v2\/media?parent=216939"}],"curies":[{"name":"wp","href":"https:\/\/api.w.org\/{rel}","templated":true}]}}