{"id":2161,"date":"2016-12-23T21:35:47","date_gmt":"2016-12-23T20:35:47","guid":{"rendered":"https:\/\/feetuphostels.com\/hostels-valencia\/"},"modified":"2024-11-06T09:44:45","modified_gmt":"2024-11-06T08:44:45","slug":"ostelli-gioventu-valencia","status":"publish","type":"page","link":"https:\/\/feetuphostels.com\/it\/ostelli-gioventu-valencia\/","title":{"rendered":"Ostelli Valencia"},"content":{"rendered":"\n<h1 class=\"has-text-align-center wp-block-heading\">Ostelli a Valencia<\/h1>\n\n<h2 class=\"wp-block-heading\">Ostelli Valencia. Ostello Purple Nest Valencia<\/h2>\n\n<h3 class=\"wp-block-heading\">Nella Plaza Tetuan, il centro di Valencia<\/h3>\n\n<p>Nel centro e nel cuore di Valencia, a soli 10 minuti dalla Cattedrale di Santa Maria de Valencia se avete intenzione di camminare. Le nostre camere sono molto luminose con aria condizionata inclusa, abbiamo anche WIFI gratuito ad alta velocit\u00e0 in tutto il nostro ostello.<\/p>\n\n<figure class=\"wp-block-image size-full\"><a href=\"https:\/\/feetuphostels.com\/purple-nest-hostel-valencia\/\"><img fetchpriority=\"high\" decoding=\"async\" width=\"3500\" height=\"2333\" src=\"https:\/\/feetuphostels.com\/wp-content\/uploads\/2022\/02\/33purple-nest-hostel-valencia-web.jpg\" alt=\"4 dormitorio misto in Purple Nest Hostels Valencia\" class=\"wp-image-201470\" srcset=\"https:\/\/feetuphostels.com\/wp-content\/uploads\/2022\/02\/33purple-nest-hostel-valencia-web.jpg 3500w, https:\/\/feetuphostels.com\/wp-content\/uploads\/2022\/02\/33purple-nest-hostel-valencia-web-300x200.jpg 300w, https:\/\/feetuphostels.com\/wp-content\/uploads\/2022\/02\/33purple-nest-hostel-valencia-web-1024x683.jpg 1024w, https:\/\/feetuphostels.com\/wp-content\/uploads\/2022\/02\/33purple-nest-hostel-valencia-web-768x512.jpg 768w, https:\/\/feetuphostels.com\/wp-content\/uploads\/2022\/02\/33purple-nest-hostel-valencia-web-1536x1024.jpg 1536w, https:\/\/feetuphostels.com\/wp-content\/uploads\/2022\/02\/33purple-nest-hostel-valencia-web-2048x1365.jpg 2048w, https:\/\/feetuphostels.com\/wp-content\/uploads\/2022\/02\/33purple-nest-hostel-valencia-web-219x146.jpg 219w, https:\/\/feetuphostels.com\/wp-content\/uploads\/2022\/02\/33purple-nest-hostel-valencia-web-50x33.jpg 50w, https:\/\/feetuphostels.com\/wp-content\/uploads\/2022\/02\/33purple-nest-hostel-valencia-web-113x75.jpg 113w\" sizes=\"(max-width: 3500px) 100vw, 3500px\" \/><\/a><figcaption class=\"wp-element-caption\">4 dormitorio misto<\/figcaption><\/figure>\n\n<h2 class=\"wp-block-heading\">Valencia Ostelli. Ostello Red Nest Valencia<\/h2>\n\n<h3 class=\"wp-block-heading\">Nella famosa strada di La Paz a Valencia<\/h3>\n\n<p>In Calle la Paz a soli 7 minuti dalla piazza del Municipio. Abbiamo camere colorate per soggiornare a Valencia, camere con aria condizionata inclusa, abbiamo anche WIFI ad alta velocit\u00e0 gratuito in tutto il nostro ostello per essere sempre connessi.<\/p>\n\n<figure class=\"wp-block-image size-full\"><a href=\"https:\/\/feetuphostels.com\/red-nest-hostel-valencia\/\"><img decoding=\"async\" width=\"1619\" height=\"1080\" src=\"https:\/\/feetuphostels.com\/wp-content\/uploads\/2020\/10\/01red-nest-hostel-valencia2020-pro-covid19.jpg\" alt=\"10 Dormitorio misto nel Red Nest Hostel Valencia\" class=\"wp-image-133286\" srcset=\"https:\/\/feetuphostels.com\/wp-content\/uploads\/2020\/10\/01red-nest-hostel-valencia2020-pro-covid19.jpg 1619w, https:\/\/feetuphostels.com\/wp-content\/uploads\/2020\/10\/01red-nest-hostel-valencia2020-pro-covid19-300x200.jpg 300w, https:\/\/feetuphostels.com\/wp-content\/uploads\/2020\/10\/01red-nest-hostel-valencia2020-pro-covid19-1024x683.jpg 1024w, https:\/\/feetuphostels.com\/wp-content\/uploads\/2020\/10\/01red-nest-hostel-valencia2020-pro-covid19-768x512.jpg 768w, https:\/\/feetuphostels.com\/wp-content\/uploads\/2020\/10\/01red-nest-hostel-valencia2020-pro-covid19-1536x1025.jpg 1536w, https:\/\/feetuphostels.com\/wp-content\/uploads\/2020\/10\/01red-nest-hostel-valencia2020-pro-covid19-219x146.jpg 219w, https:\/\/feetuphostels.com\/wp-content\/uploads\/2020\/10\/01red-nest-hostel-valencia2020-pro-covid19-50x33.jpg 50w, https:\/\/feetuphostels.com\/wp-content\/uploads\/2020\/10\/01red-nest-hostel-valencia2020-pro-covid19-112x75.jpg 112w\" sizes=\"(max-width: 1619px) 100vw, 1619px\" \/><\/a><figcaption class=\"wp-element-caption\">10 Dormitorio misto<\/figcaption><\/figure>\n\n<h2 class=\"wp-block-heading\">H\u00f4me Ostello della Giovent\u00f9 Valencia<\/h2>\n\n<h3 class=\"wp-block-heading\">Dietro la famosa Lonja de la Seda a Valencia<\/h3>\n\n<p>Si trova proprio nel centro della citt\u00e0 ea soli 10 minuti da tutte le principali stazioni ferroviarie (stazione Nord) e autobus (vicino a tutte le linee di autobus). L&#8217;ostello perfetto per i giovani viaggiatori che non si preoccupano di condividere il loro viaggio con altri viaggiatori.<\/p>\n\n<figure class=\"wp-block-image size-full\"><a href=\"https:\/\/feetuphostels.com\/home-youth-hostel-valencia\/\"><img decoding=\"async\" width=\"1200\" height=\"800\" src=\"https:\/\/feetuphostels.com\/wp-content\/uploads\/2018\/10\/great-hostel-valencia-home-youth-hostel-valencia.jpg\" alt=\"Accogliente camera matrimoniale in H&#xF4;me Youth Hostel Valencia\" class=\"wp-image-16568\" srcset=\"https:\/\/feetuphostels.com\/wp-content\/uploads\/2018\/10\/great-hostel-valencia-home-youth-hostel-valencia.jpg 1200w, https:\/\/feetuphostels.com\/wp-content\/uploads\/2018\/10\/great-hostel-valencia-home-youth-hostel-valencia-300x200.jpg 300w, https:\/\/feetuphostels.com\/wp-content\/uploads\/2018\/10\/great-hostel-valencia-home-youth-hostel-valencia-1024x683.jpg 1024w, https:\/\/feetuphostels.com\/wp-content\/uploads\/2018\/10\/great-hostel-valencia-home-youth-hostel-valencia-768x512.jpg 768w, https:\/\/feetuphostels.com\/wp-content\/uploads\/2018\/10\/great-hostel-valencia-home-youth-hostel-valencia-219x146.jpg 219w, https:\/\/feetuphostels.com\/wp-content\/uploads\/2018\/10\/great-hostel-valencia-home-youth-hostel-valencia-50x33.jpg 50w, https:\/\/feetuphostels.com\/wp-content\/uploads\/2018\/10\/great-hostel-valencia-home-youth-hostel-valencia-113x75.jpg 113w\" sizes=\"(max-width: 1200px) 100vw, 1200px\" \/><\/a><figcaption class=\"wp-element-caption\">Accogliente camera da letto matrimoniale<\/figcaption><\/figure>\n\n<h2 class=\"wp-block-heading\">H\u00f4me Backpackers Hostel Valencia<\/h2>\n\n<h3 class=\"wp-block-heading\">Nel centro di Valencia (Barrio el Carmen)<\/h3>\n\n<p>Se stai cercando un ostello economico a Valencia, l&#8217;Home Backpackers Hostel \u00e8 il posto giusto dove soggiornare per la tua visita a Valencia. Siamo uno dei migliori ostelli della giovent\u00f9 per soggiornare nel quartiere di El Carmen, a 5 minuti da molte fermate degli autobus.<\/p>\n\n<figure class=\"wp-block-image size-full\"><a href=\"https:\/\/feetuphostels.com\/home-backpackers-hostel-valencia\/\"><img decoding=\"async\" src=\"https:\/\/feetuphostels.com\/wp-content\/uploads\/2018\/10\/home-backpackers-hostel-valencia-by-feetup-hostels.jpg\" alt=\"Cucina completamente attrezzata. H&#xF4;me Backpackers Hostel Valencia\" class=\"wp-image-16576\"\/><\/a><figcaption class=\"wp-element-caption\">Cucina completamente attrezzata<\/figcaption><\/figure>\n\n<p><\/p>\n\n<h2 class=\"wp-block-heading\">Quanto ne sai di Valencia?<\/h2>\n\n<p>La bellissima citt\u00e0 di Valencia, oltre ad essere notevole per le sue cucine spettacolari e avere un&#8217;eccellente gastronomia, ha anche alcuni luoghi storici che non puoi perdere.<\/p>\n\n<p>Camminare senza meta per la citt\u00e0 \u00e8 come camminare attraverso la storia di questa mitica citt\u00e0. L&#8217;architettura valenciana spazia dalla pi\u00f9 spettacolare alla pi\u00f9 sublime, dai resti romani del museo archeologico alla futuristica Citt\u00e0 delle Arti e delle Scienze. La cattedrale medievale di Valencia \u00e8 una miscela di stili che possono essere percepiti anche all&#8217;interno, come le sculture dorate e la Cupola splendente, che vi lascer\u00e0 senza fiato.<\/p>\n\n<p>Il Parco Naturale del fiume Turia \u00e8 un chiaro esempio di pianificazione urbana. Si trova sulle rive di un fiume ri-canalizzato e offre ombra in questa citt\u00e0 soleggiata. Anche se \u00e8 anche possibile rinfrescarsi nelle fantastiche spiagge del Mediterraneo.<\/p>\n\n<p><\/p>\n\n<h2 class=\"wp-block-heading\">Cosa succede se Best Le migliori visite a Barcellona?<\/h2>\n\n<p>Possiamo offrirti gli ostelli pi\u00f9 belli ed economici di Barcellona, dove puoi soggiornare in camere confortevoli e pulite. Da non perdere Come vieni a BARCELLONA!<\/p>\n\n<h3 class=\"wp-block-heading\"><a href=\"https:\/\/feetuphostels.com\/garden-house-hostel-barcelona\/\">Garden House Hostel Barcelona<\/a><\/h3>\n\n<p>Situato a soli 4 isolati dalla fermata della metropolitana Valldaura, da cui \u00e8 possibile raggiungere il centro di Barcellona in soli 15 minuti. Con WIFI ad alta velocit\u00e0, terrazza, cucina completamente attrezzata e un bellissimo giardino. <\/p>\n\n<h3 class=\"wp-block-heading\"><a href=\"https:\/\/nesthostelsbarcelona.com\/\" target=\"_blank\" rel=\"noreferrer noopener\">Yellow Nest Hostel Barcelona<\/a><\/h3>\n\n<p>Questo ostello ti piacer\u00e0 se sei un appassionato di calcio e molto di pi\u00f9 se sei un fan del FC Barcelona perch\u00e9 \u00e8 a soli 3 isolati dal leggendario Camp Nou di Barcellona. Prezzi speciali per le date delle partite di calcio.<\/p>\n","protected":false},"excerpt":{"rendered":"<p>Ostelli Valencia. Sistemazioni economiche e di alta qualit\u00e0 situate nel cuore e nel centro della citt\u00e0. Camere private. Nessuna commissione su prenotazione. Prezzo ufficiale per oggi a Valencia per Home Youth Hostel Valencia, Home Backpackers Hostel Valencia, Red Nest Hostel Valencia, Purple Nest Hostel Valencia. Ostelli pi\u00f9 economici     <\/p>\n","protected":false},"author":13,"featured_media":202291,"parent":0,"menu_order":0,"comment_status":"closed","ping_status":"open","template":"","meta":{"footnotes":""},"class_list":["post-2161","page","type-page","status-publish","has-post-thumbnail","hentry"],"yoast_head":"<!-- This site is optimized with the Yoast SEO plugin v27.3 - https:\/\/yoast.com\/product\/yoast-seo-wordpress\/ -->\n<title>Ostelli Valencia. Ostelli della giovent\u00f9 di qualit\u00e0 al miglior prezzo a Valencia<\/title>\n<meta name=\"description\" content=\"Ostelli Valencia. Sistemazioni economiche e di alta qualit\u00e0 situate nel cuore e nel centro della citt\u00e0. Camere private. Ostelli della Giovent\u00f9 Valencia\" \/>\n<meta name=\"robots\" content=\"index, follow, max-snippet:-1, max-image-preview:large, max-video-preview:-1\" \/>\n<link rel=\"canonical\" href=\"https:\/\/feetuphostels.com\/it\/ostelli-gioventu-valencia\/\" \/>\n<meta property=\"og:locale\" content=\"it_IT\" \/>\n<meta property=\"og:type\" content=\"article\" \/>\n<meta property=\"og:title\" content=\"Ostelli Valencia. Ostelli della giovent\u00f9 di qualit\u00e0 al miglior prezzo a Valencia\" \/>\n<meta property=\"og:description\" content=\"Ostelli Valencia. Sistemazioni economiche e di alta qualit\u00e0 situate nel cuore e nel centro della citt\u00e0. Camere private. Ostelli della Giovent\u00f9 Valencia\" \/>\n<meta property=\"og:url\" content=\"https:\/\/feetuphostels.com\/it\/ostelli-gioventu-valencia\/\" \/>\n<meta property=\"og:site_name\" content=\"Feet Up Hostels\" \/>\n<meta property=\"article:publisher\" content=\"https:\/\/facebook.com\/feetuphostelsgroup\" \/>\n<meta property=\"article:modified_time\" content=\"2024-11-06T08:44:45+00:00\" \/>\n<meta property=\"og:image\" content=\"https:\/\/feetuphostels.com\/wp-content\/uploads\/2022\/10\/slide-feetuphostels-purplenest2022.jpg\" \/>\n\t<meta property=\"og:image:width\" content=\"1920\" \/>\n\t<meta property=\"og:image:height\" content=\"1080\" \/>\n\t<meta property=\"og:image:type\" content=\"image\/jpeg\" \/>\n<meta name=\"twitter:card\" content=\"summary_large_image\" \/>\n<meta name=\"twitter:site\" content=\"@feetuphostels\" \/>\n<meta name=\"twitter:label1\" content=\"Tempo di lettura stimato\" \/>\n\t<meta name=\"twitter:data1\" content=\"2 minuti\" \/>\n<script type=\"application\/ld+json\" class=\"yoast-schema-graph\">{\"@context\":\"https:\\\/\\\/schema.org\",\"@graph\":[{\"@type\":\"WebPage\",\"@id\":\"https:\\\/\\\/feetuphostels.com\\\/it\\\/ostelli-gioventu-valencia\\\/\",\"url\":\"https:\\\/\\\/feetuphostels.com\\\/it\\\/ostelli-gioventu-valencia\\\/\",\"name\":\"Ostelli Valencia. Ostelli della giovent\u00f9 di qualit\u00e0 al miglior prezzo a Valencia\",\"isPartOf\":{\"@id\":\"https:\\\/\\\/feetuphostels.com\\\/it\\\/#website\"},\"primaryImageOfPage\":{\"@id\":\"https:\\\/\\\/feetuphostels.com\\\/it\\\/ostelli-gioventu-valencia\\\/#primaryimage\"},\"image\":{\"@id\":\"https:\\\/\\\/feetuphostels.com\\\/it\\\/ostelli-gioventu-valencia\\\/#primaryimage\"},\"thumbnailUrl\":\"https:\\\/\\\/feetuphostels.com\\\/wp-content\\\/uploads\\\/2022\\\/10\\\/slide-feetuphostels-purplenest2022.jpg\",\"datePublished\":\"2016-12-23T20:35:47+00:00\",\"dateModified\":\"2024-11-06T08:44:45+00:00\",\"description\":\"Ostelli Valencia. Sistemazioni economiche e di alta qualit\u00e0 situate nel cuore e nel centro della citt\u00e0. Camere private. Ostelli della Giovent\u00f9 Valencia\",\"breadcrumb\":{\"@id\":\"https:\\\/\\\/feetuphostels.com\\\/it\\\/ostelli-gioventu-valencia\\\/#breadcrumb\"},\"inLanguage\":\"it-IT\",\"potentialAction\":[{\"@type\":\"ReadAction\",\"target\":[\"https:\\\/\\\/feetuphostels.com\\\/it\\\/ostelli-gioventu-valencia\\\/\"]}]},{\"@type\":\"ImageObject\",\"inLanguage\":\"it-IT\",\"@id\":\"https:\\\/\\\/feetuphostels.com\\\/it\\\/ostelli-gioventu-valencia\\\/#primaryimage\",\"url\":\"https:\\\/\\\/feetuphostels.com\\\/wp-content\\\/uploads\\\/2022\\\/10\\\/slide-feetuphostels-purplenest2022.jpg\",\"contentUrl\":\"https:\\\/\\\/feetuphostels.com\\\/wp-content\\\/uploads\\\/2022\\\/10\\\/slide-feetuphostels-purplenest2022.jpg\",\"width\":1920,\"height\":1080,\"caption\":\"Belle viste dalle camere del Purple Nest Hostel Valencia\"},{\"@type\":\"BreadcrumbList\",\"@id\":\"https:\\\/\\\/feetuphostels.com\\\/it\\\/ostelli-gioventu-valencia\\\/#breadcrumb\",\"itemListElement\":[{\"@type\":\"ListItem\",\"position\":1,\"name\":\"Home\",\"item\":\"https:\\\/\\\/feetuphostels.com\\\/it\\\/\"},{\"@type\":\"ListItem\",\"position\":2,\"name\":\"Ostelli Valencia\"}]},{\"@type\":\"WebSite\",\"@id\":\"https:\\\/\\\/feetuphostels.com\\\/it\\\/#website\",\"url\":\"https:\\\/\\\/feetuphostels.com\\\/it\\\/\",\"name\":\"Feet Up Hostels\",\"description\":\"Ostelli della giovent\u00f9 e alloggi a Valencia, Spagna. Siamo specialisti della cordialit\u00e0\",\"publisher\":{\"@id\":\"https:\\\/\\\/feetuphostels.com\\\/it\\\/#organization\"},\"alternateName\":\"Feet Up Hostels\",\"potentialAction\":[{\"@type\":\"SearchAction\",\"target\":{\"@type\":\"EntryPoint\",\"urlTemplate\":\"https:\\\/\\\/feetuphostels.com\\\/it\\\/?s={search_term_string}\"},\"query-input\":{\"@type\":\"PropertyValueSpecification\",\"valueRequired\":true,\"valueName\":\"search_term_string\"}}],\"inLanguage\":\"it-IT\"},{\"@type\":\"Organization\",\"@id\":\"https:\\\/\\\/feetuphostels.com\\\/it\\\/#organization\",\"name\":\"Feet Up Hostels\",\"alternateName\":\"Feet Up Hostels\",\"url\":\"https:\\\/\\\/feetuphostels.com\\\/it\\\/\",\"logo\":{\"@type\":\"ImageObject\",\"inLanguage\":\"it-IT\",\"@id\":\"https:\\\/\\\/feetuphostels.com\\\/it\\\/#\\\/schema\\\/logo\\\/image\\\/\",\"url\":\"https:\\\/\\\/feetuphostels.com\\\/wp-content\\\/uploads\\\/2019\\\/01\\\/logo-web-amp-feetuphostels.svg\",\"contentUrl\":\"https:\\\/\\\/feetuphostels.com\\\/wp-content\\\/uploads\\\/2019\\\/01\\\/logo-web-amp-feetuphostels.svg\",\"width\":1,\"height\":1,\"caption\":\"Feet Up Hostels\"},\"image\":{\"@id\":\"https:\\\/\\\/feetuphostels.com\\\/it\\\/#\\\/schema\\\/logo\\\/image\\\/\"},\"sameAs\":[\"https:\\\/\\\/facebook.com\\\/feetuphostelsgroup\",\"https:\\\/\\\/x.com\\\/feetuphostels\",\"https:\\\/\\\/www.instagram.com\\\/feetuphostels\\\/\",\"https:\\\/\\\/www.tiktok.com\\\/@feetuphostels\",\"https:\\\/\\\/www.linkedin.com\\\/company\\\/feetuphostelsgroup\\\/\",\"https:\\\/\\\/www.pinterest.es\\\/FeetupHostels\\\/\",\"https:\\\/\\\/www.youtube.com\\\/feetuphostels\"]}]}<\/script>\n<!-- \/ Yoast SEO plugin. -->","yoast_head_json":{"title":"Ostelli Valencia. Ostelli della giovent\u00f9 di qualit\u00e0 al miglior prezzo a Valencia","description":"Ostelli Valencia. Sistemazioni economiche e di alta qualit\u00e0 situate nel cuore e nel centro della citt\u00e0. Camere private. Ostelli della Giovent\u00f9 Valencia","robots":{"index":"index","follow":"follow","max-snippet":"max-snippet:-1","max-image-preview":"max-image-preview:large","max-video-preview":"max-video-preview:-1"},"canonical":"https:\/\/feetuphostels.com\/it\/ostelli-gioventu-valencia\/","og_locale":"it_IT","og_type":"article","og_title":"Ostelli Valencia. Ostelli della giovent\u00f9 di qualit\u00e0 al miglior prezzo a Valencia","og_description":"Ostelli Valencia. Sistemazioni economiche e di alta qualit\u00e0 situate nel cuore e nel centro della citt\u00e0. Camere private. Ostelli della Giovent\u00f9 Valencia","og_url":"https:\/\/feetuphostels.com\/it\/ostelli-gioventu-valencia\/","og_site_name":"Feet Up Hostels","article_publisher":"https:\/\/facebook.com\/feetuphostelsgroup","article_modified_time":"2024-11-06T08:44:45+00:00","og_image":[{"width":1920,"height":1080,"url":"https:\/\/feetuphostels.com\/wp-content\/uploads\/2022\/10\/slide-feetuphostels-purplenest2022.jpg","type":"image\/jpeg"}],"twitter_card":"summary_large_image","twitter_site":"@feetuphostels","twitter_misc":{"Tempo di lettura stimato":"2 minuti"},"schema":{"@context":"https:\/\/schema.org","@graph":[{"@type":"WebPage","@id":"https:\/\/feetuphostels.com\/it\/ostelli-gioventu-valencia\/","url":"https:\/\/feetuphostels.com\/it\/ostelli-gioventu-valencia\/","name":"Ostelli Valencia. Ostelli della giovent\u00f9 di qualit\u00e0 al miglior prezzo a Valencia","isPartOf":{"@id":"https:\/\/feetuphostels.com\/it\/#website"},"primaryImageOfPage":{"@id":"https:\/\/feetuphostels.com\/it\/ostelli-gioventu-valencia\/#primaryimage"},"image":{"@id":"https:\/\/feetuphostels.com\/it\/ostelli-gioventu-valencia\/#primaryimage"},"thumbnailUrl":"https:\/\/feetuphostels.com\/wp-content\/uploads\/2022\/10\/slide-feetuphostels-purplenest2022.jpg","datePublished":"2016-12-23T20:35:47+00:00","dateModified":"2024-11-06T08:44:45+00:00","description":"Ostelli Valencia. Sistemazioni economiche e di alta qualit\u00e0 situate nel cuore e nel centro della citt\u00e0. Camere private. Ostelli della Giovent\u00f9 Valencia","breadcrumb":{"@id":"https:\/\/feetuphostels.com\/it\/ostelli-gioventu-valencia\/#breadcrumb"},"inLanguage":"it-IT","potentialAction":[{"@type":"ReadAction","target":["https:\/\/feetuphostels.com\/it\/ostelli-gioventu-valencia\/"]}]},{"@type":"ImageObject","inLanguage":"it-IT","@id":"https:\/\/feetuphostels.com\/it\/ostelli-gioventu-valencia\/#primaryimage","url":"https:\/\/feetuphostels.com\/wp-content\/uploads\/2022\/10\/slide-feetuphostels-purplenest2022.jpg","contentUrl":"https:\/\/feetuphostels.com\/wp-content\/uploads\/2022\/10\/slide-feetuphostels-purplenest2022.jpg","width":1920,"height":1080,"caption":"Belle viste dalle camere del Purple Nest Hostel Valencia"},{"@type":"BreadcrumbList","@id":"https:\/\/feetuphostels.com\/it\/ostelli-gioventu-valencia\/#breadcrumb","itemListElement":[{"@type":"ListItem","position":1,"name":"Home","item":"https:\/\/feetuphostels.com\/it\/"},{"@type":"ListItem","position":2,"name":"Ostelli Valencia"}]},{"@type":"WebSite","@id":"https:\/\/feetuphostels.com\/it\/#website","url":"https:\/\/feetuphostels.com\/it\/","name":"Feet Up Hostels","description":"Ostelli della giovent\u00f9 e alloggi a Valencia, Spagna. Siamo specialisti della cordialit\u00e0","publisher":{"@id":"https:\/\/feetuphostels.com\/it\/#organization"},"alternateName":"Feet Up Hostels","potentialAction":[{"@type":"SearchAction","target":{"@type":"EntryPoint","urlTemplate":"https:\/\/feetuphostels.com\/it\/?s={search_term_string}"},"query-input":{"@type":"PropertyValueSpecification","valueRequired":true,"valueName":"search_term_string"}}],"inLanguage":"it-IT"},{"@type":"Organization","@id":"https:\/\/feetuphostels.com\/it\/#organization","name":"Feet Up Hostels","alternateName":"Feet Up Hostels","url":"https:\/\/feetuphostels.com\/it\/","logo":{"@type":"ImageObject","inLanguage":"it-IT","@id":"https:\/\/feetuphostels.com\/it\/#\/schema\/logo\/image\/","url":"https:\/\/feetuphostels.com\/wp-content\/uploads\/2019\/01\/logo-web-amp-feetuphostels.svg","contentUrl":"https:\/\/feetuphostels.com\/wp-content\/uploads\/2019\/01\/logo-web-amp-feetuphostels.svg","width":1,"height":1,"caption":"Feet Up Hostels"},"image":{"@id":"https:\/\/feetuphostels.com\/it\/#\/schema\/logo\/image\/"},"sameAs":["https:\/\/facebook.com\/feetuphostelsgroup","https:\/\/x.com\/feetuphostels","https:\/\/www.instagram.com\/feetuphostels\/","https:\/\/www.tiktok.com\/@feetuphostels","https:\/\/www.linkedin.com\/company\/feetuphostelsgroup\/","https:\/\/www.pinterest.es\/FeetupHostels\/","https:\/\/www.youtube.com\/feetuphostels"]}]}},"_links":{"self":[{"href":"https:\/\/feetuphostels.com\/it\/wp-json\/wp\/v2\/pages\/2161","targetHints":{"allow":["GET"]}}],"collection":[{"href":"https:\/\/feetuphostels.com\/it\/wp-json\/wp\/v2\/pages"}],"about":[{"href":"https:\/\/feetuphostels.com\/it\/wp-json\/wp\/v2\/types\/page"}],"author":[{"embeddable":true,"href":"https:\/\/feetuphostels.com\/it\/wp-json\/wp\/v2\/users\/13"}],"replies":[{"embeddable":true,"href":"https:\/\/feetuphostels.com\/it\/wp-json\/wp\/v2\/comments?post=2161"}],"version-history":[{"count":0,"href":"https:\/\/feetuphostels.com\/it\/wp-json\/wp\/v2\/pages\/2161\/revisions"}],"wp:featuredmedia":[{"embeddable":true,"href":"https:\/\/feetuphostels.com\/it\/wp-json\/wp\/v2\/media\/202291"}],"wp:attachment":[{"href":"https:\/\/feetuphostels.com\/it\/wp-json\/wp\/v2\/media?parent=2161"}],"curies":[{"name":"wp","href":"https:\/\/api.w.org\/{rel}","templated":true}]}}