{"id":212837,"date":"2023-04-27T10:56:35","date_gmt":"2023-04-27T08:56:35","guid":{"rendered":"https:\/\/feetuphostels.com\/purple-nest-ostello-valencia-2\/"},"modified":"2024-11-08T12:39:30","modified_gmt":"2024-11-08T11:39:30","slug":"purple-nest-ostello-valencia","status":"publish","type":"page","link":"https:\/\/feetuphostels.com\/it\/purple-nest-ostello-valencia\/","title":{"rendered":"Ostello Purple Nest Valencia"},"content":{"rendered":"\n<h1 class=\"wp-block-heading has-text-align-center\" id=\"h-purple-nest-hostel-valencia\">Ostello Purple Nest Valencia<\/h1>\n\n<h2 class=\"wp-block-heading\" id=\"h-where-is-the-purple-nest-located\">Dove si trova il Nido viola?<\/h2>\n\n<p>Il Purple Nest Hostel Valencia si trova nel centro e nel cuore di Valencia, a soli 10 minuti a piedi dalla Cattedrale di Santa Mar\u00eda de Valencia. Le nostre camere sono molto luminose e dispongono di aria condizionata.<\/p>\n\n<p>Inoltre abbiamo ad alta velocit\u00e0 WIFI gratuito in tutto l&#8217;ostello, in modo da essere sempre connessi.<\/p>\n\n<p>Inoltre, pu\u00f2 godere della nostra terrazza sul tetto (in estate si pu\u00f2 vivere l\u00ec).<\/p>\n\n<p>Siamo l&#8217;ostello ideale per voi, se siete alla ricerca di un posto economico nel centro e con una bella atmosfera<\/p>\n\n<p>Dove organizziamo attivit\u00e0 per i nostri ospiti in date e orari diversi.<\/p>\n\n<figure class=\"wp-block-image size-large\"><img fetchpriority=\"high\" decoding=\"async\" width=\"1024\" height=\"576\" src=\"https:\/\/feetuphostels.com\/wp-content\/uploads\/2022\/10\/slide-feetuphostels-purplenest2022-1024x576.jpg\" alt=\"Nice views from the rooms of Purple Nest Hostel Valencia\" class=\"wp-image-202287\" srcset=\"https:\/\/feetuphostels.com\/wp-content\/uploads\/2022\/10\/slide-feetuphostels-purplenest2022-1024x576.jpg 1024w, https:\/\/feetuphostels.com\/wp-content\/uploads\/2022\/10\/slide-feetuphostels-purplenest2022-300x169.jpg 300w, https:\/\/feetuphostels.com\/wp-content\/uploads\/2022\/10\/slide-feetuphostels-purplenest2022-768x432.jpg 768w, https:\/\/feetuphostels.com\/wp-content\/uploads\/2022\/10\/slide-feetuphostels-purplenest2022-1536x864.jpg 1536w, https:\/\/feetuphostels.com\/wp-content\/uploads\/2022\/10\/slide-feetuphostels-purplenest2022-260x146.jpg 260w, https:\/\/feetuphostels.com\/wp-content\/uploads\/2022\/10\/slide-feetuphostels-purplenest2022-50x28.jpg 50w, https:\/\/feetuphostels.com\/wp-content\/uploads\/2022\/10\/slide-feetuphostels-purplenest2022-133x75.jpg 133w, https:\/\/feetuphostels.com\/wp-content\/uploads\/2022\/10\/slide-feetuphostels-purplenest2022.jpg 1920w\" sizes=\"(max-width: 1024px) 100vw, 1024px\" \/><figcaption class=\"wp-element-caption\">Nice views from the rooms of Purple Nest Hostel Valencia<\/figcaption><\/figure>\n\n<h3 class=\"wp-block-heading\" id=\"h-our-rooms\">Le nostre camere.<\/h3>\n\n<p>Hanno dimensioni diverse, sono decorate con colori vivaci e hanno disegni originali dipinti sulle pareti. I bagni sono in comune e disponiamo di asciugamani e biancheria da letto.<\/p>\n\n<p>Prenoti con noi, parliamo la sua lingua. Abbiamo anche questi motivi per sceglierci.<\/p>\n\n<p>Abbiamo diversi tipi di camere<\/p>\n\n<p>Nel nostro ostello pu\u00f2 scegliere quello che le piace di pi\u00f9<\/p>\n\n<h3 class=\"wp-block-heading\" id=\"h-these-services-free-of-charge\">Questi servizi sono gratuiti:<\/h3>\n\n<ul class=\"wp-block-list\">\n<li>Le lenzuola sono incluse nel prezzo<\/li>\n\n\n\n<li>Una mappa della citt\u00e0 gratuita.<\/li>\n\n\n\n<li>WIFI ad alta velocit\u00e0 gratuito.<\/li>\n\n\n\n<li>Computer con connessione internet per i nostri ospiti.<\/li>\n<\/ul>\n\n<h3 class=\"wp-block-heading\" id=\"h-services-in-general\">Servizi in generale:<\/h3>\n\n<ul class=\"wp-block-list\">\n<li>Armadietti nelle camere.<\/li>\n\n\n\n<li>Accesso alle camere tramite schede.<\/li>\n\n\n\n<li>Un&#8217;area comune per stare con gli amici.<\/li>\n\n\n\n<li>Aria condizionata nell&#8217;area comune.<\/li>\n\n\n\n<li>Scambi di libri con noi.<\/li>\n\n\n\n<li>Faccia la doccia con acqua calda in inverno, ma anche in estate. Ma in estate potrebbe avere voglia di fare una doccia fredda.<\/li>\n\n\n\n<li>Una cucina completamente attrezzata.<\/li>\n\n\n\n<li>Frigorifero\/congelatore per conservare gli alimenti.<\/li>\n\n\n\n<li>Terrazza esterna.<\/li>\n\n\n\n<li>Abbiamo asciugacapelli per tutti.<\/li>\n\n\n\n<li>Asse da stiro per i suoi indumenti.<\/li>\n\n\n\n<li>Microonde per riscaldare il cibo.<\/li>\n\n\n\n<li>Il suo primo asciugamano \u00e8 INCLUSO GRATUITAMENTE NELLA SUA PRENOTAZIONE.<\/li>\n<\/ul>\n\n<h3 class=\"wp-block-heading\" id=\"h-other-services-for-you\">Altri servizi per lei:<\/h3>\n\n<ul class=\"wp-block-list\">\n<li>Accesso a Internet per rimanere sempre connessi.<\/li>\n\n\n\n<li>Servizio di lavanderia.<\/li>\n\n\n\n<li>Noleggio di biciclette per conoscere la citt\u00e0 in bicicletta.<\/li>\n\n\n\n<li>Se ha bisogno di pi\u00f9 asciugamani, c&#8217;\u00e8 un piccolo supplemento.<\/li>\n\n\n\n<li>Armadietti in camera per conservare i bagagli.<\/li>\n\n\n\n<li>Servizio FAX (vecchio stile, ma funziona).<\/li>\n\n\n\n<li>Reception aperta 24 ore su 24. Giorno\/notte.<\/li>\n\n\n\n<li>Organizziamo tour e offriamo anche informazioni sulla citt\u00e0.<\/li>\n<\/ul>\n\n<h3 class=\"wp-block-heading\" id=\"h-food-and-drink-offering\">Offerta di cibo e bevande:<\/h3>\n\n<ul class=\"wp-block-list\">\n<li>Pu\u00f2 procurarsi un kit per preparare t\u00e8 e caff\u00e8.<\/li>\n\n\n\n<li>Distributori automatici disponibili nell&#8217;ostello. Si ricordi di portare con s\u00e9 del denaro contante. <\/li>\n\n\n\n<li>Inoltre, abbiamo un servizio nella caffetteria, dove pu\u00f2 prendere un caff\u00e8 nel pomeriggio.<\/li>\n<\/ul>\n\n<h3 class=\"wp-block-heading\" id=\"h-we-have-also-thought-about-entertainment\">Abbiamo anche pensato all&#8217;intrattenimento.<\/h3>\n\n<ul class=\"wp-block-list\">\n<li>Abbiamo giochi da tavolo da fare in <a href=\"https:\/\/travelingroup.com\/purple-nest-hostel-valencia\/\">gruppo<\/a>.<\/li>\n\n\n\n<li>Abbiamo il calcio balilla per divertirci con gli amici.<\/li>\n\n\n\n<li>WIFI ad alta velocit\u00e0 gratuito.<\/li>\n<\/ul>\n\n<h3 class=\"wp-block-heading\" id=\"h-about-purple-nest-hostel-valencia\">Informazioni su Purple Nest <a href=\"https:\/\/feetuphostels.com\/it\/ostelli-gioventu-valencia\/\">Hostel Valencia<\/a><\/h3>\n\n<p>Abbiamo molti anni di esperienza<\/p>\n\n<h3 class=\"wp-block-heading\" id=\"h-we-know-a-lot-about-hostels\">Sappiamo molto sugli ostelli<\/h3>\n\n<p>Perch\u00e9 siamo in attivit\u00e0 dal 29 dicembre 2008 (come se fosse ieri).<\/p>\n\n<h3 class=\"wp-block-heading\" id=\"h-we-are-very-close-to-everything\">Siamo molto vicini a tutto<\/h3>\n\n<p>Prenotando con noi gode di una posizione privilegiata per esplorare e conoscere i luoghi pi\u00f9 popolari di Valencia. Vicino al nostro ostello pu\u00f2 trovare e godersi molti locali notturni. La stazione principale degli autobus della citt\u00e0 si trova a soli 2 km dall&#8217;ostello e l&#8217;autobus che porta alla spiaggia si ferma proprio di fronte al nostro ingresso.<\/p>\n\n<h3 class=\"wp-block-heading\" id=\"h-in-the-best-known-area\">Nell&#8217;area pi\u00f9 conosciuta<\/h3>\n\n<p>La zona in cui ci trova si chiama Ciutat Vella ed \u00e8 la migliore opzione per i viaggiatori interessati all&#8217;architettura, alla visita del centro storico e alla scoperta di nuove sensazioni e luoghi nel centro della citt\u00e0.<\/p>\n\n<p><a href=\"https:\/\/feetuphostels.com\/it\/posizione-purple-nest-hostel-valencia\/\">Scopri la sede di Valencia<\/a>.<\/p>\n","protected":false},"excerpt":{"rendered":"<p>Ostello Purple Nest Valencia. In Plaza Tetuan con letti sicuri a partire da 10\u20ac a notte in camere colorate, confortevoli e pulite. Il Purple Nest \u00e8 uno degli alloggi pi\u00f9 rinomati della citt\u00e0 di Valencia, con stanze ampie, colorate, sicure, pulite e al miglior prezzo di Valencia. Prenota ora con noi nel centro di Valencia. Prenota ora il Purple Nest Hostel Valencia<\/p>\n","protected":false},"author":13,"featured_media":202182,"parent":0,"menu_order":0,"comment_status":"closed","ping_status":"closed","template":"","meta":{"footnotes":""},"class_list":["post-212837","page","type-page","status-publish","has-post-thumbnail","hentry"],"yoast_head":"<!-- This site is optimized with the Yoast SEO plugin v27.5 - https:\/\/yoast.com\/product\/yoast-seo-wordpress\/ -->\n<title>Purple Nest Hostel Valencia \u00ae a partire da 12\u20ac a notte. Prezzo ufficiale<\/title>\n<meta name=\"description\" content=\"Purple Nest Hostel Valencia \u00ae a partire da 12\u20ac a notte. Il partner di Price Official nel centro di Valencia \u2705 Miglior prezzo online \u2705 Risparmia fino al 5%\" \/>\n<meta name=\"robots\" content=\"index, follow, max-snippet:-1, max-image-preview:large, max-video-preview:-1\" \/>\n<link rel=\"canonical\" href=\"https:\/\/feetuphostels.com\/it\/purple-nest-ostello-valencia\/\" \/>\n<meta property=\"og:locale\" content=\"it_IT\" \/>\n<meta property=\"og:type\" content=\"article\" \/>\n<meta property=\"og:title\" content=\"Purple Nest Hostel Valencia \u00ae a partire da 12\u20ac a notte. Prezzo ufficiale\" \/>\n<meta property=\"og:description\" content=\"Purple Nest Hostel Valencia \u00ae a partire da 12\u20ac a notte. Il partner di Price Official nel centro di Valencia \u2705 Miglior prezzo online \u2705 Risparmia fino al 5%\" \/>\n<meta property=\"og:url\" content=\"https:\/\/feetuphostels.com\/it\/purple-nest-ostello-valencia\/\" \/>\n<meta property=\"og:site_name\" content=\"Feet Up Hostels\" \/>\n<meta property=\"article:publisher\" content=\"https:\/\/facebook.com\/feetuphostelsgroup\" \/>\n<meta property=\"article:modified_time\" content=\"2024-11-08T11:39:30+00:00\" \/>\n<meta property=\"og:image\" content=\"https:\/\/feetuphostels.com\/wp-content\/uploads\/2022\/10\/slide-feetuphostels2022.jpg\" \/>\n\t<meta property=\"og:image:width\" content=\"1920\" \/>\n\t<meta property=\"og:image:height\" content=\"1080\" \/>\n\t<meta property=\"og:image:type\" content=\"image\/jpeg\" \/>\n<meta name=\"twitter:card\" content=\"summary_large_image\" \/>\n<meta name=\"twitter:site\" content=\"@feetuphostels\" \/>\n<meta name=\"twitter:label1\" content=\"Tempo di lettura stimato\" \/>\n\t<meta name=\"twitter:data1\" content=\"3 minuti\" \/>\n<script type=\"application\/ld+json\" class=\"yoast-schema-graph\">{\"@context\":\"https:\\\/\\\/schema.org\",\"@graph\":[{\"@type\":\"WebPage\",\"@id\":\"https:\\\/\\\/feetuphostels.com\\\/it\\\/purple-nest-ostello-valencia\\\/\",\"url\":\"https:\\\/\\\/feetuphostels.com\\\/it\\\/purple-nest-ostello-valencia\\\/\",\"name\":\"Purple Nest Hostel Valencia \u00ae a partire da 12\u20ac a notte. Prezzo ufficiale\",\"isPartOf\":{\"@id\":\"https:\\\/\\\/feetuphostels.com\\\/it\\\/#website\"},\"primaryImageOfPage\":{\"@id\":\"https:\\\/\\\/feetuphostels.com\\\/it\\\/purple-nest-ostello-valencia\\\/#primaryimage\"},\"image\":{\"@id\":\"https:\\\/\\\/feetuphostels.com\\\/it\\\/purple-nest-ostello-valencia\\\/#primaryimage\"},\"thumbnailUrl\":\"https:\\\/\\\/feetuphostels.com\\\/wp-content\\\/uploads\\\/2022\\\/10\\\/slide-feetuphostels2022.jpg\",\"datePublished\":\"2023-04-27T08:56:35+00:00\",\"dateModified\":\"2024-11-08T11:39:30+00:00\",\"description\":\"Purple Nest Hostel Valencia \u00ae a partire da 12\u20ac a notte. Il partner di Price Official nel centro di Valencia \u2705 Miglior prezzo online \u2705 Risparmia fino al 5%\",\"breadcrumb\":{\"@id\":\"https:\\\/\\\/feetuphostels.com\\\/it\\\/purple-nest-ostello-valencia\\\/#breadcrumb\"},\"inLanguage\":\"it-IT\",\"potentialAction\":[{\"@type\":\"ReadAction\",\"target\":[\"https:\\\/\\\/feetuphostels.com\\\/it\\\/purple-nest-ostello-valencia\\\/\"]}]},{\"@type\":\"ImageObject\",\"inLanguage\":\"it-IT\",\"@id\":\"https:\\\/\\\/feetuphostels.com\\\/it\\\/purple-nest-ostello-valencia\\\/#primaryimage\",\"url\":\"https:\\\/\\\/feetuphostels.com\\\/wp-content\\\/uploads\\\/2022\\\/10\\\/slide-feetuphostels2022.jpg\",\"contentUrl\":\"https:\\\/\\\/feetuphostels.com\\\/wp-content\\\/uploads\\\/2022\\\/10\\\/slide-feetuphostels2022.jpg\",\"width\":1920,\"height\":1080,\"caption\":\"Ostello Purple Nest Valencia\"},{\"@type\":\"BreadcrumbList\",\"@id\":\"https:\\\/\\\/feetuphostels.com\\\/it\\\/purple-nest-ostello-valencia\\\/#breadcrumb\",\"itemListElement\":[{\"@type\":\"ListItem\",\"position\":1,\"name\":\"Home\",\"item\":\"https:\\\/\\\/feetuphostels.com\\\/it\\\/\"},{\"@type\":\"ListItem\",\"position\":2,\"name\":\"Ostello Purple Nest Valencia\"}]},{\"@type\":\"WebSite\",\"@id\":\"https:\\\/\\\/feetuphostels.com\\\/it\\\/#website\",\"url\":\"https:\\\/\\\/feetuphostels.com\\\/it\\\/\",\"name\":\"Feet Up Hostels\",\"description\":\"Ostelli della giovent\u00f9 e alloggi a Valencia, Spagna. Siamo specialisti della cordialit\u00e0\",\"publisher\":{\"@id\":\"https:\\\/\\\/feetuphostels.com\\\/it\\\/#organization\"},\"alternateName\":\"Feet Up Hostels\",\"potentialAction\":[{\"@type\":\"SearchAction\",\"target\":{\"@type\":\"EntryPoint\",\"urlTemplate\":\"https:\\\/\\\/feetuphostels.com\\\/it\\\/?s={search_term_string}\"},\"query-input\":{\"@type\":\"PropertyValueSpecification\",\"valueRequired\":true,\"valueName\":\"search_term_string\"}}],\"inLanguage\":\"it-IT\"},{\"@type\":\"Organization\",\"@id\":\"https:\\\/\\\/feetuphostels.com\\\/it\\\/#organization\",\"name\":\"Feet Up Hostels\",\"alternateName\":\"Feet Up Hostels\",\"url\":\"https:\\\/\\\/feetuphostels.com\\\/it\\\/\",\"logo\":{\"@type\":\"ImageObject\",\"inLanguage\":\"it-IT\",\"@id\":\"https:\\\/\\\/feetuphostels.com\\\/it\\\/#\\\/schema\\\/logo\\\/image\\\/\",\"url\":\"https:\\\/\\\/feetuphostels.com\\\/wp-content\\\/uploads\\\/2019\\\/01\\\/logo-web-amp-feetuphostels.svg\",\"contentUrl\":\"https:\\\/\\\/feetuphostels.com\\\/wp-content\\\/uploads\\\/2019\\\/01\\\/logo-web-amp-feetuphostels.svg\",\"width\":1,\"height\":1,\"caption\":\"Feet Up Hostels\"},\"image\":{\"@id\":\"https:\\\/\\\/feetuphostels.com\\\/it\\\/#\\\/schema\\\/logo\\\/image\\\/\"},\"sameAs\":[\"https:\\\/\\\/facebook.com\\\/feetuphostelsgroup\",\"https:\\\/\\\/x.com\\\/feetuphostels\",\"https:\\\/\\\/www.instagram.com\\\/feetuphostels\\\/\",\"https:\\\/\\\/www.tiktok.com\\\/@feetuphostels\",\"https:\\\/\\\/www.linkedin.com\\\/company\\\/feetuphostelsgroup\\\/\",\"https:\\\/\\\/www.pinterest.es\\\/FeetupHostels\\\/\",\"https:\\\/\\\/www.youtube.com\\\/feetuphostels\"]}]}<\/script>\n<!-- \/ Yoast SEO plugin. -->","yoast_head_json":{"title":"Purple Nest Hostel Valencia \u00ae a partire da 12\u20ac a notte. Prezzo ufficiale","description":"Purple Nest Hostel Valencia \u00ae a partire da 12\u20ac a notte. Il partner di Price Official nel centro di Valencia \u2705 Miglior prezzo online \u2705 Risparmia fino al 5%","robots":{"index":"index","follow":"follow","max-snippet":"max-snippet:-1","max-image-preview":"max-image-preview:large","max-video-preview":"max-video-preview:-1"},"canonical":"https:\/\/feetuphostels.com\/it\/purple-nest-ostello-valencia\/","og_locale":"it_IT","og_type":"article","og_title":"Purple Nest Hostel Valencia \u00ae a partire da 12\u20ac a notte. Prezzo ufficiale","og_description":"Purple Nest Hostel Valencia \u00ae a partire da 12\u20ac a notte. Il partner di Price Official nel centro di Valencia \u2705 Miglior prezzo online \u2705 Risparmia fino al 5%","og_url":"https:\/\/feetuphostels.com\/it\/purple-nest-ostello-valencia\/","og_site_name":"Feet Up Hostels","article_publisher":"https:\/\/facebook.com\/feetuphostelsgroup","article_modified_time":"2024-11-08T11:39:30+00:00","og_image":[{"width":1920,"height":1080,"url":"https:\/\/feetuphostels.com\/wp-content\/uploads\/2022\/10\/slide-feetuphostels2022.jpg","type":"image\/jpeg"}],"twitter_card":"summary_large_image","twitter_site":"@feetuphostels","twitter_misc":{"Tempo di lettura stimato":"3 minuti"},"schema":{"@context":"https:\/\/schema.org","@graph":[{"@type":"WebPage","@id":"https:\/\/feetuphostels.com\/it\/purple-nest-ostello-valencia\/","url":"https:\/\/feetuphostels.com\/it\/purple-nest-ostello-valencia\/","name":"Purple Nest Hostel Valencia \u00ae a partire da 12\u20ac a notte. Prezzo ufficiale","isPartOf":{"@id":"https:\/\/feetuphostels.com\/it\/#website"},"primaryImageOfPage":{"@id":"https:\/\/feetuphostels.com\/it\/purple-nest-ostello-valencia\/#primaryimage"},"image":{"@id":"https:\/\/feetuphostels.com\/it\/purple-nest-ostello-valencia\/#primaryimage"},"thumbnailUrl":"https:\/\/feetuphostels.com\/wp-content\/uploads\/2022\/10\/slide-feetuphostels2022.jpg","datePublished":"2023-04-27T08:56:35+00:00","dateModified":"2024-11-08T11:39:30+00:00","description":"Purple Nest Hostel Valencia \u00ae a partire da 12\u20ac a notte. Il partner di Price Official nel centro di Valencia \u2705 Miglior prezzo online \u2705 Risparmia fino al 5%","breadcrumb":{"@id":"https:\/\/feetuphostels.com\/it\/purple-nest-ostello-valencia\/#breadcrumb"},"inLanguage":"it-IT","potentialAction":[{"@type":"ReadAction","target":["https:\/\/feetuphostels.com\/it\/purple-nest-ostello-valencia\/"]}]},{"@type":"ImageObject","inLanguage":"it-IT","@id":"https:\/\/feetuphostels.com\/it\/purple-nest-ostello-valencia\/#primaryimage","url":"https:\/\/feetuphostels.com\/wp-content\/uploads\/2022\/10\/slide-feetuphostels2022.jpg","contentUrl":"https:\/\/feetuphostels.com\/wp-content\/uploads\/2022\/10\/slide-feetuphostels2022.jpg","width":1920,"height":1080,"caption":"Ostello Purple Nest Valencia"},{"@type":"BreadcrumbList","@id":"https:\/\/feetuphostels.com\/it\/purple-nest-ostello-valencia\/#breadcrumb","itemListElement":[{"@type":"ListItem","position":1,"name":"Home","item":"https:\/\/feetuphostels.com\/it\/"},{"@type":"ListItem","position":2,"name":"Ostello Purple Nest Valencia"}]},{"@type":"WebSite","@id":"https:\/\/feetuphostels.com\/it\/#website","url":"https:\/\/feetuphostels.com\/it\/","name":"Feet Up Hostels","description":"Ostelli della giovent\u00f9 e alloggi a Valencia, Spagna. Siamo specialisti della cordialit\u00e0","publisher":{"@id":"https:\/\/feetuphostels.com\/it\/#organization"},"alternateName":"Feet Up Hostels","potentialAction":[{"@type":"SearchAction","target":{"@type":"EntryPoint","urlTemplate":"https:\/\/feetuphostels.com\/it\/?s={search_term_string}"},"query-input":{"@type":"PropertyValueSpecification","valueRequired":true,"valueName":"search_term_string"}}],"inLanguage":"it-IT"},{"@type":"Organization","@id":"https:\/\/feetuphostels.com\/it\/#organization","name":"Feet Up Hostels","alternateName":"Feet Up Hostels","url":"https:\/\/feetuphostels.com\/it\/","logo":{"@type":"ImageObject","inLanguage":"it-IT","@id":"https:\/\/feetuphostels.com\/it\/#\/schema\/logo\/image\/","url":"https:\/\/feetuphostels.com\/wp-content\/uploads\/2019\/01\/logo-web-amp-feetuphostels.svg","contentUrl":"https:\/\/feetuphostels.com\/wp-content\/uploads\/2019\/01\/logo-web-amp-feetuphostels.svg","width":1,"height":1,"caption":"Feet Up Hostels"},"image":{"@id":"https:\/\/feetuphostels.com\/it\/#\/schema\/logo\/image\/"},"sameAs":["https:\/\/facebook.com\/feetuphostelsgroup","https:\/\/x.com\/feetuphostels","https:\/\/www.instagram.com\/feetuphostels\/","https:\/\/www.tiktok.com\/@feetuphostels","https:\/\/www.linkedin.com\/company\/feetuphostelsgroup\/","https:\/\/www.pinterest.es\/FeetupHostels\/","https:\/\/www.youtube.com\/feetuphostels"]}]}},"_links":{"self":[{"href":"https:\/\/feetuphostels.com\/it\/wp-json\/wp\/v2\/pages\/212837","targetHints":{"allow":["GET"]}}],"collection":[{"href":"https:\/\/feetuphostels.com\/it\/wp-json\/wp\/v2\/pages"}],"about":[{"href":"https:\/\/feetuphostels.com\/it\/wp-json\/wp\/v2\/types\/page"}],"author":[{"embeddable":true,"href":"https:\/\/feetuphostels.com\/it\/wp-json\/wp\/v2\/users\/13"}],"replies":[{"embeddable":true,"href":"https:\/\/feetuphostels.com\/it\/wp-json\/wp\/v2\/comments?post=212837"}],"version-history":[{"count":0,"href":"https:\/\/feetuphostels.com\/it\/wp-json\/wp\/v2\/pages\/212837\/revisions"}],"wp:featuredmedia":[{"embeddable":true,"href":"https:\/\/feetuphostels.com\/it\/wp-json\/wp\/v2\/media\/202182"}],"wp:attachment":[{"href":"https:\/\/feetuphostels.com\/it\/wp-json\/wp\/v2\/media?parent=212837"}],"curies":[{"name":"wp","href":"https:\/\/api.w.org\/{rel}","templated":true}]}}