{"id":212677,"date":"2023-04-26T10:38:19","date_gmt":"2023-04-26T08:38:19","guid":{"rendered":"https:\/\/feetuphostels.com\/red-nest-hostel-valencia\/"},"modified":"2024-11-08T18:20:02","modified_gmt":"2024-11-08T17:20:02","slug":"red-nest-hostel-valencia","status":"publish","type":"page","link":"https:\/\/feetuphostels.com\/it\/red-nest-hostel-valencia\/","title":{"rendered":"Red Nest Hostel Valencia"},"content":{"rendered":"\n<h1 class=\"wp-block-heading has-text-align-center\" id=\"h-red-nest-hostel-valencia\">Ostello Red Nest Valencia<\/h1>\n\n<h2 class=\"wp-block-heading\" id=\"h-stay-with-us-in-the-heart-of-valencia\">Soggiorni con noi nel cuore di Valencia<\/h2>\n\n<h3 class=\"wp-block-heading\" id=\"h-book-at-the-red-nest-hostel-valencia-and-discover-the-best-of-the-city\">Prenoti al Red Nest Hostel Valencia e scopra il meglio della citt\u00e0.<\/h3>\n\n<p>Scopri l&#8217;animato e conveniente Red Nest Hostel Valencia | Il tuo soggiorno perfetto nel cuore<\/p>\n\n<figure class=\"wp-block-image size-large\"><img fetchpriority=\"high\" decoding=\"async\" width=\"1024\" height=\"683\" src=\"https:\/\/feetuphostels.com\/wp-content\/uploads\/2020\/10\/01red-nest-hostel-valencia2020-pro-covid19-1024x683.jpg\" alt=\"10 Dormitorio misto nel Red Nest Hostel Valencia\" class=\"wp-image-133286\" srcset=\"https:\/\/feetuphostels.com\/wp-content\/uploads\/2020\/10\/01red-nest-hostel-valencia2020-pro-covid19-1024x683.jpg 1024w, https:\/\/feetuphostels.com\/wp-content\/uploads\/2020\/10\/01red-nest-hostel-valencia2020-pro-covid19-300x200.jpg 300w, https:\/\/feetuphostels.com\/wp-content\/uploads\/2020\/10\/01red-nest-hostel-valencia2020-pro-covid19-768x512.jpg 768w, https:\/\/feetuphostels.com\/wp-content\/uploads\/2020\/10\/01red-nest-hostel-valencia2020-pro-covid19-1536x1025.jpg 1536w, https:\/\/feetuphostels.com\/wp-content\/uploads\/2020\/10\/01red-nest-hostel-valencia2020-pro-covid19-219x146.jpg 219w, https:\/\/feetuphostels.com\/wp-content\/uploads\/2020\/10\/01red-nest-hostel-valencia2020-pro-covid19-50x33.jpg 50w, https:\/\/feetuphostels.com\/wp-content\/uploads\/2020\/10\/01red-nest-hostel-valencia2020-pro-covid19-112x75.jpg 112w, https:\/\/feetuphostels.com\/wp-content\/uploads\/2020\/10\/01red-nest-hostel-valencia2020-pro-covid19.jpg 1619w\" sizes=\"(max-width: 1024px) 100vw, 1024px\" \/><figcaption class=\"wp-element-caption\">10 Dormitorio misto nel Red Nest Hostel Valencia<\/figcaption><\/figure>\n\n<h2 class=\"wp-block-heading\">Benvenuto al Red Nest Hostel Valencia.<\/h2>\n\n<p>la tua destinazione definitiva per un soggiorno indimenticabile in una delle citt\u00e0 pi\u00f9 vivaci della Spagna. Il nostro ostello combina sistemazioni confortevoli, un&#8217;atmosfera amichevole e una posizione imbattibile, rendendolo la scelta perfetta per i viaggiatori con un budget limitato.<\/p>\n\n<p>Che tu sia un viaggiatore solitario, un gruppo di amici o un nomade digitale, il nostro ostello ha tutto ci\u00f2 di cui hai bisogno per goderti al massimo il tuo tempo a Valencia.<\/p>\n\n<h2 class=\"wp-block-heading\">Atmosfera vivace<\/h2>\n\n<p>Al Red Nest Hostel Valencia siamo orgogliosi di creare un&#8217;atmosfera vivace e accogliente per i nostri ospiti.<\/p>\n\n<p>Le nostre aree comuni sono progettate per favorire le interazioni sociali, consentendoti di conoscere altri viaggiatori provenienti da tutto il mondo.<\/p>\n\n<p>Condividi storie, fai nuove amicizie e crea ricordi che dureranno per sempre.<\/p>\n\n<p>Il nostro cordiale personale \u00e8 sempre a disposizione per fornire consigli, aiutarti a pianificare il tuo itinerario e assicurarsi che il tuo soggiorno sia confortevole e piacevole.<\/p>\n\n<h2 class=\"wp-block-heading\">Sistemazioni confortevoli<\/h2>\n\n<p>Comprendiamo l&#8217;importanza di una buona notte di sonno, specialmente dopo una giornata passata a esplorare la citt\u00e0. Ecco perch\u00e9 offriamo una gamma di sistemazioni confortevoli per soddisfare le esigenze di ogni viaggiatore.<\/p>\n\n<p>Che tu preferisca una camera privata o un dormitorio condiviso, troverai spazi puliti e accoglienti, pensati con cura per il tuo comfort.<\/p>\n\n<p>Le nostre camere sono dotate di comfort moderni, tra cui letti comodi, armadietti sicuri e comodi punti di alimentazione. Svegliati riposato e pronto per affrontare la giornata!<\/p>\n\n<h2 class=\"wp-block-heading\" id=\"h-unbeatable-location\"><a href=\"https:\/\/feetuphostels.com\/it\/posizione-red-nest-hostel-valencia\/\">Posizione imbattibile.<\/a><\/h2>\n\n<p>La posizione \u00e8 fondamentale nella scelta di un alloggio e Red Nest Hostel Valencia soddisfa tutti i requisiti. Siamo situati nel cuore della citt\u00e0, permettendoti di raggiungere facilmente le attrazioni pi\u00f9 popolari di Valencia.<\/p>\n\n<p>Esplora il centro storico, ammira l&#8217;impressionante architettura della Citt\u00e0 delle Arti e delle Scienze o rilassati sulle splendide spiagge, tutto a breve distanza dalla nostra porta.<\/p>\n\n<p>Con eccellenti collegamenti di trasporto nelle vicinanze, tra cui stazioni degli autobus e della metropolitana, non avrai problemi a esplorare tutto ci\u00f2 che Valencia ha da offrire.<\/p>\n\n<h2 class=\"wp-block-heading\"><a href=\"https:\/\/nesthostelsvalencia.com\/it\/ostello-valencia-red-nest\/\" target=\"_blank\" rel=\"noopener\">Strutture<\/a> eccezionali.<\/h2>\n\n<p>Il nostro ostello offre una serie di strutture per migliorare il tuo soggiorno. Inizia la giornata con una deliziosa colazione continentale nella nostra luminosa area ristorazione.<\/p>\n\n<p> Resta connesso con amici e familiari grazie al nostro Wi-Fi gratuito, disponibile in tutto l&#8217;ostello. Hai bisogno di fare il bucato? Abbiamo tutto ci\u00f2 di cui hai bisogno con le nostre strutture di lavanderia self-service.<\/p>\n\n<p>E quando vuoi rilassarti, vai sulla nostra terrazza sul tetto e goditi la vista panoramica della citt\u00e0.<\/p>\n\n<h2 class=\"wp-block-heading\" id=\"h-affordable-rates-and-special-offers\">Tariffe convenienti e offerte speciali.<\/h2>\n\n<p>Crediamo che un&#8217;ottima esperienza di viaggio non debba svuotare il tuo portafoglio. Ecco perch\u00e9 Red Nest Hostel Valencia offre tariffe convenienti senza compromettere la qualit\u00e0.<\/p>\n\n<p>Visita il nostro sito web per le ultime offerte speciali e promozioni, che ti consentiranno di risparmiare ancora di pi\u00f9 sul tuo soggiorno.<\/p>\n\n<p>Che tu stia pianificando una visita breve o un soggiorno prolungato, i nostri prezzi convenienti rendono facile esplorare Valencia con qualsiasi budget.<\/p>\n\n<h2 class=\"wp-block-heading\" id=\"h-conclusion\">Conclusioni<\/h2>\n\n<p>Quando si tratta di trovare il luogo ideale per soggiornare a Valencia, non cercare oltre Red Nest Hostel. Con la nostra atmosfera vivace, sistemazioni confortevoli, posizione imbattibile e strutture eccezionali, abbiamo tutto ci\u00f2 di cui hai bisogno per un soggiorno incredibile in questa affascinante citt\u00e0.<\/p>\n\n<p>Prenota il tuo soggiorno con noi oggi stesso e vivi Valencia come un locale. La tua avventura ti aspetta!<\/p>\n\n<h3 class=\"wp-block-heading\" id=\"h-free-services\">Servizi gratuiti:<\/h3>\n\n<ul class=\"wp-block-list\">\n<li>Biancheria da letto inclusa nel prezzo*<\/li>\n\n\n\n<li>Mappa della citt\u00e0 gratuita.<\/li>\n\n\n\n<li>WIFI gratuito ad alta velocit\u00e0.<\/li>\n\n\n\n<li>Computer con connessione internet per i nostri ospiti.<\/li>\n<\/ul>\n\n<h3 class=\"wp-block-heading\" id=\"h-services-in-general\">Servizi in generale:<\/h3>\n\n<ul class=\"wp-block-list\">\n<li>Armadietti nelle camere.<\/li>\n\n\n\n<li>Accesso alle camere tramite card.<\/li>\n\n\n\n<li>Uno spazio comune per stare con gli amici.<\/li>\n\n\n\n<li>Aria condizionata nella zona comune.<\/li>\n\n\n\n<li>Scambio di libri con noi.<\/li>\n\n\n\n<li>Doccia con acqua calda in inverno, in estate pure. Ma in estate si pu\u00f2 sentire come avere una doccia fredda.<\/li>\n\n\n\n<li>Una cucina completamente attrezzata.<\/li>\n\n\n\n<li>Frigorifero \/ congelatore per conservare il cibo.<\/li>\n\n\n\n<li>Terrazza esterna.<\/li>\n\n\n\n<li>Abbiamo asciugacapelli per tutti.<\/li>\n\n\n\n<li>Asse da stiro per il tuo abbigliamento.<\/li>\n\n\n\n<li>Microonde per riscaldare il cibo.<\/li>\n\n\n\n<li>Il suo primo asciugamano \u00e8 INCLUSO NELLA SUA PRENOTAZIONE.<\/li>\n<\/ul>\n\n<h3 class=\"wp-block-heading\" id=\"h-other-services-for-you\">Altri servizi per te:<\/h3>\n\n<ul class=\"wp-block-list\">\n<li>Accesso a Internet in modo da poter continuare a essere connessi.<\/li>\n\n\n\n<li>Lavasecco.<\/li>\n\n\n\n<li>Noleggio biciclette per conoscere la citt\u00e0 in bicicletta.<\/li>\n\n\n\n<li>Se avete bisogno di pi\u00f9 asciugamani, hanno un piccolo costo aggiuntivo.<\/li>\n\n\n\n<li>Armadietti in camera per tenere i bagagli.<\/li>\n\n\n\n<li>Servizio FAX (vecchio stile ma funziona).<\/li>\n\n\n\n<li>Reception aperta 24 ore. Giorno \/ Notte.<\/li>\n\n\n\n<li>Organizziamo tour e offriamo anche informazioni sulla citt\u00e0.<\/li>\n<\/ul>\n\n<h3 class=\"wp-block-heading\" id=\"h-food-and-drink-offering\">Offerta di cibo e bevande:<\/h3>\n\n<ul class=\"wp-block-list\">\n<li>\u00c8 possibile ottenere un kit per preparare t\u00e8 e caff\u00e8.<\/li>\n\n\n\n<li>Vending machines available in the Hostel. Remember to bring some cash with you. <\/li>\n\n\n\n<li>Inoltre abbiamo servizio nella caffetteria, dove \u00e8 possibile ottenere un caff\u00e8 nel pomeriggio.<\/li>\n\n\n\n<li>Abbiamo pensato anche all&#8217;intrattenimento.<\/li>\n\n\n\n<li>Abbiamo giochi da tavolo da fare in gruppo.<\/li>\n\n\n\n<li>Abbiamo calcio balilla per avere un buon tempo con gli amici.<\/li>\n\n\n\n<li>Free WiFi of high velocity.<\/li>\n<\/ul>\n\n<p><\/p>\n","protected":false},"excerpt":{"rendered":"<p>Red Nest Hostel Valencia \u00ae Un alloggio con letti a partire da 12\u20ac a notte. Camere, installazioni pulite. Uno dei migliori ostelli di Valencia con molti anni di esperienza nell&#8217;offrire alloggi di qualit\u00e0 ai viaggiatori che visitano Valencia. Nel centro e nel cuore di Valencia, a soli 10 minuti a piedi dalla Catedral de Santa Maria de Valencia. Le nostre camere sono molto luminose e dotate di aria condizionata. Inoltre, disponiamo di WIFI gratuito ad alta velocit\u00e0 in tutto l&#8217;ostello, in modo che tu sia sempre connesso. Soggiorna con noi nel cuore di Valencia. Prenota ora il Red Nest Hostel Valencia<\/p>\n","protected":false},"author":13,"featured_media":9187,"parent":0,"menu_order":0,"comment_status":"closed","ping_status":"closed","template":"","meta":{"footnotes":""},"class_list":["post-212677","page","type-page","status-publish","has-post-thumbnail","hentry"],"yoast_head":"<!-- This site is optimized with the Yoast SEO plugin v27.3 - https:\/\/yoast.com\/product\/yoast-seo-wordpress\/ -->\n<title>Red Nest Hostel Valencia \u00ae Un alloggio con posti letto a partire da 12\u20ac<\/title>\n<meta name=\"description\" content=\"Red Nest Hostel Valencia \u00ae Un alloggio con letti a partire da 12\u20ac a notte. Camere, installazioni pulite. Uno dei migliori ostelli di Valencia\" \/>\n<meta name=\"robots\" content=\"index, follow, max-snippet:-1, max-image-preview:large, max-video-preview:-1\" \/>\n<link rel=\"canonical\" href=\"https:\/\/feetuphostels.com\/it\/red-nest-hostel-valencia\/\" \/>\n<meta property=\"og:locale\" content=\"it_IT\" \/>\n<meta property=\"og:type\" content=\"article\" \/>\n<meta property=\"og:title\" content=\"Red Nest Hostel Valencia \u00ae Un alloggio con posti letto a partire da 12\u20ac\" \/>\n<meta property=\"og:description\" content=\"Red Nest Hostel Valencia \u00ae Un alloggio con letti a partire da 12\u20ac a notte. Camere, installazioni pulite. Uno dei migliori ostelli di Valencia\" \/>\n<meta property=\"og:url\" content=\"https:\/\/feetuphostels.com\/it\/red-nest-hostel-valencia\/\" \/>\n<meta property=\"og:site_name\" content=\"Feet Up Hostels\" \/>\n<meta property=\"article:publisher\" content=\"https:\/\/facebook.com\/feetuphostelsgroup\" \/>\n<meta property=\"article:modified_time\" content=\"2024-11-08T17:20:02+00:00\" \/>\n<meta property=\"og:image\" content=\"https:\/\/feetuphostels.com\/wp-content\/uploads\/2018\/06\/red-nest-hostel-valencia-2018.jpg\" \/>\n\t<meta property=\"og:image:width\" content=\"1200\" \/>\n\t<meta property=\"og:image:height\" content=\"900\" \/>\n\t<meta property=\"og:image:type\" content=\"image\/jpeg\" \/>\n<meta name=\"twitter:card\" content=\"summary_large_image\" \/>\n<meta name=\"twitter:site\" content=\"@feetuphostels\" \/>\n<meta name=\"twitter:label1\" content=\"Tempo di lettura stimato\" \/>\n\t<meta name=\"twitter:data1\" content=\"4 minuti\" \/>\n<script type=\"application\/ld+json\" class=\"yoast-schema-graph\">{\"@context\":\"https:\\\/\\\/schema.org\",\"@graph\":[{\"@type\":\"WebPage\",\"@id\":\"https:\\\/\\\/feetuphostels.com\\\/it\\\/red-nest-hostel-valencia\\\/\",\"url\":\"https:\\\/\\\/feetuphostels.com\\\/it\\\/red-nest-hostel-valencia\\\/\",\"name\":\"Red Nest Hostel Valencia \u00ae Un alloggio con posti letto a partire da 12\u20ac\",\"isPartOf\":{\"@id\":\"https:\\\/\\\/feetuphostels.com\\\/it\\\/#website\"},\"primaryImageOfPage\":{\"@id\":\"https:\\\/\\\/feetuphostels.com\\\/it\\\/red-nest-hostel-valencia\\\/#primaryimage\"},\"image\":{\"@id\":\"https:\\\/\\\/feetuphostels.com\\\/it\\\/red-nest-hostel-valencia\\\/#primaryimage\"},\"thumbnailUrl\":\"https:\\\/\\\/feetuphostels.com\\\/wp-content\\\/uploads\\\/2018\\\/06\\\/red-nest-hostel-valencia-2018.jpg\",\"datePublished\":\"2023-04-26T08:38:19+00:00\",\"dateModified\":\"2024-11-08T17:20:02+00:00\",\"description\":\"Red Nest Hostel Valencia \u00ae Un alloggio con letti a partire da 12\u20ac a notte. Camere, installazioni pulite. Uno dei migliori ostelli di Valencia\",\"breadcrumb\":{\"@id\":\"https:\\\/\\\/feetuphostels.com\\\/it\\\/red-nest-hostel-valencia\\\/#breadcrumb\"},\"inLanguage\":\"it-IT\",\"potentialAction\":[{\"@type\":\"ReadAction\",\"target\":[\"https:\\\/\\\/feetuphostels.com\\\/it\\\/red-nest-hostel-valencia\\\/\"]}]},{\"@type\":\"ImageObject\",\"inLanguage\":\"it-IT\",\"@id\":\"https:\\\/\\\/feetuphostels.com\\\/it\\\/red-nest-hostel-valencia\\\/#primaryimage\",\"url\":\"https:\\\/\\\/feetuphostels.com\\\/wp-content\\\/uploads\\\/2018\\\/06\\\/red-nest-hostel-valencia-2018.jpg\",\"contentUrl\":\"https:\\\/\\\/feetuphostels.com\\\/wp-content\\\/uploads\\\/2018\\\/06\\\/red-nest-hostel-valencia-2018.jpg\",\"width\":1200,\"height\":900,\"caption\":\"Si goda il suo tempo nei nostri ostelli\"},{\"@type\":\"BreadcrumbList\",\"@id\":\"https:\\\/\\\/feetuphostels.com\\\/it\\\/red-nest-hostel-valencia\\\/#breadcrumb\",\"itemListElement\":[{\"@type\":\"ListItem\",\"position\":1,\"name\":\"Home\",\"item\":\"https:\\\/\\\/feetuphostels.com\\\/it\\\/\"},{\"@type\":\"ListItem\",\"position\":2,\"name\":\"Red Nest Hostel Valencia\"}]},{\"@type\":\"WebSite\",\"@id\":\"https:\\\/\\\/feetuphostels.com\\\/it\\\/#website\",\"url\":\"https:\\\/\\\/feetuphostels.com\\\/it\\\/\",\"name\":\"Feet Up Hostels\",\"description\":\"Ostelli della giovent\u00f9 e alloggi a Valencia, Spagna. Siamo specialisti della cordialit\u00e0\",\"publisher\":{\"@id\":\"https:\\\/\\\/feetuphostels.com\\\/it\\\/#organization\"},\"alternateName\":\"Feet Up Hostels\",\"potentialAction\":[{\"@type\":\"SearchAction\",\"target\":{\"@type\":\"EntryPoint\",\"urlTemplate\":\"https:\\\/\\\/feetuphostels.com\\\/it\\\/?s={search_term_string}\"},\"query-input\":{\"@type\":\"PropertyValueSpecification\",\"valueRequired\":true,\"valueName\":\"search_term_string\"}}],\"inLanguage\":\"it-IT\"},{\"@type\":\"Organization\",\"@id\":\"https:\\\/\\\/feetuphostels.com\\\/it\\\/#organization\",\"name\":\"Feet Up Hostels\",\"alternateName\":\"Feet Up Hostels\",\"url\":\"https:\\\/\\\/feetuphostels.com\\\/it\\\/\",\"logo\":{\"@type\":\"ImageObject\",\"inLanguage\":\"it-IT\",\"@id\":\"https:\\\/\\\/feetuphostels.com\\\/it\\\/#\\\/schema\\\/logo\\\/image\\\/\",\"url\":\"https:\\\/\\\/feetuphostels.com\\\/wp-content\\\/uploads\\\/2019\\\/01\\\/logo-web-amp-feetuphostels.svg\",\"contentUrl\":\"https:\\\/\\\/feetuphostels.com\\\/wp-content\\\/uploads\\\/2019\\\/01\\\/logo-web-amp-feetuphostels.svg\",\"width\":1,\"height\":1,\"caption\":\"Feet Up Hostels\"},\"image\":{\"@id\":\"https:\\\/\\\/feetuphostels.com\\\/it\\\/#\\\/schema\\\/logo\\\/image\\\/\"},\"sameAs\":[\"https:\\\/\\\/facebook.com\\\/feetuphostelsgroup\",\"https:\\\/\\\/x.com\\\/feetuphostels\",\"https:\\\/\\\/www.instagram.com\\\/feetuphostels\\\/\",\"https:\\\/\\\/www.tiktok.com\\\/@feetuphostels\",\"https:\\\/\\\/www.linkedin.com\\\/company\\\/feetuphostelsgroup\\\/\",\"https:\\\/\\\/www.pinterest.es\\\/FeetupHostels\\\/\",\"https:\\\/\\\/www.youtube.com\\\/feetuphostels\"]}]}<\/script>\n<!-- \/ Yoast SEO plugin. -->","yoast_head_json":{"title":"Red Nest Hostel Valencia \u00ae Un alloggio con posti letto a partire da 12\u20ac","description":"Red Nest Hostel Valencia \u00ae Un alloggio con letti a partire da 12\u20ac a notte. Camere, installazioni pulite. Uno dei migliori ostelli di Valencia","robots":{"index":"index","follow":"follow","max-snippet":"max-snippet:-1","max-image-preview":"max-image-preview:large","max-video-preview":"max-video-preview:-1"},"canonical":"https:\/\/feetuphostels.com\/it\/red-nest-hostel-valencia\/","og_locale":"it_IT","og_type":"article","og_title":"Red Nest Hostel Valencia \u00ae Un alloggio con posti letto a partire da 12\u20ac","og_description":"Red Nest Hostel Valencia \u00ae Un alloggio con letti a partire da 12\u20ac a notte. Camere, installazioni pulite. Uno dei migliori ostelli di Valencia","og_url":"https:\/\/feetuphostels.com\/it\/red-nest-hostel-valencia\/","og_site_name":"Feet Up Hostels","article_publisher":"https:\/\/facebook.com\/feetuphostelsgroup","article_modified_time":"2024-11-08T17:20:02+00:00","og_image":[{"width":1200,"height":900,"url":"https:\/\/feetuphostels.com\/wp-content\/uploads\/2018\/06\/red-nest-hostel-valencia-2018.jpg","type":"image\/jpeg"}],"twitter_card":"summary_large_image","twitter_site":"@feetuphostels","twitter_misc":{"Tempo di lettura stimato":"4 minuti"},"schema":{"@context":"https:\/\/schema.org","@graph":[{"@type":"WebPage","@id":"https:\/\/feetuphostels.com\/it\/red-nest-hostel-valencia\/","url":"https:\/\/feetuphostels.com\/it\/red-nest-hostel-valencia\/","name":"Red Nest Hostel Valencia \u00ae Un alloggio con posti letto a partire da 12\u20ac","isPartOf":{"@id":"https:\/\/feetuphostels.com\/it\/#website"},"primaryImageOfPage":{"@id":"https:\/\/feetuphostels.com\/it\/red-nest-hostel-valencia\/#primaryimage"},"image":{"@id":"https:\/\/feetuphostels.com\/it\/red-nest-hostel-valencia\/#primaryimage"},"thumbnailUrl":"https:\/\/feetuphostels.com\/wp-content\/uploads\/2018\/06\/red-nest-hostel-valencia-2018.jpg","datePublished":"2023-04-26T08:38:19+00:00","dateModified":"2024-11-08T17:20:02+00:00","description":"Red Nest Hostel Valencia \u00ae Un alloggio con letti a partire da 12\u20ac a notte. Camere, installazioni pulite. Uno dei migliori ostelli di Valencia","breadcrumb":{"@id":"https:\/\/feetuphostels.com\/it\/red-nest-hostel-valencia\/#breadcrumb"},"inLanguage":"it-IT","potentialAction":[{"@type":"ReadAction","target":["https:\/\/feetuphostels.com\/it\/red-nest-hostel-valencia\/"]}]},{"@type":"ImageObject","inLanguage":"it-IT","@id":"https:\/\/feetuphostels.com\/it\/red-nest-hostel-valencia\/#primaryimage","url":"https:\/\/feetuphostels.com\/wp-content\/uploads\/2018\/06\/red-nest-hostel-valencia-2018.jpg","contentUrl":"https:\/\/feetuphostels.com\/wp-content\/uploads\/2018\/06\/red-nest-hostel-valencia-2018.jpg","width":1200,"height":900,"caption":"Si goda il suo tempo nei nostri ostelli"},{"@type":"BreadcrumbList","@id":"https:\/\/feetuphostels.com\/it\/red-nest-hostel-valencia\/#breadcrumb","itemListElement":[{"@type":"ListItem","position":1,"name":"Home","item":"https:\/\/feetuphostels.com\/it\/"},{"@type":"ListItem","position":2,"name":"Red Nest Hostel Valencia"}]},{"@type":"WebSite","@id":"https:\/\/feetuphostels.com\/it\/#website","url":"https:\/\/feetuphostels.com\/it\/","name":"Feet Up Hostels","description":"Ostelli della giovent\u00f9 e alloggi a Valencia, Spagna. Siamo specialisti della cordialit\u00e0","publisher":{"@id":"https:\/\/feetuphostels.com\/it\/#organization"},"alternateName":"Feet Up Hostels","potentialAction":[{"@type":"SearchAction","target":{"@type":"EntryPoint","urlTemplate":"https:\/\/feetuphostels.com\/it\/?s={search_term_string}"},"query-input":{"@type":"PropertyValueSpecification","valueRequired":true,"valueName":"search_term_string"}}],"inLanguage":"it-IT"},{"@type":"Organization","@id":"https:\/\/feetuphostels.com\/it\/#organization","name":"Feet Up Hostels","alternateName":"Feet Up Hostels","url":"https:\/\/feetuphostels.com\/it\/","logo":{"@type":"ImageObject","inLanguage":"it-IT","@id":"https:\/\/feetuphostels.com\/it\/#\/schema\/logo\/image\/","url":"https:\/\/feetuphostels.com\/wp-content\/uploads\/2019\/01\/logo-web-amp-feetuphostels.svg","contentUrl":"https:\/\/feetuphostels.com\/wp-content\/uploads\/2019\/01\/logo-web-amp-feetuphostels.svg","width":1,"height":1,"caption":"Feet Up Hostels"},"image":{"@id":"https:\/\/feetuphostels.com\/it\/#\/schema\/logo\/image\/"},"sameAs":["https:\/\/facebook.com\/feetuphostelsgroup","https:\/\/x.com\/feetuphostels","https:\/\/www.instagram.com\/feetuphostels\/","https:\/\/www.tiktok.com\/@feetuphostels","https:\/\/www.linkedin.com\/company\/feetuphostelsgroup\/","https:\/\/www.pinterest.es\/FeetupHostels\/","https:\/\/www.youtube.com\/feetuphostels"]}]}},"_links":{"self":[{"href":"https:\/\/feetuphostels.com\/it\/wp-json\/wp\/v2\/pages\/212677","targetHints":{"allow":["GET"]}}],"collection":[{"href":"https:\/\/feetuphostels.com\/it\/wp-json\/wp\/v2\/pages"}],"about":[{"href":"https:\/\/feetuphostels.com\/it\/wp-json\/wp\/v2\/types\/page"}],"author":[{"embeddable":true,"href":"https:\/\/feetuphostels.com\/it\/wp-json\/wp\/v2\/users\/13"}],"replies":[{"embeddable":true,"href":"https:\/\/feetuphostels.com\/it\/wp-json\/wp\/v2\/comments?post=212677"}],"version-history":[{"count":0,"href":"https:\/\/feetuphostels.com\/it\/wp-json\/wp\/v2\/pages\/212677\/revisions"}],"wp:featuredmedia":[{"embeddable":true,"href":"https:\/\/feetuphostels.com\/it\/wp-json\/wp\/v2\/media\/9187"}],"wp:attachment":[{"href":"https:\/\/feetuphostels.com\/it\/wp-json\/wp\/v2\/media?parent=212677"}],"curies":[{"name":"wp","href":"https:\/\/api.w.org\/{rel}","templated":true}]}}