{"id":2115,"date":"2017-01-16T13:41:42","date_gmt":"2017-01-16T12:41:42","guid":{"rendered":"https:\/\/feetuphostels.com\/ostelli-barcelona\/yellow-nest-hostel-barcelona\/"},"modified":"2024-11-09T14:06:52","modified_gmt":"2024-11-09T13:06:52","slug":"yellow-nest-ostello-barcelona","status":"publish","type":"page","link":"https:\/\/feetuphostels.com\/it\/yellow-nest-ostello-barcelona\/","title":{"rendered":"Yellow Nest Ostello Barcelona"},"content":{"rendered":"\n<h1 class=\"wp-block-heading has-text-align-center\" id=\"h-yellow-nest-hostel-barcelona\">Yellow Nest Ostello Barcelona<\/h1>\n\n<h2 class=\"wp-block-heading\" id=\"h-our-yellow-nest-hostel-is-located-in-the-les-corts-district-of-barcelona\">Il nostro ostello si trova nel quartiere Les Corts di Barcellona<\/h2>\n\n<p>A soli 3 minuti a piedi da <strong><a href=\"https:\/\/feetuphostels.com\/it\/hostel-vicino-allo-stadio-camp-nou-del-barcellona\/\">Stadio di calcio Camp Nou di Barcellona<\/a><\/strong><\/p>\n\n<figure class=\"wp-block-image aligncenter size-full\"><img decoding=\"async\" src=\"https:\/\/feetuphostels.com\/wp-content\/uploads\/2018\/11\/25yellow-nest-hostel-barcelona-by-feetuphostels.jpg\" alt=\"La nostra reception ti dar&#xE0; un caloroso benvenuto\" class=\"wp-image-17052\"\/><\/figure>\n\n<h2 class=\"wp-block-heading\" id=\"h-but-that-s-not-all\">Ma non \u00e8 tutto,<\/h2>\n\n<p>Abbiamo diversi tipi di camere per soddisfare le vostre esigenze. Puoi scegliere tra camere condivise con decorazioni semplici e colorate con aria condizionata (per l&#8217;estate) e riscaldamento (per l&#8217;inverno), armadietti privati e bagno in comune con asciugacapelli, o se stai cercando un po &#8216; pi\u00f9 di privacy puoi scegliere camere private con bagno privato.<\/p>\n\n<p class=\"has-white-color has-vivid-red-background-color has-text-color has-background has-link-color has-medium-font-size wp-elements-1297292e886abdf98a879a7f75e52963\">IMPORTANTE: l&#8217;ostello \u00e8 stato rinominato <a href=\"https:\/\/onefamhostels.com\/les-corts-onefam-hostel-barcelona\/\" target=\"_blank\" rel=\"noopener\">Onefam Les Corts<\/a>, entrando a far parte di uno dei <a href=\"https:\/\/onefamhostels.com\/barcelona-hostels\/\" target=\"_blank\" rel=\"noopener\">migliori ostelli di Barcellona<\/a>.<\/p>\n\n<h2 class=\"wp-block-heading\" id=\"h-we-have-thought-about-them\">Abbiamo pensato a loro<\/h2>\n\n<p>Se sei una ragazza forse preferisce condividere una stanza con le ragazze, questo non \u00e8 un problema, hanno solo camere solo per le ragazze.<\/p>\n\n<p>Prenota con noi, parliamo la tua lingua e ti garantiamo:<\/p>\n\n<ul class=\"wp-block-list\">\n<li>Massima sicurezza per la tua Prenotazione<\/li>\n\n\n\n<li>Nessun prezzo o spesa nascosta!<\/li>\n\n\n\n<li>Prezzo senza intermediari!<\/li>\n\n\n\n<li>Prezzo ufficiale e imbattibile!<\/li>\n\n\n\n<li>Prenotazione online garantita!<\/li>\n\n\n\n<li>Conferma immediata<\/li>\n<\/ul>\n\n<h2 class=\"wp-block-heading\" id=\"h-information-about-yellow-nest-hostel-barcelona\">Informazioni su Yellow Nest Hostel Barcellona<\/h2>\n\n<p>Vicino alla Metro Badal di Barcellona<\/p>\n\n<h3 class=\"wp-block-heading\" id=\"h-our-staff\">Il nostro staff<\/h3>\n\n<h4 class=\"wp-block-heading\" id=\"h-all-this-is-for-you\">Tutto questo \u00e8 per te. <\/h4>\n\n<p>We have a fully equipped kitchen so you can show off your cuilnary skills (if you have them), snack and drink vending machines, Netflix room, a game area with billiards, darts and ping pong.<\/p>\n\n<h4 class=\"wp-block-heading\" id=\"h-we-are-always-keen-to-help-you\">Siamo sempre pronti ad aiutarti.<\/h4>\n\n<p>Il nostro personale della reception \u00e8 disponibile 24 ore per offrire informazioni turistiche su Barcellona 24 ore. Puoi anche chiedere loro quali sono i posti migliori che frequentano o visitano a Barcellona.<\/p>\n\n<p>Siamo molto ben collegati<\/p>\n\n<p>La stazione della metropolitana Badal si trova a 5 minuti a piedi e collega il centro citt\u00e0 in meno di 15 minuti. Vedi la nostra posizione qui.<\/p>\n\n<h2 class=\"wp-block-heading\" id=\"h-these-are-all-of-our-services-for-your-convenience\">Questi sono tutti i nostri servizi per la tua comodit\u00e0.<\/h2>\n\n<h3 class=\"wp-block-heading\" id=\"h-we-offer-at-yellow-nest-hostel\">Offriamo al Yellow Nest Hostel<\/h3>\n\n<h3 class=\"wp-block-heading\" id=\"h-free-services\">Servizi gratuiti:<\/h3>\n\n<ul class=\"wp-block-list\">\n<li>La biancheria da letto \u00e8 inclusa nel prezzo.<\/li>\n\n\n\n<li>Mappa della citt\u00e0 gratuita.<\/li>\n\n\n\n<li>WIFi ad alta velocit\u00e0 gratuito.<\/li>\n\n\n\n<li>Un&#8217;enorme terrazza sul tetto.<\/li>\n\n\n\n<li>Computer con accesso a Internet per i clienti.<\/li>\n<\/ul>\n\n<h4 class=\"wp-block-heading\" id=\"h-services-in-general\">Servizi in generale:<\/h4>\n\n<ul class=\"wp-block-list\">\n<li>Armadietti nelle camere.<\/li>\n\n\n\n<li>Accesso alle camere tramite schede.<\/li>\n\n\n\n<li>Area comune da condividere con gli amici.<\/li>\n\n\n\n<li>Aria condizionata nell&#8217;area comune e in tutte le camere.<\/li>\n\n\n\n<li>Scambio di libri con noi.<\/li>\n\n\n\n<li>Fai la doccia con l&#8217;acqua dell&#8217;ostia in inverno e anche in estate, ma in estate potresti desiderare una doccia fresca.<\/li>\n\n\n\n<li>Cucina completamente attrezzata.<\/li>\n\n\n\n<li>Frigorifero\/congelatore per conservare gli alimenti.<\/li>\n\n\n\n<li>All&#8217;esterno, sulla nostra terrazza sul tetto.<\/li>\n\n\n\n<li>Abbiamo asciugacapelli per tutti.<\/li>\n\n\n\n<li>Asse da stiro per i tuoi vestiti.<\/li>\n\n\n\n<li>Riscalda i tuoi cibi al microonde.<\/li>\n\n\n\n<li>Il primo asciugamano \u00e8 incluso nella prenotazione. <\/li>\n<\/ul>\n\n<p><\/p>\n\n<figure class=\"wp-block-image size-full\"><img fetchpriority=\"high\" decoding=\"async\" width=\"1920\" height=\"1080\" src=\"https:\/\/feetuphostels.com\/wp-content\/uploads\/2022\/10\/slide-feetuphostels-yellownest2022.jpg\" alt=\"Gli ospiti di Yellow Nest Hostel Barcelona\" class=\"wp-image-202278\" srcset=\"https:\/\/feetuphostels.com\/wp-content\/uploads\/2022\/10\/slide-feetuphostels-yellownest2022.jpg 1920w, https:\/\/feetuphostels.com\/wp-content\/uploads\/2022\/10\/slide-feetuphostels-yellownest2022-300x169.jpg 300w, https:\/\/feetuphostels.com\/wp-content\/uploads\/2022\/10\/slide-feetuphostels-yellownest2022-1024x576.jpg 1024w, https:\/\/feetuphostels.com\/wp-content\/uploads\/2022\/10\/slide-feetuphostels-yellownest2022-768x432.jpg 768w, https:\/\/feetuphostels.com\/wp-content\/uploads\/2022\/10\/slide-feetuphostels-yellownest2022-1536x864.jpg 1536w, https:\/\/feetuphostels.com\/wp-content\/uploads\/2022\/10\/slide-feetuphostels-yellownest2022-260x146.jpg 260w, https:\/\/feetuphostels.com\/wp-content\/uploads\/2022\/10\/slide-feetuphostels-yellownest2022-50x28.jpg 50w, https:\/\/feetuphostels.com\/wp-content\/uploads\/2022\/10\/slide-feetuphostels-yellownest2022-133x75.jpg 133w\" sizes=\"(max-width: 1920px) 100vw, 1920px\" \/><figcaption class=\"wp-element-caption\">Gli ospiti di Yellow Nest Hostel Barcelona<\/figcaption><\/figure>\n\n<h4 class=\"wp-block-heading\">Altri servizi per te.<\/h4>\n\n<ul class=\"wp-block-list\">\n<li>Accesso a Internet per rimanere in contatto.<\/li>\n\n\n\n<li>Servizio di lavanderia. La pulizia prima di tutto. <\/li>\n\n\n\n<li>Noleggio biciclette Per conoscere la citt\u00e0 a pedali.<\/li>\n\n\n\n<li>Se hai bisogno di pi\u00f9 asciugamani, hai un piccolo supplemento.<\/li>\n\n\n\n<li>Armadietti in camera per riporre i tuoi bagagli.<\/li>\n\n\n\n<li>Servizio FAX (antiquato ma funzionante).<\/li>\n\n\n\n<li>La reception \u00e8 aperta 24 ore su 24. Giorno\/notte.<\/li>\n\n\n\n<li>Organizziamo tour e offriamo anche informazioni sulla citt\u00e0.<\/li>\n<\/ul>\n\n<h3 class=\"wp-block-heading\">Servizi di ristorazione.<\/h3>\n\n<ul class=\"wp-block-list\">\n<li>\u00c8 possibile avere un kit per la preparazione di t\u00e8 e caff\u00e8.<\/li>\n\n\n\n<li>Distributori automatici. Ricorda di portare sempre con te delle monete.<\/li>\n\n\n\n<li>Abbiamo anche un servizio di caffetteria, nel caso in cui tu abbia voglia di un caff\u00e8 la sera.<\/li>\n<\/ul>\n\n<h3 class=\"wp-block-heading\">Abbiamo anche pensato di divertirci:<\/h3>\n\n<ul class=\"wp-block-list\">\n<li>Abbiamo giochi da tavolo da condividere in gruppo.<\/li>\n\n\n\n<li>Sala Netflix.<\/li>\n\n\n\n<li>Abbiamo un calcio balilla per divertirti con gli amici.<\/li>\n\n\n\n<li>WIFI gratuito ad alta velocit\u00e0 se sei tu a giocare online.<\/li>\n<\/ul>\n\n<h2 class=\"wp-block-heading\">La stampa fine<\/h2>\n\n<ul class=\"wp-block-list\">\n<li>Per regolamento siamo costretti a non accettare ospiti di et\u00e0 inferiore ai 18 anni se non accompagnati da un adulto.<\/li>\n\n\n\n<li>Gli ospiti di et\u00e0 inferiore ai 18 anni non possono soggiornare in una camera condivisa, a meno che tutti gli occupanti non siano membri del loro gruppo di viaggio.<\/li>\n\n\n\n<li>Al momento del check-in \u00e8 necessario presentare un documento d&#8217;identit\u00e0 o un passaporto valido.<\/li>\n\n\n\n<li>\u00c8 necessario lasciare una cauzione di \u20ac 5 per la chiave e di \u20ac 5 per l&#8217;asciugamano (non preoccuparti, al momento del check-out ti verranno restituiti la chiave e l&#8217;asciugamano nelle stesse condizioni in cui ti sono stati consegnati).<\/li>\n\n\n\n<li>Per prenotazioni speciali di pi\u00f9 di 9 persone, si applicano condizioni speciali per i gruppi. Ti consigliamo di contattare direttamente il nostro reparto gruppi attraverso il seguente modulo. Devi compilare tutti i campi e inviarlo. Ti contatteremo il prima possibile.<\/li>\n\n\n\n<li>Accettiamo pagamenti con American express, Visa, Master Card e JCB.<\/li>\n\n\n\n<li>Puoi lavare i tuoi vestiti nella nostra lavanderia a soli 8 \u20ac.<\/li>\n<\/ul>\n\n<h2 class=\"wp-block-heading\">Politiche di cancellazione<\/h2>\n\n<ul class=\"wp-block-list\">\n<li>Le politiche di cancellazione e di pagamento anticipato variano a seconda del tipo di alloggio. Inserisci le date del tuo soggiorno e controlla le condizioni della camera desiderata.<\/li>\n\n\n\n<li>Tariffa non rimborsabile: L&#8217;importo totale sar\u00e0 addebitato al momento della prenotazione. Non sar\u00e0 rimborsato in nessun caso.<\/li>\n\n\n\n<li>Tariffa standard: Puoi cancellare senza alcun addebito fino a 48 ore prima dell&#8217;arrivo.<\/li>\n\n\n\n<li>Mancata presentazione: In caso di mancata presentazione o di cancellazione tardiva, verr\u00e0 addebitato l&#8217;importo della prima notte.<\/li>\n\n\n\n<li>*In tutti i casi, l&#8217;importo sar\u00e0 addebitato nella valuta del tuo paese.<\/li>\n<\/ul>\n","protected":false},"excerpt":{"rendered":"<p>Yellow Nest Hostel Barcelona \u00ae Sito ufficiale con letti da \u20ac12\/notte, vicino allo stadio Camp Nou di Barcellona \u2705 miglior prezzo garantito \ud83d\ude8d vicino a Metro Badal, reception \u23f2\ufe0f 24 ore al giorno. Prezzo ufficiale per oggi a Barcellona. Prezzo finale senza commissioni o spese di riserve, con visite di ospiti Royal<\/p>\n","protected":false},"author":13,"featured_media":11670,"parent":0,"menu_order":0,"comment_status":"closed","ping_status":"open","template":"","meta":{"footnotes":""},"class_list":["post-2115","page","type-page","status-publish","has-post-thumbnail","hentry"],"yoast_head":"<!-- This site is optimized with the Yoast SEO plugin v27.5 - https:\/\/yoast.com\/product\/yoast-seo-wordpress\/ -->\n<title>Yellow Nest ostello Barcelona \u00ae Sito ufficiale con letti da \u20ac 12 \/ notte<\/title>\n<meta name=\"description\" content=\"Yellow Nest ostello Barcelona \u00ae Sito ufficiale con letti da \u20ac12\/notte, vicino allo stadio Camp Nou di Barcellona \u2705 miglior prezzo garantito\" \/>\n<meta name=\"robots\" content=\"index, follow, max-snippet:-1, max-image-preview:large, max-video-preview:-1\" \/>\n<link rel=\"canonical\" href=\"https:\/\/feetuphostels.com\/it\/yellow-nest-ostello-barcelona\/\" \/>\n<meta property=\"og:locale\" content=\"it_IT\" \/>\n<meta property=\"og:type\" content=\"article\" \/>\n<meta property=\"og:title\" content=\"Yellow Nest ostello Barcelona \u00ae Sito ufficiale con letti da \u20ac 12 \/ notte\" \/>\n<meta property=\"og:description\" content=\"Yellow Nest ostello Barcelona \u00ae Sito ufficiale con letti da \u20ac12\/notte, vicino allo stadio Camp Nou di Barcellona \u2705 miglior prezzo garantito\" \/>\n<meta property=\"og:url\" content=\"https:\/\/feetuphostels.com\/it\/yellow-nest-ostello-barcelona\/\" \/>\n<meta property=\"og:site_name\" content=\"Feet Up Hostels\" \/>\n<meta property=\"article:publisher\" content=\"https:\/\/facebook.com\/feetuphostelsgroup\" \/>\n<meta property=\"article:modified_time\" content=\"2024-11-09T13:06:52+00:00\" \/>\n<meta property=\"og:image\" content=\"https:\/\/feetuphostels.com\/wp-content\/uploads\/2017\/01\/01yellownesthostelbarcelona.jpg\" \/>\n\t<meta property=\"og:image:width\" content=\"1200\" \/>\n\t<meta property=\"og:image:height\" content=\"900\" \/>\n\t<meta property=\"og:image:type\" content=\"image\/jpeg\" \/>\n<meta name=\"twitter:card\" content=\"summary_large_image\" \/>\n<meta name=\"twitter:site\" content=\"@feetuphostels\" \/>\n<meta name=\"twitter:label1\" content=\"Tempo di lettura stimato\" \/>\n\t<meta name=\"twitter:data1\" content=\"4 minuti\" \/>\n<script type=\"application\/ld+json\" class=\"yoast-schema-graph\">{\"@context\":\"https:\\\/\\\/schema.org\",\"@graph\":[{\"@type\":\"WebPage\",\"@id\":\"https:\\\/\\\/feetuphostels.com\\\/it\\\/yellow-nest-ostello-barcelona\\\/\",\"url\":\"https:\\\/\\\/feetuphostels.com\\\/it\\\/yellow-nest-ostello-barcelona\\\/\",\"name\":\"Yellow Nest ostello Barcelona \u00ae Sito ufficiale con letti da \u20ac 12 \\\/ notte\",\"isPartOf\":{\"@id\":\"https:\\\/\\\/feetuphostels.com\\\/it\\\/#website\"},\"primaryImageOfPage\":{\"@id\":\"https:\\\/\\\/feetuphostels.com\\\/it\\\/yellow-nest-ostello-barcelona\\\/#primaryimage\"},\"image\":{\"@id\":\"https:\\\/\\\/feetuphostels.com\\\/it\\\/yellow-nest-ostello-barcelona\\\/#primaryimage\"},\"thumbnailUrl\":\"https:\\\/\\\/feetuphostels.com\\\/wp-content\\\/uploads\\\/2017\\\/01\\\/01yellownesthostelbarcelona.jpg\",\"datePublished\":\"2017-01-16T12:41:42+00:00\",\"dateModified\":\"2024-11-09T13:06:52+00:00\",\"description\":\"Yellow Nest ostello Barcelona \u00ae Sito ufficiale con letti da \u20ac12\\\/notte, vicino allo stadio Camp Nou di Barcellona \u2705 miglior prezzo garantito\",\"breadcrumb\":{\"@id\":\"https:\\\/\\\/feetuphostels.com\\\/it\\\/yellow-nest-ostello-barcelona\\\/#breadcrumb\"},\"inLanguage\":\"it-IT\",\"potentialAction\":[{\"@type\":\"ReadAction\",\"target\":[\"https:\\\/\\\/feetuphostels.com\\\/it\\\/yellow-nest-ostello-barcelona\\\/\"]}]},{\"@type\":\"ImageObject\",\"inLanguage\":\"it-IT\",\"@id\":\"https:\\\/\\\/feetuphostels.com\\\/it\\\/yellow-nest-ostello-barcelona\\\/#primaryimage\",\"url\":\"https:\\\/\\\/feetuphostels.com\\\/wp-content\\\/uploads\\\/2017\\\/01\\\/01yellownesthostelbarcelona.jpg\",\"contentUrl\":\"https:\\\/\\\/feetuphostels.com\\\/wp-content\\\/uploads\\\/2017\\\/01\\\/01yellownesthostelbarcelona.jpg\",\"width\":1200,\"height\":900,\"caption\":\"Yellow Nest hostel Barcelona Feetup\"},{\"@type\":\"BreadcrumbList\",\"@id\":\"https:\\\/\\\/feetuphostels.com\\\/it\\\/yellow-nest-ostello-barcelona\\\/#breadcrumb\",\"itemListElement\":[{\"@type\":\"ListItem\",\"position\":1,\"name\":\"Home\",\"item\":\"https:\\\/\\\/feetuphostels.com\\\/it\\\/\"},{\"@type\":\"ListItem\",\"position\":2,\"name\":\"Yellow Nest Ostello Barcelona\"}]},{\"@type\":\"WebSite\",\"@id\":\"https:\\\/\\\/feetuphostels.com\\\/it\\\/#website\",\"url\":\"https:\\\/\\\/feetuphostels.com\\\/it\\\/\",\"name\":\"Feet Up Hostels\",\"description\":\"Ostelli della giovent\u00f9 e alloggi a Valencia, Spagna. Siamo specialisti della cordialit\u00e0\",\"publisher\":{\"@id\":\"https:\\\/\\\/feetuphostels.com\\\/it\\\/#organization\"},\"alternateName\":\"Feet Up Hostels\",\"potentialAction\":[{\"@type\":\"SearchAction\",\"target\":{\"@type\":\"EntryPoint\",\"urlTemplate\":\"https:\\\/\\\/feetuphostels.com\\\/it\\\/?s={search_term_string}\"},\"query-input\":{\"@type\":\"PropertyValueSpecification\",\"valueRequired\":true,\"valueName\":\"search_term_string\"}}],\"inLanguage\":\"it-IT\"},{\"@type\":\"Organization\",\"@id\":\"https:\\\/\\\/feetuphostels.com\\\/it\\\/#organization\",\"name\":\"Feet Up Hostels\",\"alternateName\":\"Feet Up Hostels\",\"url\":\"https:\\\/\\\/feetuphostels.com\\\/it\\\/\",\"logo\":{\"@type\":\"ImageObject\",\"inLanguage\":\"it-IT\",\"@id\":\"https:\\\/\\\/feetuphostels.com\\\/it\\\/#\\\/schema\\\/logo\\\/image\\\/\",\"url\":\"https:\\\/\\\/feetuphostels.com\\\/wp-content\\\/uploads\\\/2019\\\/01\\\/logo-web-amp-feetuphostels.svg\",\"contentUrl\":\"https:\\\/\\\/feetuphostels.com\\\/wp-content\\\/uploads\\\/2019\\\/01\\\/logo-web-amp-feetuphostels.svg\",\"width\":1,\"height\":1,\"caption\":\"Feet Up Hostels\"},\"image\":{\"@id\":\"https:\\\/\\\/feetuphostels.com\\\/it\\\/#\\\/schema\\\/logo\\\/image\\\/\"},\"sameAs\":[\"https:\\\/\\\/facebook.com\\\/feetuphostelsgroup\",\"https:\\\/\\\/x.com\\\/feetuphostels\",\"https:\\\/\\\/www.instagram.com\\\/feetuphostels\\\/\",\"https:\\\/\\\/www.tiktok.com\\\/@feetuphostels\",\"https:\\\/\\\/www.linkedin.com\\\/company\\\/feetuphostelsgroup\\\/\",\"https:\\\/\\\/www.pinterest.es\\\/FeetupHostels\\\/\",\"https:\\\/\\\/www.youtube.com\\\/feetuphostels\"]}]}<\/script>\n<!-- \/ Yoast SEO plugin. -->","yoast_head_json":{"title":"Yellow Nest ostello Barcelona \u00ae Sito ufficiale con letti da \u20ac 12 \/ notte","description":"Yellow Nest ostello Barcelona \u00ae Sito ufficiale con letti da \u20ac12\/notte, vicino allo stadio Camp Nou di Barcellona \u2705 miglior prezzo garantito","robots":{"index":"index","follow":"follow","max-snippet":"max-snippet:-1","max-image-preview":"max-image-preview:large","max-video-preview":"max-video-preview:-1"},"canonical":"https:\/\/feetuphostels.com\/it\/yellow-nest-ostello-barcelona\/","og_locale":"it_IT","og_type":"article","og_title":"Yellow Nest ostello Barcelona \u00ae Sito ufficiale con letti da \u20ac 12 \/ notte","og_description":"Yellow Nest ostello Barcelona \u00ae Sito ufficiale con letti da \u20ac12\/notte, vicino allo stadio Camp Nou di Barcellona \u2705 miglior prezzo garantito","og_url":"https:\/\/feetuphostels.com\/it\/yellow-nest-ostello-barcelona\/","og_site_name":"Feet Up Hostels","article_publisher":"https:\/\/facebook.com\/feetuphostelsgroup","article_modified_time":"2024-11-09T13:06:52+00:00","og_image":[{"width":1200,"height":900,"url":"https:\/\/feetuphostels.com\/wp-content\/uploads\/2017\/01\/01yellownesthostelbarcelona.jpg","type":"image\/jpeg"}],"twitter_card":"summary_large_image","twitter_site":"@feetuphostels","twitter_misc":{"Tempo di lettura stimato":"4 minuti"},"schema":{"@context":"https:\/\/schema.org","@graph":[{"@type":"WebPage","@id":"https:\/\/feetuphostels.com\/it\/yellow-nest-ostello-barcelona\/","url":"https:\/\/feetuphostels.com\/it\/yellow-nest-ostello-barcelona\/","name":"Yellow Nest ostello Barcelona \u00ae Sito ufficiale con letti da \u20ac 12 \/ notte","isPartOf":{"@id":"https:\/\/feetuphostels.com\/it\/#website"},"primaryImageOfPage":{"@id":"https:\/\/feetuphostels.com\/it\/yellow-nest-ostello-barcelona\/#primaryimage"},"image":{"@id":"https:\/\/feetuphostels.com\/it\/yellow-nest-ostello-barcelona\/#primaryimage"},"thumbnailUrl":"https:\/\/feetuphostels.com\/wp-content\/uploads\/2017\/01\/01yellownesthostelbarcelona.jpg","datePublished":"2017-01-16T12:41:42+00:00","dateModified":"2024-11-09T13:06:52+00:00","description":"Yellow Nest ostello Barcelona \u00ae Sito ufficiale con letti da \u20ac12\/notte, vicino allo stadio Camp Nou di Barcellona \u2705 miglior prezzo garantito","breadcrumb":{"@id":"https:\/\/feetuphostels.com\/it\/yellow-nest-ostello-barcelona\/#breadcrumb"},"inLanguage":"it-IT","potentialAction":[{"@type":"ReadAction","target":["https:\/\/feetuphostels.com\/it\/yellow-nest-ostello-barcelona\/"]}]},{"@type":"ImageObject","inLanguage":"it-IT","@id":"https:\/\/feetuphostels.com\/it\/yellow-nest-ostello-barcelona\/#primaryimage","url":"https:\/\/feetuphostels.com\/wp-content\/uploads\/2017\/01\/01yellownesthostelbarcelona.jpg","contentUrl":"https:\/\/feetuphostels.com\/wp-content\/uploads\/2017\/01\/01yellownesthostelbarcelona.jpg","width":1200,"height":900,"caption":"Yellow Nest hostel Barcelona Feetup"},{"@type":"BreadcrumbList","@id":"https:\/\/feetuphostels.com\/it\/yellow-nest-ostello-barcelona\/#breadcrumb","itemListElement":[{"@type":"ListItem","position":1,"name":"Home","item":"https:\/\/feetuphostels.com\/it\/"},{"@type":"ListItem","position":2,"name":"Yellow Nest Ostello Barcelona"}]},{"@type":"WebSite","@id":"https:\/\/feetuphostels.com\/it\/#website","url":"https:\/\/feetuphostels.com\/it\/","name":"Feet Up Hostels","description":"Ostelli della giovent\u00f9 e alloggi a Valencia, Spagna. Siamo specialisti della cordialit\u00e0","publisher":{"@id":"https:\/\/feetuphostels.com\/it\/#organization"},"alternateName":"Feet Up Hostels","potentialAction":[{"@type":"SearchAction","target":{"@type":"EntryPoint","urlTemplate":"https:\/\/feetuphostels.com\/it\/?s={search_term_string}"},"query-input":{"@type":"PropertyValueSpecification","valueRequired":true,"valueName":"search_term_string"}}],"inLanguage":"it-IT"},{"@type":"Organization","@id":"https:\/\/feetuphostels.com\/it\/#organization","name":"Feet Up Hostels","alternateName":"Feet Up Hostels","url":"https:\/\/feetuphostels.com\/it\/","logo":{"@type":"ImageObject","inLanguage":"it-IT","@id":"https:\/\/feetuphostels.com\/it\/#\/schema\/logo\/image\/","url":"https:\/\/feetuphostels.com\/wp-content\/uploads\/2019\/01\/logo-web-amp-feetuphostels.svg","contentUrl":"https:\/\/feetuphostels.com\/wp-content\/uploads\/2019\/01\/logo-web-amp-feetuphostels.svg","width":1,"height":1,"caption":"Feet Up Hostels"},"image":{"@id":"https:\/\/feetuphostels.com\/it\/#\/schema\/logo\/image\/"},"sameAs":["https:\/\/facebook.com\/feetuphostelsgroup","https:\/\/x.com\/feetuphostels","https:\/\/www.instagram.com\/feetuphostels\/","https:\/\/www.tiktok.com\/@feetuphostels","https:\/\/www.linkedin.com\/company\/feetuphostelsgroup\/","https:\/\/www.pinterest.es\/FeetupHostels\/","https:\/\/www.youtube.com\/feetuphostels"]}]}},"_links":{"self":[{"href":"https:\/\/feetuphostels.com\/it\/wp-json\/wp\/v2\/pages\/2115","targetHints":{"allow":["GET"]}}],"collection":[{"href":"https:\/\/feetuphostels.com\/it\/wp-json\/wp\/v2\/pages"}],"about":[{"href":"https:\/\/feetuphostels.com\/it\/wp-json\/wp\/v2\/types\/page"}],"author":[{"embeddable":true,"href":"https:\/\/feetuphostels.com\/it\/wp-json\/wp\/v2\/users\/13"}],"replies":[{"embeddable":true,"href":"https:\/\/feetuphostels.com\/it\/wp-json\/wp\/v2\/comments?post=2115"}],"version-history":[{"count":0,"href":"https:\/\/feetuphostels.com\/it\/wp-json\/wp\/v2\/pages\/2115\/revisions"}],"wp:featuredmedia":[{"embeddable":true,"href":"https:\/\/feetuphostels.com\/it\/wp-json\/wp\/v2\/media\/11670"}],"wp:attachment":[{"href":"https:\/\/feetuphostels.com\/it\/wp-json\/wp\/v2\/media?parent=2115"}],"curies":[{"name":"wp","href":"https:\/\/api.w.org\/{rel}","templated":true}]}}