{"id":2111,"date":"2017-01-16T12:35:27","date_gmt":"2017-01-16T11:35:27","guid":{"rendered":"https:\/\/feetuphostels.com\/hostels-barcelona\/"},"modified":"2024-10-17T11:32:28","modified_gmt":"2024-10-17T09:32:28","slug":"ostelli-gioventu-barcelona","status":"publish","type":"page","link":"https:\/\/feetuphostels.com\/it\/ostelli-gioventu-barcelona\/","title":{"rendered":"Ostelli della Giovent\u00f9 Barcellona"},"content":{"rendered":"\n<h1 class=\"wp-block-heading has-text-align-center\" id=\"h-hostels-barcelona\">Ostelli Barcellona<\/h1>\n\n<h2 class=\"wp-block-heading has-text-align-center\" id=\"h-youth-hostels-and-accommodations-in-barcelona\">Ostelli e alloggi a Barcellona<\/h2>\n\n<p>Gli ostelli della giovent\u00f9 a Barcellona sono una delle migliori opzioni per soggiornare quando si visita la Ciudad Condal in Spagna.<\/p>\n\n<h2 class=\"wp-block-heading\" id=\"h-yellow-nest-hostel-barcelona\">Yellow Nest Hostel Barcellona<\/h2>\n\n<h3 class=\"wp-block-heading\" id=\"h-only-3-streets-away-from-the-barcelona-camp-nou-football-stadium\">Solo 3 strade di distanza dallo stadio di calcio Camp Nou di Barcellona<\/h3>\n\n<p>Disponiamo di diverse tipologie di camere adatte ad ogni vostra esigenza. Puoi scegliere tra camere condivise con design semplici e colorati.<\/p>\n\n<p class=\"has-white-color has-vivid-red-background-color has-text-color has-background has-link-color wp-elements-542905a6f826f5fa1b55fafad1d994df\">IMPORTANTE: l&#8217;ostello \u00e8 stato rinominato <a href=\"https:\/\/onefamhostels.com\/les-corts-onefam-hostel-barcelona\/\" target=\"_blank\" rel=\"noopener\">Onefam Les Corts<\/a>, entrando a far parte di uno <a href=\"https:\/\/onefamhostels.com\/barcelona-hostels\/\" target=\"_blank\" rel=\"noopener\">dei migliori ostelli di Barcellona<\/a>.<\/p>\n\n<figure class=\"wp-block-image size-full\"><a href=\"https:\/\/nesthostelsbarcelona.com\/\" target=\"_blank\" rel=\"noreferrer noopener\"><img fetchpriority=\"high\" decoding=\"async\" width=\"1920\" height=\"1080\" src=\"https:\/\/feetuphostels.com\/wp-content\/uploads\/2022\/10\/slide-feetuphostels-yellownest2022.jpg\" alt=\"\" class=\"wp-image-202278\" srcset=\"https:\/\/feetuphostels.com\/wp-content\/uploads\/2022\/10\/slide-feetuphostels-yellownest2022.jpg 1920w, https:\/\/feetuphostels.com\/wp-content\/uploads\/2022\/10\/slide-feetuphostels-yellownest2022-300x169.jpg 300w, https:\/\/feetuphostels.com\/wp-content\/uploads\/2022\/10\/slide-feetuphostels-yellownest2022-1024x576.jpg 1024w, https:\/\/feetuphostels.com\/wp-content\/uploads\/2022\/10\/slide-feetuphostels-yellownest2022-768x432.jpg 768w, https:\/\/feetuphostels.com\/wp-content\/uploads\/2022\/10\/slide-feetuphostels-yellownest2022-1536x864.jpg 1536w, https:\/\/feetuphostels.com\/wp-content\/uploads\/2022\/10\/slide-feetuphostels-yellownest2022-260x146.jpg 260w, https:\/\/feetuphostels.com\/wp-content\/uploads\/2022\/10\/slide-feetuphostels-yellownest2022-50x28.jpg 50w, https:\/\/feetuphostels.com\/wp-content\/uploads\/2022\/10\/slide-feetuphostels-yellownest2022-133x75.jpg 133w\" sizes=\"(max-width: 1920px) 100vw, 1920px\" \/><\/a><figcaption class=\"wp-element-caption\">Yellow Nest Hostel Barcellona<\/figcaption><\/figure>\n\n<p>Dotate di aria condizionata per l&#8217;estate e riscaldamento per l&#8217;inverno, armadietti privati e bagni in comune con asciugacapelli, o se stai cercando un po &#8216; pi\u00f9 di privacy, puoi scegliere camere private con bagno privato.<\/p>\n\n<h3 class=\"wp-block-heading\" id=\"h-our-previous-guests-say\">I nostri ospiti precedenti dicono,<\/h3>\n\n<p>Che i dintorni del nostro ostello ha un alto tasso di avvistamenti di celebrit\u00e0 Some Alcuni dicono anche che a volte hanno visto Messi o altri giocatori FCB all&#8217;angolo. E tutto questo \u00e8 incluso nel prezzo della prenotazione.<\/p>\n\n<p><\/p>\n\n<p><\/p>\n\n<h2 class=\"wp-block-heading\" id=\"h-garden-house-hostel-barcelona\">Garden House Hostel Barcelona<\/h2>\n\n<h3 class=\"wp-block-heading\" id=\"h-we-are-4-streets-from-the-metro-stop-valldaura\">Siamo a 4 strade dalla fermata della metropolitana Valldaura<\/h3>\n\n<p>Siamo situati nella zona residenziale vicino alla stazione della metropolitana Valldaura, linea verde, che va direttamente a Passeig de Gracia e Parallelo (\u00e8 facile e comodo per arrivare).<\/p>\n\n<figure class=\"wp-block-image size-full\"><img decoding=\"async\" src=\"https:\/\/feetuphostels.com\/wp-content\/uploads\/2018\/10\/08garden-house-hostel-barcelona-by-feetuphostels.jpg\" alt=\"Trascorri del tempo di qualit&#xE0; nel nostro patio\" class=\"wp-image-16776\"\/><figcaption class=\"wp-element-caption\">Trascorri del tempo di qualit\u00e0 nel nostro patio<\/figcaption><\/figure>\n\n<p>Abbiamo offerte speciali di alcuni locali di quella zona e possiamo darti alcuni consigli su come ottenere il meglio da Barcellona. <strong> Prenota il tuo letto con noi i Barcelona, parliamo la tua lingua.<\/strong><\/p>\n\n<h3 class=\"wp-block-heading\" id=\"h-we-have-all-the-necessary-for-your-comfort\">Abbiamo tutto il necessario per il vostro comfort<\/h3>\n\n<p>La cucina \u00e8 completamente attrezzata in modo da poter mostrare le vostre abilit\u00e0 culinarie (se li avete), un giardino con un&#8217;amaca in modo da poter disconnettere e incontrare altri ospiti e TUTTO \u00c8 INCLUSO NEL PREZZO DELLA PRENOTAZIONE.<\/p>\n\n<h2 class=\"wp-block-heading\" id=\"h-how-much-do-you-know-about-barcelona\">Quanto ne sai di Barcellona?<\/h2>\n\n<p>Siamo sicuri che a Barcellona non ci si annoia in qualsiasi momento, perch\u00e9 questa citt\u00e0 offre ai visitatori tutti i tipi di luoghi per godere, vedere, conoscere, viaggiare e condividere con gli amici, la famiglia o come se ti piace divertirti da solo.<\/p>\n\n<p>Barcellona \u00e8 una delle <strong>migliori citt\u00e0 della Spagna<\/strong> e con la pi\u00f9 ampia offerta per il tempo libero. Si pu\u00f2 fare il bagno nelle sue spiagge, ballare fino all&#8217;alba e gustare l&#8217;incredibile gastronomia \u00e8 in questa zona della Spagna. Ci sono anche molti tipi di spettacoli: Cinema, teatro, festival musicali , concerti, musical course Naturalmente non dimenticare le principali attrazioni culturali, sono unici e indimenticabili!<\/p>\n\n<h3 class=\"wp-block-heading\" id=\"h-small-guide-on-barcelona\">Piccola guida su Barcellona<\/h3>\n\n<p>\u00c8 una citt\u00e0 con stile in Catalogna, in Spagna, che \u00e8 sempre stata all&#8217;avanguardia nel design, nella cucina, nella moda e nell&#8217;arte. Barcellona \u00e8 un vivace Mediterraneo cosmopolita, sempre popolare tra i turisti in cerca di una furia energica con una straordinaria cultura, architettura e storia.<\/p>\n\n<h3 class=\"wp-block-heading\" id=\"h-why-do-you-have-to-visit-barcelona\">Perch\u00e9 visitare Barcellona?<\/h3>\n\n<ul class=\"wp-block-list\">\n<li>Il modernismo e l&#8217;architettura gotica divennero famosi per Gaud\u00ed, come La Sagrada Familia.<\/li>\n\n\n\n<li>Incredibile energia e atmosfera cosmopolita tra le vecchie e tortuose strade di La Rambla.<\/li>\n\n\n\n<li>La vita nel Mediterraneo nella vivace spiaggia di La Barceloneta.<\/li>\n<\/ul>\n\n<h3 class=\"wp-block-heading\" id=\"h-when-you-visit-barcelona-you-should-not-miss-to-visit\">Quando si visita Barcellona, non si deve perdere di visitare:<\/h3>\n\n<h4 class=\"wp-block-heading\" id=\"h-la-rambla\">La Rambla.<\/h4>\n\n<p>Il viale pi\u00f9 famoso di Barcellona.<\/p>\n\n<h4 class=\"wp-block-heading\" id=\"h-barrio-gotic\">Barrio Gotic.<\/h4>\n\n<p>Sede della Cattedrale gotica.<\/p>\n\n<h4 class=\"wp-block-heading\" id=\"h-el-raval\">El Raval.<\/h4>\n\n<p>Zona Funky a ovest di La Rambla, che contiene bar e negozi.<\/p>\n\n<h4 class=\"wp-block-heading\" id=\"h-la-ribera\">La Ribera.<\/h4>\n\n<p>Casa tradizionale dei mercanti di Barcellona, ora un quartiere di ristoranti alla moda, boutique e bar.<\/p>\n\n<h4 class=\"wp-block-heading\" id=\"h-in-front-of-the-sea\">Di fronte al mare.<\/h4>\n\n<p>Situato tra Port Vell e il porto Olimpico, i due porti di Barcellona, La Barceloneta ha negozi, ristoranti di pesce e una ricca vita notturna.<\/p>\n\n<h4 class=\"wp-block-heading\" id=\"h-l-eixample\">L\u2019Eixample.<\/h4>\n\n<p>Quartiere storico di Grid plan, il centro del movimento artistico del modernismo che ha trasformato Barcellona all&#8217;inizio del XX secolo.<\/p>\n\n<h4 class=\"wp-block-heading\" id=\"h-montjuic\">Montjuic.<\/h4>\n\n<p>A sud-ovest della citt\u00e0, con una magnifica vista sulla citt\u00e0 e sul mare, Montjuic \u00e8 un&#8217;affascinante oasi verde di parchi e giardini con musei e attrazioni.<\/p>\n\n<p><\/p>\n\n<h3 class=\"wp-block-heading\" id=\"h-would-you-like-to-know-valencia\">Vuoi conoscere Valencia?<\/h3>\n\n<p>Siamo in grado di offrire gli ostelli pi\u00f9 piacevoli e convenienti a Valencia, dove si pu\u00f2 soggiornare in camere confortevoli e pulite. Da non perdere Come Vieni a VALENCIA!<\/p>\n\n<h2 class=\"wp-block-heading\" id=\"h-home-youth-hostel-valencia\"><a href=\"https:\/\/feetuphostels.com\/it\/home-youth-ostello-valencia\/\" target=\"_blank\" rel=\"noreferrer noopener\">H\u00f4me Youth Hostel Valencia<\/a><\/h2>\n\n<p>Situato dietro il famoso mercato della seta di Valencia con camere senza letti a castello e WIFI gratuito.<\/p>\n\n<h2 class=\"wp-block-heading\" id=\"h-purple-nest-hostel-valencia\"><a href=\"https:\/\/feetuphostels.com\/it\/purple-nest-ostello-valencia\/\" target=\"_blank\" rel=\"noreferrer noopener\">Purple Nest Hostel Valencia<\/a><\/h2>\n\n<p>Situato nella Plaza de Tetuan a pochi metri dal famoso giardino del Processo di Valencia.<\/p>\n\n<h2 class=\"wp-block-heading\" id=\"h-red-nest-hostel-in-valencia\"><a href=\"https:\/\/feetuphostels.com\/it\/red-nest-hostel-valencia\/\" target=\"_blank\" rel=\"noreferrer noopener\">Red Nest Hostel in Valencia<\/a><\/h2>\n\n<p>Nel centro di Valencia, nella mitica Calle la Paz con reception 24 ore, per soggiornare a Valencia.<\/p>\n\n<h2 class=\"wp-block-heading\" id=\"h-home-backpackers-hostel-valencia\"><a href=\"https:\/\/feetuphostels.com\/it\/home-backpackers-ostello-valencia\/\" target=\"_blank\" rel=\"noreferrer noopener\">H\u00f4me Backpackers Hostel Valencia<\/a><\/h2>\n\n<p>Si tratta di un edificio di 3 piani situato nel famoso Barrio El Carmen nel centro di Valencia.<\/p>\n","protected":false},"excerpt":{"rendered":"<p>Ostelli della Giovent\u00f9 Barcellona. Ostelli della giovent\u00f9 pi\u00f9 economici e di qualit\u00e0 a Barcellona. Garden House Hostel Barcelona\u00ae Yellow Nest Hostel Barcelona\u00ae. Letti da \u20ac12 per notte. Alloggio sicuro, grande, piacevole, comodo ed economico a Barcellona. Letti forma \u20ac12 per notte. Confronta e Prenota in 2 dei migliori ostelli a Barcellona. Economici camere private e alloggi condivisi a breve distanza dal centro della citt\u00e0 con i mezzi pubblici. Prenotazione vicino al Camp Nou di Barcellona e Valldaura zona di Barcellona<\/p>\n","protected":false},"author":13,"featured_media":202282,"parent":0,"menu_order":0,"comment_status":"closed","ping_status":"open","template":"","meta":{"footnotes":""},"class_list":["post-2111","page","type-page","status-publish","has-post-thumbnail","hentry"],"yoast_head":"<!-- This site is optimized with the Yoast SEO plugin v27.4 - https:\/\/yoast.com\/product\/yoast-seo-wordpress\/ -->\n<title>Ostelli a Barcellona. Pi\u00f9 economico e di qualit\u00e0 ostelli a Barcellona<\/title>\n<meta name=\"description\" content=\"Ostelli della Giovent\u00f9 Barcellona. Ostelli della giovent\u00f9 pi\u00f9 economici e di qualit\u00e0 a Barcellona. Garden House Hostel Barcelona\u00ae Yellow Nest Hostel Barcelona\u00ae. Letti da \u20ac12\/notte\" \/>\n<meta name=\"robots\" content=\"index, follow, max-snippet:-1, max-image-preview:large, max-video-preview:-1\" \/>\n<link rel=\"canonical\" href=\"https:\/\/feetuphostels.com\/it\/ostelli-gioventu-barcelona\/\" \/>\n<meta property=\"og:locale\" content=\"it_IT\" \/>\n<meta property=\"og:type\" content=\"article\" \/>\n<meta property=\"og:title\" content=\"Ostelli a Barcellona. Pi\u00f9 economico e di qualit\u00e0 ostelli a Barcellona\" \/>\n<meta property=\"og:description\" content=\"Ostelli della Giovent\u00f9 Barcellona. Ostelli della giovent\u00f9 pi\u00f9 economici e di qualit\u00e0 a Barcellona. Garden House Hostel Barcelona\u00ae Yellow Nest Hostel Barcelona\u00ae. Letti da \u20ac12\/notte\" \/>\n<meta property=\"og:url\" content=\"https:\/\/feetuphostels.com\/it\/ostelli-gioventu-barcelona\/\" \/>\n<meta property=\"og:site_name\" content=\"Feet Up Hostels\" \/>\n<meta property=\"article:publisher\" content=\"https:\/\/facebook.com\/feetuphostelsgroup\" \/>\n<meta property=\"article:modified_time\" content=\"2024-10-17T09:32:28+00:00\" \/>\n<meta property=\"og:image\" content=\"https:\/\/feetuphostels.com\/wp-content\/uploads\/2022\/10\/slide-feetuphostels-yellownest2022.jpg\" \/>\n\t<meta property=\"og:image:width\" content=\"1920\" \/>\n\t<meta property=\"og:image:height\" content=\"1080\" \/>\n\t<meta property=\"og:image:type\" content=\"image\/jpeg\" \/>\n<meta name=\"twitter:card\" content=\"summary_large_image\" \/>\n<meta name=\"twitter:site\" content=\"@feetuphostels\" \/>\n<meta name=\"twitter:label1\" content=\"Tempo di lettura stimato\" \/>\n\t<meta name=\"twitter:data1\" content=\"4 minuti\" \/>\n<script type=\"application\/ld+json\" class=\"yoast-schema-graph\">{\"@context\":\"https:\\\/\\\/schema.org\",\"@graph\":[{\"@type\":\"WebPage\",\"@id\":\"https:\\\/\\\/feetuphostels.com\\\/it\\\/ostelli-gioventu-barcelona\\\/\",\"url\":\"https:\\\/\\\/feetuphostels.com\\\/it\\\/ostelli-gioventu-barcelona\\\/\",\"name\":\"Ostelli a Barcellona. Pi\u00f9 economico e di qualit\u00e0 ostelli a Barcellona\",\"isPartOf\":{\"@id\":\"https:\\\/\\\/feetuphostels.com\\\/it\\\/#website\"},\"primaryImageOfPage\":{\"@id\":\"https:\\\/\\\/feetuphostels.com\\\/it\\\/ostelli-gioventu-barcelona\\\/#primaryimage\"},\"image\":{\"@id\":\"https:\\\/\\\/feetuphostels.com\\\/it\\\/ostelli-gioventu-barcelona\\\/#primaryimage\"},\"thumbnailUrl\":\"https:\\\/\\\/feetuphostels.com\\\/wp-content\\\/uploads\\\/2022\\\/10\\\/slide-feetuphostels-yellownest2022.jpg\",\"datePublished\":\"2017-01-16T11:35:27+00:00\",\"dateModified\":\"2024-10-17T09:32:28+00:00\",\"description\":\"Ostelli della Giovent\u00f9 Barcellona. Ostelli della giovent\u00f9 pi\u00f9 economici e di qualit\u00e0 a Barcellona. Garden House Hostel Barcelona\u00ae Yellow Nest Hostel Barcelona\u00ae. Letti da \u20ac12\\\/notte\",\"breadcrumb\":{\"@id\":\"https:\\\/\\\/feetuphostels.com\\\/it\\\/ostelli-gioventu-barcelona\\\/#breadcrumb\"},\"inLanguage\":\"it-IT\",\"potentialAction\":[{\"@type\":\"ReadAction\",\"target\":[\"https:\\\/\\\/feetuphostels.com\\\/it\\\/ostelli-gioventu-barcelona\\\/\"]}]},{\"@type\":\"ImageObject\",\"inLanguage\":\"it-IT\",\"@id\":\"https:\\\/\\\/feetuphostels.com\\\/it\\\/ostelli-gioventu-barcelona\\\/#primaryimage\",\"url\":\"https:\\\/\\\/feetuphostels.com\\\/wp-content\\\/uploads\\\/2022\\\/10\\\/slide-feetuphostels-yellownest2022.jpg\",\"contentUrl\":\"https:\\\/\\\/feetuphostels.com\\\/wp-content\\\/uploads\\\/2022\\\/10\\\/slide-feetuphostels-yellownest2022.jpg\",\"width\":1920,\"height\":1080,\"caption\":\"Gli ospiti di Yellow Nest Hostel Barcelona\"},{\"@type\":\"BreadcrumbList\",\"@id\":\"https:\\\/\\\/feetuphostels.com\\\/it\\\/ostelli-gioventu-barcelona\\\/#breadcrumb\",\"itemListElement\":[{\"@type\":\"ListItem\",\"position\":1,\"name\":\"Home\",\"item\":\"https:\\\/\\\/feetuphostels.com\\\/it\\\/\"},{\"@type\":\"ListItem\",\"position\":2,\"name\":\"Ostelli della Giovent\u00f9 Barcellona\"}]},{\"@type\":\"WebSite\",\"@id\":\"https:\\\/\\\/feetuphostels.com\\\/it\\\/#website\",\"url\":\"https:\\\/\\\/feetuphostels.com\\\/it\\\/\",\"name\":\"Feet Up Hostels\",\"description\":\"Ostelli della giovent\u00f9 e alloggi a Valencia, Spagna. Siamo specialisti della cordialit\u00e0\",\"publisher\":{\"@id\":\"https:\\\/\\\/feetuphostels.com\\\/it\\\/#organization\"},\"alternateName\":\"Feet Up Hostels\",\"potentialAction\":[{\"@type\":\"SearchAction\",\"target\":{\"@type\":\"EntryPoint\",\"urlTemplate\":\"https:\\\/\\\/feetuphostels.com\\\/it\\\/?s={search_term_string}\"},\"query-input\":{\"@type\":\"PropertyValueSpecification\",\"valueRequired\":true,\"valueName\":\"search_term_string\"}}],\"inLanguage\":\"it-IT\"},{\"@type\":\"Organization\",\"@id\":\"https:\\\/\\\/feetuphostels.com\\\/it\\\/#organization\",\"name\":\"Feet Up Hostels\",\"alternateName\":\"Feet Up Hostels\",\"url\":\"https:\\\/\\\/feetuphostels.com\\\/it\\\/\",\"logo\":{\"@type\":\"ImageObject\",\"inLanguage\":\"it-IT\",\"@id\":\"https:\\\/\\\/feetuphostels.com\\\/it\\\/#\\\/schema\\\/logo\\\/image\\\/\",\"url\":\"https:\\\/\\\/feetuphostels.com\\\/wp-content\\\/uploads\\\/2019\\\/01\\\/logo-web-amp-feetuphostels.svg\",\"contentUrl\":\"https:\\\/\\\/feetuphostels.com\\\/wp-content\\\/uploads\\\/2019\\\/01\\\/logo-web-amp-feetuphostels.svg\",\"width\":1,\"height\":1,\"caption\":\"Feet Up Hostels\"},\"image\":{\"@id\":\"https:\\\/\\\/feetuphostels.com\\\/it\\\/#\\\/schema\\\/logo\\\/image\\\/\"},\"sameAs\":[\"https:\\\/\\\/facebook.com\\\/feetuphostelsgroup\",\"https:\\\/\\\/x.com\\\/feetuphostels\",\"https:\\\/\\\/www.instagram.com\\\/feetuphostels\\\/\",\"https:\\\/\\\/www.tiktok.com\\\/@feetuphostels\",\"https:\\\/\\\/www.linkedin.com\\\/company\\\/feetuphostelsgroup\\\/\",\"https:\\\/\\\/www.pinterest.es\\\/FeetupHostels\\\/\",\"https:\\\/\\\/www.youtube.com\\\/feetuphostels\"]}]}<\/script>\n<!-- \/ Yoast SEO plugin. -->","yoast_head_json":{"title":"Ostelli a Barcellona. Pi\u00f9 economico e di qualit\u00e0 ostelli a Barcellona","description":"Ostelli della Giovent\u00f9 Barcellona. Ostelli della giovent\u00f9 pi\u00f9 economici e di qualit\u00e0 a Barcellona. Garden House Hostel Barcelona\u00ae Yellow Nest Hostel Barcelona\u00ae. Letti da \u20ac12\/notte","robots":{"index":"index","follow":"follow","max-snippet":"max-snippet:-1","max-image-preview":"max-image-preview:large","max-video-preview":"max-video-preview:-1"},"canonical":"https:\/\/feetuphostels.com\/it\/ostelli-gioventu-barcelona\/","og_locale":"it_IT","og_type":"article","og_title":"Ostelli a Barcellona. Pi\u00f9 economico e di qualit\u00e0 ostelli a Barcellona","og_description":"Ostelli della Giovent\u00f9 Barcellona. Ostelli della giovent\u00f9 pi\u00f9 economici e di qualit\u00e0 a Barcellona. Garden House Hostel Barcelona\u00ae Yellow Nest Hostel Barcelona\u00ae. Letti da \u20ac12\/notte","og_url":"https:\/\/feetuphostels.com\/it\/ostelli-gioventu-barcelona\/","og_site_name":"Feet Up Hostels","article_publisher":"https:\/\/facebook.com\/feetuphostelsgroup","article_modified_time":"2024-10-17T09:32:28+00:00","og_image":[{"width":1920,"height":1080,"url":"https:\/\/feetuphostels.com\/wp-content\/uploads\/2022\/10\/slide-feetuphostels-yellownest2022.jpg","type":"image\/jpeg"}],"twitter_card":"summary_large_image","twitter_site":"@feetuphostels","twitter_misc":{"Tempo di lettura stimato":"4 minuti"},"schema":{"@context":"https:\/\/schema.org","@graph":[{"@type":"WebPage","@id":"https:\/\/feetuphostels.com\/it\/ostelli-gioventu-barcelona\/","url":"https:\/\/feetuphostels.com\/it\/ostelli-gioventu-barcelona\/","name":"Ostelli a Barcellona. Pi\u00f9 economico e di qualit\u00e0 ostelli a Barcellona","isPartOf":{"@id":"https:\/\/feetuphostels.com\/it\/#website"},"primaryImageOfPage":{"@id":"https:\/\/feetuphostels.com\/it\/ostelli-gioventu-barcelona\/#primaryimage"},"image":{"@id":"https:\/\/feetuphostels.com\/it\/ostelli-gioventu-barcelona\/#primaryimage"},"thumbnailUrl":"https:\/\/feetuphostels.com\/wp-content\/uploads\/2022\/10\/slide-feetuphostels-yellownest2022.jpg","datePublished":"2017-01-16T11:35:27+00:00","dateModified":"2024-10-17T09:32:28+00:00","description":"Ostelli della Giovent\u00f9 Barcellona. Ostelli della giovent\u00f9 pi\u00f9 economici e di qualit\u00e0 a Barcellona. Garden House Hostel Barcelona\u00ae Yellow Nest Hostel Barcelona\u00ae. Letti da \u20ac12\/notte","breadcrumb":{"@id":"https:\/\/feetuphostels.com\/it\/ostelli-gioventu-barcelona\/#breadcrumb"},"inLanguage":"it-IT","potentialAction":[{"@type":"ReadAction","target":["https:\/\/feetuphostels.com\/it\/ostelli-gioventu-barcelona\/"]}]},{"@type":"ImageObject","inLanguage":"it-IT","@id":"https:\/\/feetuphostels.com\/it\/ostelli-gioventu-barcelona\/#primaryimage","url":"https:\/\/feetuphostels.com\/wp-content\/uploads\/2022\/10\/slide-feetuphostels-yellownest2022.jpg","contentUrl":"https:\/\/feetuphostels.com\/wp-content\/uploads\/2022\/10\/slide-feetuphostels-yellownest2022.jpg","width":1920,"height":1080,"caption":"Gli ospiti di Yellow Nest Hostel Barcelona"},{"@type":"BreadcrumbList","@id":"https:\/\/feetuphostels.com\/it\/ostelli-gioventu-barcelona\/#breadcrumb","itemListElement":[{"@type":"ListItem","position":1,"name":"Home","item":"https:\/\/feetuphostels.com\/it\/"},{"@type":"ListItem","position":2,"name":"Ostelli della Giovent\u00f9 Barcellona"}]},{"@type":"WebSite","@id":"https:\/\/feetuphostels.com\/it\/#website","url":"https:\/\/feetuphostels.com\/it\/","name":"Feet Up Hostels","description":"Ostelli della giovent\u00f9 e alloggi a Valencia, Spagna. Siamo specialisti della cordialit\u00e0","publisher":{"@id":"https:\/\/feetuphostels.com\/it\/#organization"},"alternateName":"Feet Up Hostels","potentialAction":[{"@type":"SearchAction","target":{"@type":"EntryPoint","urlTemplate":"https:\/\/feetuphostels.com\/it\/?s={search_term_string}"},"query-input":{"@type":"PropertyValueSpecification","valueRequired":true,"valueName":"search_term_string"}}],"inLanguage":"it-IT"},{"@type":"Organization","@id":"https:\/\/feetuphostels.com\/it\/#organization","name":"Feet Up Hostels","alternateName":"Feet Up Hostels","url":"https:\/\/feetuphostels.com\/it\/","logo":{"@type":"ImageObject","inLanguage":"it-IT","@id":"https:\/\/feetuphostels.com\/it\/#\/schema\/logo\/image\/","url":"https:\/\/feetuphostels.com\/wp-content\/uploads\/2019\/01\/logo-web-amp-feetuphostels.svg","contentUrl":"https:\/\/feetuphostels.com\/wp-content\/uploads\/2019\/01\/logo-web-amp-feetuphostels.svg","width":1,"height":1,"caption":"Feet Up Hostels"},"image":{"@id":"https:\/\/feetuphostels.com\/it\/#\/schema\/logo\/image\/"},"sameAs":["https:\/\/facebook.com\/feetuphostelsgroup","https:\/\/x.com\/feetuphostels","https:\/\/www.instagram.com\/feetuphostels\/","https:\/\/www.tiktok.com\/@feetuphostels","https:\/\/www.linkedin.com\/company\/feetuphostelsgroup\/","https:\/\/www.pinterest.es\/FeetupHostels\/","https:\/\/www.youtube.com\/feetuphostels"]}]}},"_links":{"self":[{"href":"https:\/\/feetuphostels.com\/it\/wp-json\/wp\/v2\/pages\/2111","targetHints":{"allow":["GET"]}}],"collection":[{"href":"https:\/\/feetuphostels.com\/it\/wp-json\/wp\/v2\/pages"}],"about":[{"href":"https:\/\/feetuphostels.com\/it\/wp-json\/wp\/v2\/types\/page"}],"author":[{"embeddable":true,"href":"https:\/\/feetuphostels.com\/it\/wp-json\/wp\/v2\/users\/13"}],"replies":[{"embeddable":true,"href":"https:\/\/feetuphostels.com\/it\/wp-json\/wp\/v2\/comments?post=2111"}],"version-history":[{"count":0,"href":"https:\/\/feetuphostels.com\/it\/wp-json\/wp\/v2\/pages\/2111\/revisions"}],"wp:featuredmedia":[{"embeddable":true,"href":"https:\/\/feetuphostels.com\/it\/wp-json\/wp\/v2\/media\/202282"}],"wp:attachment":[{"href":"https:\/\/feetuphostels.com\/it\/wp-json\/wp\/v2\/media?parent=2111"}],"curies":[{"name":"wp","href":"https:\/\/api.w.org\/{rel}","templated":true}]}}