{"id":2106,"date":"2017-01-16T14:16:25","date_gmt":"2017-01-16T13:16:25","guid":{"rendered":"https:\/\/feetuphostels.com\/groups-booking\/"},"modified":"2024-11-05T13:30:42","modified_gmt":"2024-11-05T12:30:42","slug":"prenotazione-gruppi","status":"publish","type":"page","link":"https:\/\/feetuphostels.com\/it\/prenotazione-gruppi\/","title":{"rendered":"Prenotazione Gruppi"},"content":{"rendered":"\n<h3 class=\"has-text-align-center wp-block-heading\">Richiedi un preventivo per <a href=\"https:\/\/feetuphostels.com\/it\/ostelli-gioventu-barcelona\/\">Barcelona<\/a> o\u00a0<a href=\"https:\/\/feetuphostels.com\/it\/ostelli-gioventu-valencia\/\">Valencia<\/a>&#13;\n(Solo per 10 o pi\u00f9 persone)&#13;\n<div id=\"gtx-trans\" style=\"position: absolute; left: 5px; top: 14px;\">&#13;\n<div class=\"gtx-trans-icon\"><\/div>&#13;\n<\/div><\/h3>\n\n<p>Una volta ricevuta la tua richiesta, il nostro reparto gruppi valuter\u00e0 la tua richiesta e ti invier\u00e0 l&#8217;opzione migliore per te. Chiedici il tuo budget per la prenotazione di gruppi.<\/p>\n\n<p>Amiamo il nostro lavoro e cercheremo di offrirti la soluzione migliore in modo che tu possa stare con noi durante la tua visita alla citt\u00e0 da cui vieni. Siamo situati nelle migliori citt\u00e0 della Spagna e il nostro team ti aiuter\u00e0 a coordinare l&#8217;alloggio e gli eventuali extra di cui hai bisogno<\/p>\n\n<p>Se stai cercando un ostello, un alloggio o un ostello della giovent\u00f9 per ospitare il tuo <a href=\"https:\/\/travelingroup.com\/it\/\" target=\"_blank\" rel=\"noopener\">gruppo<\/a> di pi\u00f9 di 10 persone, sei nel posto giusto per prenotare!\u00a0Il nostro team di prenotazione di gruppo lo far\u00e0 per te.<\/p>\n\n<figure class=\"wp-block-image size-full\"><img fetchpriority=\"high\" decoding=\"async\" width=\"960\" height=\"517\" src=\"https:\/\/feetuphostels.com\/wp-content\/uploads\/2018\/07\/booking-groups-feetup-hostels-2018.jpg\" alt=\"Godetevi il vostro tempo con gli amici. Prenotazione gruppi\" class=\"wp-image-15706\" srcset=\"https:\/\/feetuphostels.com\/wp-content\/uploads\/2018\/07\/booking-groups-feetup-hostels-2018.jpg 960w, https:\/\/feetuphostels.com\/wp-content\/uploads\/2018\/07\/booking-groups-feetup-hostels-2018-300x162.jpg 300w, https:\/\/feetuphostels.com\/wp-content\/uploads\/2018\/07\/booking-groups-feetup-hostels-2018-768x414.jpg 768w, https:\/\/feetuphostels.com\/wp-content\/uploads\/2018\/07\/booking-groups-feetup-hostels-2018-260x140.jpg 260w, https:\/\/feetuphostels.com\/wp-content\/uploads\/2018\/07\/booking-groups-feetup-hostels-2018-50x27.jpg 50w, https:\/\/feetuphostels.com\/wp-content\/uploads\/2018\/07\/booking-groups-feetup-hostels-2018-139x75.jpg 139w\" sizes=\"(max-width: 960px) 100vw, 960px\" \/><figcaption class=\"wp-element-caption\">Godetevi il vostro tempo con gli amici. Prenotazione gruppi<\/figcaption><\/figure>\n\n<h3 class=\"wp-block-heading\">Perch\u00e9 noi?<\/h3>\n\n<ul class=\"wp-block-list\">\n<li>Abbiamo sempre il miglior prezzo.<\/li>\n\n\n\n<li>Sconti speciali per il tuo gruppo<\/li>\n\n\n\n<li>Prezzi senza intermediari.<\/li>\n\n\n\n<li>Risposta rapida.<\/li>\n\n\n\n<li>Nessuna commissione, nessuna spesa nascosta.<\/li>\n\n\n\n<li>Colazione e pasti inclusi*<\/li>\n\n\n\n<li>\u00c1reas e campi da gioco.<\/li>\n\n\n\n<li>Camere personalizzate.<\/li>\n\n\n\n<li>Catering.<\/li>\n\n\n\n<li>Escursione.<\/li>\n\n\n\n<li>Noleggio biciclette.<\/li>\n\n\n\n<li>Vendita di biglietti per feste ed Eventi.<\/li>\n\n\n\n<li>Visite guidate.<\/li>\n<\/ul>\n\n<h3 class=\"has-text-align-center wp-block-heading\">Il nostro reparto gruppo vi aiuter\u00e0 a progettare, organizzare, gestire e godere la perfetta avventura iberica<\/h3>\n\n<h4 class=\"has-text-align-center wp-block-heading\">Tutti i gruppi che hanno soggiornato con noi hanno avuto un&#8217;esperienza eccellente visitando Barcellona, Valencia.<\/h4>\n","protected":false},"excerpt":{"rendered":"<p>Prenotazione gruppi. Prenotate un ostello per il vostro gruppo a Barcellona, Valencia o Siviglia. Richiedi budget per un ostello a Barcellona, Valencia o Siviglia. Prenotazione di alloggi per gruppi a Barcellona, Valencia, Siviglia, Bilbao, Madrid e Granada. Prenota un alloggio economico per gruppi a Barcellona e Valencia<\/p>\n","protected":false},"author":13,"featured_media":204554,"parent":0,"menu_order":0,"comment_status":"closed","ping_status":"open","template":"","meta":{"footnotes":""},"class_list":["post-2106","page","type-page","status-publish","has-post-thumbnail","hentry"],"yoast_head":"<!-- This site is optimized with the Yoast SEO plugin v27.3 - https:\/\/yoast.com\/product\/yoast-seo-wordpress\/ -->\n<title>Prenotazione gruppi. Prenota un ostello per il tuo gruppo a Barcelona<\/title>\n<meta name=\"description\" content=\"Prenotazione gruppi. Prenotate un ostello per il vostro gruppo a Barcellona, Valencia, Siviglia, Bilbao o Madrid. Richiedi un preventivo per il tuo gruppo presso gli ostelli pi\u00f9 economici\" \/>\n<meta name=\"robots\" content=\"index, follow, max-snippet:-1, max-image-preview:large, max-video-preview:-1\" \/>\n<link rel=\"canonical\" href=\"https:\/\/feetuphostels.com\/it\/prenotazione-gruppi\/\" \/>\n<meta property=\"og:locale\" content=\"it_IT\" \/>\n<meta property=\"og:type\" content=\"article\" \/>\n<meta property=\"og:title\" content=\"Prenotazione gruppi. Prenota un ostello per il tuo gruppo a Barcelona\" \/>\n<meta property=\"og:description\" content=\"Prenotazione gruppi. Prenotate un ostello per il vostro gruppo a Barcellona, Valencia, Siviglia, Bilbao o Madrid. Richiedi un preventivo per il tuo gruppo presso gli ostelli pi\u00f9 economici\" \/>\n<meta property=\"og:url\" content=\"https:\/\/feetuphostels.com\/it\/prenotazione-gruppi\/\" \/>\n<meta property=\"og:site_name\" content=\"Feet Up Hostels\" \/>\n<meta property=\"article:publisher\" content=\"https:\/\/facebook.com\/feetuphostelsgroup\" \/>\n<meta property=\"article:modified_time\" content=\"2024-11-05T12:30:42+00:00\" \/>\n<meta property=\"og:image\" content=\"https:\/\/feetuphostels.com\/wp-content\/uploads\/2022\/12\/groups-booking-people-feetuphostels.jpg\" \/>\n\t<meta property=\"og:image:width\" content=\"697\" \/>\n\t<meta property=\"og:image:height\" content=\"929\" \/>\n\t<meta property=\"og:image:type\" content=\"image\/jpeg\" \/>\n<meta name=\"twitter:card\" content=\"summary_large_image\" \/>\n<meta name=\"twitter:site\" content=\"@feetuphostels\" \/>\n<meta name=\"twitter:label1\" content=\"Tempo di lettura stimato\" \/>\n\t<meta name=\"twitter:data1\" content=\"1 minuto\" \/>\n<script type=\"application\/ld+json\" class=\"yoast-schema-graph\">{\"@context\":\"https:\\\/\\\/schema.org\",\"@graph\":[{\"@type\":\"WebPage\",\"@id\":\"https:\\\/\\\/feetuphostels.com\\\/it\\\/prenotazione-gruppi\\\/\",\"url\":\"https:\\\/\\\/feetuphostels.com\\\/it\\\/prenotazione-gruppi\\\/\",\"name\":\"Prenotazione gruppi. Prenota un ostello per il tuo gruppo a Barcelona\",\"isPartOf\":{\"@id\":\"https:\\\/\\\/feetuphostels.com\\\/it\\\/#website\"},\"primaryImageOfPage\":{\"@id\":\"https:\\\/\\\/feetuphostels.com\\\/it\\\/prenotazione-gruppi\\\/#primaryimage\"},\"image\":{\"@id\":\"https:\\\/\\\/feetuphostels.com\\\/it\\\/prenotazione-gruppi\\\/#primaryimage\"},\"thumbnailUrl\":\"https:\\\/\\\/feetuphostels.com\\\/wp-content\\\/uploads\\\/2022\\\/12\\\/groups-booking-people-feetuphostels.jpg\",\"datePublished\":\"2017-01-16T13:16:25+00:00\",\"dateModified\":\"2024-11-05T12:30:42+00:00\",\"description\":\"Prenotazione gruppi. Prenotate un ostello per il vostro gruppo a Barcellona, Valencia, Siviglia, Bilbao o Madrid. Richiedi un preventivo per il tuo gruppo presso gli ostelli pi\u00f9 economici\",\"breadcrumb\":{\"@id\":\"https:\\\/\\\/feetuphostels.com\\\/it\\\/prenotazione-gruppi\\\/#breadcrumb\"},\"inLanguage\":\"it-IT\",\"potentialAction\":[{\"@type\":\"ReadAction\",\"target\":[\"https:\\\/\\\/feetuphostels.com\\\/it\\\/prenotazione-gruppi\\\/\"]}]},{\"@type\":\"ImageObject\",\"inLanguage\":\"it-IT\",\"@id\":\"https:\\\/\\\/feetuphostels.com\\\/it\\\/prenotazione-gruppi\\\/#primaryimage\",\"url\":\"https:\\\/\\\/feetuphostels.com\\\/wp-content\\\/uploads\\\/2022\\\/12\\\/groups-booking-people-feetuphostels.jpg\",\"contentUrl\":\"https:\\\/\\\/feetuphostels.com\\\/wp-content\\\/uploads\\\/2022\\\/12\\\/groups-booking-people-feetuphostels.jpg\",\"width\":697,\"height\":929,\"caption\":\"Prenotazione di gruppo da parte di Feet Up Hostels\"},{\"@type\":\"BreadcrumbList\",\"@id\":\"https:\\\/\\\/feetuphostels.com\\\/it\\\/prenotazione-gruppi\\\/#breadcrumb\",\"itemListElement\":[{\"@type\":\"ListItem\",\"position\":1,\"name\":\"Home\",\"item\":\"https:\\\/\\\/feetuphostels.com\\\/it\\\/\"},{\"@type\":\"ListItem\",\"position\":2,\"name\":\"Prenotazione Gruppi\"}]},{\"@type\":\"WebSite\",\"@id\":\"https:\\\/\\\/feetuphostels.com\\\/it\\\/#website\",\"url\":\"https:\\\/\\\/feetuphostels.com\\\/it\\\/\",\"name\":\"Feet Up Hostels\",\"description\":\"Ostelli della giovent\u00f9 e alloggi a Valencia, Spagna. Siamo specialisti della cordialit\u00e0\",\"publisher\":{\"@id\":\"https:\\\/\\\/feetuphostels.com\\\/it\\\/#organization\"},\"alternateName\":\"Feet Up Hostels\",\"potentialAction\":[{\"@type\":\"SearchAction\",\"target\":{\"@type\":\"EntryPoint\",\"urlTemplate\":\"https:\\\/\\\/feetuphostels.com\\\/it\\\/?s={search_term_string}\"},\"query-input\":{\"@type\":\"PropertyValueSpecification\",\"valueRequired\":true,\"valueName\":\"search_term_string\"}}],\"inLanguage\":\"it-IT\"},{\"@type\":\"Organization\",\"@id\":\"https:\\\/\\\/feetuphostels.com\\\/it\\\/#organization\",\"name\":\"Feet Up Hostels\",\"alternateName\":\"Feet Up Hostels\",\"url\":\"https:\\\/\\\/feetuphostels.com\\\/it\\\/\",\"logo\":{\"@type\":\"ImageObject\",\"inLanguage\":\"it-IT\",\"@id\":\"https:\\\/\\\/feetuphostels.com\\\/it\\\/#\\\/schema\\\/logo\\\/image\\\/\",\"url\":\"https:\\\/\\\/feetuphostels.com\\\/wp-content\\\/uploads\\\/2019\\\/01\\\/logo-web-amp-feetuphostels.svg\",\"contentUrl\":\"https:\\\/\\\/feetuphostels.com\\\/wp-content\\\/uploads\\\/2019\\\/01\\\/logo-web-amp-feetuphostels.svg\",\"width\":1,\"height\":1,\"caption\":\"Feet Up Hostels\"},\"image\":{\"@id\":\"https:\\\/\\\/feetuphostels.com\\\/it\\\/#\\\/schema\\\/logo\\\/image\\\/\"},\"sameAs\":[\"https:\\\/\\\/facebook.com\\\/feetuphostelsgroup\",\"https:\\\/\\\/x.com\\\/feetuphostels\",\"https:\\\/\\\/www.instagram.com\\\/feetuphostels\\\/\",\"https:\\\/\\\/www.tiktok.com\\\/@feetuphostels\",\"https:\\\/\\\/www.linkedin.com\\\/company\\\/feetuphostelsgroup\\\/\",\"https:\\\/\\\/www.pinterest.es\\\/FeetupHostels\\\/\",\"https:\\\/\\\/www.youtube.com\\\/feetuphostels\"]}]}<\/script>\n<!-- \/ Yoast SEO plugin. -->","yoast_head_json":{"title":"Prenotazione gruppi. Prenota un ostello per il tuo gruppo a Barcelona","description":"Prenotazione gruppi. Prenotate un ostello per il vostro gruppo a Barcellona, Valencia, Siviglia, Bilbao o Madrid. Richiedi un preventivo per il tuo gruppo presso gli ostelli pi\u00f9 economici","robots":{"index":"index","follow":"follow","max-snippet":"max-snippet:-1","max-image-preview":"max-image-preview:large","max-video-preview":"max-video-preview:-1"},"canonical":"https:\/\/feetuphostels.com\/it\/prenotazione-gruppi\/","og_locale":"it_IT","og_type":"article","og_title":"Prenotazione gruppi. Prenota un ostello per il tuo gruppo a Barcelona","og_description":"Prenotazione gruppi. Prenotate un ostello per il vostro gruppo a Barcellona, Valencia, Siviglia, Bilbao o Madrid. Richiedi un preventivo per il tuo gruppo presso gli ostelli pi\u00f9 economici","og_url":"https:\/\/feetuphostels.com\/it\/prenotazione-gruppi\/","og_site_name":"Feet Up Hostels","article_publisher":"https:\/\/facebook.com\/feetuphostelsgroup","article_modified_time":"2024-11-05T12:30:42+00:00","og_image":[{"width":697,"height":929,"url":"https:\/\/feetuphostels.com\/wp-content\/uploads\/2022\/12\/groups-booking-people-feetuphostels.jpg","type":"image\/jpeg"}],"twitter_card":"summary_large_image","twitter_site":"@feetuphostels","twitter_misc":{"Tempo di lettura stimato":"1 minuto"},"schema":{"@context":"https:\/\/schema.org","@graph":[{"@type":"WebPage","@id":"https:\/\/feetuphostels.com\/it\/prenotazione-gruppi\/","url":"https:\/\/feetuphostels.com\/it\/prenotazione-gruppi\/","name":"Prenotazione gruppi. Prenota un ostello per il tuo gruppo a Barcelona","isPartOf":{"@id":"https:\/\/feetuphostels.com\/it\/#website"},"primaryImageOfPage":{"@id":"https:\/\/feetuphostels.com\/it\/prenotazione-gruppi\/#primaryimage"},"image":{"@id":"https:\/\/feetuphostels.com\/it\/prenotazione-gruppi\/#primaryimage"},"thumbnailUrl":"https:\/\/feetuphostels.com\/wp-content\/uploads\/2022\/12\/groups-booking-people-feetuphostels.jpg","datePublished":"2017-01-16T13:16:25+00:00","dateModified":"2024-11-05T12:30:42+00:00","description":"Prenotazione gruppi. Prenotate un ostello per il vostro gruppo a Barcellona, Valencia, Siviglia, Bilbao o Madrid. Richiedi un preventivo per il tuo gruppo presso gli ostelli pi\u00f9 economici","breadcrumb":{"@id":"https:\/\/feetuphostels.com\/it\/prenotazione-gruppi\/#breadcrumb"},"inLanguage":"it-IT","potentialAction":[{"@type":"ReadAction","target":["https:\/\/feetuphostels.com\/it\/prenotazione-gruppi\/"]}]},{"@type":"ImageObject","inLanguage":"it-IT","@id":"https:\/\/feetuphostels.com\/it\/prenotazione-gruppi\/#primaryimage","url":"https:\/\/feetuphostels.com\/wp-content\/uploads\/2022\/12\/groups-booking-people-feetuphostels.jpg","contentUrl":"https:\/\/feetuphostels.com\/wp-content\/uploads\/2022\/12\/groups-booking-people-feetuphostels.jpg","width":697,"height":929,"caption":"Prenotazione di gruppo da parte di Feet Up Hostels"},{"@type":"BreadcrumbList","@id":"https:\/\/feetuphostels.com\/it\/prenotazione-gruppi\/#breadcrumb","itemListElement":[{"@type":"ListItem","position":1,"name":"Home","item":"https:\/\/feetuphostels.com\/it\/"},{"@type":"ListItem","position":2,"name":"Prenotazione Gruppi"}]},{"@type":"WebSite","@id":"https:\/\/feetuphostels.com\/it\/#website","url":"https:\/\/feetuphostels.com\/it\/","name":"Feet Up Hostels","description":"Ostelli della giovent\u00f9 e alloggi a Valencia, Spagna. Siamo specialisti della cordialit\u00e0","publisher":{"@id":"https:\/\/feetuphostels.com\/it\/#organization"},"alternateName":"Feet Up Hostels","potentialAction":[{"@type":"SearchAction","target":{"@type":"EntryPoint","urlTemplate":"https:\/\/feetuphostels.com\/it\/?s={search_term_string}"},"query-input":{"@type":"PropertyValueSpecification","valueRequired":true,"valueName":"search_term_string"}}],"inLanguage":"it-IT"},{"@type":"Organization","@id":"https:\/\/feetuphostels.com\/it\/#organization","name":"Feet Up Hostels","alternateName":"Feet Up Hostels","url":"https:\/\/feetuphostels.com\/it\/","logo":{"@type":"ImageObject","inLanguage":"it-IT","@id":"https:\/\/feetuphostels.com\/it\/#\/schema\/logo\/image\/","url":"https:\/\/feetuphostels.com\/wp-content\/uploads\/2019\/01\/logo-web-amp-feetuphostels.svg","contentUrl":"https:\/\/feetuphostels.com\/wp-content\/uploads\/2019\/01\/logo-web-amp-feetuphostels.svg","width":1,"height":1,"caption":"Feet Up Hostels"},"image":{"@id":"https:\/\/feetuphostels.com\/it\/#\/schema\/logo\/image\/"},"sameAs":["https:\/\/facebook.com\/feetuphostelsgroup","https:\/\/x.com\/feetuphostels","https:\/\/www.instagram.com\/feetuphostels\/","https:\/\/www.tiktok.com\/@feetuphostels","https:\/\/www.linkedin.com\/company\/feetuphostelsgroup\/","https:\/\/www.pinterest.es\/FeetupHostels\/","https:\/\/www.youtube.com\/feetuphostels"]}]}},"_links":{"self":[{"href":"https:\/\/feetuphostels.com\/it\/wp-json\/wp\/v2\/pages\/2106","targetHints":{"allow":["GET"]}}],"collection":[{"href":"https:\/\/feetuphostels.com\/it\/wp-json\/wp\/v2\/pages"}],"about":[{"href":"https:\/\/feetuphostels.com\/it\/wp-json\/wp\/v2\/types\/page"}],"author":[{"embeddable":true,"href":"https:\/\/feetuphostels.com\/it\/wp-json\/wp\/v2\/users\/13"}],"replies":[{"embeddable":true,"href":"https:\/\/feetuphostels.com\/it\/wp-json\/wp\/v2\/comments?post=2106"}],"version-history":[{"count":0,"href":"https:\/\/feetuphostels.com\/it\/wp-json\/wp\/v2\/pages\/2106\/revisions"}],"wp:featuredmedia":[{"embeddable":true,"href":"https:\/\/feetuphostels.com\/it\/wp-json\/wp\/v2\/media\/204554"}],"wp:attachment":[{"href":"https:\/\/feetuphostels.com\/it\/wp-json\/wp\/v2\/media?parent=2106"}],"curies":[{"name":"wp","href":"https:\/\/api.w.org\/{rel}","templated":true}]}}