{"id":2096,"date":"2017-01-20T09:48:34","date_gmt":"2017-01-20T08:48:34","guid":{"rendered":"https:\/\/feetuphostels.com\/customer\/"},"modified":"2024-11-04T11:49:53","modified_gmt":"2024-11-04T10:49:53","slug":"servizio-clienti","status":"publish","type":"page","link":"https:\/\/feetuphostels.com\/it\/servizio-clienti\/","title":{"rendered":"Servizio clienti"},"content":{"rendered":"\n<h1 class=\"wp-block-heading has-text-align-center\">Servizio clienti<\/h1>\n\n<p>Il nostro <a href=\"https:\/\/feetuphostels.com\/it\/ostelli-gioventu-spagna\/\">gruppo Feet Up Hostels<\/a> rappresenta una vivace e autentica rete di ostelli della giovent\u00f9, nata da una genuina passione per lo spirito del backpacking. Creati da e per viaggiatori instancabili, i nostri ostelli sono il luogo d&#8217;incontro perfetto per gli esploratori moderni, i visitatori di tutte le latitudini e coloro che sono alla ricerca di nuove esperienze e avventure.<\/p>\n\n<h2 class=\"wp-block-heading\">Sei in viaggio?<\/h2>\n\n<p>Se stai pianificando la tua prossima grande avventura, sai che scegliere l&#8217;alloggio giusto \u00e8 fondamentale per la tua esperienza. Sulla nostra piattaforma di prenotazioni per ostelli giovanili, non solo rendiamo facile scegliere il posto perfetto, ma siamo anche orgogliosi di fornire un servizio clienti eccezionale.<\/p>\n\n<h2 class=\"wp-block-heading\">Il nostro team di professionisti.<\/h2>\n\n<p>Il nostro team dedicato di professionisti del servizio clienti \u00e8 sempre pronto e disponibile ad assisterti in ogni fase del tuo viaggio, dalla fase di prenotazione fino al momento del check-out. Comprendiamo che ogni viaggiatore \u00e8 unico e ha esigenze diverse, quindi ci impegniamo a offrire un servizio personalizzato che soddisfi le tue richieste individuali.<\/p>\n\n<p>Oltre ad aiutarti a trovare l&#8217;ostello giovanile che meglio si adatta alle tue preferenze e al tuo budget, il nostro team pu\u00f2 fornirti preziose informazioni sulle strutture dell&#8217;ostello, le attivit\u00e0 locali, consigli di viaggio e molto altro. Se hai domande o dubbi, siamo a soli una telefonata o un&#8217;email di distanza.<\/p>\n\n<h2 class=\"wp-block-heading\">La nostra promessa.<\/h2>\n\n<p>Il nostro servizio clienti \u00e8 pi\u00f9 di un servizio, \u00e8 una promessa di rendere il tuo viaggio il pi\u00f9 piacevole e senza stress possibile. Crediamo che un buon servizio clienti possa fare la differenza nei tuoi viaggi, trasformando un buon soggiorno in un&#8217;esperienza straordinaria.<\/p>\n\n<p>Allora, sei pronto per la tua prossima avventura? Naviga sul nostro <a href=\"https:\/\/feetuphostels.com\/it\/prenotazioni-feetup-hostels\/\">canale di prenotazioni<\/a> e scopri la vasta gamma di ostelli giovanili che abbiamo da offrirti. Che tu sia uno zaino in spalla esperto o un viaggiatore principiante, con il nostro eccellente servizio clienti, la tua soddisfazione \u00e8 garantita.<\/p>\n\n<p>Non vediamo l&#8217;ora di vederti presto in uno dei nostri ostelli giovanili!<\/p>\n\n<h2 class=\"wp-block-heading\" id=\"h-contact-details\">Contact details.<\/h2>\n\n<h3 class=\"wp-block-heading\">Ufficio prenotazioni e vendite.<\/h3>\n\n<ul class=\"wp-block-list\">\n<li><strong>Email:<\/strong>\u00a0<a href=\"mailto:comercial@feetuphostels.com\">comercial@feetuphostels.com<\/a><\/li>\n\n\n\n<li><strong>Centrale di prenotazione:<\/strong>\u00a0<a href=\"callto:\/\/+34963285515\">+34 963 285 515<\/a><\/li>\n\n\n\n<li>Comercial:\u00a0Matias<\/li>\n<\/ul>\n\n<h3 class=\"wp-block-heading\">Ufficio prenotazioni gruppi<\/h3>\n\n<ul class=\"wp-block-list\">\n<li><strong>Email:<\/strong>\u00a0<a href=\"mailto:groups@feetuphostels.com\">groups@feetuphostels.com<\/a><\/li>\n\n\n\n<li><strong>Centrale di prenotazione:<\/strong>\u00a0<a href=\"callto:\/\/+34963285515\">+34 963 285 515<\/a><\/li>\n\n\n\n<li><strong>Commerciale:<\/strong>\u00a0Ana Benavent\u00a0<a href=\"mailto:groups@travelingroup.com\">groups@travelingroup.com<\/a><\/li>\n\n\n\n<li><strong>Commerciale:<\/strong>\u00a0Mar\u00eda Poveda\u00a0<a href=\"mailto:comercial@travelingroup.com\">comercial@travelingroup.com<\/a><\/li>\n<\/ul>\n\n<h3 class=\"wp-block-heading\">Generale.<\/h3>\n\n<ul class=\"wp-block-list\">\n<li><strong>Informazioni:<\/strong>\u00a0<a href=\"mailto:info@feetuphostels.com\">info@feetuphostels.com<\/a><\/li>\n<\/ul>\n\n<h3 class=\"wp-block-heading\">Ostello Purple Nest Valencia<\/h3>\n\n<ul class=\"wp-block-list\">\n<li>Ricezione: <a href=\"mailto:purplenest@feetuphostels.com\">purplenest@feetuphostels.com<\/a><\/li>\n<\/ul>\n\n<h3 class=\"wp-block-heading\">Ostello Red Nest Valencia<\/h3>\n\n<ul class=\"wp-block-list\">\n<li>Ricezione: <a href=\"mailto:rednest@feetuphostels.com\" target=\"_blank\" rel=\"noreferrer noopener\">rednest@feetuphostels.com<\/a><\/li>\n<\/ul>\n\n<h3 class=\"wp-block-heading\">H\u00f4me Ostello della Giovent\u00f9 Valencia<\/h3>\n\n<ul class=\"wp-block-list\">\n<li>Ricezione: <a href=\"mailto:youthhostel@homehostelsvalencia.com\" target=\"_blank\" rel=\"noreferrer noopener\">youthhostel@homehostelsvalencia.com<\/a><\/li>\n<\/ul>\n\n<h3 class=\"wp-block-heading\">Hotel Nest Style Valencia<\/h3>\n\n<ul class=\"wp-block-list\">\n<li>Ricezione: <a href=\"mailto:reception@neststylevalencia.com\" target=\"_blank\" rel=\"noreferrer noopener\">reception@neststylevalencia.com<\/a><\/li>\n<\/ul>\n\n<p><\/p>\n","protected":false},"excerpt":{"rendered":"<p>Servizio clienti. Assistenza e supporto clienti, informazioni sui clienti Informazioni di contatto con i nostri diversi dipartimenti, contattaci!<\/p>\n","protected":false},"author":13,"featured_media":216312,"parent":0,"menu_order":0,"comment_status":"closed","ping_status":"closed","template":"","meta":{"footnotes":""},"class_list":["post-2096","page","type-page","status-publish","has-post-thumbnail","hentry"],"yoast_head":"<!-- This site is optimized with the Yoast SEO plugin v27.5 - https:\/\/yoast.com\/product\/yoast-seo-wordpress\/ -->\n<title>Servizio clienti. Assistenza e supporto ai clienti, assistenza ai clienti<\/title>\n<meta name=\"description\" content=\"Servizio clienti. Assistenza e supporto clienti, informazioni sui clienti Informazioni di contatto con i nostri diversi dipartimenti, contattaci!\" \/>\n<meta name=\"robots\" content=\"index, follow, max-snippet:-1, max-image-preview:large, max-video-preview:-1\" \/>\n<link rel=\"canonical\" href=\"https:\/\/feetuphostels.com\/it\/servizio-clienti\/\" \/>\n<meta property=\"og:locale\" content=\"it_IT\" \/>\n<meta property=\"og:type\" content=\"article\" \/>\n<meta property=\"og:title\" content=\"Servizio clienti. Assistenza e supporto ai clienti, assistenza ai clienti\" \/>\n<meta property=\"og:description\" content=\"Servizio clienti. Assistenza e supporto clienti, informazioni sui clienti Informazioni di contatto con i nostri diversi dipartimenti, contattaci!\" \/>\n<meta property=\"og:url\" content=\"https:\/\/feetuphostels.com\/it\/servizio-clienti\/\" \/>\n<meta property=\"og:site_name\" content=\"Feet Up Hostels\" \/>\n<meta property=\"article:publisher\" content=\"https:\/\/facebook.com\/feetuphostelsgroup\" \/>\n<meta property=\"article:modified_time\" content=\"2024-11-04T10:49:53+00:00\" \/>\n<meta property=\"og:image\" content=\"https:\/\/feetuphostels.com\/wp-content\/uploads\/2023\/05\/customer-services-feetup-hostels.jpg\" \/>\n\t<meta property=\"og:image:width\" content=\"1024\" \/>\n\t<meta property=\"og:image:height\" content=\"680\" \/>\n\t<meta property=\"og:image:type\" content=\"image\/jpeg\" \/>\n<meta name=\"twitter:card\" content=\"summary_large_image\" \/>\n<meta name=\"twitter:site\" content=\"@feetuphostels\" \/>\n<meta name=\"twitter:label1\" content=\"Tempo di lettura stimato\" \/>\n\t<meta name=\"twitter:data1\" content=\"2 minuti\" \/>\n<script type=\"application\/ld+json\" class=\"yoast-schema-graph\">{\"@context\":\"https:\\\/\\\/schema.org\",\"@graph\":[{\"@type\":\"WebPage\",\"@id\":\"https:\\\/\\\/feetuphostels.com\\\/it\\\/servizio-clienti\\\/\",\"url\":\"https:\\\/\\\/feetuphostels.com\\\/it\\\/servizio-clienti\\\/\",\"name\":\"Servizio clienti. Assistenza e supporto ai clienti, assistenza ai clienti\",\"isPartOf\":{\"@id\":\"https:\\\/\\\/feetuphostels.com\\\/it\\\/#website\"},\"primaryImageOfPage\":{\"@id\":\"https:\\\/\\\/feetuphostels.com\\\/it\\\/servizio-clienti\\\/#primaryimage\"},\"image\":{\"@id\":\"https:\\\/\\\/feetuphostels.com\\\/it\\\/servizio-clienti\\\/#primaryimage\"},\"thumbnailUrl\":\"https:\\\/\\\/feetuphostels.com\\\/wp-content\\\/uploads\\\/2023\\\/05\\\/customer-services-feetup-hostels.jpg\",\"datePublished\":\"2017-01-20T08:48:34+00:00\",\"dateModified\":\"2024-11-04T10:49:53+00:00\",\"description\":\"Servizio clienti. Assistenza e supporto clienti, informazioni sui clienti Informazioni di contatto con i nostri diversi dipartimenti, contattaci!\",\"breadcrumb\":{\"@id\":\"https:\\\/\\\/feetuphostels.com\\\/it\\\/servizio-clienti\\\/#breadcrumb\"},\"inLanguage\":\"it-IT\",\"potentialAction\":[{\"@type\":\"ReadAction\",\"target\":[\"https:\\\/\\\/feetuphostels.com\\\/it\\\/servizio-clienti\\\/\"]}]},{\"@type\":\"ImageObject\",\"inLanguage\":\"it-IT\",\"@id\":\"https:\\\/\\\/feetuphostels.com\\\/it\\\/servizio-clienti\\\/#primaryimage\",\"url\":\"https:\\\/\\\/feetuphostels.com\\\/wp-content\\\/uploads\\\/2023\\\/05\\\/customer-services-feetup-hostels.jpg\",\"contentUrl\":\"https:\\\/\\\/feetuphostels.com\\\/wp-content\\\/uploads\\\/2023\\\/05\\\/customer-services-feetup-hostels.jpg\",\"width\":1024,\"height\":680,\"caption\":\"Servizi al cliente Feet Up Hostels Group\"},{\"@type\":\"BreadcrumbList\",\"@id\":\"https:\\\/\\\/feetuphostels.com\\\/it\\\/servizio-clienti\\\/#breadcrumb\",\"itemListElement\":[{\"@type\":\"ListItem\",\"position\":1,\"name\":\"Home\",\"item\":\"https:\\\/\\\/feetuphostels.com\\\/it\\\/\"},{\"@type\":\"ListItem\",\"position\":2,\"name\":\"Servizio clienti\"}]},{\"@type\":\"WebSite\",\"@id\":\"https:\\\/\\\/feetuphostels.com\\\/it\\\/#website\",\"url\":\"https:\\\/\\\/feetuphostels.com\\\/it\\\/\",\"name\":\"Feet Up Hostels\",\"description\":\"Ostelli della giovent\u00f9 e alloggi a Valencia, Spagna. Siamo specialisti della cordialit\u00e0\",\"publisher\":{\"@id\":\"https:\\\/\\\/feetuphostels.com\\\/it\\\/#organization\"},\"alternateName\":\"Feet Up Hostels\",\"potentialAction\":[{\"@type\":\"SearchAction\",\"target\":{\"@type\":\"EntryPoint\",\"urlTemplate\":\"https:\\\/\\\/feetuphostels.com\\\/it\\\/?s={search_term_string}\"},\"query-input\":{\"@type\":\"PropertyValueSpecification\",\"valueRequired\":true,\"valueName\":\"search_term_string\"}}],\"inLanguage\":\"it-IT\"},{\"@type\":\"Organization\",\"@id\":\"https:\\\/\\\/feetuphostels.com\\\/it\\\/#organization\",\"name\":\"Feet Up Hostels\",\"alternateName\":\"Feet Up Hostels\",\"url\":\"https:\\\/\\\/feetuphostels.com\\\/it\\\/\",\"logo\":{\"@type\":\"ImageObject\",\"inLanguage\":\"it-IT\",\"@id\":\"https:\\\/\\\/feetuphostels.com\\\/it\\\/#\\\/schema\\\/logo\\\/image\\\/\",\"url\":\"https:\\\/\\\/feetuphostels.com\\\/wp-content\\\/uploads\\\/2019\\\/01\\\/logo-web-amp-feetuphostels.svg\",\"contentUrl\":\"https:\\\/\\\/feetuphostels.com\\\/wp-content\\\/uploads\\\/2019\\\/01\\\/logo-web-amp-feetuphostels.svg\",\"width\":1,\"height\":1,\"caption\":\"Feet Up Hostels\"},\"image\":{\"@id\":\"https:\\\/\\\/feetuphostels.com\\\/it\\\/#\\\/schema\\\/logo\\\/image\\\/\"},\"sameAs\":[\"https:\\\/\\\/facebook.com\\\/feetuphostelsgroup\",\"https:\\\/\\\/x.com\\\/feetuphostels\",\"https:\\\/\\\/www.instagram.com\\\/feetuphostels\\\/\",\"https:\\\/\\\/www.tiktok.com\\\/@feetuphostels\",\"https:\\\/\\\/www.linkedin.com\\\/company\\\/feetuphostelsgroup\\\/\",\"https:\\\/\\\/www.pinterest.es\\\/FeetupHostels\\\/\",\"https:\\\/\\\/www.youtube.com\\\/feetuphostels\"]}]}<\/script>\n<!-- \/ Yoast SEO plugin. -->","yoast_head_json":{"title":"Servizio clienti. Assistenza e supporto ai clienti, assistenza ai clienti","description":"Servizio clienti. Assistenza e supporto clienti, informazioni sui clienti Informazioni di contatto con i nostri diversi dipartimenti, contattaci!","robots":{"index":"index","follow":"follow","max-snippet":"max-snippet:-1","max-image-preview":"max-image-preview:large","max-video-preview":"max-video-preview:-1"},"canonical":"https:\/\/feetuphostels.com\/it\/servizio-clienti\/","og_locale":"it_IT","og_type":"article","og_title":"Servizio clienti. Assistenza e supporto ai clienti, assistenza ai clienti","og_description":"Servizio clienti. Assistenza e supporto clienti, informazioni sui clienti Informazioni di contatto con i nostri diversi dipartimenti, contattaci!","og_url":"https:\/\/feetuphostels.com\/it\/servizio-clienti\/","og_site_name":"Feet Up Hostels","article_publisher":"https:\/\/facebook.com\/feetuphostelsgroup","article_modified_time":"2024-11-04T10:49:53+00:00","og_image":[{"width":1024,"height":680,"url":"https:\/\/feetuphostels.com\/wp-content\/uploads\/2023\/05\/customer-services-feetup-hostels.jpg","type":"image\/jpeg"}],"twitter_card":"summary_large_image","twitter_site":"@feetuphostels","twitter_misc":{"Tempo di lettura stimato":"2 minuti"},"schema":{"@context":"https:\/\/schema.org","@graph":[{"@type":"WebPage","@id":"https:\/\/feetuphostels.com\/it\/servizio-clienti\/","url":"https:\/\/feetuphostels.com\/it\/servizio-clienti\/","name":"Servizio clienti. Assistenza e supporto ai clienti, assistenza ai clienti","isPartOf":{"@id":"https:\/\/feetuphostels.com\/it\/#website"},"primaryImageOfPage":{"@id":"https:\/\/feetuphostels.com\/it\/servizio-clienti\/#primaryimage"},"image":{"@id":"https:\/\/feetuphostels.com\/it\/servizio-clienti\/#primaryimage"},"thumbnailUrl":"https:\/\/feetuphostels.com\/wp-content\/uploads\/2023\/05\/customer-services-feetup-hostels.jpg","datePublished":"2017-01-20T08:48:34+00:00","dateModified":"2024-11-04T10:49:53+00:00","description":"Servizio clienti. Assistenza e supporto clienti, informazioni sui clienti Informazioni di contatto con i nostri diversi dipartimenti, contattaci!","breadcrumb":{"@id":"https:\/\/feetuphostels.com\/it\/servizio-clienti\/#breadcrumb"},"inLanguage":"it-IT","potentialAction":[{"@type":"ReadAction","target":["https:\/\/feetuphostels.com\/it\/servizio-clienti\/"]}]},{"@type":"ImageObject","inLanguage":"it-IT","@id":"https:\/\/feetuphostels.com\/it\/servizio-clienti\/#primaryimage","url":"https:\/\/feetuphostels.com\/wp-content\/uploads\/2023\/05\/customer-services-feetup-hostels.jpg","contentUrl":"https:\/\/feetuphostels.com\/wp-content\/uploads\/2023\/05\/customer-services-feetup-hostels.jpg","width":1024,"height":680,"caption":"Servizi al cliente Feet Up Hostels Group"},{"@type":"BreadcrumbList","@id":"https:\/\/feetuphostels.com\/it\/servizio-clienti\/#breadcrumb","itemListElement":[{"@type":"ListItem","position":1,"name":"Home","item":"https:\/\/feetuphostels.com\/it\/"},{"@type":"ListItem","position":2,"name":"Servizio clienti"}]},{"@type":"WebSite","@id":"https:\/\/feetuphostels.com\/it\/#website","url":"https:\/\/feetuphostels.com\/it\/","name":"Feet Up Hostels","description":"Ostelli della giovent\u00f9 e alloggi a Valencia, Spagna. Siamo specialisti della cordialit\u00e0","publisher":{"@id":"https:\/\/feetuphostels.com\/it\/#organization"},"alternateName":"Feet Up Hostels","potentialAction":[{"@type":"SearchAction","target":{"@type":"EntryPoint","urlTemplate":"https:\/\/feetuphostels.com\/it\/?s={search_term_string}"},"query-input":{"@type":"PropertyValueSpecification","valueRequired":true,"valueName":"search_term_string"}}],"inLanguage":"it-IT"},{"@type":"Organization","@id":"https:\/\/feetuphostels.com\/it\/#organization","name":"Feet Up Hostels","alternateName":"Feet Up Hostels","url":"https:\/\/feetuphostels.com\/it\/","logo":{"@type":"ImageObject","inLanguage":"it-IT","@id":"https:\/\/feetuphostels.com\/it\/#\/schema\/logo\/image\/","url":"https:\/\/feetuphostels.com\/wp-content\/uploads\/2019\/01\/logo-web-amp-feetuphostels.svg","contentUrl":"https:\/\/feetuphostels.com\/wp-content\/uploads\/2019\/01\/logo-web-amp-feetuphostels.svg","width":1,"height":1,"caption":"Feet Up Hostels"},"image":{"@id":"https:\/\/feetuphostels.com\/it\/#\/schema\/logo\/image\/"},"sameAs":["https:\/\/facebook.com\/feetuphostelsgroup","https:\/\/x.com\/feetuphostels","https:\/\/www.instagram.com\/feetuphostels\/","https:\/\/www.tiktok.com\/@feetuphostels","https:\/\/www.linkedin.com\/company\/feetuphostelsgroup\/","https:\/\/www.pinterest.es\/FeetupHostels\/","https:\/\/www.youtube.com\/feetuphostels"]}]}},"_links":{"self":[{"href":"https:\/\/feetuphostels.com\/it\/wp-json\/wp\/v2\/pages\/2096","targetHints":{"allow":["GET"]}}],"collection":[{"href":"https:\/\/feetuphostels.com\/it\/wp-json\/wp\/v2\/pages"}],"about":[{"href":"https:\/\/feetuphostels.com\/it\/wp-json\/wp\/v2\/types\/page"}],"author":[{"embeddable":true,"href":"https:\/\/feetuphostels.com\/it\/wp-json\/wp\/v2\/users\/13"}],"replies":[{"embeddable":true,"href":"https:\/\/feetuphostels.com\/it\/wp-json\/wp\/v2\/comments?post=2096"}],"version-history":[{"count":0,"href":"https:\/\/feetuphostels.com\/it\/wp-json\/wp\/v2\/pages\/2096\/revisions"}],"wp:featuredmedia":[{"embeddable":true,"href":"https:\/\/feetuphostels.com\/it\/wp-json\/wp\/v2\/media\/216312"}],"wp:attachment":[{"href":"https:\/\/feetuphostels.com\/it\/wp-json\/wp\/v2\/media?parent=2096"}],"curies":[{"name":"wp","href":"https:\/\/api.w.org\/{rel}","templated":true}]}}