{"id":2091,"date":"2017-01-20T16:01:11","date_gmt":"2017-01-20T15:01:11","guid":{"rendered":"https:\/\/feetuphostels.com\/book-safe\/"},"modified":"2024-11-09T13:25:33","modified_gmt":"2024-11-09T12:25:33","slug":"pagamento-sicuro","status":"publish","type":"page","link":"https:\/\/feetuphostels.com\/it\/pagamento-sicuro\/","title":{"rendered":"Pagamento Sicuro"},"content":{"rendered":"\n<h1 class=\"wp-block-heading has-text-align-center\">Prenotazione sicura con Feet Up Hostels<\/h1>\n\n<h2 class=\"wp-block-heading\" id=\"h-is-it-safe-to-book-with-us\">\u00c8 sicuro prenotare con noi?<\/h2>\n\n<p>Ti sei mai chiesto se \u00e8 sicuro prenotare attraverso Feet Up Hostels? \u00c8 meglio prenotare direttamente con l&#8217;ostello o passare attraverso booking.com?<\/p>\n\n<p>Ti sei mai chiesto se \u00e8 sicuro prenotare attraverso Feet Up Hostels? \u00c8 meglio prenotare direttamente con l&#8217;ostello o passare attraverso booking.com?<\/p>\n\n<p>Oggi vogliamo condividere con te 4 motivi per cui \u00e8 nel tuo interesse prenotare direttamente con noi, piuttosto che attraverso un portale di terzi.<\/p>\n\n<p>Allora, dimentichiamoci di Expedia, Hotels.com, Booking.com e simili. La migliore stanza, il miglior prezzo, il miglior servizio e il miglior soggiorno si trovano proprio qui, prenotando direttamente con Feet Up Hostels.<\/p>\n\n<p><strong>Prenota in modo sicuro con Feet Up Hostels<\/strong><\/p>\n\n<h3 class=\"wp-block-heading\">Responsabilit\u00e0<\/h3>\n\n<p>Quando solo tu (l&#8217;ospite) e noi (l&#8217;ostello) siamo coinvolti nella prenotazione, tutto \u00e8 pi\u00f9 chiaro e semplice, dato che non ci sono altre parti coinvolte. Quando un terzo come Booking o Expedia si mette in mezzo, le cose possono complicarsi. A volte le prenotazioni non vengono elaborate correttamente a causa di problemi tecnici e la colpa viene ingiustamente attribuita all&#8217;ostello.<\/p>\n\n<p>Questo pu\u00f2 lasciarti senza una stanza o con una stanza che non volevi. Vuoi evitare incubi? Dai un&#8217;occhiata a <a href=\"http:\/\/www.consumeraffairs.com\/\" target=\"_blank\" rel=\"noopener\">ConsumerAffairs.com<\/a>, dove Booking.com ha <a href=\"https:\/\/www.consumeraffairs.com\/travel\/booking_com.html\" target=\"_blank\" rel=\"noopener\">2\/5 stelle da oltre 1.300 recensioni<\/a>.<\/p>\n\n<h3 class=\"wp-block-heading\">Corrispondenza dei Prezzi<\/h3>\n\n<p>L&#8217;unico vantaggio apparente di prenotare attraverso siti come Booking.com, Expedia o HostelWorld \u00e8 che sembrano offrire i prezzi pi\u00f9 bassi, anche se solo di qualche euro. Ma ecco il trucco: la maggior parte degli ostelli, specialmente le catene di ostelli come noi, possono corrispondere qualsiasi prezzo.<\/p>\n\n<p>Tutto quello che devi fare \u00e8 inviarci il prezzo pi\u00f9 basso che hai trovato altrove per le stesse date alla nostra reception. Non solo corrisponderemo al prezzo pi\u00f9 basso che hai trovato, ti daremo anche uno sconto aggiuntivo fino al 10%.<\/p>\n\n<h3 class=\"wp-block-heading\">Scelta della Stanza<\/h3>\n\n<p>Vendiamo solo certi tipi di stanze attraverso altri canali. Riserviamo le migliori stanze, al miglior prezzo, con la maggiore variet\u00e0 possibile da vendere direttamente attraverso il nostro sito web. Questo fa una grande differenza quando si tratta di una stanza standard o privata.<\/p>\n\n<h3 class=\"wp-block-heading\">Maggiore Flessibilit\u00e0<\/h3>\n\n<p>Quando prenoti direttamente, il nostro team dar\u00e0 priorit\u00e0 alla tua richiesta per risolvere qualsiasi problema tu possa avere. Puoi cambiare o addirittura cancellare la prenotazione, dato che non sar\u00e0 soggetta a nessun accordo con terzi.<\/p>\n\n<p>Prenotare attraverso un canale esterno crea essenzialmente un contratto per il tuo soggiorno, che pu\u00f2 limitare la flessibilit\u00e0 per cambiamenti e modifiche tra te e noi.<\/p>\n\n<h3 class=\"wp-block-heading\" id=\"h-booking-directly-is-always-much-better-it-is-safer-it-is-faster-more-comfortable-more-economical-and-with-greater-benefits-for-you-as-a-guest\">Prenotare direttamente \u00e8 sempre molto meglio, \u00e8 pi\u00f9 sicuro, \u00e8 pi\u00f9 veloce, pi\u00f9 comodo, pi\u00f9 economico e con maggiori vantaggi per te come ospite.<\/h3>\n\n<p><\/p>\n","protected":false},"excerpt":{"rendered":"<p>Prenotazione sicura con Feet Up Hostels \/ Is FeetUpHostels.com Al sicuro? \/ \u00c8 sicuro prenotare con noi?<br \/>\nSicuramente in molte occasioni ti sei chiesto:<br \/>\n&#8211; E &#8216; meglio prenotare direttamente con un ostello o in booking.com?<br \/>\n&#8211; &#8211; Perch\u00e9 \u00e8 meglio prenotare con un ostello diretto che con booking.com o un altro canale di prenotazione?<br \/>\n&#8211; Perch\u00e9 booking.com o altri canali di prenotazione hanno prezzi migliori rispetto all&#8217;ostello direttamente?<\/p>\n","protected":false},"author":13,"featured_media":206477,"parent":0,"menu_order":0,"comment_status":"closed","ping_status":"closed","template":"","meta":{"footnotes":""},"class_list":["post-2091","page","type-page","status-publish","has-post-thumbnail","hentry"],"yoast_head":"<!-- This site is optimized with the Yoast SEO plugin v27.3 - https:\/\/yoast.com\/product\/yoast-seo-wordpress\/ -->\n<title>Prenotazione sicura. Prenotazione online sicura a Feet Up Hostels Group<\/title>\n<meta name=\"description\" content=\"Prenotazione sicura. Prenotazioni online sicure presso gli ostelli Feet Up Barcelona e Valencia. Pagamento tramite piattaforma sicura con certificato SSL\" \/>\n<meta name=\"robots\" content=\"index, follow, max-snippet:-1, max-image-preview:large, max-video-preview:-1\" \/>\n<link rel=\"canonical\" href=\"https:\/\/feetuphostels.com\/it\/pagamento-sicuro\/\" \/>\n<meta property=\"og:locale\" content=\"it_IT\" \/>\n<meta property=\"og:type\" content=\"article\" \/>\n<meta property=\"og:title\" content=\"Prenotazione sicura. Prenotazione online sicura a Feet Up Hostels Group\" \/>\n<meta property=\"og:description\" content=\"Prenotazione sicura. Prenotazioni online sicure presso gli ostelli Feet Up Barcelona e Valencia. Pagamento tramite piattaforma sicura con certificato SSL\" \/>\n<meta property=\"og:url\" content=\"https:\/\/feetuphostels.com\/it\/pagamento-sicuro\/\" \/>\n<meta property=\"og:site_name\" content=\"Feet Up Hostels\" \/>\n<meta property=\"article:publisher\" content=\"https:\/\/facebook.com\/feetuphostelsgroup\" \/>\n<meta property=\"article:modified_time\" content=\"2024-11-09T12:25:33+00:00\" \/>\n<meta property=\"og:image\" content=\"https:\/\/feetuphostels.com\/wp-content\/uploads\/2022\/12\/safe-booking-feetuphostels.jpg\" \/>\n\t<meta property=\"og:image:width\" content=\"1024\" \/>\n\t<meta property=\"og:image:height\" content=\"680\" \/>\n\t<meta property=\"og:image:type\" content=\"image\/jpeg\" \/>\n<meta name=\"twitter:card\" content=\"summary_large_image\" \/>\n<meta name=\"twitter:site\" content=\"@feetuphostels\" \/>\n<meta name=\"twitter:label1\" content=\"Tempo di lettura stimato\" \/>\n\t<meta name=\"twitter:data1\" content=\"2 minuti\" \/>\n<script type=\"application\/ld+json\" class=\"yoast-schema-graph\">{\"@context\":\"https:\\\/\\\/schema.org\",\"@graph\":[{\"@type\":\"WebPage\",\"@id\":\"https:\\\/\\\/feetuphostels.com\\\/it\\\/pagamento-sicuro\\\/\",\"url\":\"https:\\\/\\\/feetuphostels.com\\\/it\\\/pagamento-sicuro\\\/\",\"name\":\"Prenotazione sicura. Prenotazione online sicura a Feet Up Hostels Group\",\"isPartOf\":{\"@id\":\"https:\\\/\\\/feetuphostels.com\\\/it\\\/#website\"},\"primaryImageOfPage\":{\"@id\":\"https:\\\/\\\/feetuphostels.com\\\/it\\\/pagamento-sicuro\\\/#primaryimage\"},\"image\":{\"@id\":\"https:\\\/\\\/feetuphostels.com\\\/it\\\/pagamento-sicuro\\\/#primaryimage\"},\"thumbnailUrl\":\"https:\\\/\\\/feetuphostels.com\\\/wp-content\\\/uploads\\\/2022\\\/12\\\/safe-booking-feetuphostels.jpg\",\"datePublished\":\"2017-01-20T15:01:11+00:00\",\"dateModified\":\"2024-11-09T12:25:33+00:00\",\"description\":\"Prenotazione sicura. Prenotazioni online sicure presso gli ostelli Feet Up Barcelona e Valencia. Pagamento tramite piattaforma sicura con certificato SSL\",\"breadcrumb\":{\"@id\":\"https:\\\/\\\/feetuphostels.com\\\/it\\\/pagamento-sicuro\\\/#breadcrumb\"},\"inLanguage\":\"it-IT\",\"potentialAction\":[{\"@type\":\"ReadAction\",\"target\":[\"https:\\\/\\\/feetuphostels.com\\\/it\\\/pagamento-sicuro\\\/\"]}]},{\"@type\":\"ImageObject\",\"inLanguage\":\"it-IT\",\"@id\":\"https:\\\/\\\/feetuphostels.com\\\/it\\\/pagamento-sicuro\\\/#primaryimage\",\"url\":\"https:\\\/\\\/feetuphostels.com\\\/wp-content\\\/uploads\\\/2022\\\/12\\\/safe-booking-feetuphostels.jpg\",\"contentUrl\":\"https:\\\/\\\/feetuphostels.com\\\/wp-content\\\/uploads\\\/2022\\\/12\\\/safe-booking-feetuphostels.jpg\",\"width\":1024,\"height\":680,\"caption\":\"Prenotazione sicura con Feet Up Hostels\"},{\"@type\":\"BreadcrumbList\",\"@id\":\"https:\\\/\\\/feetuphostels.com\\\/it\\\/pagamento-sicuro\\\/#breadcrumb\",\"itemListElement\":[{\"@type\":\"ListItem\",\"position\":1,\"name\":\"Home\",\"item\":\"https:\\\/\\\/feetuphostels.com\\\/it\\\/\"},{\"@type\":\"ListItem\",\"position\":2,\"name\":\"Pagamento Sicuro\"}]},{\"@type\":\"WebSite\",\"@id\":\"https:\\\/\\\/feetuphostels.com\\\/it\\\/#website\",\"url\":\"https:\\\/\\\/feetuphostels.com\\\/it\\\/\",\"name\":\"Feet Up Hostels\",\"description\":\"Ostelli della giovent\u00f9 e alloggi a Valencia, Spagna. Siamo specialisti della cordialit\u00e0\",\"publisher\":{\"@id\":\"https:\\\/\\\/feetuphostels.com\\\/it\\\/#organization\"},\"alternateName\":\"Feet Up Hostels\",\"potentialAction\":[{\"@type\":\"SearchAction\",\"target\":{\"@type\":\"EntryPoint\",\"urlTemplate\":\"https:\\\/\\\/feetuphostels.com\\\/it\\\/?s={search_term_string}\"},\"query-input\":{\"@type\":\"PropertyValueSpecification\",\"valueRequired\":true,\"valueName\":\"search_term_string\"}}],\"inLanguage\":\"it-IT\"},{\"@type\":\"Organization\",\"@id\":\"https:\\\/\\\/feetuphostels.com\\\/it\\\/#organization\",\"name\":\"Feet Up Hostels\",\"alternateName\":\"Feet Up Hostels\",\"url\":\"https:\\\/\\\/feetuphostels.com\\\/it\\\/\",\"logo\":{\"@type\":\"ImageObject\",\"inLanguage\":\"it-IT\",\"@id\":\"https:\\\/\\\/feetuphostels.com\\\/it\\\/#\\\/schema\\\/logo\\\/image\\\/\",\"url\":\"https:\\\/\\\/feetuphostels.com\\\/wp-content\\\/uploads\\\/2019\\\/01\\\/logo-web-amp-feetuphostels.svg\",\"contentUrl\":\"https:\\\/\\\/feetuphostels.com\\\/wp-content\\\/uploads\\\/2019\\\/01\\\/logo-web-amp-feetuphostels.svg\",\"width\":1,\"height\":1,\"caption\":\"Feet Up Hostels\"},\"image\":{\"@id\":\"https:\\\/\\\/feetuphostels.com\\\/it\\\/#\\\/schema\\\/logo\\\/image\\\/\"},\"sameAs\":[\"https:\\\/\\\/facebook.com\\\/feetuphostelsgroup\",\"https:\\\/\\\/x.com\\\/feetuphostels\",\"https:\\\/\\\/www.instagram.com\\\/feetuphostels\\\/\",\"https:\\\/\\\/www.tiktok.com\\\/@feetuphostels\",\"https:\\\/\\\/www.linkedin.com\\\/company\\\/feetuphostelsgroup\\\/\",\"https:\\\/\\\/www.pinterest.es\\\/FeetupHostels\\\/\",\"https:\\\/\\\/www.youtube.com\\\/feetuphostels\"]}]}<\/script>\n<!-- \/ Yoast SEO plugin. -->","yoast_head_json":{"title":"Prenotazione sicura. Prenotazione online sicura a Feet Up Hostels Group","description":"Prenotazione sicura. Prenotazioni online sicure presso gli ostelli Feet Up Barcelona e Valencia. Pagamento tramite piattaforma sicura con certificato SSL","robots":{"index":"index","follow":"follow","max-snippet":"max-snippet:-1","max-image-preview":"max-image-preview:large","max-video-preview":"max-video-preview:-1"},"canonical":"https:\/\/feetuphostels.com\/it\/pagamento-sicuro\/","og_locale":"it_IT","og_type":"article","og_title":"Prenotazione sicura. Prenotazione online sicura a Feet Up Hostels Group","og_description":"Prenotazione sicura. Prenotazioni online sicure presso gli ostelli Feet Up Barcelona e Valencia. Pagamento tramite piattaforma sicura con certificato SSL","og_url":"https:\/\/feetuphostels.com\/it\/pagamento-sicuro\/","og_site_name":"Feet Up Hostels","article_publisher":"https:\/\/facebook.com\/feetuphostelsgroup","article_modified_time":"2024-11-09T12:25:33+00:00","og_image":[{"width":1024,"height":680,"url":"https:\/\/feetuphostels.com\/wp-content\/uploads\/2022\/12\/safe-booking-feetuphostels.jpg","type":"image\/jpeg"}],"twitter_card":"summary_large_image","twitter_site":"@feetuphostels","twitter_misc":{"Tempo di lettura stimato":"2 minuti"},"schema":{"@context":"https:\/\/schema.org","@graph":[{"@type":"WebPage","@id":"https:\/\/feetuphostels.com\/it\/pagamento-sicuro\/","url":"https:\/\/feetuphostels.com\/it\/pagamento-sicuro\/","name":"Prenotazione sicura. Prenotazione online sicura a Feet Up Hostels Group","isPartOf":{"@id":"https:\/\/feetuphostels.com\/it\/#website"},"primaryImageOfPage":{"@id":"https:\/\/feetuphostels.com\/it\/pagamento-sicuro\/#primaryimage"},"image":{"@id":"https:\/\/feetuphostels.com\/it\/pagamento-sicuro\/#primaryimage"},"thumbnailUrl":"https:\/\/feetuphostels.com\/wp-content\/uploads\/2022\/12\/safe-booking-feetuphostels.jpg","datePublished":"2017-01-20T15:01:11+00:00","dateModified":"2024-11-09T12:25:33+00:00","description":"Prenotazione sicura. Prenotazioni online sicure presso gli ostelli Feet Up Barcelona e Valencia. Pagamento tramite piattaforma sicura con certificato SSL","breadcrumb":{"@id":"https:\/\/feetuphostels.com\/it\/pagamento-sicuro\/#breadcrumb"},"inLanguage":"it-IT","potentialAction":[{"@type":"ReadAction","target":["https:\/\/feetuphostels.com\/it\/pagamento-sicuro\/"]}]},{"@type":"ImageObject","inLanguage":"it-IT","@id":"https:\/\/feetuphostels.com\/it\/pagamento-sicuro\/#primaryimage","url":"https:\/\/feetuphostels.com\/wp-content\/uploads\/2022\/12\/safe-booking-feetuphostels.jpg","contentUrl":"https:\/\/feetuphostels.com\/wp-content\/uploads\/2022\/12\/safe-booking-feetuphostels.jpg","width":1024,"height":680,"caption":"Prenotazione sicura con Feet Up Hostels"},{"@type":"BreadcrumbList","@id":"https:\/\/feetuphostels.com\/it\/pagamento-sicuro\/#breadcrumb","itemListElement":[{"@type":"ListItem","position":1,"name":"Home","item":"https:\/\/feetuphostels.com\/it\/"},{"@type":"ListItem","position":2,"name":"Pagamento Sicuro"}]},{"@type":"WebSite","@id":"https:\/\/feetuphostels.com\/it\/#website","url":"https:\/\/feetuphostels.com\/it\/","name":"Feet Up Hostels","description":"Ostelli della giovent\u00f9 e alloggi a Valencia, Spagna. Siamo specialisti della cordialit\u00e0","publisher":{"@id":"https:\/\/feetuphostels.com\/it\/#organization"},"alternateName":"Feet Up Hostels","potentialAction":[{"@type":"SearchAction","target":{"@type":"EntryPoint","urlTemplate":"https:\/\/feetuphostels.com\/it\/?s={search_term_string}"},"query-input":{"@type":"PropertyValueSpecification","valueRequired":true,"valueName":"search_term_string"}}],"inLanguage":"it-IT"},{"@type":"Organization","@id":"https:\/\/feetuphostels.com\/it\/#organization","name":"Feet Up Hostels","alternateName":"Feet Up Hostels","url":"https:\/\/feetuphostels.com\/it\/","logo":{"@type":"ImageObject","inLanguage":"it-IT","@id":"https:\/\/feetuphostels.com\/it\/#\/schema\/logo\/image\/","url":"https:\/\/feetuphostels.com\/wp-content\/uploads\/2019\/01\/logo-web-amp-feetuphostels.svg","contentUrl":"https:\/\/feetuphostels.com\/wp-content\/uploads\/2019\/01\/logo-web-amp-feetuphostels.svg","width":1,"height":1,"caption":"Feet Up Hostels"},"image":{"@id":"https:\/\/feetuphostels.com\/it\/#\/schema\/logo\/image\/"},"sameAs":["https:\/\/facebook.com\/feetuphostelsgroup","https:\/\/x.com\/feetuphostels","https:\/\/www.instagram.com\/feetuphostels\/","https:\/\/www.tiktok.com\/@feetuphostels","https:\/\/www.linkedin.com\/company\/feetuphostelsgroup\/","https:\/\/www.pinterest.es\/FeetupHostels\/","https:\/\/www.youtube.com\/feetuphostels"]}]}},"_links":{"self":[{"href":"https:\/\/feetuphostels.com\/it\/wp-json\/wp\/v2\/pages\/2091","targetHints":{"allow":["GET"]}}],"collection":[{"href":"https:\/\/feetuphostels.com\/it\/wp-json\/wp\/v2\/pages"}],"about":[{"href":"https:\/\/feetuphostels.com\/it\/wp-json\/wp\/v2\/types\/page"}],"author":[{"embeddable":true,"href":"https:\/\/feetuphostels.com\/it\/wp-json\/wp\/v2\/users\/13"}],"replies":[{"embeddable":true,"href":"https:\/\/feetuphostels.com\/it\/wp-json\/wp\/v2\/comments?post=2091"}],"version-history":[{"count":0,"href":"https:\/\/feetuphostels.com\/it\/wp-json\/wp\/v2\/pages\/2091\/revisions"}],"wp:featuredmedia":[{"embeddable":true,"href":"https:\/\/feetuphostels.com\/it\/wp-json\/wp\/v2\/media\/206477"}],"wp:attachment":[{"href":"https:\/\/feetuphostels.com\/it\/wp-json\/wp\/v2\/media?parent=2091"}],"curies":[{"name":"wp","href":"https:\/\/api.w.org\/{rel}","templated":true}]}}