{"id":17678,"date":"2017-01-20T19:52:44","date_gmt":"2017-01-20T18:52:44","guid":{"rendered":"https:\/\/feetuphostels.com\/work-with-us\/"},"modified":"2024-11-09T14:01:15","modified_gmt":"2024-11-09T13:01:15","slug":"lavora-con-noi","status":"publish","type":"page","link":"https:\/\/feetuphostels.com\/it\/lavora-con-noi\/","title":{"rendered":"Lavora con noi"},"content":{"rendered":"\n<h1 class=\"wp-block-heading has-text-align-center\" id=\"h-work-with-us-on-spain\">Collabori con noi in Spagna<\/h1>\n\n<h3 class=\"wp-block-heading\" id=\"h-do-you-want-to-internship-in-spain-do-you-want-to-work-with-us\">Vuole fare uno stage in Spagna? <br\/>Vuole lavorare con noi?<\/h3>\n\n<h5 class=\"wp-block-heading\" id=\"h-our-feetup-hostels-group-is-formed-by-a-dynamic-team-and-many-people-want-to-improve-on-the-basis-of-partnership-and-mutual-support\">Il nostro Gruppo Feetup Hostels \u00e8 formato da un team dinamico e da molte persone che vogliono migliorare sulla base della partnership e del sostegno reciproco.<\/h5>\n\n<h5 class=\"wp-block-heading\" id=\"h-our-human-resources-department-is-constantly-looking-for-people-who-have-these-requirements-and-want-to-join-our-team\">Il nostro Dipartimento Risorse Umane \u00e8 costantemente alla ricerca di persone che abbiano questi requisiti e che vogliano entrare a far parte del nostro team.<\/h5>\n\n<h1 class=\"wp-block-heading\" id=\"h-work-away-experiencespain-uk\">Esperienza di lavoro fuori sede<br\/>Spagna &#8211; Regno Unito<\/h1>\n\n<h3 class=\"wp-block-heading\" id=\"h-do-you-want-to-become-a-tourism-professional-and-also-learn-languages\">Vuole diventare un professionista del turismo e imparare anche le lingue?<\/h3>\n\n<h5 class=\"wp-block-heading\" id=\"h-in-feet-up-hostels-we-offer-you-the-possibility-to-work-in-spain-and-learn-spanish\">Negli ostelli Feet Up le offriamo la possibilit\u00e0 di lavorare in Spagna e di imparare lo spagnolo.<\/h5>\n\n<h5 class=\"wp-block-heading\" id=\"h-you-can-also-work-in-the-uk-and-learn-english-all-in-one-experience-that-will-surely-enrich-your-professional-resume\">Pu\u00f2 anche lavorare nel Regno Unito e imparare l&#8217;inglese.<br\/>Tutto in un&#8217;unica esperienza che sicuramente arricchir\u00e0 il suo curriculum professionale!<\/h5>\n\n<h2 class=\"wp-block-heading\" id=\"h-how-does-it-work-with-us\">Come funziona con noi?<\/h2>\n\n<h5 class=\"wp-block-heading\" id=\"h-online-marketing\"><strong>MARKETING ONLINE<\/strong><\/h5>\n\n<p class=\"has-text-align-center\">Stiamo cercando profili di giovani con una rapida capacit\u00e0 di apprendimento del mondo online e delle ultime tecnologie nei nostri uffici centrali di Valencia.<\/p>\n\n<p class=\"has-text-align-center\">La aiuteremo a crescere professionalmente per un mondo sempre pi\u00f9 competitivo.<\/p>\n\n<h5 class=\"wp-block-heading\" id=\"h-reception\"><strong>RICEVIMENTO<\/strong><\/h5>\n\n<p class=\"has-text-align-center\">Abbiamo alloggi e ostelli nelle citt\u00e0 di Barcellona e Valencia, dove potr\u00e0 sviluppare la sua capacit\u00e0 di comunicare con i nostri clienti.<\/p>\n\n<p class=\"has-text-align-center\">Allo stesso tempo, potr\u00e0 formarsi nel servizio clienti in diverse lingue.<\/p>\n\n<h5 class=\"wp-block-heading\" id=\"h-youth-hostels\"><strong>OSTELLI PER GIOVANI<\/strong><\/h5>\n\n<p class=\"has-text-align-center\">Ognuno dei nostri ostelli della giovent\u00f9 a Barcellona e Valencia sono i luoghi migliori per sviluppare le sue pratiche se sta cercando un posto dove incontrare nuove persone e imparare dalle diverse culture del mondo.<\/p>\n\n<p class=\"has-text-align-center\">Venga a far parte del nostro team. <\/p>\n\n<h5 class=\"wp-block-heading\" id=\"h-you-can-send-us-an-email-to-staff-feetuphostels-com\"><strong>Pu\u00f2 inviarci un&#8217;e-mail a:\u00a0<a href=\"mailto:staff@feetuphostels.com\">staff@feetuphostels.com<\/a><\/strong><\/h5>\n\n<h2 class=\"wp-block-heading\" id=\"h-how-does-work-away-experience-spain-uk\">Come funziona il lavoro in trasferta Esperienza Spagna &#8211; Regno Unito?<\/h2>\n\n<h1 class=\"wp-block-heading\" id=\"h-jobs-in-spain\">Offerte di lavoro in Spagna<\/h1>\n\n<p>INFORMAZIONI GENERALI<\/p>\n\n<p>Lavori a Valencia o a Barcellona, due delle migliori e pi\u00f9 attraenti citt\u00e0 turistiche della Spagna. Lavorer\u00e0 in uno dei nostri ostelli, in un ambiente dinamico, giovane e multiculturale. Abbiamo la formula perfetta per crescere come professionista del turismo, migliorare il suo CV e le sue competenze professionali.<\/p>\n\n<p>Tutto il nostro personale parla spagnolo, quindi migliorer\u00e0 anche le sue conoscenze linguistiche mentre diventer\u00e0 un professionista dell&#8217;ospitalit\u00e0.<\/p>\n\n<p><strong>Soggiorno minimo:<\/strong><\/p>\n\n<ul class=\"wp-block-list\">\n<li>Minimo: 3 mesi<\/li>\n\n\n\n<li>Massimo: 1 anno<\/li>\n<\/ul>\n\n<p><strong>Lingue:<\/strong><\/p>\n\n<ul class=\"wp-block-list\">\n<li>Livello di inglese: Intermedio<\/li>\n\n\n\n<li>Livello di spagnolo: Intermedio<\/li>\n<\/ul>\n\n<p><strong>Documentazione:<\/strong><\/p>\n\n<ul class=\"wp-block-list\">\n<li>Cittadino dell&#8217;UE<\/li>\n\n\n\n<li>Colloquio e processo di selezione.<\/li>\n\n\n\n<li>Formazione in assistenza clienti, vendite, gestione del front\/back office, animazione e altro ancora.<\/li>\n\n\n\n<li>Migliorare il suo spagnolo.<\/li>\n\n\n\n<li>Alloggio a Valencia &#8211; Barcellona<\/li>\n\n\n\n<li>Certificato di tirocinio<\/li>\n\n\n\n<li>Possibilit\u00e0 di stipulare contratti<\/li>\n<\/ul>\n\n<h1 class=\"wp-block-heading\" id=\"h-work-in-the-uk\"><strong>Lavorare nel Regno Unito<\/strong><\/h1>\n\n<p>INFORMAZIONI GENERALI<\/p>\n\n<p>Dalle multinazionali alle aziende industriali e alle start-up, la citt\u00e0 cosmopolita di Londra \u00e8 uno dei luoghi migliori al mondo per migliorare il suo CV e le sue competenze lavorative.<\/p>\n\n<p>Nel mondo competitivo di oggi, fare uno stage a Londra la aiuter\u00e0 a distinguersi dalla massa.<\/p>\n\n<p>Lavorare a Londra le offre l&#8217;opportunit\u00e0 di essere indipendente, di imparare o migliorare le sue competenze lavorative e il suo vocabolario tecnico commerciale e di entrare nel mercato del lavoro.<\/p>\n\n<p>Con i nostri stage, imparer\u00e0 ad assumersi responsabilit\u00e0 sul lavoro, venendo accolto in una delle nostre accoglienti aziende.<\/p>\n\n<p>REQUISITI. Soggiorno minimo:<\/p>\n\n<ul class=\"wp-block-list\">\n<li><span style=\"font-weight: 400;\">Minimo: 6 mesi (Verano 4)<\/span><\/li>\n\n\n\n<li><span style=\"font-weight: 400;\">Massimo: 1 anno<\/span><\/li>\n<\/ul>\n\n<p><b>Lingue:<\/b><\/p>\n\n<ul class=\"wp-block-list\">\n<li>Livello di inglese: Non richiesto<\/li>\n<\/ul>\n\n<p><b>Documentazione:<\/b><\/p>\n\n<ul class=\"wp-block-list\">\n<li>Cittadino UE<\/li>\n<\/ul>\n\n<p>COSA \u00c8 INCLUSO<\/p>\n\n<ul class=\"wp-block-list\">\n<li>Cerca un&#8217;azienda in base ai parametri richiesti.<\/li>\n\n\n\n<li>Processo di selezione.<\/li>\n\n\n\n<li>Supporto del nostro team di coordinamento a Londra.<\/li>\n\n\n\n<li>Certificato di completamento dello stage.<\/li>\n\n\n\n<li>Incontro informativo iniziale a destinazione (induction dello studente) + colloquio con l&#8217;azienda ospitante.<\/li>\n\n\n\n<li>Accesso al nostro programma sociale a Londra.<\/li>\n\n\n\n<li>Consigli per trovare un alloggio.<\/li>\n<\/ul>\n\n<p>A CHI \u00c8 RIVOLTO?<\/p>\n\n<ul class=\"wp-block-list\">\n<li>A qualsiasi persona nella fascia d&#8217;et\u00e0 richiesta (vedere sotto).<\/li>\n\n\n\n<li>L&#8217;esperienza precedente non \u00e8 necessaria, ma \u00e8 consigliabile averla per poter accedere a lavori migliori fin dall&#8217;inizio. <\/li>\n\n\n\n<li>Non \u00e8 necessario avere un livello elevato di inglese, ma \u00e8 consigliabile avere il miglior livello possibile.<\/li>\n<\/ul>\n\n<p>\u00c8 ideale per studenti o professionisti del settore alberghiero, ma non solo per loro. Chiunque voglia fare un&#8217;esperienza di lavoro nel Regno Unito, migliorare il proprio curriculum vitae e le proprie conoscenze della lingua inglese, nonch\u00e9 stringere nuovi contatti e amicizie, pu\u00f2 partecipare al programma &#8211; se ha esperienza nel settore dell&#8217;ospitalit\u00e0, questo programma \u00e8 ideale per lei!<\/p>\n\n<h3 class=\"wp-block-heading\" id=\"h-contact-us\">Contatti<\/h3>\n\n<h5 class=\"wp-block-heading\" id=\"h-you-can-also-send-us-an-email-to-staff-feetuphostels-com\"><strong>Pu\u00f2 anche inviarci un&#8217;e-mail a <a href=\"mailto:staff@feetuphostels.com\">staff@feetuphostels.com<\/a><\/strong><\/h5>\n","protected":false},"excerpt":{"rendered":"<p>Lavoro con noi \ud83d\ude80 lavoro distanza esperienza \ud83d\ude80 con Feet Up ostelli a Barcellona o Valencia. Esperienza trasferta di lavoro in Spagna e Londra<\/p>\n","protected":false},"author":13,"featured_media":0,"parent":0,"menu_order":0,"comment_status":"closed","ping_status":"closed","template":"","meta":{"footnotes":""},"class_list":["post-17678","page","type-page","status-publish","hentry"],"yoast_head":"<!-- This site is optimized with the Yoast SEO plugin v27.4 - https:\/\/yoast.com\/product\/yoast-seo-wordpress\/ -->\n<title>Lavoro con noi \ud83d\ude80 lavoro distanza esperienza \ud83d\ude80 con Feet Up Ostelli<\/title>\n<meta name=\"description\" content=\"Lavoro con noi \ud83d\ude80 lavoro distanza esperienza \ud83d\ude80 con Feet Up ostelli a Barcellona o Valencia. Esperienza trasferta di lavoro in Spagna e Londra\" \/>\n<meta name=\"robots\" content=\"index, follow, max-snippet:-1, max-image-preview:large, max-video-preview:-1\" \/>\n<link rel=\"canonical\" href=\"https:\/\/feetuphostels.com\/it\/lavora-con-noi\/\" \/>\n<meta property=\"og:locale\" content=\"it_IT\" \/>\n<meta property=\"og:type\" content=\"article\" \/>\n<meta property=\"og:title\" content=\"Lavoro con noi \ud83d\ude80 lavoro distanza esperienza \ud83d\ude80 con Feet Up Ostelli\" \/>\n<meta property=\"og:description\" content=\"Lavoro con noi \ud83d\ude80 lavoro distanza esperienza \ud83d\ude80 con Feet Up ostelli a Barcellona o Valencia. Esperienza trasferta di lavoro in Spagna e Londra\" \/>\n<meta property=\"og:url\" content=\"https:\/\/feetuphostels.com\/it\/lavora-con-noi\/\" \/>\n<meta property=\"og:site_name\" content=\"Feet Up Hostels\" \/>\n<meta property=\"article:publisher\" content=\"https:\/\/facebook.com\/feetuphostelsgroup\" \/>\n<meta property=\"article:modified_time\" content=\"2024-11-09T13:01:15+00:00\" \/>\n<meta property=\"og:image\" content=\"https:\/\/feetuphostels.com\/wp-content\/uploads\/2017\/01\/about-us.jpg\" \/>\n\t<meta property=\"og:image:width\" content=\"960\" \/>\n\t<meta property=\"og:image:height\" content=\"650\" \/>\n\t<meta property=\"og:image:type\" content=\"image\/jpeg\" \/>\n<meta name=\"twitter:card\" content=\"summary_large_image\" \/>\n<meta name=\"twitter:site\" content=\"@feetuphostels\" \/>\n<meta name=\"twitter:label1\" content=\"Tempo di lettura stimato\" \/>\n\t<meta name=\"twitter:data1\" content=\"3 minuti\" \/>\n<script type=\"application\/ld+json\" class=\"yoast-schema-graph\">{\"@context\":\"https:\\\/\\\/schema.org\",\"@graph\":[{\"@type\":\"WebPage\",\"@id\":\"https:\\\/\\\/feetuphostels.com\\\/it\\\/lavora-con-noi\\\/\",\"url\":\"https:\\\/\\\/feetuphostels.com\\\/it\\\/lavora-con-noi\\\/\",\"name\":\"Lavoro con noi \ud83d\ude80 lavoro distanza esperienza \ud83d\ude80 con Feet Up Ostelli\",\"isPartOf\":{\"@id\":\"https:\\\/\\\/feetuphostels.com\\\/it\\\/#website\"},\"datePublished\":\"2017-01-20T18:52:44+00:00\",\"dateModified\":\"2024-11-09T13:01:15+00:00\",\"description\":\"Lavoro con noi \ud83d\ude80 lavoro distanza esperienza \ud83d\ude80 con Feet Up ostelli a Barcellona o Valencia. Esperienza trasferta di lavoro in Spagna e Londra\",\"breadcrumb\":{\"@id\":\"https:\\\/\\\/feetuphostels.com\\\/it\\\/lavora-con-noi\\\/#breadcrumb\"},\"inLanguage\":\"it-IT\",\"potentialAction\":[{\"@type\":\"ReadAction\",\"target\":[\"https:\\\/\\\/feetuphostels.com\\\/it\\\/lavora-con-noi\\\/\"]}]},{\"@type\":\"BreadcrumbList\",\"@id\":\"https:\\\/\\\/feetuphostels.com\\\/it\\\/lavora-con-noi\\\/#breadcrumb\",\"itemListElement\":[{\"@type\":\"ListItem\",\"position\":1,\"name\":\"Home\",\"item\":\"https:\\\/\\\/feetuphostels.com\\\/it\\\/\"},{\"@type\":\"ListItem\",\"position\":2,\"name\":\"Lavora con noi\"}]},{\"@type\":\"WebSite\",\"@id\":\"https:\\\/\\\/feetuphostels.com\\\/it\\\/#website\",\"url\":\"https:\\\/\\\/feetuphostels.com\\\/it\\\/\",\"name\":\"Feet Up Hostels\",\"description\":\"Ostelli della giovent\u00f9 e alloggi a Valencia, Spagna. Siamo specialisti della cordialit\u00e0\",\"publisher\":{\"@id\":\"https:\\\/\\\/feetuphostels.com\\\/it\\\/#organization\"},\"alternateName\":\"Feet Up Hostels\",\"potentialAction\":[{\"@type\":\"SearchAction\",\"target\":{\"@type\":\"EntryPoint\",\"urlTemplate\":\"https:\\\/\\\/feetuphostels.com\\\/it\\\/?s={search_term_string}\"},\"query-input\":{\"@type\":\"PropertyValueSpecification\",\"valueRequired\":true,\"valueName\":\"search_term_string\"}}],\"inLanguage\":\"it-IT\"},{\"@type\":\"Organization\",\"@id\":\"https:\\\/\\\/feetuphostels.com\\\/it\\\/#organization\",\"name\":\"Feet Up Hostels\",\"alternateName\":\"Feet Up Hostels\",\"url\":\"https:\\\/\\\/feetuphostels.com\\\/it\\\/\",\"logo\":{\"@type\":\"ImageObject\",\"inLanguage\":\"it-IT\",\"@id\":\"https:\\\/\\\/feetuphostels.com\\\/it\\\/#\\\/schema\\\/logo\\\/image\\\/\",\"url\":\"https:\\\/\\\/feetuphostels.com\\\/wp-content\\\/uploads\\\/2019\\\/01\\\/logo-web-amp-feetuphostels.svg\",\"contentUrl\":\"https:\\\/\\\/feetuphostels.com\\\/wp-content\\\/uploads\\\/2019\\\/01\\\/logo-web-amp-feetuphostels.svg\",\"width\":1,\"height\":1,\"caption\":\"Feet Up Hostels\"},\"image\":{\"@id\":\"https:\\\/\\\/feetuphostels.com\\\/it\\\/#\\\/schema\\\/logo\\\/image\\\/\"},\"sameAs\":[\"https:\\\/\\\/facebook.com\\\/feetuphostelsgroup\",\"https:\\\/\\\/x.com\\\/feetuphostels\",\"https:\\\/\\\/www.instagram.com\\\/feetuphostels\\\/\",\"https:\\\/\\\/www.tiktok.com\\\/@feetuphostels\",\"https:\\\/\\\/www.linkedin.com\\\/company\\\/feetuphostelsgroup\\\/\",\"https:\\\/\\\/www.pinterest.es\\\/FeetupHostels\\\/\",\"https:\\\/\\\/www.youtube.com\\\/feetuphostels\"]}]}<\/script>\n<!-- \/ Yoast SEO plugin. -->","yoast_head_json":{"title":"Lavoro con noi \ud83d\ude80 lavoro distanza esperienza \ud83d\ude80 con Feet Up Ostelli","description":"Lavoro con noi \ud83d\ude80 lavoro distanza esperienza \ud83d\ude80 con Feet Up ostelli a Barcellona o Valencia. Esperienza trasferta di lavoro in Spagna e Londra","robots":{"index":"index","follow":"follow","max-snippet":"max-snippet:-1","max-image-preview":"max-image-preview:large","max-video-preview":"max-video-preview:-1"},"canonical":"https:\/\/feetuphostels.com\/it\/lavora-con-noi\/","og_locale":"it_IT","og_type":"article","og_title":"Lavoro con noi \ud83d\ude80 lavoro distanza esperienza \ud83d\ude80 con Feet Up Ostelli","og_description":"Lavoro con noi \ud83d\ude80 lavoro distanza esperienza \ud83d\ude80 con Feet Up ostelli a Barcellona o Valencia. Esperienza trasferta di lavoro in Spagna e Londra","og_url":"https:\/\/feetuphostels.com\/it\/lavora-con-noi\/","og_site_name":"Feet Up Hostels","article_publisher":"https:\/\/facebook.com\/feetuphostelsgroup","article_modified_time":"2024-11-09T13:01:15+00:00","og_image":[{"width":960,"height":650,"url":"https:\/\/feetuphostels.com\/wp-content\/uploads\/2017\/01\/about-us.jpg","type":"image\/jpeg"}],"twitter_card":"summary_large_image","twitter_site":"@feetuphostels","twitter_misc":{"Tempo di lettura stimato":"3 minuti"},"schema":{"@context":"https:\/\/schema.org","@graph":[{"@type":"WebPage","@id":"https:\/\/feetuphostels.com\/it\/lavora-con-noi\/","url":"https:\/\/feetuphostels.com\/it\/lavora-con-noi\/","name":"Lavoro con noi \ud83d\ude80 lavoro distanza esperienza \ud83d\ude80 con Feet Up Ostelli","isPartOf":{"@id":"https:\/\/feetuphostels.com\/it\/#website"},"datePublished":"2017-01-20T18:52:44+00:00","dateModified":"2024-11-09T13:01:15+00:00","description":"Lavoro con noi \ud83d\ude80 lavoro distanza esperienza \ud83d\ude80 con Feet Up ostelli a Barcellona o Valencia. Esperienza trasferta di lavoro in Spagna e Londra","breadcrumb":{"@id":"https:\/\/feetuphostels.com\/it\/lavora-con-noi\/#breadcrumb"},"inLanguage":"it-IT","potentialAction":[{"@type":"ReadAction","target":["https:\/\/feetuphostels.com\/it\/lavora-con-noi\/"]}]},{"@type":"BreadcrumbList","@id":"https:\/\/feetuphostels.com\/it\/lavora-con-noi\/#breadcrumb","itemListElement":[{"@type":"ListItem","position":1,"name":"Home","item":"https:\/\/feetuphostels.com\/it\/"},{"@type":"ListItem","position":2,"name":"Lavora con noi"}]},{"@type":"WebSite","@id":"https:\/\/feetuphostels.com\/it\/#website","url":"https:\/\/feetuphostels.com\/it\/","name":"Feet Up Hostels","description":"Ostelli della giovent\u00f9 e alloggi a Valencia, Spagna. Siamo specialisti della cordialit\u00e0","publisher":{"@id":"https:\/\/feetuphostels.com\/it\/#organization"},"alternateName":"Feet Up Hostels","potentialAction":[{"@type":"SearchAction","target":{"@type":"EntryPoint","urlTemplate":"https:\/\/feetuphostels.com\/it\/?s={search_term_string}"},"query-input":{"@type":"PropertyValueSpecification","valueRequired":true,"valueName":"search_term_string"}}],"inLanguage":"it-IT"},{"@type":"Organization","@id":"https:\/\/feetuphostels.com\/it\/#organization","name":"Feet Up Hostels","alternateName":"Feet Up Hostels","url":"https:\/\/feetuphostels.com\/it\/","logo":{"@type":"ImageObject","inLanguage":"it-IT","@id":"https:\/\/feetuphostels.com\/it\/#\/schema\/logo\/image\/","url":"https:\/\/feetuphostels.com\/wp-content\/uploads\/2019\/01\/logo-web-amp-feetuphostels.svg","contentUrl":"https:\/\/feetuphostels.com\/wp-content\/uploads\/2019\/01\/logo-web-amp-feetuphostels.svg","width":1,"height":1,"caption":"Feet Up Hostels"},"image":{"@id":"https:\/\/feetuphostels.com\/it\/#\/schema\/logo\/image\/"},"sameAs":["https:\/\/facebook.com\/feetuphostelsgroup","https:\/\/x.com\/feetuphostels","https:\/\/www.instagram.com\/feetuphostels\/","https:\/\/www.tiktok.com\/@feetuphostels","https:\/\/www.linkedin.com\/company\/feetuphostelsgroup\/","https:\/\/www.pinterest.es\/FeetupHostels\/","https:\/\/www.youtube.com\/feetuphostels"]}]}},"_links":{"self":[{"href":"https:\/\/feetuphostels.com\/it\/wp-json\/wp\/v2\/pages\/17678","targetHints":{"allow":["GET"]}}],"collection":[{"href":"https:\/\/feetuphostels.com\/it\/wp-json\/wp\/v2\/pages"}],"about":[{"href":"https:\/\/feetuphostels.com\/it\/wp-json\/wp\/v2\/types\/page"}],"author":[{"embeddable":true,"href":"https:\/\/feetuphostels.com\/it\/wp-json\/wp\/v2\/users\/13"}],"replies":[{"embeddable":true,"href":"https:\/\/feetuphostels.com\/it\/wp-json\/wp\/v2\/comments?post=17678"}],"version-history":[{"count":0,"href":"https:\/\/feetuphostels.com\/it\/wp-json\/wp\/v2\/pages\/17678\/revisions"}],"wp:attachment":[{"href":"https:\/\/feetuphostels.com\/it\/wp-json\/wp\/v2\/media?parent=17678"}],"curies":[{"name":"wp","href":"https:\/\/api.w.org\/{rel}","templated":true}]}}