{"id":17607,"date":"2018-12-04T11:14:36","date_gmt":"2018-12-04T10:14:36","guid":{"rendered":"https:\/\/feetuphostels.com\/?page_id=17607"},"modified":"2024-11-09T14:03:19","modified_gmt":"2024-11-09T13:03:19","slug":"ostelli-gioventu-spagna","status":"publish","type":"page","link":"https:\/\/feetuphostels.com\/it\/ostelli-gioventu-spagna\/","title":{"rendered":"Ostelli della giovent\u00f9 in Spagna"},"content":{"rendered":"\n<h1 class=\"wp-block-heading has-text-align-center\" id=\"h-youth-hostels-spain\">Ostelli della giovent\u00f9 Spagna<\/h1>\n\n<h2 class=\"wp-block-heading has-text-align-center\" id=\"h-the-cheapest-accommodations\">Gli alloggi pi\u00f9 economici<\/h2>\n\n<h3 class=\"wp-block-heading\" id=\"h-we-are-a-group-of-the-best-youth-hostels-spain\">Siamo un gruppo dei migliori ostelli della giovent\u00f9 Spagna<\/h3>\n\n<p>I viaggiatori economici sanno che non c&#8217;\u00e8 modo migliore per sfruttare al meglio il loro viaggio che soggiornare in uno degli ostelli della giovent\u00f9 in Spagna: risparmia denaro per esplorare durante il giorno e scambiare storie con altri backpackers nella cucina in comune. Dormitori in stile dormitorio con bagno in comune sono tasso ostello standard, ma le camere private sono disponibili anche per coloro che sono disposti a pagare un po &#8216; di pi\u00f9<\/p>\n\n<figure class=\"wp-block-image size-full\"><img fetchpriority=\"high\" decoding=\"async\" width=\"1554\" height=\"1080\" src=\"https:\/\/feetuphostels.com\/wp-content\/uploads\/2019\/02\/09red-nest-hostel-valencia-by-feetuphostels.jpg\" alt=\"Godetevi il vostro tempo con gli amici\" class=\"wp-image-18656\" srcset=\"https:\/\/feetuphostels.com\/wp-content\/uploads\/2019\/02\/09red-nest-hostel-valencia-by-feetuphostels.jpg 1554w, https:\/\/feetuphostels.com\/wp-content\/uploads\/2019\/02\/09red-nest-hostel-valencia-by-feetuphostels-300x208.jpg 300w, https:\/\/feetuphostels.com\/wp-content\/uploads\/2019\/02\/09red-nest-hostel-valencia-by-feetuphostels-768x534.jpg 768w, https:\/\/feetuphostels.com\/wp-content\/uploads\/2019\/02\/09red-nest-hostel-valencia-by-feetuphostels-1024x712.jpg 1024w, https:\/\/feetuphostels.com\/wp-content\/uploads\/2019\/02\/09red-nest-hostel-valencia-by-feetuphostels-210x146.jpg 210w, https:\/\/feetuphostels.com\/wp-content\/uploads\/2019\/02\/09red-nest-hostel-valencia-by-feetuphostels-50x35.jpg 50w, https:\/\/feetuphostels.com\/wp-content\/uploads\/2019\/02\/09red-nest-hostel-valencia-by-feetuphostels-108x75.jpg 108w\" sizes=\"(max-width: 1554px) 100vw, 1554px\" \/><figcaption class=\"wp-element-caption\">Godetevi il vostro tempo con gli amici<\/figcaption><\/figure>\n\n<h3 class=\"wp-block-heading\" id=\"h-looking-for-a-hostel-in-barcelona\">Cerchi un <a href=\"https:\/\/feetuphostels.com\/it\/ostelli-gioventu-barcelona\/\">ostello a Barcellona?<\/a>?<\/h3>\n\n<p><a href=\"https:\/\/feetuphostels.com\/it\/yellow-nest-ostello-barcelona\/\">Yellow Nest Hostel Barcelona<\/a> \u00e8 il posto migliore dove alloggiare se cerchi un alloggio economico, pulito e sicuro e dove incontrare nuovi viaggiatori e backpacker a Barcellona.<\/p>\n\n<h3 class=\"wp-block-heading\" id=\"h-only-3-streets-away-from-the-barcelona-camp-nou-football-stadium\">Solo 3 strade di distanza dallo stadio di calcio Camp Nou di Barcellona<\/h3>\n\n<p>Disponiamo di diverse tipologie di camere adatte ad ogni vostra esigenza. Puoi scegliere tra camere condivise con design semplici e colorati.<\/p>\n\n<p><a href=\"https:\/\/feetuphostels.com\/it\/garden-house-ostello-barcelona\/\">Garden House Hostel Barcelona<\/a>. Abbiamo offerte speciali di alcuni locali di quella zona e possiamo darti alcuni consigli su come scoprire il meglio di Barcellona. Prenota con noi il tuo letto a Barcellona, parliamo la tua lingua.<\/p>\n\n<h3 class=\"wp-block-heading\" id=\"h-we-are-4-streets-from-the-metro-stop-valldaura\">Siamo a 4 strade dalla fermata della metropolitana Valldaura<\/h3>\n\n<p>Siamo situati nella zona residenziale vicino alla stazione della metropolitana Valldaura, linea verde, che va direttamente a Passeig de Gracia e Parallelo (\u00e8 facile e comodo per arrivare).<\/p>\n\n<h3 class=\"wp-block-heading\" id=\"h-looking-for-a-hostel-in-valencia\">Cerchi un <a href=\"https:\/\/feetuphostels.com\/it\/ostelli-gioventu-valencia\/\">ostello a Valencia?<\/a>?<\/h3>\n\n<p>Purple Nest Hostel Valencia<\/p>\n\n<p>Red Nest Hostel Valencia<\/p>\n\n<p>H\u00f4me Youth Hostel Valencia<\/p>\n\n<p>H\u00f4me Backpackers Hostel Valencia<\/p>\n","protected":false},"excerpt":{"rendered":"<p>Ostelli della giovent\u00f9 in Spagna. Alloggio a Barcellona, Valencia e Siviglia. Ostelli pi\u00f9 economici nelle migliori citt\u00e0 della Spagna. Prenotate il vostro letto con noi. Boow ora in piedi fino Ostelli. Ostelli Valencia. Alta qualit\u00e0 e alloggio economico situato nel cuore e nel centro della citt\u00e0. Camere private. Nessuna Commissione su prenotazione. Prezzo ufficiale per oggi a Valencia per la casa della giovent\u00f9 Ostello Valencia, Home backPackers Hostel Valencia, Red Nest Hostel Valencia, Purple Nest Hostel Valencia. Ostelli pi\u00f9 economici<\/p>\n","protected":false},"author":13,"featured_media":18660,"parent":0,"menu_order":0,"comment_status":"closed","ping_status":"open","template":"","meta":{"footnotes":""},"class_list":["post-17607","page","type-page","status-publish","has-post-thumbnail","hentry"],"yoast_head":"<!-- This site is optimized with the Yoast SEO plugin v27.4 - https:\/\/yoast.com\/product\/yoast-seo-wordpress\/ -->\n<title>Ostelli della giovent\u00f9 in Spagna. Alloggio a Barcellona, Valencia e Siviglia<\/title>\n<meta name=\"description\" content=\"Ostelli della giovent\u00f9 in Spagna. Alloggio a Barcellona, Valencia e Siviglia. Ostelli pi\u00f9 economici nelle migliori citt\u00e0 della Spagna. Prenota il tuo letto con noi\" \/>\n<meta name=\"robots\" content=\"index, follow, max-snippet:-1, max-image-preview:large, max-video-preview:-1\" \/>\n<link rel=\"canonical\" href=\"https:\/\/feetuphostels.com\/it\/ostelli-gioventu-spagna\/\" \/>\n<meta property=\"og:locale\" content=\"it_IT\" \/>\n<meta property=\"og:type\" content=\"article\" \/>\n<meta property=\"og:title\" content=\"Ostelli della giovent\u00f9 in Spagna. Alloggio a Barcellona, Valencia e Siviglia\" \/>\n<meta property=\"og:description\" content=\"Ostelli della giovent\u00f9 in Spagna. Alloggio a Barcellona, Valencia e Siviglia. Ostelli pi\u00f9 economici nelle migliori citt\u00e0 della Spagna. Prenota il tuo letto con noi\" \/>\n<meta property=\"og:url\" content=\"https:\/\/feetuphostels.com\/it\/ostelli-gioventu-spagna\/\" \/>\n<meta property=\"og:site_name\" content=\"Feet Up Hostels\" \/>\n<meta property=\"article:publisher\" content=\"https:\/\/facebook.com\/feetuphostelsgroup\" \/>\n<meta property=\"article:modified_time\" content=\"2024-11-09T13:03:19+00:00\" \/>\n<meta property=\"og:image\" content=\"https:\/\/feetuphostels.com\/wp-content\/uploads\/2019\/02\/09red-nest-hostel-valencia-by-feetuphostels.jpg\" \/>\n\t<meta property=\"og:image:width\" content=\"1554\" \/>\n\t<meta property=\"og:image:height\" content=\"1080\" \/>\n\t<meta property=\"og:image:type\" content=\"image\/jpeg\" \/>\n<meta name=\"twitter:card\" content=\"summary_large_image\" \/>\n<meta name=\"twitter:site\" content=\"@feetuphostels\" \/>\n<meta name=\"twitter:label1\" content=\"Tempo di lettura stimato\" \/>\n\t<meta name=\"twitter:data1\" content=\"1 minuto\" \/>\n<script type=\"application\/ld+json\" class=\"yoast-schema-graph\">{\"@context\":\"https:\\\/\\\/schema.org\",\"@graph\":[{\"@type\":\"WebPage\",\"@id\":\"https:\\\/\\\/feetuphostels.com\\\/it\\\/ostelli-gioventu-spagna\\\/\",\"url\":\"https:\\\/\\\/feetuphostels.com\\\/it\\\/ostelli-gioventu-spagna\\\/\",\"name\":\"Ostelli della giovent\u00f9 in Spagna. Alloggio a Barcellona, Valencia e Siviglia\",\"isPartOf\":{\"@id\":\"https:\\\/\\\/feetuphostels.com\\\/it\\\/#website\"},\"primaryImageOfPage\":{\"@id\":\"https:\\\/\\\/feetuphostels.com\\\/it\\\/ostelli-gioventu-spagna\\\/#primaryimage\"},\"image\":{\"@id\":\"https:\\\/\\\/feetuphostels.com\\\/it\\\/ostelli-gioventu-spagna\\\/#primaryimage\"},\"thumbnailUrl\":\"https:\\\/\\\/feetuphostels.com\\\/wp-content\\\/uploads\\\/2019\\\/02\\\/09red-nest-hostel-valencia-by-feetuphostels.jpg\",\"datePublished\":\"2018-12-04T10:14:36+00:00\",\"dateModified\":\"2024-11-09T13:03:19+00:00\",\"description\":\"Ostelli della giovent\u00f9 in Spagna. Alloggio a Barcellona, Valencia e Siviglia. Ostelli pi\u00f9 economici nelle migliori citt\u00e0 della Spagna. Prenota il tuo letto con noi\",\"breadcrumb\":{\"@id\":\"https:\\\/\\\/feetuphostels.com\\\/it\\\/ostelli-gioventu-spagna\\\/#breadcrumb\"},\"inLanguage\":\"it-IT\",\"potentialAction\":[{\"@type\":\"ReadAction\",\"target\":[\"https:\\\/\\\/feetuphostels.com\\\/it\\\/ostelli-gioventu-spagna\\\/\"]}]},{\"@type\":\"ImageObject\",\"inLanguage\":\"it-IT\",\"@id\":\"https:\\\/\\\/feetuphostels.com\\\/it\\\/ostelli-gioventu-spagna\\\/#primaryimage\",\"url\":\"https:\\\/\\\/feetuphostels.com\\\/wp-content\\\/uploads\\\/2019\\\/02\\\/09red-nest-hostel-valencia-by-feetuphostels.jpg\",\"contentUrl\":\"https:\\\/\\\/feetuphostels.com\\\/wp-content\\\/uploads\\\/2019\\\/02\\\/09red-nest-hostel-valencia-by-feetuphostels.jpg\",\"width\":1554,\"height\":1080,\"caption\":\"Goditi il tempo con gli amici\"},{\"@type\":\"BreadcrumbList\",\"@id\":\"https:\\\/\\\/feetuphostels.com\\\/it\\\/ostelli-gioventu-spagna\\\/#breadcrumb\",\"itemListElement\":[{\"@type\":\"ListItem\",\"position\":1,\"name\":\"Home\",\"item\":\"https:\\\/\\\/feetuphostels.com\\\/it\\\/\"},{\"@type\":\"ListItem\",\"position\":2,\"name\":\"Ostelli della giovent\u00f9 in Spagna\"}]},{\"@type\":\"WebSite\",\"@id\":\"https:\\\/\\\/feetuphostels.com\\\/it\\\/#website\",\"url\":\"https:\\\/\\\/feetuphostels.com\\\/it\\\/\",\"name\":\"Feet Up Hostels\",\"description\":\"Ostelli della giovent\u00f9 e alloggi a Valencia, Spagna. Siamo specialisti della cordialit\u00e0\",\"publisher\":{\"@id\":\"https:\\\/\\\/feetuphostels.com\\\/it\\\/#organization\"},\"alternateName\":\"Feet Up Hostels\",\"potentialAction\":[{\"@type\":\"SearchAction\",\"target\":{\"@type\":\"EntryPoint\",\"urlTemplate\":\"https:\\\/\\\/feetuphostels.com\\\/it\\\/?s={search_term_string}\"},\"query-input\":{\"@type\":\"PropertyValueSpecification\",\"valueRequired\":true,\"valueName\":\"search_term_string\"}}],\"inLanguage\":\"it-IT\"},{\"@type\":\"Organization\",\"@id\":\"https:\\\/\\\/feetuphostels.com\\\/it\\\/#organization\",\"name\":\"Feet Up Hostels\",\"alternateName\":\"Feet Up Hostels\",\"url\":\"https:\\\/\\\/feetuphostels.com\\\/it\\\/\",\"logo\":{\"@type\":\"ImageObject\",\"inLanguage\":\"it-IT\",\"@id\":\"https:\\\/\\\/feetuphostels.com\\\/it\\\/#\\\/schema\\\/logo\\\/image\\\/\",\"url\":\"https:\\\/\\\/feetuphostels.com\\\/wp-content\\\/uploads\\\/2019\\\/01\\\/logo-web-amp-feetuphostels.svg\",\"contentUrl\":\"https:\\\/\\\/feetuphostels.com\\\/wp-content\\\/uploads\\\/2019\\\/01\\\/logo-web-amp-feetuphostels.svg\",\"width\":1,\"height\":1,\"caption\":\"Feet Up Hostels\"},\"image\":{\"@id\":\"https:\\\/\\\/feetuphostels.com\\\/it\\\/#\\\/schema\\\/logo\\\/image\\\/\"},\"sameAs\":[\"https:\\\/\\\/facebook.com\\\/feetuphostelsgroup\",\"https:\\\/\\\/x.com\\\/feetuphostels\",\"https:\\\/\\\/www.instagram.com\\\/feetuphostels\\\/\",\"https:\\\/\\\/www.tiktok.com\\\/@feetuphostels\",\"https:\\\/\\\/www.linkedin.com\\\/company\\\/feetuphostelsgroup\\\/\",\"https:\\\/\\\/www.pinterest.es\\\/FeetupHostels\\\/\",\"https:\\\/\\\/www.youtube.com\\\/feetuphostels\"]}]}<\/script>\n<!-- \/ Yoast SEO plugin. -->","yoast_head_json":{"title":"Ostelli della giovent\u00f9 in Spagna. Alloggio a Barcellona, Valencia e Siviglia","description":"Ostelli della giovent\u00f9 in Spagna. Alloggio a Barcellona, Valencia e Siviglia. Ostelli pi\u00f9 economici nelle migliori citt\u00e0 della Spagna. Prenota il tuo letto con noi","robots":{"index":"index","follow":"follow","max-snippet":"max-snippet:-1","max-image-preview":"max-image-preview:large","max-video-preview":"max-video-preview:-1"},"canonical":"https:\/\/feetuphostels.com\/it\/ostelli-gioventu-spagna\/","og_locale":"it_IT","og_type":"article","og_title":"Ostelli della giovent\u00f9 in Spagna. Alloggio a Barcellona, Valencia e Siviglia","og_description":"Ostelli della giovent\u00f9 in Spagna. Alloggio a Barcellona, Valencia e Siviglia. Ostelli pi\u00f9 economici nelle migliori citt\u00e0 della Spagna. Prenota il tuo letto con noi","og_url":"https:\/\/feetuphostels.com\/it\/ostelli-gioventu-spagna\/","og_site_name":"Feet Up Hostels","article_publisher":"https:\/\/facebook.com\/feetuphostelsgroup","article_modified_time":"2024-11-09T13:03:19+00:00","og_image":[{"width":1554,"height":1080,"url":"https:\/\/feetuphostels.com\/wp-content\/uploads\/2019\/02\/09red-nest-hostel-valencia-by-feetuphostels.jpg","type":"image\/jpeg"}],"twitter_card":"summary_large_image","twitter_site":"@feetuphostels","twitter_misc":{"Tempo di lettura stimato":"1 minuto"},"schema":{"@context":"https:\/\/schema.org","@graph":[{"@type":"WebPage","@id":"https:\/\/feetuphostels.com\/it\/ostelli-gioventu-spagna\/","url":"https:\/\/feetuphostels.com\/it\/ostelli-gioventu-spagna\/","name":"Ostelli della giovent\u00f9 in Spagna. Alloggio a Barcellona, Valencia e Siviglia","isPartOf":{"@id":"https:\/\/feetuphostels.com\/it\/#website"},"primaryImageOfPage":{"@id":"https:\/\/feetuphostels.com\/it\/ostelli-gioventu-spagna\/#primaryimage"},"image":{"@id":"https:\/\/feetuphostels.com\/it\/ostelli-gioventu-spagna\/#primaryimage"},"thumbnailUrl":"https:\/\/feetuphostels.com\/wp-content\/uploads\/2019\/02\/09red-nest-hostel-valencia-by-feetuphostels.jpg","datePublished":"2018-12-04T10:14:36+00:00","dateModified":"2024-11-09T13:03:19+00:00","description":"Ostelli della giovent\u00f9 in Spagna. Alloggio a Barcellona, Valencia e Siviglia. Ostelli pi\u00f9 economici nelle migliori citt\u00e0 della Spagna. Prenota il tuo letto con noi","breadcrumb":{"@id":"https:\/\/feetuphostels.com\/it\/ostelli-gioventu-spagna\/#breadcrumb"},"inLanguage":"it-IT","potentialAction":[{"@type":"ReadAction","target":["https:\/\/feetuphostels.com\/it\/ostelli-gioventu-spagna\/"]}]},{"@type":"ImageObject","inLanguage":"it-IT","@id":"https:\/\/feetuphostels.com\/it\/ostelli-gioventu-spagna\/#primaryimage","url":"https:\/\/feetuphostels.com\/wp-content\/uploads\/2019\/02\/09red-nest-hostel-valencia-by-feetuphostels.jpg","contentUrl":"https:\/\/feetuphostels.com\/wp-content\/uploads\/2019\/02\/09red-nest-hostel-valencia-by-feetuphostels.jpg","width":1554,"height":1080,"caption":"Goditi il tempo con gli amici"},{"@type":"BreadcrumbList","@id":"https:\/\/feetuphostels.com\/it\/ostelli-gioventu-spagna\/#breadcrumb","itemListElement":[{"@type":"ListItem","position":1,"name":"Home","item":"https:\/\/feetuphostels.com\/it\/"},{"@type":"ListItem","position":2,"name":"Ostelli della giovent\u00f9 in Spagna"}]},{"@type":"WebSite","@id":"https:\/\/feetuphostels.com\/it\/#website","url":"https:\/\/feetuphostels.com\/it\/","name":"Feet Up Hostels","description":"Ostelli della giovent\u00f9 e alloggi a Valencia, Spagna. Siamo specialisti della cordialit\u00e0","publisher":{"@id":"https:\/\/feetuphostels.com\/it\/#organization"},"alternateName":"Feet Up Hostels","potentialAction":[{"@type":"SearchAction","target":{"@type":"EntryPoint","urlTemplate":"https:\/\/feetuphostels.com\/it\/?s={search_term_string}"},"query-input":{"@type":"PropertyValueSpecification","valueRequired":true,"valueName":"search_term_string"}}],"inLanguage":"it-IT"},{"@type":"Organization","@id":"https:\/\/feetuphostels.com\/it\/#organization","name":"Feet Up Hostels","alternateName":"Feet Up Hostels","url":"https:\/\/feetuphostels.com\/it\/","logo":{"@type":"ImageObject","inLanguage":"it-IT","@id":"https:\/\/feetuphostels.com\/it\/#\/schema\/logo\/image\/","url":"https:\/\/feetuphostels.com\/wp-content\/uploads\/2019\/01\/logo-web-amp-feetuphostels.svg","contentUrl":"https:\/\/feetuphostels.com\/wp-content\/uploads\/2019\/01\/logo-web-amp-feetuphostels.svg","width":1,"height":1,"caption":"Feet Up Hostels"},"image":{"@id":"https:\/\/feetuphostels.com\/it\/#\/schema\/logo\/image\/"},"sameAs":["https:\/\/facebook.com\/feetuphostelsgroup","https:\/\/x.com\/feetuphostels","https:\/\/www.instagram.com\/feetuphostels\/","https:\/\/www.tiktok.com\/@feetuphostels","https:\/\/www.linkedin.com\/company\/feetuphostelsgroup\/","https:\/\/www.pinterest.es\/FeetupHostels\/","https:\/\/www.youtube.com\/feetuphostels"]}]}},"_links":{"self":[{"href":"https:\/\/feetuphostels.com\/it\/wp-json\/wp\/v2\/pages\/17607","targetHints":{"allow":["GET"]}}],"collection":[{"href":"https:\/\/feetuphostels.com\/it\/wp-json\/wp\/v2\/pages"}],"about":[{"href":"https:\/\/feetuphostels.com\/it\/wp-json\/wp\/v2\/types\/page"}],"author":[{"embeddable":true,"href":"https:\/\/feetuphostels.com\/it\/wp-json\/wp\/v2\/users\/13"}],"replies":[{"embeddable":true,"href":"https:\/\/feetuphostels.com\/it\/wp-json\/wp\/v2\/comments?post=17607"}],"version-history":[{"count":0,"href":"https:\/\/feetuphostels.com\/it\/wp-json\/wp\/v2\/pages\/17607\/revisions"}],"wp:featuredmedia":[{"embeddable":true,"href":"https:\/\/feetuphostels.com\/it\/wp-json\/wp\/v2\/media\/18660"}],"wp:attachment":[{"href":"https:\/\/feetuphostels.com\/it\/wp-json\/wp\/v2\/media?parent=17607"}],"curies":[{"name":"wp","href":"https:\/\/api.w.org\/{rel}","templated":true}]}}