{"id":15397,"date":"2017-01-23T13:06:44","date_gmt":"2017-01-23T12:06:44","guid":{"rendered":"https:\/\/feetuphostels.com\/booking-feetup-hostels\/"},"modified":"2024-11-02T17:13:22","modified_gmt":"2024-11-02T16:13:22","slug":"prenotazioni-feetup-hostels","status":"publish","type":"page","link":"https:\/\/feetuphostels.com\/it\/prenotazioni-feetup-hostels\/","title":{"rendered":"Prenotazione Feet Up Hostels"},"content":{"rendered":"\n<h1 class=\"wp-block-heading has-text-align-center\" id=\"h-book-now-in-feet-up-hostels\">Prenota ora in Feet Up Hostels<\/h1>\n\n<hr class=\"wp-block-separator has-alpha-channel-opacity is-style-dots\"\/>\n\n<div style=\"height:40px\" aria-hidden=\"true\" class=\"wp-block-spacer\"><\/div>\n\n<div class=\"wp-block-columns is-layout-flex wp-container-core-columns-is-layout-28f84493 wp-block-columns-is-layout-flex\">\n<div class=\"wp-block-column is-layout-flow wp-block-column-is-layout-flow\">\n<div class=\"wp-block-buttons is-content-justification-center is-layout-flex wp-container-core-buttons-is-layout-a89b3969 wp-block-buttons-is-layout-flex\">\n<div class=\"wp-block-button has-custom-width wp-block-button__width-100 is-style-outline is-style-outline--1\"><a class=\"wp-block-button__link wp-element-button\" href=\"https:\/\/feetup-purple-nest-hostel-dot-feetup-hotels.appspot.com\/booking1\/?adultsRoom1=2\" style=\"border-radius:5px\" target=\"_blank\" rel=\"noreferrer noopener\">PURPLE NEST HOSTEL VALENCIA<\/a><\/div>\n<\/div>\n<\/div>\n\n\n\n<div class=\"wp-block-column is-layout-flow wp-block-column-is-layout-flow\">\n<div class=\"wp-block-buttons is-content-justification-center is-layout-flex wp-container-core-buttons-is-layout-a89b3969 wp-block-buttons-is-layout-flex\">\n<div class=\"wp-block-button has-custom-width wp-block-button__width-100 is-style-outline is-style-outline--2\"><a class=\"wp-block-button__link wp-element-button\" href=\"https:\/\/feetup-youth-hostel-dot-feetup-hotels.appspot.com\/booking1\/?adultsRoom1=2\" style=\"border-radius:5px\" target=\"_blank\" rel=\"noreferrer noopener\">H\u00d4ME YOUTH HOSTEL VALENCIA<\/a><\/div>\n<\/div>\n<\/div>\n<\/div>\n\n<div class=\"wp-block-columns is-layout-flex wp-container-core-columns-is-layout-28f84493 wp-block-columns-is-layout-flex\">\n<div class=\"wp-block-column is-layout-flow wp-block-column-is-layout-flow\">\n<div class=\"wp-block-buttons is-content-justification-center is-layout-flex wp-container-core-buttons-is-layout-a89b3969 wp-block-buttons-is-layout-flex\">\n<div class=\"wp-block-button has-custom-width wp-block-button__width-100 is-style-outline is-style-outline--3\"><a class=\"wp-block-button__link wp-element-button\" href=\"https:\/\/feetup-red-nest-hostel-dot-feetup-hotels.appspot.com\/booking1\/?adultsRoom1=2\" style=\"border-radius:5px\" target=\"_blank\" rel=\"noreferrer noopener\">RED NEST HOSTEL VALENCIA<\/a><\/div>\n<\/div>\n<\/div>\n\n\n\n<div class=\"wp-block-column is-layout-flow wp-block-column-is-layout-flow\">\n<div class=\"wp-block-buttons is-content-justification-center is-layout-flex wp-container-core-buttons-is-layout-a89b3969 wp-block-buttons-is-layout-flex\">\n<div class=\"wp-block-button has-custom-width wp-block-button__width-100 is-style-outline is-style-outline--4\"><a class=\"wp-block-button__link wp-element-button\" href=\"https:\/\/feetup-nest-style-dot-feetup-hotels.appspot.com\/booking1\/?adultsRoom1=2\" style=\"border-radius:5px\" target=\"_blank\" rel=\"noreferrer noopener\">NEST STYLE VALENCIA HOTEL<\/a><\/div>\n<\/div>\n<\/div>\n<\/div>\n\n<div style=\"height:40px\" aria-hidden=\"true\" class=\"wp-block-spacer\"><\/div>\n\n<hr class=\"wp-block-separator has-alpha-channel-opacity is-style-dots\"\/>\n\n<h2 class=\"wp-block-heading\" id=\"h-book-directly-with-us-and-enjoy-unique-benefits\">Prenota direttamente con noi e approfitta di vantaggi unici<\/h2>\n\n<p>Sappiamo che sei un viaggiatore esperto, alla ricerca della migliore esperienza al miglior prezzo. Ecco perch\u00e9 vogliamo illustrarti i vantaggi di prenotare direttamente con noi, invece di farlo attraverso intermediari come HostelWorld o TripAdvisor.<\/p>\n\n<p><em>Sei pronto a scoprire tutti i vantaggi e i risparmi che ti aspettano? Iniziamo!<\/em><\/p>\n\n<h2 class=\"wp-block-heading\">Dimentica le commissioni sui canali di prenotazione<\/h2>\n\n<p>Quando prenoti tramite intermediari, paghi una percentuale extra per il loro servizio. <\/p>\n\n<p>Se prenoti direttamente tramite noi, questo costo aggiuntivo scompare. S\u00ec, \u00e8 cos\u00ec semplice! Questo risparmio ti permetter\u00e0 di spendere di pi\u00f9 per vivere esperienze indimenticabili durante il tuo viaggio.<\/p>\n\n<h2 class=\"wp-block-heading\">Miglior prezzo garantito<\/h2>\n\n<p>Se trovi un&#8217;offerta migliore, non solo la eguaglieremo, ma la batteremo. La nostra priorit\u00e0 \u00e8 darti il massimo valore per il tuo denaro.<\/p>\n\n<h2 class=\"wp-block-heading\">Flessibilit\u00e0 nella prenotazione<\/h2>\n\n<p>Sappiamo che i piani possono cambiare. Per questo motivo, quando prenoti direttamente con noi, ti offriamo una politica pi\u00f9 flessibile per le modifiche e le cancellazioni. Puoi gestire la tua prenotazione senza complicazioni, adattandola alle tue esigenze.<\/p>\n\n<h2 class=\"wp-block-heading\"><a href=\"https:\/\/feetuphostels.com\/it\/offerte\/\" target=\"_blank\" rel=\"noreferrer noopener\">Offerte e promozioni<\/a> esclusive<\/h2>\n\n<p>Potrai accedere a offerte e promozioni che non troverai su nessun&#8217;altra piattaforma. Dai pacchetti di attivit\u00e0 ed esperienze locali agli sconti su cibo e bevande nel nostro ristorante, vogliamo che il tuo soggiorno sia eccezionale.<\/p>\n\n<h2 class=\"wp-block-heading\">Attenzione personalizzata<\/h2>\n\n<p>Il nostro team \u00e8 sempre pronto ad aiutarti. Prenotando direttamente, potrai comunicare con noi in qualsiasi momento, prima, durante e dopo il tuo soggiorno. Per qualsiasi domanda o richiesta speciale, siamo qui per realizzarla.<\/p>\n\n<div class=\"wp-block-essential-blocks-advanced-image\"><div class=\"eb-parent-wrapper eb-parent-eb-advanced-image-wuiuckq \"><figure class=\"eb-advanced-image-wrapper eb-advanced-image-wuiuckq img-style-rounded caption-style-1 caption-horizontal-center caption-vertical-bottom bottom zoom-in\" data-id=\"eb-advanced-image-wuiuckq\"><div class=\"image-wrapper\"><img decoding=\"async\" src=\"https:\/\/feetuphostels.com\/wp-content\/uploads\/2018\/11\/work-uk-feetuphostels.jpg\" alt=\"Prenotazione Feet Up Hostels\"><figcaption>Prenotazione Feet Up Hostels<\/figcaption><\/div><\/figure><\/div><\/div>\n\n<h2 class=\"wp-block-heading\">Prenotazione diretta: L&#8217;opzione migliore per i viaggiatori intelligenti<\/h2>\n\n<p>Come puoi vedere, prenotare direttamente con noi \u00e8 una scelta intelligente che ti permette di risparmiare, ottenere flessibilit\u00e0 e godere di un&#8217;esperienza personalizzata. Sei pronto a godere di tutti questi vantaggi nel tuo prossimo viaggio?<\/p>\n\n<p>Prenota subito!<\/p>\n\n<p><\/p>\n\n<p><\/p>\n","protected":false},"excerpt":{"rendered":"<p>Prenota Feet Up Hostels online da 12\u20ac a notte a Barcellona, Valencia. Prenotazione Barcellona, prenotazione Valencia. Prenota il tuo letto al miglior prezzo. Posti letto da \u20ac12 vicino allo stadio Camp Nou di Barcellona, con camere sicure, pulite, confortevoli ed economiche in una posizione molto vicina per i tifosi del Club di calcio di Barcellona. Alloggio con area comune, biliardo e attrezzature multidiomas per i viaggiatori in visita a Barcellona. Prenotazione in Garden House Hostel Barcelona. Prenota ora in Yellow Nest Hostel Barcelona. Prenotazione in Purple Nest Hostel Valencia. Prenota ora a Red Nest Hostel Valencia. Prenota in H\u00f4me Youth Hostel Valencia. Vedi prezzo in H\u00f4me Backpackers Hostel Valencia<\/p>\n","protected":false},"author":13,"featured_media":17484,"parent":0,"menu_order":0,"comment_status":"closed","ping_status":"open","template":"","meta":{"footnotes":""},"class_list":["post-15397","page","type-page","status-publish","has-post-thumbnail","hentry"],"yoast_head":"<!-- This site is optimized with the Yoast SEO plugin v27.3 - https:\/\/yoast.com\/product\/yoast-seo-wordpress\/ -->\n<title>Prenotazione di Feet Up Hostels \u2764\ufe0f Vantaggi esclusivi con i nostri ostelli<\/title>\n<meta name=\"description\" content=\"Prenotazione Feet Up Hostels da \u20ac12 \u2764\ufe0f Approfitta del tuo soggiorno prenotando direttamente con noi. Scopri i vantaggi e i risparmi che ti aspettano!\" \/>\n<meta name=\"robots\" content=\"index, follow, max-snippet:-1, max-image-preview:large, max-video-preview:-1\" \/>\n<link rel=\"canonical\" href=\"https:\/\/feetuphostels.com\/it\/prenotazioni-feetup-hostels\/\" \/>\n<meta property=\"og:locale\" content=\"it_IT\" \/>\n<meta property=\"og:type\" content=\"article\" \/>\n<meta property=\"og:title\" content=\"Prenotazione Feet Up Hostels \u00ae Friendliness Specialist\" \/>\n<meta property=\"og:description\" content=\"Prenotazione Feet Up Hostels da \u20ac12 \u2764\ufe0f Approfitta del tuo soggiorno prenotando direttamente con noi. Scopri i vantaggi e i risparmi che ti aspettano!\" \/>\n<meta property=\"og:url\" content=\"https:\/\/feetuphostels.com\/it\/prenotazioni-feetup-hostels\/\" \/>\n<meta property=\"og:site_name\" content=\"Feet Up Hostels\" \/>\n<meta property=\"article:publisher\" content=\"https:\/\/facebook.com\/feetuphostelsgroup\" \/>\n<meta property=\"article:modified_time\" content=\"2024-11-02T16:13:22+00:00\" \/>\n<meta property=\"og:image\" content=\"https:\/\/feetuphostels.com\/wp-content\/uploads\/2017\/09\/01workwithus.jpg\" \/>\n\t<meta property=\"og:image:width\" content=\"1920\" \/>\n\t<meta property=\"og:image:height\" content=\"900\" \/>\n\t<meta property=\"og:image:type\" content=\"image\/jpeg\" \/>\n<meta name=\"twitter:card\" content=\"summary_large_image\" \/>\n<meta name=\"twitter:site\" content=\"@feetuphostels\" \/>\n<meta name=\"twitter:label1\" content=\"Tempo di lettura stimato\" \/>\n\t<meta name=\"twitter:data1\" content=\"2 minuti\" \/>\n<script type=\"application\/ld+json\" class=\"yoast-schema-graph\">{\"@context\":\"https:\\\/\\\/schema.org\",\"@graph\":[{\"@type\":\"WebPage\",\"@id\":\"https:\\\/\\\/feetuphostels.com\\\/it\\\/prenotazioni-feetup-hostels\\\/\",\"url\":\"https:\\\/\\\/feetuphostels.com\\\/it\\\/prenotazioni-feetup-hostels\\\/\",\"name\":\"Prenotazione di Feet Up Hostels \u2764\ufe0f Vantaggi esclusivi con i nostri ostelli\",\"isPartOf\":{\"@id\":\"https:\\\/\\\/feetuphostels.com\\\/it\\\/#website\"},\"primaryImageOfPage\":{\"@id\":\"https:\\\/\\\/feetuphostels.com\\\/it\\\/prenotazioni-feetup-hostels\\\/#primaryimage\"},\"image\":{\"@id\":\"https:\\\/\\\/feetuphostels.com\\\/it\\\/prenotazioni-feetup-hostels\\\/#primaryimage\"},\"thumbnailUrl\":\"https:\\\/\\\/feetuphostels.com\\\/wp-content\\\/uploads\\\/2018\\\/11\\\/work-uk-feetuphostels.jpg\",\"datePublished\":\"2017-01-23T12:06:44+00:00\",\"dateModified\":\"2024-11-02T16:13:22+00:00\",\"description\":\"Prenotazione Feet Up Hostels da \u20ac12 \u2764\ufe0f Approfitta del tuo soggiorno prenotando direttamente con noi. Scopri i vantaggi e i risparmi che ti aspettano!\",\"breadcrumb\":{\"@id\":\"https:\\\/\\\/feetuphostels.com\\\/it\\\/prenotazioni-feetup-hostels\\\/#breadcrumb\"},\"inLanguage\":\"it-IT\",\"potentialAction\":[{\"@type\":\"ReadAction\",\"target\":[\"https:\\\/\\\/feetuphostels.com\\\/it\\\/prenotazioni-feetup-hostels\\\/\"]}]},{\"@type\":\"ImageObject\",\"inLanguage\":\"it-IT\",\"@id\":\"https:\\\/\\\/feetuphostels.com\\\/it\\\/prenotazioni-feetup-hostels\\\/#primaryimage\",\"url\":\"https:\\\/\\\/feetuphostels.com\\\/wp-content\\\/uploads\\\/2018\\\/11\\\/work-uk-feetuphostels.jpg\",\"contentUrl\":\"https:\\\/\\\/feetuphostels.com\\\/wp-content\\\/uploads\\\/2018\\\/11\\\/work-uk-feetuphostels.jpg\",\"width\":1200,\"height\":900,\"caption\":\"Booking Feet Up Hostels\"},{\"@type\":\"BreadcrumbList\",\"@id\":\"https:\\\/\\\/feetuphostels.com\\\/it\\\/prenotazioni-feetup-hostels\\\/#breadcrumb\",\"itemListElement\":[{\"@type\":\"ListItem\",\"position\":1,\"name\":\"Home\",\"item\":\"https:\\\/\\\/feetuphostels.com\\\/it\\\/\"},{\"@type\":\"ListItem\",\"position\":2,\"name\":\"Prenotazione Feet Up Hostels\"}]},{\"@type\":\"WebSite\",\"@id\":\"https:\\\/\\\/feetuphostels.com\\\/it\\\/#website\",\"url\":\"https:\\\/\\\/feetuphostels.com\\\/it\\\/\",\"name\":\"Feet Up Hostels\",\"description\":\"Ostelli della giovent\u00f9 e alloggi a Valencia, Spagna. Siamo specialisti della cordialit\u00e0\",\"publisher\":{\"@id\":\"https:\\\/\\\/feetuphostels.com\\\/it\\\/#organization\"},\"alternateName\":\"Feet Up Hostels\",\"potentialAction\":[{\"@type\":\"SearchAction\",\"target\":{\"@type\":\"EntryPoint\",\"urlTemplate\":\"https:\\\/\\\/feetuphostels.com\\\/it\\\/?s={search_term_string}\"},\"query-input\":{\"@type\":\"PropertyValueSpecification\",\"valueRequired\":true,\"valueName\":\"search_term_string\"}}],\"inLanguage\":\"it-IT\"},{\"@type\":\"Organization\",\"@id\":\"https:\\\/\\\/feetuphostels.com\\\/it\\\/#organization\",\"name\":\"Feet Up Hostels\",\"alternateName\":\"Feet Up Hostels\",\"url\":\"https:\\\/\\\/feetuphostels.com\\\/it\\\/\",\"logo\":{\"@type\":\"ImageObject\",\"inLanguage\":\"it-IT\",\"@id\":\"https:\\\/\\\/feetuphostels.com\\\/it\\\/#\\\/schema\\\/logo\\\/image\\\/\",\"url\":\"https:\\\/\\\/feetuphostels.com\\\/wp-content\\\/uploads\\\/2019\\\/01\\\/logo-web-amp-feetuphostels.svg\",\"contentUrl\":\"https:\\\/\\\/feetuphostels.com\\\/wp-content\\\/uploads\\\/2019\\\/01\\\/logo-web-amp-feetuphostels.svg\",\"width\":1,\"height\":1,\"caption\":\"Feet Up Hostels\"},\"image\":{\"@id\":\"https:\\\/\\\/feetuphostels.com\\\/it\\\/#\\\/schema\\\/logo\\\/image\\\/\"},\"sameAs\":[\"https:\\\/\\\/facebook.com\\\/feetuphostelsgroup\",\"https:\\\/\\\/x.com\\\/feetuphostels\",\"https:\\\/\\\/www.instagram.com\\\/feetuphostels\\\/\",\"https:\\\/\\\/www.tiktok.com\\\/@feetuphostels\",\"https:\\\/\\\/www.linkedin.com\\\/company\\\/feetuphostelsgroup\\\/\",\"https:\\\/\\\/www.pinterest.es\\\/FeetupHostels\\\/\",\"https:\\\/\\\/www.youtube.com\\\/feetuphostels\"]}]}<\/script>\n<!-- \/ Yoast SEO plugin. -->","yoast_head_json":{"title":"Prenotazione di Feet Up Hostels \u2764\ufe0f Vantaggi esclusivi con i nostri ostelli","description":"Prenotazione Feet Up Hostels da \u20ac12 \u2764\ufe0f Approfitta del tuo soggiorno prenotando direttamente con noi. Scopri i vantaggi e i risparmi che ti aspettano!","robots":{"index":"index","follow":"follow","max-snippet":"max-snippet:-1","max-image-preview":"max-image-preview:large","max-video-preview":"max-video-preview:-1"},"canonical":"https:\/\/feetuphostels.com\/it\/prenotazioni-feetup-hostels\/","og_locale":"it_IT","og_type":"article","og_title":"Prenotazione Feet Up Hostels \u00ae Friendliness Specialist","og_description":"Prenotazione Feet Up Hostels da \u20ac12 \u2764\ufe0f Approfitta del tuo soggiorno prenotando direttamente con noi. Scopri i vantaggi e i risparmi che ti aspettano!","og_url":"https:\/\/feetuphostels.com\/it\/prenotazioni-feetup-hostels\/","og_site_name":"Feet Up Hostels","article_publisher":"https:\/\/facebook.com\/feetuphostelsgroup","article_modified_time":"2024-11-02T16:13:22+00:00","og_image":[{"width":1920,"height":900,"url":"https:\/\/feetuphostels.com\/wp-content\/uploads\/2017\/09\/01workwithus.jpg","type":"image\/jpeg"}],"twitter_card":"summary_large_image","twitter_site":"@feetuphostels","twitter_misc":{"Tempo di lettura stimato":"2 minuti"},"schema":{"@context":"https:\/\/schema.org","@graph":[{"@type":"WebPage","@id":"https:\/\/feetuphostels.com\/it\/prenotazioni-feetup-hostels\/","url":"https:\/\/feetuphostels.com\/it\/prenotazioni-feetup-hostels\/","name":"Prenotazione di Feet Up Hostels \u2764\ufe0f Vantaggi esclusivi con i nostri ostelli","isPartOf":{"@id":"https:\/\/feetuphostels.com\/it\/#website"},"primaryImageOfPage":{"@id":"https:\/\/feetuphostels.com\/it\/prenotazioni-feetup-hostels\/#primaryimage"},"image":{"@id":"https:\/\/feetuphostels.com\/it\/prenotazioni-feetup-hostels\/#primaryimage"},"thumbnailUrl":"https:\/\/feetuphostels.com\/wp-content\/uploads\/2018\/11\/work-uk-feetuphostels.jpg","datePublished":"2017-01-23T12:06:44+00:00","dateModified":"2024-11-02T16:13:22+00:00","description":"Prenotazione Feet Up Hostels da \u20ac12 \u2764\ufe0f Approfitta del tuo soggiorno prenotando direttamente con noi. Scopri i vantaggi e i risparmi che ti aspettano!","breadcrumb":{"@id":"https:\/\/feetuphostels.com\/it\/prenotazioni-feetup-hostels\/#breadcrumb"},"inLanguage":"it-IT","potentialAction":[{"@type":"ReadAction","target":["https:\/\/feetuphostels.com\/it\/prenotazioni-feetup-hostels\/"]}]},{"@type":"ImageObject","inLanguage":"it-IT","@id":"https:\/\/feetuphostels.com\/it\/prenotazioni-feetup-hostels\/#primaryimage","url":"https:\/\/feetuphostels.com\/wp-content\/uploads\/2018\/11\/work-uk-feetuphostels.jpg","contentUrl":"https:\/\/feetuphostels.com\/wp-content\/uploads\/2018\/11\/work-uk-feetuphostels.jpg","width":1200,"height":900,"caption":"Booking Feet Up Hostels"},{"@type":"BreadcrumbList","@id":"https:\/\/feetuphostels.com\/it\/prenotazioni-feetup-hostels\/#breadcrumb","itemListElement":[{"@type":"ListItem","position":1,"name":"Home","item":"https:\/\/feetuphostels.com\/it\/"},{"@type":"ListItem","position":2,"name":"Prenotazione Feet Up Hostels"}]},{"@type":"WebSite","@id":"https:\/\/feetuphostels.com\/it\/#website","url":"https:\/\/feetuphostels.com\/it\/","name":"Feet Up Hostels","description":"Ostelli della giovent\u00f9 e alloggi a Valencia, Spagna. Siamo specialisti della cordialit\u00e0","publisher":{"@id":"https:\/\/feetuphostels.com\/it\/#organization"},"alternateName":"Feet Up Hostels","potentialAction":[{"@type":"SearchAction","target":{"@type":"EntryPoint","urlTemplate":"https:\/\/feetuphostels.com\/it\/?s={search_term_string}"},"query-input":{"@type":"PropertyValueSpecification","valueRequired":true,"valueName":"search_term_string"}}],"inLanguage":"it-IT"},{"@type":"Organization","@id":"https:\/\/feetuphostels.com\/it\/#organization","name":"Feet Up Hostels","alternateName":"Feet Up Hostels","url":"https:\/\/feetuphostels.com\/it\/","logo":{"@type":"ImageObject","inLanguage":"it-IT","@id":"https:\/\/feetuphostels.com\/it\/#\/schema\/logo\/image\/","url":"https:\/\/feetuphostels.com\/wp-content\/uploads\/2019\/01\/logo-web-amp-feetuphostels.svg","contentUrl":"https:\/\/feetuphostels.com\/wp-content\/uploads\/2019\/01\/logo-web-amp-feetuphostels.svg","width":1,"height":1,"caption":"Feet Up Hostels"},"image":{"@id":"https:\/\/feetuphostels.com\/it\/#\/schema\/logo\/image\/"},"sameAs":["https:\/\/facebook.com\/feetuphostelsgroup","https:\/\/x.com\/feetuphostels","https:\/\/www.instagram.com\/feetuphostels\/","https:\/\/www.tiktok.com\/@feetuphostels","https:\/\/www.linkedin.com\/company\/feetuphostelsgroup\/","https:\/\/www.pinterest.es\/FeetupHostels\/","https:\/\/www.youtube.com\/feetuphostels"]}]}},"_links":{"self":[{"href":"https:\/\/feetuphostels.com\/it\/wp-json\/wp\/v2\/pages\/15397","targetHints":{"allow":["GET"]}}],"collection":[{"href":"https:\/\/feetuphostels.com\/it\/wp-json\/wp\/v2\/pages"}],"about":[{"href":"https:\/\/feetuphostels.com\/it\/wp-json\/wp\/v2\/types\/page"}],"author":[{"embeddable":true,"href":"https:\/\/feetuphostels.com\/it\/wp-json\/wp\/v2\/users\/13"}],"replies":[{"embeddable":true,"href":"https:\/\/feetuphostels.com\/it\/wp-json\/wp\/v2\/comments?post=15397"}],"version-history":[{"count":0,"href":"https:\/\/feetuphostels.com\/it\/wp-json\/wp\/v2\/pages\/15397\/revisions"}],"wp:featuredmedia":[{"embeddable":true,"href":"https:\/\/feetuphostels.com\/it\/wp-json\/wp\/v2\/media\/17484"}],"wp:attachment":[{"href":"https:\/\/feetuphostels.com\/it\/wp-json\/wp\/v2\/media?parent=15397"}],"curies":[{"name":"wp","href":"https:\/\/api.w.org\/{rel}","templated":true}]}}