{"id":78861,"date":"2019-11-04T13:39:59","date_gmt":"2019-11-04T12:39:59","guid":{"rendered":"https:\/\/feetuphostels.com\/booking-red-nest-hostel-valencia\/"},"modified":"2024-11-04T11:32:25","modified_gmt":"2024-11-04T10:32:25","slug":"reservation-red-nest-auberge-valencia","status":"publish","type":"page","link":"https:\/\/feetuphostels.com\/fr\/reservation-red-nest-auberge-valencia\/","title":{"rendered":"R\u00e9servation Red Nest Auberge Valencia"},"content":{"rendered":"\n<h1 class=\"wp-block-heading has-text-align-center\" id=\"h-booking-red-nest-hostel\">R\u00e9servation Red Nest<\/h1>\n\n<iframe src=\"https:\/\/feetup-red-nest-hostel-dot-feetup-hotels.appspot.com\/booking1\/?adultsRoom1=1&#038;language=english\" width=\"100%\" height=\"1800px\" style=\"border:0;\"><\/iframe>\n\n<h2 class=\"wp-block-heading\">Bienvenue sur notre page de r\u00e9servation de notre Auberge de Jeunesse!&#13;\nR\u00e9serve ton lit \u00e0 Valence<\/h2>\n\n<h3 class=\"wp-block-heading\">Si vous recherchez une exp\u00e9rience authentique et amusante, vous \u00eates au bon endroit.<\/h3>\n\n<p>Nous allons vous pr\u00e9senter tous les avantages de r\u00e9server directement sur notre site Web plut\u00f4t que d&rsquo;utiliser des plateformes de r\u00e9servation populaires telles que Booking ou HostelWorld.<\/p>\n\n<p>Continuez \u00e0 lire pour d\u00e9couvrir pourquoi c&rsquo;est le meilleur choix!<\/p>\n\n<ol class=\"wp-block-list\">\n<li><strong>Meilleur prix garanti:<\/strong> Lorsque vous r\u00e9servez directement sur notre site Web, nous vous garantissons d&rsquo;obtenir le meilleur prix disponible. Sans interm\u00e9diaires ni frais suppl\u00e9mentaires, vous \u00e9conomiserez de l&rsquo;argent que vous pourrez utiliser pour profiter au maximum de votre voyage.<\/li>\n\n\n\n<li><a href=\"https:\/\/feetuphostels.com\/fr\/service-clientele\/contact\/\">Une attention personnalis\u00e9e:<\/a> En r\u00e9servant directement avec nous, tu recevras une attention personnalis\u00e9e et amicale d\u00e8s le moment o\u00f9 tu feras ta r\u00e9servation. Notre \u00e9quipe sera disponible pour r\u00e9pondre \u00e0 toutes tes questions et t&rsquo;assister de toutes les mani\u00e8res possibles pour te garantir un s\u00e9jour parfait.&#13;\n<div id=\"gtx-trans\" style=\"position: absolute; left: -73px; top: -10px;\">&#13;\n<div class=\"gtx-trans-icon\"><\/div>&#13;\n<\/div><\/li>\n\n\n\n<li><strong>Flexibilit\u00e9 de r\u00e9servation :<\/strong> Notre site Web offre une plus grande flexibilit\u00e9 pour modifier votre r\u00e9servation. Vous pourrez ajuster les dates, ajouter des services suppl\u00e9mentaires et personnaliser votre r\u00e9servation en fonction de vos besoins sp\u00e9cifiques. Nous souhaitons vous offrir une exp\u00e9rience sur mesure.<\/li>\n\n\n\n<li><strong>Offres exclusives :<\/strong> En r\u00e9servant directement avec nous, vous aurez acc\u00e8s \u00e0 des offres et promotions exclusives que vous ne trouverez pas sur d&rsquo;autres plateformes. Vous pourrez profiter de r\u00e9ductions sp\u00e9ciales, de forfaits suppl\u00e9mentaires et d&rsquo;avantages suppl\u00e9mentaires pendant votre s\u00e9jour.<\/li>\n\n\n\n<li><strong>Soutien local :<\/strong> En r\u00e9servant directement, vous soutenez directement notre Auberge de Jeunesse et la communaut\u00e9 locale. Nous valorisons l&rsquo;\u00e9conomie locale et travaillons avec des fournisseurs locaux pour offrir une exp\u00e9rience authentique et durable.<\/li>\n\n\n\n<li><strong>Informations privil\u00e9gi\u00e9es :<\/strong> En r\u00e9servant directement, vous recevrez des informations privil\u00e9gi\u00e9es sur les \u00e9v\u00e9nements, les activit\u00e9s locales et les lieux d&rsquo;int\u00e9r\u00eat. Nous vous fournirons des recommandations personnalis\u00e9es pour profiter au maximum de votre s\u00e9jour et d\u00e9couvrir les secrets les mieux gard\u00e9s de la r\u00e9gion.<\/li>\n\n\n\n<li><strong>Connexion directe avec nous :<\/strong> En r\u00e9servant directement sur notre site Web, vous pourrez \u00e9tablir une connexion directe avec notre \u00e9quipe. Vous pourrez nous contacter pour des informations suppl\u00e9mentaires, poser des questions sp\u00e9cifiques et b\u00e9n\u00e9ficier d&rsquo;une assistance personnalis\u00e9e avant, pendant et apr\u00e8s votre s\u00e9jour.<\/li>\n<\/ol>\n\n<h2 class=\"wp-block-heading\">En r\u00e9sum\u00e9.<\/h2>\n\n<p>R\u00e9server directement sur notre site Internet offre de nombreux avantages, de la garantie du meilleur prix \u00e0 l&rsquo;attention personnalis\u00e9e et aux offres exclusives. De plus, en faisant cela, tu soutiens directement notre Red Nest Hostel Valencia et la <a href=\"https:\/\/feetuphostels.com\/fr\/auberges-jeunesse-valence\/\">communaut\u00e9 locale<\/a>.&#13;\n<div id=\"gtx-trans\" style=\"position: absolute; left: -67px; top: 62px;\">&#13;\n<div class=\"gtx-trans-icon\"><\/div>&#13;\n<\/div><\/p>\n\n<p>Alors n&rsquo;attendez plus, faites votre r\u00e9servation directement sur notre site Web et pr\u00e9parez-vous \u00e0 vivre une exp\u00e9rience unique et riche en aventures dans notre Auberge de Jeunesse!<\/p>\n","protected":false},"excerpt":{"rendered":"<p>R\u00e9servation Red Nest Hostel Valencia \u00ae Compare sur d&rsquo;autres canaux et r\u00e9serve avec nous \ud83d\ude4b\ud83d\ude4b\u200d\u2642\ufe0f nous avons toujours le meilleur prix en ligne \u00e0 Valencia \u2714\ufe0f R\u00e9serve et \u00e9conomise sur ton auberge de jeunesse aujourd&rsquo;hui ! Promesse du meilleur prix. Pas de frais de r\u00e9servation. Pas de frais de r\u00e9servation. Service client\u00e8le 24\/7. Lire de vrais commentaires d&rsquo;invit\u00e9s. Confirmation instantan\u00e9e. R\u00e9servation s\u00e9curis\u00e9e. R\u00e9servation Red Nest Hostel Valencia<\/p>\n","protected":false},"author":13,"featured_media":18658,"parent":0,"menu_order":0,"comment_status":"closed","ping_status":"closed","template":"","meta":{"footnotes":""},"class_list":["post-78861","page","type-page","status-publish","has-post-thumbnail","hentry"],"yoast_head":"<!-- This site is optimized with the Yoast SEO plugin v27.3 - https:\/\/yoast.com\/product\/yoast-seo-wordpress\/ -->\n<title>R\u00e9servation Red Nest Hostel Valencia \u00ae Comparez et r\u00e9servez avec nous<\/title>\n<meta name=\"description\" content=\"R\u00e9servation Red Nest Hostel Valencia \u00ae Comparez sur d&#039;autres canaux et r\u00e9servez avec nous \ud83d\ude4b\ud83d\ude4b\u200d\u2642\ufe0f nous avons toujours le meilleur prix en ligne sur Valencia\u2714\ufe0f.\" \/>\n<meta name=\"robots\" content=\"index, follow, max-snippet:-1, max-image-preview:large, max-video-preview:-1\" \/>\n<link rel=\"canonical\" href=\"https:\/\/feetuphostels.com\/fr\/reservation-red-nest-auberge-valencia\/\" \/>\n<meta property=\"og:locale\" content=\"fr_FR\" \/>\n<meta property=\"og:type\" content=\"article\" \/>\n<meta property=\"og:title\" content=\"R\u00e9servation Red Nest Hostel Valencia \u00ae Comparez et r\u00e9servez avec nous\" \/>\n<meta property=\"og:description\" content=\"R\u00e9servation Red Nest Hostel Valencia \u00ae Comparez sur d&#039;autres canaux et r\u00e9servez avec nous \ud83d\ude4b\ud83d\ude4b\u200d\u2642\ufe0f nous avons toujours le meilleur prix en ligne sur Valencia\u2714\ufe0f.\" \/>\n<meta property=\"og:url\" content=\"https:\/\/feetuphostels.com\/fr\/reservation-red-nest-auberge-valencia\/\" \/>\n<meta property=\"og:site_name\" content=\"Feet Up Hostels\" \/>\n<meta property=\"article:publisher\" content=\"https:\/\/facebook.com\/feetuphostelsgroup\" \/>\n<meta property=\"article:modified_time\" content=\"2024-11-04T10:32:25+00:00\" \/>\n<meta property=\"og:image\" content=\"https:\/\/feetuphostels.com\/wp-content\/uploads\/2019\/02\/09red-nest-hostel-valencia-by-feetuphostels.jpg\" \/>\n\t<meta property=\"og:image:width\" content=\"1554\" \/>\n\t<meta property=\"og:image:height\" content=\"1080\" \/>\n\t<meta property=\"og:image:type\" content=\"image\/jpeg\" \/>\n<meta name=\"twitter:card\" content=\"summary_large_image\" \/>\n<meta name=\"twitter:site\" content=\"@feetuphostels\" \/>\n<meta name=\"twitter:label1\" content=\"Dur\u00e9e de lecture estim\u00e9e\" \/>\n\t<meta name=\"twitter:data1\" content=\"2 minutes\" \/>\n<script type=\"application\/ld+json\" class=\"yoast-schema-graph\">{\"@context\":\"https:\\\/\\\/schema.org\",\"@graph\":[{\"@type\":\"WebPage\",\"@id\":\"https:\\\/\\\/feetuphostels.com\\\/fr\\\/reservation-red-nest-auberge-valencia\\\/\",\"url\":\"https:\\\/\\\/feetuphostels.com\\\/fr\\\/reservation-red-nest-auberge-valencia\\\/\",\"name\":\"R\u00e9servation Red Nest Hostel Valencia \u00ae Comparez et r\u00e9servez avec nous\",\"isPartOf\":{\"@id\":\"https:\\\/\\\/feetuphostels.com\\\/fr\\\/#website\"},\"primaryImageOfPage\":{\"@id\":\"https:\\\/\\\/feetuphostels.com\\\/fr\\\/reservation-red-nest-auberge-valencia\\\/#primaryimage\"},\"image\":{\"@id\":\"https:\\\/\\\/feetuphostels.com\\\/fr\\\/reservation-red-nest-auberge-valencia\\\/#primaryimage\"},\"thumbnailUrl\":\"https:\\\/\\\/feetuphostels.com\\\/wp-content\\\/uploads\\\/2019\\\/02\\\/09red-nest-hostel-valencia-by-feetuphostels.jpg\",\"datePublished\":\"2019-11-04T12:39:59+00:00\",\"dateModified\":\"2024-11-04T10:32:25+00:00\",\"description\":\"R\u00e9servation Red Nest Hostel Valencia \u00ae Comparez sur d'autres canaux et r\u00e9servez avec nous \ud83d\ude4b\ud83d\ude4b\u200d\u2642\ufe0f nous avons toujours le meilleur prix en ligne sur Valencia\u2714\ufe0f.\",\"breadcrumb\":{\"@id\":\"https:\\\/\\\/feetuphostels.com\\\/fr\\\/reservation-red-nest-auberge-valencia\\\/#breadcrumb\"},\"inLanguage\":\"fr-FR\",\"potentialAction\":[{\"@type\":\"ReadAction\",\"target\":[\"https:\\\/\\\/feetuphostels.com\\\/fr\\\/reservation-red-nest-auberge-valencia\\\/\"]}]},{\"@type\":\"ImageObject\",\"inLanguage\":\"fr-FR\",\"@id\":\"https:\\\/\\\/feetuphostels.com\\\/fr\\\/reservation-red-nest-auberge-valencia\\\/#primaryimage\",\"url\":\"https:\\\/\\\/feetuphostels.com\\\/wp-content\\\/uploads\\\/2019\\\/02\\\/09red-nest-hostel-valencia-by-feetuphostels.jpg\",\"contentUrl\":\"https:\\\/\\\/feetuphostels.com\\\/wp-content\\\/uploads\\\/2019\\\/02\\\/09red-nest-hostel-valencia-by-feetuphostels.jpg\",\"width\":1554,\"height\":1080,\"caption\":\"Profite du temps que tu passes avec tes amis\"},{\"@type\":\"BreadcrumbList\",\"@id\":\"https:\\\/\\\/feetuphostels.com\\\/fr\\\/reservation-red-nest-auberge-valencia\\\/#breadcrumb\",\"itemListElement\":[{\"@type\":\"ListItem\",\"position\":1,\"name\":\"Home\",\"item\":\"https:\\\/\\\/feetuphostels.com\\\/fr\\\/\"},{\"@type\":\"ListItem\",\"position\":2,\"name\":\"R\u00e9servation Red Nest Auberge Valencia\"}]},{\"@type\":\"WebSite\",\"@id\":\"https:\\\/\\\/feetuphostels.com\\\/fr\\\/#website\",\"url\":\"https:\\\/\\\/feetuphostels.com\\\/fr\\\/\",\"name\":\"Feet Up Hostels\",\"description\":\"Auberges de jeunesse et h\u00e9bergement \u00e0 Valence, Espagne. Nous sommes des sp\u00e9cialistes de la convivialit\u00e9\",\"publisher\":{\"@id\":\"https:\\\/\\\/feetuphostels.com\\\/fr\\\/#organization\"},\"alternateName\":\"Feet Up Hostels\",\"potentialAction\":[{\"@type\":\"SearchAction\",\"target\":{\"@type\":\"EntryPoint\",\"urlTemplate\":\"https:\\\/\\\/feetuphostels.com\\\/fr\\\/?s={search_term_string}\"},\"query-input\":{\"@type\":\"PropertyValueSpecification\",\"valueRequired\":true,\"valueName\":\"search_term_string\"}}],\"inLanguage\":\"fr-FR\"},{\"@type\":\"Organization\",\"@id\":\"https:\\\/\\\/feetuphostels.com\\\/fr\\\/#organization\",\"name\":\"Feet Up Hostels\",\"alternateName\":\"Feet Up Hostels\",\"url\":\"https:\\\/\\\/feetuphostels.com\\\/fr\\\/\",\"logo\":{\"@type\":\"ImageObject\",\"inLanguage\":\"fr-FR\",\"@id\":\"https:\\\/\\\/feetuphostels.com\\\/fr\\\/#\\\/schema\\\/logo\\\/image\\\/\",\"url\":\"https:\\\/\\\/feetuphostels.com\\\/wp-content\\\/uploads\\\/2019\\\/01\\\/logo-web-amp-feetuphostels.svg\",\"contentUrl\":\"https:\\\/\\\/feetuphostels.com\\\/wp-content\\\/uploads\\\/2019\\\/01\\\/logo-web-amp-feetuphostels.svg\",\"width\":1,\"height\":1,\"caption\":\"Feet Up Hostels\"},\"image\":{\"@id\":\"https:\\\/\\\/feetuphostels.com\\\/fr\\\/#\\\/schema\\\/logo\\\/image\\\/\"},\"sameAs\":[\"https:\\\/\\\/facebook.com\\\/feetuphostelsgroup\",\"https:\\\/\\\/x.com\\\/feetuphostels\",\"https:\\\/\\\/www.instagram.com\\\/feetuphostels\\\/\",\"https:\\\/\\\/www.tiktok.com\\\/@feetuphostels\",\"https:\\\/\\\/www.linkedin.com\\\/company\\\/feetuphostelsgroup\\\/\",\"https:\\\/\\\/www.pinterest.es\\\/FeetupHostels\\\/\",\"https:\\\/\\\/www.youtube.com\\\/feetuphostels\"]}]}<\/script>\n<!-- \/ Yoast SEO plugin. -->","yoast_head_json":{"title":"R\u00e9servation Red Nest Hostel Valencia \u00ae Comparez et r\u00e9servez avec nous","description":"R\u00e9servation Red Nest Hostel Valencia \u00ae Comparez sur d'autres canaux et r\u00e9servez avec nous \ud83d\ude4b\ud83d\ude4b\u200d\u2642\ufe0f nous avons toujours le meilleur prix en ligne sur Valencia\u2714\ufe0f.","robots":{"index":"index","follow":"follow","max-snippet":"max-snippet:-1","max-image-preview":"max-image-preview:large","max-video-preview":"max-video-preview:-1"},"canonical":"https:\/\/feetuphostels.com\/fr\/reservation-red-nest-auberge-valencia\/","og_locale":"fr_FR","og_type":"article","og_title":"R\u00e9servation Red Nest Hostel Valencia \u00ae Comparez et r\u00e9servez avec nous","og_description":"R\u00e9servation Red Nest Hostel Valencia \u00ae Comparez sur d'autres canaux et r\u00e9servez avec nous \ud83d\ude4b\ud83d\ude4b\u200d\u2642\ufe0f nous avons toujours le meilleur prix en ligne sur Valencia\u2714\ufe0f.","og_url":"https:\/\/feetuphostels.com\/fr\/reservation-red-nest-auberge-valencia\/","og_site_name":"Feet Up Hostels","article_publisher":"https:\/\/facebook.com\/feetuphostelsgroup","article_modified_time":"2024-11-04T10:32:25+00:00","og_image":[{"width":1554,"height":1080,"url":"https:\/\/feetuphostels.com\/wp-content\/uploads\/2019\/02\/09red-nest-hostel-valencia-by-feetuphostels.jpg","type":"image\/jpeg"}],"twitter_card":"summary_large_image","twitter_site":"@feetuphostels","twitter_misc":{"Dur\u00e9e de lecture estim\u00e9e":"2 minutes"},"schema":{"@context":"https:\/\/schema.org","@graph":[{"@type":"WebPage","@id":"https:\/\/feetuphostels.com\/fr\/reservation-red-nest-auberge-valencia\/","url":"https:\/\/feetuphostels.com\/fr\/reservation-red-nest-auberge-valencia\/","name":"R\u00e9servation Red Nest Hostel Valencia \u00ae Comparez et r\u00e9servez avec nous","isPartOf":{"@id":"https:\/\/feetuphostels.com\/fr\/#website"},"primaryImageOfPage":{"@id":"https:\/\/feetuphostels.com\/fr\/reservation-red-nest-auberge-valencia\/#primaryimage"},"image":{"@id":"https:\/\/feetuphostels.com\/fr\/reservation-red-nest-auberge-valencia\/#primaryimage"},"thumbnailUrl":"https:\/\/feetuphostels.com\/wp-content\/uploads\/2019\/02\/09red-nest-hostel-valencia-by-feetuphostels.jpg","datePublished":"2019-11-04T12:39:59+00:00","dateModified":"2024-11-04T10:32:25+00:00","description":"R\u00e9servation Red Nest Hostel Valencia \u00ae Comparez sur d'autres canaux et r\u00e9servez avec nous \ud83d\ude4b\ud83d\ude4b\u200d\u2642\ufe0f nous avons toujours le meilleur prix en ligne sur Valencia\u2714\ufe0f.","breadcrumb":{"@id":"https:\/\/feetuphostels.com\/fr\/reservation-red-nest-auberge-valencia\/#breadcrumb"},"inLanguage":"fr-FR","potentialAction":[{"@type":"ReadAction","target":["https:\/\/feetuphostels.com\/fr\/reservation-red-nest-auberge-valencia\/"]}]},{"@type":"ImageObject","inLanguage":"fr-FR","@id":"https:\/\/feetuphostels.com\/fr\/reservation-red-nest-auberge-valencia\/#primaryimage","url":"https:\/\/feetuphostels.com\/wp-content\/uploads\/2019\/02\/09red-nest-hostel-valencia-by-feetuphostels.jpg","contentUrl":"https:\/\/feetuphostels.com\/wp-content\/uploads\/2019\/02\/09red-nest-hostel-valencia-by-feetuphostels.jpg","width":1554,"height":1080,"caption":"Profite du temps que tu passes avec tes amis"},{"@type":"BreadcrumbList","@id":"https:\/\/feetuphostels.com\/fr\/reservation-red-nest-auberge-valencia\/#breadcrumb","itemListElement":[{"@type":"ListItem","position":1,"name":"Home","item":"https:\/\/feetuphostels.com\/fr\/"},{"@type":"ListItem","position":2,"name":"R\u00e9servation Red Nest Auberge Valencia"}]},{"@type":"WebSite","@id":"https:\/\/feetuphostels.com\/fr\/#website","url":"https:\/\/feetuphostels.com\/fr\/","name":"Feet Up Hostels","description":"Auberges de jeunesse et h\u00e9bergement \u00e0 Valence, Espagne. Nous sommes des sp\u00e9cialistes de la convivialit\u00e9","publisher":{"@id":"https:\/\/feetuphostels.com\/fr\/#organization"},"alternateName":"Feet Up Hostels","potentialAction":[{"@type":"SearchAction","target":{"@type":"EntryPoint","urlTemplate":"https:\/\/feetuphostels.com\/fr\/?s={search_term_string}"},"query-input":{"@type":"PropertyValueSpecification","valueRequired":true,"valueName":"search_term_string"}}],"inLanguage":"fr-FR"},{"@type":"Organization","@id":"https:\/\/feetuphostels.com\/fr\/#organization","name":"Feet Up Hostels","alternateName":"Feet Up Hostels","url":"https:\/\/feetuphostels.com\/fr\/","logo":{"@type":"ImageObject","inLanguage":"fr-FR","@id":"https:\/\/feetuphostels.com\/fr\/#\/schema\/logo\/image\/","url":"https:\/\/feetuphostels.com\/wp-content\/uploads\/2019\/01\/logo-web-amp-feetuphostels.svg","contentUrl":"https:\/\/feetuphostels.com\/wp-content\/uploads\/2019\/01\/logo-web-amp-feetuphostels.svg","width":1,"height":1,"caption":"Feet Up Hostels"},"image":{"@id":"https:\/\/feetuphostels.com\/fr\/#\/schema\/logo\/image\/"},"sameAs":["https:\/\/facebook.com\/feetuphostelsgroup","https:\/\/x.com\/feetuphostels","https:\/\/www.instagram.com\/feetuphostels\/","https:\/\/www.tiktok.com\/@feetuphostels","https:\/\/www.linkedin.com\/company\/feetuphostelsgroup\/","https:\/\/www.pinterest.es\/FeetupHostels\/","https:\/\/www.youtube.com\/feetuphostels"]}]}},"_links":{"self":[{"href":"https:\/\/feetuphostels.com\/fr\/wp-json\/wp\/v2\/pages\/78861","targetHints":{"allow":["GET"]}}],"collection":[{"href":"https:\/\/feetuphostels.com\/fr\/wp-json\/wp\/v2\/pages"}],"about":[{"href":"https:\/\/feetuphostels.com\/fr\/wp-json\/wp\/v2\/types\/page"}],"author":[{"embeddable":true,"href":"https:\/\/feetuphostels.com\/fr\/wp-json\/wp\/v2\/users\/13"}],"replies":[{"embeddable":true,"href":"https:\/\/feetuphostels.com\/fr\/wp-json\/wp\/v2\/comments?post=78861"}],"version-history":[{"count":0,"href":"https:\/\/feetuphostels.com\/fr\/wp-json\/wp\/v2\/pages\/78861\/revisions"}],"wp:featuredmedia":[{"embeddable":true,"href":"https:\/\/feetuphostels.com\/fr\/wp-json\/wp\/v2\/media\/18658"}],"wp:attachment":[{"href":"https:\/\/feetuphostels.com\/fr\/wp-json\/wp\/v2\/media?parent=78861"}],"curies":[{"name":"wp","href":"https:\/\/api.w.org\/{rel}","templated":true}]}}