{"id":78615,"date":"2019-10-30T09:59:27","date_gmt":"2019-10-30T08:59:27","guid":{"rendered":"https:\/\/feetuphostels.com\/booking-purple-nest-hostel-valencia\/"},"modified":"2024-11-03T12:55:00","modified_gmt":"2024-11-03T11:55:00","slug":"reservation-purple-nest-auberge-valencia","status":"publish","type":"page","link":"https:\/\/feetuphostels.com\/fr\/reservation-purple-nest-auberge-valencia\/","title":{"rendered":"R\u00e9servation Purple Nest Auberge Valencia"},"content":{"rendered":"\n<h1 class=\"wp-block-heading has-text-align-center\" id=\"h-booking-purple-nest-hostel\">R\u00e9servation Purple Nest<\/h1>\n\n<iframe src=\"https:\/\/feetup-purple-nest-hostel-dot-feetup-hotels.appspot.com\/booking1\/?adultsRoom1=1&#038;language=english\" width=\"100%\" height=\"1800px\" style=\"border:0;\"><\/iframe>\n\n<h2 class=\"wp-block-heading\">Bonjour, aventuriers et explorateurs ! &#13;\nR\u00e9serve ton lit \u00e0 Valence<\/h2>\n\n<h2 class=\"wp-block-heading\">Bienvenue dans notre Purple Nest <a href=\"https:\/\/nesthostelsvalencia.com\/\" target=\"_blank\" rel=\"noreferrer noopener\">Hostel Valencia<\/a><\/h2>\n\n<p>Un endroit o\u00f9 le divertissement rencontre le confort et l&rsquo;hospitalit\u00e9.<\/p>\n\n<p>Si vous \u00eates \u00e0 la recherche d&rsquo;une exp\u00e9rience de voyage inoubliable, vous \u00eates au bon endroit.<\/p>\n\n<p>Ici, \u00e0 notre <a href=\"https:\/\/feetuphostels.com\/fr\/purple-nest-hostel-valence\/\">Purple Nest<\/a>, nous valorisons l&rsquo;authenticit\u00e9 et l&rsquo;interaction directe avec nos h\u00f4tes. Nous pensons que r\u00e9server directement avec nous est le meilleur moyen de garantir une exp\u00e9rience d&rsquo;h\u00e9bergement unique, personnalis\u00e9e et surtout enrichissante.&#13;\n<div id=\"gtx-trans\" style=\"position: absolute; left: 78px; top: 38px;\">&#13;\n<div class=\"gtx-trans-icon\"><\/div>&#13;\n<\/div><\/p>\n\n<p>Pourquoi, demandez-vous ? Laissez-nous vous expliquer :<\/p>\n\n<ol class=\"wp-block-list\">\n<li><a href=\"https:\/\/feetuphostels.com\/fr\/paiement-securise\/\">Meilleur prix garanti:<\/a> En r\u00e9servant directement avec nous, tu obtiendras toujours le meilleur prix. Il n&rsquo;y a pas d&rsquo;interm\u00e9diaires qui ajoutent des commissions suppl\u00e9mentaires, ce qui te permet d&rsquo;\u00e9conomiser davantage pour tes aventures.&#13;\n<div id=\"gtx-trans\" style=\"position: absolute; left: -98px; top: -10px;\">&#13;\n<div class=\"gtx-trans-icon\"><\/div>&#13;\n<\/div><\/li>\n\n\n\n<li><strong>Communication Directe :<\/strong> Lorsque vous r\u00e9servez directement, vous b\u00e9n\u00e9ficiez d&rsquo;une ligne de communication plus fluide et directe avec notre personnel. Nous pouvons r\u00e9pondre \u00e0 vos besoins sp\u00e9ciaux, r\u00e9pondre \u00e0 vos questions et vous fournir des conseils locaux utiles de mani\u00e8re efficace.<\/li>\n\n\n\n<li><strong>Personnalisation :<\/strong> Avez-vous des exigences alimentaires sp\u00e9cifiques ? Pr\u00e9f\u00e9rez-vous un lit dans un coin tranquille du dortoir ? Lorsque vous r\u00e9servez directement, nous pouvons nous adapter \u00e0 vos pr\u00e9f\u00e9rences et besoins individuels pour nous assurer que votre s\u00e9jour soit aussi confortable et agr\u00e9able que possible.<\/li>\n\n\n\n<li><strong>Promotions exclusives:<\/strong> Nous avons souvent des offres exclusives et des r\u00e9ductions disponibles uniquement pour les clients qui r\u00e9servent directement. Cela peut aller de r\u00e9ductions sur des activit\u00e9s locales \u00e0 une boisson gratuite \u00e0 l&rsquo;arriv\u00e9e.&#13;\n<div id=\"gtx-trans\" style=\"position: absolute; left: -113px; top: -10px;\">&#13;\n<div class=\"gtx-trans-icon\"><\/div>&#13;\n<\/div><\/li>\n\n\n\n<li><strong>Fid\u00e9lit\u00e9 R\u00e9compens\u00e9e :<\/strong> Les clients qui r\u00e9servent directement sont souvent les premiers \u00e0 conna\u00eetre nos \u00e9v\u00e9nements sp\u00e9ciaux et nos offres. De plus, nous aimons voir des visages familiers, nous avons donc souvent des r\u00e9compenses sp\u00e9ciales pour les clients qui reviennent.<\/li>\n<\/ol>\n\n<p><\/p>\n\n<h2 class=\"wp-block-heading\">En r\u00e9sum\u00e9.<\/h2>\n\n<p>R\u00e9server directement avec nous signifie que vous b\u00e9n\u00e9ficierez des meilleurs prix, d&rsquo;un service plus personnalis\u00e9, de promotions exclusives et de r\u00e9compenses pour la fid\u00e9lit\u00e9. Mais surtout, cela signifie que vous ferez partie de notre communaut\u00e9 de voyageurs et d&rsquo;aventuriers, partageant des exp\u00e9riences et cr\u00e9ant des souvenirs qui dureront toute une vie.<\/p>\n\n<p>Alors, la prochaine fois que vous planifiez votre grande aventure, envisagez de r\u00e9server directement avec nous. Nous vous garantissons que ce sera la meilleure d\u00e9cision pour votre voyage.<\/p>\n\n<p>Nous avons h\u00e2te de vous accueillir \u00e0 bras ouverts dans notre Auberge de Jeunesse!<\/p>\n","protected":false},"excerpt":{"rendered":"<p>R\u00e9servation Purple Nest Hostel Valencia \u00ae Comparez sur d&rsquo;autres canaux et r\u00e9servez avec nous \ud83d\ude4b\ud83d\ude4b nous avons toujours le meilleur prix en ligne \u00e0 Valence \u2714\ufe0f Livre et Enregistrer sur votre auberge aujourd&rsquo;hui! Meilleure promesse de prix. Pas de frais de r\u00e9servation. Pas de frais de r\u00e9servation. Service \u00e0 la client\u00e8le 24\/7. Lire Real Guest Avis. Obtenez la confirmation instantan\u00e9e. R\u00e9servation s\u00e9curis\u00e9e. R\u00e9servation Purple Nest Hostel Valencia<\/p>\n","protected":false},"author":13,"featured_media":18233,"parent":0,"menu_order":0,"comment_status":"closed","ping_status":"closed","template":"","meta":{"footnotes":""},"class_list":["post-78615","page","type-page","status-publish","has-post-thumbnail","hentry"],"yoast_head":"<!-- This site is optimized with the Yoast SEO plugin v27.5 - https:\/\/yoast.com\/product\/yoast-seo-wordpress\/ -->\n<title>R\u00e9servation Purple Nest Hostel Valencia \u00ae Comparez et r\u00e9servez<\/title>\n<meta name=\"description\" content=\"R\u00e9servation Purple Nest Auberge Valencia \u00ae Comparez sur d&#039;autres canaux et r\u00e9servez avec nous avons toujours le meilleur prix \u00e0 Valence\u2714\ufe0f\" \/>\n<meta name=\"robots\" content=\"index, follow, max-snippet:-1, max-image-preview:large, max-video-preview:-1\" \/>\n<link rel=\"canonical\" href=\"https:\/\/feetuphostels.com\/fr\/reservation-purple-nest-auberge-valencia\/\" \/>\n<meta property=\"og:locale\" content=\"fr_FR\" \/>\n<meta property=\"og:type\" content=\"article\" \/>\n<meta property=\"og:title\" content=\"R\u00e9servation Purple Nest Hostel Valencia \u00ae Comparez et r\u00e9servez\" \/>\n<meta property=\"og:description\" content=\"R\u00e9servation Purple Nest Auberge Valencia \u00ae Comparez sur d&#039;autres canaux et r\u00e9servez avec nous avons toujours le meilleur prix \u00e0 Valence\u2714\ufe0f\" \/>\n<meta property=\"og:url\" content=\"https:\/\/feetuphostels.com\/fr\/reservation-purple-nest-auberge-valencia\/\" \/>\n<meta property=\"og:site_name\" content=\"Feet Up Hostels\" \/>\n<meta property=\"article:publisher\" content=\"https:\/\/facebook.com\/feetuphostelsgroup\" \/>\n<meta property=\"article:modified_time\" content=\"2024-11-03T11:55:00+00:00\" \/>\n<meta property=\"og:image\" content=\"https:\/\/feetuphostels.com\/wp-content\/uploads\/2019\/01\/35purple-nest-hostel-valencia-by-feetuphostels.jpg\" \/>\n\t<meta property=\"og:image:width\" content=\"1620\" \/>\n\t<meta property=\"og:image:height\" content=\"1080\" \/>\n\t<meta property=\"og:image:type\" content=\"image\/jpeg\" \/>\n<meta name=\"twitter:card\" content=\"summary_large_image\" \/>\n<meta name=\"twitter:site\" content=\"@feetuphostels\" \/>\n<meta name=\"twitter:label1\" content=\"Dur\u00e9e de lecture estim\u00e9e\" \/>\n\t<meta name=\"twitter:data1\" content=\"2 minutes\" \/>\n<script type=\"application\/ld+json\" class=\"yoast-schema-graph\">{\"@context\":\"https:\\\/\\\/schema.org\",\"@graph\":[{\"@type\":\"WebPage\",\"@id\":\"https:\\\/\\\/feetuphostels.com\\\/fr\\\/reservation-purple-nest-auberge-valencia\\\/\",\"url\":\"https:\\\/\\\/feetuphostels.com\\\/fr\\\/reservation-purple-nest-auberge-valencia\\\/\",\"name\":\"R\u00e9servation Purple Nest Hostel Valencia \u00ae Comparez et r\u00e9servez\",\"isPartOf\":{\"@id\":\"https:\\\/\\\/feetuphostels.com\\\/fr\\\/#website\"},\"primaryImageOfPage\":{\"@id\":\"https:\\\/\\\/feetuphostels.com\\\/fr\\\/reservation-purple-nest-auberge-valencia\\\/#primaryimage\"},\"image\":{\"@id\":\"https:\\\/\\\/feetuphostels.com\\\/fr\\\/reservation-purple-nest-auberge-valencia\\\/#primaryimage\"},\"thumbnailUrl\":\"https:\\\/\\\/feetuphostels.com\\\/wp-content\\\/uploads\\\/2019\\\/01\\\/35purple-nest-hostel-valencia-by-feetuphostels.jpg\",\"datePublished\":\"2019-10-30T08:59:27+00:00\",\"dateModified\":\"2024-11-03T11:55:00+00:00\",\"description\":\"R\u00e9servation Purple Nest Auberge Valencia \u00ae Comparez sur d'autres canaux et r\u00e9servez avec nous avons toujours le meilleur prix \u00e0 Valence\u2714\ufe0f\",\"breadcrumb\":{\"@id\":\"https:\\\/\\\/feetuphostels.com\\\/fr\\\/reservation-purple-nest-auberge-valencia\\\/#breadcrumb\"},\"inLanguage\":\"fr-FR\",\"potentialAction\":[{\"@type\":\"ReadAction\",\"target\":[\"https:\\\/\\\/feetuphostels.com\\\/fr\\\/reservation-purple-nest-auberge-valencia\\\/\"]}]},{\"@type\":\"ImageObject\",\"inLanguage\":\"fr-FR\",\"@id\":\"https:\\\/\\\/feetuphostels.com\\\/fr\\\/reservation-purple-nest-auberge-valencia\\\/#primaryimage\",\"url\":\"https:\\\/\\\/feetuphostels.com\\\/wp-content\\\/uploads\\\/2019\\\/01\\\/35purple-nest-hostel-valencia-by-feetuphostels.jpg\",\"contentUrl\":\"https:\\\/\\\/feetuphostels.com\\\/wp-content\\\/uploads\\\/2019\\\/01\\\/35purple-nest-hostel-valencia-by-feetuphostels.jpg\",\"width\":1620,\"height\":1080,\"caption\":\"La r\u00e9ception vous accueillera chaleureusement\"},{\"@type\":\"BreadcrumbList\",\"@id\":\"https:\\\/\\\/feetuphostels.com\\\/fr\\\/reservation-purple-nest-auberge-valencia\\\/#breadcrumb\",\"itemListElement\":[{\"@type\":\"ListItem\",\"position\":1,\"name\":\"Home\",\"item\":\"https:\\\/\\\/feetuphostels.com\\\/fr\\\/\"},{\"@type\":\"ListItem\",\"position\":2,\"name\":\"R\u00e9servation Purple Nest Auberge Valencia\"}]},{\"@type\":\"WebSite\",\"@id\":\"https:\\\/\\\/feetuphostels.com\\\/fr\\\/#website\",\"url\":\"https:\\\/\\\/feetuphostels.com\\\/fr\\\/\",\"name\":\"Feet Up Hostels\",\"description\":\"Auberges de jeunesse et h\u00e9bergement \u00e0 Valence, Espagne. Nous sommes des sp\u00e9cialistes de la convivialit\u00e9\",\"publisher\":{\"@id\":\"https:\\\/\\\/feetuphostels.com\\\/fr\\\/#organization\"},\"alternateName\":\"Feet Up Hostels\",\"potentialAction\":[{\"@type\":\"SearchAction\",\"target\":{\"@type\":\"EntryPoint\",\"urlTemplate\":\"https:\\\/\\\/feetuphostels.com\\\/fr\\\/?s={search_term_string}\"},\"query-input\":{\"@type\":\"PropertyValueSpecification\",\"valueRequired\":true,\"valueName\":\"search_term_string\"}}],\"inLanguage\":\"fr-FR\"},{\"@type\":\"Organization\",\"@id\":\"https:\\\/\\\/feetuphostels.com\\\/fr\\\/#organization\",\"name\":\"Feet Up Hostels\",\"alternateName\":\"Feet Up Hostels\",\"url\":\"https:\\\/\\\/feetuphostels.com\\\/fr\\\/\",\"logo\":{\"@type\":\"ImageObject\",\"inLanguage\":\"fr-FR\",\"@id\":\"https:\\\/\\\/feetuphostels.com\\\/fr\\\/#\\\/schema\\\/logo\\\/image\\\/\",\"url\":\"https:\\\/\\\/feetuphostels.com\\\/wp-content\\\/uploads\\\/2019\\\/01\\\/logo-web-amp-feetuphostels.svg\",\"contentUrl\":\"https:\\\/\\\/feetuphostels.com\\\/wp-content\\\/uploads\\\/2019\\\/01\\\/logo-web-amp-feetuphostels.svg\",\"width\":1,\"height\":1,\"caption\":\"Feet Up Hostels\"},\"image\":{\"@id\":\"https:\\\/\\\/feetuphostels.com\\\/fr\\\/#\\\/schema\\\/logo\\\/image\\\/\"},\"sameAs\":[\"https:\\\/\\\/facebook.com\\\/feetuphostelsgroup\",\"https:\\\/\\\/x.com\\\/feetuphostels\",\"https:\\\/\\\/www.instagram.com\\\/feetuphostels\\\/\",\"https:\\\/\\\/www.tiktok.com\\\/@feetuphostels\",\"https:\\\/\\\/www.linkedin.com\\\/company\\\/feetuphostelsgroup\\\/\",\"https:\\\/\\\/www.pinterest.es\\\/FeetupHostels\\\/\",\"https:\\\/\\\/www.youtube.com\\\/feetuphostels\"]}]}<\/script>\n<!-- \/ Yoast SEO plugin. -->","yoast_head_json":{"title":"R\u00e9servation Purple Nest Hostel Valencia \u00ae Comparez et r\u00e9servez","description":"R\u00e9servation Purple Nest Auberge Valencia \u00ae Comparez sur d'autres canaux et r\u00e9servez avec nous avons toujours le meilleur prix \u00e0 Valence\u2714\ufe0f","robots":{"index":"index","follow":"follow","max-snippet":"max-snippet:-1","max-image-preview":"max-image-preview:large","max-video-preview":"max-video-preview:-1"},"canonical":"https:\/\/feetuphostels.com\/fr\/reservation-purple-nest-auberge-valencia\/","og_locale":"fr_FR","og_type":"article","og_title":"R\u00e9servation Purple Nest Hostel Valencia \u00ae Comparez et r\u00e9servez","og_description":"R\u00e9servation Purple Nest Auberge Valencia \u00ae Comparez sur d'autres canaux et r\u00e9servez avec nous avons toujours le meilleur prix \u00e0 Valence\u2714\ufe0f","og_url":"https:\/\/feetuphostels.com\/fr\/reservation-purple-nest-auberge-valencia\/","og_site_name":"Feet Up Hostels","article_publisher":"https:\/\/facebook.com\/feetuphostelsgroup","article_modified_time":"2024-11-03T11:55:00+00:00","og_image":[{"width":1620,"height":1080,"url":"https:\/\/feetuphostels.com\/wp-content\/uploads\/2019\/01\/35purple-nest-hostel-valencia-by-feetuphostels.jpg","type":"image\/jpeg"}],"twitter_card":"summary_large_image","twitter_site":"@feetuphostels","twitter_misc":{"Dur\u00e9e de lecture estim\u00e9e":"2 minutes"},"schema":{"@context":"https:\/\/schema.org","@graph":[{"@type":"WebPage","@id":"https:\/\/feetuphostels.com\/fr\/reservation-purple-nest-auberge-valencia\/","url":"https:\/\/feetuphostels.com\/fr\/reservation-purple-nest-auberge-valencia\/","name":"R\u00e9servation Purple Nest Hostel Valencia \u00ae Comparez et r\u00e9servez","isPartOf":{"@id":"https:\/\/feetuphostels.com\/fr\/#website"},"primaryImageOfPage":{"@id":"https:\/\/feetuphostels.com\/fr\/reservation-purple-nest-auberge-valencia\/#primaryimage"},"image":{"@id":"https:\/\/feetuphostels.com\/fr\/reservation-purple-nest-auberge-valencia\/#primaryimage"},"thumbnailUrl":"https:\/\/feetuphostels.com\/wp-content\/uploads\/2019\/01\/35purple-nest-hostel-valencia-by-feetuphostels.jpg","datePublished":"2019-10-30T08:59:27+00:00","dateModified":"2024-11-03T11:55:00+00:00","description":"R\u00e9servation Purple Nest Auberge Valencia \u00ae Comparez sur d'autres canaux et r\u00e9servez avec nous avons toujours le meilleur prix \u00e0 Valence\u2714\ufe0f","breadcrumb":{"@id":"https:\/\/feetuphostels.com\/fr\/reservation-purple-nest-auberge-valencia\/#breadcrumb"},"inLanguage":"fr-FR","potentialAction":[{"@type":"ReadAction","target":["https:\/\/feetuphostels.com\/fr\/reservation-purple-nest-auberge-valencia\/"]}]},{"@type":"ImageObject","inLanguage":"fr-FR","@id":"https:\/\/feetuphostels.com\/fr\/reservation-purple-nest-auberge-valencia\/#primaryimage","url":"https:\/\/feetuphostels.com\/wp-content\/uploads\/2019\/01\/35purple-nest-hostel-valencia-by-feetuphostels.jpg","contentUrl":"https:\/\/feetuphostels.com\/wp-content\/uploads\/2019\/01\/35purple-nest-hostel-valencia-by-feetuphostels.jpg","width":1620,"height":1080,"caption":"La r\u00e9ception vous accueillera chaleureusement"},{"@type":"BreadcrumbList","@id":"https:\/\/feetuphostels.com\/fr\/reservation-purple-nest-auberge-valencia\/#breadcrumb","itemListElement":[{"@type":"ListItem","position":1,"name":"Home","item":"https:\/\/feetuphostels.com\/fr\/"},{"@type":"ListItem","position":2,"name":"R\u00e9servation Purple Nest Auberge Valencia"}]},{"@type":"WebSite","@id":"https:\/\/feetuphostels.com\/fr\/#website","url":"https:\/\/feetuphostels.com\/fr\/","name":"Feet Up Hostels","description":"Auberges de jeunesse et h\u00e9bergement \u00e0 Valence, Espagne. Nous sommes des sp\u00e9cialistes de la convivialit\u00e9","publisher":{"@id":"https:\/\/feetuphostels.com\/fr\/#organization"},"alternateName":"Feet Up Hostels","potentialAction":[{"@type":"SearchAction","target":{"@type":"EntryPoint","urlTemplate":"https:\/\/feetuphostels.com\/fr\/?s={search_term_string}"},"query-input":{"@type":"PropertyValueSpecification","valueRequired":true,"valueName":"search_term_string"}}],"inLanguage":"fr-FR"},{"@type":"Organization","@id":"https:\/\/feetuphostels.com\/fr\/#organization","name":"Feet Up Hostels","alternateName":"Feet Up Hostels","url":"https:\/\/feetuphostels.com\/fr\/","logo":{"@type":"ImageObject","inLanguage":"fr-FR","@id":"https:\/\/feetuphostels.com\/fr\/#\/schema\/logo\/image\/","url":"https:\/\/feetuphostels.com\/wp-content\/uploads\/2019\/01\/logo-web-amp-feetuphostels.svg","contentUrl":"https:\/\/feetuphostels.com\/wp-content\/uploads\/2019\/01\/logo-web-amp-feetuphostels.svg","width":1,"height":1,"caption":"Feet Up Hostels"},"image":{"@id":"https:\/\/feetuphostels.com\/fr\/#\/schema\/logo\/image\/"},"sameAs":["https:\/\/facebook.com\/feetuphostelsgroup","https:\/\/x.com\/feetuphostels","https:\/\/www.instagram.com\/feetuphostels\/","https:\/\/www.tiktok.com\/@feetuphostels","https:\/\/www.linkedin.com\/company\/feetuphostelsgroup\/","https:\/\/www.pinterest.es\/FeetupHostels\/","https:\/\/www.youtube.com\/feetuphostels"]}]}},"_links":{"self":[{"href":"https:\/\/feetuphostels.com\/fr\/wp-json\/wp\/v2\/pages\/78615","targetHints":{"allow":["GET"]}}],"collection":[{"href":"https:\/\/feetuphostels.com\/fr\/wp-json\/wp\/v2\/pages"}],"about":[{"href":"https:\/\/feetuphostels.com\/fr\/wp-json\/wp\/v2\/types\/page"}],"author":[{"embeddable":true,"href":"https:\/\/feetuphostels.com\/fr\/wp-json\/wp\/v2\/users\/13"}],"replies":[{"embeddable":true,"href":"https:\/\/feetuphostels.com\/fr\/wp-json\/wp\/v2\/comments?post=78615"}],"version-history":[{"count":0,"href":"https:\/\/feetuphostels.com\/fr\/wp-json\/wp\/v2\/pages\/78615\/revisions"}],"wp:featuredmedia":[{"embeddable":true,"href":"https:\/\/feetuphostels.com\/fr\/wp-json\/wp\/v2\/media\/18233"}],"wp:attachment":[{"href":"https:\/\/feetuphostels.com\/fr\/wp-json\/wp\/v2\/media?parent=78615"}],"curies":[{"name":"wp","href":"https:\/\/api.w.org\/{rel}","templated":true}]}}