{"id":7747,"date":"2017-01-20T12:03:28","date_gmt":"2017-01-20T11:03:28","guid":{"rendered":"https:\/\/feetuphostels.com\/airport-transfers\/"},"modified":"2024-11-01T18:08:12","modified_gmt":"2024-11-01T17:08:12","slug":"transfert-aeroport-clients","status":"publish","type":"page","link":"https:\/\/feetuphostels.com\/fr\/transfert-aeroport-clients\/","title":{"rendered":"Transfert a\u00e9roport pour les clients"},"content":{"rendered":"\n<h1 class=\"wp-block-heading has-text-align-center\" id=\"h-airport-transfer\">Transfert de l&rsquo;a\u00e9roport<\/h1>\n\n<h2 class=\"wp-block-heading\">Service de transfert de l&rsquo;a\u00e9roport pour les clients de l&rsquo;auberge \u00e0 Valence<\/h2>\n\n<p>Fais l&rsquo;exp\u00e9rience d&rsquo;un voyage sans souci de l&rsquo;a\u00e9roport \u00e0 ton auberge \u00e0 Valence gr\u00e2ce \u00e0 notre service de transfert efficace et confortable. Commence tes vacances de la bonne fa\u00e7on!<\/p>\n\n<h2 class=\"wp-block-heading\">Transfert de l&rsquo;a\u00e9roport pour les clients de l&rsquo;auberge \u00e0 Valence : Commence ton aventure sans souci<\/h2>\n\n<p>Tu viens \u00e0 Valence et tu cherches un moyen s\u00fbr et efficace de te rendre de l&rsquo;a\u00e9roport \u00e0 ton auberge de jeunesse? Nous avons la solution parfaite pour toi!<\/p>\n\n<p>Notre service de transfert \u00e0 l&rsquo;a\u00e9roport pour les clients de l&rsquo;auberge \u00e0 Valence <a href=\"https:\/\/feetuphostels.com\/offers\/\" target=\"_blank\" rel=\"noreferrer noopener\">t&rsquo;offre<\/a> la tranquillit\u00e9 d&rsquo;esprit dont tu as besoin pour commencer tes vacances du bon pied.<\/p>\n\n<h2 class=\"wp-block-heading\">Voyage avec confort et s\u00e9curit\u00e9<\/h2>\n\n<p>Nous comprenons \u00e0 quel point il est important pour toi de commencer ton voyage sans encombre. C&rsquo;est pourquoi notre service de transfert de l&rsquo;a\u00e9roport aux auberges de Valence s&rsquo;effectue dans des v\u00e9hicules confortables, s\u00fbrs et climatis\u00e9s.<\/p>\n\n<p>Nos chauffeurs professionnels te garantissent un voyage agr\u00e9able.<\/p>\n\n<h2 class=\"wp-block-heading\">La commodit\u00e9 au meilleur prix<\/h2>\n\n<p>Pourquoi t&rsquo;inqui\u00e9ter des tarifs \u00e9lev\u00e9s des taxis ou de la confusion des bus quand tu peux opter pour notre service de transfert efficace et \u00e9conomique? Avec des prix fixes et comp\u00e9titifs, nous t&rsquo;assurons un d\u00e9part sans souci pour ton aventure \u00e0 Valence.<\/p>\n\n<h2 class=\"wp-block-heading\">R\u00e9servation facile et rapide<\/h2>\n\n<p>Pas de complications! Gr\u00e2ce \u00e0 notre plateforme en ligne, tu peux r\u00e9server ton transfert de l&rsquo;a\u00e9roport \u00e0 ton auberge de jeunesse \u00e0 Valence en quelques clics.<\/p>\n\n<p>De plus, notre \u00e9quipe de service \u00e0 la client\u00e8le est disponible 24 heures sur 24 et 7 jours sur 7 pour t&rsquo;aider dans tes d\u00e9marches.<\/p>\n\n<div class=\"wp-block-essential-blocks-advanced-image\"><div class=\"eb-parent-wrapper eb-parent-eb-advanced-image-prcxjjb \"><figure class=\"eb-advanced-image-wrapper eb-advanced-image-prcxjjb img-style-rounded caption-style-1 caption-horizontal-center caption-vertical-bottom bottom zoom-in\" data-id=\"eb-advanced-image-prcxjjb\"><div class=\"image-wrapper\"><img decoding=\"async\" src=\"https:\/\/feetuphostels.com\/wp-content\/uploads\/2017\/01\/airport_transfert.jpg\" alt=\"transfert d'a\u00e9roport\"><\/div><\/figure><\/div><\/div>\n\n<h2 class=\"wp-block-heading\">Voyage \u00e0 ton rythme<\/h2>\n\n<p>Peu importe que ton vol arrive tard dans la nuit ou t\u00f4t le matin, notre service de transfert est disponible 24 heures sur 24 pour t&rsquo;assurer d&rsquo;arriver \u00e0 ton auberge de Valence sans probl\u00e8me.<\/p>\n\n<p><strong>Conclusion<\/strong>: Ne laisse pas les inqui\u00e9tudes sur la fa\u00e7on de se rendre de l&rsquo;a\u00e9roport \u00e0 ton auberge de jeunesse g\u00e2cher l&rsquo;excitation de ton voyage. R\u00e9serve notre service de transfert et commence \u00e0 profiter de Valence d\u00e8s ton atterrissage. On se voit \u00e0 Valence!<\/p>\n","protected":false},"excerpt":{"rendered":"<p>Transfert de l&rsquo;a\u00e9roport. Transferts de l\u2019a\u00e9roport \u00e0 l\u2019a\u00e9roport nous avons des entreprises qui, en coordination avec les auberges de Feetup Hostels l\u2019a\u00e9roport<\/p>\n","protected":false},"author":13,"featured_media":217029,"parent":0,"menu_order":0,"comment_status":"closed","ping_status":"closed","template":"","meta":{"footnotes":""},"class_list":["post-7747","page","type-page","status-publish","has-post-thumbnail","hentry"],"yoast_head":"<!-- This site is optimized with the Yoast SEO plugin v27.4 - https:\/\/yoast.com\/product\/yoast-seo-wordpress\/ -->\n<title>Service de transfert de l&#039;a\u00e9roport pour les clients de l&#039;auberge \u00e0 Valence<\/title>\n<meta name=\"description\" content=\"Transferts a\u00e9roport. Fais l&#039;exp\u00e9rience d&#039;un voyage sans souci de l&#039;a\u00e9roport \u00e0 ton auberge de jeunesse \u00e0 Valence gr\u00e2ce \u00e0 notre service efficace et confortable.\" \/>\n<meta name=\"robots\" content=\"index, follow, max-snippet:-1, max-image-preview:large, max-video-preview:-1\" \/>\n<link rel=\"canonical\" href=\"https:\/\/feetuphostels.com\/fr\/transfert-aeroport-clients\/\" \/>\n<meta property=\"og:locale\" content=\"fr_FR\" \/>\n<meta property=\"og:type\" content=\"article\" \/>\n<meta property=\"og:title\" content=\"Service de transfert de l&#039;a\u00e9roport pour les clients de l&#039;auberge \u00e0 Valence\" \/>\n<meta property=\"og:description\" content=\"Transferts a\u00e9roport. Fais l&#039;exp\u00e9rience d&#039;un voyage sans souci de l&#039;a\u00e9roport \u00e0 ton auberge de jeunesse \u00e0 Valence gr\u00e2ce \u00e0 notre service efficace et confortable.\" \/>\n<meta property=\"og:url\" content=\"https:\/\/feetuphostels.com\/fr\/transfert-aeroport-clients\/\" \/>\n<meta property=\"og:site_name\" content=\"Feet Up Hostels\" \/>\n<meta property=\"article:publisher\" content=\"https:\/\/facebook.com\/feetuphostelsgroup\" \/>\n<meta property=\"article:modified_time\" content=\"2024-11-01T17:08:12+00:00\" \/>\n<meta property=\"og:image\" content=\"https:\/\/feetuphostels.com\/wp-content\/uploads\/2023\/06\/airportr-transfer-feet-up-hostels.jpg\" \/>\n\t<meta property=\"og:image:width\" content=\"1024\" \/>\n\t<meta property=\"og:image:height\" content=\"680\" \/>\n\t<meta property=\"og:image:type\" content=\"image\/jpeg\" \/>\n<meta name=\"twitter:card\" content=\"summary_large_image\" \/>\n<meta name=\"twitter:site\" content=\"@feetuphostels\" \/>\n<meta name=\"twitter:label1\" content=\"Dur\u00e9e de lecture estim\u00e9e\" \/>\n\t<meta name=\"twitter:data1\" content=\"2 minutes\" \/>\n<script type=\"application\/ld+json\" class=\"yoast-schema-graph\">{\"@context\":\"https:\\\/\\\/schema.org\",\"@graph\":[{\"@type\":\"WebPage\",\"@id\":\"https:\\\/\\\/feetuphostels.com\\\/fr\\\/transfert-aeroport-clients\\\/\",\"url\":\"https:\\\/\\\/feetuphostels.com\\\/fr\\\/transfert-aeroport-clients\\\/\",\"name\":\"Service de transfert de l'a\u00e9roport pour les clients de l'auberge \u00e0 Valence\",\"isPartOf\":{\"@id\":\"https:\\\/\\\/feetuphostels.com\\\/fr\\\/#website\"},\"primaryImageOfPage\":{\"@id\":\"https:\\\/\\\/feetuphostels.com\\\/fr\\\/transfert-aeroport-clients\\\/#primaryimage\"},\"image\":{\"@id\":\"https:\\\/\\\/feetuphostels.com\\\/fr\\\/transfert-aeroport-clients\\\/#primaryimage\"},\"thumbnailUrl\":\"https:\\\/\\\/feetuphostels.com\\\/wp-content\\\/uploads\\\/2023\\\/06\\\/airportr-transfer-feet-up-hostels.jpg\",\"datePublished\":\"2017-01-20T11:03:28+00:00\",\"dateModified\":\"2024-11-01T17:08:12+00:00\",\"description\":\"Transferts a\u00e9roport. Fais l'exp\u00e9rience d'un voyage sans souci de l'a\u00e9roport \u00e0 ton auberge de jeunesse \u00e0 Valence gr\u00e2ce \u00e0 notre service efficace et confortable.\",\"breadcrumb\":{\"@id\":\"https:\\\/\\\/feetuphostels.com\\\/fr\\\/transfert-aeroport-clients\\\/#breadcrumb\"},\"inLanguage\":\"fr-FR\",\"potentialAction\":[{\"@type\":\"ReadAction\",\"target\":[\"https:\\\/\\\/feetuphostels.com\\\/fr\\\/transfert-aeroport-clients\\\/\"]}]},{\"@type\":\"ImageObject\",\"inLanguage\":\"fr-FR\",\"@id\":\"https:\\\/\\\/feetuphostels.com\\\/fr\\\/transfert-aeroport-clients\\\/#primaryimage\",\"url\":\"https:\\\/\\\/feetuphostels.com\\\/wp-content\\\/uploads\\\/2023\\\/06\\\/airportr-transfer-feet-up-hostels.jpg\",\"contentUrl\":\"https:\\\/\\\/feetuphostels.com\\\/wp-content\\\/uploads\\\/2023\\\/06\\\/airportr-transfer-feet-up-hostels.jpg\",\"width\":1024,\"height\":680,\"caption\":\"Transfert de l'a\u00e9roport par Feet Up Hostels\"},{\"@type\":\"BreadcrumbList\",\"@id\":\"https:\\\/\\\/feetuphostels.com\\\/fr\\\/transfert-aeroport-clients\\\/#breadcrumb\",\"itemListElement\":[{\"@type\":\"ListItem\",\"position\":1,\"name\":\"Home\",\"item\":\"https:\\\/\\\/feetuphostels.com\\\/fr\\\/\"},{\"@type\":\"ListItem\",\"position\":2,\"name\":\"Transfert a\u00e9roport pour les clients\"}]},{\"@type\":\"WebSite\",\"@id\":\"https:\\\/\\\/feetuphostels.com\\\/fr\\\/#website\",\"url\":\"https:\\\/\\\/feetuphostels.com\\\/fr\\\/\",\"name\":\"Feet Up Hostels\",\"description\":\"Auberges de jeunesse et h\u00e9bergement \u00e0 Valence, Espagne. Nous sommes des sp\u00e9cialistes de la convivialit\u00e9\",\"publisher\":{\"@id\":\"https:\\\/\\\/feetuphostels.com\\\/fr\\\/#organization\"},\"alternateName\":\"Feet Up Hostels\",\"potentialAction\":[{\"@type\":\"SearchAction\",\"target\":{\"@type\":\"EntryPoint\",\"urlTemplate\":\"https:\\\/\\\/feetuphostels.com\\\/fr\\\/?s={search_term_string}\"},\"query-input\":{\"@type\":\"PropertyValueSpecification\",\"valueRequired\":true,\"valueName\":\"search_term_string\"}}],\"inLanguage\":\"fr-FR\"},{\"@type\":\"Organization\",\"@id\":\"https:\\\/\\\/feetuphostels.com\\\/fr\\\/#organization\",\"name\":\"Feet Up Hostels\",\"alternateName\":\"Feet Up Hostels\",\"url\":\"https:\\\/\\\/feetuphostels.com\\\/fr\\\/\",\"logo\":{\"@type\":\"ImageObject\",\"inLanguage\":\"fr-FR\",\"@id\":\"https:\\\/\\\/feetuphostels.com\\\/fr\\\/#\\\/schema\\\/logo\\\/image\\\/\",\"url\":\"https:\\\/\\\/feetuphostels.com\\\/wp-content\\\/uploads\\\/2019\\\/01\\\/logo-web-amp-feetuphostels.svg\",\"contentUrl\":\"https:\\\/\\\/feetuphostels.com\\\/wp-content\\\/uploads\\\/2019\\\/01\\\/logo-web-amp-feetuphostels.svg\",\"width\":1,\"height\":1,\"caption\":\"Feet Up Hostels\"},\"image\":{\"@id\":\"https:\\\/\\\/feetuphostels.com\\\/fr\\\/#\\\/schema\\\/logo\\\/image\\\/\"},\"sameAs\":[\"https:\\\/\\\/facebook.com\\\/feetuphostelsgroup\",\"https:\\\/\\\/x.com\\\/feetuphostels\",\"https:\\\/\\\/www.instagram.com\\\/feetuphostels\\\/\",\"https:\\\/\\\/www.tiktok.com\\\/@feetuphostels\",\"https:\\\/\\\/www.linkedin.com\\\/company\\\/feetuphostelsgroup\\\/\",\"https:\\\/\\\/www.pinterest.es\\\/FeetupHostels\\\/\",\"https:\\\/\\\/www.youtube.com\\\/feetuphostels\"]}]}<\/script>\n<!-- \/ Yoast SEO plugin. -->","yoast_head_json":{"title":"Service de transfert de l'a\u00e9roport pour les clients de l'auberge \u00e0 Valence","description":"Transferts a\u00e9roport. Fais l'exp\u00e9rience d'un voyage sans souci de l'a\u00e9roport \u00e0 ton auberge de jeunesse \u00e0 Valence gr\u00e2ce \u00e0 notre service efficace et confortable.","robots":{"index":"index","follow":"follow","max-snippet":"max-snippet:-1","max-image-preview":"max-image-preview:large","max-video-preview":"max-video-preview:-1"},"canonical":"https:\/\/feetuphostels.com\/fr\/transfert-aeroport-clients\/","og_locale":"fr_FR","og_type":"article","og_title":"Service de transfert de l'a\u00e9roport pour les clients de l'auberge \u00e0 Valence","og_description":"Transferts a\u00e9roport. Fais l'exp\u00e9rience d'un voyage sans souci de l'a\u00e9roport \u00e0 ton auberge de jeunesse \u00e0 Valence gr\u00e2ce \u00e0 notre service efficace et confortable.","og_url":"https:\/\/feetuphostels.com\/fr\/transfert-aeroport-clients\/","og_site_name":"Feet Up Hostels","article_publisher":"https:\/\/facebook.com\/feetuphostelsgroup","article_modified_time":"2024-11-01T17:08:12+00:00","og_image":[{"width":1024,"height":680,"url":"https:\/\/feetuphostels.com\/wp-content\/uploads\/2023\/06\/airportr-transfer-feet-up-hostels.jpg","type":"image\/jpeg"}],"twitter_card":"summary_large_image","twitter_site":"@feetuphostels","twitter_misc":{"Dur\u00e9e de lecture estim\u00e9e":"2 minutes"},"schema":{"@context":"https:\/\/schema.org","@graph":[{"@type":"WebPage","@id":"https:\/\/feetuphostels.com\/fr\/transfert-aeroport-clients\/","url":"https:\/\/feetuphostels.com\/fr\/transfert-aeroport-clients\/","name":"Service de transfert de l'a\u00e9roport pour les clients de l'auberge \u00e0 Valence","isPartOf":{"@id":"https:\/\/feetuphostels.com\/fr\/#website"},"primaryImageOfPage":{"@id":"https:\/\/feetuphostels.com\/fr\/transfert-aeroport-clients\/#primaryimage"},"image":{"@id":"https:\/\/feetuphostels.com\/fr\/transfert-aeroport-clients\/#primaryimage"},"thumbnailUrl":"https:\/\/feetuphostels.com\/wp-content\/uploads\/2023\/06\/airportr-transfer-feet-up-hostels.jpg","datePublished":"2017-01-20T11:03:28+00:00","dateModified":"2024-11-01T17:08:12+00:00","description":"Transferts a\u00e9roport. Fais l'exp\u00e9rience d'un voyage sans souci de l'a\u00e9roport \u00e0 ton auberge de jeunesse \u00e0 Valence gr\u00e2ce \u00e0 notre service efficace et confortable.","breadcrumb":{"@id":"https:\/\/feetuphostels.com\/fr\/transfert-aeroport-clients\/#breadcrumb"},"inLanguage":"fr-FR","potentialAction":[{"@type":"ReadAction","target":["https:\/\/feetuphostels.com\/fr\/transfert-aeroport-clients\/"]}]},{"@type":"ImageObject","inLanguage":"fr-FR","@id":"https:\/\/feetuphostels.com\/fr\/transfert-aeroport-clients\/#primaryimage","url":"https:\/\/feetuphostels.com\/wp-content\/uploads\/2023\/06\/airportr-transfer-feet-up-hostels.jpg","contentUrl":"https:\/\/feetuphostels.com\/wp-content\/uploads\/2023\/06\/airportr-transfer-feet-up-hostels.jpg","width":1024,"height":680,"caption":"Transfert de l'a\u00e9roport par Feet Up Hostels"},{"@type":"BreadcrumbList","@id":"https:\/\/feetuphostels.com\/fr\/transfert-aeroport-clients\/#breadcrumb","itemListElement":[{"@type":"ListItem","position":1,"name":"Home","item":"https:\/\/feetuphostels.com\/fr\/"},{"@type":"ListItem","position":2,"name":"Transfert a\u00e9roport pour les clients"}]},{"@type":"WebSite","@id":"https:\/\/feetuphostels.com\/fr\/#website","url":"https:\/\/feetuphostels.com\/fr\/","name":"Feet Up Hostels","description":"Auberges de jeunesse et h\u00e9bergement \u00e0 Valence, Espagne. Nous sommes des sp\u00e9cialistes de la convivialit\u00e9","publisher":{"@id":"https:\/\/feetuphostels.com\/fr\/#organization"},"alternateName":"Feet Up Hostels","potentialAction":[{"@type":"SearchAction","target":{"@type":"EntryPoint","urlTemplate":"https:\/\/feetuphostels.com\/fr\/?s={search_term_string}"},"query-input":{"@type":"PropertyValueSpecification","valueRequired":true,"valueName":"search_term_string"}}],"inLanguage":"fr-FR"},{"@type":"Organization","@id":"https:\/\/feetuphostels.com\/fr\/#organization","name":"Feet Up Hostels","alternateName":"Feet Up Hostels","url":"https:\/\/feetuphostels.com\/fr\/","logo":{"@type":"ImageObject","inLanguage":"fr-FR","@id":"https:\/\/feetuphostels.com\/fr\/#\/schema\/logo\/image\/","url":"https:\/\/feetuphostels.com\/wp-content\/uploads\/2019\/01\/logo-web-amp-feetuphostels.svg","contentUrl":"https:\/\/feetuphostels.com\/wp-content\/uploads\/2019\/01\/logo-web-amp-feetuphostels.svg","width":1,"height":1,"caption":"Feet Up Hostels"},"image":{"@id":"https:\/\/feetuphostels.com\/fr\/#\/schema\/logo\/image\/"},"sameAs":["https:\/\/facebook.com\/feetuphostelsgroup","https:\/\/x.com\/feetuphostels","https:\/\/www.instagram.com\/feetuphostels\/","https:\/\/www.tiktok.com\/@feetuphostels","https:\/\/www.linkedin.com\/company\/feetuphostelsgroup\/","https:\/\/www.pinterest.es\/FeetupHostels\/","https:\/\/www.youtube.com\/feetuphostels"]}]}},"_links":{"self":[{"href":"https:\/\/feetuphostels.com\/fr\/wp-json\/wp\/v2\/pages\/7747","targetHints":{"allow":["GET"]}}],"collection":[{"href":"https:\/\/feetuphostels.com\/fr\/wp-json\/wp\/v2\/pages"}],"about":[{"href":"https:\/\/feetuphostels.com\/fr\/wp-json\/wp\/v2\/types\/page"}],"author":[{"embeddable":true,"href":"https:\/\/feetuphostels.com\/fr\/wp-json\/wp\/v2\/users\/13"}],"replies":[{"embeddable":true,"href":"https:\/\/feetuphostels.com\/fr\/wp-json\/wp\/v2\/comments?post=7747"}],"version-history":[{"count":0,"href":"https:\/\/feetuphostels.com\/fr\/wp-json\/wp\/v2\/pages\/7747\/revisions"}],"wp:featuredmedia":[{"embeddable":true,"href":"https:\/\/feetuphostels.com\/fr\/wp-json\/wp\/v2\/media\/217029"}],"wp:attachment":[{"href":"https:\/\/feetuphostels.com\/fr\/wp-json\/wp\/v2\/media?parent=7747"}],"curies":[{"name":"wp","href":"https:\/\/api.w.org\/{rel}","templated":true}]}}