{"id":77436,"date":"2019-11-11T11:15:23","date_gmt":"2019-11-11T10:15:23","guid":{"rendered":"https:\/\/feetuphostels.com\/prenotazione-home-youth-ostello-valencia\/"},"modified":"2024-11-02T20:02:05","modified_gmt":"2024-11-02T19:02:05","slug":"reservation-home-youth-auberge-valencia","status":"publish","type":"page","link":"https:\/\/feetuphostels.com\/fr\/reservation-home-youth-auberge-valencia\/","title":{"rendered":"R\u00e9servation H\u00f4me Youth Auberge Valencia"},"content":{"rendered":"\n<h1 class=\"wp-block-heading has-text-align-center\" id=\"h-booking-home-youth-hostel\">R\u00e9servation de l&rsquo;auberge de jeunesse H\u00f4me<\/h1>\n\n<iframe src=\"https:\/\/feetup-youth-hostel-dot-feetup-hotels.appspot.com\/booking1\/?adultsRoom1=1&#038;language=english\" width=\"100%\" height=\"1800px\" style=\"border:0;\"><\/iframe>\r\n\n<h2 class=\"wp-block-heading\">R\u00e9serve un lit sans lits superpos\u00e9s dans notre H\u00f4me Youth Hostel<\/h2>\n\n<h2 class=\"wp-block-heading\">Salut, compagnon de voyage!&#13;\nPr\u00eat pour la prochaine aventure?<\/h2>\n\n<p>Bienvenue dans notre H\u00f4me Youth Hostel, o\u00f9 le plaisir, le confort et l&rsquo;hospitalit\u00e9 se rencontrent. Si tu cherches une exp\u00e9rience inoubliable, tu es au bon endroit.<\/p>\n\n<p>Ici, nous valorisons l&rsquo;authenticit\u00e9 et le contact direct avec toi, notre invit\u00e9. Nous sommes convaincus que si tu r\u00e9serves directement avec nous, tu vivras une exp\u00e9rience d&rsquo;h\u00e9bergement personnalis\u00e9e et gratifiante, et surtout, pleine de bonnes vibrations!<\/p>\n\n<p>Pourquoi disons-nous cela ? Laisse-nous t&rsquo;expliquer:<\/p>\n\n<ul class=\"wp-block-list\">\n<li><strong>Meilleur prix garanti:<\/strong> En r\u00e9servant directement avec nous, tu obtiens toujours le meilleur prix. Pas d&rsquo;interm\u00e9diaires ajoutant des commissions suppl\u00e9mentaires, tu auras plus d&rsquo;argent \u00e0 d\u00e9penser pour tes aventures.<\/li>\n\n\n\n<li><a href=\"https:\/\/feetuphostels.com\/fr\/service-clientele\/contact\/\">Communication directe:<\/a> En r\u00e9servant directement, tu b\u00e9n\u00e9ficieras d&rsquo;une communication fluide et directe avec notre \u00e9quipe. Nous pouvons r\u00e9pondre \u00e0 tes besoins, \u00e0 toutes tes questions et te fournir les meilleurs conseils locaux de mani\u00e8re efficace.&#13;\n<div id=\"gtx-trans\" style=\"position: absolute; left: -48px; top: -10px;\">&#13;\n<div class=\"gtx-trans-icon\"><\/div>&#13;\n<\/div><\/li>\n\n\n\n<li><strong>Personnalisation:<\/strong> As-tu des exigences alimentaires sp\u00e9cifiques ? Pr\u00e9f\u00e8res-tu un lit dans un coin tranquille du dortoir ? En r\u00e9servant directement, nous pouvons nous adapter \u00e0 tes go\u00fbts et besoins pour que ton s\u00e9jour soit super confortable et agr\u00e9able.<\/li>\n\n\n\n<li><strong>Promotions exclusives:<\/strong> Nous avons souvent des offres et des r\u00e9ductions uniquement disponibles pour ceux qui r\u00e9servent directement avec nous. Cela peut aller de r\u00e9ductions sur les activit\u00e9s locales \u00e0 une boisson gratuite \u00e0 ton arriv\u00e9e.<\/li>\n\n\n\n<li><strong>R\u00e9compenses pour la fid\u00e9lit\u00e9:<\/strong> Si tu r\u00e9serves directement, tu seras le premier \u00e0 conna\u00eetre nos \u00e9v\u00e9nements sp\u00e9ciaux et nos offres. De plus, nous aimons revoir les visages familiers, donc nous avons souvent des r\u00e9compenses sp\u00e9ciales pour ceux qui reviennent.<\/li>\n<\/ul>\n\n<h2 class=\"wp-block-heading\">En r\u00e9sum\u00e9.<\/h2>\n\n<p>R\u00e9server directement avec nous signifie que tu profiteras des meilleurs prix, d&rsquo;un service plus personnalis\u00e9, de promotions exclusives et de r\u00e9compenses pour ta fid\u00e9lit\u00e9. Mais surtout, tu feras partie de notre communaut\u00e9 de voyageurs et d&rsquo;aventuriers, tu partageras des exp\u00e9riences et cr\u00e9eras des souvenirs inoubliables.<\/p>\n\n<p>Alors, la prochaine fois que tu planifieras ta grande aventure, pense \u00e0 r\u00e9server directement avec nous.<\/p>\n\n<p>Nous te garantissons que ce sera la meilleure d\u00e9cision pour ton voyage.<\/p>\n\n<p>Nous avons h\u00e2te de t&rsquo;accueillir \u00e0 bras ouverts dans notre Auberge de Jeunesse!<\/p>\n","protected":false},"excerpt":{"rendered":"<p>Booking H\u00f4me Youth Hostel Valencia \u00ae R\u00e9serve un lit maintenant au meilleur prix \u00e0 Valence,pas de frais de r\u00e9servation, confirmation imm\u00e9diate, annulation gratuite. Ce b\u00e2timent r\u00e9cemment restaur\u00e9 dans le centre de Valence dispose d&rsquo;une connexion Wi-Fi gratuite et est la seule auberge de jeunesse de Valence \u00e0 proposer des lits simples au lieu de lits superpos\u00e9s<\/p>\n","protected":false},"author":13,"featured_media":61908,"parent":0,"menu_order":0,"comment_status":"closed","ping_status":"closed","template":"","meta":{"footnotes":""},"class_list":["post-77436","page","type-page","status-publish","has-post-thumbnail","hentry"],"yoast_head":"<!-- This site is optimized with the Yoast SEO plugin v27.4 - https:\/\/yoast.com\/product\/yoast-seo-wordpress\/ -->\n<title>R\u00e9servation H\u00f4me Youth Hostel Valencia\u00ae R\u00e9serve un lit au meilleur prix<\/title>\n<meta name=\"description\" content=\"R\u00e9servation H\u00f4me Youth Hostel Valencia \u00ae R\u00e9serve un lit maintenant au meilleur prix \u00e0 Valence,pas de frais de r\u00e9servation, confirmation imm\u00e9diate, annulation gratuite.\" \/>\n<meta name=\"robots\" content=\"index, follow, max-snippet:-1, max-image-preview:large, max-video-preview:-1\" \/>\n<link rel=\"canonical\" href=\"https:\/\/feetuphostels.com\/fr\/reservation-home-youth-auberge-valencia\/\" \/>\n<meta property=\"og:locale\" content=\"fr_FR\" \/>\n<meta property=\"og:type\" content=\"article\" \/>\n<meta property=\"og:title\" content=\"R\u00e9servation H\u00f4me Youth Hostel Valencia\u00ae R\u00e9serve un lit au meilleur prix\" \/>\n<meta property=\"og:description\" content=\"R\u00e9servation H\u00f4me Youth Hostel Valencia \u00ae R\u00e9serve un lit maintenant au meilleur prix \u00e0 Valence,pas de frais de r\u00e9servation, confirmation imm\u00e9diate, annulation gratuite.\" \/>\n<meta property=\"og:url\" content=\"https:\/\/feetuphostels.com\/fr\/reservation-home-youth-auberge-valencia\/\" \/>\n<meta property=\"og:site_name\" content=\"Feet Up Hostels\" \/>\n<meta property=\"article:publisher\" content=\"https:\/\/facebook.com\/feetuphostelsgroup\" \/>\n<meta property=\"article:modified_time\" content=\"2024-11-02T19:02:05+00:00\" \/>\n<meta property=\"og:image\" content=\"https:\/\/feetuphostels.com\/wp-content\/uploads\/2019\/07\/16home-youth-hostel-valencia-by-feetuphostels.jpg\" \/>\n\t<meta property=\"og:image:width\" content=\"1620\" \/>\n\t<meta property=\"og:image:height\" content=\"1080\" \/>\n\t<meta property=\"og:image:type\" content=\"image\/jpeg\" \/>\n<meta name=\"twitter:card\" content=\"summary_large_image\" \/>\n<meta name=\"twitter:site\" content=\"@feetuphostels\" \/>\n<meta name=\"twitter:label1\" content=\"Dur\u00e9e de lecture estim\u00e9e\" \/>\n\t<meta name=\"twitter:data1\" content=\"2 minutes\" \/>\n<script type=\"application\/ld+json\" class=\"yoast-schema-graph\">{\"@context\":\"https:\\\/\\\/schema.org\",\"@graph\":[{\"@type\":\"WebPage\",\"@id\":\"https:\\\/\\\/feetuphostels.com\\\/fr\\\/reservation-home-youth-auberge-valencia\\\/\",\"url\":\"https:\\\/\\\/feetuphostels.com\\\/fr\\\/reservation-home-youth-auberge-valencia\\\/\",\"name\":\"R\u00e9servation H\u00f4me Youth Hostel Valencia\u00ae R\u00e9serve un lit au meilleur prix\",\"isPartOf\":{\"@id\":\"https:\\\/\\\/feetuphostels.com\\\/fr\\\/#website\"},\"primaryImageOfPage\":{\"@id\":\"https:\\\/\\\/feetuphostels.com\\\/fr\\\/reservation-home-youth-auberge-valencia\\\/#primaryimage\"},\"image\":{\"@id\":\"https:\\\/\\\/feetuphostels.com\\\/fr\\\/reservation-home-youth-auberge-valencia\\\/#primaryimage\"},\"thumbnailUrl\":\"https:\\\/\\\/feetuphostels.com\\\/wp-content\\\/uploads\\\/2019\\\/07\\\/16home-youth-hostel-valencia-by-feetuphostels.jpg\",\"datePublished\":\"2019-11-11T10:15:23+00:00\",\"dateModified\":\"2024-11-02T19:02:05+00:00\",\"description\":\"R\u00e9servation H\u00f4me Youth Hostel Valencia \u00ae R\u00e9serve un lit maintenant au meilleur prix \u00e0 Valence,pas de frais de r\u00e9servation, confirmation imm\u00e9diate, annulation gratuite.\",\"breadcrumb\":{\"@id\":\"https:\\\/\\\/feetuphostels.com\\\/fr\\\/reservation-home-youth-auberge-valencia\\\/#breadcrumb\"},\"inLanguage\":\"fr-FR\",\"potentialAction\":[{\"@type\":\"ReadAction\",\"target\":[\"https:\\\/\\\/feetuphostels.com\\\/fr\\\/reservation-home-youth-auberge-valencia\\\/\"]}]},{\"@type\":\"ImageObject\",\"inLanguage\":\"fr-FR\",\"@id\":\"https:\\\/\\\/feetuphostels.com\\\/fr\\\/reservation-home-youth-auberge-valencia\\\/#primaryimage\",\"url\":\"https:\\\/\\\/feetuphostels.com\\\/wp-content\\\/uploads\\\/2019\\\/07\\\/16home-youth-hostel-valencia-by-feetuphostels.jpg\",\"contentUrl\":\"https:\\\/\\\/feetuphostels.com\\\/wp-content\\\/uploads\\\/2019\\\/07\\\/16home-youth-hostel-valencia-by-feetuphostels.jpg\",\"width\":1620,\"height\":1080,\"caption\":\"Recepion t'accueille chaleureusement\"},{\"@type\":\"BreadcrumbList\",\"@id\":\"https:\\\/\\\/feetuphostels.com\\\/fr\\\/reservation-home-youth-auberge-valencia\\\/#breadcrumb\",\"itemListElement\":[{\"@type\":\"ListItem\",\"position\":1,\"name\":\"Home\",\"item\":\"https:\\\/\\\/feetuphostels.com\\\/fr\\\/\"},{\"@type\":\"ListItem\",\"position\":2,\"name\":\"R\u00e9servation H\u00f4me Youth Auberge Valencia\"}]},{\"@type\":\"WebSite\",\"@id\":\"https:\\\/\\\/feetuphostels.com\\\/fr\\\/#website\",\"url\":\"https:\\\/\\\/feetuphostels.com\\\/fr\\\/\",\"name\":\"Feet Up Hostels\",\"description\":\"Auberges de jeunesse et h\u00e9bergement \u00e0 Valence, Espagne. Nous sommes des sp\u00e9cialistes de la convivialit\u00e9\",\"publisher\":{\"@id\":\"https:\\\/\\\/feetuphostels.com\\\/fr\\\/#organization\"},\"alternateName\":\"Feet Up Hostels\",\"potentialAction\":[{\"@type\":\"SearchAction\",\"target\":{\"@type\":\"EntryPoint\",\"urlTemplate\":\"https:\\\/\\\/feetuphostels.com\\\/fr\\\/?s={search_term_string}\"},\"query-input\":{\"@type\":\"PropertyValueSpecification\",\"valueRequired\":true,\"valueName\":\"search_term_string\"}}],\"inLanguage\":\"fr-FR\"},{\"@type\":\"Organization\",\"@id\":\"https:\\\/\\\/feetuphostels.com\\\/fr\\\/#organization\",\"name\":\"Feet Up Hostels\",\"alternateName\":\"Feet Up Hostels\",\"url\":\"https:\\\/\\\/feetuphostels.com\\\/fr\\\/\",\"logo\":{\"@type\":\"ImageObject\",\"inLanguage\":\"fr-FR\",\"@id\":\"https:\\\/\\\/feetuphostels.com\\\/fr\\\/#\\\/schema\\\/logo\\\/image\\\/\",\"url\":\"https:\\\/\\\/feetuphostels.com\\\/wp-content\\\/uploads\\\/2019\\\/01\\\/logo-web-amp-feetuphostels.svg\",\"contentUrl\":\"https:\\\/\\\/feetuphostels.com\\\/wp-content\\\/uploads\\\/2019\\\/01\\\/logo-web-amp-feetuphostels.svg\",\"width\":1,\"height\":1,\"caption\":\"Feet Up Hostels\"},\"image\":{\"@id\":\"https:\\\/\\\/feetuphostels.com\\\/fr\\\/#\\\/schema\\\/logo\\\/image\\\/\"},\"sameAs\":[\"https:\\\/\\\/facebook.com\\\/feetuphostelsgroup\",\"https:\\\/\\\/x.com\\\/feetuphostels\",\"https:\\\/\\\/www.instagram.com\\\/feetuphostels\\\/\",\"https:\\\/\\\/www.tiktok.com\\\/@feetuphostels\",\"https:\\\/\\\/www.linkedin.com\\\/company\\\/feetuphostelsgroup\\\/\",\"https:\\\/\\\/www.pinterest.es\\\/FeetupHostels\\\/\",\"https:\\\/\\\/www.youtube.com\\\/feetuphostels\"]}]}<\/script>\n<!-- \/ Yoast SEO plugin. -->","yoast_head_json":{"title":"R\u00e9servation H\u00f4me Youth Hostel Valencia\u00ae R\u00e9serve un lit au meilleur prix","description":"R\u00e9servation H\u00f4me Youth Hostel Valencia \u00ae R\u00e9serve un lit maintenant au meilleur prix \u00e0 Valence,pas de frais de r\u00e9servation, confirmation imm\u00e9diate, annulation gratuite.","robots":{"index":"index","follow":"follow","max-snippet":"max-snippet:-1","max-image-preview":"max-image-preview:large","max-video-preview":"max-video-preview:-1"},"canonical":"https:\/\/feetuphostels.com\/fr\/reservation-home-youth-auberge-valencia\/","og_locale":"fr_FR","og_type":"article","og_title":"R\u00e9servation H\u00f4me Youth Hostel Valencia\u00ae R\u00e9serve un lit au meilleur prix","og_description":"R\u00e9servation H\u00f4me Youth Hostel Valencia \u00ae R\u00e9serve un lit maintenant au meilleur prix \u00e0 Valence,pas de frais de r\u00e9servation, confirmation imm\u00e9diate, annulation gratuite.","og_url":"https:\/\/feetuphostels.com\/fr\/reservation-home-youth-auberge-valencia\/","og_site_name":"Feet Up Hostels","article_publisher":"https:\/\/facebook.com\/feetuphostelsgroup","article_modified_time":"2024-11-02T19:02:05+00:00","og_image":[{"width":1620,"height":1080,"url":"https:\/\/feetuphostels.com\/wp-content\/uploads\/2019\/07\/16home-youth-hostel-valencia-by-feetuphostels.jpg","type":"image\/jpeg"}],"twitter_card":"summary_large_image","twitter_site":"@feetuphostels","twitter_misc":{"Dur\u00e9e de lecture estim\u00e9e":"2 minutes"},"schema":{"@context":"https:\/\/schema.org","@graph":[{"@type":"WebPage","@id":"https:\/\/feetuphostels.com\/fr\/reservation-home-youth-auberge-valencia\/","url":"https:\/\/feetuphostels.com\/fr\/reservation-home-youth-auberge-valencia\/","name":"R\u00e9servation H\u00f4me Youth Hostel Valencia\u00ae R\u00e9serve un lit au meilleur prix","isPartOf":{"@id":"https:\/\/feetuphostels.com\/fr\/#website"},"primaryImageOfPage":{"@id":"https:\/\/feetuphostels.com\/fr\/reservation-home-youth-auberge-valencia\/#primaryimage"},"image":{"@id":"https:\/\/feetuphostels.com\/fr\/reservation-home-youth-auberge-valencia\/#primaryimage"},"thumbnailUrl":"https:\/\/feetuphostels.com\/wp-content\/uploads\/2019\/07\/16home-youth-hostel-valencia-by-feetuphostels.jpg","datePublished":"2019-11-11T10:15:23+00:00","dateModified":"2024-11-02T19:02:05+00:00","description":"R\u00e9servation H\u00f4me Youth Hostel Valencia \u00ae R\u00e9serve un lit maintenant au meilleur prix \u00e0 Valence,pas de frais de r\u00e9servation, confirmation imm\u00e9diate, annulation gratuite.","breadcrumb":{"@id":"https:\/\/feetuphostels.com\/fr\/reservation-home-youth-auberge-valencia\/#breadcrumb"},"inLanguage":"fr-FR","potentialAction":[{"@type":"ReadAction","target":["https:\/\/feetuphostels.com\/fr\/reservation-home-youth-auberge-valencia\/"]}]},{"@type":"ImageObject","inLanguage":"fr-FR","@id":"https:\/\/feetuphostels.com\/fr\/reservation-home-youth-auberge-valencia\/#primaryimage","url":"https:\/\/feetuphostels.com\/wp-content\/uploads\/2019\/07\/16home-youth-hostel-valencia-by-feetuphostels.jpg","contentUrl":"https:\/\/feetuphostels.com\/wp-content\/uploads\/2019\/07\/16home-youth-hostel-valencia-by-feetuphostels.jpg","width":1620,"height":1080,"caption":"Recepion t'accueille chaleureusement"},{"@type":"BreadcrumbList","@id":"https:\/\/feetuphostels.com\/fr\/reservation-home-youth-auberge-valencia\/#breadcrumb","itemListElement":[{"@type":"ListItem","position":1,"name":"Home","item":"https:\/\/feetuphostels.com\/fr\/"},{"@type":"ListItem","position":2,"name":"R\u00e9servation H\u00f4me Youth Auberge Valencia"}]},{"@type":"WebSite","@id":"https:\/\/feetuphostels.com\/fr\/#website","url":"https:\/\/feetuphostels.com\/fr\/","name":"Feet Up Hostels","description":"Auberges de jeunesse et h\u00e9bergement \u00e0 Valence, Espagne. Nous sommes des sp\u00e9cialistes de la convivialit\u00e9","publisher":{"@id":"https:\/\/feetuphostels.com\/fr\/#organization"},"alternateName":"Feet Up Hostels","potentialAction":[{"@type":"SearchAction","target":{"@type":"EntryPoint","urlTemplate":"https:\/\/feetuphostels.com\/fr\/?s={search_term_string}"},"query-input":{"@type":"PropertyValueSpecification","valueRequired":true,"valueName":"search_term_string"}}],"inLanguage":"fr-FR"},{"@type":"Organization","@id":"https:\/\/feetuphostels.com\/fr\/#organization","name":"Feet Up Hostels","alternateName":"Feet Up Hostels","url":"https:\/\/feetuphostels.com\/fr\/","logo":{"@type":"ImageObject","inLanguage":"fr-FR","@id":"https:\/\/feetuphostels.com\/fr\/#\/schema\/logo\/image\/","url":"https:\/\/feetuphostels.com\/wp-content\/uploads\/2019\/01\/logo-web-amp-feetuphostels.svg","contentUrl":"https:\/\/feetuphostels.com\/wp-content\/uploads\/2019\/01\/logo-web-amp-feetuphostels.svg","width":1,"height":1,"caption":"Feet Up Hostels"},"image":{"@id":"https:\/\/feetuphostels.com\/fr\/#\/schema\/logo\/image\/"},"sameAs":["https:\/\/facebook.com\/feetuphostelsgroup","https:\/\/x.com\/feetuphostels","https:\/\/www.instagram.com\/feetuphostels\/","https:\/\/www.tiktok.com\/@feetuphostels","https:\/\/www.linkedin.com\/company\/feetuphostelsgroup\/","https:\/\/www.pinterest.es\/FeetupHostels\/","https:\/\/www.youtube.com\/feetuphostels"]}]}},"_links":{"self":[{"href":"https:\/\/feetuphostels.com\/fr\/wp-json\/wp\/v2\/pages\/77436","targetHints":{"allow":["GET"]}}],"collection":[{"href":"https:\/\/feetuphostels.com\/fr\/wp-json\/wp\/v2\/pages"}],"about":[{"href":"https:\/\/feetuphostels.com\/fr\/wp-json\/wp\/v2\/types\/page"}],"author":[{"embeddable":true,"href":"https:\/\/feetuphostels.com\/fr\/wp-json\/wp\/v2\/users\/13"}],"replies":[{"embeddable":true,"href":"https:\/\/feetuphostels.com\/fr\/wp-json\/wp\/v2\/comments?post=77436"}],"version-history":[{"count":0,"href":"https:\/\/feetuphostels.com\/fr\/wp-json\/wp\/v2\/pages\/77436\/revisions"}],"wp:featuredmedia":[{"embeddable":true,"href":"https:\/\/feetuphostels.com\/fr\/wp-json\/wp\/v2\/media\/61908"}],"wp:attachment":[{"href":"https:\/\/feetuphostels.com\/fr\/wp-json\/wp\/v2\/media?parent=77436"}],"curies":[{"name":"wp","href":"https:\/\/api.w.org\/{rel}","templated":true}]}}