{"id":74309,"date":"2019-11-12T11:24:38","date_gmt":"2019-11-12T10:24:38","guid":{"rendered":"https:\/\/feetuphostels.com\/?page_id=74309"},"modified":"2024-11-09T13:55:28","modified_gmt":"2024-11-09T12:55:28","slug":"meilleures-villes-espagne-apprendre-voyage","status":"publish","type":"page","link":"https:\/\/feetuphostels.com\/fr\/meilleures-villes-espagne-apprendre-voyage\/","title":{"rendered":"Les meilleures villes d&rsquo;Espagne pour apprendre \u00e0 conna\u00eetre Voyage avec votre sac \u00e0 dos"},"content":{"rendered":"","protected":false},"excerpt":{"rendered":"<p>Les meilleures villes d&rsquo;Espagne pour apprendre \u00e0 conna\u00eetre Voyage avec votre sac \u00e0 dos. Lieux \u00e0 visiter \u00e0 Barcelone et \u00e0 d\u00e9couvrir \u00e0 Valence. A Barcelone, vous pouvez apprendre \u00e0 conna\u00eetre des endroits bien connus tels que La Rambla ou Barceloneta Beach. A Valence, vous pouvez voir des endroits populaires tels que la Cit\u00e9 des Arts et des Sciences ou la rivi\u00e8re Tura<\/p>\n","protected":false},"author":13,"featured_media":0,"parent":0,"menu_order":0,"comment_status":"closed","ping_status":"closed","template":"","meta":{"footnotes":""},"class_list":["post-74309","page","type-page","status-publish","hentry"],"yoast_head":"<!-- This site is optimized with the Yoast SEO plugin v27.3 - https:\/\/yoast.com\/product\/yoast-seo-wordpress\/ -->\n<title>Les meilleures villes d&#039;Espagne \u00e0 conna\u00eetre voyager avec votre sac \u00e0 dos<\/title>\n<meta name=\"description\" content=\"Les meilleures villes d&#039;Espagne \u00e0 conna\u00eetre en voyageant avec votre sac \u00e0 dos. Les lieux \u00e0 visiter \u00e0 Barcelone et \u00e0 d\u00e9couvrir \u00e0 Valence. Venez maintenant en Espagne\" \/>\n<meta name=\"robots\" content=\"index, follow, max-snippet:-1, max-image-preview:large, max-video-preview:-1\" \/>\n<link rel=\"canonical\" href=\"https:\/\/feetuphostels.com\/fr\/meilleures-villes-espagne-apprendre-voyage\/\" \/>\n<meta property=\"og:locale\" content=\"fr_FR\" \/>\n<meta property=\"og:type\" content=\"article\" \/>\n<meta property=\"og:title\" content=\"Les meilleures villes d&#039;Espagne \u00e0 conna\u00eetre voyager avec votre sac \u00e0 dos\" \/>\n<meta property=\"og:description\" content=\"Les meilleures villes d&#039;Espagne \u00e0 conna\u00eetre en voyageant avec votre sac \u00e0 dos. Les lieux \u00e0 visiter \u00e0 Barcelone et \u00e0 d\u00e9couvrir \u00e0 Valence. Venez maintenant en Espagne\" \/>\n<meta property=\"og:url\" content=\"https:\/\/feetuphostels.com\/fr\/meilleures-villes-espagne-apprendre-voyage\/\" \/>\n<meta property=\"og:site_name\" content=\"Feet Up Hostels\" \/>\n<meta property=\"article:publisher\" content=\"https:\/\/facebook.com\/feetuphostelsgroup\" \/>\n<meta property=\"article:modified_time\" content=\"2024-11-09T12:55:28+00:00\" \/>\n<meta property=\"og:image\" content=\"https:\/\/feetuphostels.com\/wp-content\/uploads\/2017\/01\/about-us.jpg\" \/>\n\t<meta property=\"og:image:width\" content=\"960\" \/>\n\t<meta property=\"og:image:height\" content=\"650\" \/>\n\t<meta property=\"og:image:type\" content=\"image\/jpeg\" \/>\n<meta name=\"twitter:card\" content=\"summary_large_image\" \/>\n<meta name=\"twitter:site\" content=\"@feetuphostels\" \/>\n<script type=\"application\/ld+json\" class=\"yoast-schema-graph\">{\"@context\":\"https:\\\/\\\/schema.org\",\"@graph\":[{\"@type\":\"WebPage\",\"@id\":\"https:\\\/\\\/feetuphostels.com\\\/fr\\\/meilleures-villes-espagne-apprendre-voyage\\\/\",\"url\":\"https:\\\/\\\/feetuphostels.com\\\/fr\\\/meilleures-villes-espagne-apprendre-voyage\\\/\",\"name\":\"Les meilleures villes d'Espagne \u00e0 conna\u00eetre voyager avec votre sac \u00e0 dos\",\"isPartOf\":{\"@id\":\"https:\\\/\\\/feetuphostels.com\\\/fr\\\/#website\"},\"datePublished\":\"2019-11-12T10:24:38+00:00\",\"dateModified\":\"2024-11-09T12:55:28+00:00\",\"description\":\"Les meilleures villes d'Espagne \u00e0 conna\u00eetre en voyageant avec votre sac \u00e0 dos. Les lieux \u00e0 visiter \u00e0 Barcelone et \u00e0 d\u00e9couvrir \u00e0 Valence. Venez maintenant en Espagne\",\"breadcrumb\":{\"@id\":\"https:\\\/\\\/feetuphostels.com\\\/fr\\\/meilleures-villes-espagne-apprendre-voyage\\\/#breadcrumb\"},\"inLanguage\":\"fr-FR\",\"potentialAction\":[{\"@type\":\"ReadAction\",\"target\":[\"https:\\\/\\\/feetuphostels.com\\\/fr\\\/meilleures-villes-espagne-apprendre-voyage\\\/\"]}]},{\"@type\":\"BreadcrumbList\",\"@id\":\"https:\\\/\\\/feetuphostels.com\\\/fr\\\/meilleures-villes-espagne-apprendre-voyage\\\/#breadcrumb\",\"itemListElement\":[{\"@type\":\"ListItem\",\"position\":1,\"name\":\"Home\",\"item\":\"https:\\\/\\\/feetuphostels.com\\\/fr\\\/\"},{\"@type\":\"ListItem\",\"position\":2,\"name\":\"Les meilleures villes d&rsquo;Espagne pour apprendre \u00e0 conna\u00eetre Voyage avec votre sac \u00e0 dos\"}]},{\"@type\":\"WebSite\",\"@id\":\"https:\\\/\\\/feetuphostels.com\\\/fr\\\/#website\",\"url\":\"https:\\\/\\\/feetuphostels.com\\\/fr\\\/\",\"name\":\"Feet Up Hostels\",\"description\":\"Auberges de jeunesse et h\u00e9bergement \u00e0 Valence, Espagne. Nous sommes des sp\u00e9cialistes de la convivialit\u00e9\",\"publisher\":{\"@id\":\"https:\\\/\\\/feetuphostels.com\\\/fr\\\/#organization\"},\"alternateName\":\"Feet Up Hostels\",\"potentialAction\":[{\"@type\":\"SearchAction\",\"target\":{\"@type\":\"EntryPoint\",\"urlTemplate\":\"https:\\\/\\\/feetuphostels.com\\\/fr\\\/?s={search_term_string}\"},\"query-input\":{\"@type\":\"PropertyValueSpecification\",\"valueRequired\":true,\"valueName\":\"search_term_string\"}}],\"inLanguage\":\"fr-FR\"},{\"@type\":\"Organization\",\"@id\":\"https:\\\/\\\/feetuphostels.com\\\/fr\\\/#organization\",\"name\":\"Feet Up Hostels\",\"alternateName\":\"Feet Up Hostels\",\"url\":\"https:\\\/\\\/feetuphostels.com\\\/fr\\\/\",\"logo\":{\"@type\":\"ImageObject\",\"inLanguage\":\"fr-FR\",\"@id\":\"https:\\\/\\\/feetuphostels.com\\\/fr\\\/#\\\/schema\\\/logo\\\/image\\\/\",\"url\":\"https:\\\/\\\/feetuphostels.com\\\/wp-content\\\/uploads\\\/2019\\\/01\\\/logo-web-amp-feetuphostels.svg\",\"contentUrl\":\"https:\\\/\\\/feetuphostels.com\\\/wp-content\\\/uploads\\\/2019\\\/01\\\/logo-web-amp-feetuphostels.svg\",\"width\":1,\"height\":1,\"caption\":\"Feet Up Hostels\"},\"image\":{\"@id\":\"https:\\\/\\\/feetuphostels.com\\\/fr\\\/#\\\/schema\\\/logo\\\/image\\\/\"},\"sameAs\":[\"https:\\\/\\\/facebook.com\\\/feetuphostelsgroup\",\"https:\\\/\\\/x.com\\\/feetuphostels\",\"https:\\\/\\\/www.instagram.com\\\/feetuphostels\\\/\",\"https:\\\/\\\/www.tiktok.com\\\/@feetuphostels\",\"https:\\\/\\\/www.linkedin.com\\\/company\\\/feetuphostelsgroup\\\/\",\"https:\\\/\\\/www.pinterest.es\\\/FeetupHostels\\\/\",\"https:\\\/\\\/www.youtube.com\\\/feetuphostels\"]}]}<\/script>\n<!-- \/ Yoast SEO plugin. -->","yoast_head_json":{"title":"Les meilleures villes d'Espagne \u00e0 conna\u00eetre voyager avec votre sac \u00e0 dos","description":"Les meilleures villes d'Espagne \u00e0 conna\u00eetre en voyageant avec votre sac \u00e0 dos. Les lieux \u00e0 visiter \u00e0 Barcelone et \u00e0 d\u00e9couvrir \u00e0 Valence. Venez maintenant en Espagne","robots":{"index":"index","follow":"follow","max-snippet":"max-snippet:-1","max-image-preview":"max-image-preview:large","max-video-preview":"max-video-preview:-1"},"canonical":"https:\/\/feetuphostels.com\/fr\/meilleures-villes-espagne-apprendre-voyage\/","og_locale":"fr_FR","og_type":"article","og_title":"Les meilleures villes d'Espagne \u00e0 conna\u00eetre voyager avec votre sac \u00e0 dos","og_description":"Les meilleures villes d'Espagne \u00e0 conna\u00eetre en voyageant avec votre sac \u00e0 dos. Les lieux \u00e0 visiter \u00e0 Barcelone et \u00e0 d\u00e9couvrir \u00e0 Valence. Venez maintenant en Espagne","og_url":"https:\/\/feetuphostels.com\/fr\/meilleures-villes-espagne-apprendre-voyage\/","og_site_name":"Feet Up Hostels","article_publisher":"https:\/\/facebook.com\/feetuphostelsgroup","article_modified_time":"2024-11-09T12:55:28+00:00","og_image":[{"width":960,"height":650,"url":"https:\/\/feetuphostels.com\/wp-content\/uploads\/2017\/01\/about-us.jpg","type":"image\/jpeg"}],"twitter_card":"summary_large_image","twitter_site":"@feetuphostels","schema":{"@context":"https:\/\/schema.org","@graph":[{"@type":"WebPage","@id":"https:\/\/feetuphostels.com\/fr\/meilleures-villes-espagne-apprendre-voyage\/","url":"https:\/\/feetuphostels.com\/fr\/meilleures-villes-espagne-apprendre-voyage\/","name":"Les meilleures villes d'Espagne \u00e0 conna\u00eetre voyager avec votre sac \u00e0 dos","isPartOf":{"@id":"https:\/\/feetuphostels.com\/fr\/#website"},"datePublished":"2019-11-12T10:24:38+00:00","dateModified":"2024-11-09T12:55:28+00:00","description":"Les meilleures villes d'Espagne \u00e0 conna\u00eetre en voyageant avec votre sac \u00e0 dos. Les lieux \u00e0 visiter \u00e0 Barcelone et \u00e0 d\u00e9couvrir \u00e0 Valence. Venez maintenant en Espagne","breadcrumb":{"@id":"https:\/\/feetuphostels.com\/fr\/meilleures-villes-espagne-apprendre-voyage\/#breadcrumb"},"inLanguage":"fr-FR","potentialAction":[{"@type":"ReadAction","target":["https:\/\/feetuphostels.com\/fr\/meilleures-villes-espagne-apprendre-voyage\/"]}]},{"@type":"BreadcrumbList","@id":"https:\/\/feetuphostels.com\/fr\/meilleures-villes-espagne-apprendre-voyage\/#breadcrumb","itemListElement":[{"@type":"ListItem","position":1,"name":"Home","item":"https:\/\/feetuphostels.com\/fr\/"},{"@type":"ListItem","position":2,"name":"Les meilleures villes d&rsquo;Espagne pour apprendre \u00e0 conna\u00eetre Voyage avec votre sac \u00e0 dos"}]},{"@type":"WebSite","@id":"https:\/\/feetuphostels.com\/fr\/#website","url":"https:\/\/feetuphostels.com\/fr\/","name":"Feet Up Hostels","description":"Auberges de jeunesse et h\u00e9bergement \u00e0 Valence, Espagne. Nous sommes des sp\u00e9cialistes de la convivialit\u00e9","publisher":{"@id":"https:\/\/feetuphostels.com\/fr\/#organization"},"alternateName":"Feet Up Hostels","potentialAction":[{"@type":"SearchAction","target":{"@type":"EntryPoint","urlTemplate":"https:\/\/feetuphostels.com\/fr\/?s={search_term_string}"},"query-input":{"@type":"PropertyValueSpecification","valueRequired":true,"valueName":"search_term_string"}}],"inLanguage":"fr-FR"},{"@type":"Organization","@id":"https:\/\/feetuphostels.com\/fr\/#organization","name":"Feet Up Hostels","alternateName":"Feet Up Hostels","url":"https:\/\/feetuphostels.com\/fr\/","logo":{"@type":"ImageObject","inLanguage":"fr-FR","@id":"https:\/\/feetuphostels.com\/fr\/#\/schema\/logo\/image\/","url":"https:\/\/feetuphostels.com\/wp-content\/uploads\/2019\/01\/logo-web-amp-feetuphostels.svg","contentUrl":"https:\/\/feetuphostels.com\/wp-content\/uploads\/2019\/01\/logo-web-amp-feetuphostels.svg","width":1,"height":1,"caption":"Feet Up Hostels"},"image":{"@id":"https:\/\/feetuphostels.com\/fr\/#\/schema\/logo\/image\/"},"sameAs":["https:\/\/facebook.com\/feetuphostelsgroup","https:\/\/x.com\/feetuphostels","https:\/\/www.instagram.com\/feetuphostels\/","https:\/\/www.tiktok.com\/@feetuphostels","https:\/\/www.linkedin.com\/company\/feetuphostelsgroup\/","https:\/\/www.pinterest.es\/FeetupHostels\/","https:\/\/www.youtube.com\/feetuphostels"]}]}},"_links":{"self":[{"href":"https:\/\/feetuphostels.com\/fr\/wp-json\/wp\/v2\/pages\/74309","targetHints":{"allow":["GET"]}}],"collection":[{"href":"https:\/\/feetuphostels.com\/fr\/wp-json\/wp\/v2\/pages"}],"about":[{"href":"https:\/\/feetuphostels.com\/fr\/wp-json\/wp\/v2\/types\/page"}],"author":[{"embeddable":true,"href":"https:\/\/feetuphostels.com\/fr\/wp-json\/wp\/v2\/users\/13"}],"replies":[{"embeddable":true,"href":"https:\/\/feetuphostels.com\/fr\/wp-json\/wp\/v2\/comments?post=74309"}],"version-history":[{"count":0,"href":"https:\/\/feetuphostels.com\/fr\/wp-json\/wp\/v2\/pages\/74309\/revisions"}],"wp:attachment":[{"href":"https:\/\/feetuphostels.com\/fr\/wp-json\/wp\/v2\/media?parent=74309"}],"curies":[{"name":"wp","href":"https:\/\/api.w.org\/{rel}","templated":true}]}}