{"id":6099,"date":"2017-12-04T22:15:36","date_gmt":"2017-12-04T21:15:36","guid":{"rendered":"https:\/\/feetuphostels.com\/?page_id=6099"},"modified":"2024-11-07T12:12:41","modified_gmt":"2024-11-07T11:12:41","slug":"emplacement-red-nest-hostel-valencia","status":"publish","type":"page","link":"https:\/\/feetuphostels.com\/fr\/emplacement-red-nest-hostel-valencia\/","title":{"rendered":"Emplacement Red Nest Hostel Valencia"},"content":{"rendered":"\n<iframe src=\"https:\/\/www.google.com\/maps\/embed?pb=!1m14!1m8!1m3!1d12319.351532238054!2d-0.3719664!3d39.472991!3m2!1i1024!2i768!4f13.1!3m3!1m2!1s0xd6048b252915ce7%3A0xc3230866517c578d!2sRed%20Nest%20Hostel%20Valencia!5e0!3m2!1ses!2ses!4v1683026058381!5m2!1ses!2ses\" width=\"100%\" height=\"500\" style=\"border:0;\" allowfullscreen=\"\" loading=\"lazy\" referrerpolicy=\"no-referrer-when-downgrade\"><\/iframe>\r\n\n<h1 class=\"wp-block-heading has-text-align-center\" id=\"h-location-red-nest-hostel\">Emplacement Red Nest Hostel<\/h1>\n\n<div class=\"wp-block-essential-blocks-accordion\"><div class=\"eb-parent-wrapper eb-parent-eb-accordion-czj6lti \"><div class=\"eb-accordion-container eb-accordion-czj6lti\" data-accordion-type=\"toggle\" data-tab-icon=\"fas fa-plus-circle\" data-expanded-icon=\"fas fa-minus-circle\"><div class=\"eb-accordion-inner\">\n<div class=\"eb-accordion-item-u7a7o8o eb-accordion-wrapper\" data-clickable=\"false\"><div class=\"eb-accordion-title-wrapper\"><span class=\"eb-accordion-icon-wrapper\"><span class=\"fas fa-plus-circle eb-accordion-icon\"><\/span><\/span><h2 class=\"eb-accordion-title\">How to get from Valencia Airport?<\/h2><\/div><div class=\"eb-accordion-content-wrapper\"><div class=\"eb-accordion-content\">\n<h3 class=\"wp-block-heading\" id=\"h-how-to-get-from-valencia-airport-to-red-nest-hostel-valencia\">Comment se rendre de l&rsquo;a\u00e9roport de Valence au Red Nest Hostel Valencia ?<\/h3>\n\n\n\n<p>Si vous arrivez en avion \u00e0 l&rsquo;a\u00e9roport de Valence, vous avez diff\u00e9rentes options :<\/p>\n\n\n\n<div style=\"height:20px\" aria-hidden=\"true\" class=\"wp-block-spacer\"><\/div>\n\n\n\n<h3 class=\"wp-block-heading\" id=\"h-by-taxi\">En taxi.<\/h3>\n\n\n\n<ul class=\"wp-block-list\">\n<li>Juste \u00e0 la sortie de l&rsquo;a\u00e9roport, vous trouverez une station de taxis. Vous pouvez prendre un taxi directement jusqu&rsquo;au Red Nest Hostel Valencia. Assurez-vous de fournir au chauffeur l&rsquo;adresse exacte.<\/li>\n<\/ul>\n\n\n\n<h3 class=\"wp-block-heading\" id=\"h-by-metro\">En m\u00e9tro.<\/h3>\n\n\n\n<ul class=\"wp-block-list\">\n<li>Vous pouvez \u00e9galement opter pour le m\u00e9tro. \u00c0 l&rsquo;int\u00e9rieur de l&rsquo;a\u00e9roport, suivez les indications pour la station de m\u00e9tro. Prenez la ligne 3 ou 5 et descendez \u00e0 la station X\u00e0tiva. \u00c0 partir de l\u00e0, il vous suffit de marcher quelques minutes pour arriver \u00e0 l&rsquo;auberge de jeunesse.<\/li>\n<\/ul>\n<\/div><\/div><\/div>\n\n\n\n<div class=\"eb-accordion-item-kl7ox03 eb-accordion-wrapper\" data-clickable=\"false\"><div class=\"eb-accordion-title-wrapper\"><span class=\"eb-accordion-icon-wrapper\"><span class=\"fas fa-plus-circle eb-accordion-icon\"><\/span><\/span><h2 class=\"eb-accordion-title\">From Valencia North Station?<\/h2><\/div><div class=\"eb-accordion-content-wrapper\"><div class=\"eb-accordion-content\">\n<h3 class=\"wp-block-heading\" id=\"h-how-to-get-from-valencia-s-north-station-to-red-nest-hostel-valencia\">Comment se rendre de la gare du Nord de Valence au Red Nest Hostel Valencia?<\/h3>\n\n\n\n<p>Si vous arrivez en train \u00e0 la gare de Valence-Nord, suivez ces \u00e9tapes :<\/p>\n\n\n\n<div style=\"height:20px\" aria-hidden=\"true\" class=\"wp-block-spacer\"><\/div>\n\n\n\n<h3 class=\"wp-block-heading\" id=\"h-on-foot\">\u00c0 pied.<\/h3>\n\n\n\n<ul class=\"wp-block-list\">\n<li>En sortant de la gare, dirigez-vous vers le centre-ville, en direction de la Plaza del Ayuntamiento. Le Red Nest Hostel Valencia se trouve \u00e0 proximit\u00e9 de cette zone, vous pouvez donc facilement vous y rendre \u00e0 pied en quelques minutes.<\/li>\n<\/ul>\n<\/div><\/div><\/div>\n\n\n\n<div class=\"eb-accordion-item-ev3x8f4 eb-accordion-wrapper\" data-clickable=\"false\"><div class=\"eb-accordion-title-wrapper\"><span class=\"eb-accordion-icon-wrapper\"><span class=\"fas fa-plus-circle eb-accordion-icon\"><\/span><\/span><h2 class=\"eb-accordion-title\">If you prefer to get around by bus<\/h2><\/div><div class=\"eb-accordion-content-wrapper\"><div class=\"eb-accordion-content\">\n<h3 class=\"wp-block-heading\" id=\"h-if-you-prefer-to-get-around-by-bus-consider-the-following-options\">Si vous pr\u00e9f\u00e9rez vous d\u00e9placer en bus, envisagez les options suivantes :<\/h3>\n\n\n\n<p>Bus urbain : Valence dispose d&rsquo;un vaste r\u00e9seau de bus urbains. Vous pouvez consulter les horaires et les itin\u00e9raires sur le site web de la soci\u00e9t\u00e9 de transports en commun de la ville. Recherchez l&rsquo;arr\u00eat de bus le plus proche de l&rsquo;auberge de jeunesse et prenez le bus correspondant.<\/p>\n\n\n\n<div style=\"height:20px\" aria-hidden=\"true\" class=\"wp-block-spacer\"><\/div>\n<\/div><\/div><\/div>\n\n\n\n<div class=\"eb-accordion-item-pqsasqg eb-accordion-wrapper\" data-clickable=\"false\"><div class=\"eb-accordion-title-wrapper\"><span class=\"eb-accordion-icon-wrapper\"><span class=\"fas fa-plus-circle eb-accordion-icon\"><\/span><\/span><h2 class=\"eb-accordion-title\">Other options<\/h2><\/div><div class=\"eb-accordion-content-wrapper\"><div class=\"eb-accordion-content\">\n<ol class=\"wp-block-list\">\n<li>Si vous souhaitez utiliser le m\u00e9tro de Valence, voici les indications: <strong>Metro:<\/strong> Le m\u00e9tro est une option pratique pour se d\u00e9placer dans la ville. Vous pouvez consulter les lignes et les stations sur le site web de <a href=\"https:\/\/www.metrovalencia.es\/\" target=\"_blank\" rel=\"noreferrer noopener\">Metrovalencia <\/a>website.<\/li>\n\n\n\n<li>Trouvez la station la plus proche du Red Nest Hostel Valencia et prenez le m\u00e9tro jusqu&rsquo;\u00e0 cette station.<\/li>\n\n\n\n<li>Si vous pr\u00e9f\u00e9rez prendre un taxi, voici les informations n\u00e9cessaires: <strong>Taxi:<\/strong> Les taxis sont une option rapide et confortable pour rejoindre l&rsquo;auberge de jeunesse.<\/li>\n\n\n\n<li>Vous trouverez des stations de taxis \u00e0 diff\u00e9rents endroits de la ville. Indiquez simplement au chauffeur de vous conduire au Red Nest Hostel Valencia, et vous serez en route.<\/li>\n<\/ol>\n\n\n\n<div style=\"height:20px\" aria-hidden=\"true\" class=\"wp-block-spacer\"><\/div>\n\n\n\n<p>Remember to have a map or use navigation apps on your phone to guide you if needed. I hope you find the option that suits you best, and enjoy your stay at <a href=\"https:\/\/feetuphostels.com\/fr\/red-nest-hostel-valence\/\">Red Nest Hostel Valencia<\/a>!<\/p>\n<\/div><\/div><\/div>\n\n\n\n<div class=\"eb-accordion-item-0u2z8tv eb-accordion-wrapper\" data-clickable=\"false\"><div class=\"eb-accordion-title-wrapper\"><span class=\"eb-accordion-icon-wrapper\"><span class=\"fas fa-plus-circle eb-accordion-icon\"><\/span><\/span><h2 class=\"eb-accordion-title\">Parking, bike and tickets information<\/h2><\/div><div class=\"eb-accordion-content-wrapper\"><div class=\"eb-accordion-content\">\n<h3 class=\"wp-block-heading\" id=\"h-about-parking\">A propos du stationnement.<\/h3>\n\n\n\n<ul class=\"wp-block-list\">\n<li>Il n&rsquo;y a pas de parking gratuit mais il y a une rue \u00e0 c\u00f4t\u00e9 de l&rsquo;auberge appel\u00e9e Paseo de la Alameda o\u00f9 tu peux toujours te garer gratuitement. <a href=\"https:\/\/goo.gl\/maps\/gq2btF25prPF7zCb9\" target=\"_blank\" rel=\"noreferrer noopener\">Voir l&#8217;emplacement<\/a>.<\/li>\n\n\n\n<li>En face de l&rsquo;auberge, il y a un parking priv\u00e9 ; c&rsquo;est l\u00e0 que tu trouveras les prix.\u00a0<a href=\"https:\/\/www.interparking.es\/es-ES\/find-parking\/Glorieta-Paz\/\">https:\/\/www.interparking.es\/es-ES\/find-parking\/Glorieta-Paz\/<\/a><\/li>\n<\/ul>\n\n\n\n<h3 class=\"wp-block-heading\" id=\"h-about-tickets\">A propos des billets.<\/h3>\n\n\n\n<p>Vous pouvez acheter plusieurs types de cartes de voyage (Travel Cards), en fonction de la dur\u00e9e de votre s\u00e9jour \u00e0 Valence :<\/p>\n\n\n\n<ul class=\"wp-block-list\">\n<li>Les bus EMT couvrent presque tous les quartiers de la ville et circulent toutes les 10 \u00e0 20 minutes.<\/li>\n\n\n\n<li>Le prix d&rsquo;un billet simple est de 1,50 \u20ac.<\/li>\n\n\n\n<li>Bonobus individuel de 10 voyages avec une dur\u00e9e de 1 heure pour chaque voyage (bus uniquement) \u20ac 9.<\/li>\n\n\n\n<li>Bonometro pour 10 trajets, chaque trajet est valable jusqu&rsquo;\u00e0 ce que vous quittiez le m\u00e9tro (c&rsquo;est-\u00e0-dire que vous pouvez changer de ligne) \u20ac 9.<\/li>\n\n\n\n<li>Metrobus, un billet combin\u00e9 que vous pouvez utiliser dans le m\u00e9tro et le bus. (\u20ac 9)<\/li>\n<\/ul>\n\n\n\n<p>Pour plus d&rsquo;informations sur les billets de bus, ainsi que sur les lignes et les horaires, tu peux visiter le site officiel de l&rsquo;Entreprise Municipale de Transport (EMT).. <a href=\"https:\/\/www.emtvalencia.es\/ciudadano\/index.php\" target=\"_blank\" rel=\"noreferrer noopener\">emtvalencia.es<\/a>.\u200e<\/p>\n\n\n\n<p>Si tu veux des infos sur le m\u00e9tro de Valence, les horaires, les dates et plus de d\u00e9tails, tu peux visiter le site officiel du m\u00e9tro de Valence. <a href=\"https:\/\/www.metrovalencia.es\/\" target=\"_blank\" rel=\"noreferrer noopener\">www.metrovalencia.es<\/a>.<\/p>\n\n\n\n<p>De plus, si tu es un amoureux du v\u00e9lo et que tu pr\u00e9f\u00e8res profiter et conna\u00eetre Valence \u00e0 v\u00e9lo, tu peux visiter le site officiel de Valenbisi. <a href=\"https:\/\/www.valenbisi.es\/\" target=\"_blank\" rel=\"noreferrer noopener\">www.valenbisi.es<\/a><\/p>\n<\/div><\/div><\/div>\n<\/div><\/div><\/div><\/div>\n\n<div style=\"height:100px\" aria-hidden=\"true\" class=\"wp-block-spacer\"><\/div>\n\n<div class=\"wp-block-essential-blocks-advanced-image\">\r\n<div class=\"eb-parent-wrapper eb-parent-eb-advanced-image-8n1xcjg \">\r\n<figure class=\"eb-advanced-image-wrapper eb-advanced-image-8n1xcjg img-style-rounded caption-style-1 caption-horizontal-center caption-vertical-bottom bottom zoom-in\" data-id=\"eb-advanced-image-8n1xcjg\">\r\n<div class=\"image-wrapper\">\r\n<div class=\"image-wrapper\">\r\n\r\n<img decoding=\"async\" src=\"https:\/\/feetuphostels.com\/wp-content\/uploads\/2020\/10\/28red-nest-hostel-valencia2020-pro-covid19.jpg\" alt=\"Main entrance of our Red Nest Hostel Valencia\" \/>\r\n\r\n<\/div>\r\n<\/div>\r\n<figcaption>Main entrance of our hostel<\/figcaption><\/figure>\r\n<\/div>\r\n<\/div>\n","protected":false},"excerpt":{"rendered":"<p>Situation Red Nest Hostel Valencia \u00ae Comment se rendre \u00e0 Red Nest Hostel. Pr\u00e8s du centre de Valence avec des transports publics dans toute la ville \ud83d\ude8d \ud83d\ude86 \ud83d\udeb2 Une auberge proche de tous les lieux les plus c\u00e9l\u00e8bres de Valence. Depuis l&rsquo;auberge, tu peux te rendre \u00e0 pied \u00e0 n&rsquo;importe quel monument historique de Valence. Red nest hostel est tr\u00e8s bien reli\u00e9 \u00e0 tous les services de transport public de Valence, tu peux donc aller \u00e0 la plage directement depuis les portes de l&rsquo;auberge.<\/p>\n","protected":false},"author":13,"featured_media":0,"parent":0,"menu_order":0,"comment_status":"closed","ping_status":"open","template":"","meta":{"footnotes":""},"class_list":["post-6099","page","type-page","status-publish","hentry"],"yoast_head":"<!-- This site is optimized with the Yoast SEO plugin v27.4 - https:\/\/yoast.com\/product\/yoast-seo-wordpress\/ -->\n<title>Emplacement Red Nest Hostel Valencia \ud83c\udfe9 Grande auberge de jeunesse dans le centre ville.<\/title>\n<meta name=\"description\" content=\"Emplacement Red Nest Hostel Valencia \u00ae Comment se rendre \u00e0 Red Nest Hostel. Pr\u00e8s du centre de Valence avec des transports en commun dans toute la ville \ud83d\ude8d \ud83d\ude86 \ud83d\udeb2.\" \/>\n<meta name=\"robots\" content=\"index, follow, max-snippet:-1, max-image-preview:large, max-video-preview:-1\" \/>\n<link rel=\"canonical\" href=\"https:\/\/feetuphostels.com\/fr\/emplacement-red-nest-hostel-valencia\/\" \/>\n<meta property=\"og:locale\" content=\"fr_FR\" \/>\n<meta property=\"og:type\" content=\"article\" \/>\n<meta property=\"og:title\" content=\"Emplacement Red Nest Hostel Valencia \ud83c\udfe9 Grande auberge de jeunesse dans le centre ville.\" \/>\n<meta property=\"og:description\" content=\"Emplacement Red Nest Hostel Valencia \u00ae Comment se rendre \u00e0 Red Nest Hostel. Pr\u00e8s du centre de Valence avec des transports en commun dans toute la ville \ud83d\ude8d \ud83d\ude86 \ud83d\udeb2.\" \/>\n<meta property=\"og:url\" content=\"https:\/\/feetuphostels.com\/fr\/emplacement-red-nest-hostel-valencia\/\" \/>\n<meta property=\"og:site_name\" content=\"Feet Up Hostels\" \/>\n<meta property=\"article:publisher\" content=\"https:\/\/facebook.com\/feetuphostelsgroup\" \/>\n<meta property=\"article:modified_time\" content=\"2024-11-07T11:12:41+00:00\" \/>\n<meta property=\"og:image\" content=\"https:\/\/feetuphostels.com\/wp-content\/uploads\/2020\/10\/28red-nest-hostel-valencia2020-pro-covid19.jpg\" \/>\n<meta name=\"twitter:card\" content=\"summary_large_image\" \/>\n<meta name=\"twitter:site\" content=\"@feetuphostels\" \/>\n<meta name=\"twitter:label1\" content=\"Dur\u00e9e de lecture estim\u00e9e\" \/>\n\t<meta name=\"twitter:data1\" content=\"3 minutes\" \/>\n<script type=\"application\/ld+json\" class=\"yoast-schema-graph\">{\"@context\":\"https:\\\/\\\/schema.org\",\"@graph\":[{\"@type\":\"WebPage\",\"@id\":\"https:\\\/\\\/feetuphostels.com\\\/fr\\\/emplacement-red-nest-hostel-valencia\\\/\",\"url\":\"https:\\\/\\\/feetuphostels.com\\\/fr\\\/emplacement-red-nest-hostel-valencia\\\/\",\"name\":\"Emplacement Red Nest Hostel Valencia \ud83c\udfe9 Grande auberge de jeunesse dans le centre ville.\",\"isPartOf\":{\"@id\":\"https:\\\/\\\/feetuphostels.com\\\/fr\\\/#website\"},\"primaryImageOfPage\":{\"@id\":\"https:\\\/\\\/feetuphostels.com\\\/fr\\\/emplacement-red-nest-hostel-valencia\\\/#primaryimage\"},\"image\":{\"@id\":\"https:\\\/\\\/feetuphostels.com\\\/fr\\\/emplacement-red-nest-hostel-valencia\\\/#primaryimage\"},\"thumbnailUrl\":\"https:\\\/\\\/feetuphostels.com\\\/wp-content\\\/uploads\\\/2020\\\/10\\\/28red-nest-hostel-valencia2020-pro-covid19.jpg\",\"datePublished\":\"2017-12-04T21:15:36+00:00\",\"dateModified\":\"2024-11-07T11:12:41+00:00\",\"description\":\"Emplacement Red Nest Hostel Valencia \u00ae Comment se rendre \u00e0 Red Nest Hostel. Pr\u00e8s du centre de Valence avec des transports en commun dans toute la ville \ud83d\ude8d \ud83d\ude86 \ud83d\udeb2.\",\"breadcrumb\":{\"@id\":\"https:\\\/\\\/feetuphostels.com\\\/fr\\\/emplacement-red-nest-hostel-valencia\\\/#breadcrumb\"},\"inLanguage\":\"fr-FR\",\"potentialAction\":[{\"@type\":\"ReadAction\",\"target\":[\"https:\\\/\\\/feetuphostels.com\\\/fr\\\/emplacement-red-nest-hostel-valencia\\\/\"]}]},{\"@type\":\"ImageObject\",\"inLanguage\":\"fr-FR\",\"@id\":\"https:\\\/\\\/feetuphostels.com\\\/fr\\\/emplacement-red-nest-hostel-valencia\\\/#primaryimage\",\"url\":\"https:\\\/\\\/feetuphostels.com\\\/wp-content\\\/uploads\\\/2020\\\/10\\\/28red-nest-hostel-valencia2020-pro-covid19.jpg\",\"contentUrl\":\"https:\\\/\\\/feetuphostels.com\\\/wp-content\\\/uploads\\\/2020\\\/10\\\/28red-nest-hostel-valencia2020-pro-covid19.jpg\"},{\"@type\":\"BreadcrumbList\",\"@id\":\"https:\\\/\\\/feetuphostels.com\\\/fr\\\/emplacement-red-nest-hostel-valencia\\\/#breadcrumb\",\"itemListElement\":[{\"@type\":\"ListItem\",\"position\":1,\"name\":\"Home\",\"item\":\"https:\\\/\\\/feetuphostels.com\\\/fr\\\/\"},{\"@type\":\"ListItem\",\"position\":2,\"name\":\"Emplacement Red Nest Hostel Valencia\"}]},{\"@type\":\"WebSite\",\"@id\":\"https:\\\/\\\/feetuphostels.com\\\/fr\\\/#website\",\"url\":\"https:\\\/\\\/feetuphostels.com\\\/fr\\\/\",\"name\":\"Feet Up Hostels\",\"description\":\"Auberges de jeunesse et h\u00e9bergement \u00e0 Valence, Espagne. Nous sommes des sp\u00e9cialistes de la convivialit\u00e9\",\"publisher\":{\"@id\":\"https:\\\/\\\/feetuphostels.com\\\/fr\\\/#organization\"},\"alternateName\":\"Feet Up Hostels\",\"potentialAction\":[{\"@type\":\"SearchAction\",\"target\":{\"@type\":\"EntryPoint\",\"urlTemplate\":\"https:\\\/\\\/feetuphostels.com\\\/fr\\\/?s={search_term_string}\"},\"query-input\":{\"@type\":\"PropertyValueSpecification\",\"valueRequired\":true,\"valueName\":\"search_term_string\"}}],\"inLanguage\":\"fr-FR\"},{\"@type\":\"Organization\",\"@id\":\"https:\\\/\\\/feetuphostels.com\\\/fr\\\/#organization\",\"name\":\"Feet Up Hostels\",\"alternateName\":\"Feet Up Hostels\",\"url\":\"https:\\\/\\\/feetuphostels.com\\\/fr\\\/\",\"logo\":{\"@type\":\"ImageObject\",\"inLanguage\":\"fr-FR\",\"@id\":\"https:\\\/\\\/feetuphostels.com\\\/fr\\\/#\\\/schema\\\/logo\\\/image\\\/\",\"url\":\"https:\\\/\\\/feetuphostels.com\\\/wp-content\\\/uploads\\\/2019\\\/01\\\/logo-web-amp-feetuphostels.svg\",\"contentUrl\":\"https:\\\/\\\/feetuphostels.com\\\/wp-content\\\/uploads\\\/2019\\\/01\\\/logo-web-amp-feetuphostels.svg\",\"width\":1,\"height\":1,\"caption\":\"Feet Up Hostels\"},\"image\":{\"@id\":\"https:\\\/\\\/feetuphostels.com\\\/fr\\\/#\\\/schema\\\/logo\\\/image\\\/\"},\"sameAs\":[\"https:\\\/\\\/facebook.com\\\/feetuphostelsgroup\",\"https:\\\/\\\/x.com\\\/feetuphostels\",\"https:\\\/\\\/www.instagram.com\\\/feetuphostels\\\/\",\"https:\\\/\\\/www.tiktok.com\\\/@feetuphostels\",\"https:\\\/\\\/www.linkedin.com\\\/company\\\/feetuphostelsgroup\\\/\",\"https:\\\/\\\/www.pinterest.es\\\/FeetupHostels\\\/\",\"https:\\\/\\\/www.youtube.com\\\/feetuphostels\"]}]}<\/script>\n<!-- \/ Yoast SEO plugin. -->","yoast_head_json":{"title":"Emplacement Red Nest Hostel Valencia \ud83c\udfe9 Grande auberge de jeunesse dans le centre ville.","description":"Emplacement Red Nest Hostel Valencia \u00ae Comment se rendre \u00e0 Red Nest Hostel. Pr\u00e8s du centre de Valence avec des transports en commun dans toute la ville \ud83d\ude8d \ud83d\ude86 \ud83d\udeb2.","robots":{"index":"index","follow":"follow","max-snippet":"max-snippet:-1","max-image-preview":"max-image-preview:large","max-video-preview":"max-video-preview:-1"},"canonical":"https:\/\/feetuphostels.com\/fr\/emplacement-red-nest-hostel-valencia\/","og_locale":"fr_FR","og_type":"article","og_title":"Emplacement Red Nest Hostel Valencia \ud83c\udfe9 Grande auberge de jeunesse dans le centre ville.","og_description":"Emplacement Red Nest Hostel Valencia \u00ae Comment se rendre \u00e0 Red Nest Hostel. Pr\u00e8s du centre de Valence avec des transports en commun dans toute la ville \ud83d\ude8d \ud83d\ude86 \ud83d\udeb2.","og_url":"https:\/\/feetuphostels.com\/fr\/emplacement-red-nest-hostel-valencia\/","og_site_name":"Feet Up Hostels","article_publisher":"https:\/\/facebook.com\/feetuphostelsgroup","article_modified_time":"2024-11-07T11:12:41+00:00","og_image":[{"url":"https:\/\/feetuphostels.com\/wp-content\/uploads\/2020\/10\/28red-nest-hostel-valencia2020-pro-covid19.jpg","type":"","width":"","height":""}],"twitter_card":"summary_large_image","twitter_site":"@feetuphostels","twitter_misc":{"Dur\u00e9e de lecture estim\u00e9e":"3 minutes"},"schema":{"@context":"https:\/\/schema.org","@graph":[{"@type":"WebPage","@id":"https:\/\/feetuphostels.com\/fr\/emplacement-red-nest-hostel-valencia\/","url":"https:\/\/feetuphostels.com\/fr\/emplacement-red-nest-hostel-valencia\/","name":"Emplacement Red Nest Hostel Valencia \ud83c\udfe9 Grande auberge de jeunesse dans le centre ville.","isPartOf":{"@id":"https:\/\/feetuphostels.com\/fr\/#website"},"primaryImageOfPage":{"@id":"https:\/\/feetuphostels.com\/fr\/emplacement-red-nest-hostel-valencia\/#primaryimage"},"image":{"@id":"https:\/\/feetuphostels.com\/fr\/emplacement-red-nest-hostel-valencia\/#primaryimage"},"thumbnailUrl":"https:\/\/feetuphostels.com\/wp-content\/uploads\/2020\/10\/28red-nest-hostel-valencia2020-pro-covid19.jpg","datePublished":"2017-12-04T21:15:36+00:00","dateModified":"2024-11-07T11:12:41+00:00","description":"Emplacement Red Nest Hostel Valencia \u00ae Comment se rendre \u00e0 Red Nest Hostel. Pr\u00e8s du centre de Valence avec des transports en commun dans toute la ville \ud83d\ude8d \ud83d\ude86 \ud83d\udeb2.","breadcrumb":{"@id":"https:\/\/feetuphostels.com\/fr\/emplacement-red-nest-hostel-valencia\/#breadcrumb"},"inLanguage":"fr-FR","potentialAction":[{"@type":"ReadAction","target":["https:\/\/feetuphostels.com\/fr\/emplacement-red-nest-hostel-valencia\/"]}]},{"@type":"ImageObject","inLanguage":"fr-FR","@id":"https:\/\/feetuphostels.com\/fr\/emplacement-red-nest-hostel-valencia\/#primaryimage","url":"https:\/\/feetuphostels.com\/wp-content\/uploads\/2020\/10\/28red-nest-hostel-valencia2020-pro-covid19.jpg","contentUrl":"https:\/\/feetuphostels.com\/wp-content\/uploads\/2020\/10\/28red-nest-hostel-valencia2020-pro-covid19.jpg"},{"@type":"BreadcrumbList","@id":"https:\/\/feetuphostels.com\/fr\/emplacement-red-nest-hostel-valencia\/#breadcrumb","itemListElement":[{"@type":"ListItem","position":1,"name":"Home","item":"https:\/\/feetuphostels.com\/fr\/"},{"@type":"ListItem","position":2,"name":"Emplacement Red Nest Hostel Valencia"}]},{"@type":"WebSite","@id":"https:\/\/feetuphostels.com\/fr\/#website","url":"https:\/\/feetuphostels.com\/fr\/","name":"Feet Up Hostels","description":"Auberges de jeunesse et h\u00e9bergement \u00e0 Valence, Espagne. Nous sommes des sp\u00e9cialistes de la convivialit\u00e9","publisher":{"@id":"https:\/\/feetuphostels.com\/fr\/#organization"},"alternateName":"Feet Up Hostels","potentialAction":[{"@type":"SearchAction","target":{"@type":"EntryPoint","urlTemplate":"https:\/\/feetuphostels.com\/fr\/?s={search_term_string}"},"query-input":{"@type":"PropertyValueSpecification","valueRequired":true,"valueName":"search_term_string"}}],"inLanguage":"fr-FR"},{"@type":"Organization","@id":"https:\/\/feetuphostels.com\/fr\/#organization","name":"Feet Up Hostels","alternateName":"Feet Up Hostels","url":"https:\/\/feetuphostels.com\/fr\/","logo":{"@type":"ImageObject","inLanguage":"fr-FR","@id":"https:\/\/feetuphostels.com\/fr\/#\/schema\/logo\/image\/","url":"https:\/\/feetuphostels.com\/wp-content\/uploads\/2019\/01\/logo-web-amp-feetuphostels.svg","contentUrl":"https:\/\/feetuphostels.com\/wp-content\/uploads\/2019\/01\/logo-web-amp-feetuphostels.svg","width":1,"height":1,"caption":"Feet Up Hostels"},"image":{"@id":"https:\/\/feetuphostels.com\/fr\/#\/schema\/logo\/image\/"},"sameAs":["https:\/\/facebook.com\/feetuphostelsgroup","https:\/\/x.com\/feetuphostels","https:\/\/www.instagram.com\/feetuphostels\/","https:\/\/www.tiktok.com\/@feetuphostels","https:\/\/www.linkedin.com\/company\/feetuphostelsgroup\/","https:\/\/www.pinterest.es\/FeetupHostels\/","https:\/\/www.youtube.com\/feetuphostels"]}]}},"_links":{"self":[{"href":"https:\/\/feetuphostels.com\/fr\/wp-json\/wp\/v2\/pages\/6099","targetHints":{"allow":["GET"]}}],"collection":[{"href":"https:\/\/feetuphostels.com\/fr\/wp-json\/wp\/v2\/pages"}],"about":[{"href":"https:\/\/feetuphostels.com\/fr\/wp-json\/wp\/v2\/types\/page"}],"author":[{"embeddable":true,"href":"https:\/\/feetuphostels.com\/fr\/wp-json\/wp\/v2\/users\/13"}],"replies":[{"embeddable":true,"href":"https:\/\/feetuphostels.com\/fr\/wp-json\/wp\/v2\/comments?post=6099"}],"version-history":[{"count":0,"href":"https:\/\/feetuphostels.com\/fr\/wp-json\/wp\/v2\/pages\/6099\/revisions"}],"wp:attachment":[{"href":"https:\/\/feetuphostels.com\/fr\/wp-json\/wp\/v2\/media?parent=6099"}],"curies":[{"name":"wp","href":"https:\/\/api.w.org\/{rel}","templated":true}]}}