{"id":6087,"date":"2017-12-04T22:18:19","date_gmt":"2017-12-04T21:18:19","guid":{"rendered":"https:\/\/feetuphostels.com\/?page_id=6087"},"modified":"2024-11-09T12:24:55","modified_gmt":"2024-11-09T11:24:55","slug":"commentaires-red-nest-hostel-valencia","status":"publish","type":"page","link":"https:\/\/feetuphostels.com\/fr\/commentaires-red-nest-hostel-valencia\/","title":{"rendered":"Commentaires Red Nest Hostel Valencia"},"content":{"rendered":"\n<h1 class=\"wp-block-heading has-text-align-center\" id=\"h-reviews-red-nest-hostel\">Commentaires Red Nest Hostel<\/h1>\n\n<script src=\"https:\/\/apps.elfsight.com\/p\/platform.js\" defer=\"defer\"><\/script>\r\n<div class=\"elfsight-app-3efdd47a-9966-4dc4-9f94-9adcf3f7fe9b\"><\/div>\r\n\n<div style=\"height:30px\" aria-hidden=\"true\" class=\"wp-block-spacer\"><\/div>\n\n<h2 class=\"wp-block-heading\">A propos des commentaires Red Nest Hostel<\/h2>\n\n<p>Tu veux savoir ce que les voyageurs disent de cet endroit et pourquoi ils prennent le temps de partager leurs exp\u00e9riences ? Continue \u00e0 lire ! En savoir plus sur Red Nest Hostel Valencia Commentaires<\/p>\n\n<h3 class=\"wp-block-heading\">Tes commentaires sont essentiels.<\/h3>\n\n<p>En partageant ton exp\u00e9rience et ton opinion sur les endroits o\u00f9 tu as s\u00e9journ\u00e9, tu aides d&rsquo;autres voyageurs comme toi \u00e0 prendre les meilleures d\u00e9cisions pour leurs propres aventures. Et c&rsquo;est exactement le cas avec Red Nest Hostel Valencia.<\/p>\n\n<h3 class=\"wp-block-heading\">Mais pourquoi les invit\u00e9s prennent-ils le temps de laisser ces commentaires ?<\/h3>\n\n<p> Il y a plusieurs raisons \u00e0 cela.<\/p>\n\n<ol class=\"wp-block-list\">\n<li><strong>Partage leur exp\u00e9rience:<\/strong> Les h\u00f4tes laissent souvent des \u00e9valuations pour partager leurs exp\u00e9riences, qu&rsquo;elles soient positives ou n\u00e9gatives. Ces commentaires sont pr\u00e9cieux pour les autres voyageurs qui cherchent un endroit o\u00f9 s\u00e9journer. Les avis peuvent offrir une perspective unique et personnelle sur ce que signifie vraiment s\u00e9journer dans un endroit particulier.<\/li>\n\n\n\n<li><strong>Aide les autres voyageurs:<\/strong> En laissant une \u00e9valuation, les invit\u00e9s aident les autres voyageurs \u00e0 prendre une d\u00e9cision \u00e9clair\u00e9e. L&rsquo;endroit est-il propre et s\u00fbr ? Le personnel est-il aimable et serviable ? L&#8217;emplacement est-il pratique ? Ce sont des questions auxquelles on r\u00e9pond souvent dans les \u00e9valuations.<\/li>\n\n\n\n<li><strong>Remercie ou critique le service:<\/strong> Les commentaires sont un moyen de remercier un service exceptionnel ou de critiquer si quelque chose n&rsquo;a pas r\u00e9pondu aux attentes. C&rsquo;est une fa\u00e7on directe de donner un retour d&rsquo;information \u00e0 l&rsquo;h\u00e9bergement, ce qui lui permet d&rsquo;am\u00e9liorer son service pour les prochains clients.<\/li>\n\n\n\n<li><strong>Partage tes conseils et tes recommandations:<\/strong> Bien souvent, les commentaires comprennent des conseils et des recommandations utiles. Cela peut aller d&rsquo;un plat particulier qu&rsquo;il faut essayer au restaurant de l&rsquo;auberge, \u00e0 un itin\u00e9raire de randonn\u00e9e \u00e0 proximit\u00e9 qu&rsquo;il ne faut pas n\u00e9gliger.<\/li>\n\n\n\n<li>Sentiment de communaut\u00e9: Enfin, le fait de laisser un avis contribue \u00e0 favoriser un sentiment de communaut\u00e9 parmi les <a href=\"https:\/\/nesthostelsvalencia.com\/fr\/\" target=\"_blank\" rel=\"noopener\">voyageurs<\/a>. C&rsquo;est une forme de communication entre des personnes qui partagent une passion commune pour l&rsquo;exploration et la d\u00e9couverte de nouveaux lieux.<\/li>\n<\/ol>\n\n<h3 class=\"wp-block-heading\">Rappelle-toi .<\/h3>\n\n<p>Tes commentaires sont importants. Ils aident non seulement les autres voyageurs \u00e0 prendre des d\u00e9cisions \u00e9clair\u00e9es, mais ils peuvent aussi avoir un impact important sur les h\u00e9bergements et sur la fa\u00e7on dont ils s&rsquo;am\u00e9liorent et proposent leurs services.<\/p>\n\n<p>N&rsquo;h\u00e9site pas \u00e0 partager tes exp\u00e9riences !<\/p>\n","protected":false},"excerpt":{"rendered":"<p>Commentaires Red Nest Hostel Valencia. De vraies \u00e9valuations de la part de vrais clients. Un h\u00e9bergement avec des lits \u00e0 partir de 10\u20ac par nuit<\/p>\n","protected":false},"author":13,"featured_media":18658,"parent":0,"menu_order":0,"comment_status":"closed","ping_status":"open","template":"","meta":{"footnotes":""},"class_list":["post-6087","page","type-page","status-publish","has-post-thumbnail","hentry"],"yoast_head":"<!-- This site is optimized with the Yoast SEO plugin v27.5 - https:\/\/yoast.com\/product\/yoast-seo-wordpress\/ -->\n<title>Commentaires Red Nest Hostel Valencia. De vraies \u00e9valuations de vrais clients<\/title>\n<meta name=\"description\" content=\"Commentaires Red Nest Hostel Valencia. De vraies \u00e9valuations de la part de vrais clients. Un h\u00e9bergement avec des lits \u00e0 partir de 10\u20ac par nuit\" \/>\n<meta name=\"robots\" content=\"index, follow, max-snippet:-1, max-image-preview:large, max-video-preview:-1\" \/>\n<link rel=\"canonical\" href=\"https:\/\/feetuphostels.com\/fr\/commentaires-red-nest-hostel-valencia\/\" \/>\n<meta property=\"og:locale\" content=\"fr_FR\" \/>\n<meta property=\"og:type\" content=\"article\" \/>\n<meta property=\"og:title\" content=\"Commentaires Red Nest Hostel Valencia. De vraies \u00e9valuations de vrais clients\" \/>\n<meta property=\"og:description\" content=\"Commentaires Red Nest Hostel Valencia. De vraies \u00e9valuations de la part de vrais clients. Un h\u00e9bergement avec des lits \u00e0 partir de 10\u20ac par nuit\" \/>\n<meta property=\"og:url\" content=\"https:\/\/feetuphostels.com\/fr\/commentaires-red-nest-hostel-valencia\/\" \/>\n<meta property=\"og:site_name\" content=\"Feet Up Hostels\" \/>\n<meta property=\"article:publisher\" content=\"https:\/\/facebook.com\/feetuphostelsgroup\" \/>\n<meta property=\"article:modified_time\" content=\"2024-11-09T11:24:55+00:00\" \/>\n<meta property=\"og:image\" content=\"https:\/\/feetuphostels.com\/wp-content\/uploads\/2019\/02\/09red-nest-hostel-valencia-by-feetuphostels.jpg\" \/>\n\t<meta property=\"og:image:width\" content=\"1554\" \/>\n\t<meta property=\"og:image:height\" content=\"1080\" \/>\n\t<meta property=\"og:image:type\" content=\"image\/jpeg\" \/>\n<meta name=\"twitter:card\" content=\"summary_large_image\" \/>\n<meta name=\"twitter:site\" content=\"@feetuphostels\" \/>\n<meta name=\"twitter:label1\" content=\"Dur\u00e9e de lecture estim\u00e9e\" \/>\n\t<meta name=\"twitter:data1\" content=\"2 minutes\" \/>\n<script type=\"application\/ld+json\" class=\"yoast-schema-graph\">{\"@context\":\"https:\\\/\\\/schema.org\",\"@graph\":[{\"@type\":\"WebPage\",\"@id\":\"https:\\\/\\\/feetuphostels.com\\\/fr\\\/commentaires-red-nest-hostel-valencia\\\/\",\"url\":\"https:\\\/\\\/feetuphostels.com\\\/fr\\\/commentaires-red-nest-hostel-valencia\\\/\",\"name\":\"Commentaires Red Nest Hostel Valencia. De vraies \u00e9valuations de vrais clients\",\"isPartOf\":{\"@id\":\"https:\\\/\\\/feetuphostels.com\\\/fr\\\/#website\"},\"primaryImageOfPage\":{\"@id\":\"https:\\\/\\\/feetuphostels.com\\\/fr\\\/commentaires-red-nest-hostel-valencia\\\/#primaryimage\"},\"image\":{\"@id\":\"https:\\\/\\\/feetuphostels.com\\\/fr\\\/commentaires-red-nest-hostel-valencia\\\/#primaryimage\"},\"thumbnailUrl\":\"https:\\\/\\\/feetuphostels.com\\\/wp-content\\\/uploads\\\/2019\\\/02\\\/09red-nest-hostel-valencia-by-feetuphostels.jpg\",\"datePublished\":\"2017-12-04T21:18:19+00:00\",\"dateModified\":\"2024-11-09T11:24:55+00:00\",\"description\":\"Commentaires Red Nest Hostel Valencia. De vraies \u00e9valuations de la part de vrais clients. Un h\u00e9bergement avec des lits \u00e0 partir de 10\u20ac par nuit\",\"breadcrumb\":{\"@id\":\"https:\\\/\\\/feetuphostels.com\\\/fr\\\/commentaires-red-nest-hostel-valencia\\\/#breadcrumb\"},\"inLanguage\":\"fr-FR\",\"potentialAction\":[{\"@type\":\"ReadAction\",\"target\":[\"https:\\\/\\\/feetuphostels.com\\\/fr\\\/commentaires-red-nest-hostel-valencia\\\/\"]}]},{\"@type\":\"ImageObject\",\"inLanguage\":\"fr-FR\",\"@id\":\"https:\\\/\\\/feetuphostels.com\\\/fr\\\/commentaires-red-nest-hostel-valencia\\\/#primaryimage\",\"url\":\"https:\\\/\\\/feetuphostels.com\\\/wp-content\\\/uploads\\\/2019\\\/02\\\/09red-nest-hostel-valencia-by-feetuphostels.jpg\",\"contentUrl\":\"https:\\\/\\\/feetuphostels.com\\\/wp-content\\\/uploads\\\/2019\\\/02\\\/09red-nest-hostel-valencia-by-feetuphostels.jpg\",\"width\":1554,\"height\":1080,\"caption\":\"Profite du temps que tu passes avec tes amis\"},{\"@type\":\"BreadcrumbList\",\"@id\":\"https:\\\/\\\/feetuphostels.com\\\/fr\\\/commentaires-red-nest-hostel-valencia\\\/#breadcrumb\",\"itemListElement\":[{\"@type\":\"ListItem\",\"position\":1,\"name\":\"Home\",\"item\":\"https:\\\/\\\/feetuphostels.com\\\/fr\\\/\"},{\"@type\":\"ListItem\",\"position\":2,\"name\":\"Commentaires Red Nest Hostel Valencia\"}]},{\"@type\":\"WebSite\",\"@id\":\"https:\\\/\\\/feetuphostels.com\\\/fr\\\/#website\",\"url\":\"https:\\\/\\\/feetuphostels.com\\\/fr\\\/\",\"name\":\"Feet Up Hostels\",\"description\":\"Auberges de jeunesse et h\u00e9bergement \u00e0 Valence, Espagne. Nous sommes des sp\u00e9cialistes de la convivialit\u00e9\",\"publisher\":{\"@id\":\"https:\\\/\\\/feetuphostels.com\\\/fr\\\/#organization\"},\"alternateName\":\"Feet Up Hostels\",\"potentialAction\":[{\"@type\":\"SearchAction\",\"target\":{\"@type\":\"EntryPoint\",\"urlTemplate\":\"https:\\\/\\\/feetuphostels.com\\\/fr\\\/?s={search_term_string}\"},\"query-input\":{\"@type\":\"PropertyValueSpecification\",\"valueRequired\":true,\"valueName\":\"search_term_string\"}}],\"inLanguage\":\"fr-FR\"},{\"@type\":\"Organization\",\"@id\":\"https:\\\/\\\/feetuphostels.com\\\/fr\\\/#organization\",\"name\":\"Feet Up Hostels\",\"alternateName\":\"Feet Up Hostels\",\"url\":\"https:\\\/\\\/feetuphostels.com\\\/fr\\\/\",\"logo\":{\"@type\":\"ImageObject\",\"inLanguage\":\"fr-FR\",\"@id\":\"https:\\\/\\\/feetuphostels.com\\\/fr\\\/#\\\/schema\\\/logo\\\/image\\\/\",\"url\":\"https:\\\/\\\/feetuphostels.com\\\/wp-content\\\/uploads\\\/2019\\\/01\\\/logo-web-amp-feetuphostels.svg\",\"contentUrl\":\"https:\\\/\\\/feetuphostels.com\\\/wp-content\\\/uploads\\\/2019\\\/01\\\/logo-web-amp-feetuphostels.svg\",\"width\":1,\"height\":1,\"caption\":\"Feet Up Hostels\"},\"image\":{\"@id\":\"https:\\\/\\\/feetuphostels.com\\\/fr\\\/#\\\/schema\\\/logo\\\/image\\\/\"},\"sameAs\":[\"https:\\\/\\\/facebook.com\\\/feetuphostelsgroup\",\"https:\\\/\\\/x.com\\\/feetuphostels\",\"https:\\\/\\\/www.instagram.com\\\/feetuphostels\\\/\",\"https:\\\/\\\/www.tiktok.com\\\/@feetuphostels\",\"https:\\\/\\\/www.linkedin.com\\\/company\\\/feetuphostelsgroup\\\/\",\"https:\\\/\\\/www.pinterest.es\\\/FeetupHostels\\\/\",\"https:\\\/\\\/www.youtube.com\\\/feetuphostels\"]}]}<\/script>\n<!-- \/ Yoast SEO plugin. -->","yoast_head_json":{"title":"Commentaires Red Nest Hostel Valencia. De vraies \u00e9valuations de vrais clients","description":"Commentaires Red Nest Hostel Valencia. De vraies \u00e9valuations de la part de vrais clients. Un h\u00e9bergement avec des lits \u00e0 partir de 10\u20ac par nuit","robots":{"index":"index","follow":"follow","max-snippet":"max-snippet:-1","max-image-preview":"max-image-preview:large","max-video-preview":"max-video-preview:-1"},"canonical":"https:\/\/feetuphostels.com\/fr\/commentaires-red-nest-hostel-valencia\/","og_locale":"fr_FR","og_type":"article","og_title":"Commentaires Red Nest Hostel Valencia. De vraies \u00e9valuations de vrais clients","og_description":"Commentaires Red Nest Hostel Valencia. De vraies \u00e9valuations de la part de vrais clients. Un h\u00e9bergement avec des lits \u00e0 partir de 10\u20ac par nuit","og_url":"https:\/\/feetuphostels.com\/fr\/commentaires-red-nest-hostel-valencia\/","og_site_name":"Feet Up Hostels","article_publisher":"https:\/\/facebook.com\/feetuphostelsgroup","article_modified_time":"2024-11-09T11:24:55+00:00","og_image":[{"width":1554,"height":1080,"url":"https:\/\/feetuphostels.com\/wp-content\/uploads\/2019\/02\/09red-nest-hostel-valencia-by-feetuphostels.jpg","type":"image\/jpeg"}],"twitter_card":"summary_large_image","twitter_site":"@feetuphostels","twitter_misc":{"Dur\u00e9e de lecture estim\u00e9e":"2 minutes"},"schema":{"@context":"https:\/\/schema.org","@graph":[{"@type":"WebPage","@id":"https:\/\/feetuphostels.com\/fr\/commentaires-red-nest-hostel-valencia\/","url":"https:\/\/feetuphostels.com\/fr\/commentaires-red-nest-hostel-valencia\/","name":"Commentaires Red Nest Hostel Valencia. De vraies \u00e9valuations de vrais clients","isPartOf":{"@id":"https:\/\/feetuphostels.com\/fr\/#website"},"primaryImageOfPage":{"@id":"https:\/\/feetuphostels.com\/fr\/commentaires-red-nest-hostel-valencia\/#primaryimage"},"image":{"@id":"https:\/\/feetuphostels.com\/fr\/commentaires-red-nest-hostel-valencia\/#primaryimage"},"thumbnailUrl":"https:\/\/feetuphostels.com\/wp-content\/uploads\/2019\/02\/09red-nest-hostel-valencia-by-feetuphostels.jpg","datePublished":"2017-12-04T21:18:19+00:00","dateModified":"2024-11-09T11:24:55+00:00","description":"Commentaires Red Nest Hostel Valencia. De vraies \u00e9valuations de la part de vrais clients. Un h\u00e9bergement avec des lits \u00e0 partir de 10\u20ac par nuit","breadcrumb":{"@id":"https:\/\/feetuphostels.com\/fr\/commentaires-red-nest-hostel-valencia\/#breadcrumb"},"inLanguage":"fr-FR","potentialAction":[{"@type":"ReadAction","target":["https:\/\/feetuphostels.com\/fr\/commentaires-red-nest-hostel-valencia\/"]}]},{"@type":"ImageObject","inLanguage":"fr-FR","@id":"https:\/\/feetuphostels.com\/fr\/commentaires-red-nest-hostel-valencia\/#primaryimage","url":"https:\/\/feetuphostels.com\/wp-content\/uploads\/2019\/02\/09red-nest-hostel-valencia-by-feetuphostels.jpg","contentUrl":"https:\/\/feetuphostels.com\/wp-content\/uploads\/2019\/02\/09red-nest-hostel-valencia-by-feetuphostels.jpg","width":1554,"height":1080,"caption":"Profite du temps que tu passes avec tes amis"},{"@type":"BreadcrumbList","@id":"https:\/\/feetuphostels.com\/fr\/commentaires-red-nest-hostel-valencia\/#breadcrumb","itemListElement":[{"@type":"ListItem","position":1,"name":"Home","item":"https:\/\/feetuphostels.com\/fr\/"},{"@type":"ListItem","position":2,"name":"Commentaires Red Nest Hostel Valencia"}]},{"@type":"WebSite","@id":"https:\/\/feetuphostels.com\/fr\/#website","url":"https:\/\/feetuphostels.com\/fr\/","name":"Feet Up Hostels","description":"Auberges de jeunesse et h\u00e9bergement \u00e0 Valence, Espagne. Nous sommes des sp\u00e9cialistes de la convivialit\u00e9","publisher":{"@id":"https:\/\/feetuphostels.com\/fr\/#organization"},"alternateName":"Feet Up Hostels","potentialAction":[{"@type":"SearchAction","target":{"@type":"EntryPoint","urlTemplate":"https:\/\/feetuphostels.com\/fr\/?s={search_term_string}"},"query-input":{"@type":"PropertyValueSpecification","valueRequired":true,"valueName":"search_term_string"}}],"inLanguage":"fr-FR"},{"@type":"Organization","@id":"https:\/\/feetuphostels.com\/fr\/#organization","name":"Feet Up Hostels","alternateName":"Feet Up Hostels","url":"https:\/\/feetuphostels.com\/fr\/","logo":{"@type":"ImageObject","inLanguage":"fr-FR","@id":"https:\/\/feetuphostels.com\/fr\/#\/schema\/logo\/image\/","url":"https:\/\/feetuphostels.com\/wp-content\/uploads\/2019\/01\/logo-web-amp-feetuphostels.svg","contentUrl":"https:\/\/feetuphostels.com\/wp-content\/uploads\/2019\/01\/logo-web-amp-feetuphostels.svg","width":1,"height":1,"caption":"Feet Up Hostels"},"image":{"@id":"https:\/\/feetuphostels.com\/fr\/#\/schema\/logo\/image\/"},"sameAs":["https:\/\/facebook.com\/feetuphostelsgroup","https:\/\/x.com\/feetuphostels","https:\/\/www.instagram.com\/feetuphostels\/","https:\/\/www.tiktok.com\/@feetuphostels","https:\/\/www.linkedin.com\/company\/feetuphostelsgroup\/","https:\/\/www.pinterest.es\/FeetupHostels\/","https:\/\/www.youtube.com\/feetuphostels"]}]}},"_links":{"self":[{"href":"https:\/\/feetuphostels.com\/fr\/wp-json\/wp\/v2\/pages\/6087","targetHints":{"allow":["GET"]}}],"collection":[{"href":"https:\/\/feetuphostels.com\/fr\/wp-json\/wp\/v2\/pages"}],"about":[{"href":"https:\/\/feetuphostels.com\/fr\/wp-json\/wp\/v2\/types\/page"}],"author":[{"embeddable":true,"href":"https:\/\/feetuphostels.com\/fr\/wp-json\/wp\/v2\/users\/13"}],"replies":[{"embeddable":true,"href":"https:\/\/feetuphostels.com\/fr\/wp-json\/wp\/v2\/comments?post=6087"}],"version-history":[{"count":0,"href":"https:\/\/feetuphostels.com\/fr\/wp-json\/wp\/v2\/pages\/6087\/revisions"}],"wp:featuredmedia":[{"embeddable":true,"href":"https:\/\/feetuphostels.com\/fr\/wp-json\/wp\/v2\/media\/18658"}],"wp:attachment":[{"href":"https:\/\/feetuphostels.com\/fr\/wp-json\/wp\/v2\/media?parent=6087"}],"curies":[{"name":"wp","href":"https:\/\/api.w.org\/{rel}","templated":true}]}}