{"id":6062,"date":"2017-12-01T10:25:46","date_gmt":"2017-12-01T09:25:46","guid":{"rendered":"https:\/\/feetuphostels.com\/?page_id=6062"},"modified":"2024-11-09T12:23:10","modified_gmt":"2024-11-09T11:23:10","slug":"commentaires-purple-nest-hostel-valencia","status":"publish","type":"page","link":"https:\/\/feetuphostels.com\/fr\/commentaires-purple-nest-hostel-valencia\/","title":{"rendered":"Commentaires Purple Nest Hostel Valencia"},"content":{"rendered":"\n<h1 class=\"wp-block-heading has-text-align-center\" id=\"h-reviews-purple-nest-hostel\">Commentaires Purple Nest<\/h1>\n\n<script src=\"https:\/\/apps.elfsight.com\/p\/platform.js\" defer=\"\"><\/script>\r\n<div class=\"elfsight-app-2b82ef62-1731-4184-8e8b-0427e0bb4501\"><\/div>\n\n<div style=\"height:30px\" aria-hidden=\"true\" class=\"wp-block-spacer\"><\/div>\n\n<h2 class=\"wp-block-heading\" id=\"h-about-reviews-in-purple-nest-why-do-guests-leave-reviews-about-their-stay-in-our-hostel\">A propos des commentaires \u00e0 Purple Nest. Pourquoi les clients laissent-ils des commentaires sur leur s\u00e9jour dans notre auberge ?<\/h2>\n\n<ul class=\"wp-block-list\">\n<li>Les clients laissent des commentaires sur leur s\u00e9jour dans notre auberge pour diverses raisons.<\/li>\n\n\n\n<li>L&rsquo;une des raisons les plus courantes est de partager leur exp\u00e9rience avec d&rsquo;autres voyageurs et de les aider \u00e0 prendre des d\u00e9cisions \u00e9clair\u00e9es lorsqu&rsquo;ils choisissent un logement.<\/li>\n\n\n\n<li>Vos commentaires nous aident \u00e9galement \u00e0 am\u00e9liorer nos services et l&rsquo;exp\u00e9rience de nos clients en nous fournissant des informations constructives sur ce que vous avez appr\u00e9ci\u00e9 ou ce qui vous a pos\u00e9 probl\u00e8me pendant votre s\u00e9jour dans notre auberge.<\/li>\n\n\n\n<li>En outre, les examens peuvent servir d&rsquo;outil de retour d&rsquo;information pour <a href=\"https:\/\/feetuphostels.com\/fr\/staff-purple-nest-hostel\/\">notre personnel<\/a>, nous permettant de voir quels sont les aspects qui ressortent et ceux que nous devons am\u00e9liorer.<\/li>\n\n\n\n<li>Voici quelques-uns des commentaires laiss\u00e9s par nos clients :<\/li>\n<\/ul>\n\n<h3 class=\"wp-block-heading\" id=\"h-pleasant-accommodation-friendly-staff\">Logement agr\u00e9able et personnel sympathique<\/h3>\n\n<p>C&rsquo;\u00e9tait propre, s\u00fbr, bien situ\u00e9 et le personnel \u00e9tait incroyablement amical et serviable, en particulier Ayrton et Marta. Ils nous ont \u00e9galement organis\u00e9 une visite guid\u00e9e qui m&rsquo;a permis d&rsquo;apprendre beaucoup de choses int\u00e9ressantes sur Valence et Las Fallas.<\/p>\n\n<p>C&rsquo;\u00e9tait mon premier voyage en solitaire et j&rsquo;\u00e9tais un peu nerveuse, mais le personnel et les personnes amicales que j&rsquo;ai rencontr\u00e9es dans ma chambre m&rsquo;ont fait oublier que j&rsquo;\u00e9tais une voyageuse en solitaire. Je reviendrai sans aucun doute. L&rsquo;heure d&rsquo;enregistrement est trop tardive. <strong>Apostol April 16 sur Booking<\/strong><\/p>\n\n<h3 class=\"wp-block-heading\" id=\"h-exceptional\">Exceptionnel<\/h3>\n\n<p>La cuisine spacieuse et propre, la terrasse, le salon, tout est tr\u00e8s propre, le personnel tr\u00e8s sympathique.. <strong>Josefina 29 mars sur Booking<\/strong><\/p>\n","protected":false},"excerpt":{"rendered":"<p>Commentaires Purple Nest Hostel Valencia. Dans la Plaza Tetuan avec des lits s\u00fbrs \u00e0 partir de \u20ac10 une nuit dans des chambres color\u00e9es, confortables et propres. Le Purple Nest est l\u2019un des h\u00e9bergements les plus renomm\u00e9s de la ville de Valence avec grand, color\u00e9, s\u00fbr, propre et au meilleur prix de Valence<\/p>\n","protected":false},"author":13,"featured_media":18242,"parent":0,"menu_order":0,"comment_status":"closed","ping_status":"open","template":"","meta":{"footnotes":""},"class_list":["post-6062","page","type-page","status-publish","has-post-thumbnail","hentry"],"yoast_head":"<!-- This site is optimized with the Yoast SEO plugin v27.4 - https:\/\/yoast.com\/product\/yoast-seo-wordpress\/ -->\n<title>Commentaires Purple Nest Hostel Valencia\u00ae \u2714\ufe0f avis sur des clients r\u00e9els<\/title>\n<meta name=\"description\" content=\"Reviews Purple Nest Hostel Valencia \u00ae real \u2714\ufe0fGuest with actual ratings on price, quality, cleanliness, facilities. Nice hostel in the center\" \/>\n<meta name=\"robots\" content=\"index, follow, max-snippet:-1, max-image-preview:large, max-video-preview:-1\" \/>\n<link rel=\"canonical\" href=\"https:\/\/feetuphostels.com\/fr\/commentaires-purple-nest-hostel-valencia\/\" \/>\n<meta property=\"og:locale\" content=\"fr_FR\" \/>\n<meta property=\"og:type\" content=\"article\" \/>\n<meta property=\"og:title\" content=\"Commentaires Purple Nest Hostel Valencia\u00ae \u2714\ufe0f avis sur des clients r\u00e9els\" \/>\n<meta property=\"og:description\" content=\"Reviews Purple Nest Hostel Valencia \u00ae real \u2714\ufe0fGuest with actual ratings on price, quality, cleanliness, facilities. Nice hostel in the center\" \/>\n<meta property=\"og:url\" content=\"https:\/\/feetuphostels.com\/fr\/commentaires-purple-nest-hostel-valencia\/\" \/>\n<meta property=\"og:site_name\" content=\"Feet Up Hostels\" \/>\n<meta property=\"article:publisher\" content=\"https:\/\/facebook.com\/feetuphostelsgroup\" \/>\n<meta property=\"article:modified_time\" content=\"2024-11-09T11:23:10+00:00\" \/>\n<meta property=\"og:image\" content=\"https:\/\/feetuphostels.com\/wp-content\/uploads\/2019\/01\/36purple-nest-hostel-valencia-by-feetuphostels.jpg\" \/>\n\t<meta property=\"og:image:width\" content=\"1633\" \/>\n\t<meta property=\"og:image:height\" content=\"1080\" \/>\n\t<meta property=\"og:image:type\" content=\"image\/jpeg\" \/>\n<meta name=\"twitter:card\" content=\"summary_large_image\" \/>\n<meta name=\"twitter:site\" content=\"@feetuphostels\" \/>\n<meta name=\"twitter:label1\" content=\"Dur\u00e9e de lecture estim\u00e9e\" \/>\n\t<meta name=\"twitter:data1\" content=\"1 minute\" \/>\n<script type=\"application\/ld+json\" class=\"yoast-schema-graph\">{\"@context\":\"https:\\\/\\\/schema.org\",\"@graph\":[{\"@type\":\"WebPage\",\"@id\":\"https:\\\/\\\/feetuphostels.com\\\/fr\\\/commentaires-purple-nest-hostel-valencia\\\/\",\"url\":\"https:\\\/\\\/feetuphostels.com\\\/fr\\\/commentaires-purple-nest-hostel-valencia\\\/\",\"name\":\"Commentaires Purple Nest Hostel Valencia\u00ae \u2714\ufe0f avis sur des clients r\u00e9els\",\"isPartOf\":{\"@id\":\"https:\\\/\\\/feetuphostels.com\\\/fr\\\/#website\"},\"primaryImageOfPage\":{\"@id\":\"https:\\\/\\\/feetuphostels.com\\\/fr\\\/commentaires-purple-nest-hostel-valencia\\\/#primaryimage\"},\"image\":{\"@id\":\"https:\\\/\\\/feetuphostels.com\\\/fr\\\/commentaires-purple-nest-hostel-valencia\\\/#primaryimage\"},\"thumbnailUrl\":\"https:\\\/\\\/feetuphostels.com\\\/wp-content\\\/uploads\\\/2019\\\/01\\\/36purple-nest-hostel-valencia-by-feetuphostels.jpg\",\"datePublished\":\"2017-12-01T09:25:46+00:00\",\"dateModified\":\"2024-11-09T11:23:10+00:00\",\"description\":\"Reviews Purple Nest Hostel Valencia \u00ae real \u2714\ufe0fGuest with actual ratings on price, quality, cleanliness, facilities. Nice hostel in the center\",\"breadcrumb\":{\"@id\":\"https:\\\/\\\/feetuphostels.com\\\/fr\\\/commentaires-purple-nest-hostel-valencia\\\/#breadcrumb\"},\"inLanguage\":\"fr-FR\",\"potentialAction\":[{\"@type\":\"ReadAction\",\"target\":[\"https:\\\/\\\/feetuphostels.com\\\/fr\\\/commentaires-purple-nest-hostel-valencia\\\/\"]}]},{\"@type\":\"ImageObject\",\"inLanguage\":\"fr-FR\",\"@id\":\"https:\\\/\\\/feetuphostels.com\\\/fr\\\/commentaires-purple-nest-hostel-valencia\\\/#primaryimage\",\"url\":\"https:\\\/\\\/feetuphostels.com\\\/wp-content\\\/uploads\\\/2019\\\/01\\\/36purple-nest-hostel-valencia-by-feetuphostels.jpg\",\"contentUrl\":\"https:\\\/\\\/feetuphostels.com\\\/wp-content\\\/uploads\\\/2019\\\/01\\\/36purple-nest-hostel-valencia-by-feetuphostels.jpg\",\"width\":1633,\"height\":1080,\"caption\":\"Prenez quelques verres avec vos amis dans notre bar\"},{\"@type\":\"BreadcrumbList\",\"@id\":\"https:\\\/\\\/feetuphostels.com\\\/fr\\\/commentaires-purple-nest-hostel-valencia\\\/#breadcrumb\",\"itemListElement\":[{\"@type\":\"ListItem\",\"position\":1,\"name\":\"Home\",\"item\":\"https:\\\/\\\/feetuphostels.com\\\/fr\\\/\"},{\"@type\":\"ListItem\",\"position\":2,\"name\":\"Commentaires Purple Nest Hostel Valencia\"}]},{\"@type\":\"WebSite\",\"@id\":\"https:\\\/\\\/feetuphostels.com\\\/fr\\\/#website\",\"url\":\"https:\\\/\\\/feetuphostels.com\\\/fr\\\/\",\"name\":\"Feet Up Hostels\",\"description\":\"Auberges de jeunesse et h\u00e9bergement \u00e0 Valence, Espagne. Nous sommes des sp\u00e9cialistes de la convivialit\u00e9\",\"publisher\":{\"@id\":\"https:\\\/\\\/feetuphostels.com\\\/fr\\\/#organization\"},\"alternateName\":\"Feet Up Hostels\",\"potentialAction\":[{\"@type\":\"SearchAction\",\"target\":{\"@type\":\"EntryPoint\",\"urlTemplate\":\"https:\\\/\\\/feetuphostels.com\\\/fr\\\/?s={search_term_string}\"},\"query-input\":{\"@type\":\"PropertyValueSpecification\",\"valueRequired\":true,\"valueName\":\"search_term_string\"}}],\"inLanguage\":\"fr-FR\"},{\"@type\":\"Organization\",\"@id\":\"https:\\\/\\\/feetuphostels.com\\\/fr\\\/#organization\",\"name\":\"Feet Up Hostels\",\"alternateName\":\"Feet Up Hostels\",\"url\":\"https:\\\/\\\/feetuphostels.com\\\/fr\\\/\",\"logo\":{\"@type\":\"ImageObject\",\"inLanguage\":\"fr-FR\",\"@id\":\"https:\\\/\\\/feetuphostels.com\\\/fr\\\/#\\\/schema\\\/logo\\\/image\\\/\",\"url\":\"https:\\\/\\\/feetuphostels.com\\\/wp-content\\\/uploads\\\/2019\\\/01\\\/logo-web-amp-feetuphostels.svg\",\"contentUrl\":\"https:\\\/\\\/feetuphostels.com\\\/wp-content\\\/uploads\\\/2019\\\/01\\\/logo-web-amp-feetuphostels.svg\",\"width\":1,\"height\":1,\"caption\":\"Feet Up Hostels\"},\"image\":{\"@id\":\"https:\\\/\\\/feetuphostels.com\\\/fr\\\/#\\\/schema\\\/logo\\\/image\\\/\"},\"sameAs\":[\"https:\\\/\\\/facebook.com\\\/feetuphostelsgroup\",\"https:\\\/\\\/x.com\\\/feetuphostels\",\"https:\\\/\\\/www.instagram.com\\\/feetuphostels\\\/\",\"https:\\\/\\\/www.tiktok.com\\\/@feetuphostels\",\"https:\\\/\\\/www.linkedin.com\\\/company\\\/feetuphostelsgroup\\\/\",\"https:\\\/\\\/www.pinterest.es\\\/FeetupHostels\\\/\",\"https:\\\/\\\/www.youtube.com\\\/feetuphostels\"]}]}<\/script>\n<!-- \/ Yoast SEO plugin. -->","yoast_head_json":{"title":"Commentaires Purple Nest Hostel Valencia\u00ae \u2714\ufe0f avis sur des clients r\u00e9els","description":"Reviews Purple Nest Hostel Valencia \u00ae real \u2714\ufe0fGuest with actual ratings on price, quality, cleanliness, facilities. Nice hostel in the center","robots":{"index":"index","follow":"follow","max-snippet":"max-snippet:-1","max-image-preview":"max-image-preview:large","max-video-preview":"max-video-preview:-1"},"canonical":"https:\/\/feetuphostels.com\/fr\/commentaires-purple-nest-hostel-valencia\/","og_locale":"fr_FR","og_type":"article","og_title":"Commentaires Purple Nest Hostel Valencia\u00ae \u2714\ufe0f avis sur des clients r\u00e9els","og_description":"Reviews Purple Nest Hostel Valencia \u00ae real \u2714\ufe0fGuest with actual ratings on price, quality, cleanliness, facilities. Nice hostel in the center","og_url":"https:\/\/feetuphostels.com\/fr\/commentaires-purple-nest-hostel-valencia\/","og_site_name":"Feet Up Hostels","article_publisher":"https:\/\/facebook.com\/feetuphostelsgroup","article_modified_time":"2024-11-09T11:23:10+00:00","og_image":[{"width":1633,"height":1080,"url":"https:\/\/feetuphostels.com\/wp-content\/uploads\/2019\/01\/36purple-nest-hostel-valencia-by-feetuphostels.jpg","type":"image\/jpeg"}],"twitter_card":"summary_large_image","twitter_site":"@feetuphostels","twitter_misc":{"Dur\u00e9e de lecture estim\u00e9e":"1 minute"},"schema":{"@context":"https:\/\/schema.org","@graph":[{"@type":"WebPage","@id":"https:\/\/feetuphostels.com\/fr\/commentaires-purple-nest-hostel-valencia\/","url":"https:\/\/feetuphostels.com\/fr\/commentaires-purple-nest-hostel-valencia\/","name":"Commentaires Purple Nest Hostel Valencia\u00ae \u2714\ufe0f avis sur des clients r\u00e9els","isPartOf":{"@id":"https:\/\/feetuphostels.com\/fr\/#website"},"primaryImageOfPage":{"@id":"https:\/\/feetuphostels.com\/fr\/commentaires-purple-nest-hostel-valencia\/#primaryimage"},"image":{"@id":"https:\/\/feetuphostels.com\/fr\/commentaires-purple-nest-hostel-valencia\/#primaryimage"},"thumbnailUrl":"https:\/\/feetuphostels.com\/wp-content\/uploads\/2019\/01\/36purple-nest-hostel-valencia-by-feetuphostels.jpg","datePublished":"2017-12-01T09:25:46+00:00","dateModified":"2024-11-09T11:23:10+00:00","description":"Reviews Purple Nest Hostel Valencia \u00ae real \u2714\ufe0fGuest with actual ratings on price, quality, cleanliness, facilities. Nice hostel in the center","breadcrumb":{"@id":"https:\/\/feetuphostels.com\/fr\/commentaires-purple-nest-hostel-valencia\/#breadcrumb"},"inLanguage":"fr-FR","potentialAction":[{"@type":"ReadAction","target":["https:\/\/feetuphostels.com\/fr\/commentaires-purple-nest-hostel-valencia\/"]}]},{"@type":"ImageObject","inLanguage":"fr-FR","@id":"https:\/\/feetuphostels.com\/fr\/commentaires-purple-nest-hostel-valencia\/#primaryimage","url":"https:\/\/feetuphostels.com\/wp-content\/uploads\/2019\/01\/36purple-nest-hostel-valencia-by-feetuphostels.jpg","contentUrl":"https:\/\/feetuphostels.com\/wp-content\/uploads\/2019\/01\/36purple-nest-hostel-valencia-by-feetuphostels.jpg","width":1633,"height":1080,"caption":"Prenez quelques verres avec vos amis dans notre bar"},{"@type":"BreadcrumbList","@id":"https:\/\/feetuphostels.com\/fr\/commentaires-purple-nest-hostel-valencia\/#breadcrumb","itemListElement":[{"@type":"ListItem","position":1,"name":"Home","item":"https:\/\/feetuphostels.com\/fr\/"},{"@type":"ListItem","position":2,"name":"Commentaires Purple Nest Hostel Valencia"}]},{"@type":"WebSite","@id":"https:\/\/feetuphostels.com\/fr\/#website","url":"https:\/\/feetuphostels.com\/fr\/","name":"Feet Up Hostels","description":"Auberges de jeunesse et h\u00e9bergement \u00e0 Valence, Espagne. Nous sommes des sp\u00e9cialistes de la convivialit\u00e9","publisher":{"@id":"https:\/\/feetuphostels.com\/fr\/#organization"},"alternateName":"Feet Up Hostels","potentialAction":[{"@type":"SearchAction","target":{"@type":"EntryPoint","urlTemplate":"https:\/\/feetuphostels.com\/fr\/?s={search_term_string}"},"query-input":{"@type":"PropertyValueSpecification","valueRequired":true,"valueName":"search_term_string"}}],"inLanguage":"fr-FR"},{"@type":"Organization","@id":"https:\/\/feetuphostels.com\/fr\/#organization","name":"Feet Up Hostels","alternateName":"Feet Up Hostels","url":"https:\/\/feetuphostels.com\/fr\/","logo":{"@type":"ImageObject","inLanguage":"fr-FR","@id":"https:\/\/feetuphostels.com\/fr\/#\/schema\/logo\/image\/","url":"https:\/\/feetuphostels.com\/wp-content\/uploads\/2019\/01\/logo-web-amp-feetuphostels.svg","contentUrl":"https:\/\/feetuphostels.com\/wp-content\/uploads\/2019\/01\/logo-web-amp-feetuphostels.svg","width":1,"height":1,"caption":"Feet Up Hostels"},"image":{"@id":"https:\/\/feetuphostels.com\/fr\/#\/schema\/logo\/image\/"},"sameAs":["https:\/\/facebook.com\/feetuphostelsgroup","https:\/\/x.com\/feetuphostels","https:\/\/www.instagram.com\/feetuphostels\/","https:\/\/www.tiktok.com\/@feetuphostels","https:\/\/www.linkedin.com\/company\/feetuphostelsgroup\/","https:\/\/www.pinterest.es\/FeetupHostels\/","https:\/\/www.youtube.com\/feetuphostels"]}]}},"_links":{"self":[{"href":"https:\/\/feetuphostels.com\/fr\/wp-json\/wp\/v2\/pages\/6062","targetHints":{"allow":["GET"]}}],"collection":[{"href":"https:\/\/feetuphostels.com\/fr\/wp-json\/wp\/v2\/pages"}],"about":[{"href":"https:\/\/feetuphostels.com\/fr\/wp-json\/wp\/v2\/types\/page"}],"author":[{"embeddable":true,"href":"https:\/\/feetuphostels.com\/fr\/wp-json\/wp\/v2\/users\/13"}],"replies":[{"embeddable":true,"href":"https:\/\/feetuphostels.com\/fr\/wp-json\/wp\/v2\/comments?post=6062"}],"version-history":[{"count":0,"href":"https:\/\/feetuphostels.com\/fr\/wp-json\/wp\/v2\/pages\/6062\/revisions"}],"wp:featuredmedia":[{"embeddable":true,"href":"https:\/\/feetuphostels.com\/fr\/wp-json\/wp\/v2\/media\/18242"}],"wp:attachment":[{"href":"https:\/\/feetuphostels.com\/fr\/wp-json\/wp\/v2\/media?parent=6062"}],"curies":[{"name":"wp","href":"https:\/\/api.w.org\/{rel}","templated":true}]}}