{"id":6021,"date":"2017-11-27T09:07:11","date_gmt":"2017-11-27T08:07:11","guid":{"rendered":"https:\/\/feetuphostels.com\/?page_id=6021"},"modified":"2024-11-09T12:29:15","modified_gmt":"2024-11-09T11:29:15","slug":"commentaires-yellow-nest-hostel-barcelona","status":"publish","type":"page","link":"https:\/\/feetuphostels.com\/fr\/commentaires-yellow-nest-hostel-barcelona\/","title":{"rendered":"Commentaires Yellow Nest Hostel Barcelona"},"content":{"rendered":"\n<allinone-reviews widgetid=\"7599\" class=\"widgio-widget\"><\/allinone-reviews>\r\n\n<h1 class=\"has-text-align-center wp-block-heading\">Commentaires Yellow Nest Hostel Barcelona<\/h1>\n","protected":false},"excerpt":{"rendered":"<p>Commentaires Yellow Nest hostel Barcelona \u00ae \u2714\ufe0fr\u00e9elle de clients sur le prix, la qualit\u00e9, la propret\u00e9, les installations et la bonne ambiance \u00e0 Barcelone Hostel \u2b50\u2b50\u2b50\u2b50\u2b50 Opinions compl\u00e8tes. \u00ab\u00a0service efficace et convivial avec une bonne r\u00e9ception\u00a0\u00bb\u00b7 \u00ab\u00a0excellent emplacement avec un excellent tourisme. Proche des transports publics\u00a0\u00bb\u00b7 \u00ab\u00a0service fantastique\u00a0\u00bb<\/p>\n","protected":false},"author":13,"featured_media":0,"parent":0,"menu_order":0,"comment_status":"closed","ping_status":"open","template":"","meta":{"footnotes":""},"class_list":["post-6021","page","type-page","status-publish","hentry"],"yoast_head":"<!-- This site is optimized with the Yoast SEO plugin v27.4 - https:\/\/yoast.com\/product\/yoast-seo-wordpress\/ -->\n<title>Commentaires Yellow Nest hostel Barcelona \u00ae \u2714\ufe0f \ufe0fCommentaires r\u00e9els<\/title>\n<meta name=\"description\" content=\"Commentaires Yellow Nest hostel Barcelona\u00ae \u2714\ufe0fr\u00e9elle de clients sur le prix, la qualit\u00e9, la propret\u00e9, les installations et la bonne ambiance \u2b50\u2b50\u2b50\u2b50\u2b50\" \/>\n<meta name=\"robots\" content=\"index, follow, max-snippet:-1, max-image-preview:large, max-video-preview:-1\" \/>\n<link rel=\"canonical\" href=\"https:\/\/feetuphostels.com\/fr\/commentaires-yellow-nest-hostel-barcelona\/\" \/>\n<meta property=\"og:locale\" content=\"fr_FR\" \/>\n<meta property=\"og:type\" content=\"article\" \/>\n<meta property=\"og:title\" content=\"Commentaires Yellow Nest hostel Barcelona \u00ae \u2714\ufe0f \ufe0fCommentaires r\u00e9els\" \/>\n<meta property=\"og:description\" content=\"Commentaires Yellow Nest hostel Barcelona\u00ae \u2714\ufe0fr\u00e9elle de clients sur le prix, la qualit\u00e9, la propret\u00e9, les installations et la bonne ambiance \u2b50\u2b50\u2b50\u2b50\u2b50\" \/>\n<meta property=\"og:url\" content=\"https:\/\/feetuphostels.com\/fr\/commentaires-yellow-nest-hostel-barcelona\/\" \/>\n<meta property=\"og:site_name\" content=\"Feet Up Hostels\" \/>\n<meta property=\"article:publisher\" content=\"https:\/\/facebook.com\/feetuphostelsgroup\" \/>\n<meta property=\"article:modified_time\" content=\"2024-11-09T11:29:15+00:00\" \/>\n<meta property=\"og:image\" content=\"https:\/\/feetuphostels.com\/wp-content\/uploads\/2017\/01\/about-us.jpg\" \/>\n\t<meta property=\"og:image:width\" content=\"960\" \/>\n\t<meta property=\"og:image:height\" content=\"650\" \/>\n\t<meta property=\"og:image:type\" content=\"image\/jpeg\" \/>\n<meta name=\"twitter:card\" content=\"summary_large_image\" \/>\n<meta name=\"twitter:site\" content=\"@feetuphostels\" \/>\n<script type=\"application\/ld+json\" class=\"yoast-schema-graph\">{\"@context\":\"https:\\\/\\\/schema.org\",\"@graph\":[{\"@type\":\"WebPage\",\"@id\":\"https:\\\/\\\/feetuphostels.com\\\/fr\\\/commentaires-yellow-nest-hostel-barcelona\\\/\",\"url\":\"https:\\\/\\\/feetuphostels.com\\\/fr\\\/commentaires-yellow-nest-hostel-barcelona\\\/\",\"name\":\"Commentaires Yellow Nest hostel Barcelona \u00ae \u2714\ufe0f \ufe0fCommentaires r\u00e9els\",\"isPartOf\":{\"@id\":\"https:\\\/\\\/feetuphostels.com\\\/fr\\\/#website\"},\"datePublished\":\"2017-11-27T08:07:11+00:00\",\"dateModified\":\"2024-11-09T11:29:15+00:00\",\"description\":\"Commentaires Yellow Nest hostel Barcelona\u00ae \u2714\ufe0fr\u00e9elle de clients sur le prix, la qualit\u00e9, la propret\u00e9, les installations et la bonne ambiance \u2b50\u2b50\u2b50\u2b50\u2b50\",\"breadcrumb\":{\"@id\":\"https:\\\/\\\/feetuphostels.com\\\/fr\\\/commentaires-yellow-nest-hostel-barcelona\\\/#breadcrumb\"},\"inLanguage\":\"fr-FR\",\"potentialAction\":[{\"@type\":\"ReadAction\",\"target\":[\"https:\\\/\\\/feetuphostels.com\\\/fr\\\/commentaires-yellow-nest-hostel-barcelona\\\/\"]}]},{\"@type\":\"BreadcrumbList\",\"@id\":\"https:\\\/\\\/feetuphostels.com\\\/fr\\\/commentaires-yellow-nest-hostel-barcelona\\\/#breadcrumb\",\"itemListElement\":[{\"@type\":\"ListItem\",\"position\":1,\"name\":\"Home\",\"item\":\"https:\\\/\\\/feetuphostels.com\\\/fr\\\/\"},{\"@type\":\"ListItem\",\"position\":2,\"name\":\"Commentaires Yellow Nest Hostel Barcelona\"}]},{\"@type\":\"WebSite\",\"@id\":\"https:\\\/\\\/feetuphostels.com\\\/fr\\\/#website\",\"url\":\"https:\\\/\\\/feetuphostels.com\\\/fr\\\/\",\"name\":\"Feet Up Hostels\",\"description\":\"Auberges de jeunesse et h\u00e9bergement \u00e0 Valence, Espagne. Nous sommes des sp\u00e9cialistes de la convivialit\u00e9\",\"publisher\":{\"@id\":\"https:\\\/\\\/feetuphostels.com\\\/fr\\\/#organization\"},\"alternateName\":\"Feet Up Hostels\",\"potentialAction\":[{\"@type\":\"SearchAction\",\"target\":{\"@type\":\"EntryPoint\",\"urlTemplate\":\"https:\\\/\\\/feetuphostels.com\\\/fr\\\/?s={search_term_string}\"},\"query-input\":{\"@type\":\"PropertyValueSpecification\",\"valueRequired\":true,\"valueName\":\"search_term_string\"}}],\"inLanguage\":\"fr-FR\"},{\"@type\":\"Organization\",\"@id\":\"https:\\\/\\\/feetuphostels.com\\\/fr\\\/#organization\",\"name\":\"Feet Up Hostels\",\"alternateName\":\"Feet Up Hostels\",\"url\":\"https:\\\/\\\/feetuphostels.com\\\/fr\\\/\",\"logo\":{\"@type\":\"ImageObject\",\"inLanguage\":\"fr-FR\",\"@id\":\"https:\\\/\\\/feetuphostels.com\\\/fr\\\/#\\\/schema\\\/logo\\\/image\\\/\",\"url\":\"https:\\\/\\\/feetuphostels.com\\\/wp-content\\\/uploads\\\/2019\\\/01\\\/logo-web-amp-feetuphostels.svg\",\"contentUrl\":\"https:\\\/\\\/feetuphostels.com\\\/wp-content\\\/uploads\\\/2019\\\/01\\\/logo-web-amp-feetuphostels.svg\",\"width\":1,\"height\":1,\"caption\":\"Feet Up Hostels\"},\"image\":{\"@id\":\"https:\\\/\\\/feetuphostels.com\\\/fr\\\/#\\\/schema\\\/logo\\\/image\\\/\"},\"sameAs\":[\"https:\\\/\\\/facebook.com\\\/feetuphostelsgroup\",\"https:\\\/\\\/x.com\\\/feetuphostels\",\"https:\\\/\\\/www.instagram.com\\\/feetuphostels\\\/\",\"https:\\\/\\\/www.tiktok.com\\\/@feetuphostels\",\"https:\\\/\\\/www.linkedin.com\\\/company\\\/feetuphostelsgroup\\\/\",\"https:\\\/\\\/www.pinterest.es\\\/FeetupHostels\\\/\",\"https:\\\/\\\/www.youtube.com\\\/feetuphostels\"]}]}<\/script>\n<!-- \/ Yoast SEO plugin. -->","yoast_head_json":{"title":"Commentaires Yellow Nest hostel Barcelona \u00ae \u2714\ufe0f \ufe0fCommentaires r\u00e9els","description":"Commentaires Yellow Nest hostel Barcelona\u00ae \u2714\ufe0fr\u00e9elle de clients sur le prix, la qualit\u00e9, la propret\u00e9, les installations et la bonne ambiance \u2b50\u2b50\u2b50\u2b50\u2b50","robots":{"index":"index","follow":"follow","max-snippet":"max-snippet:-1","max-image-preview":"max-image-preview:large","max-video-preview":"max-video-preview:-1"},"canonical":"https:\/\/feetuphostels.com\/fr\/commentaires-yellow-nest-hostel-barcelona\/","og_locale":"fr_FR","og_type":"article","og_title":"Commentaires Yellow Nest hostel Barcelona \u00ae \u2714\ufe0f \ufe0fCommentaires r\u00e9els","og_description":"Commentaires Yellow Nest hostel Barcelona\u00ae \u2714\ufe0fr\u00e9elle de clients sur le prix, la qualit\u00e9, la propret\u00e9, les installations et la bonne ambiance \u2b50\u2b50\u2b50\u2b50\u2b50","og_url":"https:\/\/feetuphostels.com\/fr\/commentaires-yellow-nest-hostel-barcelona\/","og_site_name":"Feet Up Hostels","article_publisher":"https:\/\/facebook.com\/feetuphostelsgroup","article_modified_time":"2024-11-09T11:29:15+00:00","og_image":[{"width":960,"height":650,"url":"https:\/\/feetuphostels.com\/wp-content\/uploads\/2017\/01\/about-us.jpg","type":"image\/jpeg"}],"twitter_card":"summary_large_image","twitter_site":"@feetuphostels","schema":{"@context":"https:\/\/schema.org","@graph":[{"@type":"WebPage","@id":"https:\/\/feetuphostels.com\/fr\/commentaires-yellow-nest-hostel-barcelona\/","url":"https:\/\/feetuphostels.com\/fr\/commentaires-yellow-nest-hostel-barcelona\/","name":"Commentaires Yellow Nest hostel Barcelona \u00ae \u2714\ufe0f \ufe0fCommentaires r\u00e9els","isPartOf":{"@id":"https:\/\/feetuphostels.com\/fr\/#website"},"datePublished":"2017-11-27T08:07:11+00:00","dateModified":"2024-11-09T11:29:15+00:00","description":"Commentaires Yellow Nest hostel Barcelona\u00ae \u2714\ufe0fr\u00e9elle de clients sur le prix, la qualit\u00e9, la propret\u00e9, les installations et la bonne ambiance \u2b50\u2b50\u2b50\u2b50\u2b50","breadcrumb":{"@id":"https:\/\/feetuphostels.com\/fr\/commentaires-yellow-nest-hostel-barcelona\/#breadcrumb"},"inLanguage":"fr-FR","potentialAction":[{"@type":"ReadAction","target":["https:\/\/feetuphostels.com\/fr\/commentaires-yellow-nest-hostel-barcelona\/"]}]},{"@type":"BreadcrumbList","@id":"https:\/\/feetuphostels.com\/fr\/commentaires-yellow-nest-hostel-barcelona\/#breadcrumb","itemListElement":[{"@type":"ListItem","position":1,"name":"Home","item":"https:\/\/feetuphostels.com\/fr\/"},{"@type":"ListItem","position":2,"name":"Commentaires Yellow Nest Hostel Barcelona"}]},{"@type":"WebSite","@id":"https:\/\/feetuphostels.com\/fr\/#website","url":"https:\/\/feetuphostels.com\/fr\/","name":"Feet Up Hostels","description":"Auberges de jeunesse et h\u00e9bergement \u00e0 Valence, Espagne. Nous sommes des sp\u00e9cialistes de la convivialit\u00e9","publisher":{"@id":"https:\/\/feetuphostels.com\/fr\/#organization"},"alternateName":"Feet Up Hostels","potentialAction":[{"@type":"SearchAction","target":{"@type":"EntryPoint","urlTemplate":"https:\/\/feetuphostels.com\/fr\/?s={search_term_string}"},"query-input":{"@type":"PropertyValueSpecification","valueRequired":true,"valueName":"search_term_string"}}],"inLanguage":"fr-FR"},{"@type":"Organization","@id":"https:\/\/feetuphostels.com\/fr\/#organization","name":"Feet Up Hostels","alternateName":"Feet Up Hostels","url":"https:\/\/feetuphostels.com\/fr\/","logo":{"@type":"ImageObject","inLanguage":"fr-FR","@id":"https:\/\/feetuphostels.com\/fr\/#\/schema\/logo\/image\/","url":"https:\/\/feetuphostels.com\/wp-content\/uploads\/2019\/01\/logo-web-amp-feetuphostels.svg","contentUrl":"https:\/\/feetuphostels.com\/wp-content\/uploads\/2019\/01\/logo-web-amp-feetuphostels.svg","width":1,"height":1,"caption":"Feet Up Hostels"},"image":{"@id":"https:\/\/feetuphostels.com\/fr\/#\/schema\/logo\/image\/"},"sameAs":["https:\/\/facebook.com\/feetuphostelsgroup","https:\/\/x.com\/feetuphostels","https:\/\/www.instagram.com\/feetuphostels\/","https:\/\/www.tiktok.com\/@feetuphostels","https:\/\/www.linkedin.com\/company\/feetuphostelsgroup\/","https:\/\/www.pinterest.es\/FeetupHostels\/","https:\/\/www.youtube.com\/feetuphostels"]}]}},"_links":{"self":[{"href":"https:\/\/feetuphostels.com\/fr\/wp-json\/wp\/v2\/pages\/6021","targetHints":{"allow":["GET"]}}],"collection":[{"href":"https:\/\/feetuphostels.com\/fr\/wp-json\/wp\/v2\/pages"}],"about":[{"href":"https:\/\/feetuphostels.com\/fr\/wp-json\/wp\/v2\/types\/page"}],"author":[{"embeddable":true,"href":"https:\/\/feetuphostels.com\/fr\/wp-json\/wp\/v2\/users\/13"}],"replies":[{"embeddable":true,"href":"https:\/\/feetuphostels.com\/fr\/wp-json\/wp\/v2\/comments?post=6021"}],"version-history":[{"count":0,"href":"https:\/\/feetuphostels.com\/fr\/wp-json\/wp\/v2\/pages\/6021\/revisions"}],"wp:attachment":[{"href":"https:\/\/feetuphostels.com\/fr\/wp-json\/wp\/v2\/media?parent=6021"}],"curies":[{"name":"wp","href":"https:\/\/api.w.org\/{rel}","templated":true}]}}