{"id":5913,"date":"2017-11-28T10:45:38","date_gmt":"2017-11-28T09:45:38","guid":{"rendered":"https:\/\/feetuphostels.com\/?page_id=5913"},"modified":"2024-11-06T13:19:25","modified_gmt":"2024-11-06T12:19:25","slug":"emplacement-garden-house-hostel-barcelona","status":"publish","type":"page","link":"https:\/\/feetuphostels.com\/fr\/emplacement-garden-house-hostel-barcelona\/","title":{"rendered":""},"content":{"rendered":"","protected":false},"excerpt":{"rendered":"<p>Emplacement Garden House Hostel Barcelona \u00ae \u00e0 500 m\u00e8tres de la station de m\u00e9tro Valldaura \ud83d\ude89, \u00e0 15 minutes du centre de Barcelone en m\u00e9tro, et \u00e0 10 minutes de la Rambla. Le Garden House Hostel est situ\u00e9 dans un quartier calme. Stationnement de voiture dans la rue. Directions pour Garden House Hostel Barcelona<\/p>\n","protected":false},"author":13,"featured_media":0,"parent":0,"menu_order":0,"comment_status":"closed","ping_status":"open","template":"","meta":{"footnotes":""},"class_list":["post-5913","page","type-page","status-publish","hentry"],"yoast_head":"<!-- This site is optimized with the Yoast SEO plugin v27.5 - https:\/\/yoast.com\/product\/yoast-seo-wordpress\/ -->\n<title>Emplacement Garden House Hostel Barcelona\u00ae pr\u00e8s de Metro \ud83d\ude89<\/title>\n<meta name=\"description\" content=\"Emplacement Garden House Hostel Barcelona \u00ae 4 p\u00e2t\u00e9s de maisons du m\u00e9tro Valldaura \ud83d\ude89, \u00e0 15 minutes du centre ville de Barcelone en m\u00e9tro, et \u00e0 10 minutes de la Rambla\" \/>\n<meta name=\"robots\" content=\"index, follow, max-snippet:-1, max-image-preview:large, max-video-preview:-1\" \/>\n<link rel=\"canonical\" href=\"https:\/\/feetuphostels.com\/fr\/emplacement-garden-house-hostel-barcelona\/\" \/>\n<meta property=\"og:locale\" content=\"fr_FR\" \/>\n<meta property=\"og:type\" content=\"article\" \/>\n<meta property=\"og:title\" content=\"Emplacement Garden House Hostel Barcelona\u00ae pr\u00e8s de Metro \ud83d\ude89\" \/>\n<meta property=\"og:description\" content=\"Emplacement Garden House Hostel Barcelona \u00ae 4 p\u00e2t\u00e9s de maisons du m\u00e9tro Valldaura \ud83d\ude89, \u00e0 15 minutes du centre ville de Barcelone en m\u00e9tro, et \u00e0 10 minutes de la Rambla\" \/>\n<meta property=\"og:url\" content=\"https:\/\/feetuphostels.com\/fr\/emplacement-garden-house-hostel-barcelona\/\" \/>\n<meta property=\"og:site_name\" content=\"Feet Up Hostels\" \/>\n<meta property=\"article:publisher\" content=\"https:\/\/facebook.com\/feetuphostelsgroup\" \/>\n<meta property=\"article:modified_time\" content=\"2024-11-06T12:19:25+00:00\" \/>\n<meta property=\"og:image\" content=\"https:\/\/feetuphostels.com\/wp-content\/uploads\/2017\/01\/about-us.jpg\" \/>\n\t<meta property=\"og:image:width\" content=\"960\" \/>\n\t<meta property=\"og:image:height\" content=\"650\" \/>\n\t<meta property=\"og:image:type\" content=\"image\/jpeg\" \/>\n<meta name=\"twitter:card\" content=\"summary_large_image\" \/>\n<meta name=\"twitter:site\" content=\"@feetuphostels\" \/>\n<script type=\"application\/ld+json\" class=\"yoast-schema-graph\">{\"@context\":\"https:\\\/\\\/schema.org\",\"@graph\":[{\"@type\":\"WebPage\",\"@id\":\"https:\\\/\\\/feetuphostels.com\\\/fr\\\/emplacement-garden-house-hostel-barcelona\\\/\",\"url\":\"https:\\\/\\\/feetuphostels.com\\\/fr\\\/emplacement-garden-house-hostel-barcelona\\\/\",\"name\":\"Emplacement Garden House Hostel Barcelona\u00ae pr\u00e8s de Metro \ud83d\ude89\",\"isPartOf\":{\"@id\":\"https:\\\/\\\/feetuphostels.com\\\/fr\\\/#website\"},\"datePublished\":\"2017-11-28T09:45:38+00:00\",\"dateModified\":\"2024-11-06T12:19:25+00:00\",\"description\":\"Emplacement Garden House Hostel Barcelona \u00ae 4 p\u00e2t\u00e9s de maisons du m\u00e9tro Valldaura \ud83d\ude89, \u00e0 15 minutes du centre ville de Barcelone en m\u00e9tro, et \u00e0 10 minutes de la Rambla\",\"inLanguage\":\"fr-FR\",\"potentialAction\":[{\"@type\":\"ReadAction\",\"target\":[\"https:\\\/\\\/feetuphostels.com\\\/fr\\\/emplacement-garden-house-hostel-barcelona\\\/\"]}]},{\"@type\":\"WebSite\",\"@id\":\"https:\\\/\\\/feetuphostels.com\\\/fr\\\/#website\",\"url\":\"https:\\\/\\\/feetuphostels.com\\\/fr\\\/\",\"name\":\"Feet Up Hostels\",\"description\":\"Auberges de jeunesse et h\u00e9bergement \u00e0 Valence, Espagne. Nous sommes des sp\u00e9cialistes de la convivialit\u00e9\",\"publisher\":{\"@id\":\"https:\\\/\\\/feetuphostels.com\\\/fr\\\/#organization\"},\"alternateName\":\"Feet Up Hostels\",\"potentialAction\":[{\"@type\":\"SearchAction\",\"target\":{\"@type\":\"EntryPoint\",\"urlTemplate\":\"https:\\\/\\\/feetuphostels.com\\\/fr\\\/?s={search_term_string}\"},\"query-input\":{\"@type\":\"PropertyValueSpecification\",\"valueRequired\":true,\"valueName\":\"search_term_string\"}}],\"inLanguage\":\"fr-FR\"},{\"@type\":\"Organization\",\"@id\":\"https:\\\/\\\/feetuphostels.com\\\/fr\\\/#organization\",\"name\":\"Feet Up Hostels\",\"alternateName\":\"Feet Up Hostels\",\"url\":\"https:\\\/\\\/feetuphostels.com\\\/fr\\\/\",\"logo\":{\"@type\":\"ImageObject\",\"inLanguage\":\"fr-FR\",\"@id\":\"https:\\\/\\\/feetuphostels.com\\\/fr\\\/#\\\/schema\\\/logo\\\/image\\\/\",\"url\":\"https:\\\/\\\/feetuphostels.com\\\/wp-content\\\/uploads\\\/2019\\\/01\\\/logo-web-amp-feetuphostels.svg\",\"contentUrl\":\"https:\\\/\\\/feetuphostels.com\\\/wp-content\\\/uploads\\\/2019\\\/01\\\/logo-web-amp-feetuphostels.svg\",\"width\":1,\"height\":1,\"caption\":\"Feet Up Hostels\"},\"image\":{\"@id\":\"https:\\\/\\\/feetuphostels.com\\\/fr\\\/#\\\/schema\\\/logo\\\/image\\\/\"},\"sameAs\":[\"https:\\\/\\\/facebook.com\\\/feetuphostelsgroup\",\"https:\\\/\\\/x.com\\\/feetuphostels\",\"https:\\\/\\\/www.instagram.com\\\/feetuphostels\\\/\",\"https:\\\/\\\/www.tiktok.com\\\/@feetuphostels\",\"https:\\\/\\\/www.linkedin.com\\\/company\\\/feetuphostelsgroup\\\/\",\"https:\\\/\\\/www.pinterest.es\\\/FeetupHostels\\\/\",\"https:\\\/\\\/www.youtube.com\\\/feetuphostels\"]}]}<\/script>\n<!-- \/ Yoast SEO plugin. -->","yoast_head_json":{"title":"Emplacement Garden House Hostel Barcelona\u00ae pr\u00e8s de Metro \ud83d\ude89","description":"Emplacement Garden House Hostel Barcelona \u00ae 4 p\u00e2t\u00e9s de maisons du m\u00e9tro Valldaura \ud83d\ude89, \u00e0 15 minutes du centre ville de Barcelone en m\u00e9tro, et \u00e0 10 minutes de la Rambla","robots":{"index":"index","follow":"follow","max-snippet":"max-snippet:-1","max-image-preview":"max-image-preview:large","max-video-preview":"max-video-preview:-1"},"canonical":"https:\/\/feetuphostels.com\/fr\/emplacement-garden-house-hostel-barcelona\/","og_locale":"fr_FR","og_type":"article","og_title":"Emplacement Garden House Hostel Barcelona\u00ae pr\u00e8s de Metro \ud83d\ude89","og_description":"Emplacement Garden House Hostel Barcelona \u00ae 4 p\u00e2t\u00e9s de maisons du m\u00e9tro Valldaura \ud83d\ude89, \u00e0 15 minutes du centre ville de Barcelone en m\u00e9tro, et \u00e0 10 minutes de la Rambla","og_url":"https:\/\/feetuphostels.com\/fr\/emplacement-garden-house-hostel-barcelona\/","og_site_name":"Feet Up Hostels","article_publisher":"https:\/\/facebook.com\/feetuphostelsgroup","article_modified_time":"2024-11-06T12:19:25+00:00","og_image":[{"width":960,"height":650,"url":"https:\/\/feetuphostels.com\/wp-content\/uploads\/2017\/01\/about-us.jpg","type":"image\/jpeg"}],"twitter_card":"summary_large_image","twitter_site":"@feetuphostels","schema":{"@context":"https:\/\/schema.org","@graph":[{"@type":"WebPage","@id":"https:\/\/feetuphostels.com\/fr\/emplacement-garden-house-hostel-barcelona\/","url":"https:\/\/feetuphostels.com\/fr\/emplacement-garden-house-hostel-barcelona\/","name":"Emplacement Garden House Hostel Barcelona\u00ae pr\u00e8s de Metro \ud83d\ude89","isPartOf":{"@id":"https:\/\/feetuphostels.com\/fr\/#website"},"datePublished":"2017-11-28T09:45:38+00:00","dateModified":"2024-11-06T12:19:25+00:00","description":"Emplacement Garden House Hostel Barcelona \u00ae 4 p\u00e2t\u00e9s de maisons du m\u00e9tro Valldaura \ud83d\ude89, \u00e0 15 minutes du centre ville de Barcelone en m\u00e9tro, et \u00e0 10 minutes de la Rambla","inLanguage":"fr-FR","potentialAction":[{"@type":"ReadAction","target":["https:\/\/feetuphostels.com\/fr\/emplacement-garden-house-hostel-barcelona\/"]}]},{"@type":"WebSite","@id":"https:\/\/feetuphostels.com\/fr\/#website","url":"https:\/\/feetuphostels.com\/fr\/","name":"Feet Up Hostels","description":"Auberges de jeunesse et h\u00e9bergement \u00e0 Valence, Espagne. Nous sommes des sp\u00e9cialistes de la convivialit\u00e9","publisher":{"@id":"https:\/\/feetuphostels.com\/fr\/#organization"},"alternateName":"Feet Up Hostels","potentialAction":[{"@type":"SearchAction","target":{"@type":"EntryPoint","urlTemplate":"https:\/\/feetuphostels.com\/fr\/?s={search_term_string}"},"query-input":{"@type":"PropertyValueSpecification","valueRequired":true,"valueName":"search_term_string"}}],"inLanguage":"fr-FR"},{"@type":"Organization","@id":"https:\/\/feetuphostels.com\/fr\/#organization","name":"Feet Up Hostels","alternateName":"Feet Up Hostels","url":"https:\/\/feetuphostels.com\/fr\/","logo":{"@type":"ImageObject","inLanguage":"fr-FR","@id":"https:\/\/feetuphostels.com\/fr\/#\/schema\/logo\/image\/","url":"https:\/\/feetuphostels.com\/wp-content\/uploads\/2019\/01\/logo-web-amp-feetuphostels.svg","contentUrl":"https:\/\/feetuphostels.com\/wp-content\/uploads\/2019\/01\/logo-web-amp-feetuphostels.svg","width":1,"height":1,"caption":"Feet Up Hostels"},"image":{"@id":"https:\/\/feetuphostels.com\/fr\/#\/schema\/logo\/image\/"},"sameAs":["https:\/\/facebook.com\/feetuphostelsgroup","https:\/\/x.com\/feetuphostels","https:\/\/www.instagram.com\/feetuphostels\/","https:\/\/www.tiktok.com\/@feetuphostels","https:\/\/www.linkedin.com\/company\/feetuphostelsgroup\/","https:\/\/www.pinterest.es\/FeetupHostels\/","https:\/\/www.youtube.com\/feetuphostels"]}]}},"_links":{"self":[{"href":"https:\/\/feetuphostels.com\/fr\/wp-json\/wp\/v2\/pages\/5913","targetHints":{"allow":["GET"]}}],"collection":[{"href":"https:\/\/feetuphostels.com\/fr\/wp-json\/wp\/v2\/pages"}],"about":[{"href":"https:\/\/feetuphostels.com\/fr\/wp-json\/wp\/v2\/types\/page"}],"author":[{"embeddable":true,"href":"https:\/\/feetuphostels.com\/fr\/wp-json\/wp\/v2\/users\/13"}],"replies":[{"embeddable":true,"href":"https:\/\/feetuphostels.com\/fr\/wp-json\/wp\/v2\/comments?post=5913"}],"version-history":[{"count":0,"href":"https:\/\/feetuphostels.com\/fr\/wp-json\/wp\/v2\/pages\/5913\/revisions"}],"wp:attachment":[{"href":"https:\/\/feetuphostels.com\/fr\/wp-json\/wp\/v2\/media?parent=5913"}],"curies":[{"name":"wp","href":"https:\/\/api.w.org\/{rel}","templated":true}]}}