{"id":5872,"date":"2017-12-03T22:55:38","date_gmt":"2017-12-03T21:55:38","guid":{"rendered":"https:\/\/feetuphostels.com\/?page_id=5872"},"modified":"2024-11-09T12:12:28","modified_gmt":"2024-11-09T11:12:28","slug":"commentaires-home-youth-hostel-valencia","status":"publish","type":"page","link":"https:\/\/feetuphostels.com\/fr\/commentaires-home-youth-hostel-valencia\/","title":{"rendered":"Commentaires H\u00f4me Youth Hostel Valencia"},"content":{"rendered":"\n<h1 class=\"wp-block-heading has-text-align-center\" id=\"h-reviews-home-youth-hostel\">Commentaires H\u00f4me Youth Hostel<\/h1>\n\n<script src=\"https:\/\/apps.elfsight.com\/p\/platform.js\" defer=\"defer\"><\/script>\r\n<div class=\"elfsight-app-4c7e355f-973c-4263-860d-0e88df4e8ecc\"><\/div>\r\n\n<div style=\"height:30px\" aria-hidden=\"true\" class=\"wp-block-spacer\"><\/div>\n\n<h2 class=\"wp-block-heading\">A propos de Reviews H\u00f4me Youth Hostel<\/h2>\n\n<p>Bonjour, futur client de l&rsquo;Auberge de Jeunesse H\u00f4me Valencia ! T&rsquo;es-tu d\u00e9j\u00e0 demand\u00e9 pourquoi tant de voyageurs prennent le temps de partager leur exp\u00e9rience et leurs commentaires sur l&rsquo;Auberge de Jeunesse H\u00f4me ? Eh bien, il y a plusieurs raisons. Laisse-moi t&rsquo;en dire plus !<\/p>\n\n<h3 class=\"wp-block-heading\">Premi\u00e8rement .<\/h3>\n\n<p><strong>Les voyageurs veulent partager leur exp\u00e9rience.<\/strong> Qu&rsquo;ils aient appr\u00e9ci\u00e9 le confort des chambres, l&rsquo;amabilit\u00e9 du personnel ou l&#8217;emplacement dynamique au c\u0153ur de Valence, ils veulent que d&rsquo;autres sachent ce qu&rsquo;ils ont aim\u00e9 dans l&rsquo;auberge. C&rsquo;est une fa\u00e7on de r\u00e9pandre la joie !<\/p>\n\n<h3 class=\"wp-block-heading\">Deuxi\u00e8mement .<\/h3>\n\n<p><strong>Laisser un avis est une fa\u00e7on de remercier.<\/strong> Lorsqu&rsquo;un <a href=\"http:\/\/homeyouthhostel.com\/fr\/\" target=\"_blank\" rel=\"noopener\">voyageur<\/a> vit une exp\u00e9rience m\u00e9morable, le meilleur remerciement qu&rsquo;il puisse faire est parfois de partager sa satisfaction avec le monde entier. C&rsquo;est une fa\u00e7on de reconna\u00eetre les efforts de l&rsquo;\u00e9quipe de l&rsquo;Auberge de Jeunesse Le H\u00f4me !<\/p>\n\n<h3 class=\"wp-block-heading\">De plus .<\/h3>\n\n<p>Les avis sont aussi un moyen <strong>d&rsquo;aider les autres voyageurs<\/strong>. Avant de r\u00e9server un h\u00e9bergement, la plupart des gens recherchent des avis pour se faire une id\u00e9e de ce \u00e0 quoi ils peuvent s&rsquo;attendre. En partageant leurs exp\u00e9riences, les h\u00f4tes aident les autres \u00e0 prendre une d\u00e9cision \u00e9clair\u00e9e.<\/p>\n\n<h3 class=\"wp-block-heading\">Enfin .<\/h3>\n\n<p>Les commentaires et les opinions sont une forme de <strong>r\u00e9troaction constructive<\/strong>. S&rsquo;il y a quelque chose que l&rsquo;auberge pourrait am\u00e9liorer, le fait de le partager dans un commentaire peut l&rsquo;aider \u00e0 se d\u00e9velopper et \u00e0 s&rsquo;am\u00e9liorer. C&rsquo;est une fa\u00e7on de contribuer \u00e0 l&rsquo;am\u00e9lioration de l&rsquo;exp\u00e9rience pour les futurs clients !<\/p>\n\n<p>Vous l&rsquo;aurez compris, les avis des voyageurs sur H\u00f4me Youth Hostel Valencia sont bien plus que de simples commentaires. C&rsquo;est une fa\u00e7on de partager, de remercier, d&rsquo;aider et de grandir.<\/p>\n\n<p>Et toi ? Es-tu pr\u00eat \u00e0 partager ta prochaine exp\u00e9rience \u00e0 Valence ?<\/p>\n","protected":false},"excerpt":{"rendered":"<p>Reviews H\u00f4me Youth Hostel Valencia | Nice hostel and a great place to meet new people. Le personnel est super sympa et serviable. \u2764\ufe0f La fen\u00eatre de mon dortoir donnait sur le site de l&rsquo;Unesco. Le personnel \u00e9tait tr\u00e8s accueillant et a aid\u00e9 tout le monde<\/p>\n","protected":false},"author":13,"featured_media":202346,"parent":0,"menu_order":0,"comment_status":"closed","ping_status":"open","template":"","meta":{"footnotes":""},"class_list":["post-5872","page","type-page","status-publish","has-post-thumbnail","hentry"],"yoast_head":"<!-- This site is optimized with the Yoast SEO plugin v27.4 - https:\/\/yoast.com\/product\/yoast-seo-wordpress\/ -->\n<title>Commentaires Auberge de Jeunesse H\u00f4me \u00ae \u2714\ufe0fReal avis de vrais clients<\/title>\n<meta name=\"description\" content=\"Commentaires H\u00f4me Youth Hostel Valencia \u00ae Real \u2714client avec des \u00e9valuations r\u00e9elles sur le prix, la qualit\u00e9, la propret\u00e9, les installations et le prix\" \/>\n<meta name=\"robots\" content=\"index, follow, max-snippet:-1, max-image-preview:large, max-video-preview:-1\" \/>\n<link rel=\"canonical\" href=\"https:\/\/feetuphostels.com\/fr\/commentaires-home-youth-hostel-valencia\/\" \/>\n<meta property=\"og:locale\" content=\"fr_FR\" \/>\n<meta property=\"og:type\" content=\"article\" \/>\n<meta property=\"og:title\" content=\"Commentaires Auberge de Jeunesse H\u00f4me \u00ae \u2714\ufe0fReal avis de vrais clients\" \/>\n<meta property=\"og:description\" content=\"Commentaires H\u00f4me Youth Hostel Valencia \u00ae Real \u2714client avec des \u00e9valuations r\u00e9elles sur le prix, la qualit\u00e9, la propret\u00e9, les installations et le prix\" \/>\n<meta property=\"og:url\" content=\"https:\/\/feetuphostels.com\/fr\/commentaires-home-youth-hostel-valencia\/\" \/>\n<meta property=\"og:site_name\" content=\"Feet Up Hostels\" \/>\n<meta property=\"article:publisher\" content=\"https:\/\/facebook.com\/feetuphostelsgroup\" \/>\n<meta property=\"article:modified_time\" content=\"2024-11-09T11:12:28+00:00\" \/>\n<meta property=\"og:image\" content=\"https:\/\/feetuphostels.com\/wp-content\/uploads\/2022\/10\/slide-feetuphostels-homeyouth2022.jpg\" \/>\n\t<meta property=\"og:image:width\" content=\"1920\" \/>\n\t<meta property=\"og:image:height\" content=\"1080\" \/>\n\t<meta property=\"og:image:type\" content=\"image\/jpeg\" \/>\n<meta name=\"twitter:card\" content=\"summary_large_image\" \/>\n<meta name=\"twitter:site\" content=\"@feetuphostels\" \/>\n<meta name=\"twitter:label1\" content=\"Dur\u00e9e de lecture estim\u00e9e\" \/>\n\t<meta name=\"twitter:data1\" content=\"2 minutes\" \/>\n<script type=\"application\/ld+json\" class=\"yoast-schema-graph\">{\"@context\":\"https:\\\/\\\/schema.org\",\"@graph\":[{\"@type\":\"WebPage\",\"@id\":\"https:\\\/\\\/feetuphostels.com\\\/fr\\\/commentaires-home-youth-hostel-valencia\\\/\",\"url\":\"https:\\\/\\\/feetuphostels.com\\\/fr\\\/commentaires-home-youth-hostel-valencia\\\/\",\"name\":\"Commentaires Auberge de Jeunesse H\u00f4me \u00ae \u2714\ufe0fReal avis de vrais clients\",\"isPartOf\":{\"@id\":\"https:\\\/\\\/feetuphostels.com\\\/fr\\\/#website\"},\"primaryImageOfPage\":{\"@id\":\"https:\\\/\\\/feetuphostels.com\\\/fr\\\/commentaires-home-youth-hostel-valencia\\\/#primaryimage\"},\"image\":{\"@id\":\"https:\\\/\\\/feetuphostels.com\\\/fr\\\/commentaires-home-youth-hostel-valencia\\\/#primaryimage\"},\"thumbnailUrl\":\"https:\\\/\\\/feetuphostels.com\\\/wp-content\\\/uploads\\\/2022\\\/10\\\/slide-feetuphostels-homeyouth2022.jpg\",\"datePublished\":\"2017-12-03T21:55:38+00:00\",\"dateModified\":\"2024-11-09T11:12:28+00:00\",\"description\":\"Commentaires H\u00f4me Youth Hostel Valencia \u00ae Real \u2714client avec des \u00e9valuations r\u00e9elles sur le prix, la qualit\u00e9, la propret\u00e9, les installations et le prix\",\"breadcrumb\":{\"@id\":\"https:\\\/\\\/feetuphostels.com\\\/fr\\\/commentaires-home-youth-hostel-valencia\\\/#breadcrumb\"},\"inLanguage\":\"fr-FR\",\"potentialAction\":[{\"@type\":\"ReadAction\",\"target\":[\"https:\\\/\\\/feetuphostels.com\\\/fr\\\/commentaires-home-youth-hostel-valencia\\\/\"]}]},{\"@type\":\"ImageObject\",\"inLanguage\":\"fr-FR\",\"@id\":\"https:\\\/\\\/feetuphostels.com\\\/fr\\\/commentaires-home-youth-hostel-valencia\\\/#primaryimage\",\"url\":\"https:\\\/\\\/feetuphostels.com\\\/wp-content\\\/uploads\\\/2022\\\/10\\\/slide-feetuphostels-homeyouth2022.jpg\",\"contentUrl\":\"https:\\\/\\\/feetuphostels.com\\\/wp-content\\\/uploads\\\/2022\\\/10\\\/slide-feetuphostels-homeyouth2022.jpg\",\"width\":1920,\"height\":1080,\"caption\":\"Comme \u00e0 la maison, H\u00f4te Youth Hostel Valencia\"},{\"@type\":\"BreadcrumbList\",\"@id\":\"https:\\\/\\\/feetuphostels.com\\\/fr\\\/commentaires-home-youth-hostel-valencia\\\/#breadcrumb\",\"itemListElement\":[{\"@type\":\"ListItem\",\"position\":1,\"name\":\"Home\",\"item\":\"https:\\\/\\\/feetuphostels.com\\\/fr\\\/\"},{\"@type\":\"ListItem\",\"position\":2,\"name\":\"Commentaires H\u00f4me Youth Hostel Valencia\"}]},{\"@type\":\"WebSite\",\"@id\":\"https:\\\/\\\/feetuphostels.com\\\/fr\\\/#website\",\"url\":\"https:\\\/\\\/feetuphostels.com\\\/fr\\\/\",\"name\":\"Feet Up Hostels\",\"description\":\"Auberges de jeunesse et h\u00e9bergement \u00e0 Valence, Espagne. Nous sommes des sp\u00e9cialistes de la convivialit\u00e9\",\"publisher\":{\"@id\":\"https:\\\/\\\/feetuphostels.com\\\/fr\\\/#organization\"},\"alternateName\":\"Feet Up Hostels\",\"potentialAction\":[{\"@type\":\"SearchAction\",\"target\":{\"@type\":\"EntryPoint\",\"urlTemplate\":\"https:\\\/\\\/feetuphostels.com\\\/fr\\\/?s={search_term_string}\"},\"query-input\":{\"@type\":\"PropertyValueSpecification\",\"valueRequired\":true,\"valueName\":\"search_term_string\"}}],\"inLanguage\":\"fr-FR\"},{\"@type\":\"Organization\",\"@id\":\"https:\\\/\\\/feetuphostels.com\\\/fr\\\/#organization\",\"name\":\"Feet Up Hostels\",\"alternateName\":\"Feet Up Hostels\",\"url\":\"https:\\\/\\\/feetuphostels.com\\\/fr\\\/\",\"logo\":{\"@type\":\"ImageObject\",\"inLanguage\":\"fr-FR\",\"@id\":\"https:\\\/\\\/feetuphostels.com\\\/fr\\\/#\\\/schema\\\/logo\\\/image\\\/\",\"url\":\"https:\\\/\\\/feetuphostels.com\\\/wp-content\\\/uploads\\\/2019\\\/01\\\/logo-web-amp-feetuphostels.svg\",\"contentUrl\":\"https:\\\/\\\/feetuphostels.com\\\/wp-content\\\/uploads\\\/2019\\\/01\\\/logo-web-amp-feetuphostels.svg\",\"width\":1,\"height\":1,\"caption\":\"Feet Up Hostels\"},\"image\":{\"@id\":\"https:\\\/\\\/feetuphostels.com\\\/fr\\\/#\\\/schema\\\/logo\\\/image\\\/\"},\"sameAs\":[\"https:\\\/\\\/facebook.com\\\/feetuphostelsgroup\",\"https:\\\/\\\/x.com\\\/feetuphostels\",\"https:\\\/\\\/www.instagram.com\\\/feetuphostels\\\/\",\"https:\\\/\\\/www.tiktok.com\\\/@feetuphostels\",\"https:\\\/\\\/www.linkedin.com\\\/company\\\/feetuphostelsgroup\\\/\",\"https:\\\/\\\/www.pinterest.es\\\/FeetupHostels\\\/\",\"https:\\\/\\\/www.youtube.com\\\/feetuphostels\"]}]}<\/script>\n<!-- \/ Yoast SEO plugin. -->","yoast_head_json":{"title":"Commentaires Auberge de Jeunesse H\u00f4me \u00ae \u2714\ufe0fReal avis de vrais clients","description":"Commentaires H\u00f4me Youth Hostel Valencia \u00ae Real \u2714client avec des \u00e9valuations r\u00e9elles sur le prix, la qualit\u00e9, la propret\u00e9, les installations et le prix","robots":{"index":"index","follow":"follow","max-snippet":"max-snippet:-1","max-image-preview":"max-image-preview:large","max-video-preview":"max-video-preview:-1"},"canonical":"https:\/\/feetuphostels.com\/fr\/commentaires-home-youth-hostel-valencia\/","og_locale":"fr_FR","og_type":"article","og_title":"Commentaires Auberge de Jeunesse H\u00f4me \u00ae \u2714\ufe0fReal avis de vrais clients","og_description":"Commentaires H\u00f4me Youth Hostel Valencia \u00ae Real \u2714client avec des \u00e9valuations r\u00e9elles sur le prix, la qualit\u00e9, la propret\u00e9, les installations et le prix","og_url":"https:\/\/feetuphostels.com\/fr\/commentaires-home-youth-hostel-valencia\/","og_site_name":"Feet Up Hostels","article_publisher":"https:\/\/facebook.com\/feetuphostelsgroup","article_modified_time":"2024-11-09T11:12:28+00:00","og_image":[{"width":1920,"height":1080,"url":"https:\/\/feetuphostels.com\/wp-content\/uploads\/2022\/10\/slide-feetuphostels-homeyouth2022.jpg","type":"image\/jpeg"}],"twitter_card":"summary_large_image","twitter_site":"@feetuphostels","twitter_misc":{"Dur\u00e9e de lecture estim\u00e9e":"2 minutes"},"schema":{"@context":"https:\/\/schema.org","@graph":[{"@type":"WebPage","@id":"https:\/\/feetuphostels.com\/fr\/commentaires-home-youth-hostel-valencia\/","url":"https:\/\/feetuphostels.com\/fr\/commentaires-home-youth-hostel-valencia\/","name":"Commentaires Auberge de Jeunesse H\u00f4me \u00ae \u2714\ufe0fReal avis de vrais clients","isPartOf":{"@id":"https:\/\/feetuphostels.com\/fr\/#website"},"primaryImageOfPage":{"@id":"https:\/\/feetuphostels.com\/fr\/commentaires-home-youth-hostel-valencia\/#primaryimage"},"image":{"@id":"https:\/\/feetuphostels.com\/fr\/commentaires-home-youth-hostel-valencia\/#primaryimage"},"thumbnailUrl":"https:\/\/feetuphostels.com\/wp-content\/uploads\/2022\/10\/slide-feetuphostels-homeyouth2022.jpg","datePublished":"2017-12-03T21:55:38+00:00","dateModified":"2024-11-09T11:12:28+00:00","description":"Commentaires H\u00f4me Youth Hostel Valencia \u00ae Real \u2714client avec des \u00e9valuations r\u00e9elles sur le prix, la qualit\u00e9, la propret\u00e9, les installations et le prix","breadcrumb":{"@id":"https:\/\/feetuphostels.com\/fr\/commentaires-home-youth-hostel-valencia\/#breadcrumb"},"inLanguage":"fr-FR","potentialAction":[{"@type":"ReadAction","target":["https:\/\/feetuphostels.com\/fr\/commentaires-home-youth-hostel-valencia\/"]}]},{"@type":"ImageObject","inLanguage":"fr-FR","@id":"https:\/\/feetuphostels.com\/fr\/commentaires-home-youth-hostel-valencia\/#primaryimage","url":"https:\/\/feetuphostels.com\/wp-content\/uploads\/2022\/10\/slide-feetuphostels-homeyouth2022.jpg","contentUrl":"https:\/\/feetuphostels.com\/wp-content\/uploads\/2022\/10\/slide-feetuphostels-homeyouth2022.jpg","width":1920,"height":1080,"caption":"Comme \u00e0 la maison, H\u00f4te Youth Hostel Valencia"},{"@type":"BreadcrumbList","@id":"https:\/\/feetuphostels.com\/fr\/commentaires-home-youth-hostel-valencia\/#breadcrumb","itemListElement":[{"@type":"ListItem","position":1,"name":"Home","item":"https:\/\/feetuphostels.com\/fr\/"},{"@type":"ListItem","position":2,"name":"Commentaires H\u00f4me Youth Hostel Valencia"}]},{"@type":"WebSite","@id":"https:\/\/feetuphostels.com\/fr\/#website","url":"https:\/\/feetuphostels.com\/fr\/","name":"Feet Up Hostels","description":"Auberges de jeunesse et h\u00e9bergement \u00e0 Valence, Espagne. Nous sommes des sp\u00e9cialistes de la convivialit\u00e9","publisher":{"@id":"https:\/\/feetuphostels.com\/fr\/#organization"},"alternateName":"Feet Up Hostels","potentialAction":[{"@type":"SearchAction","target":{"@type":"EntryPoint","urlTemplate":"https:\/\/feetuphostels.com\/fr\/?s={search_term_string}"},"query-input":{"@type":"PropertyValueSpecification","valueRequired":true,"valueName":"search_term_string"}}],"inLanguage":"fr-FR"},{"@type":"Organization","@id":"https:\/\/feetuphostels.com\/fr\/#organization","name":"Feet Up Hostels","alternateName":"Feet Up Hostels","url":"https:\/\/feetuphostels.com\/fr\/","logo":{"@type":"ImageObject","inLanguage":"fr-FR","@id":"https:\/\/feetuphostels.com\/fr\/#\/schema\/logo\/image\/","url":"https:\/\/feetuphostels.com\/wp-content\/uploads\/2019\/01\/logo-web-amp-feetuphostels.svg","contentUrl":"https:\/\/feetuphostels.com\/wp-content\/uploads\/2019\/01\/logo-web-amp-feetuphostels.svg","width":1,"height":1,"caption":"Feet Up Hostels"},"image":{"@id":"https:\/\/feetuphostels.com\/fr\/#\/schema\/logo\/image\/"},"sameAs":["https:\/\/facebook.com\/feetuphostelsgroup","https:\/\/x.com\/feetuphostels","https:\/\/www.instagram.com\/feetuphostels\/","https:\/\/www.tiktok.com\/@feetuphostels","https:\/\/www.linkedin.com\/company\/feetuphostelsgroup\/","https:\/\/www.pinterest.es\/FeetupHostels\/","https:\/\/www.youtube.com\/feetuphostels"]}]}},"_links":{"self":[{"href":"https:\/\/feetuphostels.com\/fr\/wp-json\/wp\/v2\/pages\/5872","targetHints":{"allow":["GET"]}}],"collection":[{"href":"https:\/\/feetuphostels.com\/fr\/wp-json\/wp\/v2\/pages"}],"about":[{"href":"https:\/\/feetuphostels.com\/fr\/wp-json\/wp\/v2\/types\/page"}],"author":[{"embeddable":true,"href":"https:\/\/feetuphostels.com\/fr\/wp-json\/wp\/v2\/users\/13"}],"replies":[{"embeddable":true,"href":"https:\/\/feetuphostels.com\/fr\/wp-json\/wp\/v2\/comments?post=5872"}],"version-history":[{"count":0,"href":"https:\/\/feetuphostels.com\/fr\/wp-json\/wp\/v2\/pages\/5872\/revisions"}],"wp:featuredmedia":[{"embeddable":true,"href":"https:\/\/feetuphostels.com\/fr\/wp-json\/wp\/v2\/media\/202346"}],"wp:attachment":[{"href":"https:\/\/feetuphostels.com\/fr\/wp-json\/wp\/v2\/media?parent=5872"}],"curies":[{"name":"wp","href":"https:\/\/api.w.org\/{rel}","templated":true}]}}