{"id":4795,"date":"2017-08-29T13:06:52","date_gmt":"2017-08-29T11:06:52","guid":{"rendered":"https:\/\/feetuphostels.com\/?page_id=4795\/"},"modified":"2024-11-04T11:43:42","modified_gmt":"2024-11-04T10:43:42","slug":"politique-cookies","status":"publish","type":"page","link":"https:\/\/feetuphostels.com\/fr\/politique-cookies\/","title":{"rendered":"Politique de cookies"},"content":{"rendered":"\n<h1 class=\"has-text-align-center wp-block-heading\">Politique de cookies<\/h1>\n\n<p>Nous n&rsquo;utilisons pas de cookies pour collecter des informations aupr\u00e8s des utilisateurs. Seuls les cookies propres, les cookies de session, sont utilis\u00e9s \u00e0 des fins techniques (ceux qui permettent \u00e0 l&rsquo;utilisateur de naviguer sur le site Web et d&rsquo;utiliser les diff\u00e9rentes options et services qui y existent).<\/p>\n\n<p>Le portail dont nous sommes propri\u00e9taires contient des liens vers des sites Web tiers, dont les politiques de confidentialit\u00e9 nous sont \u00e9trang\u00e8res.<\/p>\n\n<p>En acc\u00e9dant \u00e0 ces sites Web, vous pouvez d\u00e9cider d&rsquo;accepter ou non leurs politiques de confidentialit\u00e9 et de cookies. En g\u00e9n\u00e9ral, si vous naviguez sur Internet, vous pouvez accepter ou refuser les cookies tiers \u00e0 partir des options de configuration de votre navigateur.<\/p>\n\n<h2 class=\"wp-block-heading\">A) D\u00e9finition et fonction g\u00e9n\u00e9rique des cookies.<\/h2>\n\n<p><strong>BOOKING HOSTELS S.L.<\/strong>, le propri\u00e9taire de ce site Web vous informe que des cookies et\/ou des technologies similaires sont utilis\u00e9s pour stocker et r\u00e9cup\u00e9rer des informations lorsque vous naviguez. En g\u00e9n\u00e9ral, ces technologies peuvent servir \u00e0 des fins tr\u00e8s diverses, telles que, par exemple, vous reconna\u00eetre en tant qu&rsquo;utilisateur, obtenir des informations sur vos habitudes de navigation ou personnaliser la fa\u00e7on dont le contenu est affich\u00e9. Les utilisations sp\u00e9cifiques que nous faisons de ces technologies sont d\u00e9crites ci-dessous.<\/p>\n\n<h2 class=\"wp-block-heading\">B) Information on the type of cookies used and their purpose.<\/h2>\n\n<ul class=\"wp-block-list\">\n<li><strong>Technique<\/strong>: Sont ceux n\u00e9cessaires \u00e0 la navigation et au bon fonctionnement de notre site Web. Ils permettent, par exemple, de contr\u00f4ler le trafic et la communication de donn\u00e9es, d&rsquo;acc\u00e9der \u00e0 des zones d&rsquo;acc\u00e8s restreint, d&rsquo;effectuer le processus d&rsquo;achat d&rsquo;une commande, d&rsquo;utiliser des \u00e9l\u00e9ments de s\u00e9curit\u00e9 et de stocker du contenu pour pouvoir diffuser des vid\u00e9os ou partager du contenu via les r\u00e9seaux sociaux.<\/li>\n\n\n\n<li><strong>Personnalisation: <\/strong>Ce sont ceux qui permettent \u00e0 l&rsquo;utilisateur d&rsquo;acc\u00e9der au service avec des caract\u00e9ristiques pr\u00e9d\u00e9finies bas\u00e9es sur une s\u00e9rie de crit\u00e8res, tels que la langue, le type de navigateur via lequel le service est accessible et la configuration r\u00e9gionale \u00e0 partir de laquelle il est accessible. au service etc.<\/li>\n\n\n\n<li><strong>Analyse:<\/strong> Sont ceux qui, trait\u00e9s par nous ou par des tiers, nous permettent de quantifier le nombre d&rsquo;utilisateurs et ainsi d&rsquo;effectuer la mesure et l&rsquo;analyse statistique de l&rsquo;utilisation faite par les utilisateurs du service offert. Pour cela, votre navigation sur notre site est analys\u00e9e afin d&rsquo;am\u00e9liorer l&rsquo;offre de produits ou services que nous vous proposons.<\/li>\n\n\n\n<li><strong>Publicit\u00e9:<\/strong> Ce sont ceux qui permettent la gestion, de la mani\u00e8re la plus efficace possible, des espaces publicitaires qui pourraient \u00eatre inclus dans notre site Web.<\/li>\n\n\n\n<li><strong>Publicit\u00e9 comportementale:<\/strong> Sont ceux qui, trait\u00e9s par nous ou par des tiers, nous permettent d&rsquo;analyser vos habitudes de navigation sur Internet afin que nous puissions vous montrer des publicit\u00e9s li\u00e9es \u00e0 votre profil de navigation.<\/li>\n<\/ul>\n\n<script type=\"text\/javascript\" charset=\"UTF-8\" data-cookiescriptreport=\"report\" src=\"\/\/report.cookie-script.com\/r\/8f64dbd65beef1842d18e6c7f3637b72.js\"><\/script>\n\n<h2 class=\"wp-block-heading\">C) Identification de qui utilise les cookies.<\/h2>\n\n<p>Les informations obtenues par les cookies ne peuvent \u00eatre trait\u00e9es que par l&rsquo;\u00e9diteur et \/ ou \u00e9galement par des tiers avec lesquels notre \u00e9diteur a contract\u00e9 pour fournir un service pour lequel l&rsquo;utilisation de cookies est requise:<\/p>\n\n<ul class=\"wp-block-list\">\n<li><strong>Propres Cookies:<\/strong> Ce sont ceux qui sont envoy\u00e9s sur votre ordinateur \u00e0 partir de nos propres ordinateurs ou domaines et \u00e0 partir desquels nous fournissons le service que vous demandez.<\/li>\n\n\n\n<li><strong>Cookies de tiers:<\/strong> Ce sont ceux qui appartiennent et sont g\u00e9r\u00e9s par une entit\u00e9 collaboratrice tierce, qu&rsquo;ils soient envoy\u00e9s par nos propres \u00e9quipes ou par celles de l&rsquo;entit\u00e9 collaboratrice elle-m\u00eame. Tels que, par exemple, ceux utilis\u00e9s par les r\u00e9seaux sociaux, ou par des contenus externes tels que Google Maps, qui permettent de quantifier le nombre d&rsquo;utilisateurs et ainsi d&rsquo;effectuer la mesure et l&rsquo;analyse statistique de l&rsquo;utilisation faite par les utilisateurs du service offert. Pour cela, votre navigation sur notre site est analys\u00e9e afin d&rsquo;am\u00e9liorer l&rsquo;offre de produits ou services que nous vous proposons. + Rencontrez les tiers <a href=\"https:\/\/www.reinventalia.com\/\" target=\"_blank\" rel=\"noopener\">www.reinventalia.com<\/a>.<\/li>\n<\/ul>\n\n<h2 class=\"wp-block-heading\">D) P\u00e9riode de conservation.<\/h2>\n\n<ul class=\"wp-block-list\">\n<li>Cookies de Session: Til s&rsquo;agit de cookies temporaires qui restent dans le fichier cookie de votre navigateur jusqu&rsquo;\u00e0 ce que l&rsquo;utilisateur quitte la page Web, de sorte qu&rsquo;aucun d&rsquo;entre eux n&rsquo;est enregistr\u00e9 sur le disque dur de votre ordinateur. Les informations obtenues gr\u00e2ce \u00e0 ces cookies sont utilis\u00e9es pour analyser les mod\u00e8les de trafic sur le site Web. En fin de compte, cela nous permet de fournir une meilleure exp\u00e9rience pour am\u00e9liorer le contenu et le rendre plus facile \u00e0 utiliser.<\/li>\n\n\n\n<li>Cookies persistants: ils sont stock\u00e9s sur le disque dur et notre site Web les lit chaque fois que l&rsquo;utilisateur effectue une nouvelle visite. Un cookie permanent a une certaine date d&rsquo;expiration. Le cookie cessera de fonctionner apr\u00e8s cette date. Nous utilisons ces cookies, en g\u00e9n\u00e9ral, pour faciliter l&rsquo;achat et l&rsquo;enregistrement<\/li>\n<\/ul>\n\n<p>Les donn\u00e9es obtenues \u00e0 partir de ces deux types de cookies seront conserv\u00e9es comme indiqu\u00e9 dans la politique de confidentialit\u00e9 de notre site web: <a href=\"https:\/\/feetuphostels.com\/fr\/\">https:\/\/feetuphostels.com\/<\/a>.&#13;\n<div id=\"gtx-trans\" style=\"position: absolute; left: -9px; top: 38px;\">&#13;\n<div class=\"gtx-trans-icon\"><\/div>&#13;\n<\/div><\/p>\n\n<h2 class=\"wp-block-heading\">E) Activation, restriction et \/ ou d\u00e9sactivation des cookies.<\/h2>\n\n<p>Vous pouvez autoriser ou bloquer les cookies, ainsi que supprimer vos donn\u00e9es de navigation (y compris les cookies) du navigateur que vous utilisez. V\u00e9rifiez les options et les instructions offertes par votre navigateur pour cela. Veuillez noter que si vous acceptez les cookies tiers, vous devez les supprimer des options de votre navigateur.<\/p>\n\n<h2 class=\"wp-block-heading\">F) Nous n&rsquo;effectuons pas de transferts de donn\u00e9es vers des pays tiers effectu\u00e9s par l&rsquo;\u00e9diteur.<\/h2>\n\n<p>Vous pouvez vous renseigner sur les transferts vers des pays tiers qui, le cas \u00e9ch\u00e9ant, sont effectu\u00e9s par les tiers identifi\u00e9s dans cette politique de cookies dans leurs politiques correspondantes (voir les liens fournis dans la section \u201cCookies tiers\u201d).<\/p>\n\n<h2 class=\"wp-block-heading\">G) La pr\u00e9paration des profils.<\/h2>\n\n<p>Nous ne cr\u00e9ons pas de profils.<\/p>\n\n<h2 class=\"wp-block-heading\">H) Autres informations.<\/h2>\n\n<p>En ce qui concerne le reste des informations requises par l&rsquo;article 13 RGPD, vous pouvez les consulter ici <a href=\"http:\/\/www.reinventalia.com\" target=\"_blank\" rel=\"noopener\">www.reinventalia.com<\/a><\/p>\n","protected":false},"excerpt":{"rendered":"<p>Politique de cookies par Feet Up Hostels. Notre site Web utilise des cookies pour am\u00e9liorer l&rsquo;exp\u00e9rience des utilisateurs, facilitant la navigation sur notre site Web. BOOKING HOSTELS S. L. Propri\u00e9taire de ce site Web informe que des cookies et \/ ou des technologies similaires qui stockent et r\u00e9cup\u00e8rent des informations lorsque vous naviguez sont utilis\u00e9s. En g\u00e9n\u00e9ral, ces technologies peuvent servir des objectifs tr\u00e8s diff\u00e9rents, tels que vous reconna\u00eetre en tant qu&rsquo;utilisateur, obtenir des informations sur vos habitudes de navigation ou personnaliser la fa\u00e7on dont le contenu est affich\u00e9. Les utilisations sp\u00e9cifiques que nous faisons de ces technologies sont d\u00e9crites ci-dessous.<\/p>\n","protected":false},"author":13,"featured_media":205890,"parent":0,"menu_order":0,"comment_status":"closed","ping_status":"closed","template":"","meta":{"footnotes":""},"class_list":["post-4795","page","type-page","status-publish","has-post-thumbnail","hentry"],"yoast_head":"<!-- This site is optimized with the Yoast SEO plugin v27.3 - https:\/\/yoast.com\/product\/yoast-seo-wordpress\/ -->\n<title>Politique de cookies par Feet Up Hostels Espagne https:\/\/feetuphostels.com<\/title>\n<meta name=\"description\" content=\"Politique de cookies par Feet Up Hostels. Notre site Web utilise des cookies pour am\u00e9liorer l&#039;exp\u00e9rience des utilisateurs, facilitant la navigation sur notre site Web\" \/>\n<meta name=\"robots\" content=\"index, follow, max-snippet:-1, max-image-preview:large, max-video-preview:-1\" \/>\n<link rel=\"canonical\" href=\"https:\/\/feetuphostels.com\/fr\/politique-cookies\/\" \/>\n<meta property=\"og:locale\" content=\"fr_FR\" \/>\n<meta property=\"og:type\" content=\"article\" \/>\n<meta property=\"og:title\" content=\"Politique de cookies par Feet Up Hostels Espagne https:\/\/feetuphostels.com\" \/>\n<meta property=\"og:description\" content=\"Politique de cookies par Feet Up Hostels. Notre site Web utilise des cookies pour am\u00e9liorer l&#039;exp\u00e9rience des utilisateurs, facilitant la navigation sur notre site Web\" \/>\n<meta property=\"og:url\" content=\"https:\/\/feetuphostels.com\/fr\/politique-cookies\/\" \/>\n<meta property=\"og:site_name\" content=\"Feet Up Hostels\" \/>\n<meta property=\"article:publisher\" content=\"https:\/\/facebook.com\/feetuphostelsgroup\" \/>\n<meta property=\"article:modified_time\" content=\"2024-11-04T10:43:42+00:00\" \/>\n<meta property=\"og:image\" content=\"https:\/\/feetuphostels.com\/wp-content\/uploads\/2022\/12\/privacy-policy.jpg\" \/>\n\t<meta property=\"og:image:width\" content=\"810\" \/>\n\t<meta property=\"og:image:height\" content=\"350\" \/>\n\t<meta property=\"og:image:type\" content=\"image\/jpeg\" \/>\n<meta name=\"twitter:card\" content=\"summary_large_image\" \/>\n<meta name=\"twitter:site\" content=\"@feetuphostels\" \/>\n<meta name=\"twitter:label1\" content=\"Dur\u00e9e de lecture estim\u00e9e\" \/>\n\t<meta name=\"twitter:data1\" content=\"5 minutes\" \/>\n<script type=\"application\/ld+json\" class=\"yoast-schema-graph\">{\"@context\":\"https:\\\/\\\/schema.org\",\"@graph\":[{\"@type\":\"WebPage\",\"@id\":\"https:\\\/\\\/feetuphostels.com\\\/fr\\\/politique-cookies\\\/\",\"url\":\"https:\\\/\\\/feetuphostels.com\\\/fr\\\/politique-cookies\\\/\",\"name\":\"Politique de cookies par Feet Up Hostels Espagne https:\\\/\\\/feetuphostels.com\",\"isPartOf\":{\"@id\":\"https:\\\/\\\/feetuphostels.com\\\/fr\\\/#website\"},\"primaryImageOfPage\":{\"@id\":\"https:\\\/\\\/feetuphostels.com\\\/fr\\\/politique-cookies\\\/#primaryimage\"},\"image\":{\"@id\":\"https:\\\/\\\/feetuphostels.com\\\/fr\\\/politique-cookies\\\/#primaryimage\"},\"thumbnailUrl\":\"https:\\\/\\\/feetuphostels.com\\\/wp-content\\\/uploads\\\/2022\\\/12\\\/privacy-policy.jpg\",\"datePublished\":\"2017-08-29T11:06:52+00:00\",\"dateModified\":\"2024-11-04T10:43:42+00:00\",\"description\":\"Politique de cookies par Feet Up Hostels. Notre site Web utilise des cookies pour am\u00e9liorer l'exp\u00e9rience des utilisateurs, facilitant la navigation sur notre site Web\",\"breadcrumb\":{\"@id\":\"https:\\\/\\\/feetuphostels.com\\\/fr\\\/politique-cookies\\\/#breadcrumb\"},\"inLanguage\":\"fr-FR\",\"potentialAction\":[{\"@type\":\"ReadAction\",\"target\":[\"https:\\\/\\\/feetuphostels.com\\\/fr\\\/politique-cookies\\\/\"]}]},{\"@type\":\"ImageObject\",\"inLanguage\":\"fr-FR\",\"@id\":\"https:\\\/\\\/feetuphostels.com\\\/fr\\\/politique-cookies\\\/#primaryimage\",\"url\":\"https:\\\/\\\/feetuphostels.com\\\/wp-content\\\/uploads\\\/2022\\\/12\\\/privacy-policy.jpg\",\"contentUrl\":\"https:\\\/\\\/feetuphostels.com\\\/wp-content\\\/uploads\\\/2022\\\/12\\\/privacy-policy.jpg\",\"width\":810,\"height\":350,\"caption\":\"Politique de confidentialit\u00e9 de Feet Up Hostels\"},{\"@type\":\"BreadcrumbList\",\"@id\":\"https:\\\/\\\/feetuphostels.com\\\/fr\\\/politique-cookies\\\/#breadcrumb\",\"itemListElement\":[{\"@type\":\"ListItem\",\"position\":1,\"name\":\"Home\",\"item\":\"https:\\\/\\\/feetuphostels.com\\\/fr\\\/\"},{\"@type\":\"ListItem\",\"position\":2,\"name\":\"Politique de cookies\"}]},{\"@type\":\"WebSite\",\"@id\":\"https:\\\/\\\/feetuphostels.com\\\/fr\\\/#website\",\"url\":\"https:\\\/\\\/feetuphostels.com\\\/fr\\\/\",\"name\":\"Feet Up Hostels\",\"description\":\"Auberges de jeunesse et h\u00e9bergement \u00e0 Valence, Espagne. Nous sommes des sp\u00e9cialistes de la convivialit\u00e9\",\"publisher\":{\"@id\":\"https:\\\/\\\/feetuphostels.com\\\/fr\\\/#organization\"},\"alternateName\":\"Feet Up Hostels\",\"potentialAction\":[{\"@type\":\"SearchAction\",\"target\":{\"@type\":\"EntryPoint\",\"urlTemplate\":\"https:\\\/\\\/feetuphostels.com\\\/fr\\\/?s={search_term_string}\"},\"query-input\":{\"@type\":\"PropertyValueSpecification\",\"valueRequired\":true,\"valueName\":\"search_term_string\"}}],\"inLanguage\":\"fr-FR\"},{\"@type\":\"Organization\",\"@id\":\"https:\\\/\\\/feetuphostels.com\\\/fr\\\/#organization\",\"name\":\"Feet Up Hostels\",\"alternateName\":\"Feet Up Hostels\",\"url\":\"https:\\\/\\\/feetuphostels.com\\\/fr\\\/\",\"logo\":{\"@type\":\"ImageObject\",\"inLanguage\":\"fr-FR\",\"@id\":\"https:\\\/\\\/feetuphostels.com\\\/fr\\\/#\\\/schema\\\/logo\\\/image\\\/\",\"url\":\"https:\\\/\\\/feetuphostels.com\\\/wp-content\\\/uploads\\\/2019\\\/01\\\/logo-web-amp-feetuphostels.svg\",\"contentUrl\":\"https:\\\/\\\/feetuphostels.com\\\/wp-content\\\/uploads\\\/2019\\\/01\\\/logo-web-amp-feetuphostels.svg\",\"width\":1,\"height\":1,\"caption\":\"Feet Up Hostels\"},\"image\":{\"@id\":\"https:\\\/\\\/feetuphostels.com\\\/fr\\\/#\\\/schema\\\/logo\\\/image\\\/\"},\"sameAs\":[\"https:\\\/\\\/facebook.com\\\/feetuphostelsgroup\",\"https:\\\/\\\/x.com\\\/feetuphostels\",\"https:\\\/\\\/www.instagram.com\\\/feetuphostels\\\/\",\"https:\\\/\\\/www.tiktok.com\\\/@feetuphostels\",\"https:\\\/\\\/www.linkedin.com\\\/company\\\/feetuphostelsgroup\\\/\",\"https:\\\/\\\/www.pinterest.es\\\/FeetupHostels\\\/\",\"https:\\\/\\\/www.youtube.com\\\/feetuphostels\"]}]}<\/script>\n<!-- \/ Yoast SEO plugin. -->","yoast_head_json":{"title":"Politique de cookies par Feet Up Hostels Espagne https:\/\/feetuphostels.com","description":"Politique de cookies par Feet Up Hostels. Notre site Web utilise des cookies pour am\u00e9liorer l'exp\u00e9rience des utilisateurs, facilitant la navigation sur notre site Web","robots":{"index":"index","follow":"follow","max-snippet":"max-snippet:-1","max-image-preview":"max-image-preview:large","max-video-preview":"max-video-preview:-1"},"canonical":"https:\/\/feetuphostels.com\/fr\/politique-cookies\/","og_locale":"fr_FR","og_type":"article","og_title":"Politique de cookies par Feet Up Hostels Espagne https:\/\/feetuphostels.com","og_description":"Politique de cookies par Feet Up Hostels. Notre site Web utilise des cookies pour am\u00e9liorer l'exp\u00e9rience des utilisateurs, facilitant la navigation sur notre site Web","og_url":"https:\/\/feetuphostels.com\/fr\/politique-cookies\/","og_site_name":"Feet Up Hostels","article_publisher":"https:\/\/facebook.com\/feetuphostelsgroup","article_modified_time":"2024-11-04T10:43:42+00:00","og_image":[{"width":810,"height":350,"url":"https:\/\/feetuphostels.com\/wp-content\/uploads\/2022\/12\/privacy-policy.jpg","type":"image\/jpeg"}],"twitter_card":"summary_large_image","twitter_site":"@feetuphostels","twitter_misc":{"Dur\u00e9e de lecture estim\u00e9e":"5 minutes"},"schema":{"@context":"https:\/\/schema.org","@graph":[{"@type":"WebPage","@id":"https:\/\/feetuphostels.com\/fr\/politique-cookies\/","url":"https:\/\/feetuphostels.com\/fr\/politique-cookies\/","name":"Politique de cookies par Feet Up Hostels Espagne https:\/\/feetuphostels.com","isPartOf":{"@id":"https:\/\/feetuphostels.com\/fr\/#website"},"primaryImageOfPage":{"@id":"https:\/\/feetuphostels.com\/fr\/politique-cookies\/#primaryimage"},"image":{"@id":"https:\/\/feetuphostels.com\/fr\/politique-cookies\/#primaryimage"},"thumbnailUrl":"https:\/\/feetuphostels.com\/wp-content\/uploads\/2022\/12\/privacy-policy.jpg","datePublished":"2017-08-29T11:06:52+00:00","dateModified":"2024-11-04T10:43:42+00:00","description":"Politique de cookies par Feet Up Hostels. Notre site Web utilise des cookies pour am\u00e9liorer l'exp\u00e9rience des utilisateurs, facilitant la navigation sur notre site Web","breadcrumb":{"@id":"https:\/\/feetuphostels.com\/fr\/politique-cookies\/#breadcrumb"},"inLanguage":"fr-FR","potentialAction":[{"@type":"ReadAction","target":["https:\/\/feetuphostels.com\/fr\/politique-cookies\/"]}]},{"@type":"ImageObject","inLanguage":"fr-FR","@id":"https:\/\/feetuphostels.com\/fr\/politique-cookies\/#primaryimage","url":"https:\/\/feetuphostels.com\/wp-content\/uploads\/2022\/12\/privacy-policy.jpg","contentUrl":"https:\/\/feetuphostels.com\/wp-content\/uploads\/2022\/12\/privacy-policy.jpg","width":810,"height":350,"caption":"Politique de confidentialit\u00e9 de Feet Up Hostels"},{"@type":"BreadcrumbList","@id":"https:\/\/feetuphostels.com\/fr\/politique-cookies\/#breadcrumb","itemListElement":[{"@type":"ListItem","position":1,"name":"Home","item":"https:\/\/feetuphostels.com\/fr\/"},{"@type":"ListItem","position":2,"name":"Politique de cookies"}]},{"@type":"WebSite","@id":"https:\/\/feetuphostels.com\/fr\/#website","url":"https:\/\/feetuphostels.com\/fr\/","name":"Feet Up Hostels","description":"Auberges de jeunesse et h\u00e9bergement \u00e0 Valence, Espagne. Nous sommes des sp\u00e9cialistes de la convivialit\u00e9","publisher":{"@id":"https:\/\/feetuphostels.com\/fr\/#organization"},"alternateName":"Feet Up Hostels","potentialAction":[{"@type":"SearchAction","target":{"@type":"EntryPoint","urlTemplate":"https:\/\/feetuphostels.com\/fr\/?s={search_term_string}"},"query-input":{"@type":"PropertyValueSpecification","valueRequired":true,"valueName":"search_term_string"}}],"inLanguage":"fr-FR"},{"@type":"Organization","@id":"https:\/\/feetuphostels.com\/fr\/#organization","name":"Feet Up Hostels","alternateName":"Feet Up Hostels","url":"https:\/\/feetuphostels.com\/fr\/","logo":{"@type":"ImageObject","inLanguage":"fr-FR","@id":"https:\/\/feetuphostels.com\/fr\/#\/schema\/logo\/image\/","url":"https:\/\/feetuphostels.com\/wp-content\/uploads\/2019\/01\/logo-web-amp-feetuphostels.svg","contentUrl":"https:\/\/feetuphostels.com\/wp-content\/uploads\/2019\/01\/logo-web-amp-feetuphostels.svg","width":1,"height":1,"caption":"Feet Up Hostels"},"image":{"@id":"https:\/\/feetuphostels.com\/fr\/#\/schema\/logo\/image\/"},"sameAs":["https:\/\/facebook.com\/feetuphostelsgroup","https:\/\/x.com\/feetuphostels","https:\/\/www.instagram.com\/feetuphostels\/","https:\/\/www.tiktok.com\/@feetuphostels","https:\/\/www.linkedin.com\/company\/feetuphostelsgroup\/","https:\/\/www.pinterest.es\/FeetupHostels\/","https:\/\/www.youtube.com\/feetuphostels"]}]}},"_links":{"self":[{"href":"https:\/\/feetuphostels.com\/fr\/wp-json\/wp\/v2\/pages\/4795","targetHints":{"allow":["GET"]}}],"collection":[{"href":"https:\/\/feetuphostels.com\/fr\/wp-json\/wp\/v2\/pages"}],"about":[{"href":"https:\/\/feetuphostels.com\/fr\/wp-json\/wp\/v2\/types\/page"}],"author":[{"embeddable":true,"href":"https:\/\/feetuphostels.com\/fr\/wp-json\/wp\/v2\/users\/13"}],"replies":[{"embeddable":true,"href":"https:\/\/feetuphostels.com\/fr\/wp-json\/wp\/v2\/comments?post=4795"}],"version-history":[{"count":0,"href":"https:\/\/feetuphostels.com\/fr\/wp-json\/wp\/v2\/pages\/4795\/revisions"}],"wp:featuredmedia":[{"embeddable":true,"href":"https:\/\/feetuphostels.com\/fr\/wp-json\/wp\/v2\/media\/205890"}],"wp:attachment":[{"href":"https:\/\/feetuphostels.com\/fr\/wp-json\/wp\/v2\/media?parent=4795"}],"curies":[{"name":"wp","href":"https:\/\/api.w.org\/{rel}","templated":true}]}}