{"id":220289,"date":"2024-03-28T11:24:58","date_gmt":"2024-03-28T10:24:58","guid":{"rendered":"https:\/\/feetuphostels.com\/page-daccueil\/"},"modified":"2024-11-01T16:03:41","modified_gmt":"2024-11-01T15:03:41","slug":"page-daccueil","status":"publish","type":"page","link":"https:\/\/feetuphostels.com\/fr\/","title":{"rendered":"Feet Up Hostels"},"content":{"rendered":"\n<h1 class=\"wp-block-heading\" id=\"h-feet-up-hostels-spain\">Auberges de Jeunesse Feet Up Espagne<\/h1>\n\n<h2 class=\"wp-block-heading\" id=\"h-we-have-hostels-in-the-best-cities-of-spain-book-now-in-barcelona-valencia-and-sevilla\">Nous avons des Auberges dans les meilleures villes d\u2019Espagne&#13;\nR\u00e9serve <a href=\"https:\/\/feetuphostels.com\/fr\/auberges-jeunesse-barcelona\/\">\u00e0 Barcelone<\/a>, <a href=\"https:\/\/feetuphostels.com\/fr\/auberges-jeunesse-valence\/\">Valence<\/a> and <a href=\"https:\/\/feetuphostels.com\/fr\/auberges-jeunesse-seville\/\">S\u00e9ville<\/a><\/h2>\n\n<h2 class=\"wp-block-heading\" id=\"h-feet-up-hostels-who-are-we\">Feet Up Hostels, qui sommes-nous ?<\/h2>\n\n<p>Nous cherchons \u00e0 \u00eatre l&rsquo;entreprise leader dans la gestion et la gestion d&rsquo;h\u00e9bergements touristiques \u00e0 bas prix, \u00e0 la fois au niveau national et international, cr\u00e9ant constamment des valeurs ajout\u00e9es pour nos clients, investisseurs, collaborateurs et employ\u00e9s, obtenant de meilleurs rendements financiers et une r\u00e9mun\u00e9ration rapide des investissements.<\/p>\n\n<p>Nos <strong>sp\u00e9cialistes de la convivialit\u00e9<\/strong> et nos plus de 10 ans de croissance constante nous soutiennent et nous permettent d&rsquo;affirmer que nos piliers sont bas\u00e9s sur l&rsquo;\u00e9thique, l&rsquo;engagement et la confiance. Ce sont ces piliers qui nous am\u00e8nent \u00e0 atteindre tous les objectifs que nous entreprenons.<\/p>\n\n<h3 class=\"wp-block-heading\" id=\"h-garden-house-nbsp-hostel-barcelona-by-feet-up-hostels\"><a href=\"https:\/\/feetuphostels.com\/fr\/garden-house-auberge-barcelona\/\">Garden House<\/a>\u00a0<a href=\"https:\/\/feetuphostels.com\/fr\/auberges-jeunesse-barcelona\/\">Hostel Barcelona<\/a> by Feet Up Hostels<\/h3>\n\n<p>Il est situ\u00e9 dans le quartier r\u00e9sidentiel de Valldaura et tr\u00e8s proche de la station de m\u00e9tro du m\u00eame nom, la ligne 3 du m\u00e9tro de Barcelone, qui va directement au Passeig de Gracia et parall\u00e8le. Notre groupe garantit la qualit\u00e9 des installations et la bonne ambiance qui est cr\u00e9\u00e9e dans l\u2019espace commun du jardin.<\/p>\n\n<ul class=\"wp-block-list\">\n<li>Avec des chambres partag\u00e9es.<\/li>\n\n\n\n<li>Avec un jardin vert \u00e0 partager avec vos amis.<\/li>\n\n\n\n<li><strong>WIFI gratuit dans toute l\u2019auberge, donc vous \u00eates toujours connect\u00e9.<\/strong><\/li>\n\n\n\n<li>Terrasse sup\u00e9rieure et une atmosph\u00e8re imbattable.<\/li>\n<\/ul>\n\n<p><\/p>\n\n<h3 class=\"wp-block-heading\" id=\"h-yellow-nest-nbsp-hostel-barcelona-by-feet-up-hostels\"><a href=\"https:\/\/feetuphostels.com\/fr\/yellow-nest-auberge-barcelona\/\">Yellow Nest<\/a>\u00a0<a href=\"https:\/\/feetuphostels.com\/fr\/auberges-jeunesse-barcelona\/\">Hostel Barcelona<\/a> by Feet Up Hostels<\/h3>\n\n<p>Si vous aimez le football et vous \u00eates aussi un fan de Bar\u00e7a, cette auberge que vous aimerez, car il est \u00e0 seulement 3 minutes de marche et 2 p\u00e2t\u00e9s de rues du c\u00e9l\u00e8bre stade de football Camp Nou de Barcelona. Il a diff\u00e9rents types de chambres, vous pouvez choisir entre les chambres partag\u00e9es avec des d\u00e9corations color\u00e9es.<\/p>\n\n<ul class=\"wp-block-list\">\n<li>Avec une terrasse sup\u00e9rieure.<\/li>\n\n\n\n<li>R\u00e9ception 24h\/24.<\/li>\n\n\n\n<li>Grandes chambres (partag\u00e9es, m\u00e9lang\u00e9es ou juste des filles).<\/li>\n\n\n\n<li><strong>Chambres priv\u00e9es pour les familles.<\/strong><\/li>\n<\/ul>\n\n<p><\/p>\n\n<h3 class=\"wp-block-heading\" id=\"h-purple-nest-nbsp-hostel-valencia\"><a href=\"https:\/\/feetuphostels.com\/fr\/purple-nest-hostel-valence\/\">Purple Nest<\/a>\u00a0<a href=\"https:\/\/feetuphostels.com\/fr\/auberges-jeunesse-valence\/\">Hostel Valencia<\/a><\/h3>\n\n<p>Avec diff\u00e9rents types de chambres adapt\u00e9es \u00e0 tous vos besoins\u00a0<strong>centre de Valence<\/strong>. Chambres partag\u00e9es avec des conceptions simples et color\u00e9es qui vous donnera une atmosph\u00e8re chaleureuse lors de votre visite \u00e0 Valence.\u00a0<strong>Feetup Auberges<\/strong>\u00a0garantit la qualit\u00e9 des installations de la Purple Nest Hostel \u00e0 Valence.<\/p>\n\n<ul class=\"wp-block-list\">\n<li>Air conditionn\u00e9 pour l\u2019\u00e9t\u00e9.<\/li>\n\n\n\n<li>Chauffage pour l\u2019hiver.<\/li>\n\n\n\n<li>Casiers priv\u00e9s et salle de bains partag\u00e9e avec s\u00e8che-cheveux.<\/li>\n\n\n\n<li>Bar. Yes, we have our own Bar in the Hostel\u00a0\ud83d\ude01<\/li>\n<\/ul>\n\n<p><\/p>\n\n<h3 class=\"wp-block-heading\" id=\"h-red-nest-nbsp-hostel-valencia\"><a href=\"\/?page_id=1259\">Red Nest<\/a>\u00a0<a href=\"https:\/\/feetuphostels.com\/fr\/auberges-jeunesse-valence\/\">Hostel Valencia<\/a><\/h3>\n\n<p>The modern and centrally located Red Nest Hostel can be found on the famous Calle La Pau (Calle la Paz) in Valencia, a 5 minute walk from the Col\u00f3n metro station and 7 minutes from the Central train station (North station). It has lockers in the rooms, bedding and WiFi in all facilities.<\/p>\n\n<ul class=\"wp-block-list\">\n<li>Common area, to meet people and make new friends.<\/li>\n\n\n\n<li>Free map so you can move around Valencia.<\/li>\n\n\n\n<li><strong>Always the best price in Valencia.<\/strong><\/li>\n\n\n\n<li>The hyper friendly receptionist (according to the reviews at Booking.com) \ud83d\ude09<\/li>\n<\/ul>\n\n<p><\/p>\n\n<h3 class=\"wp-block-heading\"><a href=\"https:\/\/feetuphostels.com\/fr\/home-youth-auberge-valencia\/\">H\u00f4me Youth<\/a>\u00a0<a href=\"https:\/\/feetuphostels.com\/fr\/auberges-jeunesse-valence\/\">Hostel Valencia<\/a><\/h3>\n\n<p>One of the best known and famous hostels in Valencia. Located in the city centre and only 5 minutes walk from the train station (North station). The perfect hostel for young travellers who don\u2019t mind sharing their trip with other travelers. It is part of\u00a0<strong>Feet Up Group<\/strong>.<\/p>\n\n<ul class=\"wp-block-list\">\n<li>Near the bus station in Valencia.<\/li>\n\n\n\n<li>Fully equipped kitchen.<\/li>\n\n\n\n<li>Private rooms for couples and other types of rooms.<\/li>\n\n\n\n<li>Behind the\u00a0<a href=\"\/?p=1963\">famous Lonja de la Seda in Valencia<\/a><\/li>\n<\/ul>\n\n<p><\/p>\n\n<h3 class=\"wp-block-heading\" id=\"h-home-backpackers-nbsp-hostel-valencia\"><a href=\"https:\/\/feetuphostels.com\/fr\/home-backpackers-auberge-valencia\/\">H\u00f4me Backpackers<\/a>\u00a0<a href=\"https:\/\/feetuphostels.com\/fr\/auberges-jeunesse-valence\/\">Hostel Valencia<\/a><\/h3>\n\n<p>Hostel that is part of the group\u00a0<a href=\"https:\/\/www.homehostelsvalencia.com\/\" target=\"_blank\" rel=\"noreferrer noopener\">H\u00f4me hostels Valencia<\/a>\u00a0and is located in the mythical and central Barrio el Carmen de Valencia, from where you can walk to almost any tourist place in the city. It has a common area and is distributed on 4 floors with rooms of different characteristics:<\/p>\n\n<ul class=\"wp-block-list\">\n<li>Private rooms with bathroom inside.<\/li>\n\n\n\n<li>Rooms with shared beds.<\/li>\n\n\n\n<li>Rooms exclusively for families.<\/li>\n\n\n\n<li>Rooms designed for groups of\u00a0<a href=\"https:\/\/feetuphostels.com\/fr\/reservation-de-groupe\/\" target=\"_blank\" rel=\"noreferrer noopener\">different sizes<\/a>.<\/li>\n<\/ul>\n\n<p><\/p>\n\n<h3 class=\"wp-block-heading\" id=\"h-samay-hostel-nbsp-sevilla\"><a href=\"https:\/\/feetuphostels.com\/samay-hostel-seville\/\" target=\"_blank\" rel=\"noreferrer noopener\">Samay Hostel<\/a>\u00a0<a href=\"https:\/\/feetuphostels.com\/fr\/auberges-jeunesse-seville\/\" target=\"_blank\" rel=\"noreferrer noopener\">Sevilla<\/a><\/h3>\n\n<p>This hostel is located on the well-known Avenida Menendez Pelayo in Seville, a short walk away from the centre of Seville.<\/p>\n\n<ul class=\"wp-block-list\">\n<li>Private rooms for couples and other types of rooms.<\/li>\n\n\n\n<li>Free Wifi throughout the Hostel.<\/li>\n\n\n\n<li>Rooftop terrace.<\/li>\n\n\n\n<li>Multilingual staff.<\/li>\n<\/ul>\n\n<p>This hostel is not currently part of the Feet Up hostels group, but we still recommend you to stay with them in Seville \ud83d\ude09<\/p>\n\n<p><\/p>\n\n<h3 class=\"wp-block-heading\" id=\"h-hostels-for-groups-group-bookings\"><a href=\"https:\/\/feetuphostels.com\/fr\/reservation-de-groupe\/\" target=\"_blank\" rel=\"noreferrer noopener\">Hostels for groups \u2013 Group Bookings<\/a><\/h3>\n\n<p>All our hostels have perfectly adapted facilities to manage and accommodate different types of traveller groups:<\/p>\n\n<ul class=\"wp-block-list\">\n<li>Groups of friends visiting\u00a0<a href=\"https:\/\/travelingroup.com\/hostels-for-groups-valencia\/\" target=\"_blank\" rel=\"noreferrer noopener\">Valencia<\/a>.<\/li>\n\n\n\n<li>Sports groups Visiting\u00a0<a href=\"https:\/\/travelingroup.com\/hostels-for-groups-barcelona\/\" target=\"_blank\" rel=\"noreferrer noopener\">Barcelona<\/a>.<\/li>\n\n\n\n<li>School groups visiting Valencia.<\/li>\n\n\n\n<li>Erasmus Valencia groups and Erasmus Barcelona groups.<\/li>\n<\/ul>\n\n<p>If you are looking for a group-only experience, we invite you to visit our partner\u00a0<a href=\"https:\/\/travelingroup.com\/\" target=\"_blank\" rel=\"noreferrer noopener\">Travel in Group<\/a>\u00a0(From there they will help you)<\/p>\n\n<figure data-wp-context=\"{&quot;imageId&quot;:&quot;69e526659dfa2&quot;}\" data-wp-interactive=\"core\/image\" data-wp-key=\"69e526659dfa2\" class=\"wp-block-image size-full wp-lightbox-container\"><img fetchpriority=\"high\" decoding=\"async\" width=\"960\" height=\"650\" data-wp-class--hide=\"state.isContentHidden\" data-wp-class--show=\"state.isContentVisible\" data-wp-init=\"callbacks.setButtonStyles\" data-wp-on--click=\"actions.showLightbox\" data-wp-on--load=\"callbacks.setButtonStyles\" data-wp-on-window--resize=\"callbacks.setButtonStyles\" src=\"https:\/\/feetuphostels.com\/wp-content\/uploads\/2017\/01\/about-us01.jpg\" alt=\"Travel in Group by Feet Up Hostels\" class=\"wp-image-1994\" srcset=\"https:\/\/feetuphostels.com\/wp-content\/uploads\/2017\/01\/about-us01.jpg 960w, https:\/\/feetuphostels.com\/wp-content\/uploads\/2017\/01\/about-us01-300x203.jpg 300w, https:\/\/feetuphostels.com\/wp-content\/uploads\/2017\/01\/about-us01-768x520.jpg 768w, https:\/\/feetuphostels.com\/wp-content\/uploads\/2017\/01\/about-us01-216x146.jpg 216w, https:\/\/feetuphostels.com\/wp-content\/uploads\/2017\/01\/about-us01-50x34.jpg 50w, https:\/\/feetuphostels.com\/wp-content\/uploads\/2017\/01\/about-us01-111x75.jpg 111w\" sizes=\"(max-width: 960px) 100vw, 960px\" \/><button\n\t\t\tclass=\"lightbox-trigger\"\n\t\t\ttype=\"button\"\n\t\t\taria-haspopup=\"dialog\"\n\t\t\taria-label=\"Agrandir\"\n\t\t\tdata-wp-init=\"callbacks.initTriggerButton\"\n\t\t\tdata-wp-on--click=\"actions.showLightbox\"\n\t\t\tdata-wp-style--right=\"state.imageButtonRight\"\n\t\t\tdata-wp-style--top=\"state.imageButtonTop\"\n\t\t>\n\t\t\t<svg xmlns=\"http:\/\/www.w3.org\/2000\/svg\" width=\"12\" height=\"12\" fill=\"none\" viewBox=\"0 0 12 12\">\n\t\t\t\t<path fill=\"#fff\" d=\"M2 0a2 2 0 0 0-2 2v2h1.5V2a.5.5 0 0 1 .5-.5h2V0H2Zm2 10.5H2a.5.5 0 0 1-.5-.5V8H0v2a2 2 0 0 0 2 2h2v-1.5ZM8 12v-1.5h2a.5.5 0 0 0 .5-.5V8H12v2a2 2 0 0 1-2 2H8Zm2-12a2 2 0 0 1 2 2v2h-1.5V2a.5.5 0 0 0-.5-.5H8V0h2Z\" \/>\n\t\t\t<\/svg>\n\t\t<\/button><figcaption class=\"wp-element-caption\">Travel in Group by Feet Up Hostels<\/figcaption><\/figure>\n","protected":false},"excerpt":{"rendered":"<p>Feet Up Hostels et h\u00e9bergements \u00e0 Barcelone, Valencia. Lits de \u20ac10. Auberges de jeunesse les moins chers pour les voyageurs en Espagne. Sp\u00e9cialistes de la convivialit\u00e9. R\u00e9servation directe et \u00e9conomise jusqu&rsquo;\u00e0 20% dans le prix final de votre lit \u00e0 Barcelone, Valence et S\u00e9ville. Pas de co\u00fbt cach\u00e9. H\u00e9bergement bon march\u00e9 pour les voyageurs en Espagne. Les meilleures auberges \u00e0 Barcelone et Valence qui font partie du groupe Feetup auberges Espa\u00f1a, Nest Hostel Valencia et Home auberges Valencia<\/p>\n","protected":false},"author":13,"featured_media":0,"parent":0,"menu_order":0,"comment_status":"closed","ping_status":"closed","template":"","meta":{"footnotes":""},"class_list":["post-220289","page","type-page","status-publish","hentry"],"yoast_head":"<!-- This site is optimized with the Yoast SEO plugin v27.4 - https:\/\/yoast.com\/product\/yoast-seo-wordpress\/ -->\n<title>Feet Up Hostels \ud83d\udecc Accommodation H\u00e9bergement pour les voyageurs en Espagne<\/title>\n<meta name=\"description\" content=\"Feet Up Auberges de jeunesse et h\u00e9bergement \u00e0 Barcelone, Valence. Lits \u00e0 partir de 10\u20ac. Auberges de jeunesse les moins ch\u00e8res pour les voyageurs. Sp\u00e9cialistes de la Convivialit\u00e9\" \/>\n<meta name=\"robots\" content=\"index, follow, max-snippet:-1, max-image-preview:large, max-video-preview:-1\" \/>\n<link rel=\"canonical\" href=\"https:\/\/feetuphostels.com\/fr\/\" \/>\n<meta property=\"og:locale\" content=\"fr_FR\" \/>\n<meta property=\"og:type\" content=\"article\" \/>\n<meta property=\"og:title\" content=\"Feet Up Hostels \ud83d\udecc Accommodation H\u00e9bergement pour les voyageurs en Espagne\" \/>\n<meta property=\"og:description\" content=\"Feet Up Auberges de jeunesse et h\u00e9bergement \u00e0 Barcelone, Valence. Lits \u00e0 partir de 10\u20ac. Auberges de jeunesse les moins ch\u00e8res pour les voyageurs. Sp\u00e9cialistes de la Convivialit\u00e9\" \/>\n<meta property=\"og:url\" content=\"https:\/\/feetuphostels.com\/fr\/\" \/>\n<meta property=\"og:site_name\" content=\"Feet Up Hostels\" \/>\n<meta property=\"article:publisher\" content=\"https:\/\/facebook.com\/feetuphostelsgroup\" \/>\n<meta property=\"article:modified_time\" content=\"2024-11-01T15:03:41+00:00\" \/>\n<meta property=\"og:image\" content=\"https:\/\/feetuphostels.com\/wp-content\/uploads\/2017\/01\/about-us01.jpg\" \/>\n\t<meta property=\"og:image:width\" content=\"960\" \/>\n\t<meta property=\"og:image:height\" content=\"650\" \/>\n\t<meta property=\"og:image:type\" content=\"image\/jpeg\" \/>\n<meta name=\"twitter:card\" content=\"summary_large_image\" \/>\n<meta name=\"twitter:site\" content=\"@feetuphostels\" \/>\n<meta name=\"twitter:label1\" content=\"Dur\u00e9e de lecture estim\u00e9e\" \/>\n\t<meta name=\"twitter:data1\" content=\"4 minutes\" \/>\n<script type=\"application\/ld+json\" class=\"yoast-schema-graph\">{\"@context\":\"https:\\\/\\\/schema.org\",\"@graph\":[{\"@type\":\"WebPage\",\"@id\":\"https:\\\/\\\/feetuphostels.com\\\/fr\\\/\",\"url\":\"https:\\\/\\\/feetuphostels.com\\\/fr\\\/\",\"name\":\"Feet Up Hostels \ud83d\udecc Accommodation H\u00e9bergement pour les voyageurs en Espagne\",\"isPartOf\":{\"@id\":\"https:\\\/\\\/feetuphostels.com\\\/fr\\\/#website\"},\"primaryImageOfPage\":{\"@id\":\"https:\\\/\\\/feetuphostels.com\\\/fr\\\/#primaryimage\"},\"image\":{\"@id\":\"https:\\\/\\\/feetuphostels.com\\\/fr\\\/#primaryimage\"},\"thumbnailUrl\":\"https:\\\/\\\/feetuphostels.com\\\/wp-content\\\/uploads\\\/2017\\\/01\\\/about-us01.jpg\",\"datePublished\":\"2024-03-28T10:24:58+00:00\",\"dateModified\":\"2024-11-01T15:03:41+00:00\",\"description\":\"Feet Up Auberges de jeunesse et h\u00e9bergement \u00e0 Barcelone, Valence. Lits \u00e0 partir de 10\u20ac. Auberges de jeunesse les moins ch\u00e8res pour les voyageurs. Sp\u00e9cialistes de la Convivialit\u00e9\",\"breadcrumb\":{\"@id\":\"https:\\\/\\\/feetuphostels.com\\\/fr\\\/#breadcrumb\"},\"inLanguage\":\"fr-FR\",\"potentialAction\":[{\"@type\":\"ReadAction\",\"target\":[\"https:\\\/\\\/feetuphostels.com\\\/fr\\\/\"]}]},{\"@type\":\"ImageObject\",\"inLanguage\":\"fr-FR\",\"@id\":\"https:\\\/\\\/feetuphostels.com\\\/fr\\\/#primaryimage\",\"url\":\"https:\\\/\\\/feetuphostels.com\\\/wp-content\\\/uploads\\\/2017\\\/01\\\/about-us01.jpg\",\"contentUrl\":\"https:\\\/\\\/feetuphostels.com\\\/wp-content\\\/uploads\\\/2017\\\/01\\\/about-us01.jpg\"},{\"@type\":\"BreadcrumbList\",\"@id\":\"https:\\\/\\\/feetuphostels.com\\\/fr\\\/#breadcrumb\",\"itemListElement\":[{\"@type\":\"ListItem\",\"position\":1,\"name\":\"Home\",\"item\":\"https:\\\/\\\/feetuphostels.com\\\/fr\\\/\"},{\"@type\":\"ListItem\",\"position\":2,\"name\":\"Feet Up Hostels\"}]},{\"@type\":\"WebSite\",\"@id\":\"https:\\\/\\\/feetuphostels.com\\\/fr\\\/#website\",\"url\":\"https:\\\/\\\/feetuphostels.com\\\/fr\\\/\",\"name\":\"Feet Up Hostels\",\"description\":\"Auberges de jeunesse et h\u00e9bergement \u00e0 Valence, Espagne. Nous sommes des sp\u00e9cialistes de la convivialit\u00e9\",\"publisher\":{\"@id\":\"https:\\\/\\\/feetuphostels.com\\\/fr\\\/#organization\"},\"alternateName\":\"Feet Up Hostels\",\"potentialAction\":[{\"@type\":\"SearchAction\",\"target\":{\"@type\":\"EntryPoint\",\"urlTemplate\":\"https:\\\/\\\/feetuphostels.com\\\/fr\\\/?s={search_term_string}\"},\"query-input\":{\"@type\":\"PropertyValueSpecification\",\"valueRequired\":true,\"valueName\":\"search_term_string\"}}],\"inLanguage\":\"fr-FR\"},{\"@type\":\"Organization\",\"@id\":\"https:\\\/\\\/feetuphostels.com\\\/fr\\\/#organization\",\"name\":\"Feet Up Hostels\",\"alternateName\":\"Feet Up Hostels\",\"url\":\"https:\\\/\\\/feetuphostels.com\\\/fr\\\/\",\"logo\":{\"@type\":\"ImageObject\",\"inLanguage\":\"fr-FR\",\"@id\":\"https:\\\/\\\/feetuphostels.com\\\/fr\\\/#\\\/schema\\\/logo\\\/image\\\/\",\"url\":\"https:\\\/\\\/feetuphostels.com\\\/wp-content\\\/uploads\\\/2019\\\/01\\\/logo-web-amp-feetuphostels.svg\",\"contentUrl\":\"https:\\\/\\\/feetuphostels.com\\\/wp-content\\\/uploads\\\/2019\\\/01\\\/logo-web-amp-feetuphostels.svg\",\"width\":1,\"height\":1,\"caption\":\"Feet Up Hostels\"},\"image\":{\"@id\":\"https:\\\/\\\/feetuphostels.com\\\/fr\\\/#\\\/schema\\\/logo\\\/image\\\/\"},\"sameAs\":[\"https:\\\/\\\/facebook.com\\\/feetuphostelsgroup\",\"https:\\\/\\\/x.com\\\/feetuphostels\",\"https:\\\/\\\/www.instagram.com\\\/feetuphostels\\\/\",\"https:\\\/\\\/www.tiktok.com\\\/@feetuphostels\",\"https:\\\/\\\/www.linkedin.com\\\/company\\\/feetuphostelsgroup\\\/\",\"https:\\\/\\\/www.pinterest.es\\\/FeetupHostels\\\/\",\"https:\\\/\\\/www.youtube.com\\\/feetuphostels\"]}]}<\/script>\n<!-- \/ Yoast SEO plugin. -->","yoast_head_json":{"title":"Feet Up Hostels \ud83d\udecc Accommodation H\u00e9bergement pour les voyageurs en Espagne","description":"Feet Up Auberges de jeunesse et h\u00e9bergement \u00e0 Barcelone, Valence. Lits \u00e0 partir de 10\u20ac. Auberges de jeunesse les moins ch\u00e8res pour les voyageurs. Sp\u00e9cialistes de la Convivialit\u00e9","robots":{"index":"index","follow":"follow","max-snippet":"max-snippet:-1","max-image-preview":"max-image-preview:large","max-video-preview":"max-video-preview:-1"},"canonical":"https:\/\/feetuphostels.com\/fr\/","og_locale":"fr_FR","og_type":"article","og_title":"Feet Up Hostels \ud83d\udecc Accommodation H\u00e9bergement pour les voyageurs en Espagne","og_description":"Feet Up Auberges de jeunesse et h\u00e9bergement \u00e0 Barcelone, Valence. Lits \u00e0 partir de 10\u20ac. Auberges de jeunesse les moins ch\u00e8res pour les voyageurs. Sp\u00e9cialistes de la Convivialit\u00e9","og_url":"https:\/\/feetuphostels.com\/fr\/","og_site_name":"Feet Up Hostels","article_publisher":"https:\/\/facebook.com\/feetuphostelsgroup","article_modified_time":"2024-11-01T15:03:41+00:00","og_image":[{"width":960,"height":650,"url":"https:\/\/feetuphostels.com\/wp-content\/uploads\/2017\/01\/about-us01.jpg","type":"image\/jpeg"}],"twitter_card":"summary_large_image","twitter_site":"@feetuphostels","twitter_misc":{"Dur\u00e9e de lecture estim\u00e9e":"4 minutes"},"schema":{"@context":"https:\/\/schema.org","@graph":[{"@type":"WebPage","@id":"https:\/\/feetuphostels.com\/fr\/","url":"https:\/\/feetuphostels.com\/fr\/","name":"Feet Up Hostels \ud83d\udecc Accommodation H\u00e9bergement pour les voyageurs en Espagne","isPartOf":{"@id":"https:\/\/feetuphostels.com\/fr\/#website"},"primaryImageOfPage":{"@id":"https:\/\/feetuphostels.com\/fr\/#primaryimage"},"image":{"@id":"https:\/\/feetuphostels.com\/fr\/#primaryimage"},"thumbnailUrl":"https:\/\/feetuphostels.com\/wp-content\/uploads\/2017\/01\/about-us01.jpg","datePublished":"2024-03-28T10:24:58+00:00","dateModified":"2024-11-01T15:03:41+00:00","description":"Feet Up Auberges de jeunesse et h\u00e9bergement \u00e0 Barcelone, Valence. Lits \u00e0 partir de 10\u20ac. Auberges de jeunesse les moins ch\u00e8res pour les voyageurs. Sp\u00e9cialistes de la Convivialit\u00e9","breadcrumb":{"@id":"https:\/\/feetuphostels.com\/fr\/#breadcrumb"},"inLanguage":"fr-FR","potentialAction":[{"@type":"ReadAction","target":["https:\/\/feetuphostels.com\/fr\/"]}]},{"@type":"ImageObject","inLanguage":"fr-FR","@id":"https:\/\/feetuphostels.com\/fr\/#primaryimage","url":"https:\/\/feetuphostels.com\/wp-content\/uploads\/2017\/01\/about-us01.jpg","contentUrl":"https:\/\/feetuphostels.com\/wp-content\/uploads\/2017\/01\/about-us01.jpg"},{"@type":"BreadcrumbList","@id":"https:\/\/feetuphostels.com\/fr\/#breadcrumb","itemListElement":[{"@type":"ListItem","position":1,"name":"Home","item":"https:\/\/feetuphostels.com\/fr\/"},{"@type":"ListItem","position":2,"name":"Feet Up Hostels"}]},{"@type":"WebSite","@id":"https:\/\/feetuphostels.com\/fr\/#website","url":"https:\/\/feetuphostels.com\/fr\/","name":"Feet Up Hostels","description":"Auberges de jeunesse et h\u00e9bergement \u00e0 Valence, Espagne. Nous sommes des sp\u00e9cialistes de la convivialit\u00e9","publisher":{"@id":"https:\/\/feetuphostels.com\/fr\/#organization"},"alternateName":"Feet Up Hostels","potentialAction":[{"@type":"SearchAction","target":{"@type":"EntryPoint","urlTemplate":"https:\/\/feetuphostels.com\/fr\/?s={search_term_string}"},"query-input":{"@type":"PropertyValueSpecification","valueRequired":true,"valueName":"search_term_string"}}],"inLanguage":"fr-FR"},{"@type":"Organization","@id":"https:\/\/feetuphostels.com\/fr\/#organization","name":"Feet Up Hostels","alternateName":"Feet Up Hostels","url":"https:\/\/feetuphostels.com\/fr\/","logo":{"@type":"ImageObject","inLanguage":"fr-FR","@id":"https:\/\/feetuphostels.com\/fr\/#\/schema\/logo\/image\/","url":"https:\/\/feetuphostels.com\/wp-content\/uploads\/2019\/01\/logo-web-amp-feetuphostels.svg","contentUrl":"https:\/\/feetuphostels.com\/wp-content\/uploads\/2019\/01\/logo-web-amp-feetuphostels.svg","width":1,"height":1,"caption":"Feet Up Hostels"},"image":{"@id":"https:\/\/feetuphostels.com\/fr\/#\/schema\/logo\/image\/"},"sameAs":["https:\/\/facebook.com\/feetuphostelsgroup","https:\/\/x.com\/feetuphostels","https:\/\/www.instagram.com\/feetuphostels\/","https:\/\/www.tiktok.com\/@feetuphostels","https:\/\/www.linkedin.com\/company\/feetuphostelsgroup\/","https:\/\/www.pinterest.es\/FeetupHostels\/","https:\/\/www.youtube.com\/feetuphostels"]}]}},"_links":{"self":[{"href":"https:\/\/feetuphostels.com\/fr\/wp-json\/wp\/v2\/pages\/220289","targetHints":{"allow":["GET"]}}],"collection":[{"href":"https:\/\/feetuphostels.com\/fr\/wp-json\/wp\/v2\/pages"}],"about":[{"href":"https:\/\/feetuphostels.com\/fr\/wp-json\/wp\/v2\/types\/page"}],"author":[{"embeddable":true,"href":"https:\/\/feetuphostels.com\/fr\/wp-json\/wp\/v2\/users\/13"}],"replies":[{"embeddable":true,"href":"https:\/\/feetuphostels.com\/fr\/wp-json\/wp\/v2\/comments?post=220289"}],"version-history":[{"count":0,"href":"https:\/\/feetuphostels.com\/fr\/wp-json\/wp\/v2\/pages\/220289\/revisions"}],"wp:attachment":[{"href":"https:\/\/feetuphostels.com\/fr\/wp-json\/wp\/v2\/media?parent=220289"}],"curies":[{"name":"wp","href":"https:\/\/api.w.org\/{rel}","templated":true}]}}